{"id":117671,"date":"2016-05-23T12:03:26","date_gmt":"2016-05-23T10:03:26","guid":{"rendered":"https:\/\/stickerdeco.fr\/ueber-uns-sticker-made-in-france\/"},"modified":"2026-02-28T13:24:27","modified_gmt":"2026-02-28T12:24:27","slug":"ueber-uns-sticker-made-in-france","status":"publish","type":"page","link":"https:\/\/stickerdeco.fr\/de\/ueber-uns-sticker-made-in-france\/","title":{"rendered":"\u00dcber uns | Sticker made in France"},"content":{"rendered":"<div class=\"wpb-content-wrapper\"><p>[vc_row full_width=&#8220;stretch_row&#8220; equal_height=&#8220;yes&#8220; content_placement=&#8220;middle&#8220; css=&#8220;.vc_custom_1464337803007{margin-top: -2em !important;padding-top: 5vw !important;padding-bottom: 5vw !important;}&#8220;][vc_column width=&#8220;1\/2&#8243; css=&#8220;.vc_custom_1451920811151{padding-right: 7em !important;}&#8220;][vc_column_text el_class=&#8220;about-us-text&#8220; css=&#8220;.vc_custom_1569487225434{margin-bottom: 0px !important;}&#8220;]<\/p>\n<h2 style=\"text-align: left;\"><b>STICKER<\/b>DECO.FR<\/h2>\n<p style=\"text-align: left;\">die Stickerfabrik made in France<\/p>\n<p>[\/vc_column_text][\/vc_column][vc_column width=&#8220;1\/2&#8243;][vc_custom_heading text=&#8220;DAS ERGEBNIS EINER TEAMARBEIT&#8220; font_container=&#8220;tag:h3|font_size:24px|text_align:left|color:%231c1a19|line_height:30px&#8220; google_fonts=&#8220;font_family:Lato%3A100%2C100italic%2C300%2C300italic%2Cregular%2Citalic%2C700%2C700italic%2C900%2C900italic|font_style:900%20bold%20regular%3A900%3Anormal&#8220; css=&#8220;.vc_custom_1569487210829{margin-bottom: 0px !important;}&#8220;][vc_column_text css=&#8220;.vc_custom_1513029745543{margin-bottom: 0px !important;}&#8220;]<\/p>\n<p style=\"text-align: left;\">Dieser Shop ist das Ergebnis einer Teamarbeit zwischen einem 2011 gegr\u00fcndeten kleinen Unternehmen, das auf die Herstellung von Stickern f\u00fcr Profis spezialisiert ist (Fahrzeuge, Beschilderung, Ladendekoration, \u2026), und zwei freiberuflichen Unternehmern. Diese Zusammenarbeit hat es erm\u00f6glicht, v\u00f6llig unterschiedliche Welten zu vereinen und verschiedene Interessen zu verbinden.<\/p>\n<p>[\/vc_column_text][\/vc_column][\/vc_row][vc_row css=&#8220;.vc_custom_1464337871215{border-top-width: 1px !important;padding-top: 5vw !important;border-top-color: #e6e6e6 !important;border-top-style: solid !important;}&#8220;][vc_column width=&#8220;1\/4&#8243;][\/vc_column][vc_column width=&#8220;1\/2&#8243; css=&#8220;.vc_custom_1464337876029{padding-top: 0px !important;}&#8220;][vc_custom_heading text=&#8220;BEI STICKERDECO&#8220; font_container=&#8220;tag:h3|font_size:40|text_align:center|color:%231c1a19&#8243; google_fonts=&#8220;font_family:Lato%3A100%2C100italic%2C300%2C300italic%2Cregular%2Citalic%2C700%2C700italic%2C900%2C900italic|font_style:900%20bold%20regular%3A900%3Anormal&#8220;][vc_column_text]<\/p>\n<p style=\"text-align: center;\">Unser Ziel ist es, Ihnen einen hochwertigen Service sowie sehr gut verarbeitete Produkte anzubieten, die Ihnen gefallen und die Sie nicht so leicht finden.<\/p>\n<p>[\/vc_column_text][\/vc_column][vc_column width=&#8220;1\/4&#8243;][\/vc_column][\/vc_row][vc_row css=&#8220;.vc_custom_1473927134956{padding-bottom: 3em !important;}&#8220;][vc_column width=&#8220;1\/3&#8243;]        <link rel=\"stylesheet\" href=\"https:\/\/stickerdeco.fr\/wp-content\/themes\/xstore\/css\/modules\/builders\/icon-boxes.css?ver=0.0.1\" type=\"text\/css\" media=\"all\" \/> \t\t\n\t\t<div\n                class=\"ibox-block  box-1508 icon-left align-left design-3 table\"\n                        >\n\t\t\t\t\t\t\t<div class=\"ibox-symbol\">\n\t\t\t\t\t<i class=\"fa fa-cart-arrow-down\"><\/i>\t\t\t\t<\/div>\n\t\t\t\n\t\t\t<div class=\"ibox-content\">\n\t\t\t\t<h3 class=\"text-uppercase\">Einfachheit<\/h3>\n\t\t\t\t\t\t\t\t\t<div class=\"ibox-text\">\n\t\t\t\t\t\tEin sehr hochwertiger Klebstoff bedeutet f\u00fcr Sie eine einfache, blasenfreie Verklebung.\t\t\t\t\t<\/div>\n\t\t\t\t\n\t\t\t\t\t\t\t<\/div>\n\n\t\t\t\n\t\t<\/div>\n\n\t\t[\/vc_column][vc_column width=&#8220;1\/3&#8243;]        <link rel=\"stylesheet\" href=\"https:\/\/stickerdeco.fr\/wp-content\/themes\/xstore\/css\/modules\/builders\/icon-boxes.css?ver=0.0.1\" type=\"text\/css\" media=\"all\" \/> \t\t\n\t\t<div\n                class=\"ibox-block  box-5945 icon-left align-left design-3 table\"\n                        >\n\t\t\t\t\t\t\t<div class=\"ibox-symbol\">\n\t\t\t\t\t<i class=\"fa fa-fighter-jet\"><\/i>\t\t\t\t<\/div>\n\t\t\t\n\t\t\t<div class=\"ibox-content\">\n\t\t\t\t<h3 class=\"text-uppercase\">Schnelligkeit<\/h3>\n\t\t\t\t\t\t\t\t\t<div class=\"ibox-text\">\n\t\t\t\t\t\tBestellungen auf <a href=\"https:\/\/stickerdeco.fr\/de\/\">StickerDeco.fr<\/a> werden innerhalb von 24 Stunden von Montag bis Freitag (au\u00dfer an Feiertagen) bearbeitet.\t\t\t\t\t<\/div>\n\t\t\t\t\n\t\t\t\t\t\t\t<\/div>\n\n\t\t\t\n\t\t<\/div>\n\n\t\t[\/vc_column][vc_column width=&#8220;1\/3&#8243;]        <link rel=\"stylesheet\" href=\"https:\/\/stickerdeco.fr\/wp-content\/themes\/xstore\/css\/modules\/builders\/icon-boxes.css?ver=0.0.1\" type=\"text\/css\" media=\"all\" \/> \t\t\n\t\t<div\n                class=\"ibox-block  box-3720 icon-left align-left design-3 table\"\n                        >\n\t\t\t\t\t\t\t<div class=\"ibox-symbol\">\n\t\t\t\t\t<i class=\"fa fa-industry\"><\/i>\t\t\t\t<\/div>\n\t\t\t\n\t\t\t<div class=\"ibox-content\">\n\t\t\t\t<h3 class=\"text-uppercase\">Made in France<\/h3>\n\t\t\t\t\t\t\t\t\t<div class=\"ibox-text\">\n\t\t\t\t\t\tWir fertigen alle auf unserer Website verkauften Produkte selbst \u2013 mit unseren Maschinen in unseren R\u00e4umlichkeiten in Frankreich.\t\t\t\t\t<\/div>\n\t\t\t\t\n\t\t\t\t\t\t\t<\/div>\n\n\t\t\t\n\t\t<\/div>\n\n\t\t[\/vc_column][\/vc_row][vc_row css=&#8220;.vc_custom_1451980442637{padding-bottom: 6em !important;}&#8220;][vc_column width=&#8220;1\/3&#8243; css=&#8220;.vc_custom_1473927097567{padding-top: 35px !important;}&#8220;]        <link rel=\"stylesheet\" href=\"https:\/\/stickerdeco.fr\/wp-content\/themes\/xstore\/css\/modules\/builders\/icon-boxes.css?ver=0.0.1\" type=\"text\/css\" media=\"all\" \/> \t\t\n\t\t<div\n                class=\"ibox-block  box-6156 icon-left align-left design-3 table\"\n                        >\n\t\t\t\t\t\t\t<div class=\"ibox-symbol\">\n\t\t\t\t\t<i class=\"fa fa-truck\"><\/i>\t\t\t\t<\/div>\n\t\t\t\n\t\t\t<div class=\"ibox-content\">\n\t\t\t\t<h3 class=\"text-uppercase\">Kostenlose Lieferung*<\/h3>\n\t\t\t\t\t\t\t\t\t<div class=\"ibox-text\">\n\t\t\t\t\t\tKostenloser Versand ab 69 \u20ac mit Chronopost, Colissimo oder Mondial Relay.\t\t\t\t\t<\/div>\n\t\t\t\t\n\t\t\t\t\t\t\t<\/div>\n\n\t\t\t\n\t\t<\/div>\n\n\t\t[\/vc_column][vc_column width=&#8220;1\/3&#8243; css=&#8220;.vc_custom_1473927104519{padding-top: 35px !important;}&#8220;]        <link rel=\"stylesheet\" href=\"https:\/\/stickerdeco.fr\/wp-content\/themes\/xstore\/css\/modules\/builders\/icon-boxes.css?ver=0.0.1\" type=\"text\/css\" media=\"all\" \/> \t\t\n\t\t<div\n                class=\"ibox-block  box-4261 icon-left align-left table\"\n                        >\n\t\t\t\t\t\t\t<div class=\"ibox-symbol\">\n\t\t\t\t\t<i class=\"fa fa-shield\"><\/i>\t\t\t\t<\/div>\n\t\t\t\n\t\t\t<div class=\"ibox-content\">\n\t\t\t\t<h3 class=\"text-uppercase\">Sichere Zahlung<\/h3>\n\t\t\t\t\t\t\t\t\t<div class=\"ibox-text\">\n\t\t\t\t\t\t<a href=\"https:\/\/www.paypal.fr\">PayPal<\/a> bietet Ihnen mehr als 10 Jahre Erfahrung mit sicheren Online-Zahlungen.\t\t\t\t\t<\/div>\n\t\t\t\t\n\t\t\t\t\t\t\t<\/div>\n\n\t\t\t\n\t\t<\/div>\n\n\t\t[\/vc_column][vc_column width=&#8220;1\/3&#8243; css=&#8220;.vc_custom_1473927109358{padding-top: 35px !important;}&#8220;]        <link rel=\"stylesheet\" href=\"https:\/\/stickerdeco.fr\/wp-content\/themes\/xstore\/css\/modules\/builders\/icon-boxes.css?ver=0.0.1\" type=\"text\/css\" media=\"all\" \/> \t\t\n\t\t<div\n                class=\"ibox-block  box-4049 icon-left align-left table\"\n                        >\n\t\t\t\t\t\t\t<div class=\"ibox-symbol\">\n\t\t\t\t\t<i class=\"fa fa-users\"><\/i>\t\t\t\t<\/div>\n\t\t\t\n\t\t\t<div class=\"ibox-content\">\n\t\t\t\t<h3 class=\"text-uppercase\">Menschliche Gr\u00f6\u00dfe<\/h3>\n\t\t\t\t\t\t\t\t\t<div class=\"ibox-text\">\n\t\t\t\t\t\tWir m\u00f6chten Sie daran erinnern, dass wir ein kleines franz\u00f6sisches Unternehmen mit einem \u00fcberschaubaren Team sind.\t\t\t\t\t<\/div>\n\t\t\t\t\n\t\t\t\t\t\t\t<\/div>\n\n\t\t\t\n\t\t<\/div>\n\n\t\t[\/vc_column][\/vc_row][vc_row css=&#8220;.vc_custom_1464337892459{margin-bottom: 35px !important;border-top-width: 1px !important;padding-top: 5vw !important;border-top-color: #e6e6e6 !important;border-top-style: solid !important;}&#8220;][vc_column width=&#8220;1\/4&#8243;][\/vc_column][vc_column width=&#8220;1\/2&#8243; css=&#8220;.vc_custom_1464337880758{padding-top: 0px !important;}&#8220;][vc_custom_heading text=&#8220;Unsere Partner&#8220; font_container=&#8220;tag:h3|font_size:40|text_align:center|color:%231c1a19&#8243; google_fonts=&#8220;font_family:Lato%3A100%2C100italic%2C300%2C300italic%2Cregular%2Citalic%2C700%2C700italic%2C900%2C900italic|font_style:900%20bold%20regular%3A900%3Anormal&#8220;][vc_column_text]<\/p>\n<p style=\"text-align: center;\">Entdecken Sie alle Partner von StickerDeco.fr. Sie begleiten uns bei unseren Aktionen.<\/p>\n<p>[\/vc_column_text][\/vc_column][vc_column width=&#8220;1\/4&#8243;][\/vc_column][\/vc_row][vc_row][vc_column css=&#8220;.vc_custom_1461856103851{padding-top: 20px !important;}&#8220;][vc_images_carousel images=&#8220;117674,117675,117676,117672,117673&#8243; img_size=&#8220;350&#215;200&#8243; onclick=&#8220;link_no&#8220; speed=&#8220;4000&#8243; slides_per_view=&#8220;3&#8243; autoplay=&#8220;yes&#8220; wrap=&#8220;yes&#8220;][\/vc_column][\/vc_row]<\/p>\n<\/div>","protected":false},"excerpt":{"rendered":"<p>[vc_row full_width=&#8220;stretch_row&#8220; equal_height=&#8220;yes&#8220; content_placement=&#8220;middle&#8220; css=&#8220;.vc_custom_1464337803007{margin-top: -2em !important;padding-top: 5vw !important;padding-bottom: 5vw !important;}&#8220;][vc_column width=&#8220;1\/2&#8243; css=&#8220;.vc_custom_1451920811151{padding-right: 7em !important;}&#8220;][vc_column_text&#8230;<\/p>\n","protected":false},"author":1,"featured_media":117505,"parent":0,"menu_order":0,"comment_status":"closed","ping_status":"closed","template":"","meta":{"footnotes":""},"class_list":["post-117671","page","type-page","status-publish","has-post-thumbnail","hentry"],"yoast_head":"<!-- This site is optimized with the Yoast SEO Premium plugin v27.3 (Yoast SEO v27.3) - https:\/\/yoast.com\/product\/yoast-seo-premium-wordpress\/ -->\n<title>Sticker made in France - \u00dcber uns | StickerDeco.fr<\/title>\n<meta name=\"description\" content=\"STICKER DECO.FR, die Stickerfabrik made in France. Dieser Shop ist das Ergebnis einer Teamarbeit zwischen einem 2011 gegr\u00fcndeten KMU, das auf die Herstellung von Stickern f\u00fcr Profis spezialisiert ist (Fahrzeuge, Beschilderung, Ladendekoration, \u2026), und zwei freiberuflichen Unternehmern. Diese Zusammenarbeit...\" \/>\n<meta name=\"robots\" content=\"index, follow, max-snippet:-1, max-image-preview:large, max-video-preview:-1\" \/>\n<link rel=\"canonical\" href=\"https:\/\/stickerdeco.fr\/de\/ueber-uns-sticker-made-in-france\/\" \/>\n<meta property=\"og:locale\" content=\"de_DE\" \/>\n<meta property=\"og:type\" content=\"article\" \/>\n<meta property=\"og:title\" content=\"\u00dcber uns | Sticker made in France\" \/>\n<meta property=\"og:description\" content=\"STICKER DECO.FR, die Stickerfabrik made in France. Dieser Shop ist das Ergebnis einer Teamarbeit zwischen einem 2011 gegr\u00fcndeten KMU, das auf die Herstellung von Stickern f\u00fcr Profis spezialisiert ist (Fahrzeuge, Beschilderung, Ladendekoration, \u2026), und zwei freiberuflichen Unternehmern. Diese Zusammenarbeit...\" \/>\n<meta property=\"og:url\" content=\"https:\/\/stickerdeco.fr\/de\/ueber-uns-sticker-made-in-france\/\" \/>\n<meta property=\"og:site_name\" content=\"Sticker Deco\" \/>\n<meta property=\"article:publisher\" content=\"https:\/\/www.facebook.com\/stickerdeco.fr\/\" \/>\n<meta property=\"article:modified_time\" content=\"2026-02-28T12:24:27+00:00\" \/>\n<meta property=\"og:image\" content=\"https:\/\/stickerdeco.fr\/wp-content\/uploads\/2016\/05\/slim-header-stickerdeco.jpg\" \/>\n\t<meta property=\"og:image:width\" content=\"1903\" \/>\n\t<meta property=\"og:image:height\" content=\"136\" \/>\n\t<meta property=\"og:image:type\" content=\"image\/jpeg\" \/>\n<meta name=\"twitter:card\" content=\"summary_large_image\" \/>\n<meta name=\"twitter:label1\" content=\"Gesch\u00e4tzte Lesezeit\" \/>\n\t<meta name=\"twitter:data1\" content=\"3\u00a0Minute\" \/>\n<script type=\"application\/ld+json\" class=\"yoast-schema-graph\">{\"@context\":\"https:\\\/\\\/schema.org\",\"@graph\":[{\"@type\":\"WebPage\",\"@id\":\"https:\\\/\\\/stickerdeco.fr\\\/de\\\/ueber-uns-sticker-made-in-france\\\/\",\"url\":\"https:\\\/\\\/stickerdeco.fr\\\/de\\\/ueber-uns-sticker-made-in-france\\\/\",\"name\":\"Sticker made in France - \u00dcber uns | StickerDeco.fr\",\"isPartOf\":{\"@id\":\"https:\\\/\\\/stickerdeco.fr\\\/de\\\/#website\"},\"primaryImageOfPage\":{\"@id\":\"https:\\\/\\\/stickerdeco.fr\\\/de\\\/ueber-uns-sticker-made-in-france\\\/#primaryimage\"},\"image\":{\"@id\":\"https:\\\/\\\/stickerdeco.fr\\\/de\\\/ueber-uns-sticker-made-in-france\\\/#primaryimage\"},\"thumbnailUrl\":\"https:\\\/\\\/stickerdeco.fr\\\/wp-content\\\/uploads\\\/2016\\\/05\\\/slim-header-stickerdeco.jpg\",\"datePublished\":\"2016-05-23T10:03:26+00:00\",\"dateModified\":\"2026-02-28T12:24:27+00:00\",\"description\":\"STICKER DECO.FR, die Stickerfabrik made in France. Dieser Shop ist das Ergebnis einer Teamarbeit zwischen einem 2011 gegr\u00fcndeten KMU, das auf die Herstellung von Stickern f\u00fcr Profis spezialisiert ist (Fahrzeuge, Beschilderung, Ladendekoration, \u2026), und zwei freiberuflichen Unternehmern. Diese Zusammenarbeit...\",\"breadcrumb\":{\"@id\":\"https:\\\/\\\/stickerdeco.fr\\\/de\\\/ueber-uns-sticker-made-in-france\\\/#breadcrumb\"},\"inLanguage\":\"de\",\"potentialAction\":[{\"@type\":\"ReadAction\",\"target\":[\"https:\\\/\\\/stickerdeco.fr\\\/de\\\/ueber-uns-sticker-made-in-france\\\/\"]}]},{\"@type\":\"ImageObject\",\"inLanguage\":\"de\",\"@id\":\"https:\\\/\\\/stickerdeco.fr\\\/de\\\/ueber-uns-sticker-made-in-france\\\/#primaryimage\",\"url\":\"https:\\\/\\\/stickerdeco.fr\\\/wp-content\\\/uploads\\\/2016\\\/05\\\/slim-header-stickerdeco.jpg\",\"contentUrl\":\"https:\\\/\\\/stickerdeco.fr\\\/wp-content\\\/uploads\\\/2016\\\/05\\\/slim-header-stickerdeco.jpg\",\"width\":1903,\"height\":136,\"caption\":\"In Frankreich hergestellte Sticker | Stickerdeco.fr\"},{\"@type\":\"BreadcrumbList\",\"@id\":\"https:\\\/\\\/stickerdeco.fr\\\/de\\\/ueber-uns-sticker-made-in-france\\\/#breadcrumb\",\"itemListElement\":[{\"@type\":\"ListItem\",\"position\":1,\"name\":\"Accueil\",\"item\":\"https:\\\/\\\/stickerdeco.fr\\\/de\\\/\"},{\"@type\":\"ListItem\",\"position\":2,\"name\":\"\u00dcber uns | Sticker made in France\"}]},{\"@type\":\"WebSite\",\"@id\":\"https:\\\/\\\/stickerdeco.fr\\\/de\\\/#website\",\"url\":\"https:\\\/\\\/stickerdeco.fr\\\/de\\\/\",\"name\":\"Sticker Deco\",\"description\":\"Le Sticker Made In France\",\"publisher\":{\"@id\":\"https:\\\/\\\/stickerdeco.fr\\\/de\\\/#organization\"},\"potentialAction\":[{\"@type\":\"SearchAction\",\"target\":{\"@type\":\"EntryPoint\",\"urlTemplate\":\"https:\\\/\\\/stickerdeco.fr\\\/de\\\/?s={search_term_string}\"},\"query-input\":{\"@type\":\"PropertyValueSpecification\",\"valueRequired\":true,\"valueName\":\"search_term_string\"}}],\"inLanguage\":\"de\"},{\"@type\":\"Organization\",\"@id\":\"https:\\\/\\\/stickerdeco.fr\\\/de\\\/#organization\",\"name\":\"Sticker D\u00e9co\",\"url\":\"https:\\\/\\\/stickerdeco.fr\\\/de\\\/\",\"logo\":{\"@type\":\"ImageObject\",\"inLanguage\":\"de\",\"@id\":\"https:\\\/\\\/stickerdeco.fr\\\/de\\\/#\\\/schema\\\/logo\\\/image\\\/\",\"url\":\"https:\\\/\\\/stickerdeco.fr\\\/wp-content\\\/uploads\\\/1987\\\/05\\\/stickerdeco-logo-v2-carre.png\",\"contentUrl\":\"https:\\\/\\\/stickerdeco.fr\\\/wp-content\\\/uploads\\\/1987\\\/05\\\/stickerdeco-logo-v2-carre.png\",\"width\":1000,\"height\":1000,\"caption\":\"Sticker D\u00e9co\"},\"image\":{\"@id\":\"https:\\\/\\\/stickerdeco.fr\\\/de\\\/#\\\/schema\\\/logo\\\/image\\\/\"},\"sameAs\":[\"https:\\\/\\\/www.facebook.com\\\/stickerdeco.fr\\\/\",\"https:\\\/\\\/www.instagram.com\\\/stickerdecofr\\\/\",\"https:\\\/\\\/www.pinterest.fr\\\/stickerdecofr\\\/\",\"https:\\\/\\\/www.youtube.com\\\/StickerDeco\"],\"email\":\"contact@stickerdeco.fr\",\"telephone\":\"0980809233\",\"legalName\":\"Sticker D\u00e9co\"}]}<\/script>\n<!-- \/ Yoast SEO Premium plugin. -->","yoast_head_json":{"title":"Sticker made in France - \u00dcber uns | StickerDeco.fr","description":"STICKER DECO.FR, die Stickerfabrik made in France. Dieser Shop ist das Ergebnis einer Teamarbeit zwischen einem 2011 gegr\u00fcndeten KMU, das auf die Herstellung von Stickern f\u00fcr Profis spezialisiert ist (Fahrzeuge, Beschilderung, Ladendekoration, \u2026), und zwei freiberuflichen Unternehmern. Diese Zusammenarbeit...","robots":{"index":"index","follow":"follow","max-snippet":"max-snippet:-1","max-image-preview":"max-image-preview:large","max-video-preview":"max-video-preview:-1"},"canonical":"https:\/\/stickerdeco.fr\/de\/ueber-uns-sticker-made-in-france\/","og_locale":"de_DE","og_type":"article","og_title":"\u00dcber uns | Sticker made in France","og_description":"STICKER DECO.FR, die Stickerfabrik made in France. Dieser Shop ist das Ergebnis einer Teamarbeit zwischen einem 2011 gegr\u00fcndeten KMU, das auf die Herstellung von Stickern f\u00fcr Profis spezialisiert ist (Fahrzeuge, Beschilderung, Ladendekoration, \u2026), und zwei freiberuflichen Unternehmern. Diese Zusammenarbeit...","og_url":"https:\/\/stickerdeco.fr\/de\/ueber-uns-sticker-made-in-france\/","og_site_name":"Sticker Deco","article_publisher":"https:\/\/www.facebook.com\/stickerdeco.fr\/","article_modified_time":"2026-02-28T12:24:27+00:00","og_image":[{"width":1903,"height":136,"url":"https:\/\/stickerdeco.fr\/wp-content\/uploads\/2016\/05\/slim-header-stickerdeco.jpg","type":"image\/jpeg"}],"twitter_card":"summary_large_image","twitter_misc":{"Gesch\u00e4tzte Lesezeit":"3\u00a0Minute"},"schema":{"@context":"https:\/\/schema.org","@graph":[{"@type":"WebPage","@id":"https:\/\/stickerdeco.fr\/de\/ueber-uns-sticker-made-in-france\/","url":"https:\/\/stickerdeco.fr\/de\/ueber-uns-sticker-made-in-france\/","name":"Sticker made in France - \u00dcber uns | StickerDeco.fr","isPartOf":{"@id":"https:\/\/stickerdeco.fr\/de\/#website"},"primaryImageOfPage":{"@id":"https:\/\/stickerdeco.fr\/de\/ueber-uns-sticker-made-in-france\/#primaryimage"},"image":{"@id":"https:\/\/stickerdeco.fr\/de\/ueber-uns-sticker-made-in-france\/#primaryimage"},"thumbnailUrl":"https:\/\/stickerdeco.fr\/wp-content\/uploads\/2016\/05\/slim-header-stickerdeco.jpg","datePublished":"2016-05-23T10:03:26+00:00","dateModified":"2026-02-28T12:24:27+00:00","description":"STICKER DECO.FR, die Stickerfabrik made in France. Dieser Shop ist das Ergebnis einer Teamarbeit zwischen einem 2011 gegr\u00fcndeten KMU, das auf die Herstellung von Stickern f\u00fcr Profis spezialisiert ist (Fahrzeuge, Beschilderung, Ladendekoration, \u2026), und zwei freiberuflichen Unternehmern. Diese Zusammenarbeit...","breadcrumb":{"@id":"https:\/\/stickerdeco.fr\/de\/ueber-uns-sticker-made-in-france\/#breadcrumb"},"inLanguage":"de","potentialAction":[{"@type":"ReadAction","target":["https:\/\/stickerdeco.fr\/de\/ueber-uns-sticker-made-in-france\/"]}]},{"@type":"ImageObject","inLanguage":"de","@id":"https:\/\/stickerdeco.fr\/de\/ueber-uns-sticker-made-in-france\/#primaryimage","url":"https:\/\/stickerdeco.fr\/wp-content\/uploads\/2016\/05\/slim-header-stickerdeco.jpg","contentUrl":"https:\/\/stickerdeco.fr\/wp-content\/uploads\/2016\/05\/slim-header-stickerdeco.jpg","width":1903,"height":136,"caption":"In Frankreich hergestellte Sticker | Stickerdeco.fr"},{"@type":"BreadcrumbList","@id":"https:\/\/stickerdeco.fr\/de\/ueber-uns-sticker-made-in-france\/#breadcrumb","itemListElement":[{"@type":"ListItem","position":1,"name":"Accueil","item":"https:\/\/stickerdeco.fr\/de\/"},{"@type":"ListItem","position":2,"name":"\u00dcber uns | Sticker made in France"}]},{"@type":"WebSite","@id":"https:\/\/stickerdeco.fr\/de\/#website","url":"https:\/\/stickerdeco.fr\/de\/","name":"Sticker Deco","description":"Le Sticker Made In France","publisher":{"@id":"https:\/\/stickerdeco.fr\/de\/#organization"},"potentialAction":[{"@type":"SearchAction","target":{"@type":"EntryPoint","urlTemplate":"https:\/\/stickerdeco.fr\/de\/?s={search_term_string}"},"query-input":{"@type":"PropertyValueSpecification","valueRequired":true,"valueName":"search_term_string"}}],"inLanguage":"de"},{"@type":"Organization","@id":"https:\/\/stickerdeco.fr\/de\/#organization","name":"Sticker D\u00e9co","url":"https:\/\/stickerdeco.fr\/de\/","logo":{"@type":"ImageObject","inLanguage":"de","@id":"https:\/\/stickerdeco.fr\/de\/#\/schema\/logo\/image\/","url":"https:\/\/stickerdeco.fr\/wp-content\/uploads\/1987\/05\/stickerdeco-logo-v2-carre.png","contentUrl":"https:\/\/stickerdeco.fr\/wp-content\/uploads\/1987\/05\/stickerdeco-logo-v2-carre.png","width":1000,"height":1000,"caption":"Sticker D\u00e9co"},"image":{"@id":"https:\/\/stickerdeco.fr\/de\/#\/schema\/logo\/image\/"},"sameAs":["https:\/\/www.facebook.com\/stickerdeco.fr\/","https:\/\/www.instagram.com\/stickerdecofr\/","https:\/\/www.pinterest.fr\/stickerdecofr\/","https:\/\/www.youtube.com\/StickerDeco"],"email":"contact@stickerdeco.fr","telephone":"0980809233","legalName":"Sticker D\u00e9co"}]}},"_links":{"self":[{"href":"https:\/\/stickerdeco.fr\/de\/wp-json\/wp\/v2\/pages\/117671","targetHints":{"allow":["GET"]}}],"collection":[{"href":"https:\/\/stickerdeco.fr\/de\/wp-json\/wp\/v2\/pages"}],"about":[{"href":"https:\/\/stickerdeco.fr\/de\/wp-json\/wp\/v2\/types\/page"}],"author":[{"embeddable":true,"href":"https:\/\/stickerdeco.fr\/de\/wp-json\/wp\/v2\/users\/1"}],"replies":[{"embeddable":true,"href":"https:\/\/stickerdeco.fr\/de\/wp-json\/wp\/v2\/comments?post=117671"}],"version-history":[{"count":360,"href":"https:\/\/stickerdeco.fr\/de\/wp-json\/wp\/v2\/pages\/117671\/revisions"}],"predecessor-version":[{"id":120953,"href":"https:\/\/stickerdeco.fr\/de\/wp-json\/wp\/v2\/pages\/117671\/revisions\/120953"}],"wp:featuredmedia":[{"embeddable":true,"href":"https:\/\/stickerdeco.fr\/de\/wp-json\/wp\/v2\/media\/117505"}],"wp:attachment":[{"href":"https:\/\/stickerdeco.fr\/de\/wp-json\/wp\/v2\/media?parent=117671"}],"curies":[{"name":"wp","href":"https:\/\/api.w.org\/{rel}","templated":true}]}}