{"id":117821,"date":"2023-10-18T16:34:19","date_gmt":"2023-10-18T14:34:19","guid":{"rendered":"https:\/\/stickerdeco.fr\/datenschutzerklaerung\/"},"modified":"2026-02-28T10:40:45","modified_gmt":"2026-02-28T09:40:45","slug":"datenschutzerklaerung","status":"publish","type":"page","link":"https:\/\/stickerdeco.fr\/de\/datenschutzerklaerung\/","title":{"rendered":"Datenschutzerkl\u00e4rung"},"content":{"rendered":"&#13;\n<h2 class=\"wp-block-heading\">Wer wir sind<\/h2>&#13;\n&#13;\n<p>Die Adresse unserer Website ist: https:\/\/stickerdeco.fr.<\/p>&#13;\n&#13;\n<h2 class=\"wp-block-heading\">Kommentare<\/h2>&#13;\n&#13;\n<p>Wenn du einen Kommentar auf unserer Website hinterl\u00e4sst, werden die im Kommentarformular eingegebenen Daten sowie deine IP-Adresse und der User-Agent deines Browsers erfasst, um uns bei der Erkennung von unerw\u00fcnschten Kommentaren zu helfen.<\/p>&#13;\n&#13;\n<h2 class=\"wp-block-heading\">Medien<\/h2>&#13;\n&#13;\n<p>Wenn du Bilder auf die Website hochl\u00e4dst, empfehlen wir dir, das Hochladen von Bildern mit EXIF-GPS-Standortdaten zu vermeiden. Besucher deiner Website k\u00f6nnten diese Bilder herunterladen und Standortdaten daraus extrahieren.<\/p>&#13;\n&#13;\n<h2 class=\"wp-block-heading\">Cookies<\/h2>&#13;\n&#13;\n<p>Wenn du einen Kommentar auf unserer Website hinterl\u00e4sst, kann das Speichern deines Namens, deiner E-Mail-Adresse und Website in Cookies angeboten werden. Dies dient deinem Komfort, damit du diese Informationen nicht erneut eingeben musst, wenn du sp\u00e4ter einen weiteren Kommentar hinterl\u00e4sst. Diese Cookies verfallen nach einem Jahr.<\/p>&#13;\n&#13;\n<p>Wenn du die Anmeldeseite besuchst, wird ein tempor\u00e4res Cookie gesetzt, um festzustellen, ob dein Browser Cookies akzeptiert. Es enth\u00e4lt keine personenbezogenen Daten und wird beim Schlie\u00dfen deines Browsers automatisch gel\u00f6scht.<\/p>&#13;\n&#13;\n<p>Wenn du dich anmeldest, setzen wir einige Cookies, um deine Anmeldeinformationen und deine Anzeigeoptionen zu speichern. Ein Anmelde-Cookie bleibt zwei Tage lang g\u00fcltig, ein Cookie f\u00fcr Anzeigeoptionen ein Jahr. Wenn du \u201eAngemeldet bleiben\u201c ausw\u00e4hlst, wird dein Anmelde-Cookie zwei Wochen lang gespeichert. Wenn du dich von deinem Konto abmeldest, wird das Anmelde-Cookie gel\u00f6scht.<\/p>&#13;\n&#13;\n<p>Wenn du einen Beitrag bearbeitest oder ver\u00f6ffentlichst, wird ein zus\u00e4tzliches Cookie in deinem Browser gespeichert. Dieses Cookie enth\u00e4lt keine personenbezogenen Daten. Es verweist lediglich auf die ID des Beitrags, den du gerade bearbeitet hast. Es verf\u00e4llt nach einem Tag.<\/p>&#13;\n&#13;\n<h2 class=\"wp-block-heading\">Eingebettete Inhalte von anderen Websites<\/h2>&#13;\n&#13;\n<p>Beitr\u00e4ge auf dieser Website k\u00f6nnen eingebettete Inhalte beinhalten (z. B. Videos, Bilder, Beitr\u00e4ge usw.). Eingebettete Inhalte von anderen Websites verhalten sich genau so, als ob der Besucher die andere Website besucht h\u00e4tte.<\/p>&#13;\n&#13;\n<p>Diese Websites k\u00f6nnen Daten \u00fcber dich sammeln, Cookies benutzen, Drittanbieter-Tracking einbetten und deine Interaktionen mit diesen eingebetteten Inhalten nachverfolgen, wenn du ein Konto hast und auf deren Website angemeldet bist.<\/p>&#13;\n&#13;\n<h2 class=\"wp-block-heading\">Verwendung und Weitergabe deiner personenbezogenen Daten<\/h2>&#13;\n&#13;\n<p>Wenn du eine Zur\u00fccksetzung deines Passworts anforderst, wird deine IP-Adresse in der E-Mail zur Zur\u00fccksetzung enthalten sein.<\/p>&#13;\n&#13;\n<h2 class=\"wp-block-heading\">Speicherdauer deiner Daten<\/h2>&#13;\n&#13;\n<p>Wenn du einen Kommentar hinterl\u00e4sst, wird der Kommentar inklusive Metadaten zeitlich unbegrenzt gespeichert. Auf diese Weise k\u00f6nnen wir Folgekommentare automatisch erkennen und freigeben, anstatt sie in einer Moderations-Warteschlange festzuhalten.<\/p>&#13;\n&#13;\n<p>F\u00fcr Benutzer, die sich auf unserer Website registrieren (falls zutreffend), speichern wir zus\u00e4tzlich die personenbezogenen Informationen, die sie in ihrem Benutzerprofil angeben. Alle Benutzer k\u00f6nnen ihre personenbezogenen Informationen jederzeit einsehen, bearbeiten oder l\u00f6schen (mit Ausnahme des Benutzernamens). Website-Administratoren k\u00f6nnen diese Informationen ebenfalls einsehen und bearbeiten.<\/p>&#13;\n&#13;\n<h2 class=\"wp-block-heading\">Welche Rechte du an deinen Daten hast<\/h2>&#13;\n&#13;\n<p>Wenn du ein Konto hast oder Kommentare auf der Website hinterlassen hast, kannst du einen Export deiner personenbezogenen Daten bei uns anfordern, einschlie\u00dflich aller Daten, die du uns mitgeteilt hast. Du kannst au\u00dferdem die L\u00f6schung aller personenbezogenen Daten verlangen, die wir von dir gespeichert haben. Dies umfasst nicht die Daten, die wir aus administrativen, rechtlichen oder sicherheitsrelevanten Gr\u00fcnden aufbewahren m\u00fcssen.<\/p>&#13;\n&#13;\n<h2 class=\"wp-block-heading\">Wohin deine Daten gesendet werden<\/h2>&#13;\n&#13;\n<p>Besucherkommentare k\u00f6nnten von einem automatisierten Dienst zur Spam-Erkennung untersucht werden.<\/p>&#13;\n","protected":false},"excerpt":{"rendered":"<p>&#13; Wer wir sind &#13; &#13; Die Adresse unserer Website ist: https:\/\/stickerdeco.fr. &#13; &#13; Kommentare&#8230;<\/p>\n","protected":false},"author":1,"featured_media":0,"parent":0,"menu_order":0,"comment_status":"closed","ping_status":"closed","template":"","meta":{"footnotes":""},"class_list":["post-117821","page","type-page","status-publish","hentry"],"yoast_head":"<!-- This site is optimized with the Yoast SEO Premium plugin v27.3 (Yoast SEO v27.3) - https:\/\/yoast.com\/product\/yoast-seo-premium-wordpress\/ -->\n<title>Datenschutzerkl\u00e4rung - Sticker Deco<\/title>\n<meta name=\"description\" content=\"Diese Seite beschreibt die Datenschutzerkl\u00e4rung auf der Website Sticker D\u00e9co.\" \/>\n<meta name=\"robots\" content=\"index, follow, max-snippet:-1, max-image-preview:large, max-video-preview:-1\" \/>\n<link rel=\"canonical\" href=\"https:\/\/stickerdeco.fr\/de\/datenschutzerklaerung\/\" \/>\n<meta property=\"og:locale\" content=\"de_DE\" \/>\n<meta property=\"og:type\" content=\"article\" \/>\n<meta property=\"og:title\" content=\"Datenschutzerkl\u00e4rung\" \/>\n<meta property=\"og:description\" content=\"Diese Seite beschreibt die Datenschutzerkl\u00e4rung auf der Website Sticker D\u00e9co.\" \/>\n<meta property=\"og:url\" content=\"https:\/\/stickerdeco.fr\/de\/datenschutzerklaerung\/\" \/>\n<meta property=\"og:site_name\" content=\"Sticker Deco\" \/>\n<meta property=\"article:publisher\" content=\"https:\/\/www.facebook.com\/stickerdeco.fr\/\" \/>\n<meta property=\"article:modified_time\" content=\"2026-02-28T09:40:45+00:00\" \/>\n<meta property=\"og:image\" content=\"https:\/\/stickerdeco.fr\/wp-content\/uploads\/2020\/02\/facebook-stickerdeco-madeinfrance-2020.jpg\" \/>\n\t<meta property=\"og:image:width\" content=\"820\" \/>\n\t<meta property=\"og:image:height\" content=\"312\" \/>\n\t<meta property=\"og:image:type\" content=\"image\/png\" \/>\n<meta name=\"twitter:card\" content=\"summary_large_image\" \/>\n<meta name=\"twitter:label1\" content=\"Gesch\u00e4tzte Lesezeit\" \/>\n\t<meta name=\"twitter:data1\" content=\"3\u00a0Minute\" \/>\n<script type=\"application\/ld+json\" class=\"yoast-schema-graph\">{\"@context\":\"https:\\\/\\\/schema.org\",\"@graph\":[{\"@type\":\"WebPage\",\"@id\":\"https:\\\/\\\/stickerdeco.fr\\\/de\\\/datenschutzerklaerung\\\/\",\"url\":\"https:\\\/\\\/stickerdeco.fr\\\/de\\\/datenschutzerklaerung\\\/\",\"name\":\"Datenschutzerkl\u00e4rung - Sticker Deco\",\"isPartOf\":{\"@id\":\"https:\\\/\\\/stickerdeco.fr\\\/de\\\/#website\"},\"datePublished\":\"2023-10-18T14:34:19+00:00\",\"dateModified\":\"2026-02-28T09:40:45+00:00\",\"description\":\"Diese Seite beschreibt die Datenschutzerkl\u00e4rung auf der Website Sticker D\u00e9co.\",\"breadcrumb\":{\"@id\":\"https:\\\/\\\/stickerdeco.fr\\\/de\\\/datenschutzerklaerung\\\/#breadcrumb\"},\"inLanguage\":\"de\",\"potentialAction\":[{\"@type\":\"ReadAction\",\"target\":[\"https:\\\/\\\/stickerdeco.fr\\\/de\\\/datenschutzerklaerung\\\/\"]}]},{\"@type\":\"BreadcrumbList\",\"@id\":\"https:\\\/\\\/stickerdeco.fr\\\/de\\\/datenschutzerklaerung\\\/#breadcrumb\",\"itemListElement\":[{\"@type\":\"ListItem\",\"position\":1,\"name\":\"Accueil\",\"item\":\"https:\\\/\\\/stickerdeco.fr\\\/de\\\/\"},{\"@type\":\"ListItem\",\"position\":2,\"name\":\"Datenschutzerkl\u00e4rung\"}]},{\"@type\":\"WebSite\",\"@id\":\"https:\\\/\\\/stickerdeco.fr\\\/de\\\/#website\",\"url\":\"https:\\\/\\\/stickerdeco.fr\\\/de\\\/\",\"name\":\"Sticker Deco\",\"description\":\"Le Sticker Made In France\",\"publisher\":{\"@id\":\"https:\\\/\\\/stickerdeco.fr\\\/de\\\/#organization\"},\"potentialAction\":[{\"@type\":\"SearchAction\",\"target\":{\"@type\":\"EntryPoint\",\"urlTemplate\":\"https:\\\/\\\/stickerdeco.fr\\\/de\\\/?s={search_term_string}\"},\"query-input\":{\"@type\":\"PropertyValueSpecification\",\"valueRequired\":true,\"valueName\":\"search_term_string\"}}],\"inLanguage\":\"de\"},{\"@type\":\"Organization\",\"@id\":\"https:\\\/\\\/stickerdeco.fr\\\/de\\\/#organization\",\"name\":\"Sticker D\u00e9co\",\"url\":\"https:\\\/\\\/stickerdeco.fr\\\/de\\\/\",\"logo\":{\"@type\":\"ImageObject\",\"inLanguage\":\"de\",\"@id\":\"https:\\\/\\\/stickerdeco.fr\\\/de\\\/#\\\/schema\\\/logo\\\/image\\\/\",\"url\":\"https:\\\/\\\/stickerdeco.fr\\\/wp-content\\\/uploads\\\/1987\\\/05\\\/stickerdeco-logo-v2-carre.png\",\"contentUrl\":\"https:\\\/\\\/stickerdeco.fr\\\/wp-content\\\/uploads\\\/1987\\\/05\\\/stickerdeco-logo-v2-carre.png\",\"width\":1000,\"height\":1000,\"caption\":\"Sticker D\u00e9co\"},\"image\":{\"@id\":\"https:\\\/\\\/stickerdeco.fr\\\/de\\\/#\\\/schema\\\/logo\\\/image\\\/\"},\"sameAs\":[\"https:\\\/\\\/www.facebook.com\\\/stickerdeco.fr\\\/\",\"https:\\\/\\\/www.instagram.com\\\/stickerdecofr\\\/\",\"https:\\\/\\\/www.pinterest.fr\\\/stickerdecofr\\\/\",\"https:\\\/\\\/www.youtube.com\\\/StickerDeco\"],\"email\":\"contact@stickerdeco.fr\",\"telephone\":\"0980809233\",\"legalName\":\"Sticker D\u00e9co\"}]}<\/script>\n<!-- \/ Yoast SEO Premium plugin. -->","yoast_head_json":{"title":"Datenschutzerkl\u00e4rung - Sticker Deco","description":"Diese Seite beschreibt die Datenschutzerkl\u00e4rung auf der Website Sticker D\u00e9co.","robots":{"index":"index","follow":"follow","max-snippet":"max-snippet:-1","max-image-preview":"max-image-preview:large","max-video-preview":"max-video-preview:-1"},"canonical":"https:\/\/stickerdeco.fr\/de\/datenschutzerklaerung\/","og_locale":"de_DE","og_type":"article","og_title":"Datenschutzerkl\u00e4rung","og_description":"Diese Seite beschreibt die Datenschutzerkl\u00e4rung auf der Website Sticker D\u00e9co.","og_url":"https:\/\/stickerdeco.fr\/de\/datenschutzerklaerung\/","og_site_name":"Sticker Deco","article_publisher":"https:\/\/www.facebook.com\/stickerdeco.fr\/","article_modified_time":"2026-02-28T09:40:45+00:00","og_image":[{"width":820,"height":312,"url":"https:\/\/stickerdeco.fr\/wp-content\/uploads\/2020\/02\/facebook-stickerdeco-madeinfrance-2020.jpg","type":"image\/png"}],"twitter_card":"summary_large_image","twitter_misc":{"Gesch\u00e4tzte Lesezeit":"3\u00a0Minute"},"schema":{"@context":"https:\/\/schema.org","@graph":[{"@type":"WebPage","@id":"https:\/\/stickerdeco.fr\/de\/datenschutzerklaerung\/","url":"https:\/\/stickerdeco.fr\/de\/datenschutzerklaerung\/","name":"Datenschutzerkl\u00e4rung - Sticker Deco","isPartOf":{"@id":"https:\/\/stickerdeco.fr\/de\/#website"},"datePublished":"2023-10-18T14:34:19+00:00","dateModified":"2026-02-28T09:40:45+00:00","description":"Diese Seite beschreibt die Datenschutzerkl\u00e4rung auf der Website Sticker D\u00e9co.","breadcrumb":{"@id":"https:\/\/stickerdeco.fr\/de\/datenschutzerklaerung\/#breadcrumb"},"inLanguage":"de","potentialAction":[{"@type":"ReadAction","target":["https:\/\/stickerdeco.fr\/de\/datenschutzerklaerung\/"]}]},{"@type":"BreadcrumbList","@id":"https:\/\/stickerdeco.fr\/de\/datenschutzerklaerung\/#breadcrumb","itemListElement":[{"@type":"ListItem","position":1,"name":"Accueil","item":"https:\/\/stickerdeco.fr\/de\/"},{"@type":"ListItem","position":2,"name":"Datenschutzerkl\u00e4rung"}]},{"@type":"WebSite","@id":"https:\/\/stickerdeco.fr\/de\/#website","url":"https:\/\/stickerdeco.fr\/de\/","name":"Sticker Deco","description":"Le Sticker Made In France","publisher":{"@id":"https:\/\/stickerdeco.fr\/de\/#organization"},"potentialAction":[{"@type":"SearchAction","target":{"@type":"EntryPoint","urlTemplate":"https:\/\/stickerdeco.fr\/de\/?s={search_term_string}"},"query-input":{"@type":"PropertyValueSpecification","valueRequired":true,"valueName":"search_term_string"}}],"inLanguage":"de"},{"@type":"Organization","@id":"https:\/\/stickerdeco.fr\/de\/#organization","name":"Sticker D\u00e9co","url":"https:\/\/stickerdeco.fr\/de\/","logo":{"@type":"ImageObject","inLanguage":"de","@id":"https:\/\/stickerdeco.fr\/de\/#\/schema\/logo\/image\/","url":"https:\/\/stickerdeco.fr\/wp-content\/uploads\/1987\/05\/stickerdeco-logo-v2-carre.png","contentUrl":"https:\/\/stickerdeco.fr\/wp-content\/uploads\/1987\/05\/stickerdeco-logo-v2-carre.png","width":1000,"height":1000,"caption":"Sticker D\u00e9co"},"image":{"@id":"https:\/\/stickerdeco.fr\/de\/#\/schema\/logo\/image\/"},"sameAs":["https:\/\/www.facebook.com\/stickerdeco.fr\/","https:\/\/www.instagram.com\/stickerdecofr\/","https:\/\/www.pinterest.fr\/stickerdecofr\/","https:\/\/www.youtube.com\/StickerDeco"],"email":"contact@stickerdeco.fr","telephone":"0980809233","legalName":"Sticker D\u00e9co"}]}},"_links":{"self":[{"href":"https:\/\/stickerdeco.fr\/de\/wp-json\/wp\/v2\/pages\/117821","targetHints":{"allow":["GET"]}}],"collection":[{"href":"https:\/\/stickerdeco.fr\/de\/wp-json\/wp\/v2\/pages"}],"about":[{"href":"https:\/\/stickerdeco.fr\/de\/wp-json\/wp\/v2\/types\/page"}],"author":[{"embeddable":true,"href":"https:\/\/stickerdeco.fr\/de\/wp-json\/wp\/v2\/users\/1"}],"replies":[{"embeddable":true,"href":"https:\/\/stickerdeco.fr\/de\/wp-json\/wp\/v2\/comments?post=117821"}],"version-history":[{"count":1,"href":"https:\/\/stickerdeco.fr\/de\/wp-json\/wp\/v2\/pages\/117821\/revisions"}],"predecessor-version":[{"id":117822,"href":"https:\/\/stickerdeco.fr\/de\/wp-json\/wp\/v2\/pages\/117821\/revisions\/117822"}],"wp:attachment":[{"href":"https:\/\/stickerdeco.fr\/de\/wp-json\/wp\/v2\/media?parent=117821"}],"curies":[{"name":"wp","href":"https:\/\/api.w.org\/{rel}","templated":true}]}}