{"id":122877,"date":"2026-01-21T11:20:43","date_gmt":"2026-01-21T10:20:43","guid":{"rendered":"https:\/\/stickerdeco.fr\/produit\/tuerfolie-gerillt-eiche-holz\/"},"modified":"2026-03-05T22:49:19","modified_gmt":"2026-03-05T21:49:19","slug":"tuerfolie-gerillt-eiche-holz","status":"publish","type":"product","link":"https:\/\/stickerdeco.fr\/de\/produit\/tuerfolie-gerillt-eiche-holz\/","title":{"rendered":"T\u00fcrfolie Gerillte Eiche Holz"},"content":{"rendered":"<div class=\"wpb-content-wrapper\"><p>[vc_row][vc_column][vc_column_text]<\/p>\n<h2><span style=\"font-size: 14pt;\"><strong>Die\/Der T\u00fcrfolie Gerillte Eiche Holz<\/strong><\/span><\/h2>\n<p><span style=\"font-size: 11pt;\">Sie m\u00f6chten Ihre <strong>Inneneinrichtung<\/strong> ver\u00e4ndern? Dann ist diese\/r wundersch\u00f6ne <strong>T\u00fcrfolie Gerillte Eiche Holz<\/strong> genau das Richtige f\u00fcr Sie! Kein Zweifel: Diese\/r <strong>T\u00fcrfolie Gerillte Eiche Holz<\/strong> wird Sie dank unserer hochwertigen Vinyl\u2011Klebefolie begeistern. Sie ist <strong>leicht anzubringen<\/strong>. Mit diesem Sticker ist <strong>Ihr Zuhause zu personalisieren<\/strong> jetzt f\u00fcr alle m\u00f6glich!<\/span><\/p>\n<h3><span style=\"font-size: 12pt;\"><strong>Hochwertiges Vinyl, blasenfreie Anbringung<\/strong><\/span><\/h3>\n<p><span style=\"font-size: 11pt;\">Unsere Sticker werden auf Premium\u2011Vinyl gedruckt und f\u00fcr eine hervorragende Haltbarkeit laminiert. Die matte Oberfl\u00e4che reduziert Reflexionen und sorgt f\u00fcr eine elegante Optik. Leicht zu reinigen, abwaschbar und spritzwasserbest\u00e4ndig \u2013 ideal f\u00fcr den Alltag.<\/span><\/p>\n<h3><span style=\"font-size: 12pt;\"><strong>Ein Sticker, der sich Ihrem Zuhause anpasst<\/strong><\/span><\/h3>\n<p><span style=\"font-size: 11pt;\">In mehreren Gr\u00f6\u00dfen erh\u00e4ltlich, passen unsere T\u00fcrsticker auf die meisten Standardt\u00fcren. Auf Wunsch ist auch eine Ma\u00dfanfertigung m\u00f6glich, damit alles perfekt zu Ihrem Projekt passt.<\/span><\/p>\n<h3><span style=\"font-size: 12pt;\"><strong>Inspiration gesucht?<\/strong><\/span><\/h3>\n<p><span style=\"font-size: 11pt;\">Entdecken Sie unsere weiteren Kollektionen auf Stickerdeco.fr:<\/span><\/p>\n<ul>\n<li><span style=\"font-size: 11pt;\"><strong><a href=\"https:\/\/stickerdeco.fr\/de\/cat\/wandsticker\/\">Wandsticker<\/a><\/strong><\/span><\/li>\n<li><span style=\"font-size: 11pt;\"><strong><a href=\"\/?product_cat=stickers-portes\">T\u00fcrfolie<\/a><\/strong><\/span><\/li>\n<li><span style=\"font-size: 11pt;\"><strong><a href=\"\/?product_cat=stickers-meubles\">M\u00f6belsticker<\/a><\/strong><\/span><\/li>\n<li><span style=\"font-size: 11pt;\"><strong><a href=\"https:\/\/stickerdeco.fr\/de\/cat\/fliesensticker\/\">Fliesensticker<\/a><\/strong><\/span><\/li>\n<li><span style=\"font-size: 11pt;\"><strong><a href=\"https:\/\/stickerdeco.fr\/de\/cat\/deckensticker\/\">Deckensticker<\/a><\/strong><\/span><\/li>\n<li><span style=\"font-size: 11pt;\"><strong><a href=\"https:\/\/stickerdeco.fr\/de\/cat\/kuchenruckwand-selbstklebend\/\">Selbstklebende K\u00fcchenr\u00fcckw\u00e4nde<\/a><\/strong><\/span><\/li>\n<li><span style=\"font-size: 11pt;\"><strong><a href=\"\/?product_cat=stickers-muraux-fleurs\">Blumensticker<\/a><\/strong>, <\/span><\/li>\n<li><span style=\"font-size: 11pt;\"><strong><a href=\"\/?product_cat=stickers-muraux-mangas-et-cartoons\">Manga\u2011Sticker<\/a><\/strong> und vieles mehr!<\/span><\/li>\n<\/ul>\n<p><span style=\"font-size: 14pt; color: #d64444;\"><strong>SEHR HOCHWERTIGE KLEBEFOLIE = EINFACHE ANBRINGUNG, BLASENFREIE GARANTIE<\/strong><\/span>[\/vc_column_text][\/vc_column][\/vc_row]<\/p>\n<\/div>","protected":false},"excerpt":{"rendered":"<p>Verwandeln Sie Ihr Zuhause mit der <strong data-start=\"80\" data-end=\"117\">T\u00fcrfolie Gerillte Eiche Holz<\/strong> \u2013 eine elegante L\u00f6sung, um Ihren T\u00fcren mehr Charakter zu verleihen. Das helle Holzmotiv mit feinen horizontalen Rillen imitiert die nat\u00fcrliche Optik von Eiche perfekt und schafft eine warme, authentische Atmosph\u00e4re.<\/p>\n<p>Die <strong data-start=\"333\" data-end=\"370\">T\u00fcrfolie Gerillte Eiche Holz<\/strong> f\u00fcgt sich harmonisch in skandinavische, rustikale oder moderne Einrichtungen ein und bringt eine raffinierte Relief- und Texturwirkung in Ihre Dekoration.<\/p>\n<p><strong>Produkteigenschaften:<\/strong><\/p>\n<ul class=\"product-short-desc-list\">\n<li>T\u00fcraufkleber: einfache, blasenfreie Anbringung<\/li>\n<li>In einem St\u00fcck geliefert: kein m\u00fchsames Zusammenf\u00fcgen oder Kleben n\u00f6tig<\/li>\n<li>Laminierte Oberfl\u00e4che mit matter Oberfl\u00e4che: edle Optik, geringe Reflexion und hohe Haltbarkeit<\/li>\n<li>Geeignet f\u00fcr glatte Oberfl\u00e4chen (lackierte\/laminierte T\u00fcren, Kunststoff, Glas usw.)<\/li>\n<li>Leicht zu reinigen, abwaschbar und spritzwasserbest\u00e4ndig<\/li>\n<li>Euroklasse B-s1,d0 (entspr. M1 in Frankreich)<\/li>\n<li>Umweltfreundlicher Druck UL ECOLOGO\u00ae und UL GREENGUARD Gold: niedrige Emissionen und geruchlos, geeignet f\u00fcr empfindliche Innenr\u00e4ume<\/li>\n<\/ul>\n<p><span style=\"color: #d64444;\"><strong>Mehrere Gr\u00f6\u00dfen verf\u00fcgbar, passend f\u00fcr alle Ihre T\u00fcren (Ma\u00dfanfertigung auf Anfrage m\u00f6glich).<\/strong><\/span><\/p>\n<hr \/>\n","protected":false},"featured_media":122878,"template":"","meta":[],"product_brand":[],"product_cat":[4671],"product_tag":[5987,5363,6180,5994,6167,5992,5993,6168,5990,5988,5989,5991],"class_list":{"0":"post-122877","1":"product","2":"type-product","3":"status-publish","4":"has-post-thumbnail","6":"product_cat-tursticker","7":"product_tag-sticker-holzoptik","8":"product_tag-sticker-trompe-loeil","9":"product_tag-sticker-tur-badezimmer","10":"product_tag-sticker-tur-chambre","11":"product_tag-sticker-tur-holz","12":"product_tag-sticker-tur-kuche","13":"product_tag-sticker-tur-salon","14":"product_tag-sticker-tur-trompe-loeil","15":"product_tag-stickers-tur-83-x-204-cm","16":"product_tag-tursticker-63-x-204-cm","17":"product_tag-tursticker-73-x-204-cm","18":"product_tag-tursticker-93-x-204-cm","20":"first","21":"instock","22":"sale","23":"featured","24":"taxable","25":"shipping-taxable","26":"purchasable","27":"product-type-variable"},"etheme_brands":{"errors":{"invalid_taxonomy":["Die Taxonomie ist ung\u00fcltig."]},"error_data":[]},"yoast_head":"<!-- This site is optimized with the Yoast SEO Premium plugin v27.3 (Yoast SEO v27.3) - https:\/\/yoast.com\/product\/yoast-seo-premium-wordpress\/ -->\n<title>T\u00fcrfolie Gerillte Eiche Holz | T\u00fcrfolie | Stickerdeco.fr<\/title>\n<meta name=\"description\" content=\"Verleihen Sie Ihren T\u00fcren Charme und Nat\u00fcrlichkeit mit der T\u00fcrfolie Gerillte Eiche Holz \u2013 realistische, elegante helle Holzoptik f\u00fcr ein warmes Wohnambiente.\" \/>\n<meta name=\"robots\" content=\"index, follow, max-snippet:-1, max-image-preview:large, max-video-preview:-1\" \/>\n<link rel=\"canonical\" href=\"https:\/\/stickerdeco.fr\/de\/produit\/tuerfolie-gerillt-eiche-holz\/\" \/>\n<meta property=\"og:locale\" content=\"de_DE\" \/>\n<meta property=\"og:type\" content=\"article\" \/>\n<meta property=\"og:title\" content=\"T\u00fcrfolie Gerillte Eiche Holz\" \/>\n<meta property=\"og:description\" content=\"Verleihen Sie Ihren T\u00fcren Charme und Nat\u00fcrlichkeit mit der T\u00fcrfolie Gerillte Eiche Holz \u2013 realistische, elegante helle Holzoptik f\u00fcr ein warmes Wohnambiente.\" \/>\n<meta property=\"og:url\" content=\"https:\/\/stickerdeco.fr\/de\/produit\/tuerfolie-gerillt-eiche-holz\/\" \/>\n<meta property=\"og:site_name\" content=\"Sticker Deco\" \/>\n<meta property=\"article:publisher\" content=\"https:\/\/www.facebook.com\/stickerdeco.fr\/\" \/>\n<meta property=\"article:modified_time\" content=\"2026-03-05T21:49:19+00:00\" \/>\n<meta property=\"og:image\" content=\"https:\/\/stickerdeco.fr\/wp-content\/uploads\/2026\/01\/sticker-porte-rainuree-bois-chene-001.jpg\" \/>\n\t<meta property=\"og:image:width\" content=\"1080\" \/>\n\t<meta property=\"og:image:height\" content=\"1080\" \/>\n\t<meta property=\"og:image:type\" content=\"image\/jpeg\" \/>\n<meta name=\"twitter:card\" content=\"summary_large_image\" \/>\n<meta name=\"twitter:label1\" content=\"Verf\u00fcgbarkeit\" \/>\n\t<meta name=\"twitter:data1\" content=\"Auf Lager\" \/>\n<script type=\"application\/ld+json\" class=\"yoast-schema-graph\">{\"@context\":\"https:\\\/\\\/schema.org\",\"@graph\":[{\"@type\":\"WebPage\",\"@id\":\"https:\\\/\\\/stickerdeco.fr\\\/de\\\/produit\\\/tuerfolie-gerillt-eiche-holz\\\/\",\"url\":\"https:\\\/\\\/stickerdeco.fr\\\/de\\\/produit\\\/tuerfolie-gerillt-eiche-holz\\\/\",\"name\":\"T\u00fcrfolie Gerillte Eiche Holz | T\u00fcrfolie | Stickerdeco.fr\",\"isPartOf\":{\"@id\":\"https:\\\/\\\/stickerdeco.fr\\\/de\\\/#website\"},\"primaryImageOfPage\":{\"@id\":\"https:\\\/\\\/stickerdeco.fr\\\/de\\\/produit\\\/tuerfolie-gerillt-eiche-holz\\\/#primaryimage\"},\"image\":{\"@id\":\"https:\\\/\\\/stickerdeco.fr\\\/de\\\/produit\\\/tuerfolie-gerillt-eiche-holz\\\/#primaryimage\"},\"thumbnailUrl\":\"https:\\\/\\\/stickerdeco.fr\\\/wp-content\\\/uploads\\\/2026\\\/01\\\/sticker-porte-rainuree-bois-chene-001.jpg\",\"datePublished\":\"2026-01-21T10:20:43+00:00\",\"dateModified\":\"2026-03-05T21:49:19+00:00\",\"description\":\"Verleihen Sie Ihren T\u00fcren Charme und Nat\u00fcrlichkeit mit der T\u00fcrfolie Gerillte Eiche Holz \u2013 realistische, elegante helle Holzoptik f\u00fcr ein warmes Wohnambiente.\",\"breadcrumb\":{\"@id\":\"https:\\\/\\\/stickerdeco.fr\\\/de\\\/produit\\\/tuerfolie-gerillt-eiche-holz\\\/#breadcrumb\"},\"inLanguage\":\"de\",\"potentialAction\":[{\"@type\":\"ReadAction\",\"target\":[\"https:\\\/\\\/stickerdeco.fr\\\/de\\\/produit\\\/tuerfolie-gerillt-eiche-holz\\\/\"]}]},{\"@type\":\"ImageObject\",\"inLanguage\":\"de\",\"@id\":\"https:\\\/\\\/stickerdeco.fr\\\/de\\\/produit\\\/tuerfolie-gerillt-eiche-holz\\\/#primaryimage\",\"url\":\"https:\\\/\\\/stickerdeco.fr\\\/wp-content\\\/uploads\\\/2026\\\/01\\\/sticker-porte-rainuree-bois-chene-001.jpg\",\"contentUrl\":\"https:\\\/\\\/stickerdeco.fr\\\/wp-content\\\/uploads\\\/2026\\\/01\\\/sticker-porte-rainuree-bois-chene-001.jpg\",\"width\":1080,\"height\":1080,\"caption\":\"T\u00fcrfolie Gerillte Eiche Holz\"},{\"@type\":\"BreadcrumbList\",\"@id\":\"https:\\\/\\\/stickerdeco.fr\\\/de\\\/produit\\\/tuerfolie-gerillt-eiche-holz\\\/#breadcrumb\",\"itemListElement\":[{\"@type\":\"ListItem\",\"position\":1,\"name\":\"Accueil\",\"item\":\"https:\\\/\\\/stickerdeco.fr\\\/de\\\/\"},{\"@type\":\"ListItem\",\"position\":2,\"name\":\"Boutique\",\"item\":\"https:\\\/\\\/stickerdeco.fr\\\/boutique\\\/\"},{\"@type\":\"ListItem\",\"position\":3,\"name\":\"T\u00fcrfolie Gerillte Eiche Holz\"}]},{\"@type\":\"WebSite\",\"@id\":\"https:\\\/\\\/stickerdeco.fr\\\/de\\\/#website\",\"url\":\"https:\\\/\\\/stickerdeco.fr\\\/de\\\/\",\"name\":\"Sticker Deco\",\"description\":\"Le Sticker Made In France\",\"publisher\":{\"@id\":\"https:\\\/\\\/stickerdeco.fr\\\/de\\\/#organization\"},\"potentialAction\":[{\"@type\":\"SearchAction\",\"target\":{\"@type\":\"EntryPoint\",\"urlTemplate\":\"https:\\\/\\\/stickerdeco.fr\\\/de\\\/?s={search_term_string}\"},\"query-input\":{\"@type\":\"PropertyValueSpecification\",\"valueRequired\":true,\"valueName\":\"search_term_string\"}}],\"inLanguage\":\"de\"},{\"@type\":\"Organization\",\"@id\":\"https:\\\/\\\/stickerdeco.fr\\\/de\\\/#organization\",\"name\":\"Sticker D\u00e9co\",\"url\":\"https:\\\/\\\/stickerdeco.fr\\\/de\\\/\",\"logo\":{\"@type\":\"ImageObject\",\"inLanguage\":\"de\",\"@id\":\"https:\\\/\\\/stickerdeco.fr\\\/de\\\/#\\\/schema\\\/logo\\\/image\\\/\",\"url\":\"https:\\\/\\\/stickerdeco.fr\\\/wp-content\\\/uploads\\\/1987\\\/05\\\/stickerdeco-logo-v2-carre.png\",\"contentUrl\":\"https:\\\/\\\/stickerdeco.fr\\\/wp-content\\\/uploads\\\/1987\\\/05\\\/stickerdeco-logo-v2-carre.png\",\"width\":1000,\"height\":1000,\"caption\":\"Sticker D\u00e9co\"},\"image\":{\"@id\":\"https:\\\/\\\/stickerdeco.fr\\\/de\\\/#\\\/schema\\\/logo\\\/image\\\/\"},\"sameAs\":[\"https:\\\/\\\/www.facebook.com\\\/stickerdeco.fr\\\/\",\"https:\\\/\\\/www.instagram.com\\\/stickerdecofr\\\/\",\"https:\\\/\\\/www.pinterest.fr\\\/stickerdecofr\\\/\",\"https:\\\/\\\/www.youtube.com\\\/StickerDeco\"],\"email\":\"contact@stickerdeco.fr\",\"telephone\":\"0980809233\",\"legalName\":\"Sticker D\u00e9co\"}]}<\/script>\n<meta property=\"og:availability\" content=\"instock\" \/>\n<meta property=\"product:availability\" content=\"instock\" \/>\n<meta property=\"product:condition\" content=\"new\" \/>\n<!-- \/ Yoast SEO Premium plugin. -->","yoast_head_json":{"title":"T\u00fcrfolie Gerillte Eiche Holz | T\u00fcrfolie | Stickerdeco.fr","description":"Verleihen Sie Ihren T\u00fcren Charme und Nat\u00fcrlichkeit mit der T\u00fcrfolie Gerillte Eiche Holz \u2013 realistische, elegante helle Holzoptik f\u00fcr ein warmes Wohnambiente.","robots":{"index":"index","follow":"follow","max-snippet":"max-snippet:-1","max-image-preview":"max-image-preview:large","max-video-preview":"max-video-preview:-1"},"canonical":"https:\/\/stickerdeco.fr\/de\/produit\/tuerfolie-gerillt-eiche-holz\/","og_locale":"de_DE","og_type":"article","og_title":"T\u00fcrfolie Gerillte Eiche Holz","og_description":"Verleihen Sie Ihren T\u00fcren Charme und Nat\u00fcrlichkeit mit der T\u00fcrfolie Gerillte Eiche Holz \u2013 realistische, elegante helle Holzoptik f\u00fcr ein warmes Wohnambiente.","og_url":"https:\/\/stickerdeco.fr\/de\/produit\/tuerfolie-gerillt-eiche-holz\/","og_site_name":"Sticker Deco","article_publisher":"https:\/\/www.facebook.com\/stickerdeco.fr\/","article_modified_time":"2026-03-05T21:49:19+00:00","og_image":[{"width":1080,"height":1080,"url":"https:\/\/stickerdeco.fr\/wp-content\/uploads\/2026\/01\/sticker-porte-rainuree-bois-chene-001.jpg","type":"image\/jpeg"}],"twitter_card":"summary_large_image","twitter_misc":{"Verf\u00fcgbarkeit":"Auf Lager"},"schema":{"@context":"https:\/\/schema.org","@graph":[{"@type":"WebPage","@id":"https:\/\/stickerdeco.fr\/de\/produit\/tuerfolie-gerillt-eiche-holz\/","url":"https:\/\/stickerdeco.fr\/de\/produit\/tuerfolie-gerillt-eiche-holz\/","name":"T\u00fcrfolie Gerillte Eiche Holz | T\u00fcrfolie | Stickerdeco.fr","isPartOf":{"@id":"https:\/\/stickerdeco.fr\/de\/#website"},"primaryImageOfPage":{"@id":"https:\/\/stickerdeco.fr\/de\/produit\/tuerfolie-gerillt-eiche-holz\/#primaryimage"},"image":{"@id":"https:\/\/stickerdeco.fr\/de\/produit\/tuerfolie-gerillt-eiche-holz\/#primaryimage"},"thumbnailUrl":"https:\/\/stickerdeco.fr\/wp-content\/uploads\/2026\/01\/sticker-porte-rainuree-bois-chene-001.jpg","datePublished":"2026-01-21T10:20:43+00:00","dateModified":"2026-03-05T21:49:19+00:00","description":"Verleihen Sie Ihren T\u00fcren Charme und Nat\u00fcrlichkeit mit der T\u00fcrfolie Gerillte Eiche Holz \u2013 realistische, elegante helle Holzoptik f\u00fcr ein warmes Wohnambiente.","breadcrumb":{"@id":"https:\/\/stickerdeco.fr\/de\/produit\/tuerfolie-gerillt-eiche-holz\/#breadcrumb"},"inLanguage":"de","potentialAction":[{"@type":"ReadAction","target":["https:\/\/stickerdeco.fr\/de\/produit\/tuerfolie-gerillt-eiche-holz\/"]}]},{"@type":"ImageObject","inLanguage":"de","@id":"https:\/\/stickerdeco.fr\/de\/produit\/tuerfolie-gerillt-eiche-holz\/#primaryimage","url":"https:\/\/stickerdeco.fr\/wp-content\/uploads\/2026\/01\/sticker-porte-rainuree-bois-chene-001.jpg","contentUrl":"https:\/\/stickerdeco.fr\/wp-content\/uploads\/2026\/01\/sticker-porte-rainuree-bois-chene-001.jpg","width":1080,"height":1080,"caption":"T\u00fcrfolie Gerillte Eiche Holz"},{"@type":"BreadcrumbList","@id":"https:\/\/stickerdeco.fr\/de\/produit\/tuerfolie-gerillt-eiche-holz\/#breadcrumb","itemListElement":[{"@type":"ListItem","position":1,"name":"Accueil","item":"https:\/\/stickerdeco.fr\/de\/"},{"@type":"ListItem","position":2,"name":"Boutique","item":"https:\/\/stickerdeco.fr\/boutique\/"},{"@type":"ListItem","position":3,"name":"T\u00fcrfolie Gerillte Eiche Holz"}]},{"@type":"WebSite","@id":"https:\/\/stickerdeco.fr\/de\/#website","url":"https:\/\/stickerdeco.fr\/de\/","name":"Sticker Deco","description":"Le Sticker Made In France","publisher":{"@id":"https:\/\/stickerdeco.fr\/de\/#organization"},"potentialAction":[{"@type":"SearchAction","target":{"@type":"EntryPoint","urlTemplate":"https:\/\/stickerdeco.fr\/de\/?s={search_term_string}"},"query-input":{"@type":"PropertyValueSpecification","valueRequired":true,"valueName":"search_term_string"}}],"inLanguage":"de"},{"@type":"Organization","@id":"https:\/\/stickerdeco.fr\/de\/#organization","name":"Sticker D\u00e9co","url":"https:\/\/stickerdeco.fr\/de\/","logo":{"@type":"ImageObject","inLanguage":"de","@id":"https:\/\/stickerdeco.fr\/de\/#\/schema\/logo\/image\/","url":"https:\/\/stickerdeco.fr\/wp-content\/uploads\/1987\/05\/stickerdeco-logo-v2-carre.png","contentUrl":"https:\/\/stickerdeco.fr\/wp-content\/uploads\/1987\/05\/stickerdeco-logo-v2-carre.png","width":1000,"height":1000,"caption":"Sticker D\u00e9co"},"image":{"@id":"https:\/\/stickerdeco.fr\/de\/#\/schema\/logo\/image\/"},"sameAs":["https:\/\/www.facebook.com\/stickerdeco.fr\/","https:\/\/www.instagram.com\/stickerdecofr\/","https:\/\/www.pinterest.fr\/stickerdecofr\/","https:\/\/www.youtube.com\/StickerDeco"],"email":"contact@stickerdeco.fr","telephone":"0980809233","legalName":"Sticker D\u00e9co"}]},"og_availability":"instock","product_availability":"instock","product_condition":"new"},"_links":{"self":[{"href":"https:\/\/stickerdeco.fr\/de\/wp-json\/wp\/v2\/product\/122877","targetHints":{"allow":["GET"]}}],"collection":[{"href":"https:\/\/stickerdeco.fr\/de\/wp-json\/wp\/v2\/product"}],"about":[{"href":"https:\/\/stickerdeco.fr\/de\/wp-json\/wp\/v2\/types\/product"}],"version-history":[{"count":4,"href":"https:\/\/stickerdeco.fr\/de\/wp-json\/wp\/v2\/product\/122877\/revisions"}],"predecessor-version":[{"id":122915,"href":"https:\/\/stickerdeco.fr\/de\/wp-json\/wp\/v2\/product\/122877\/revisions\/122915"}],"wp:featuredmedia":[{"embeddable":true,"href":"https:\/\/stickerdeco.fr\/de\/wp-json\/wp\/v2\/media\/122878"}],"wp:attachment":[{"href":"https:\/\/stickerdeco.fr\/de\/wp-json\/wp\/v2\/media?parent=122877"}],"wp:term":[{"taxonomy":"product_brand","embeddable":true,"href":"https:\/\/stickerdeco.fr\/de\/wp-json\/wp\/v2\/product_brand?post=122877"},{"taxonomy":"product_cat","embeddable":true,"href":"https:\/\/stickerdeco.fr\/de\/wp-json\/wp\/v2\/product_cat?post=122877"},{"taxonomy":"product_tag","embeddable":true,"href":"https:\/\/stickerdeco.fr\/de\/wp-json\/wp\/v2\/product_tag?post=122877"}],"curies":[{"name":"wp","href":"https:\/\/api.w.org\/{rel}","templated":true}]}}