{"id":123687,"date":"2023-11-27T10:57:58","date_gmt":"2023-11-27T09:57:58","guid":{"rendered":"https:\/\/stickerdeco.fr\/produit\/sticker-porte-manga-one-piece\/"},"modified":"2026-03-06T15:40:16","modified_gmt":"2026-03-06T14:40:16","slug":"sticker-porte-manga-one-piece","status":"publish","type":"product","link":"https:\/\/stickerdeco.fr\/de\/produit\/sticker-porte-manga-one-piece\/","title":{"rendered":"T\u00fcrfolie Manga One Piece"},"content":{"rendered":"<div class=\"wpb-content-wrapper\"><p>[vc_row][vc_column][vc_column_text]<\/p>\n<h2><strong>Le T\u00fcrfolie Manga One Piece<\/strong><\/h2>\n<p>Envie de <strong>redonner vie \u00e0 vos portes<\/strong> avec une touche <strong>unique et artistique<\/strong> ? Alors ne cherchez pas plus loin que notre <strong>T\u00fcrfolie Manga One Piece<\/strong> ! Con\u00e7u pour <strong>transformer votre espace<\/strong> en un univers manga captivant, cet autocollant mural en vinyle de haute qualit\u00e9 promet de <strong>satisfaire vos envies<\/strong> de personnalisation.<\/p>\n<p>Chaque d\u00e9tail de ce <strong>T\u00fcrfolie Manga One Piece<\/strong> est une \u0153uvre d&#8217;art et ces planches de dessin manga en noir et blanc cr\u00e9ent une d\u00e9coration murale dynamique et personnalis\u00e9e.<\/p>\n<h3><strong>Le Sticker Porte<\/strong><\/h3>\n<p>Vous souhaitez un style unique \u00e0 la d\u00e9co vos portes ? Alors cet autocollant <strong>T\u00fcrfolie Manga One Piece<\/strong> est pour vous ! Vous avez la garantie que ce <strong>T\u00fcrfolie Manga One Piece<\/strong> vous satisfera. Il est <strong>facile \u00e0 coller <\/strong>c&#8217;est un jeu d&#8217;enfant !<\/p>\n<p>Nos <strong>stickers portes<\/strong> sont livr\u00e9s en <strong>un seul l\u00e9<\/strong>, c&#8217;est \u00e0 dire en un seul morceau. R\u00e9sultat : Aucun raccord n\u00e9cessaire pour une pose facile ! En utilisant les <a href=\"https:\/\/stickerdeco.fr\/de\/cat\/tursticker\/\"><strong>stickers pour porte<\/strong><\/a>, vous obtiendrez une <strong>d\u00e9coration originale<\/strong> et personnalis\u00e9e dans votre int\u00e9rieur.<br \/>\nPlusieurs style et design de disponible sur la boutique Sticker D\u00e9co. Que ce soit un effet 3d, une <a href=\"https:\/\/stickerdeco.fr\/de\/tag\/sticker-holzoptik\/\">imitation bois<\/a>, un paysage ou encore une porte en acier, votre porte aura \u00e0 coup sure un effet <a href=\"https:\/\/stickerdeco.fr\/de\/tag\/sticker-trompe-loeil\/\"><strong>trompe l\u2019\u0153il<\/strong><\/a> \u00e9patant.<\/p>\n<h3><strong>Un sticker de tr\u00e8s haute qualit\u00e9<\/strong><\/h3>\n<p>En effet, nous imprimons nos <strong>autocollants muraux<\/strong> en quadri HQ sur <strong>adh\u00e9sif<\/strong> polym\u00e8re <strong>r\u00e9sistant<\/strong> avec colle structur\u00e9e. Cette technologie <strong>\u00e0 la pointe de l&#8217;innovation<\/strong> permet une bonne tenue du <strong>vinyle<\/strong> dans le temps (colle polym\u00e8re) ainsi qu&#8217;une<strong> pose sans bulle<\/strong> (colle structur\u00e9e). <strong>L&#8217;adh\u00e9sif <\/strong>reste malgr\u00e9 tout relativement fin avec <strong>une \u00e9paisseur de moins de 0.2mm<\/strong> (180\u00b5m).<\/p>\n<h3><strong>Comment d\u00e9corer sa maison ?<\/strong><\/h3>\n<p>Vous aimez ce <strong>T\u00fcrfolie Manga One Piece <\/strong>? Vous \u00eates fan de <strong>D\u00e9co Murale<\/strong> et vous souhaitez accorder vos pi\u00e8ces ? Alors, il faut compl\u00e9ter votre d\u00e9coration d\u2019int\u00e9rieur avec nos :<\/p>\n<ul>\n<li><a href=\"\/?product_cat=sticker-salle-de-bains\"><strong>Stickers Salle de bain<\/strong><\/a><\/li>\n<li><a href=\"\/?product_cat=sticker-salon\"><strong>Stickers Salon<\/strong><\/a><\/li>\n<li><a href=\"https:\/\/stickerdeco.fr\/de\/cat\/wandsticker\/kuchensticker\/\"><strong>Stickers Cuisine<\/strong><\/a><\/li>\n<li>ou encore nos <a href=\"https:\/\/stickerdeco.fr\/de\/cat\/wandsticker\/wandsticker-schlafzimmer-erwachsene\/\"><strong>Stickers Chambre<\/strong><\/a>.<\/li>\n<\/ul>\n<h3><strong><a href=\"https:\/\/www.stickerdeco.fr\/\">StickerDeco.fr<\/a> c\u2019est des milliers de produits !<\/strong><\/h3>\n<p>R\u00e9alis\u00e9e dans nos locaux en \u00cele-de-France, l\u2019impression des stickers est\u00a0<strong>Made In France<\/strong>. Choisissez le v\u00f4tre parmi les cat\u00e9gories :<\/p>\n<ul>\n<li class=\"active\"><a href=\"\/?product_cat=stickers-muraux-animaux\"><strong>Stickers Animaux<\/strong><\/a>,<\/li>\n<li><strong><a href=\"\/?product_cat=stickers-muraux-fleurs\">Stickers Fleurs<\/a><\/strong>,<\/li>\n<li><strong><a href=\"\/?product_cat=stickers-muraux-mangas-et-cartoons\">Stickers Mangas<\/a><\/strong>\u00a0et bien plus encore !<\/li>\n<\/ul>\n<p><strong>ADH\u00c9SIF TR\u00c8S HAUTE QUALIT\u00c9 = POSE FACILE, GARANTIE SANS BULLE<\/strong>[\/vc_column_text][\/vc_column][\/vc_row]<\/p>\n<\/div>","protected":false},"excerpt":{"rendered":"<p>\u00d6ffne die T\u00fcr zum Abenteuer mit unserer <strong>T\u00fcrfolie Manga One Piece<\/strong>.<\/p>\n<p>Dieses Meisterwerk f\u00e4ngt den epischen Geist des One-Piece-Universums ein und verwandelt jeden Eingang in einen maritimen Ausflug.<\/p>\n<p>Einfach anzubringen \u2013 dieser Sticker l\u00e4sst dich sofort in die faszinierende Welt von <strong>Luffy und seiner Crew<\/strong> eintauchen.<\/p>\n<p>Bring einen Hauch Fernweh in deinen Alltag \u2013 mit der <strong>T\u00fcrfolie Manga One Piece<\/strong>.<\/p>\n","protected":false},"featured_media":123688,"template":"","meta":[],"product_brand":[],"product_cat":[4653,4671,4644],"product_tag":[5428,6046,5994,6197,6175,5990,5988,5989,5991],"class_list":{"0":"post-123687","1":"product","2":"type-product","3":"status-publish","4":"has-post-thumbnail","6":"product_cat-manga-cartoon-sticker","7":"product_cat-tursticker","8":"product_cat-wandsticker-kinderzimmer","9":"product_tag-promos","10":"product_tag-sticker-manga","11":"product_tag-sticker-tur-chambre","12":"product_tag-sticker-tur-enfant","13":"product_tag-sticker-tur-kunst","14":"product_tag-stickers-tur-83-x-204-cm","15":"product_tag-tursticker-63-x-204-cm","16":"product_tag-tursticker-73-x-204-cm","17":"product_tag-tursticker-93-x-204-cm","19":"first","20":"instock","21":"sale","22":"taxable","23":"shipping-taxable","24":"purchasable","25":"product-type-variable"},"etheme_brands":{"errors":{"invalid_taxonomy":["Die Taxonomie ist ung\u00fcltig."]},"error_data":[]},"yoast_head":"<!-- This site is optimized with the Yoast SEO Premium plugin v27.3 (Yoast SEO v27.3) - https:\/\/yoast.com\/product\/yoast-seo-premium-wordpress\/ -->\n<title>T\u00fcrfolie Manga One Piece | T\u00fcrfolie | StickerDeco.fr<\/title>\n<meta name=\"description\" content=\"Diese T\u00fcrfolie Manga One Piece dekoriert deine T\u00fcren stilvoll und originell. \u00d6ffne die T\u00fcr zum Abenteuer mit One Piece.\" \/>\n<meta name=\"robots\" content=\"index, follow, max-snippet:-1, max-image-preview:large, max-video-preview:-1\" \/>\n<link rel=\"canonical\" href=\"https:\/\/stickerdeco.fr\/de\/produit\/sticker-porte-manga-one-piece\/\" \/>\n<meta property=\"og:locale\" content=\"de_DE\" \/>\n<meta property=\"og:type\" content=\"article\" \/>\n<meta property=\"og:title\" content=\"T\u00fcrfolie Manga One Piece\" \/>\n<meta property=\"og:description\" content=\"Diese T\u00fcrfolie Manga One Piece dekoriert deine T\u00fcren stilvoll und originell. \u00d6ffne die T\u00fcr zum Abenteuer mit One Piece.\" \/>\n<meta property=\"og:url\" content=\"https:\/\/stickerdeco.fr\/de\/produit\/sticker-porte-manga-one-piece\/\" \/>\n<meta property=\"og:site_name\" content=\"Sticker Deco\" \/>\n<meta property=\"article:publisher\" content=\"https:\/\/www.facebook.com\/stickerdeco.fr\/\" \/>\n<meta property=\"article:modified_time\" content=\"2026-03-06T14:40:16+00:00\" \/>\n<meta property=\"og:image\" content=\"https:\/\/stickerdeco.fr\/wp-content\/uploads\/2023\/11\/sticker-porte-one-piece-00-e1732704896593.jpg\" \/>\n\t<meta property=\"og:image:width\" content=\"1000\" \/>\n\t<meta property=\"og:image:height\" content=\"1000\" \/>\n\t<meta property=\"og:image:type\" content=\"image\/jpeg\" \/>\n<meta name=\"twitter:card\" content=\"summary_large_image\" \/>\n<meta name=\"twitter:label1\" content=\"Verf\u00fcgbarkeit\" \/>\n\t<meta name=\"twitter:data1\" content=\"Auf Lager\" \/>\n<script type=\"application\/ld+json\" class=\"yoast-schema-graph\">{\"@context\":\"https:\\\/\\\/schema.org\",\"@graph\":[{\"@type\":\"WebPage\",\"@id\":\"https:\\\/\\\/stickerdeco.fr\\\/de\\\/produit\\\/sticker-porte-manga-one-piece\\\/\",\"url\":\"https:\\\/\\\/stickerdeco.fr\\\/de\\\/produit\\\/sticker-porte-manga-one-piece\\\/\",\"name\":\"T\u00fcrfolie Manga One Piece | T\u00fcrfolie | StickerDeco.fr\",\"isPartOf\":{\"@id\":\"https:\\\/\\\/stickerdeco.fr\\\/de\\\/#website\"},\"primaryImageOfPage\":{\"@id\":\"https:\\\/\\\/stickerdeco.fr\\\/de\\\/produit\\\/sticker-porte-manga-one-piece\\\/#primaryimage\"},\"image\":{\"@id\":\"https:\\\/\\\/stickerdeco.fr\\\/de\\\/produit\\\/sticker-porte-manga-one-piece\\\/#primaryimage\"},\"thumbnailUrl\":\"https:\\\/\\\/stickerdeco.fr\\\/wp-content\\\/uploads\\\/2023\\\/11\\\/sticker-porte-one-piece-00-e1732704896593.jpg\",\"datePublished\":\"2023-11-27T09:57:58+00:00\",\"dateModified\":\"2026-03-06T14:40:16+00:00\",\"description\":\"Diese T\u00fcrfolie Manga One Piece dekoriert deine T\u00fcren stilvoll und originell. \u00d6ffne die T\u00fcr zum Abenteuer mit One Piece.\",\"breadcrumb\":{\"@id\":\"https:\\\/\\\/stickerdeco.fr\\\/de\\\/produit\\\/sticker-porte-manga-one-piece\\\/#breadcrumb\"},\"inLanguage\":\"de\",\"potentialAction\":[{\"@type\":\"ReadAction\",\"target\":[\"https:\\\/\\\/stickerdeco.fr\\\/de\\\/produit\\\/sticker-porte-manga-one-piece\\\/\"]}]},{\"@type\":\"ImageObject\",\"inLanguage\":\"de\",\"@id\":\"https:\\\/\\\/stickerdeco.fr\\\/de\\\/produit\\\/sticker-porte-manga-one-piece\\\/#primaryimage\",\"url\":\"https:\\\/\\\/stickerdeco.fr\\\/wp-content\\\/uploads\\\/2023\\\/11\\\/sticker-porte-one-piece-00-e1732704896593.jpg\",\"contentUrl\":\"https:\\\/\\\/stickerdeco.fr\\\/wp-content\\\/uploads\\\/2023\\\/11\\\/sticker-porte-one-piece-00-e1732704896593.jpg\",\"width\":1000,\"height\":1000,\"caption\":\"T\u00fcrfolie Manga One Piece\"},{\"@type\":\"BreadcrumbList\",\"@id\":\"https:\\\/\\\/stickerdeco.fr\\\/de\\\/produit\\\/sticker-porte-manga-one-piece\\\/#breadcrumb\",\"itemListElement\":[{\"@type\":\"ListItem\",\"position\":1,\"name\":\"Accueil\",\"item\":\"https:\\\/\\\/stickerdeco.fr\\\/de\\\/\"},{\"@type\":\"ListItem\",\"position\":2,\"name\":\"Boutique\",\"item\":\"https:\\\/\\\/stickerdeco.fr\\\/boutique\\\/\"},{\"@type\":\"ListItem\",\"position\":3,\"name\":\"T\u00fcrfolie Manga One Piece\"}]},{\"@type\":\"WebSite\",\"@id\":\"https:\\\/\\\/stickerdeco.fr\\\/de\\\/#website\",\"url\":\"https:\\\/\\\/stickerdeco.fr\\\/de\\\/\",\"name\":\"Sticker Deco\",\"description\":\"Le Sticker Made In France\",\"publisher\":{\"@id\":\"https:\\\/\\\/stickerdeco.fr\\\/de\\\/#organization\"},\"potentialAction\":[{\"@type\":\"SearchAction\",\"target\":{\"@type\":\"EntryPoint\",\"urlTemplate\":\"https:\\\/\\\/stickerdeco.fr\\\/de\\\/?s={search_term_string}\"},\"query-input\":{\"@type\":\"PropertyValueSpecification\",\"valueRequired\":true,\"valueName\":\"search_term_string\"}}],\"inLanguage\":\"de\"},{\"@type\":\"Organization\",\"@id\":\"https:\\\/\\\/stickerdeco.fr\\\/de\\\/#organization\",\"name\":\"Sticker D\u00e9co\",\"url\":\"https:\\\/\\\/stickerdeco.fr\\\/de\\\/\",\"logo\":{\"@type\":\"ImageObject\",\"inLanguage\":\"de\",\"@id\":\"https:\\\/\\\/stickerdeco.fr\\\/de\\\/#\\\/schema\\\/logo\\\/image\\\/\",\"url\":\"https:\\\/\\\/stickerdeco.fr\\\/wp-content\\\/uploads\\\/1987\\\/05\\\/stickerdeco-logo-v2-carre.png\",\"contentUrl\":\"https:\\\/\\\/stickerdeco.fr\\\/wp-content\\\/uploads\\\/1987\\\/05\\\/stickerdeco-logo-v2-carre.png\",\"width\":1000,\"height\":1000,\"caption\":\"Sticker D\u00e9co\"},\"image\":{\"@id\":\"https:\\\/\\\/stickerdeco.fr\\\/de\\\/#\\\/schema\\\/logo\\\/image\\\/\"},\"sameAs\":[\"https:\\\/\\\/www.facebook.com\\\/stickerdeco.fr\\\/\",\"https:\\\/\\\/www.instagram.com\\\/stickerdecofr\\\/\",\"https:\\\/\\\/www.pinterest.fr\\\/stickerdecofr\\\/\",\"https:\\\/\\\/www.youtube.com\\\/StickerDeco\"],\"email\":\"contact@stickerdeco.fr\",\"telephone\":\"0980809233\",\"legalName\":\"Sticker D\u00e9co\"}]}<\/script>\n<meta property=\"og:availability\" content=\"instock\" \/>\n<meta property=\"product:availability\" content=\"instock\" \/>\n<meta property=\"product:condition\" content=\"new\" \/>\n<!-- \/ Yoast SEO Premium plugin. -->","yoast_head_json":{"title":"T\u00fcrfolie Manga One Piece | T\u00fcrfolie | StickerDeco.fr","description":"Diese T\u00fcrfolie Manga One Piece dekoriert deine T\u00fcren stilvoll und originell. \u00d6ffne die T\u00fcr zum Abenteuer mit One Piece.","robots":{"index":"index","follow":"follow","max-snippet":"max-snippet:-1","max-image-preview":"max-image-preview:large","max-video-preview":"max-video-preview:-1"},"canonical":"https:\/\/stickerdeco.fr\/de\/produit\/sticker-porte-manga-one-piece\/","og_locale":"de_DE","og_type":"article","og_title":"T\u00fcrfolie Manga One Piece","og_description":"Diese T\u00fcrfolie Manga One Piece dekoriert deine T\u00fcren stilvoll und originell. \u00d6ffne die T\u00fcr zum Abenteuer mit One Piece.","og_url":"https:\/\/stickerdeco.fr\/de\/produit\/sticker-porte-manga-one-piece\/","og_site_name":"Sticker Deco","article_publisher":"https:\/\/www.facebook.com\/stickerdeco.fr\/","article_modified_time":"2026-03-06T14:40:16+00:00","og_image":[{"width":1000,"height":1000,"url":"https:\/\/stickerdeco.fr\/wp-content\/uploads\/2023\/11\/sticker-porte-one-piece-00-e1732704896593.jpg","type":"image\/jpeg"}],"twitter_card":"summary_large_image","twitter_misc":{"Verf\u00fcgbarkeit":"Auf Lager"},"schema":{"@context":"https:\/\/schema.org","@graph":[{"@type":"WebPage","@id":"https:\/\/stickerdeco.fr\/de\/produit\/sticker-porte-manga-one-piece\/","url":"https:\/\/stickerdeco.fr\/de\/produit\/sticker-porte-manga-one-piece\/","name":"T\u00fcrfolie Manga One Piece | T\u00fcrfolie | StickerDeco.fr","isPartOf":{"@id":"https:\/\/stickerdeco.fr\/de\/#website"},"primaryImageOfPage":{"@id":"https:\/\/stickerdeco.fr\/de\/produit\/sticker-porte-manga-one-piece\/#primaryimage"},"image":{"@id":"https:\/\/stickerdeco.fr\/de\/produit\/sticker-porte-manga-one-piece\/#primaryimage"},"thumbnailUrl":"https:\/\/stickerdeco.fr\/wp-content\/uploads\/2023\/11\/sticker-porte-one-piece-00-e1732704896593.jpg","datePublished":"2023-11-27T09:57:58+00:00","dateModified":"2026-03-06T14:40:16+00:00","description":"Diese T\u00fcrfolie Manga One Piece dekoriert deine T\u00fcren stilvoll und originell. \u00d6ffne die T\u00fcr zum Abenteuer mit One Piece.","breadcrumb":{"@id":"https:\/\/stickerdeco.fr\/de\/produit\/sticker-porte-manga-one-piece\/#breadcrumb"},"inLanguage":"de","potentialAction":[{"@type":"ReadAction","target":["https:\/\/stickerdeco.fr\/de\/produit\/sticker-porte-manga-one-piece\/"]}]},{"@type":"ImageObject","inLanguage":"de","@id":"https:\/\/stickerdeco.fr\/de\/produit\/sticker-porte-manga-one-piece\/#primaryimage","url":"https:\/\/stickerdeco.fr\/wp-content\/uploads\/2023\/11\/sticker-porte-one-piece-00-e1732704896593.jpg","contentUrl":"https:\/\/stickerdeco.fr\/wp-content\/uploads\/2023\/11\/sticker-porte-one-piece-00-e1732704896593.jpg","width":1000,"height":1000,"caption":"T\u00fcrfolie Manga One Piece"},{"@type":"BreadcrumbList","@id":"https:\/\/stickerdeco.fr\/de\/produit\/sticker-porte-manga-one-piece\/#breadcrumb","itemListElement":[{"@type":"ListItem","position":1,"name":"Accueil","item":"https:\/\/stickerdeco.fr\/de\/"},{"@type":"ListItem","position":2,"name":"Boutique","item":"https:\/\/stickerdeco.fr\/boutique\/"},{"@type":"ListItem","position":3,"name":"T\u00fcrfolie Manga One Piece"}]},{"@type":"WebSite","@id":"https:\/\/stickerdeco.fr\/de\/#website","url":"https:\/\/stickerdeco.fr\/de\/","name":"Sticker Deco","description":"Le Sticker Made In France","publisher":{"@id":"https:\/\/stickerdeco.fr\/de\/#organization"},"potentialAction":[{"@type":"SearchAction","target":{"@type":"EntryPoint","urlTemplate":"https:\/\/stickerdeco.fr\/de\/?s={search_term_string}"},"query-input":{"@type":"PropertyValueSpecification","valueRequired":true,"valueName":"search_term_string"}}],"inLanguage":"de"},{"@type":"Organization","@id":"https:\/\/stickerdeco.fr\/de\/#organization","name":"Sticker D\u00e9co","url":"https:\/\/stickerdeco.fr\/de\/","logo":{"@type":"ImageObject","inLanguage":"de","@id":"https:\/\/stickerdeco.fr\/de\/#\/schema\/logo\/image\/","url":"https:\/\/stickerdeco.fr\/wp-content\/uploads\/1987\/05\/stickerdeco-logo-v2-carre.png","contentUrl":"https:\/\/stickerdeco.fr\/wp-content\/uploads\/1987\/05\/stickerdeco-logo-v2-carre.png","width":1000,"height":1000,"caption":"Sticker D\u00e9co"},"image":{"@id":"https:\/\/stickerdeco.fr\/de\/#\/schema\/logo\/image\/"},"sameAs":["https:\/\/www.facebook.com\/stickerdeco.fr\/","https:\/\/www.instagram.com\/stickerdecofr\/","https:\/\/www.pinterest.fr\/stickerdecofr\/","https:\/\/www.youtube.com\/StickerDeco"],"email":"contact@stickerdeco.fr","telephone":"0980809233","legalName":"Sticker D\u00e9co"}]},"og_availability":"instock","product_availability":"instock","product_condition":"new"},"_links":{"self":[{"href":"https:\/\/stickerdeco.fr\/de\/wp-json\/wp\/v2\/product\/123687","targetHints":{"allow":["GET"]}}],"collection":[{"href":"https:\/\/stickerdeco.fr\/de\/wp-json\/wp\/v2\/product"}],"about":[{"href":"https:\/\/stickerdeco.fr\/de\/wp-json\/wp\/v2\/types\/product"}],"version-history":[{"count":9,"href":"https:\/\/stickerdeco.fr\/de\/wp-json\/wp\/v2\/product\/123687\/revisions"}],"predecessor-version":[{"id":132851,"href":"https:\/\/stickerdeco.fr\/de\/wp-json\/wp\/v2\/product\/123687\/revisions\/132851"}],"wp:featuredmedia":[{"embeddable":true,"href":"https:\/\/stickerdeco.fr\/de\/wp-json\/wp\/v2\/media\/123688"}],"wp:attachment":[{"href":"https:\/\/stickerdeco.fr\/de\/wp-json\/wp\/v2\/media?parent=123687"}],"wp:term":[{"taxonomy":"product_brand","embeddable":true,"href":"https:\/\/stickerdeco.fr\/de\/wp-json\/wp\/v2\/product_brand?post=123687"},{"taxonomy":"product_cat","embeddable":true,"href":"https:\/\/stickerdeco.fr\/de\/wp-json\/wp\/v2\/product_cat?post=123687"},{"taxonomy":"product_tag","embeddable":true,"href":"https:\/\/stickerdeco.fr\/de\/wp-json\/wp\/v2\/product_tag?post=123687"}],"curies":[{"name":"wp","href":"https:\/\/api.w.org\/{rel}","templated":true}]}}