{"id":124111,"date":"2023-11-27T14:44:54","date_gmt":"2023-11-27T13:44:54","guid":{"rendered":"https:\/\/stickerdeco.fr\/produit\/sticker-porte-aquarelle-douce\/"},"modified":"2026-03-06T15:39:20","modified_gmt":"2026-03-06T14:39:20","slug":"sticker-porte-aquarelle-douce","status":"publish","type":"product","link":"https:\/\/stickerdeco.fr\/de\/produit\/sticker-porte-aquarelle-douce\/","title":{"rendered":"T\u00fcrfolie Sanfte Aquarellfarben"},"content":{"rendered":"<div class=\"wpb-content-wrapper\"><p>[vc_row][vc_column][vc_column_text]<\/p>\n<h2><span style=\"font-size: 14pt;\"><strong>Le T\u00fcrfolie Sanfte Aquarellfarben<\/strong><\/span><\/h2>\n<p><span style=\"font-size: 11pt;\">Envie de changer votre <strong>d\u00e9coration<\/strong> d\u2019int\u00e9rieur ? Alors ce magnifique <strong>T\u00fcrfolie Sanfte Aquarellfarben <\/strong>est fait pour vous ! Nul doute que ce <strong>T\u00fcrfolie Sanfte Aquarellfarben <\/strong>vous satisfera gr\u00e2ce \u00e0 notre adh\u00e9sif mural en vinyle haute qualit\u00e9. Il est <strong>facile \u00e0 coller. <\/strong>Avec ce sticker,<strong> personnaliser votre int\u00e9rieur <\/strong>est maintenant accessible !<\/span><\/p>\n<p><span style=\"font-size: 11pt;\">Chaque <strong>d\u00e9co murale<\/strong> est ind\u00e9pendante et <strong>peut \u00eatre coll\u00e9e s\u00e9par\u00e9ment<\/strong>. Vous avez donc un maximum de possibilit\u00e9s pour la pose de votre <strong>autocollant murale<\/strong> alors faites parler votre \u00e2me de <strong>d\u00e9corateur !<\/strong><\/span><\/p>\n<h3><span style=\"font-size: 14pt;\"><strong>Le Sticker Porte<\/strong><\/span><\/h3>\n<p><span style=\"font-size: 11pt;\">Vous souhaitez un style unique \u00e0 la d\u00e9co vos portes ? Alors cet autocollant <strong>T\u00fcrfolie Sanfte Aquarellfarben<\/strong> est pour vous ! Nul doute que ce <strong>T\u00fcrfolie Sanfte Aquarellfarben<\/strong> vous satisfera. Il est <strong>facile \u00e0 coller <\/strong>c&#8217;est un jeu d&#8217;enfant !<\/span><\/p>\n<p><span style=\"font-size: 11pt;\">Nos <strong>stickers portes<\/strong> sont livr\u00e9s en un seul l\u00e9, c&#8217;est \u00e0 dire en un seul morceau. R\u00e9sultat : Aucun raccord n\u00e9cessaire pour une pose facile ! En utilisant les <a href=\"https:\/\/stickerdeco.fr\/de\/cat\/tursticker\/\"><strong>Stickers pour porte<\/strong><\/a>, vous obtiendrez une <strong>d\u00e9coration originale<\/strong> et personnalis\u00e9e dans votre int\u00e9rieur. Plusieurs style et design de disponible sur la boutique Sticker D\u00e9co. Que ce soit un effet 3d, une <a href=\"https:\/\/stickerdeco.fr\/de\/tag\/sticker-holzoptik\/\">imitation bois<\/a> ou une porte en acier, votre porte aura \u00e0 coup sure un effet <a href=\"https:\/\/stickerdeco.fr\/de\/tag\/sticker-trompe-loeil\/\"><strong>trompe l\u2019\u0153il<\/strong><\/a> \u00e9patant.<\/span><\/p>\n<h3><span style=\"font-size: 14pt;\"><strong>Un sticker de tr\u00e8s haute qualit\u00e9<\/strong><\/span><\/h3>\n<p><span style=\"font-size: 11pt;\">En effet, nous imprimons nos <strong>autocollants muraux<\/strong> en quadri HQ sur <strong>adh\u00e9sif<\/strong> polym\u00e8re <strong>r\u00e9sistant<\/strong> avec colle structur\u00e9e. Cette technologie <strong>\u00e0 la pointe de l&#8217;innovation<\/strong> permet une bonne tenue du <strong>vinyle<\/strong> dans le temps (colle polym\u00e8re) ainsi qu&#8217;une<strong> pose sans bulle<\/strong> (colle structur\u00e9e). <strong>L&#8217;adh\u00e9sif <\/strong>reste malgr\u00e9 tout relativement fin avec <strong>une \u00e9paisseur de moins de 0.2mm<\/strong> (180\u00b5m).<\/span><\/p>\n<h3><span style=\"font-size: 14pt;\"><strong>Comment d\u00e9corer sa maison ?<\/strong><\/span><\/h3>\n<p><span style=\"font-size: 11pt;\">Vous aimez ce <strong>T\u00fcrfolie Sanfte Aquarellfarben <\/strong>? Vous \u00eates fan de <strong>D\u00e9co Murale<\/strong> et vous souhaitez accorder vos pi\u00e8ces ? Alors, il faut compl\u00e9ter votre d\u00e9coration d\u2019int\u00e9rieur avec nos :<\/span><\/p>\n<ul>\n<li><span style=\"font-size: 11pt;\"> <a href=\"\/?product_cat=sticker-salle-de-bains\"><strong>Stickers Salle de bain<\/strong><\/a><\/span><\/li>\n<li><span style=\"font-size: 11pt;\"><a href=\"\/?product_cat=sticker-salon\"><strong>Stickers Salon<\/strong><\/a><\/span><\/li>\n<li><span style=\"font-size: 11pt;\"><a href=\"https:\/\/stickerdeco.fr\/de\/cat\/wandsticker\/kuchensticker\/\"><strong>Stickers Cuisine<\/strong><\/a><\/span><\/li>\n<li><span style=\"font-size: 11pt;\">ou encore nos <a href=\"https:\/\/stickerdeco.fr\/de\/cat\/wandsticker\/wandsticker-schlafzimmer-erwachsene\/\"><strong>Stickers Chambre<\/strong><\/a><\/span><\/li>\n<\/ul>\n<h3><span style=\"font-size: 14pt;\"><strong><a href=\"https:\/\/www.stickerdeco.fr\/\">StickerDeco.fr<\/a> c\u2019est des milliers de produits !<\/strong><\/span><\/h3>\n<p><span style=\"font-size: 11pt;\">R\u00e9alis\u00e9e dans nos locaux en \u00cele-de-France, l\u2019impression des stickers est <strong>Made In France<\/strong>. Choisissez le v\u00f4tre parmi les cat\u00e9gories <a href=\"\/?product_cat=stickers-muraux-animaux\"><strong>Stickers Animaux<\/strong><\/a>, <strong><a href=\"\/?product_cat=stickers-muraux-fleurs\">Stickers Fleurs<\/a><\/strong>, <strong><a href=\"\/?product_cat=stickers-muraux-mangas-et-cartoons\">Stickers Mangas<\/a><\/strong> et bien plus encore !<\/span><\/p>\n<p><span style=\"font-size: 14pt; color: #d64444;\"><strong>ADH\u00c9SIF TR\u00c8S HAUTE QUALIT\u00c9 = POSE FACILE, GARANTIE SANS BULLE<\/strong><\/span>[\/vc_column_text][\/vc_column][\/vc_row]<\/p>\n<\/div>","protected":false},"excerpt":{"rendered":"<p>Du m\u00f6chtest deinen T\u00fcren eine sanfte, zeitlose Deko geben? Dann ist diese <strong>T\u00fcrfolie Sanfte Aquarellfarben<\/strong> genau das Richtige!<\/p>\n<p>Der Aquarell-Stil bringt eine ruhige Atmosph\u00e4re in dein Zuhause.<\/p>\n<p><strong>Produkteigenschaften:<\/strong><\/p>\n<ul class=\"product-short-desc-list\">\n<li>T\u00fcrfolie: einfache, blasenfreie Anbringung<\/li>\n<li>In einem St\u00fcck geliefert: kein m\u00fchsames Zusammenf\u00fcgen oder zus\u00e4tzliches Kleben n\u00f6tig<\/li>\n<li>Laminierte Oberfl\u00e4che mit matter Optik: edles Finish, geringe Reflexion und hohe Haltbarkeit<\/li>\n<li>Geeignet f\u00fcr glatte Oberfl\u00e4chen (lackierte\/laminierte T\u00fcren, Kunststoff, Glas usw.)<\/li>\n<li>Leicht zu reinigen, abwaschbar und spritzwassergesch\u00fctzt<\/li>\n<li>Euroklasse B-s1,d0 (entspr. M1 in Frankreich)<\/li>\n<li>\u00d6kologischer Druck UL ECOLOGO\u00ae und UL GREENGUARD Gold: emissionsarm und geruchsfrei, geeignet f\u00fcr empfindliche Innenr\u00e4ume<\/li>\n<\/ul>\n<p><span style=\"color: #d64444;\"><strong>Mehrere Gr\u00f6\u00dfen verf\u00fcgbar, passend f\u00fcr alle Ihre T\u00fcren (Ma\u00dfanfertigung auf Anfrage m\u00f6glich).<\/strong><\/span><\/p>\n<hr \/>\n","protected":false},"featured_media":124112,"template":"","meta":[],"product_brand":[],"product_cat":[4671,4647],"product_tag":[6171,6180,6179,5994,5992,6175,5993,5990,5988,5989,5991],"class_list":{"0":"post-124111","1":"product","2":"type-product","3":"status-publish","4":"has-post-thumbnail","6":"product_cat-tursticker","7":"product_cat-wohnzimmersticker","8":"product_tag-sticker-tur-abstrakte","9":"product_tag-sticker-tur-badezimmer","10":"product_tag-sticker-tur-bunt","11":"product_tag-sticker-tur-chambre","12":"product_tag-sticker-tur-kuche","13":"product_tag-sticker-tur-kunst","14":"product_tag-sticker-tur-salon","15":"product_tag-stickers-tur-83-x-204-cm","16":"product_tag-tursticker-63-x-204-cm","17":"product_tag-tursticker-73-x-204-cm","18":"product_tag-tursticker-93-x-204-cm","20":"first","21":"instock","22":"sale","23":"taxable","24":"shipping-taxable","25":"purchasable","26":"product-type-variable"},"etheme_brands":{"errors":{"invalid_taxonomy":["Die Taxonomie ist ung\u00fcltig."]},"error_data":[]},"yoast_head":"<!-- This site is optimized with the Yoast SEO Premium plugin v27.3 (Yoast SEO v27.3) - https:\/\/yoast.com\/product\/yoast-seo-premium-wordpress\/ -->\n<title>T\u00fcrfolie Sanfte Aquarellfarben | T\u00fcrfolie | StickerDeco.fr<\/title>\n<meta name=\"description\" content=\"Lust auf eine sanfte, zeitlose Deko? Dann ist diese T\u00fcrfolie Sanfte Aquarellfarben genau das Richtige! Qualit\u00e4t Made in France.\" \/>\n<meta name=\"robots\" content=\"index, follow, max-snippet:-1, max-image-preview:large, max-video-preview:-1\" \/>\n<link rel=\"canonical\" href=\"https:\/\/stickerdeco.fr\/de\/produit\/sticker-porte-aquarelle-douce\/\" \/>\n<meta property=\"og:locale\" content=\"de_DE\" \/>\n<meta property=\"og:type\" content=\"article\" \/>\n<meta property=\"og:title\" content=\"T\u00fcrfolie Sanfte Aquarellfarben\" \/>\n<meta property=\"og:description\" content=\"Lust auf eine sanfte, zeitlose Deko? Dann ist diese T\u00fcrfolie Sanfte Aquarellfarben genau das Richtige! Qualit\u00e4t Made in France.\" \/>\n<meta property=\"og:url\" content=\"https:\/\/stickerdeco.fr\/de\/produit\/sticker-porte-aquarelle-douce\/\" \/>\n<meta property=\"og:site_name\" content=\"Sticker Deco\" \/>\n<meta property=\"article:publisher\" content=\"https:\/\/www.facebook.com\/stickerdeco.fr\/\" \/>\n<meta property=\"article:modified_time\" content=\"2026-03-06T14:39:20+00:00\" \/>\n<meta property=\"og:image\" content=\"https:\/\/stickerdeco.fr\/wp-content\/uploads\/2023\/11\/sticker-porte-aquarelle-douce-00.jpg\" \/>\n\t<meta property=\"og:image:width\" content=\"1000\" \/>\n\t<meta property=\"og:image:height\" content=\"1000\" \/>\n\t<meta property=\"og:image:type\" content=\"image\/jpeg\" \/>\n<meta name=\"twitter:card\" content=\"summary_large_image\" \/>\n<meta name=\"twitter:label1\" content=\"Verf\u00fcgbarkeit\" \/>\n\t<meta name=\"twitter:data1\" content=\"Auf Lager\" \/>\n<script type=\"application\/ld+json\" class=\"yoast-schema-graph\">{\"@context\":\"https:\\\/\\\/schema.org\",\"@graph\":[{\"@type\":\"WebPage\",\"@id\":\"https:\\\/\\\/stickerdeco.fr\\\/de\\\/produit\\\/sticker-porte-aquarelle-douce\\\/\",\"url\":\"https:\\\/\\\/stickerdeco.fr\\\/de\\\/produit\\\/sticker-porte-aquarelle-douce\\\/\",\"name\":\"T\u00fcrfolie Sanfte Aquarellfarben | T\u00fcrfolie | StickerDeco.fr\",\"isPartOf\":{\"@id\":\"https:\\\/\\\/stickerdeco.fr\\\/de\\\/#website\"},\"primaryImageOfPage\":{\"@id\":\"https:\\\/\\\/stickerdeco.fr\\\/de\\\/produit\\\/sticker-porte-aquarelle-douce\\\/#primaryimage\"},\"image\":{\"@id\":\"https:\\\/\\\/stickerdeco.fr\\\/de\\\/produit\\\/sticker-porte-aquarelle-douce\\\/#primaryimage\"},\"thumbnailUrl\":\"https:\\\/\\\/stickerdeco.fr\\\/wp-content\\\/uploads\\\/2023\\\/11\\\/sticker-porte-aquarelle-douce-00.jpg\",\"datePublished\":\"2023-11-27T13:44:54+00:00\",\"dateModified\":\"2026-03-06T14:39:20+00:00\",\"description\":\"Lust auf eine sanfte, zeitlose Deko? Dann ist diese T\u00fcrfolie Sanfte Aquarellfarben genau das Richtige! Qualit\u00e4t Made in France.\",\"breadcrumb\":{\"@id\":\"https:\\\/\\\/stickerdeco.fr\\\/de\\\/produit\\\/sticker-porte-aquarelle-douce\\\/#breadcrumb\"},\"inLanguage\":\"de\",\"potentialAction\":[{\"@type\":\"ReadAction\",\"target\":[\"https:\\\/\\\/stickerdeco.fr\\\/de\\\/produit\\\/sticker-porte-aquarelle-douce\\\/\"]}]},{\"@type\":\"ImageObject\",\"inLanguage\":\"de\",\"@id\":\"https:\\\/\\\/stickerdeco.fr\\\/de\\\/produit\\\/sticker-porte-aquarelle-douce\\\/#primaryimage\",\"url\":\"https:\\\/\\\/stickerdeco.fr\\\/wp-content\\\/uploads\\\/2023\\\/11\\\/sticker-porte-aquarelle-douce-00.jpg\",\"contentUrl\":\"https:\\\/\\\/stickerdeco.fr\\\/wp-content\\\/uploads\\\/2023\\\/11\\\/sticker-porte-aquarelle-douce-00.jpg\",\"width\":1000,\"height\":1000,\"caption\":\"T\u00fcrfolie Sanfte Aquarellfarben\"},{\"@type\":\"BreadcrumbList\",\"@id\":\"https:\\\/\\\/stickerdeco.fr\\\/de\\\/produit\\\/sticker-porte-aquarelle-douce\\\/#breadcrumb\",\"itemListElement\":[{\"@type\":\"ListItem\",\"position\":1,\"name\":\"Accueil\",\"item\":\"https:\\\/\\\/stickerdeco.fr\\\/de\\\/\"},{\"@type\":\"ListItem\",\"position\":2,\"name\":\"Boutique\",\"item\":\"https:\\\/\\\/stickerdeco.fr\\\/boutique\\\/\"},{\"@type\":\"ListItem\",\"position\":3,\"name\":\"T\u00fcrfolie Sanfte Aquarellfarben\"}]},{\"@type\":\"WebSite\",\"@id\":\"https:\\\/\\\/stickerdeco.fr\\\/de\\\/#website\",\"url\":\"https:\\\/\\\/stickerdeco.fr\\\/de\\\/\",\"name\":\"Sticker Deco\",\"description\":\"Le Sticker Made In France\",\"publisher\":{\"@id\":\"https:\\\/\\\/stickerdeco.fr\\\/de\\\/#organization\"},\"potentialAction\":[{\"@type\":\"SearchAction\",\"target\":{\"@type\":\"EntryPoint\",\"urlTemplate\":\"https:\\\/\\\/stickerdeco.fr\\\/de\\\/?s={search_term_string}\"},\"query-input\":{\"@type\":\"PropertyValueSpecification\",\"valueRequired\":true,\"valueName\":\"search_term_string\"}}],\"inLanguage\":\"de\"},{\"@type\":\"Organization\",\"@id\":\"https:\\\/\\\/stickerdeco.fr\\\/de\\\/#organization\",\"name\":\"Sticker D\u00e9co\",\"url\":\"https:\\\/\\\/stickerdeco.fr\\\/de\\\/\",\"logo\":{\"@type\":\"ImageObject\",\"inLanguage\":\"de\",\"@id\":\"https:\\\/\\\/stickerdeco.fr\\\/de\\\/#\\\/schema\\\/logo\\\/image\\\/\",\"url\":\"https:\\\/\\\/stickerdeco.fr\\\/wp-content\\\/uploads\\\/1987\\\/05\\\/stickerdeco-logo-v2-carre.png\",\"contentUrl\":\"https:\\\/\\\/stickerdeco.fr\\\/wp-content\\\/uploads\\\/1987\\\/05\\\/stickerdeco-logo-v2-carre.png\",\"width\":1000,\"height\":1000,\"caption\":\"Sticker D\u00e9co\"},\"image\":{\"@id\":\"https:\\\/\\\/stickerdeco.fr\\\/de\\\/#\\\/schema\\\/logo\\\/image\\\/\"},\"sameAs\":[\"https:\\\/\\\/www.facebook.com\\\/stickerdeco.fr\\\/\",\"https:\\\/\\\/www.instagram.com\\\/stickerdecofr\\\/\",\"https:\\\/\\\/www.pinterest.fr\\\/stickerdecofr\\\/\",\"https:\\\/\\\/www.youtube.com\\\/StickerDeco\"],\"email\":\"contact@stickerdeco.fr\",\"telephone\":\"0980809233\",\"legalName\":\"Sticker D\u00e9co\"}]}<\/script>\n<meta property=\"og:availability\" content=\"instock\" \/>\n<meta property=\"product:availability\" content=\"instock\" \/>\n<meta property=\"product:condition\" content=\"new\" \/>\n<!-- \/ Yoast SEO Premium plugin. -->","yoast_head_json":{"title":"T\u00fcrfolie Sanfte Aquarellfarben | T\u00fcrfolie | StickerDeco.fr","description":"Lust auf eine sanfte, zeitlose Deko? Dann ist diese T\u00fcrfolie Sanfte Aquarellfarben genau das Richtige! Qualit\u00e4t Made in France.","robots":{"index":"index","follow":"follow","max-snippet":"max-snippet:-1","max-image-preview":"max-image-preview:large","max-video-preview":"max-video-preview:-1"},"canonical":"https:\/\/stickerdeco.fr\/de\/produit\/sticker-porte-aquarelle-douce\/","og_locale":"de_DE","og_type":"article","og_title":"T\u00fcrfolie Sanfte Aquarellfarben","og_description":"Lust auf eine sanfte, zeitlose Deko? Dann ist diese T\u00fcrfolie Sanfte Aquarellfarben genau das Richtige! Qualit\u00e4t Made in France.","og_url":"https:\/\/stickerdeco.fr\/de\/produit\/sticker-porte-aquarelle-douce\/","og_site_name":"Sticker Deco","article_publisher":"https:\/\/www.facebook.com\/stickerdeco.fr\/","article_modified_time":"2026-03-06T14:39:20+00:00","og_image":[{"width":1000,"height":1000,"url":"https:\/\/stickerdeco.fr\/wp-content\/uploads\/2023\/11\/sticker-porte-aquarelle-douce-00.jpg","type":"image\/jpeg"}],"twitter_card":"summary_large_image","twitter_misc":{"Verf\u00fcgbarkeit":"Auf Lager"},"schema":{"@context":"https:\/\/schema.org","@graph":[{"@type":"WebPage","@id":"https:\/\/stickerdeco.fr\/de\/produit\/sticker-porte-aquarelle-douce\/","url":"https:\/\/stickerdeco.fr\/de\/produit\/sticker-porte-aquarelle-douce\/","name":"T\u00fcrfolie Sanfte Aquarellfarben | T\u00fcrfolie | StickerDeco.fr","isPartOf":{"@id":"https:\/\/stickerdeco.fr\/de\/#website"},"primaryImageOfPage":{"@id":"https:\/\/stickerdeco.fr\/de\/produit\/sticker-porte-aquarelle-douce\/#primaryimage"},"image":{"@id":"https:\/\/stickerdeco.fr\/de\/produit\/sticker-porte-aquarelle-douce\/#primaryimage"},"thumbnailUrl":"https:\/\/stickerdeco.fr\/wp-content\/uploads\/2023\/11\/sticker-porte-aquarelle-douce-00.jpg","datePublished":"2023-11-27T13:44:54+00:00","dateModified":"2026-03-06T14:39:20+00:00","description":"Lust auf eine sanfte, zeitlose Deko? Dann ist diese T\u00fcrfolie Sanfte Aquarellfarben genau das Richtige! Qualit\u00e4t Made in France.","breadcrumb":{"@id":"https:\/\/stickerdeco.fr\/de\/produit\/sticker-porte-aquarelle-douce\/#breadcrumb"},"inLanguage":"de","potentialAction":[{"@type":"ReadAction","target":["https:\/\/stickerdeco.fr\/de\/produit\/sticker-porte-aquarelle-douce\/"]}]},{"@type":"ImageObject","inLanguage":"de","@id":"https:\/\/stickerdeco.fr\/de\/produit\/sticker-porte-aquarelle-douce\/#primaryimage","url":"https:\/\/stickerdeco.fr\/wp-content\/uploads\/2023\/11\/sticker-porte-aquarelle-douce-00.jpg","contentUrl":"https:\/\/stickerdeco.fr\/wp-content\/uploads\/2023\/11\/sticker-porte-aquarelle-douce-00.jpg","width":1000,"height":1000,"caption":"T\u00fcrfolie Sanfte Aquarellfarben"},{"@type":"BreadcrumbList","@id":"https:\/\/stickerdeco.fr\/de\/produit\/sticker-porte-aquarelle-douce\/#breadcrumb","itemListElement":[{"@type":"ListItem","position":1,"name":"Accueil","item":"https:\/\/stickerdeco.fr\/de\/"},{"@type":"ListItem","position":2,"name":"Boutique","item":"https:\/\/stickerdeco.fr\/boutique\/"},{"@type":"ListItem","position":3,"name":"T\u00fcrfolie Sanfte Aquarellfarben"}]},{"@type":"WebSite","@id":"https:\/\/stickerdeco.fr\/de\/#website","url":"https:\/\/stickerdeco.fr\/de\/","name":"Sticker Deco","description":"Le Sticker Made In France","publisher":{"@id":"https:\/\/stickerdeco.fr\/de\/#organization"},"potentialAction":[{"@type":"SearchAction","target":{"@type":"EntryPoint","urlTemplate":"https:\/\/stickerdeco.fr\/de\/?s={search_term_string}"},"query-input":{"@type":"PropertyValueSpecification","valueRequired":true,"valueName":"search_term_string"}}],"inLanguage":"de"},{"@type":"Organization","@id":"https:\/\/stickerdeco.fr\/de\/#organization","name":"Sticker D\u00e9co","url":"https:\/\/stickerdeco.fr\/de\/","logo":{"@type":"ImageObject","inLanguage":"de","@id":"https:\/\/stickerdeco.fr\/de\/#\/schema\/logo\/image\/","url":"https:\/\/stickerdeco.fr\/wp-content\/uploads\/1987\/05\/stickerdeco-logo-v2-carre.png","contentUrl":"https:\/\/stickerdeco.fr\/wp-content\/uploads\/1987\/05\/stickerdeco-logo-v2-carre.png","width":1000,"height":1000,"caption":"Sticker D\u00e9co"},"image":{"@id":"https:\/\/stickerdeco.fr\/de\/#\/schema\/logo\/image\/"},"sameAs":["https:\/\/www.facebook.com\/stickerdeco.fr\/","https:\/\/www.instagram.com\/stickerdecofr\/","https:\/\/www.pinterest.fr\/stickerdecofr\/","https:\/\/www.youtube.com\/StickerDeco"],"email":"contact@stickerdeco.fr","telephone":"0980809233","legalName":"Sticker D\u00e9co"}]},"og_availability":"instock","product_availability":"instock","product_condition":"new"},"_links":{"self":[{"href":"https:\/\/stickerdeco.fr\/de\/wp-json\/wp\/v2\/product\/124111","targetHints":{"allow":["GET"]}}],"collection":[{"href":"https:\/\/stickerdeco.fr\/de\/wp-json\/wp\/v2\/product"}],"about":[{"href":"https:\/\/stickerdeco.fr\/de\/wp-json\/wp\/v2\/types\/product"}],"version-history":[{"count":9,"href":"https:\/\/stickerdeco.fr\/de\/wp-json\/wp\/v2\/product\/124111\/revisions"}],"predecessor-version":[{"id":132703,"href":"https:\/\/stickerdeco.fr\/de\/wp-json\/wp\/v2\/product\/124111\/revisions\/132703"}],"wp:featuredmedia":[{"embeddable":true,"href":"https:\/\/stickerdeco.fr\/de\/wp-json\/wp\/v2\/media\/124112"}],"wp:attachment":[{"href":"https:\/\/stickerdeco.fr\/de\/wp-json\/wp\/v2\/media?parent=124111"}],"wp:term":[{"taxonomy":"product_brand","embeddable":true,"href":"https:\/\/stickerdeco.fr\/de\/wp-json\/wp\/v2\/product_brand?post=124111"},{"taxonomy":"product_cat","embeddable":true,"href":"https:\/\/stickerdeco.fr\/de\/wp-json\/wp\/v2\/product_cat?post=124111"},{"taxonomy":"product_tag","embeddable":true,"href":"https:\/\/stickerdeco.fr\/de\/wp-json\/wp\/v2\/product_tag?post=124111"}],"curies":[{"name":"wp","href":"https:\/\/api.w.org\/{rel}","templated":true}]}}