{"id":124583,"date":"2023-12-12T09:04:19","date_gmt":"2023-12-12T08:04:19","guid":{"rendered":"https:\/\/stickerdeco.fr\/produit\/tuerfolie-minimalistischer-kaffee\/"},"modified":"2026-03-06T00:58:23","modified_gmt":"2026-03-05T23:58:23","slug":"tuerfolie-minimalistischer-kaffee","status":"publish","type":"product","link":"https:\/\/stickerdeco.fr\/de\/produit\/tuerfolie-minimalistischer-kaffee\/","title":{"rendered":"T\u00fcrfolie Minimalistischer Kaffee"},"content":{"rendered":"<div class=\"wpb-content-wrapper\"><p>[vc_row][vc_column][vc_column_text]<\/p>\n<h2><span style=\"font-size: 14pt;\"><strong>Die T\u00fcrfolie Minimalistischer Kaffee<\/strong><\/span><\/h2>\n<p><span style=\"font-size: 11pt;\">M\u00f6chten Sie Ihre <strong>Inneneinrichtung<\/strong> ver\u00e4ndern? Dann ist diese wundersch\u00f6ne <strong>T\u00fcrfolie Minimalistischer Kaffee <\/strong>genau das Richtige f\u00fcr Sie! Kein Zweifel: Diese <strong>T\u00fcrfolie Minimalistischer Kaffee <\/strong>wird Sie dank unserer hochwertigen Vinyl-Wandfolie begeistern. Sie ist <strong>leicht anzubringen.<\/strong> Mit diesem Sticker ist <strong>Personalisieren<\/strong> jetzt f\u00fcr alle m\u00f6glich!<\/span><\/p>\n<p><span style=\"font-size: 11pt;\">Jedes Element der <strong>Wanddeko<\/strong> ist unabh\u00e4ngig und <strong>kann separat angebracht werden<\/strong>. So haben Sie maximale M\u00f6glichkeiten bei der Anbringung Ihres <strong>Wandstickers<\/strong> \u2013 lassen Sie Ihren inneren <strong>Dekorateur<\/strong> sprechen!<\/span><\/p>\n<h3><span style=\"font-size: 14pt;\"><strong>T\u00fcrfolien<\/strong><\/span><\/h3>\n<p><span style=\"font-size: 11pt;\">Sie m\u00f6chten Ihren T\u00fcren einen einzigartigen Look verleihen? Dann ist diese <strong>T\u00fcrfolie Minimalistischer Kaffee<\/strong> f\u00fcr Sie! Kein Zweifel, diese <strong>T\u00fcrfolie Minimalistischer Kaffee<\/strong> wird Sie \u00fcberzeugen. Sie ist <strong>leicht anzubringen<\/strong> \u2013 kinderleicht!<\/span><\/p>\n<p><span style=\"font-size: 11pt;\">Unsere <strong>T\u00fcrfolien<\/strong> werden in einem einzigen Bahnst\u00fcck geliefert, also <strong>in einem St\u00fcck<\/strong>. Ergebnis: <strong>Keine St\u00f6\u00dfe<\/strong> notwendig \u2013 f\u00fcr eine einfache Anbringung! Mit <a href=\"https:\/\/stickerdeco.fr\/de\/cat\/tursticker\/\"><strong>Stickern f\u00fcr T\u00fcren<\/strong><\/a> erhalten Sie eine <strong>originelle<\/strong> und personalisierte Dekoration f\u00fcr Ihr Zuhause. Viele Stile und Designs sind im Sticker D\u00e9co Shop erh\u00e4ltlich. Ob 3D-Effekt, <a href=\"https:\/\/stickerdeco.fr\/de\/tag\/sticker-holzoptik\/\">Holzoptik<\/a> oder eine Stahlt\u00fcr \u2013 Ihre T\u00fcr bekommt garantiert einen beeindruckenden <a href=\"https:\/\/stickerdeco.fr\/de\/tag\/sticker-trompe-loeil\/\"><strong>Trompe-l\u2019\u0153il<\/strong><\/a>-Effekt.<\/span><\/p>\n<h3><span style=\"font-size: 14pt;\"><strong>Ein Sticker von sehr hoher Qualit\u00e4t<\/strong><\/span><\/h3>\n<p><span style=\"font-size: 11pt;\">Wir drucken unsere <strong>Wandsticker<\/strong> in HQ-Vierfarbdruck auf <strong>robustem<\/strong> Polymer-Vinyl-<strong>Klebe<\/strong>material mit strukturierter Klebeschicht. Diese <strong>hochmoderne<\/strong> Technologie sorgt f\u00fcr eine gute Haltbarkeit der <strong>Vinylfolie<\/strong> \u00fcber die Zeit (Polymerkleber) sowie eine <strong>blasenfreie Anbringung<\/strong> (strukturierter Kleber). Der <strong>Kleber<\/strong> bleibt dennoch relativ d\u00fcnn, mit <strong>einer St\u00e4rke von unter 0,2 mm<\/strong> (180 \u00b5m).<\/span><\/p>\n<h3><span style=\"font-size: 14pt;\"><strong>Wie dekoriert man sein Zuhause?<\/strong><\/span><\/h3>\n<p><span style=\"font-size: 11pt;\">Gef\u00e4llt Ihnen diese <strong>T\u00fcrfolie Minimalistischer Kaffee <\/strong>? Sie lieben <strong>Wanddeko<\/strong> und m\u00f6chten Ihre R\u00e4ume aufeinander abstimmen? Dann erg\u00e4nzen Sie Ihre Innendekoration mit:<\/span><\/p>\n<ul>\n<li><span style=\"font-size: 11pt;\"> <a href=\"\/?product_cat=sticker-salle-de-bains\"><strong>Badezimmer-Sticker<\/strong><\/a><\/span><\/li>\n<li><span style=\"font-size: 11pt;\"><a href=\"\/?product_cat=sticker-salon\"><strong>Wohnzimmer-Sticker<\/strong><\/a><\/span><\/li>\n<li><span style=\"font-size: 11pt;\"><a href=\"https:\/\/stickerdeco.fr\/de\/cat\/wandsticker\/kuchensticker\/\"><strong>K\u00fcchen-Sticker<\/strong><\/a><\/span><\/li>\n<li><span style=\"font-size: 11pt;\">oder unsere <a href=\"https:\/\/stickerdeco.fr\/de\/cat\/wandsticker\/wandsticker-schlafzimmer-erwachsene\/\"><strong>Schlafzimmer-Sticker<\/strong><\/a><\/span><\/li>\n<\/ul>\n<h3><span style=\"font-size: 14pt;\"><strong><a href=\"https:\/\/www.stickerdeco.fr\/\">StickerDeco.fr<\/a> hat Tausende von Produkten!<\/strong><\/span><\/h3>\n<p><span style=\"font-size: 11pt;\">Gedruckt in unseren Werkst\u00e4tten in der \u00cele-de-France: Unsere Sticker sind <strong>Made In France<\/strong>. W\u00e4hlen Sie Ihr Motiv aus den Kategorien <a href=\"\/?product_cat=stickers-muraux-animaux\"><strong>Tier-Sticker<\/strong><\/a>, <strong><a href=\"\/?product_cat=stickers-muraux-fleurs\">Blumen-Sticker<\/a><\/strong>, <strong><a href=\"\/?product_cat=stickers-muraux-mangas-et-cartoons\">Manga-Sticker<\/a><\/strong> und vieles mehr!<\/span><\/p>\n<p><span style=\"font-size: 14pt; color: #d64444;\"><strong>SEHR HOCHWERTIGER KLEBER = EINFACHE ANBRINGUNG, GARANTIERT BLASENFREI<\/strong><\/span>[\/vc_column_text][\/vc_column][\/vc_row]<\/p>\n<\/div>","protected":false},"excerpt":{"rendered":"<p>Verleihen Sie Ihrem Zuhause mit der <strong>T\u00fcrfolie Minimalistischer Kaffee<\/strong> einen k\u00fcnstlerischen und modernen Akzent.<\/p>\n<p>Dieses Motiv, das abstrakte Formen und Kaffee-Nuancen vereint, bringt eine warme, \u00e4sthetische Note in jeden Raum. Ideal als einzigartiger Blickfang zu Hause oder im B\u00fcro \u2013 die <strong>T\u00fcrfolie Minimalistischer Kaffee<\/strong> steht f\u00fcr Eleganz und Modernit\u00e4t.<\/p>\n<p><strong>Produkteigenschaften:<\/strong><\/p>\n<ul class=\"product-short-desc-list\">\n<li>T\u00fcrfolie: einfache, blasenfreie Anbringung<\/li>\n<li>In einem St\u00fcck geliefert: kein m\u00fchsames Zusammenf\u00fcgen oder Kleben n\u00f6tig<\/li>\n<li>Laminierte Oberfl\u00e4che mit mattem Finish: elegante Optik, geringe Reflexion und hohe Haltbarkeit<\/li>\n<li>Geeignet f\u00fcr glatte Oberfl\u00e4chen (lackierte\/laminierte T\u00fcren, Kunststoff, Glas usw.)<\/li>\n<li>Leicht zu reinigen, abwaschbar und spritzwasserbest\u00e4ndig<\/li>\n<li>Euroklasse B-s1,d0 (entspr. M1 in Frankreich)<\/li>\n<li>Umweltfreundlicher Druck UL ECOLOGO\u00ae und UL GREENGUARD Gold: emissionsarm und geruchsneutral, geeignet f\u00fcr sensible Innenr\u00e4ume<\/li>\n<\/ul>\n<p><span style=\"color: #d64444;\"><strong>Mehrere Gr\u00f6\u00dfen verf\u00fcgbar, passend f\u00fcr alle T\u00fcren (Ma\u00dfanfertigung auf Anfrage m\u00f6glich).<\/strong><\/span><\/p>\n<hr \/>\n","protected":false},"featured_media":124585,"template":"","meta":[],"product_brand":[],"product_cat":[4671],"product_tag":[6171,6180,5994,5992,6175,5993,5990,5988,5989,5991],"class_list":{"0":"post-124583","1":"product","2":"type-product","3":"status-publish","4":"has-post-thumbnail","6":"product_cat-tursticker","7":"product_tag-sticker-tur-abstrakte","8":"product_tag-sticker-tur-badezimmer","9":"product_tag-sticker-tur-chambre","10":"product_tag-sticker-tur-kuche","11":"product_tag-sticker-tur-kunst","12":"product_tag-sticker-tur-salon","13":"product_tag-stickers-tur-83-x-204-cm","14":"product_tag-tursticker-63-x-204-cm","15":"product_tag-tursticker-73-x-204-cm","16":"product_tag-tursticker-93-x-204-cm","18":"first","19":"instock","20":"sale","21":"taxable","22":"shipping-taxable","23":"purchasable","24":"product-type-variable"},"etheme_brands":{"errors":{"invalid_taxonomy":["Die Taxonomie ist ung\u00fcltig."]},"error_data":[]},"yoast_head":"<!-- This site is optimized with the Yoast SEO Premium plugin v27.3 (Yoast SEO v27.3) - https:\/\/yoast.com\/product\/yoast-seo-premium-wordpress\/ -->\n<title>T\u00fcrfolie Minimalistischer Kaffee | T\u00fcrfolien | StickerDeco.fr<\/title>\n<meta name=\"description\" content=\"Bringen Sie mit der T\u00fcrfolie Minimalistischer Kaffee einen k\u00fcnstlerischen, modernen Akzent in Ihr Zuhause. Made In France Qualit\u00e4t!\" \/>\n<meta name=\"robots\" content=\"index, follow, max-snippet:-1, max-image-preview:large, max-video-preview:-1\" \/>\n<link rel=\"canonical\" href=\"https:\/\/stickerdeco.fr\/de\/produit\/tuerfolie-minimalistischer-kaffee\/\" \/>\n<meta property=\"og:locale\" content=\"de_DE\" \/>\n<meta property=\"og:type\" content=\"article\" \/>\n<meta property=\"og:title\" content=\"T\u00fcrfolie Minimalistischer Kaffee\" \/>\n<meta property=\"og:description\" content=\"Bringen Sie mit der T\u00fcrfolie Minimalistischer Kaffee einen k\u00fcnstlerischen, modernen Akzent in Ihr Zuhause. Made In France Qualit\u00e4t!\" \/>\n<meta property=\"og:url\" content=\"https:\/\/stickerdeco.fr\/de\/produit\/tuerfolie-minimalistischer-kaffee\/\" \/>\n<meta property=\"og:site_name\" content=\"Sticker Deco\" \/>\n<meta property=\"article:publisher\" content=\"https:\/\/www.facebook.com\/stickerdeco.fr\/\" \/>\n<meta property=\"article:modified_time\" content=\"2026-03-05T23:58:23+00:00\" \/>\n<meta property=\"og:image\" content=\"https:\/\/stickerdeco.fr\/wp-content\/uploads\/2023\/12\/sticker-porte-cafe-minimaliste-00.jpg\" \/>\n\t<meta property=\"og:image:width\" content=\"1000\" \/>\n\t<meta property=\"og:image:height\" content=\"1000\" \/>\n\t<meta property=\"og:image:type\" content=\"image\/jpeg\" \/>\n<meta name=\"twitter:card\" content=\"summary_large_image\" \/>\n<meta name=\"twitter:label1\" content=\"Verf\u00fcgbarkeit\" \/>\n\t<meta name=\"twitter:data1\" content=\"Auf Lager\" \/>\n<script type=\"application\/ld+json\" class=\"yoast-schema-graph\">{\"@context\":\"https:\\\/\\\/schema.org\",\"@graph\":[{\"@type\":\"WebPage\",\"@id\":\"https:\\\/\\\/stickerdeco.fr\\\/de\\\/produit\\\/tuerfolie-minimalistischer-kaffee\\\/\",\"url\":\"https:\\\/\\\/stickerdeco.fr\\\/de\\\/produit\\\/tuerfolie-minimalistischer-kaffee\\\/\",\"name\":\"T\u00fcrfolie Minimalistischer Kaffee | T\u00fcrfolien | StickerDeco.fr\",\"isPartOf\":{\"@id\":\"https:\\\/\\\/stickerdeco.fr\\\/de\\\/#website\"},\"primaryImageOfPage\":{\"@id\":\"https:\\\/\\\/stickerdeco.fr\\\/de\\\/produit\\\/tuerfolie-minimalistischer-kaffee\\\/#primaryimage\"},\"image\":{\"@id\":\"https:\\\/\\\/stickerdeco.fr\\\/de\\\/produit\\\/tuerfolie-minimalistischer-kaffee\\\/#primaryimage\"},\"thumbnailUrl\":\"https:\\\/\\\/stickerdeco.fr\\\/wp-content\\\/uploads\\\/2023\\\/12\\\/sticker-porte-cafe-minimaliste-00.jpg\",\"datePublished\":\"2023-12-12T08:04:19+00:00\",\"dateModified\":\"2026-03-05T23:58:23+00:00\",\"description\":\"Bringen Sie mit der T\u00fcrfolie Minimalistischer Kaffee einen k\u00fcnstlerischen, modernen Akzent in Ihr Zuhause. Made In France Qualit\u00e4t!\",\"breadcrumb\":{\"@id\":\"https:\\\/\\\/stickerdeco.fr\\\/de\\\/produit\\\/tuerfolie-minimalistischer-kaffee\\\/#breadcrumb\"},\"inLanguage\":\"de\",\"potentialAction\":[{\"@type\":\"ReadAction\",\"target\":[\"https:\\\/\\\/stickerdeco.fr\\\/de\\\/produit\\\/tuerfolie-minimalistischer-kaffee\\\/\"]}]},{\"@type\":\"ImageObject\",\"inLanguage\":\"de\",\"@id\":\"https:\\\/\\\/stickerdeco.fr\\\/de\\\/produit\\\/tuerfolie-minimalistischer-kaffee\\\/#primaryimage\",\"url\":\"https:\\\/\\\/stickerdeco.fr\\\/wp-content\\\/uploads\\\/2023\\\/12\\\/sticker-porte-cafe-minimaliste-00.jpg\",\"contentUrl\":\"https:\\\/\\\/stickerdeco.fr\\\/wp-content\\\/uploads\\\/2023\\\/12\\\/sticker-porte-cafe-minimaliste-00.jpg\",\"width\":1000,\"height\":1000,\"caption\":\"T\u00fcrfolie Minimalistischer Kaffee\"},{\"@type\":\"BreadcrumbList\",\"@id\":\"https:\\\/\\\/stickerdeco.fr\\\/de\\\/produit\\\/tuerfolie-minimalistischer-kaffee\\\/#breadcrumb\",\"itemListElement\":[{\"@type\":\"ListItem\",\"position\":1,\"name\":\"Accueil\",\"item\":\"https:\\\/\\\/stickerdeco.fr\\\/de\\\/\"},{\"@type\":\"ListItem\",\"position\":2,\"name\":\"Boutique\",\"item\":\"https:\\\/\\\/stickerdeco.fr\\\/boutique\\\/\"},{\"@type\":\"ListItem\",\"position\":3,\"name\":\"T\u00fcrfolie Minimalistischer Kaffee\"}]},{\"@type\":\"WebSite\",\"@id\":\"https:\\\/\\\/stickerdeco.fr\\\/de\\\/#website\",\"url\":\"https:\\\/\\\/stickerdeco.fr\\\/de\\\/\",\"name\":\"Sticker Deco\",\"description\":\"Le Sticker Made In France\",\"publisher\":{\"@id\":\"https:\\\/\\\/stickerdeco.fr\\\/de\\\/#organization\"},\"potentialAction\":[{\"@type\":\"SearchAction\",\"target\":{\"@type\":\"EntryPoint\",\"urlTemplate\":\"https:\\\/\\\/stickerdeco.fr\\\/de\\\/?s={search_term_string}\"},\"query-input\":{\"@type\":\"PropertyValueSpecification\",\"valueRequired\":true,\"valueName\":\"search_term_string\"}}],\"inLanguage\":\"de\"},{\"@type\":\"Organization\",\"@id\":\"https:\\\/\\\/stickerdeco.fr\\\/de\\\/#organization\",\"name\":\"Sticker D\u00e9co\",\"url\":\"https:\\\/\\\/stickerdeco.fr\\\/de\\\/\",\"logo\":{\"@type\":\"ImageObject\",\"inLanguage\":\"de\",\"@id\":\"https:\\\/\\\/stickerdeco.fr\\\/de\\\/#\\\/schema\\\/logo\\\/image\\\/\",\"url\":\"https:\\\/\\\/stickerdeco.fr\\\/wp-content\\\/uploads\\\/1987\\\/05\\\/stickerdeco-logo-v2-carre.png\",\"contentUrl\":\"https:\\\/\\\/stickerdeco.fr\\\/wp-content\\\/uploads\\\/1987\\\/05\\\/stickerdeco-logo-v2-carre.png\",\"width\":1000,\"height\":1000,\"caption\":\"Sticker D\u00e9co\"},\"image\":{\"@id\":\"https:\\\/\\\/stickerdeco.fr\\\/de\\\/#\\\/schema\\\/logo\\\/image\\\/\"},\"sameAs\":[\"https:\\\/\\\/www.facebook.com\\\/stickerdeco.fr\\\/\",\"https:\\\/\\\/www.instagram.com\\\/stickerdecofr\\\/\",\"https:\\\/\\\/www.pinterest.fr\\\/stickerdecofr\\\/\",\"https:\\\/\\\/www.youtube.com\\\/StickerDeco\"],\"email\":\"contact@stickerdeco.fr\",\"telephone\":\"0980809233\",\"legalName\":\"Sticker D\u00e9co\"}]}<\/script>\n<meta property=\"og:availability\" content=\"instock\" \/>\n<meta property=\"product:availability\" content=\"instock\" \/>\n<meta property=\"product:condition\" content=\"new\" \/>\n<!-- \/ Yoast SEO Premium plugin. -->","yoast_head_json":{"title":"T\u00fcrfolie Minimalistischer Kaffee | T\u00fcrfolien | StickerDeco.fr","description":"Bringen Sie mit der T\u00fcrfolie Minimalistischer Kaffee einen k\u00fcnstlerischen, modernen Akzent in Ihr Zuhause. Made In France Qualit\u00e4t!","robots":{"index":"index","follow":"follow","max-snippet":"max-snippet:-1","max-image-preview":"max-image-preview:large","max-video-preview":"max-video-preview:-1"},"canonical":"https:\/\/stickerdeco.fr\/de\/produit\/tuerfolie-minimalistischer-kaffee\/","og_locale":"de_DE","og_type":"article","og_title":"T\u00fcrfolie Minimalistischer Kaffee","og_description":"Bringen Sie mit der T\u00fcrfolie Minimalistischer Kaffee einen k\u00fcnstlerischen, modernen Akzent in Ihr Zuhause. Made In France Qualit\u00e4t!","og_url":"https:\/\/stickerdeco.fr\/de\/produit\/tuerfolie-minimalistischer-kaffee\/","og_site_name":"Sticker Deco","article_publisher":"https:\/\/www.facebook.com\/stickerdeco.fr\/","article_modified_time":"2026-03-05T23:58:23+00:00","og_image":[{"width":1000,"height":1000,"url":"https:\/\/stickerdeco.fr\/wp-content\/uploads\/2023\/12\/sticker-porte-cafe-minimaliste-00.jpg","type":"image\/jpeg"}],"twitter_card":"summary_large_image","twitter_misc":{"Verf\u00fcgbarkeit":"Auf Lager"},"schema":{"@context":"https:\/\/schema.org","@graph":[{"@type":"WebPage","@id":"https:\/\/stickerdeco.fr\/de\/produit\/tuerfolie-minimalistischer-kaffee\/","url":"https:\/\/stickerdeco.fr\/de\/produit\/tuerfolie-minimalistischer-kaffee\/","name":"T\u00fcrfolie Minimalistischer Kaffee | T\u00fcrfolien | StickerDeco.fr","isPartOf":{"@id":"https:\/\/stickerdeco.fr\/de\/#website"},"primaryImageOfPage":{"@id":"https:\/\/stickerdeco.fr\/de\/produit\/tuerfolie-minimalistischer-kaffee\/#primaryimage"},"image":{"@id":"https:\/\/stickerdeco.fr\/de\/produit\/tuerfolie-minimalistischer-kaffee\/#primaryimage"},"thumbnailUrl":"https:\/\/stickerdeco.fr\/wp-content\/uploads\/2023\/12\/sticker-porte-cafe-minimaliste-00.jpg","datePublished":"2023-12-12T08:04:19+00:00","dateModified":"2026-03-05T23:58:23+00:00","description":"Bringen Sie mit der T\u00fcrfolie Minimalistischer Kaffee einen k\u00fcnstlerischen, modernen Akzent in Ihr Zuhause. Made In France Qualit\u00e4t!","breadcrumb":{"@id":"https:\/\/stickerdeco.fr\/de\/produit\/tuerfolie-minimalistischer-kaffee\/#breadcrumb"},"inLanguage":"de","potentialAction":[{"@type":"ReadAction","target":["https:\/\/stickerdeco.fr\/de\/produit\/tuerfolie-minimalistischer-kaffee\/"]}]},{"@type":"ImageObject","inLanguage":"de","@id":"https:\/\/stickerdeco.fr\/de\/produit\/tuerfolie-minimalistischer-kaffee\/#primaryimage","url":"https:\/\/stickerdeco.fr\/wp-content\/uploads\/2023\/12\/sticker-porte-cafe-minimaliste-00.jpg","contentUrl":"https:\/\/stickerdeco.fr\/wp-content\/uploads\/2023\/12\/sticker-porte-cafe-minimaliste-00.jpg","width":1000,"height":1000,"caption":"T\u00fcrfolie Minimalistischer Kaffee"},{"@type":"BreadcrumbList","@id":"https:\/\/stickerdeco.fr\/de\/produit\/tuerfolie-minimalistischer-kaffee\/#breadcrumb","itemListElement":[{"@type":"ListItem","position":1,"name":"Accueil","item":"https:\/\/stickerdeco.fr\/de\/"},{"@type":"ListItem","position":2,"name":"Boutique","item":"https:\/\/stickerdeco.fr\/boutique\/"},{"@type":"ListItem","position":3,"name":"T\u00fcrfolie Minimalistischer Kaffee"}]},{"@type":"WebSite","@id":"https:\/\/stickerdeco.fr\/de\/#website","url":"https:\/\/stickerdeco.fr\/de\/","name":"Sticker Deco","description":"Le Sticker Made In France","publisher":{"@id":"https:\/\/stickerdeco.fr\/de\/#organization"},"potentialAction":[{"@type":"SearchAction","target":{"@type":"EntryPoint","urlTemplate":"https:\/\/stickerdeco.fr\/de\/?s={search_term_string}"},"query-input":{"@type":"PropertyValueSpecification","valueRequired":true,"valueName":"search_term_string"}}],"inLanguage":"de"},{"@type":"Organization","@id":"https:\/\/stickerdeco.fr\/de\/#organization","name":"Sticker D\u00e9co","url":"https:\/\/stickerdeco.fr\/de\/","logo":{"@type":"ImageObject","inLanguage":"de","@id":"https:\/\/stickerdeco.fr\/de\/#\/schema\/logo\/image\/","url":"https:\/\/stickerdeco.fr\/wp-content\/uploads\/1987\/05\/stickerdeco-logo-v2-carre.png","contentUrl":"https:\/\/stickerdeco.fr\/wp-content\/uploads\/1987\/05\/stickerdeco-logo-v2-carre.png","width":1000,"height":1000,"caption":"Sticker D\u00e9co"},"image":{"@id":"https:\/\/stickerdeco.fr\/de\/#\/schema\/logo\/image\/"},"sameAs":["https:\/\/www.facebook.com\/stickerdeco.fr\/","https:\/\/www.instagram.com\/stickerdecofr\/","https:\/\/www.pinterest.fr\/stickerdecofr\/","https:\/\/www.youtube.com\/StickerDeco"],"email":"contact@stickerdeco.fr","telephone":"0980809233","legalName":"Sticker D\u00e9co"}]},"og_availability":"instock","product_availability":"instock","product_condition":"new"},"_links":{"self":[{"href":"https:\/\/stickerdeco.fr\/de\/wp-json\/wp\/v2\/product\/124583","targetHints":{"allow":["GET"]}}],"collection":[{"href":"https:\/\/stickerdeco.fr\/de\/wp-json\/wp\/v2\/product"}],"about":[{"href":"https:\/\/stickerdeco.fr\/de\/wp-json\/wp\/v2\/types\/product"}],"version-history":[{"count":4,"href":"https:\/\/stickerdeco.fr\/de\/wp-json\/wp\/v2\/product\/124583\/revisions"}],"predecessor-version":[{"id":124629,"href":"https:\/\/stickerdeco.fr\/de\/wp-json\/wp\/v2\/product\/124583\/revisions\/124629"}],"wp:featuredmedia":[{"embeddable":true,"href":"https:\/\/stickerdeco.fr\/de\/wp-json\/wp\/v2\/media\/124585"}],"wp:attachment":[{"href":"https:\/\/stickerdeco.fr\/de\/wp-json\/wp\/v2\/media?parent=124583"}],"wp:term":[{"taxonomy":"product_brand","embeddable":true,"href":"https:\/\/stickerdeco.fr\/de\/wp-json\/wp\/v2\/product_brand?post=124583"},{"taxonomy":"product_cat","embeddable":true,"href":"https:\/\/stickerdeco.fr\/de\/wp-json\/wp\/v2\/product_cat?post=124583"},{"taxonomy":"product_tag","embeddable":true,"href":"https:\/\/stickerdeco.fr\/de\/wp-json\/wp\/v2\/product_tag?post=124583"}],"curies":[{"name":"wp","href":"https:\/\/api.w.org\/{rel}","templated":true}]}}