{"id":124688,"date":"2023-12-12T08:48:18","date_gmt":"2023-12-12T07:48:18","guid":{"rendered":"https:\/\/stickerdeco.fr\/produit\/turfolie-abstrakte-kieselsteine\/"},"modified":"2026-03-06T01:41:56","modified_gmt":"2026-03-06T00:41:56","slug":"turfolie-abstrakte-kieselsteine","status":"publish","type":"product","link":"https:\/\/stickerdeco.fr\/de\/produit\/turfolie-abstrakte-kieselsteine\/","title":{"rendered":"T\u00fcrfolie Abstrakte Kieselsteine"},"content":{"rendered":"<div class=\"wpb-content-wrapper\"><p>[vc_row][vc_column][vc_column_text]<\/p>\n<h2><span style=\"font-size: 14pt;\"><strong>Die T\u00fcrfolie Abstrakte Kieselsteine<\/strong><\/span><\/h2>\n<p><span style=\"font-size: 11pt;\">M\u00f6chten Sie Ihre <strong>Inneneinrichtung<\/strong> ver\u00e4ndern? Dann ist diese wundersch\u00f6ne <strong>T\u00fcrfolie Abstrakte Kieselsteine<\/strong> genau das Richtige f\u00fcr Sie! Keine Frage: Diese <strong>T\u00fcrfolie Abstrakte Kieselsteine<\/strong> wird Sie dank unserer hochwertigen Vinyl\u2011Klebefolie begeistern. Sie ist <strong>leicht anzubringen<\/strong>. Mit diesem Sticker ist <strong>Innenraum\u2011Personalisierung<\/strong> jetzt ganz einfach!<\/span><\/p>\n<p><span style=\"font-size: 11pt;\">Jedes Element der <strong>Wanddekoration<\/strong> ist unabh\u00e4ngig und <strong>kann separat aufgeklebt<\/strong> werden. So haben Sie maximale M\u00f6glichkeiten bei der Anbringung Ihres <strong>Wandaufklebers<\/strong> \u2013 lassen Sie Ihrer Kreativit\u00e4t als <strong>Dekorateur<\/strong> freien Lauf!<\/span><\/p>\n<h3><span style=\"font-size: 14pt;\"><strong>Die T\u00fcrfolie<\/strong><\/span><\/h3>\n<p><span style=\"font-size: 11pt;\">Sie w\u00fcnschen sich einen einzigartigen Stil f\u00fcr Ihre T\u00fcren? Dann ist dieser <strong>T\u00fcrfolie Abstrakte Kieselsteine<\/strong>\u2011Aufkleber perfekt f\u00fcr Sie! Keine Frage: Diese <strong>T\u00fcrfolie Abstrakte Kieselsteine<\/strong> wird Sie \u00fcberzeugen. Sie ist <strong>leicht anzubringen<\/strong> \u2013 kinderleicht!<\/span><\/p>\n<p><span style=\"font-size: 11pt;\">Unsere <strong>T\u00fcrtapete<\/strong> wird in einem einzigen Bahn\u2011St\u00fcck geliefert, also aus einem Teil. Ergebnis: Keine St\u00f6\u00dfe n\u00f6tig f\u00fcr eine einfache Montage! Mit den <a href=\"https:\/\/stickerdeco.fr\/de\/cat\/tursticker\/\"><strong>T\u00fcrfolie<\/strong><\/a> erhalten Sie eine <strong>originelle<\/strong> und personalisierte Dekoration f\u00fcr Ihr Zuhause.<\/span><\/p>\n<p><span style=\"font-size: 11pt;\">Viele Styles und Designs sind im Sticker\u2011D\u00e9co\u2011Shop verf\u00fcgbar. Ob 3D\u2011Effekt, <a href=\"https:\/\/stickerdeco.fr\/de\/tag\/sticker-holzoptik\/\">Holzoptik<\/a> oder Stahlt\u00fcr \u2013 Ihre T\u00fcr bekommt garantiert einen beeindruckenden <a href=\"https:\/\/stickerdeco.fr\/de\/tag\/sticker-trompe-loeil\/\"><strong>Trompe\u2011l\u2019\u0152il<\/strong><\/a>-Effekt.<\/span><\/p>\n<h3><span style=\"font-size: 14pt;\"><strong>Ein Sticker von sehr hoher Qualit\u00e4t<\/strong><\/span><\/h3>\n<p><span style=\"font-size: 11pt;\">Wir drucken unsere <strong>Wandaufkleber<\/strong> in hochwertigem Vierfarb\u2011Druck auf <strong>robuste<\/strong> Polymer\u2011Klebefolie mit strukturierter Klebeschicht. Diese <strong>innovative Technologie<\/strong> sorgt f\u00fcr guten Halt \u00fcber lange Zeit (Polymerkleber) sowie f\u00fcr eine <strong>blasenfreie Verklebung<\/strong> (strukturierter Kleber). Die <strong>Klebefolie<\/strong> bleibt dabei relativ d\u00fcnn, mit einer <strong>St\u00e4rke von unter 0,2 mm<\/strong> (180 \u00b5m).<\/span><\/p>\n<h3><span style=\"font-size: 14pt;\"><strong>Wie dekoriert man sein Zuhause?<\/strong><\/span><\/h3>\n<p><span style=\"font-size: 11pt;\">Gef\u00e4llt Ihnen diese <strong>T\u00fcrfolie Abstrakte Kieselsteine<\/strong>? Sie lieben <strong>Wanddeko<\/strong> und m\u00f6chten Ihre R\u00e4ume aufeinander abstimmen? Dann erg\u00e4nzen Sie Ihre Einrichtung mit unseren <a href=\"\/?product_cat=sticker-salle-de-bains\"><strong>Badezimmer\u2011Stickern<\/strong><\/a>, <a href=\"\/?product_cat=sticker-salon\"><strong>Wohnzimmer\u2011Stickern<\/strong><\/a>, <a href=\"https:\/\/stickerdeco.fr\/de\/cat\/wandsticker\/kuchensticker\/\"><strong>K\u00fcchen\u2011Stickern<\/strong><\/a> oder unseren <a href=\"https:\/\/stickerdeco.fr\/de\/cat\/wandsticker\/wandsticker-schlafzimmer-erwachsene\/\"><strong>Schlafzimmer\u2011Stickern<\/strong><\/a>.<\/span><\/p>\n<h3><span style=\"font-size: 14pt;\"><strong><a href=\"https:\/\/www.stickerdeco.fr\/\">StickerDeco.fr<\/a> \u2013 tausende Produkte!<\/strong><\/span><\/h3>\n<p><span style=\"font-size: 11pt;\">Gedruckt in unseren R\u00e4umen in der \u00cele\u2011de\u2011France ist die Sticker\u2011Produktion <strong>Made in France<\/strong>. W\u00e4hlen Sie Ihren Favoriten aus den Kategorien <a href=\"\/?product_cat=stickers-muraux-animaux\"><strong>:<\/strong><\/a><\/span><\/p>\n<ul>\n<li><span style=\"font-size: 11pt;\"><a href=\"\/?product_cat=stickers-muraux-animaux\"><strong>Tier\u2011Sticker<\/strong><\/a>, <\/span><\/li>\n<li><span style=\"font-size: 11pt;\"><strong><a href=\"\/?product_cat=stickers-muraux-fleurs\">Blumen\u2011Sticker<\/a><\/strong>, <\/span><\/li>\n<li><span style=\"font-size: 11pt;\"><strong><a href=\"\/?product_cat=stickers-muraux-mangas-et-cartoons\">Manga\u2011Sticker<\/a><\/strong> und vieles mehr!<\/span><\/li>\n<\/ul>\n<p><span style=\"font-size: 14pt; color: #d64444;\"><strong>SEHR HOCHWERTIGE KLEBEFOLIE = EINFACHE MONTAGE, BLASENFREI GARANTIERT<\/strong><\/span>[\/vc_column_text][\/vc_column][\/vc_row]<\/p>\n<\/div>","protected":false},"excerpt":{"rendered":"<p>Verwandeln Sie Ihre T\u00fcr in eine abstrakte Leinwand mit der <strong>T\u00fcrfolie Abstrakte Kieselsteine<\/strong>.<\/p>\n<p>Inspiriert von organischen Formen ist die <strong>T\u00fcrfolie Abstrakte Kieselsteine<\/strong> mit Motiven versehen, die an Kieselsteine in zarten Rosa\u2011, Blau\u2011 und Nude\u2011T\u00f6nen erinnern, akzentuiert durch feine schwarze Linien. Ideal f\u00fcr eine zenige und k\u00fcnstlerische Atmosph\u00e4re \u2013 perfekt f\u00fcr ein minimalistisches oder modernes Interieur.<\/p>\n<p><strong>Produkteigenschaften:<\/strong><\/p>\n<ul class=\"product-short-desc-list\">\n<li>T\u00fcrfolie: einfache, blasenfreie Anbringung<\/li>\n<li>In einem St\u00fcck geliefert: kein m\u00fchsames Zusammenf\u00fcgen oder zus\u00e4tzliches Kleben n\u00f6tig<\/li>\n<li>Laminierte Oberfl\u00e4che mit matter Optik: edles Finish, geringe Reflexion und hohe Haltbarkeit<\/li>\n<li>Geeignet f\u00fcr glatte Oberfl\u00e4chen (lackierte\/laminierte T\u00fcren, Kunststoff, Glas usw.)<\/li>\n<li>Leicht zu reinigen, abwaschbar und spritzwassergesch\u00fctzt<\/li>\n<li>Euroklasse B-s1,d0 (entspr. M1 in Frankreich)<\/li>\n<li>\u00d6kologischer Druck UL ECOLOGO\u00ae und UL GREENGUARD Gold: emissionsarm und geruchsfrei, geeignet f\u00fcr empfindliche Innenr\u00e4ume<\/li>\n<\/ul>\n<p><span style=\"color: #d64444;\"><strong>Mehrere Gr\u00f6\u00dfen verf\u00fcgbar, passend f\u00fcr alle T\u00fcren (Ma\u00dfanfertigung auf Anfrage m\u00f6glich).<\/strong><\/span><\/p>\n<hr \/>\n","protected":false},"featured_media":124692,"template":"","meta":[],"product_brand":[],"product_cat":[4671,4669,4644,4643,4647],"product_tag":[6022,6186,6171,6180,5994,5992,6175,5993,5990,5988,5989,5991],"class_list":{"0":"post-124688","1":"product","2":"type-product","3":"status-publish","4":"has-post-thumbnail","6":"product_cat-tursticker","7":"product_cat-wandsticker-babyzimmer","8":"product_cat-wandsticker-kinderzimmer","9":"product_cat-wandsticker-schlafzimmer-erwachsene","10":"product_cat-wohnzimmersticker","11":"product_tag-sticker-abstrakt","12":"product_tag-sticker-formen","13":"product_tag-sticker-tur-abstrakte","14":"product_tag-sticker-tur-badezimmer","15":"product_tag-sticker-tur-chambre","16":"product_tag-sticker-tur-kuche","17":"product_tag-sticker-tur-kunst","18":"product_tag-sticker-tur-salon","19":"product_tag-stickers-tur-83-x-204-cm","20":"product_tag-tursticker-63-x-204-cm","21":"product_tag-tursticker-73-x-204-cm","22":"product_tag-tursticker-93-x-204-cm","24":"first","25":"instock","26":"sale","27":"taxable","28":"shipping-taxable","29":"purchasable","30":"product-type-variable","31":"has-default-attributes"},"etheme_brands":{"errors":{"invalid_taxonomy":["Die Taxonomie ist ung\u00fcltig."]},"error_data":[]},"yoast_head":"<!-- This site is optimized with the Yoast SEO Premium plugin v27.3 (Yoast SEO v27.3) - https:\/\/yoast.com\/product\/yoast-seo-premium-wordpress\/ -->\n<title>T\u00fcrfolie Abstrakte Kieselsteine | T\u00fcrfolie | StickerDeco.fr<\/title>\n<meta name=\"description\" content=\"Veredeln Sie Ihre T\u00fcr mit der T\u00fcrfolie Abstrakte Kieselsteine \u2013 ein zen-inspiriertes Motiv mit beruhigenden Farben und schlichtem Design f\u00fcr eine moderne Atmosph\u00e4re.\" \/>\n<meta name=\"robots\" content=\"index, follow, max-snippet:-1, max-image-preview:large, max-video-preview:-1\" \/>\n<link rel=\"canonical\" href=\"https:\/\/stickerdeco.fr\/de\/produit\/turfolie-abstrakte-kieselsteine\/\" \/>\n<meta property=\"og:locale\" content=\"de_DE\" \/>\n<meta property=\"og:type\" content=\"article\" \/>\n<meta property=\"og:title\" content=\"T\u00fcrfolie Abstrakte Kieselsteine\" \/>\n<meta property=\"og:description\" content=\"Veredeln Sie Ihre T\u00fcr mit der T\u00fcrfolie Abstrakte Kieselsteine \u2013 ein zen-inspiriertes Motiv mit beruhigenden Farben und schlichtem Design f\u00fcr eine moderne Atmosph\u00e4re.\" \/>\n<meta property=\"og:url\" content=\"https:\/\/stickerdeco.fr\/de\/produit\/turfolie-abstrakte-kieselsteine\/\" \/>\n<meta property=\"og:site_name\" content=\"Sticker Deco\" \/>\n<meta property=\"article:publisher\" content=\"https:\/\/www.facebook.com\/stickerdeco.fr\/\" \/>\n<meta property=\"article:modified_time\" content=\"2026-03-06T00:41:56+00:00\" \/>\n<meta property=\"og:image\" content=\"https:\/\/stickerdeco.fr\/wp-content\/uploads\/2023\/12\/sticker-porte-cailloux-abstraits-04.jpg\" \/>\n\t<meta property=\"og:image:width\" content=\"1000\" \/>\n\t<meta property=\"og:image:height\" content=\"1000\" \/>\n\t<meta property=\"og:image:type\" content=\"image\/jpeg\" \/>\n<meta name=\"twitter:card\" content=\"summary_large_image\" \/>\n<meta name=\"twitter:label1\" content=\"Verf\u00fcgbarkeit\" \/>\n\t<meta name=\"twitter:data1\" content=\"Auf Lager\" \/>\n<script type=\"application\/ld+json\" class=\"yoast-schema-graph\">{\"@context\":\"https:\\\/\\\/schema.org\",\"@graph\":[{\"@type\":\"WebPage\",\"@id\":\"https:\\\/\\\/stickerdeco.fr\\\/de\\\/produit\\\/turfolie-abstrakte-kieselsteine\\\/\",\"url\":\"https:\\\/\\\/stickerdeco.fr\\\/de\\\/produit\\\/turfolie-abstrakte-kieselsteine\\\/\",\"name\":\"T\u00fcrfolie Abstrakte Kieselsteine | T\u00fcrfolie | StickerDeco.fr\",\"isPartOf\":{\"@id\":\"https:\\\/\\\/stickerdeco.fr\\\/de\\\/#website\"},\"primaryImageOfPage\":{\"@id\":\"https:\\\/\\\/stickerdeco.fr\\\/de\\\/produit\\\/turfolie-abstrakte-kieselsteine\\\/#primaryimage\"},\"image\":{\"@id\":\"https:\\\/\\\/stickerdeco.fr\\\/de\\\/produit\\\/turfolie-abstrakte-kieselsteine\\\/#primaryimage\"},\"thumbnailUrl\":\"https:\\\/\\\/stickerdeco.fr\\\/wp-content\\\/uploads\\\/2023\\\/12\\\/sticker-porte-cailloux-abstraits-04.jpg\",\"datePublished\":\"2023-12-12T07:48:18+00:00\",\"dateModified\":\"2026-03-06T00:41:56+00:00\",\"description\":\"Veredeln Sie Ihre T\u00fcr mit der T\u00fcrfolie Abstrakte Kieselsteine \u2013 ein zen-inspiriertes Motiv mit beruhigenden Farben und schlichtem Design f\u00fcr eine moderne Atmosph\u00e4re.\",\"breadcrumb\":{\"@id\":\"https:\\\/\\\/stickerdeco.fr\\\/de\\\/produit\\\/turfolie-abstrakte-kieselsteine\\\/#breadcrumb\"},\"inLanguage\":\"de\",\"potentialAction\":[{\"@type\":\"ReadAction\",\"target\":[\"https:\\\/\\\/stickerdeco.fr\\\/de\\\/produit\\\/turfolie-abstrakte-kieselsteine\\\/\"]}]},{\"@type\":\"ImageObject\",\"inLanguage\":\"de\",\"@id\":\"https:\\\/\\\/stickerdeco.fr\\\/de\\\/produit\\\/turfolie-abstrakte-kieselsteine\\\/#primaryimage\",\"url\":\"https:\\\/\\\/stickerdeco.fr\\\/wp-content\\\/uploads\\\/2023\\\/12\\\/sticker-porte-cailloux-abstraits-04.jpg\",\"contentUrl\":\"https:\\\/\\\/stickerdeco.fr\\\/wp-content\\\/uploads\\\/2023\\\/12\\\/sticker-porte-cailloux-abstraits-04.jpg\",\"width\":1000,\"height\":1000,\"caption\":\"T\u00fcrfolie Abstrakte Kieselsteine\"},{\"@type\":\"BreadcrumbList\",\"@id\":\"https:\\\/\\\/stickerdeco.fr\\\/de\\\/produit\\\/turfolie-abstrakte-kieselsteine\\\/#breadcrumb\",\"itemListElement\":[{\"@type\":\"ListItem\",\"position\":1,\"name\":\"Accueil\",\"item\":\"https:\\\/\\\/stickerdeco.fr\\\/de\\\/\"},{\"@type\":\"ListItem\",\"position\":2,\"name\":\"Boutique\",\"item\":\"https:\\\/\\\/stickerdeco.fr\\\/boutique\\\/\"},{\"@type\":\"ListItem\",\"position\":3,\"name\":\"T\u00fcrfolie Abstrakte Kieselsteine\"}]},{\"@type\":\"WebSite\",\"@id\":\"https:\\\/\\\/stickerdeco.fr\\\/de\\\/#website\",\"url\":\"https:\\\/\\\/stickerdeco.fr\\\/de\\\/\",\"name\":\"Sticker Deco\",\"description\":\"Le Sticker Made In France\",\"publisher\":{\"@id\":\"https:\\\/\\\/stickerdeco.fr\\\/de\\\/#organization\"},\"potentialAction\":[{\"@type\":\"SearchAction\",\"target\":{\"@type\":\"EntryPoint\",\"urlTemplate\":\"https:\\\/\\\/stickerdeco.fr\\\/de\\\/?s={search_term_string}\"},\"query-input\":{\"@type\":\"PropertyValueSpecification\",\"valueRequired\":true,\"valueName\":\"search_term_string\"}}],\"inLanguage\":\"de\"},{\"@type\":\"Organization\",\"@id\":\"https:\\\/\\\/stickerdeco.fr\\\/de\\\/#organization\",\"name\":\"Sticker D\u00e9co\",\"url\":\"https:\\\/\\\/stickerdeco.fr\\\/de\\\/\",\"logo\":{\"@type\":\"ImageObject\",\"inLanguage\":\"de\",\"@id\":\"https:\\\/\\\/stickerdeco.fr\\\/de\\\/#\\\/schema\\\/logo\\\/image\\\/\",\"url\":\"https:\\\/\\\/stickerdeco.fr\\\/wp-content\\\/uploads\\\/1987\\\/05\\\/stickerdeco-logo-v2-carre.png\",\"contentUrl\":\"https:\\\/\\\/stickerdeco.fr\\\/wp-content\\\/uploads\\\/1987\\\/05\\\/stickerdeco-logo-v2-carre.png\",\"width\":1000,\"height\":1000,\"caption\":\"Sticker D\u00e9co\"},\"image\":{\"@id\":\"https:\\\/\\\/stickerdeco.fr\\\/de\\\/#\\\/schema\\\/logo\\\/image\\\/\"},\"sameAs\":[\"https:\\\/\\\/www.facebook.com\\\/stickerdeco.fr\\\/\",\"https:\\\/\\\/www.instagram.com\\\/stickerdecofr\\\/\",\"https:\\\/\\\/www.pinterest.fr\\\/stickerdecofr\\\/\",\"https:\\\/\\\/www.youtube.com\\\/StickerDeco\"],\"email\":\"contact@stickerdeco.fr\",\"telephone\":\"0980809233\",\"legalName\":\"Sticker D\u00e9co\"}]}<\/script>\n<meta property=\"og:availability\" content=\"instock\" \/>\n<meta property=\"product:availability\" content=\"instock\" \/>\n<meta property=\"product:condition\" content=\"new\" \/>\n<!-- \/ Yoast SEO Premium plugin. -->","yoast_head_json":{"title":"T\u00fcrfolie Abstrakte Kieselsteine | T\u00fcrfolie | StickerDeco.fr","description":"Veredeln Sie Ihre T\u00fcr mit der T\u00fcrfolie Abstrakte Kieselsteine \u2013 ein zen-inspiriertes Motiv mit beruhigenden Farben und schlichtem Design f\u00fcr eine moderne Atmosph\u00e4re.","robots":{"index":"index","follow":"follow","max-snippet":"max-snippet:-1","max-image-preview":"max-image-preview:large","max-video-preview":"max-video-preview:-1"},"canonical":"https:\/\/stickerdeco.fr\/de\/produit\/turfolie-abstrakte-kieselsteine\/","og_locale":"de_DE","og_type":"article","og_title":"T\u00fcrfolie Abstrakte Kieselsteine","og_description":"Veredeln Sie Ihre T\u00fcr mit der T\u00fcrfolie Abstrakte Kieselsteine \u2013 ein zen-inspiriertes Motiv mit beruhigenden Farben und schlichtem Design f\u00fcr eine moderne Atmosph\u00e4re.","og_url":"https:\/\/stickerdeco.fr\/de\/produit\/turfolie-abstrakte-kieselsteine\/","og_site_name":"Sticker Deco","article_publisher":"https:\/\/www.facebook.com\/stickerdeco.fr\/","article_modified_time":"2026-03-06T00:41:56+00:00","og_image":[{"width":1000,"height":1000,"url":"https:\/\/stickerdeco.fr\/wp-content\/uploads\/2023\/12\/sticker-porte-cailloux-abstraits-04.jpg","type":"image\/jpeg"}],"twitter_card":"summary_large_image","twitter_misc":{"Verf\u00fcgbarkeit":"Auf Lager"},"schema":{"@context":"https:\/\/schema.org","@graph":[{"@type":"WebPage","@id":"https:\/\/stickerdeco.fr\/de\/produit\/turfolie-abstrakte-kieselsteine\/","url":"https:\/\/stickerdeco.fr\/de\/produit\/turfolie-abstrakte-kieselsteine\/","name":"T\u00fcrfolie Abstrakte Kieselsteine | T\u00fcrfolie | StickerDeco.fr","isPartOf":{"@id":"https:\/\/stickerdeco.fr\/de\/#website"},"primaryImageOfPage":{"@id":"https:\/\/stickerdeco.fr\/de\/produit\/turfolie-abstrakte-kieselsteine\/#primaryimage"},"image":{"@id":"https:\/\/stickerdeco.fr\/de\/produit\/turfolie-abstrakte-kieselsteine\/#primaryimage"},"thumbnailUrl":"https:\/\/stickerdeco.fr\/wp-content\/uploads\/2023\/12\/sticker-porte-cailloux-abstraits-04.jpg","datePublished":"2023-12-12T07:48:18+00:00","dateModified":"2026-03-06T00:41:56+00:00","description":"Veredeln Sie Ihre T\u00fcr mit der T\u00fcrfolie Abstrakte Kieselsteine \u2013 ein zen-inspiriertes Motiv mit beruhigenden Farben und schlichtem Design f\u00fcr eine moderne Atmosph\u00e4re.","breadcrumb":{"@id":"https:\/\/stickerdeco.fr\/de\/produit\/turfolie-abstrakte-kieselsteine\/#breadcrumb"},"inLanguage":"de","potentialAction":[{"@type":"ReadAction","target":["https:\/\/stickerdeco.fr\/de\/produit\/turfolie-abstrakte-kieselsteine\/"]}]},{"@type":"ImageObject","inLanguage":"de","@id":"https:\/\/stickerdeco.fr\/de\/produit\/turfolie-abstrakte-kieselsteine\/#primaryimage","url":"https:\/\/stickerdeco.fr\/wp-content\/uploads\/2023\/12\/sticker-porte-cailloux-abstraits-04.jpg","contentUrl":"https:\/\/stickerdeco.fr\/wp-content\/uploads\/2023\/12\/sticker-porte-cailloux-abstraits-04.jpg","width":1000,"height":1000,"caption":"T\u00fcrfolie Abstrakte Kieselsteine"},{"@type":"BreadcrumbList","@id":"https:\/\/stickerdeco.fr\/de\/produit\/turfolie-abstrakte-kieselsteine\/#breadcrumb","itemListElement":[{"@type":"ListItem","position":1,"name":"Accueil","item":"https:\/\/stickerdeco.fr\/de\/"},{"@type":"ListItem","position":2,"name":"Boutique","item":"https:\/\/stickerdeco.fr\/boutique\/"},{"@type":"ListItem","position":3,"name":"T\u00fcrfolie Abstrakte Kieselsteine"}]},{"@type":"WebSite","@id":"https:\/\/stickerdeco.fr\/de\/#website","url":"https:\/\/stickerdeco.fr\/de\/","name":"Sticker Deco","description":"Le Sticker Made In France","publisher":{"@id":"https:\/\/stickerdeco.fr\/de\/#organization"},"potentialAction":[{"@type":"SearchAction","target":{"@type":"EntryPoint","urlTemplate":"https:\/\/stickerdeco.fr\/de\/?s={search_term_string}"},"query-input":{"@type":"PropertyValueSpecification","valueRequired":true,"valueName":"search_term_string"}}],"inLanguage":"de"},{"@type":"Organization","@id":"https:\/\/stickerdeco.fr\/de\/#organization","name":"Sticker D\u00e9co","url":"https:\/\/stickerdeco.fr\/de\/","logo":{"@type":"ImageObject","inLanguage":"de","@id":"https:\/\/stickerdeco.fr\/de\/#\/schema\/logo\/image\/","url":"https:\/\/stickerdeco.fr\/wp-content\/uploads\/1987\/05\/stickerdeco-logo-v2-carre.png","contentUrl":"https:\/\/stickerdeco.fr\/wp-content\/uploads\/1987\/05\/stickerdeco-logo-v2-carre.png","width":1000,"height":1000,"caption":"Sticker D\u00e9co"},"image":{"@id":"https:\/\/stickerdeco.fr\/de\/#\/schema\/logo\/image\/"},"sameAs":["https:\/\/www.facebook.com\/stickerdeco.fr\/","https:\/\/www.instagram.com\/stickerdecofr\/","https:\/\/www.pinterest.fr\/stickerdecofr\/","https:\/\/www.youtube.com\/StickerDeco"],"email":"contact@stickerdeco.fr","telephone":"0980809233","legalName":"Sticker D\u00e9co"}]},"og_availability":"instock","product_availability":"instock","product_condition":"new"},"_links":{"self":[{"href":"https:\/\/stickerdeco.fr\/de\/wp-json\/wp\/v2\/product\/124688","targetHints":{"allow":["GET"]}}],"collection":[{"href":"https:\/\/stickerdeco.fr\/de\/wp-json\/wp\/v2\/product"}],"about":[{"href":"https:\/\/stickerdeco.fr\/de\/wp-json\/wp\/v2\/types\/product"}],"version-history":[{"count":9,"href":"https:\/\/stickerdeco.fr\/de\/wp-json\/wp\/v2\/product\/124688\/revisions"}],"predecessor-version":[{"id":124862,"href":"https:\/\/stickerdeco.fr\/de\/wp-json\/wp\/v2\/product\/124688\/revisions\/124862"}],"wp:featuredmedia":[{"embeddable":true,"href":"https:\/\/stickerdeco.fr\/de\/wp-json\/wp\/v2\/media\/124692"}],"wp:attachment":[{"href":"https:\/\/stickerdeco.fr\/de\/wp-json\/wp\/v2\/media?parent=124688"}],"wp:term":[{"taxonomy":"product_brand","embeddable":true,"href":"https:\/\/stickerdeco.fr\/de\/wp-json\/wp\/v2\/product_brand?post=124688"},{"taxonomy":"product_cat","embeddable":true,"href":"https:\/\/stickerdeco.fr\/de\/wp-json\/wp\/v2\/product_cat?post=124688"},{"taxonomy":"product_tag","embeddable":true,"href":"https:\/\/stickerdeco.fr\/de\/wp-json\/wp\/v2\/product_tag?post=124688"}],"curies":[{"name":"wp","href":"https:\/\/api.w.org\/{rel}","templated":true}]}}