{"id":127878,"date":"2023-01-13T15:51:42","date_gmt":"2023-01-13T14:51:42","guid":{"rendered":"https:\/\/stickerdeco.fr\/produit\/tuerfolie-mont-saint-michel-normandie\/"},"modified":"2026-03-06T13:13:52","modified_gmt":"2026-03-06T12:13:52","slug":"tuerfolie-mont-saint-michel-normandie","status":"publish","type":"product","link":"https:\/\/stickerdeco.fr\/de\/produit\/tuerfolie-mont-saint-michel-normandie\/","title":{"rendered":"T\u00fcrfolie Mont-Saint-Michel Normandie"},"content":{"rendered":"<div class=\"wpb-content-wrapper\"><p>[vc_row][vc_column][vc_column_text]<\/p>\n<h2><span style=\"font-size: 14pt;\"><strong>Die T\u00fcrfolie Mont-Saint-Michel Normandie<\/strong><\/span><\/h2>\n<p><span style=\"font-size: 11pt;\">M\u00f6chten Sie Ihre <strong>Inneneinrichtung<\/strong> ver\u00e4ndern? Dann ist diese wundersch\u00f6ne <strong>T\u00fcrfolie Mont-Saint-Michel Normandie<\/strong> genau das Richtige f\u00fcr Sie! Kein Zweifel, dass Sie diese <strong>T\u00fcrfolie Mont-Saint-Michel Normandie<\/strong> dank unseres hochwertigen Vinyl-Wandklebers begeistern wird. Sie ist <strong>einfach anzubringen.<\/strong> Mit diesem Sticker ist <strong>Ihr Zuhause zu personalisieren<\/strong> jetzt ganz leicht!<\/span><\/p>\n<p><span style=\"font-size: 11pt;\">Jedes Element der <strong>Wanddeko<\/strong> ist unabh\u00e4ngig und <strong>kann separat geklebt werden<\/strong>. So haben Sie maximale M\u00f6glichkeiten bei der Anbringung Ihres <strong>Wandstickers<\/strong> \u2013 lassen Sie Ihrer <strong>Dekorationslust<\/strong> freien Lauf!<\/span><\/p>\n<h3><span style=\"font-size: 14pt;\"><strong>Die T\u00fcrfolie<\/strong><\/span><\/h3>\n<p><span style=\"font-size: 11pt;\">Sie w\u00fcnschen sich einen einzigartigen Stil f\u00fcr Ihre T\u00fcrdeko? Dann ist diese <strong>T\u00fcrfolie Mont-Saint-Michel Normandie<\/strong> f\u00fcr Sie! Kein Zweifel, dass Sie diese <strong>T\u00fcrfolie Mont-Saint-Michel Normandie<\/strong> zufriedenstellen wird. Sie ist <strong>leicht anzubringen<\/strong> \u2013 kinderleicht!<\/span><\/p>\n<p><span style=\"font-size: 11pt;\">Unsere <strong>T\u00fcrfolien<\/strong> werden in einem einzigen Bahnst\u00fcck geliefert, also in einem St\u00fcck. Ergebnis: Kein Sto\u00df n\u00f6tig \u2013 f\u00fcr eine einfache Anbringung! Mit den <a href=\"https:\/\/stickerdeco.fr\/de\/cat\/tursticker\/\"><strong>Stickern f\u00fcr T\u00fcren<\/strong><\/a> erhalten Sie eine <strong>originelle<\/strong> und personalisierte Dekoration f\u00fcr Ihr Zuhause.<br \/>\nMehrere Stile und Designs sind im Sticker D\u00e9co Shop verf\u00fcgbar. Ob 3D-Effekt, eine <a href=\"https:\/\/stickerdeco.fr\/de\/tag\/sticker-holzoptik\/\">Holzoptik<\/a> oder eine Stahlt\u00fcr \u2013 Ihre T\u00fcr wird mit Sicherheit einen beeindruckenden <a href=\"https:\/\/stickerdeco.fr\/de\/tag\/sticker-trompe-loeil\/\"><strong>Trompe-l\u2019\u0153il<\/strong><\/a>-Effekt haben.<\/span><\/p>\n<h3><span style=\"font-size: 14pt;\"><strong>Ein Sticker von sehr hoher Qualit\u00e4t<\/strong><\/span><\/h3>\n<p><span style=\"font-size: 11pt;\">Wir drucken unsere <strong>Wandsticker<\/strong> in HQ-4c auf <strong>robustem<\/strong> Polymer-<strong>Vinyl<\/strong> mit strukturierter Klebeschicht. Diese <strong>innovative Technologie<\/strong> sorgt f\u00fcr eine gute Haltbarkeit der <strong>Folie<\/strong> \u00fcber die Zeit (Polymerkleber) sowie f\u00fcr eine <strong>blasenfreie Anbringung<\/strong> (strukturierter Kleber). Der <strong>Kleber<\/strong> bleibt dabei relativ d\u00fcnn, mit <strong>einer St\u00e4rke von unter 0,2 mm<\/strong> (180\u00b5m).<\/span><\/p>\n<h3><span style=\"font-size: 14pt;\"><strong>Wie dekoriert man sein Zuhause?<\/strong><\/span><\/h3>\n<p><span style=\"font-size: 11pt;\">Gef\u00e4llt Ihnen diese <strong>T\u00fcrfolie Mont-Saint-Michel Normandie<\/strong>? Sie lieben <strong>Wanddeko<\/strong> und m\u00f6chten Ihre R\u00e4ume aufeinander abstimmen? Dann erg\u00e4nzen Sie Ihre Inneneinrichtung mit unseren <a href=\"\/?product_cat=sticker-salle-de-bains\"><strong>Badezimmer-Stickern<\/strong><\/a>, <a href=\"\/?product_cat=sticker-salon\"><strong>Wohnzimmer-Stickern<\/strong><\/a>, <a href=\"https:\/\/stickerdeco.fr\/de\/cat\/wandsticker\/kuchensticker\/\"><strong>K\u00fcchen-Stickern<\/strong><\/a> oder auch unseren <a href=\"https:\/\/stickerdeco.fr\/de\/cat\/wandsticker\/wandsticker-schlafzimmer-erwachsene\/\"><strong>Schlafzimmer-Stickern<\/strong><\/a>.<\/span><\/p>\n<h3><span style=\"font-size: 14pt;\"><strong><a href=\"https:\/\/www.stickerdeco.fr\/\">StickerDeco.fr<\/a> \u2013 tausende Produkte!<\/strong><\/span><\/h3>\n<p>In unseren R\u00e4umlichkeiten in der \u00cele-de-France gefertigt, ist der Druck der Sticker&nbsp;<strong>Made In France<\/strong>. W\u00e4hlen Sie Ihren Favoriten aus den Kategorien:<\/p>\n<ul>\n<li class=\"active\"><a href=\"\/?product_cat=stickers-muraux-animaux\"><strong>Tiersticker<\/strong><\/a><\/li>\n<li><strong><a href=\"\/?product_cat=stickers-muraux-fleurs\">Blumensticker<\/a><\/strong><\/li>\n<li><strong><a href=\"\/?product_cat=stickers-muraux-mangas-et-cartoons\">Manga- &amp; Cartoon-Sticker<\/a><\/strong>&nbsp;und vieles mehr!<\/li>\n<\/ul>\n<p><span style=\"font-size: 14pt; color: #d64444;\"><strong>SEHR HOCHWERTIGER KLEBER = EINFACHE ANBRINGUNG, GARANTIERT BLASENFREI<\/strong><\/span>[\/vc_column_text][\/vc_column][\/vc_row]<\/p>\n<\/div>","protected":false},"excerpt":{"rendered":"<p>Sie m\u00fcssen nicht f\u00fcr Urlaub oder Arbeit in die Normandie fahren \u2013 die Normandie kommt zu Ihnen. Versch\u00f6nern Sie Ihr Zuhause mit einer <strong>T\u00fcrfolie Mont-Saint-Michel Normandie.<\/strong><\/p>\n<p>Finden Sie auf unserer Website das <strong>T\u00fcrfolie<\/strong>-Modell, das Sie begeistern wird!<\/p>\n<p>Hergestellt in Frankreich.<\/p>\n","protected":false},"featured_media":127884,"template":"","meta":[],"product_brand":[],"product_cat":[4671,4643,4647],"product_tag":[5426,5427,6194,6180,5994,5992,5993,6168,5990,5988,5989,5991],"class_list":{"0":"post-127878","1":"product","2":"type-product","3":"status-publish","4":"has-post-thumbnail","6":"product_cat-tursticker","7":"product_cat-wandsticker-schlafzimmer-erwachsene","8":"product_cat-wohnzimmersticker","9":"product_tag-sticker-frankreich","10":"product_tag-sticker-nos-regions","11":"product_tag-sticker-regionen","12":"product_tag-sticker-tur-badezimmer","13":"product_tag-sticker-tur-chambre","14":"product_tag-sticker-tur-kuche","15":"product_tag-sticker-tur-salon","16":"product_tag-sticker-tur-trompe-loeil","17":"product_tag-stickers-tur-83-x-204-cm","18":"product_tag-tursticker-63-x-204-cm","19":"product_tag-tursticker-73-x-204-cm","20":"product_tag-tursticker-93-x-204-cm","22":"first","23":"instock","24":"sale","25":"taxable","26":"shipping-taxable","27":"purchasable","28":"product-type-variable"},"etheme_brands":{"errors":{"invalid_taxonomy":["Die Taxonomie ist ung\u00fcltig."]},"error_data":[]},"yoast_head":"<!-- This site is optimized with the Yoast SEO Premium plugin v27.3 (Yoast SEO v27.3) - https:\/\/yoast.com\/product\/yoast-seo-premium-wordpress\/ -->\n<title>T\u00fcrfolie Mont-St-Michel Normandie | T\u00fcren | Stickerdeco.fr<\/title>\n<meta name=\"description\" content=\"Diese T\u00fcrfolie Mont-Saint-Michel Normandie ist wie f\u00fcr Sie gemacht! Genie\u00dfen Sie die Architektur dieser Br\u00fccke, ein Wahrzeichen des Gard und seiner Region.\" \/>\n<meta name=\"robots\" content=\"index, follow, max-snippet:-1, max-image-preview:large, max-video-preview:-1\" \/>\n<link rel=\"canonical\" href=\"https:\/\/stickerdeco.fr\/de\/produit\/tuerfolie-mont-saint-michel-normandie\/\" \/>\n<meta property=\"og:locale\" content=\"de_DE\" \/>\n<meta property=\"og:type\" content=\"article\" \/>\n<meta property=\"og:title\" content=\"T\u00fcrfolie Mont-Saint-Michel Normandie\" \/>\n<meta property=\"og:description\" content=\"Diese T\u00fcrfolie Mont-Saint-Michel Normandie ist wie f\u00fcr Sie gemacht! Genie\u00dfen Sie die Architektur dieser Br\u00fccke, ein Wahrzeichen des Gard und seiner Region.\" \/>\n<meta property=\"og:url\" content=\"https:\/\/stickerdeco.fr\/de\/produit\/tuerfolie-mont-saint-michel-normandie\/\" \/>\n<meta property=\"og:site_name\" content=\"Sticker Deco\" \/>\n<meta property=\"article:publisher\" content=\"https:\/\/www.facebook.com\/stickerdeco.fr\/\" \/>\n<meta property=\"article:modified_time\" content=\"2026-03-06T12:13:52+00:00\" \/>\n<meta property=\"og:image\" content=\"https:\/\/stickerdeco.fr\/wp-content\/uploads\/2023\/01\/sticker-porte-mont-saint-michel-normandie-00.jpg\" \/>\n\t<meta property=\"og:image:width\" content=\"1000\" \/>\n\t<meta property=\"og:image:height\" content=\"1000\" \/>\n\t<meta property=\"og:image:type\" content=\"image\/jpeg\" \/>\n<meta name=\"twitter:card\" content=\"summary_large_image\" \/>\n<meta name=\"twitter:label1\" content=\"Verf\u00fcgbarkeit\" \/>\n\t<meta name=\"twitter:data1\" content=\"Auf Lager\" \/>\n<script type=\"application\/ld+json\" class=\"yoast-schema-graph\">{\"@context\":\"https:\\\/\\\/schema.org\",\"@graph\":[{\"@type\":\"WebPage\",\"@id\":\"https:\\\/\\\/stickerdeco.fr\\\/de\\\/produit\\\/tuerfolie-mont-saint-michel-normandie\\\/\",\"url\":\"https:\\\/\\\/stickerdeco.fr\\\/de\\\/produit\\\/tuerfolie-mont-saint-michel-normandie\\\/\",\"name\":\"T\u00fcrfolie Mont-St-Michel Normandie | T\u00fcren | Stickerdeco.fr\",\"isPartOf\":{\"@id\":\"https:\\\/\\\/stickerdeco.fr\\\/de\\\/#website\"},\"primaryImageOfPage\":{\"@id\":\"https:\\\/\\\/stickerdeco.fr\\\/de\\\/produit\\\/tuerfolie-mont-saint-michel-normandie\\\/#primaryimage\"},\"image\":{\"@id\":\"https:\\\/\\\/stickerdeco.fr\\\/de\\\/produit\\\/tuerfolie-mont-saint-michel-normandie\\\/#primaryimage\"},\"thumbnailUrl\":\"https:\\\/\\\/stickerdeco.fr\\\/wp-content\\\/uploads\\\/2023\\\/01\\\/sticker-porte-mont-saint-michel-normandie-00.jpg\",\"datePublished\":\"2023-01-13T14:51:42+00:00\",\"dateModified\":\"2026-03-06T12:13:52+00:00\",\"description\":\"Diese T\u00fcrfolie Mont-Saint-Michel Normandie ist wie f\u00fcr Sie gemacht! Genie\u00dfen Sie die Architektur dieser Br\u00fccke, ein Wahrzeichen des Gard und seiner Region.\",\"breadcrumb\":{\"@id\":\"https:\\\/\\\/stickerdeco.fr\\\/de\\\/produit\\\/tuerfolie-mont-saint-michel-normandie\\\/#breadcrumb\"},\"inLanguage\":\"de\",\"potentialAction\":[{\"@type\":\"ReadAction\",\"target\":[\"https:\\\/\\\/stickerdeco.fr\\\/de\\\/produit\\\/tuerfolie-mont-saint-michel-normandie\\\/\"]}]},{\"@type\":\"ImageObject\",\"inLanguage\":\"de\",\"@id\":\"https:\\\/\\\/stickerdeco.fr\\\/de\\\/produit\\\/tuerfolie-mont-saint-michel-normandie\\\/#primaryimage\",\"url\":\"https:\\\/\\\/stickerdeco.fr\\\/wp-content\\\/uploads\\\/2023\\\/01\\\/sticker-porte-mont-saint-michel-normandie-00.jpg\",\"contentUrl\":\"https:\\\/\\\/stickerdeco.fr\\\/wp-content\\\/uploads\\\/2023\\\/01\\\/sticker-porte-mont-saint-michel-normandie-00.jpg\",\"width\":1000,\"height\":1000,\"caption\":\"T\u00fcrfolie Mont-Saint-Michel Normandie\"},{\"@type\":\"BreadcrumbList\",\"@id\":\"https:\\\/\\\/stickerdeco.fr\\\/de\\\/produit\\\/tuerfolie-mont-saint-michel-normandie\\\/#breadcrumb\",\"itemListElement\":[{\"@type\":\"ListItem\",\"position\":1,\"name\":\"Accueil\",\"item\":\"https:\\\/\\\/stickerdeco.fr\\\/de\\\/\"},{\"@type\":\"ListItem\",\"position\":2,\"name\":\"Boutique\",\"item\":\"https:\\\/\\\/stickerdeco.fr\\\/boutique\\\/\"},{\"@type\":\"ListItem\",\"position\":3,\"name\":\"T\u00fcrfolie Mont-Saint-Michel Normandie\"}]},{\"@type\":\"WebSite\",\"@id\":\"https:\\\/\\\/stickerdeco.fr\\\/de\\\/#website\",\"url\":\"https:\\\/\\\/stickerdeco.fr\\\/de\\\/\",\"name\":\"Sticker Deco\",\"description\":\"Le Sticker Made In France\",\"publisher\":{\"@id\":\"https:\\\/\\\/stickerdeco.fr\\\/de\\\/#organization\"},\"potentialAction\":[{\"@type\":\"SearchAction\",\"target\":{\"@type\":\"EntryPoint\",\"urlTemplate\":\"https:\\\/\\\/stickerdeco.fr\\\/de\\\/?s={search_term_string}\"},\"query-input\":{\"@type\":\"PropertyValueSpecification\",\"valueRequired\":true,\"valueName\":\"search_term_string\"}}],\"inLanguage\":\"de\"},{\"@type\":\"Organization\",\"@id\":\"https:\\\/\\\/stickerdeco.fr\\\/de\\\/#organization\",\"name\":\"Sticker D\u00e9co\",\"url\":\"https:\\\/\\\/stickerdeco.fr\\\/de\\\/\",\"logo\":{\"@type\":\"ImageObject\",\"inLanguage\":\"de\",\"@id\":\"https:\\\/\\\/stickerdeco.fr\\\/de\\\/#\\\/schema\\\/logo\\\/image\\\/\",\"url\":\"https:\\\/\\\/stickerdeco.fr\\\/wp-content\\\/uploads\\\/1987\\\/05\\\/stickerdeco-logo-v2-carre.png\",\"contentUrl\":\"https:\\\/\\\/stickerdeco.fr\\\/wp-content\\\/uploads\\\/1987\\\/05\\\/stickerdeco-logo-v2-carre.png\",\"width\":1000,\"height\":1000,\"caption\":\"Sticker D\u00e9co\"},\"image\":{\"@id\":\"https:\\\/\\\/stickerdeco.fr\\\/de\\\/#\\\/schema\\\/logo\\\/image\\\/\"},\"sameAs\":[\"https:\\\/\\\/www.facebook.com\\\/stickerdeco.fr\\\/\",\"https:\\\/\\\/www.instagram.com\\\/stickerdecofr\\\/\",\"https:\\\/\\\/www.pinterest.fr\\\/stickerdecofr\\\/\",\"https:\\\/\\\/www.youtube.com\\\/StickerDeco\"],\"email\":\"contact@stickerdeco.fr\",\"telephone\":\"0980809233\",\"legalName\":\"Sticker D\u00e9co\"}]}<\/script>\n<meta property=\"og:availability\" content=\"instock\" \/>\n<meta property=\"product:availability\" content=\"instock\" \/>\n<meta property=\"product:condition\" content=\"new\" \/>\n<!-- \/ Yoast SEO Premium plugin. -->","yoast_head_json":{"title":"T\u00fcrfolie Mont-St-Michel Normandie | T\u00fcren | Stickerdeco.fr","description":"Diese T\u00fcrfolie Mont-Saint-Michel Normandie ist wie f\u00fcr Sie gemacht! Genie\u00dfen Sie die Architektur dieser Br\u00fccke, ein Wahrzeichen des Gard und seiner Region.","robots":{"index":"index","follow":"follow","max-snippet":"max-snippet:-1","max-image-preview":"max-image-preview:large","max-video-preview":"max-video-preview:-1"},"canonical":"https:\/\/stickerdeco.fr\/de\/produit\/tuerfolie-mont-saint-michel-normandie\/","og_locale":"de_DE","og_type":"article","og_title":"T\u00fcrfolie Mont-Saint-Michel Normandie","og_description":"Diese T\u00fcrfolie Mont-Saint-Michel Normandie ist wie f\u00fcr Sie gemacht! Genie\u00dfen Sie die Architektur dieser Br\u00fccke, ein Wahrzeichen des Gard und seiner Region.","og_url":"https:\/\/stickerdeco.fr\/de\/produit\/tuerfolie-mont-saint-michel-normandie\/","og_site_name":"Sticker Deco","article_publisher":"https:\/\/www.facebook.com\/stickerdeco.fr\/","article_modified_time":"2026-03-06T12:13:52+00:00","og_image":[{"width":1000,"height":1000,"url":"https:\/\/stickerdeco.fr\/wp-content\/uploads\/2023\/01\/sticker-porte-mont-saint-michel-normandie-00.jpg","type":"image\/jpeg"}],"twitter_card":"summary_large_image","twitter_misc":{"Verf\u00fcgbarkeit":"Auf Lager"},"schema":{"@context":"https:\/\/schema.org","@graph":[{"@type":"WebPage","@id":"https:\/\/stickerdeco.fr\/de\/produit\/tuerfolie-mont-saint-michel-normandie\/","url":"https:\/\/stickerdeco.fr\/de\/produit\/tuerfolie-mont-saint-michel-normandie\/","name":"T\u00fcrfolie Mont-St-Michel Normandie | T\u00fcren | Stickerdeco.fr","isPartOf":{"@id":"https:\/\/stickerdeco.fr\/de\/#website"},"primaryImageOfPage":{"@id":"https:\/\/stickerdeco.fr\/de\/produit\/tuerfolie-mont-saint-michel-normandie\/#primaryimage"},"image":{"@id":"https:\/\/stickerdeco.fr\/de\/produit\/tuerfolie-mont-saint-michel-normandie\/#primaryimage"},"thumbnailUrl":"https:\/\/stickerdeco.fr\/wp-content\/uploads\/2023\/01\/sticker-porte-mont-saint-michel-normandie-00.jpg","datePublished":"2023-01-13T14:51:42+00:00","dateModified":"2026-03-06T12:13:52+00:00","description":"Diese T\u00fcrfolie Mont-Saint-Michel Normandie ist wie f\u00fcr Sie gemacht! Genie\u00dfen Sie die Architektur dieser Br\u00fccke, ein Wahrzeichen des Gard und seiner Region.","breadcrumb":{"@id":"https:\/\/stickerdeco.fr\/de\/produit\/tuerfolie-mont-saint-michel-normandie\/#breadcrumb"},"inLanguage":"de","potentialAction":[{"@type":"ReadAction","target":["https:\/\/stickerdeco.fr\/de\/produit\/tuerfolie-mont-saint-michel-normandie\/"]}]},{"@type":"ImageObject","inLanguage":"de","@id":"https:\/\/stickerdeco.fr\/de\/produit\/tuerfolie-mont-saint-michel-normandie\/#primaryimage","url":"https:\/\/stickerdeco.fr\/wp-content\/uploads\/2023\/01\/sticker-porte-mont-saint-michel-normandie-00.jpg","contentUrl":"https:\/\/stickerdeco.fr\/wp-content\/uploads\/2023\/01\/sticker-porte-mont-saint-michel-normandie-00.jpg","width":1000,"height":1000,"caption":"T\u00fcrfolie Mont-Saint-Michel Normandie"},{"@type":"BreadcrumbList","@id":"https:\/\/stickerdeco.fr\/de\/produit\/tuerfolie-mont-saint-michel-normandie\/#breadcrumb","itemListElement":[{"@type":"ListItem","position":1,"name":"Accueil","item":"https:\/\/stickerdeco.fr\/de\/"},{"@type":"ListItem","position":2,"name":"Boutique","item":"https:\/\/stickerdeco.fr\/boutique\/"},{"@type":"ListItem","position":3,"name":"T\u00fcrfolie Mont-Saint-Michel Normandie"}]},{"@type":"WebSite","@id":"https:\/\/stickerdeco.fr\/de\/#website","url":"https:\/\/stickerdeco.fr\/de\/","name":"Sticker Deco","description":"Le Sticker Made In France","publisher":{"@id":"https:\/\/stickerdeco.fr\/de\/#organization"},"potentialAction":[{"@type":"SearchAction","target":{"@type":"EntryPoint","urlTemplate":"https:\/\/stickerdeco.fr\/de\/?s={search_term_string}"},"query-input":{"@type":"PropertyValueSpecification","valueRequired":true,"valueName":"search_term_string"}}],"inLanguage":"de"},{"@type":"Organization","@id":"https:\/\/stickerdeco.fr\/de\/#organization","name":"Sticker D\u00e9co","url":"https:\/\/stickerdeco.fr\/de\/","logo":{"@type":"ImageObject","inLanguage":"de","@id":"https:\/\/stickerdeco.fr\/de\/#\/schema\/logo\/image\/","url":"https:\/\/stickerdeco.fr\/wp-content\/uploads\/1987\/05\/stickerdeco-logo-v2-carre.png","contentUrl":"https:\/\/stickerdeco.fr\/wp-content\/uploads\/1987\/05\/stickerdeco-logo-v2-carre.png","width":1000,"height":1000,"caption":"Sticker D\u00e9co"},"image":{"@id":"https:\/\/stickerdeco.fr\/de\/#\/schema\/logo\/image\/"},"sameAs":["https:\/\/www.facebook.com\/stickerdeco.fr\/","https:\/\/www.instagram.com\/stickerdecofr\/","https:\/\/www.pinterest.fr\/stickerdecofr\/","https:\/\/www.youtube.com\/StickerDeco"],"email":"contact@stickerdeco.fr","telephone":"0980809233","legalName":"Sticker D\u00e9co"}]},"og_availability":"instock","product_availability":"instock","product_condition":"new"},"_links":{"self":[{"href":"https:\/\/stickerdeco.fr\/de\/wp-json\/wp\/v2\/product\/127878","targetHints":{"allow":["GET"]}}],"collection":[{"href":"https:\/\/stickerdeco.fr\/de\/wp-json\/wp\/v2\/product"}],"about":[{"href":"https:\/\/stickerdeco.fr\/de\/wp-json\/wp\/v2\/types\/product"}],"version-history":[{"count":4,"href":"https:\/\/stickerdeco.fr\/de\/wp-json\/wp\/v2\/product\/127878\/revisions"}],"predecessor-version":[{"id":127916,"href":"https:\/\/stickerdeco.fr\/de\/wp-json\/wp\/v2\/product\/127878\/revisions\/127916"}],"wp:featuredmedia":[{"embeddable":true,"href":"https:\/\/stickerdeco.fr\/de\/wp-json\/wp\/v2\/media\/127884"}],"wp:attachment":[{"href":"https:\/\/stickerdeco.fr\/de\/wp-json\/wp\/v2\/media?parent=127878"}],"wp:term":[{"taxonomy":"product_brand","embeddable":true,"href":"https:\/\/stickerdeco.fr\/de\/wp-json\/wp\/v2\/product_brand?post=127878"},{"taxonomy":"product_cat","embeddable":true,"href":"https:\/\/stickerdeco.fr\/de\/wp-json\/wp\/v2\/product_cat?post=127878"},{"taxonomy":"product_tag","embeddable":true,"href":"https:\/\/stickerdeco.fr\/de\/wp-json\/wp\/v2\/product_tag?post=127878"}],"curies":[{"name":"wp","href":"https:\/\/api.w.org\/{rel}","templated":true}]}}