{"id":132377,"date":"2020-02-12T09:12:31","date_gmt":"2020-02-12T08:12:31","guid":{"rendered":"https:\/\/stickerdeco.fr\/produit\/sticker-porte-escalier-ruelle\/"},"modified":"2026-03-06T15:36:01","modified_gmt":"2026-03-06T14:36:01","slug":"sticker-porte-escalier-ruelle","status":"publish","type":"product","link":"https:\/\/stickerdeco.fr\/de\/produit\/sticker-porte-escalier-ruelle\/","title":{"rendered":"T\u00fcrfolie Escalier Ruelle"},"content":{"rendered":"<div class=\"wpb-content-wrapper\"><p>[vc_row][vc_column][vc_column_text]<\/p>\n<h2><span style=\"font-size: 14pt;\"><strong>Der T\u00fcrfolie Escalier Ruelle<\/strong><\/span><\/h2>\n<p><span style=\"font-size: 11pt;\">M\u00f6chtest du deine <strong>Inneneinrichtung<\/strong> ver\u00e4ndern? Dann ist diese wundersch\u00f6ne <strong>T\u00fcrfolie Escalier Ruelle<\/strong> genau das Richtige! Keine Frage: Diese <strong>T\u00fcrfolie Escalier Ruelle<\/strong> wird dich dank unseres hochwertigen Vinylklebers begeistern. Sie ist <strong>leicht anzubringen.<\/strong>Mit diesem Sticker wird es ganz einfach, <strong>dein Zuhause zu personalisieren<\/strong>!<\/span><\/p>\n<p><span style=\"font-size: 11pt;\">Chaque <strong>d\u00e9co murale<\/strong> est ind\u00e9pendante et <strong>peut \u00eatre coll\u00e9e s\u00e9par\u00e9ment<\/strong>. Vous avez donc un maximum de possibilit\u00e9s pour la pose de votre <strong>autocollant murale<\/strong> alors faites parler votre \u00e2me de <strong>d\u00e9corateur !<\/strong><\/span><\/p>\n<h3><span style=\"font-size: 14pt;\"><strong>T\u00fcrfolie<\/strong><\/span><\/h3>\n<p><span style=\"font-size: 11pt;\">Du m\u00f6chtest einen einzigartigen Stil f\u00fcr deine T\u00fcren? Dann ist diese <strong>T\u00fcrfolie Escalier Ruelle<\/strong> genau das Richtige! Sie wird dich garantiert \u00fcberzeugen. Sie ist <strong>einfach anzubringen<\/strong> \u2013 kinderleicht!<\/span><\/p>\n<p><span style=\"font-size: 11pt;\">Unsere <strong>T\u00fcrfolien<\/strong> werden in einem St\u00fcck geliefert. Ergebnis: keine Sto\u00dfkanten \u2013 einfache Anbringung! Mit unseren <a href=\"https:\/\/stickerdeco.fr\/de\/cat\/tursticker\/\"><strong>T\u00fcrfolien<\/strong><\/a> schaffst du eine <strong>originelle<\/strong> und personalisierte Dekoration. Plusieurs style et design de disponible sur la boutique Sticker D\u00e9co. Ob 3D-Effekt, <a href=\"https:\/\/stickerdeco.fr\/de\/tag\/sticker-holzoptik\/\">Holzoptik<\/a> oder Stahlt\u00fcr \u2013 deine T\u00fcr bekommt einen beeindruckenden <a href=\"https:\/\/stickerdeco.fr\/de\/tag\/sticker-trompe-loeil\/\"><strong>Trompe-l\u2019\u0153il<\/strong><\/a>-Effekt.<\/span><\/p>\n<h3><span style=\"font-size: 14pt;\"><strong>Ein Sticker von sehr hoher Qualit\u00e4t<\/strong><\/span><\/h3>\n<p><span style=\"font-size: 11pt;\">En effet, nous imprimons nos <strong>autocollants muraux<\/strong> en quadri HQ sur <strong>adh\u00e9sif<\/strong> polym\u00e8re <strong>r\u00e9sistant<\/strong> avec colle structur\u00e9e. Diese <strong>innovative<\/strong> Technologie sorgt f\u00fcr eine langlebige Haftung des <strong>Vinyls<\/strong> (Polymerkleber) sowie eine <strong>blasenfreie Anbringung<\/strong> (strukturierter Kleber). Der <strong>Klebefilm<\/strong> bleibt dennoch relativ d\u00fcnn: <strong>unter 0,2 mm<\/strong> (180 \u00b5m).<\/span><\/p>\n<h3><span style=\"font-size: 14pt;\"><strong>Wie dekoriert man sein Zuhause?<\/strong><\/span><\/h3>\n<p><span style=\"font-size: 11pt;\">Gef\u00e4llt dir diese <strong>T\u00fcrfolie Escalier Ruelle<\/strong>? Du liebst <strong>Wanddeko<\/strong> und m\u00f6chtest deine R\u00e4ume abstimmen? Dann erg\u00e4nze deine Einrichtung mit unseren <a href=\"\/?product_cat=sticker-salle-de-bains\"><strong>Bad-Stickern<\/strong><\/a>, <a href=\"\/?product_cat=sticker-salon\"><strong>Wohnzimmer-Stickern<\/strong><\/a>, <a href=\"https:\/\/stickerdeco.fr\/de\/cat\/wandsticker\/kuchensticker\/\"><strong>K\u00fcchen-Stickern<\/strong><\/a> ou encore nos <a href=\"https:\/\/stickerdeco.fr\/de\/cat\/wandsticker\/wandsticker-schlafzimmer-erwachsene\/\"><strong>Schlafzimmer-Stickern<\/strong><\/a>.<\/span><\/p>\n<h3><span style=\"font-size: 14pt;\"><strong><a href=\"https:\/\/www.stickerdeco.fr\/\">StickerDeco.fr<\/a> bietet tausende Produkte!<\/strong><\/span><\/h3>\n<p><span style=\"font-size: 11pt;\">Gedruckt in unseren R\u00e4umen in der \u00cele-de-France: <strong>Made in France<\/strong>. W\u00e4hle dein Motiv aus den Kategorien:<\/span><\/p>\n<ul>\n<li><span style=\"font-size: 11pt;\"><a href=\"\/?product_cat=stickers-muraux-animaux\"><strong>Tier-Sticker<\/strong><\/a>, <\/span><\/li>\n<li><span style=\"font-size: 11pt;\"><strong><a href=\"\/?product_cat=stickers-muraux-fleurs\">Stickers Fleurs<\/a><\/strong>, <\/span><\/li>\n<li><span style=\"font-size: 11pt;\"><strong><a href=\"\/?product_cat=stickers-muraux-mangas-et-cartoons\">Stickers Mangas<\/a><\/strong> et bien plus encore !<\/span><\/li>\n<\/ul>\n<p><span style=\"font-size: 14pt; color: #d64444;\"><strong>SEHR HOCHWERTIGER KLEBEFILM = EINFACHE ANBRINGUNG, GARANTIERT BLASENFREI<\/strong><\/span>[\/vc_column_text][\/vc_column][\/vc_row]<\/p>\n<\/div>","protected":false},"excerpt":{"rendered":"<p>Vous souhaitez donner une d\u00e9co urbaine, chic et moderne \u00e0 vos portes ? Alors cet autocollant <strong>T\u00fcrfolie Porte Escalier Ruelle<\/strong>\u00a0est fait pour vous !<\/p>\n<p>Invitez l&#8217;univers urbain ensoleill\u00e9 dans votre foyer gr\u00e2ce \u00e0 ce <strong>sticker trompe l\u2019\u0153il pour porte<\/strong>. Cet adh\u00e9sif pour porte repr\u00e9sente une mont\u00e9e d&#8217;escaliers dans une ruelle. Il apporte de la profondeur et agrandira vos pi\u00e8ces \u00e0 coup s\u00fbr.<\/p>\n<p><strong>Produkteigenschaften:<\/strong><\/p>\n<ul class=\"product-short-desc-list\">\n<li>T\u00fcrfolie: einfache, blasenfreie Anbringung<\/li>\n<li>In einem St\u00fcck geliefert: kein m\u00fchsames Zusammenf\u00fcgen oder zus\u00e4tzliches Kleben n\u00f6tig<\/li>\n<li>Laminierte Oberfl\u00e4che mit matter Optik: edles Finish, geringe Reflexion und hohe Haltbarkeit<\/li>\n<li>Geeignet f\u00fcr glatte Oberfl\u00e4chen (lackierte\/laminierte T\u00fcren, Kunststoff, Glas usw.)<\/li>\n<li>Leicht zu reinigen, abwaschbar und spritzwassergesch\u00fctzt<\/li>\n<li>Euroklasse B-s1,d0 (entspr. M1 in Frankreich)<\/li>\n<li>\u00d6kologischer Druck UL ECOLOGO\u00ae und UL GREENGUARD Gold: emissionsarm und geruchsfrei, geeignet f\u00fcr empfindliche Innenr\u00e4ume<\/li>\n<\/ul>\n<p><span style=\"color: #d64444;\"><strong>Plusieurs tailles disponibles afin de matcher avec toutes vos portes (sur-mesure possible sur demande).<\/strong><\/span><\/p>\n<hr \/>\n","protected":false},"featured_media":132386,"template":"","meta":[],"product_brand":[],"product_cat":[4671],"product_tag":[5363,6180,5994,6178,5992,6169,5993,6168,5990,5988,5989,5991],"class_list":{"0":"post-132377","1":"product","2":"type-product","3":"status-publish","4":"has-post-thumbnail","6":"product_cat-tursticker","7":"product_tag-sticker-trompe-loeil","8":"product_tag-sticker-tur-badezimmer","9":"product_tag-sticker-tur-chambre","10":"product_tag-sticker-tur-escalier","11":"product_tag-sticker-tur-kuche","12":"product_tag-sticker-tur-paysage","13":"product_tag-sticker-tur-salon","14":"product_tag-sticker-tur-trompe-loeil","15":"product_tag-stickers-tur-83-x-204-cm","16":"product_tag-tursticker-63-x-204-cm","17":"product_tag-tursticker-73-x-204-cm","18":"product_tag-tursticker-93-x-204-cm","20":"first","21":"instock","22":"sale","23":"taxable","24":"shipping-taxable","25":"purchasable","26":"product-type-variable","27":"has-default-attributes"},"etheme_brands":{"errors":{"invalid_taxonomy":["Die Taxonomie ist ung\u00fcltig."]},"error_data":[]},"yoast_head":"<!-- This site is optimized with the Yoast SEO Premium plugin v27.3 (Yoast SEO v27.3) - https:\/\/yoast.com\/product\/yoast-seo-premium-wordpress\/ -->\n<title>t\u00fcrfolie Escalier Ruelle | Stickers Portes | StickerDeco.fr<\/title>\n<meta name=\"description\" content=\"Optez pour une d\u00e9coration trompe l\u2019\u0153il et pas cher gr\u00e2ce \u00e0 ce Sticker Escalier Ruelle ! Nos Adh\u00e9sifs sont de Fabrication Fran\u00e7aise.\" \/>\n<meta name=\"robots\" content=\"index, follow, max-snippet:-1, max-image-preview:large, max-video-preview:-1\" \/>\n<link rel=\"canonical\" href=\"https:\/\/stickerdeco.fr\/de\/produit\/sticker-porte-escalier-ruelle\/\" \/>\n<meta property=\"og:locale\" content=\"de_DE\" \/>\n<meta property=\"og:type\" content=\"article\" \/>\n<meta property=\"og:title\" content=\"T\u00fcrfolie Escalier Ruelle\" \/>\n<meta property=\"og:description\" content=\"Optez pour une d\u00e9coration trompe l\u2019\u0153il et pas cher gr\u00e2ce \u00e0 ce Sticker Escalier Ruelle ! Nos Adh\u00e9sifs sont de Fabrication Fran\u00e7aise.\" \/>\n<meta property=\"og:url\" content=\"https:\/\/stickerdeco.fr\/de\/produit\/sticker-porte-escalier-ruelle\/\" \/>\n<meta property=\"og:site_name\" content=\"Sticker Deco\" \/>\n<meta property=\"article:publisher\" content=\"https:\/\/www.facebook.com\/stickerdeco.fr\/\" \/>\n<meta property=\"article:modified_time\" content=\"2026-03-06T14:36:01+00:00\" \/>\n<meta property=\"og:image\" content=\"https:\/\/stickerdeco.fr\/wp-content\/uploads\/2020\/02\/sticker-porte-escalier-qui-monte-04-e1732702529304.jpg\" \/>\n\t<meta property=\"og:image:width\" content=\"1500\" \/>\n\t<meta property=\"og:image:height\" content=\"1500\" \/>\n\t<meta property=\"og:image:type\" content=\"image\/jpeg\" \/>\n<meta name=\"twitter:card\" content=\"summary_large_image\" \/>\n<meta name=\"twitter:label1\" content=\"Verf\u00fcgbarkeit\" \/>\n\t<meta name=\"twitter:data1\" content=\"Auf Lager\" \/>\n<script type=\"application\/ld+json\" class=\"yoast-schema-graph\">{\"@context\":\"https:\\\/\\\/schema.org\",\"@graph\":[{\"@type\":\"WebPage\",\"@id\":\"https:\\\/\\\/stickerdeco.fr\\\/de\\\/produit\\\/sticker-porte-escalier-ruelle\\\/\",\"url\":\"https:\\\/\\\/stickerdeco.fr\\\/de\\\/produit\\\/sticker-porte-escalier-ruelle\\\/\",\"name\":\"t\u00fcrfolie Escalier Ruelle | Stickers Portes | StickerDeco.fr\",\"isPartOf\":{\"@id\":\"https:\\\/\\\/stickerdeco.fr\\\/de\\\/#website\"},\"primaryImageOfPage\":{\"@id\":\"https:\\\/\\\/stickerdeco.fr\\\/de\\\/produit\\\/sticker-porte-escalier-ruelle\\\/#primaryimage\"},\"image\":{\"@id\":\"https:\\\/\\\/stickerdeco.fr\\\/de\\\/produit\\\/sticker-porte-escalier-ruelle\\\/#primaryimage\"},\"thumbnailUrl\":\"https:\\\/\\\/stickerdeco.fr\\\/wp-content\\\/uploads\\\/2020\\\/02\\\/sticker-porte-escalier-qui-monte-04-e1732702529304.jpg\",\"datePublished\":\"2020-02-12T08:12:31+00:00\",\"dateModified\":\"2026-03-06T14:36:01+00:00\",\"description\":\"Optez pour une d\u00e9coration trompe l\u2019\u0153il et pas cher gr\u00e2ce \u00e0 ce Sticker Escalier Ruelle ! Nos Adh\u00e9sifs sont de Fabrication Fran\u00e7aise.\",\"breadcrumb\":{\"@id\":\"https:\\\/\\\/stickerdeco.fr\\\/de\\\/produit\\\/sticker-porte-escalier-ruelle\\\/#breadcrumb\"},\"inLanguage\":\"de\",\"potentialAction\":[{\"@type\":\"ReadAction\",\"target\":[\"https:\\\/\\\/stickerdeco.fr\\\/de\\\/produit\\\/sticker-porte-escalier-ruelle\\\/\"]}]},{\"@type\":\"ImageObject\",\"inLanguage\":\"de\",\"@id\":\"https:\\\/\\\/stickerdeco.fr\\\/de\\\/produit\\\/sticker-porte-escalier-ruelle\\\/#primaryimage\",\"url\":\"https:\\\/\\\/stickerdeco.fr\\\/wp-content\\\/uploads\\\/2020\\\/02\\\/sticker-porte-escalier-qui-monte-04-e1732702529304.jpg\",\"contentUrl\":\"https:\\\/\\\/stickerdeco.fr\\\/wp-content\\\/uploads\\\/2020\\\/02\\\/sticker-porte-escalier-qui-monte-04-e1732702529304.jpg\",\"width\":1500,\"height\":1500,\"caption\":\"T\u00fcrfolie Escalier Ruelle\"},{\"@type\":\"BreadcrumbList\",\"@id\":\"https:\\\/\\\/stickerdeco.fr\\\/de\\\/produit\\\/sticker-porte-escalier-ruelle\\\/#breadcrumb\",\"itemListElement\":[{\"@type\":\"ListItem\",\"position\":1,\"name\":\"Accueil\",\"item\":\"https:\\\/\\\/stickerdeco.fr\\\/de\\\/\"},{\"@type\":\"ListItem\",\"position\":2,\"name\":\"Boutique\",\"item\":\"https:\\\/\\\/stickerdeco.fr\\\/boutique\\\/\"},{\"@type\":\"ListItem\",\"position\":3,\"name\":\"T\u00fcrfolie Escalier Ruelle\"}]},{\"@type\":\"WebSite\",\"@id\":\"https:\\\/\\\/stickerdeco.fr\\\/de\\\/#website\",\"url\":\"https:\\\/\\\/stickerdeco.fr\\\/de\\\/\",\"name\":\"Sticker Deco\",\"description\":\"Le Sticker Made In France\",\"publisher\":{\"@id\":\"https:\\\/\\\/stickerdeco.fr\\\/de\\\/#organization\"},\"potentialAction\":[{\"@type\":\"SearchAction\",\"target\":{\"@type\":\"EntryPoint\",\"urlTemplate\":\"https:\\\/\\\/stickerdeco.fr\\\/de\\\/?s={search_term_string}\"},\"query-input\":{\"@type\":\"PropertyValueSpecification\",\"valueRequired\":true,\"valueName\":\"search_term_string\"}}],\"inLanguage\":\"de\"},{\"@type\":\"Organization\",\"@id\":\"https:\\\/\\\/stickerdeco.fr\\\/de\\\/#organization\",\"name\":\"Sticker D\u00e9co\",\"url\":\"https:\\\/\\\/stickerdeco.fr\\\/de\\\/\",\"logo\":{\"@type\":\"ImageObject\",\"inLanguage\":\"de\",\"@id\":\"https:\\\/\\\/stickerdeco.fr\\\/de\\\/#\\\/schema\\\/logo\\\/image\\\/\",\"url\":\"https:\\\/\\\/stickerdeco.fr\\\/wp-content\\\/uploads\\\/1987\\\/05\\\/stickerdeco-logo-v2-carre.png\",\"contentUrl\":\"https:\\\/\\\/stickerdeco.fr\\\/wp-content\\\/uploads\\\/1987\\\/05\\\/stickerdeco-logo-v2-carre.png\",\"width\":1000,\"height\":1000,\"caption\":\"Sticker D\u00e9co\"},\"image\":{\"@id\":\"https:\\\/\\\/stickerdeco.fr\\\/de\\\/#\\\/schema\\\/logo\\\/image\\\/\"},\"sameAs\":[\"https:\\\/\\\/www.facebook.com\\\/stickerdeco.fr\\\/\",\"https:\\\/\\\/www.instagram.com\\\/stickerdecofr\\\/\",\"https:\\\/\\\/www.pinterest.fr\\\/stickerdecofr\\\/\",\"https:\\\/\\\/www.youtube.com\\\/StickerDeco\"],\"email\":\"contact@stickerdeco.fr\",\"telephone\":\"0980809233\",\"legalName\":\"Sticker D\u00e9co\"}]}<\/script>\n<meta property=\"og:availability\" content=\"instock\" \/>\n<meta property=\"product:availability\" content=\"instock\" \/>\n<meta property=\"product:condition\" content=\"new\" \/>\n<!-- \/ Yoast SEO Premium plugin. -->","yoast_head_json":{"title":"t\u00fcrfolie Escalier Ruelle | Stickers Portes | StickerDeco.fr","description":"Optez pour une d\u00e9coration trompe l\u2019\u0153il et pas cher gr\u00e2ce \u00e0 ce Sticker Escalier Ruelle ! Nos Adh\u00e9sifs sont de Fabrication Fran\u00e7aise.","robots":{"index":"index","follow":"follow","max-snippet":"max-snippet:-1","max-image-preview":"max-image-preview:large","max-video-preview":"max-video-preview:-1"},"canonical":"https:\/\/stickerdeco.fr\/de\/produit\/sticker-porte-escalier-ruelle\/","og_locale":"de_DE","og_type":"article","og_title":"T\u00fcrfolie Escalier Ruelle","og_description":"Optez pour une d\u00e9coration trompe l\u2019\u0153il et pas cher gr\u00e2ce \u00e0 ce Sticker Escalier Ruelle ! Nos Adh\u00e9sifs sont de Fabrication Fran\u00e7aise.","og_url":"https:\/\/stickerdeco.fr\/de\/produit\/sticker-porte-escalier-ruelle\/","og_site_name":"Sticker Deco","article_publisher":"https:\/\/www.facebook.com\/stickerdeco.fr\/","article_modified_time":"2026-03-06T14:36:01+00:00","og_image":[{"width":1500,"height":1500,"url":"https:\/\/stickerdeco.fr\/wp-content\/uploads\/2020\/02\/sticker-porte-escalier-qui-monte-04-e1732702529304.jpg","type":"image\/jpeg"}],"twitter_card":"summary_large_image","twitter_misc":{"Verf\u00fcgbarkeit":"Auf Lager"},"schema":{"@context":"https:\/\/schema.org","@graph":[{"@type":"WebPage","@id":"https:\/\/stickerdeco.fr\/de\/produit\/sticker-porte-escalier-ruelle\/","url":"https:\/\/stickerdeco.fr\/de\/produit\/sticker-porte-escalier-ruelle\/","name":"t\u00fcrfolie Escalier Ruelle | Stickers Portes | StickerDeco.fr","isPartOf":{"@id":"https:\/\/stickerdeco.fr\/de\/#website"},"primaryImageOfPage":{"@id":"https:\/\/stickerdeco.fr\/de\/produit\/sticker-porte-escalier-ruelle\/#primaryimage"},"image":{"@id":"https:\/\/stickerdeco.fr\/de\/produit\/sticker-porte-escalier-ruelle\/#primaryimage"},"thumbnailUrl":"https:\/\/stickerdeco.fr\/wp-content\/uploads\/2020\/02\/sticker-porte-escalier-qui-monte-04-e1732702529304.jpg","datePublished":"2020-02-12T08:12:31+00:00","dateModified":"2026-03-06T14:36:01+00:00","description":"Optez pour une d\u00e9coration trompe l\u2019\u0153il et pas cher gr\u00e2ce \u00e0 ce Sticker Escalier Ruelle ! Nos Adh\u00e9sifs sont de Fabrication Fran\u00e7aise.","breadcrumb":{"@id":"https:\/\/stickerdeco.fr\/de\/produit\/sticker-porte-escalier-ruelle\/#breadcrumb"},"inLanguage":"de","potentialAction":[{"@type":"ReadAction","target":["https:\/\/stickerdeco.fr\/de\/produit\/sticker-porte-escalier-ruelle\/"]}]},{"@type":"ImageObject","inLanguage":"de","@id":"https:\/\/stickerdeco.fr\/de\/produit\/sticker-porte-escalier-ruelle\/#primaryimage","url":"https:\/\/stickerdeco.fr\/wp-content\/uploads\/2020\/02\/sticker-porte-escalier-qui-monte-04-e1732702529304.jpg","contentUrl":"https:\/\/stickerdeco.fr\/wp-content\/uploads\/2020\/02\/sticker-porte-escalier-qui-monte-04-e1732702529304.jpg","width":1500,"height":1500,"caption":"T\u00fcrfolie Escalier Ruelle"},{"@type":"BreadcrumbList","@id":"https:\/\/stickerdeco.fr\/de\/produit\/sticker-porte-escalier-ruelle\/#breadcrumb","itemListElement":[{"@type":"ListItem","position":1,"name":"Accueil","item":"https:\/\/stickerdeco.fr\/de\/"},{"@type":"ListItem","position":2,"name":"Boutique","item":"https:\/\/stickerdeco.fr\/boutique\/"},{"@type":"ListItem","position":3,"name":"T\u00fcrfolie Escalier Ruelle"}]},{"@type":"WebSite","@id":"https:\/\/stickerdeco.fr\/de\/#website","url":"https:\/\/stickerdeco.fr\/de\/","name":"Sticker Deco","description":"Le Sticker Made In France","publisher":{"@id":"https:\/\/stickerdeco.fr\/de\/#organization"},"potentialAction":[{"@type":"SearchAction","target":{"@type":"EntryPoint","urlTemplate":"https:\/\/stickerdeco.fr\/de\/?s={search_term_string}"},"query-input":{"@type":"PropertyValueSpecification","valueRequired":true,"valueName":"search_term_string"}}],"inLanguage":"de"},{"@type":"Organization","@id":"https:\/\/stickerdeco.fr\/de\/#organization","name":"Sticker D\u00e9co","url":"https:\/\/stickerdeco.fr\/de\/","logo":{"@type":"ImageObject","inLanguage":"de","@id":"https:\/\/stickerdeco.fr\/de\/#\/schema\/logo\/image\/","url":"https:\/\/stickerdeco.fr\/wp-content\/uploads\/1987\/05\/stickerdeco-logo-v2-carre.png","contentUrl":"https:\/\/stickerdeco.fr\/wp-content\/uploads\/1987\/05\/stickerdeco-logo-v2-carre.png","width":1000,"height":1000,"caption":"Sticker D\u00e9co"},"image":{"@id":"https:\/\/stickerdeco.fr\/de\/#\/schema\/logo\/image\/"},"sameAs":["https:\/\/www.facebook.com\/stickerdeco.fr\/","https:\/\/www.instagram.com\/stickerdecofr\/","https:\/\/www.pinterest.fr\/stickerdecofr\/","https:\/\/www.youtube.com\/StickerDeco"],"email":"contact@stickerdeco.fr","telephone":"0980809233","legalName":"Sticker D\u00e9co"}]},"og_availability":"instock","product_availability":"instock","product_condition":"new"},"_links":{"self":[{"href":"https:\/\/stickerdeco.fr\/de\/wp-json\/wp\/v2\/product\/132377","targetHints":{"allow":["GET"]}}],"collection":[{"href":"https:\/\/stickerdeco.fr\/de\/wp-json\/wp\/v2\/product"}],"about":[{"href":"https:\/\/stickerdeco.fr\/de\/wp-json\/wp\/v2\/types\/product"}],"version-history":[{"count":4,"href":"https:\/\/stickerdeco.fr\/de\/wp-json\/wp\/v2\/product\/132377\/revisions"}],"predecessor-version":[{"id":132431,"href":"https:\/\/stickerdeco.fr\/de\/wp-json\/wp\/v2\/product\/132377\/revisions\/132431"}],"wp:featuredmedia":[{"embeddable":true,"href":"https:\/\/stickerdeco.fr\/de\/wp-json\/wp\/v2\/media\/132386"}],"wp:attachment":[{"href":"https:\/\/stickerdeco.fr\/de\/wp-json\/wp\/v2\/media?parent=132377"}],"wp:term":[{"taxonomy":"product_brand","embeddable":true,"href":"https:\/\/stickerdeco.fr\/de\/wp-json\/wp\/v2\/product_brand?post=132377"},{"taxonomy":"product_cat","embeddable":true,"href":"https:\/\/stickerdeco.fr\/de\/wp-json\/wp\/v2\/product_cat?post=132377"},{"taxonomy":"product_tag","embeddable":true,"href":"https:\/\/stickerdeco.fr\/de\/wp-json\/wp\/v2\/product_tag?post=132377"}],"curies":[{"name":"wp","href":"https:\/\/api.w.org\/{rel}","templated":true}]}}