{"id":134350,"date":"2022-09-08T10:32:34","date_gmt":"2022-09-08T08:32:34","guid":{"rendered":"https:\/\/stickerdeco.fr\/produit\/tuerfolie-boot\/"},"modified":"2026-03-07T09:45:57","modified_gmt":"2026-03-07T08:45:57","slug":"tuerfolie-boot","status":"publish","type":"product","link":"https:\/\/stickerdeco.fr\/de\/produit\/tuerfolie-boot\/","title":{"rendered":"T\u00fcrfolie Boot"},"content":{"rendered":"<div class=\"wpb-content-wrapper\"><p>[vc_row][vc_column][vc_column_text]<\/p>\n<h2><span style=\"font-size: 14pt;\"><strong>Die T\u00fcrfolie Boot<\/strong><\/span><\/h2>\n<p><span style=\"font-size: 11pt;\">Sie m\u00f6chten Ihre <strong>Inneneinrichtung<\/strong> ver\u00e4ndern? Dann ist dieses wundersch\u00f6ne <strong>T\u00fcrfolie Boot <\/strong>genau das Richtige f\u00fcr Sie! Keine Frage: Dieses <strong>T\u00fcrfolie Boot <\/strong>wird Sie dank unseres hochwertigen Vinyl-Wandklebers \u00fcberzeugen. Es ist <strong>leicht anzubringen. <\/strong>Mit diesem Sticker ist das <strong>Personalisieren Ihres Zuhauses <\/strong>jetzt f\u00fcr alle m\u00f6glich!<\/span><\/p>\n<h3><span style=\"font-size: 14pt;\"><strong>Die T\u00fcrfolie<\/strong><\/span><\/h3>\n<p><span style=\"font-size: 11pt;\">Sie m\u00f6chten einen einzigartigen Stil f\u00fcr die Deko Ihrer T\u00fcren? Dann ist diese <strong>T\u00fcrfolie Boot<\/strong> genau richtig! Keine Frage: Dieses <strong>T\u00fcrfolie Boot<\/strong> wird Sie zufriedenstellen. Es ist <strong>leicht anzubringen <\/strong>\u2014 kinderleicht!<\/span><\/p>\n<p><span style=\"font-size: 11pt;\">Unsere <strong>T\u00fcrfolien<\/strong> werden in einem einzigen St\u00fcck geliefert. Ergebnis: Kein Ansatz n\u00f6tig, f\u00fcr eine einfache Montage! Mit <a href=\"https:\/\/stickerdeco.fr\/de\/cat\/tursticker\/\"><strong>T\u00fcrfolien<\/strong><\/a> erhalten Sie eine <strong>originelle<\/strong> und personalisierte <strong>Dekoration<\/strong> in Ihrem Zuhause. Viele Stile und Designs sind im Sticker D\u00e9co Shop verf\u00fcgbar. Ob 3D-Effekt, <a href=\"https:\/\/stickerdeco.fr\/de\/tag\/sticker-holzoptik\/\">Holzoptik<\/a> oder eine Stahlt\u00fcr: Ihre T\u00fcr bekommt garantiert einen beeindruckenden <a href=\"https:\/\/stickerdeco.fr\/de\/tag\/sticker-trompe-loeil\/\"><strong>Trompe-l\u2019\u0153il<\/strong><\/a>-Effekt.<\/span><\/p>\n<h3><span style=\"font-size: 14pt;\"><strong>Ein Sticker von sehr hoher Qualit\u00e4t<\/strong><\/span><\/h3>\n<p><span style=\"font-size: 11pt;\">Wir drucken unsere <strong>Wandsticker<\/strong> in hochwertigem 4-Farb-Druck auf einen <strong>robusten<\/strong> <strong>Kleber<\/strong> mit strukturierter Klebeschicht. Diese <strong>Spitzentechnologie<\/strong> sorgt f\u00fcr einen guten Halt des <strong>Vinyls<\/strong> \u00fcber die Zeit (Polymerkleber) sowie f\u00fcr eine <strong>blasenfreie Verklebung<\/strong> (strukturierter Kleber). Der <strong>Kleber<\/strong> bleibt dabei relativ d\u00fcnn, mit <strong>einer Dicke von weniger als 0,2 mm<\/strong> (180\u00b5m).<\/span><\/p>\n<h3><span style=\"font-size: 14pt;\"><strong>Wie dekoriert man sein Zuhause?<\/strong><\/span><\/h3>\n<p><span style=\"font-size: 11pt;\">Gef\u00e4llt Ihnen dieses <strong>T\u00fcrfolie Boot <\/strong>? Sie lieben <strong>Wanddeko<\/strong> und m\u00f6chten Ihre R\u00e4ume aufeinander abstimmen? Dann erg\u00e4nzen Sie Ihre Inneneinrichtung mit unseren <a href=\"\/?product_cat=sticker-salle-de-bains\"><strong>Badezimmer-Stickern<\/strong><\/a>, <a href=\"\/?product_cat=sticker-salon\"><strong>Wohnzimmer-Stickern<\/strong><\/a>, <a href=\"https:\/\/stickerdeco.fr\/de\/cat\/wandsticker\/kuchensticker\/\"><strong>K\u00fcchen-Stickern<\/strong><\/a> oder unseren <a href=\"https:\/\/stickerdeco.fr\/de\/cat\/wandsticker\/wandsticker-schlafzimmer-erwachsene\/\"><strong>Schlafzimmer-Stickern<\/strong><\/a>.<\/span><\/p>\n<h3><span style=\"font-size: 14pt;\"><strong><a href=\"https:\/\/www.stickerdeco.fr\/\">StickerDeco.fr<\/a> \u2013 Tausende Produkte!<\/strong><\/span><\/h3>\n<p><span style=\"font-size: 11pt;\">In unseren R\u00e4umen in der \u00cele-de-France gefertigt, sind unsere Sticker <strong>Made in France<\/strong>. W\u00e4hlen Sie Ihren Favoriten aus den Kategorien:<\/span><\/p>\n<ul>\n<li><span style=\"font-size: 11pt;\"><a href=\"\/?product_cat=stickers-muraux-animaux\"><strong>Tier-Sticker<\/strong><\/a>, <\/span><\/li>\n<li><span style=\"font-size: 11pt;\"><strong><a href=\"\/?product_cat=stickers-muraux-fleurs\">Blumen-Sticker<\/a><\/strong>, <\/span><\/li>\n<li><span style=\"font-size: 11pt;\"><strong><a href=\"\/?product_cat=stickers-muraux-mangas-et-cartoons\">Manga-Sticker<\/a><\/strong> und vieles mehr!<\/span><\/li>\n<\/ul>\n<p><span style=\"font-size: 14pt; color: #d64444;\"><strong>SEHR HOCHWERTIGER KLEBER = EINFACHE ANBRINGUNG, GARANTIERT BLASENFREI<\/strong><\/span>[\/vc_column_text][\/vc_column][\/vc_row]<\/p>\n<\/div>","protected":false},"excerpt":{"rendered":"<p>Entdecken Sie unsere T\u00fcrfolie Boot und dekorieren Sie Ihr Zuhause im Handumdrehen.<\/p>\n<p><strong>Produkteigenschaften:<\/strong><\/p>\n<ul class=\"product-short-desc-list\">\n<li>T\u00fcrfolie: einfache, blasenfreie Anbringung<\/li>\n<li>In einem St\u00fcck geliefert: kein m\u00fchsames Zusammenf\u00fcgen oder zus\u00e4tzliches Kleben n\u00f6tig<\/li>\n<li>Laminierte Oberfl\u00e4che mit matter Optik: edles Finish, geringe Reflexion und hohe Haltbarkeit<\/li>\n<li>Geeignet f\u00fcr glatte Oberfl\u00e4chen (lackierte\/laminierte T\u00fcren, Kunststoff, Glas usw.)<\/li>\n<li>Leicht zu reinigen, abwaschbar und spritzwassergesch\u00fctzt<\/li>\n<li>Euroklasse B-s1,d0 (entspr. M1 in Frankreich)<\/li>\n<li>\u00d6kologischer Druck UL ECOLOGO\u00ae und UL GREENGUARD Gold: emissionsarm und geruchsfrei, geeignet f\u00fcr empfindliche Innenr\u00e4ume<\/li>\n<\/ul>\n<p><span style=\"color: #d64444;\"><strong>Mehrere Gr\u00f6\u00dfen verf\u00fcgbar, passend f\u00fcr alle T\u00fcren (Ma\u00dfanfertigung auf Anfrage m\u00f6glich).<\/strong><\/span><\/p>\n<hr \/>\n","protected":false},"featured_media":134355,"template":"","meta":[],"product_brand":[],"product_cat":[4671,4643,4647],"product_tag":[6180,5994,5992,5993,6168,5990,5988,5989,5991],"class_list":{"0":"post-134350","1":"product","2":"type-product","3":"status-publish","4":"has-post-thumbnail","6":"product_cat-tursticker","7":"product_cat-wandsticker-schlafzimmer-erwachsene","8":"product_cat-wohnzimmersticker","9":"product_tag-sticker-tur-badezimmer","10":"product_tag-sticker-tur-chambre","11":"product_tag-sticker-tur-kuche","12":"product_tag-sticker-tur-salon","13":"product_tag-sticker-tur-trompe-loeil","14":"product_tag-stickers-tur-83-x-204-cm","15":"product_tag-tursticker-63-x-204-cm","16":"product_tag-tursticker-73-x-204-cm","17":"product_tag-tursticker-93-x-204-cm","19":"first","20":"instock","21":"sale","22":"taxable","23":"shipping-taxable","24":"purchasable","25":"product-type-variable","26":"has-default-attributes"},"etheme_brands":{"errors":{"invalid_taxonomy":["Die Taxonomie ist ung\u00fcltig."]},"error_data":[]},"yoast_head":"<!-- This site is optimized with the Yoast SEO Premium plugin v27.3 (Yoast SEO v27.3) - https:\/\/yoast.com\/product\/yoast-seo-premium-wordpress\/ -->\n<title>T\u00fcrfolie Boot | T\u00fcrfolien | Stickerdeco.fr<\/title>\n<meta name=\"description\" content=\"Envie d&#039;une d\u00e9co originale et surprenante ? Alors ce T\u00fcrfolie de Bateau est fait pour vous ! Qualit\u00e9 Made In France.\" \/>\n<meta name=\"robots\" content=\"index, follow, max-snippet:-1, max-image-preview:large, max-video-preview:-1\" \/>\n<link rel=\"canonical\" href=\"https:\/\/stickerdeco.fr\/de\/produit\/tuerfolie-boot\/\" \/>\n<meta property=\"og:locale\" content=\"de_DE\" \/>\n<meta property=\"og:type\" content=\"article\" \/>\n<meta property=\"og:title\" content=\"T\u00fcrfolie Boot\" \/>\n<meta property=\"og:description\" content=\"Envie d&#039;une d\u00e9co originale et surprenante ? Alors ce T\u00fcrfolie de Bateau est fait pour vous ! Qualit\u00e9 Made In France.\" \/>\n<meta property=\"og:url\" content=\"https:\/\/stickerdeco.fr\/de\/produit\/tuerfolie-boot\/\" \/>\n<meta property=\"og:site_name\" content=\"Sticker Deco\" \/>\n<meta property=\"article:publisher\" content=\"https:\/\/www.facebook.com\/stickerdeco.fr\/\" \/>\n<meta property=\"article:modified_time\" content=\"2026-03-07T08:45:57+00:00\" \/>\n<meta property=\"og:image\" content=\"https:\/\/stickerdeco.fr\/wp-content\/uploads\/2022\/09\/sticker-porte-de-bateau-00-e1732699587163.jpg\" \/>\n\t<meta property=\"og:image:width\" content=\"1000\" \/>\n\t<meta property=\"og:image:height\" content=\"1000\" \/>\n\t<meta property=\"og:image:type\" content=\"image\/jpeg\" \/>\n<meta name=\"twitter:card\" content=\"summary_large_image\" \/>\n<meta name=\"twitter:label1\" content=\"Verf\u00fcgbarkeit\" \/>\n\t<meta name=\"twitter:data1\" content=\"Auf Lager\" \/>\n<script type=\"application\/ld+json\" class=\"yoast-schema-graph\">{\"@context\":\"https:\\\/\\\/schema.org\",\"@graph\":[{\"@type\":\"WebPage\",\"@id\":\"https:\\\/\\\/stickerdeco.fr\\\/de\\\/produit\\\/tuerfolie-boot\\\/\",\"url\":\"https:\\\/\\\/stickerdeco.fr\\\/de\\\/produit\\\/tuerfolie-boot\\\/\",\"name\":\"T\u00fcrfolie Boot | T\u00fcrfolien | Stickerdeco.fr\",\"isPartOf\":{\"@id\":\"https:\\\/\\\/stickerdeco.fr\\\/de\\\/#website\"},\"primaryImageOfPage\":{\"@id\":\"https:\\\/\\\/stickerdeco.fr\\\/de\\\/produit\\\/tuerfolie-boot\\\/#primaryimage\"},\"image\":{\"@id\":\"https:\\\/\\\/stickerdeco.fr\\\/de\\\/produit\\\/tuerfolie-boot\\\/#primaryimage\"},\"thumbnailUrl\":\"https:\\\/\\\/stickerdeco.fr\\\/wp-content\\\/uploads\\\/2022\\\/09\\\/sticker-porte-de-bateau-00-e1732699587163.jpg\",\"datePublished\":\"2022-09-08T08:32:34+00:00\",\"dateModified\":\"2026-03-07T08:45:57+00:00\",\"description\":\"Envie d'une d\u00e9co originale et surprenante ? Alors ce T\u00fcrfolie de Bateau est fait pour vous ! Qualit\u00e9 Made In France.\",\"breadcrumb\":{\"@id\":\"https:\\\/\\\/stickerdeco.fr\\\/de\\\/produit\\\/tuerfolie-boot\\\/#breadcrumb\"},\"inLanguage\":\"de\",\"potentialAction\":[{\"@type\":\"ReadAction\",\"target\":[\"https:\\\/\\\/stickerdeco.fr\\\/de\\\/produit\\\/tuerfolie-boot\\\/\"]}]},{\"@type\":\"ImageObject\",\"inLanguage\":\"de\",\"@id\":\"https:\\\/\\\/stickerdeco.fr\\\/de\\\/produit\\\/tuerfolie-boot\\\/#primaryimage\",\"url\":\"https:\\\/\\\/stickerdeco.fr\\\/wp-content\\\/uploads\\\/2022\\\/09\\\/sticker-porte-de-bateau-00-e1732699587163.jpg\",\"contentUrl\":\"https:\\\/\\\/stickerdeco.fr\\\/wp-content\\\/uploads\\\/2022\\\/09\\\/sticker-porte-de-bateau-00-e1732699587163.jpg\",\"width\":1000,\"height\":1000,\"caption\":\"T\u00fcrfolie Boot\"},{\"@type\":\"BreadcrumbList\",\"@id\":\"https:\\\/\\\/stickerdeco.fr\\\/de\\\/produit\\\/tuerfolie-boot\\\/#breadcrumb\",\"itemListElement\":[{\"@type\":\"ListItem\",\"position\":1,\"name\":\"Accueil\",\"item\":\"https:\\\/\\\/stickerdeco.fr\\\/de\\\/\"},{\"@type\":\"ListItem\",\"position\":2,\"name\":\"Boutique\",\"item\":\"https:\\\/\\\/stickerdeco.fr\\\/boutique\\\/\"},{\"@type\":\"ListItem\",\"position\":3,\"name\":\"T\u00fcrfolie Boot\"}]},{\"@type\":\"WebSite\",\"@id\":\"https:\\\/\\\/stickerdeco.fr\\\/de\\\/#website\",\"url\":\"https:\\\/\\\/stickerdeco.fr\\\/de\\\/\",\"name\":\"Sticker Deco\",\"description\":\"Le Sticker Made In France\",\"publisher\":{\"@id\":\"https:\\\/\\\/stickerdeco.fr\\\/de\\\/#organization\"},\"potentialAction\":[{\"@type\":\"SearchAction\",\"target\":{\"@type\":\"EntryPoint\",\"urlTemplate\":\"https:\\\/\\\/stickerdeco.fr\\\/de\\\/?s={search_term_string}\"},\"query-input\":{\"@type\":\"PropertyValueSpecification\",\"valueRequired\":true,\"valueName\":\"search_term_string\"}}],\"inLanguage\":\"de\"},{\"@type\":\"Organization\",\"@id\":\"https:\\\/\\\/stickerdeco.fr\\\/de\\\/#organization\",\"name\":\"Sticker D\u00e9co\",\"url\":\"https:\\\/\\\/stickerdeco.fr\\\/de\\\/\",\"logo\":{\"@type\":\"ImageObject\",\"inLanguage\":\"de\",\"@id\":\"https:\\\/\\\/stickerdeco.fr\\\/de\\\/#\\\/schema\\\/logo\\\/image\\\/\",\"url\":\"https:\\\/\\\/stickerdeco.fr\\\/wp-content\\\/uploads\\\/1987\\\/05\\\/stickerdeco-logo-v2-carre.png\",\"contentUrl\":\"https:\\\/\\\/stickerdeco.fr\\\/wp-content\\\/uploads\\\/1987\\\/05\\\/stickerdeco-logo-v2-carre.png\",\"width\":1000,\"height\":1000,\"caption\":\"Sticker D\u00e9co\"},\"image\":{\"@id\":\"https:\\\/\\\/stickerdeco.fr\\\/de\\\/#\\\/schema\\\/logo\\\/image\\\/\"},\"sameAs\":[\"https:\\\/\\\/www.facebook.com\\\/stickerdeco.fr\\\/\",\"https:\\\/\\\/www.instagram.com\\\/stickerdecofr\\\/\",\"https:\\\/\\\/www.pinterest.fr\\\/stickerdecofr\\\/\",\"https:\\\/\\\/www.youtube.com\\\/StickerDeco\"],\"email\":\"contact@stickerdeco.fr\",\"telephone\":\"0980809233\",\"legalName\":\"Sticker D\u00e9co\"}]}<\/script>\n<meta property=\"og:availability\" content=\"instock\" \/>\n<meta property=\"product:availability\" content=\"instock\" \/>\n<meta property=\"product:condition\" content=\"new\" \/>\n<!-- \/ Yoast SEO Premium plugin. -->","yoast_head_json":{"title":"T\u00fcrfolie Boot | T\u00fcrfolien | Stickerdeco.fr","description":"Envie d'une d\u00e9co originale et surprenante ? Alors ce T\u00fcrfolie de Bateau est fait pour vous ! Qualit\u00e9 Made In France.","robots":{"index":"index","follow":"follow","max-snippet":"max-snippet:-1","max-image-preview":"max-image-preview:large","max-video-preview":"max-video-preview:-1"},"canonical":"https:\/\/stickerdeco.fr\/de\/produit\/tuerfolie-boot\/","og_locale":"de_DE","og_type":"article","og_title":"T\u00fcrfolie Boot","og_description":"Envie d'une d\u00e9co originale et surprenante ? Alors ce T\u00fcrfolie de Bateau est fait pour vous ! Qualit\u00e9 Made In France.","og_url":"https:\/\/stickerdeco.fr\/de\/produit\/tuerfolie-boot\/","og_site_name":"Sticker Deco","article_publisher":"https:\/\/www.facebook.com\/stickerdeco.fr\/","article_modified_time":"2026-03-07T08:45:57+00:00","og_image":[{"width":1000,"height":1000,"url":"https:\/\/stickerdeco.fr\/wp-content\/uploads\/2022\/09\/sticker-porte-de-bateau-00-e1732699587163.jpg","type":"image\/jpeg"}],"twitter_card":"summary_large_image","twitter_misc":{"Verf\u00fcgbarkeit":"Auf Lager"},"schema":{"@context":"https:\/\/schema.org","@graph":[{"@type":"WebPage","@id":"https:\/\/stickerdeco.fr\/de\/produit\/tuerfolie-boot\/","url":"https:\/\/stickerdeco.fr\/de\/produit\/tuerfolie-boot\/","name":"T\u00fcrfolie Boot | T\u00fcrfolien | Stickerdeco.fr","isPartOf":{"@id":"https:\/\/stickerdeco.fr\/de\/#website"},"primaryImageOfPage":{"@id":"https:\/\/stickerdeco.fr\/de\/produit\/tuerfolie-boot\/#primaryimage"},"image":{"@id":"https:\/\/stickerdeco.fr\/de\/produit\/tuerfolie-boot\/#primaryimage"},"thumbnailUrl":"https:\/\/stickerdeco.fr\/wp-content\/uploads\/2022\/09\/sticker-porte-de-bateau-00-e1732699587163.jpg","datePublished":"2022-09-08T08:32:34+00:00","dateModified":"2026-03-07T08:45:57+00:00","description":"Envie d'une d\u00e9co originale et surprenante ? Alors ce T\u00fcrfolie de Bateau est fait pour vous ! Qualit\u00e9 Made In France.","breadcrumb":{"@id":"https:\/\/stickerdeco.fr\/de\/produit\/tuerfolie-boot\/#breadcrumb"},"inLanguage":"de","potentialAction":[{"@type":"ReadAction","target":["https:\/\/stickerdeco.fr\/de\/produit\/tuerfolie-boot\/"]}]},{"@type":"ImageObject","inLanguage":"de","@id":"https:\/\/stickerdeco.fr\/de\/produit\/tuerfolie-boot\/#primaryimage","url":"https:\/\/stickerdeco.fr\/wp-content\/uploads\/2022\/09\/sticker-porte-de-bateau-00-e1732699587163.jpg","contentUrl":"https:\/\/stickerdeco.fr\/wp-content\/uploads\/2022\/09\/sticker-porte-de-bateau-00-e1732699587163.jpg","width":1000,"height":1000,"caption":"T\u00fcrfolie Boot"},{"@type":"BreadcrumbList","@id":"https:\/\/stickerdeco.fr\/de\/produit\/tuerfolie-boot\/#breadcrumb","itemListElement":[{"@type":"ListItem","position":1,"name":"Accueil","item":"https:\/\/stickerdeco.fr\/de\/"},{"@type":"ListItem","position":2,"name":"Boutique","item":"https:\/\/stickerdeco.fr\/boutique\/"},{"@type":"ListItem","position":3,"name":"T\u00fcrfolie Boot"}]},{"@type":"WebSite","@id":"https:\/\/stickerdeco.fr\/de\/#website","url":"https:\/\/stickerdeco.fr\/de\/","name":"Sticker Deco","description":"Le Sticker Made In France","publisher":{"@id":"https:\/\/stickerdeco.fr\/de\/#organization"},"potentialAction":[{"@type":"SearchAction","target":{"@type":"EntryPoint","urlTemplate":"https:\/\/stickerdeco.fr\/de\/?s={search_term_string}"},"query-input":{"@type":"PropertyValueSpecification","valueRequired":true,"valueName":"search_term_string"}}],"inLanguage":"de"},{"@type":"Organization","@id":"https:\/\/stickerdeco.fr\/de\/#organization","name":"Sticker D\u00e9co","url":"https:\/\/stickerdeco.fr\/de\/","logo":{"@type":"ImageObject","inLanguage":"de","@id":"https:\/\/stickerdeco.fr\/de\/#\/schema\/logo\/image\/","url":"https:\/\/stickerdeco.fr\/wp-content\/uploads\/1987\/05\/stickerdeco-logo-v2-carre.png","contentUrl":"https:\/\/stickerdeco.fr\/wp-content\/uploads\/1987\/05\/stickerdeco-logo-v2-carre.png","width":1000,"height":1000,"caption":"Sticker D\u00e9co"},"image":{"@id":"https:\/\/stickerdeco.fr\/de\/#\/schema\/logo\/image\/"},"sameAs":["https:\/\/www.facebook.com\/stickerdeco.fr\/","https:\/\/www.instagram.com\/stickerdecofr\/","https:\/\/www.pinterest.fr\/stickerdecofr\/","https:\/\/www.youtube.com\/StickerDeco"],"email":"contact@stickerdeco.fr","telephone":"0980809233","legalName":"Sticker D\u00e9co"}]},"og_availability":"instock","product_availability":"instock","product_condition":"new"},"_links":{"self":[{"href":"https:\/\/stickerdeco.fr\/de\/wp-json\/wp\/v2\/product\/134350","targetHints":{"allow":["GET"]}}],"collection":[{"href":"https:\/\/stickerdeco.fr\/de\/wp-json\/wp\/v2\/product"}],"about":[{"href":"https:\/\/stickerdeco.fr\/de\/wp-json\/wp\/v2\/types\/product"}],"version-history":[{"count":1,"href":"https:\/\/stickerdeco.fr\/de\/wp-json\/wp\/v2\/product\/134350\/revisions"}],"predecessor-version":[{"id":134380,"href":"https:\/\/stickerdeco.fr\/de\/wp-json\/wp\/v2\/product\/134350\/revisions\/134380"}],"wp:featuredmedia":[{"embeddable":true,"href":"https:\/\/stickerdeco.fr\/de\/wp-json\/wp\/v2\/media\/134355"}],"wp:attachment":[{"href":"https:\/\/stickerdeco.fr\/de\/wp-json\/wp\/v2\/media?parent=134350"}],"wp:term":[{"taxonomy":"product_brand","embeddable":true,"href":"https:\/\/stickerdeco.fr\/de\/wp-json\/wp\/v2\/product_brand?post=134350"},{"taxonomy":"product_cat","embeddable":true,"href":"https:\/\/stickerdeco.fr\/de\/wp-json\/wp\/v2\/product_cat?post=134350"},{"taxonomy":"product_tag","embeddable":true,"href":"https:\/\/stickerdeco.fr\/de\/wp-json\/wp\/v2\/product_tag?post=134350"}],"curies":[{"name":"wp","href":"https:\/\/api.w.org\/{rel}","templated":true}]}}