{"id":139431,"date":"2020-11-09T12:03:51","date_gmt":"2020-11-09T11:03:51","guid":{"rendered":"https:\/\/stickerdeco.fr\/produit\/tuerfolie-orientalisches-zellige\/"},"modified":"2026-03-14T10:33:06","modified_gmt":"2026-03-14T09:33:06","slug":"tuerfolie-orientalisches-zellige","status":"publish","type":"product","link":"https:\/\/stickerdeco.fr\/de\/produit\/tuerfolie-orientalisches-zellige\/","title":{"rendered":"T\u00fcrfolie Orientalisches Zellige"},"content":{"rendered":"<div class=\"wpb-content-wrapper\"><p>[vc_row][vc_column][vc_column_text]<\/p>\n<h2><span style=\"font-size: 14pt;\"><strong>T\u00fcrfolie Orientalisches Zellige<\/strong><\/span><\/h2>\n<p><span style=\"font-size: 11pt;\">M\u00f6chten Sie Ihre <strong>Innendekoration<\/strong> ver\u00e4ndern? Dann ist diese wundersch\u00f6ne <strong>T\u00fcrfolie Orientalisches Zellige <\/strong>genau das Richtige f\u00fcr Sie! Kein Zweifel: Diese <strong>T\u00fcrfolie Orientalisches Zellige <\/strong>wird Sie dank unserer hochwertigen Wandklebefolie aus Vinyl begeistern. Sie ist <strong>einfach anzubringen. <\/strong>Mit diesem Sticker ist <strong>die Personalisierung Ihres Zuhauses <\/strong>jetzt ganz leicht!<\/span><\/p>\n<p><span style=\"font-size: 11pt;\">Jede <strong>Wanddekoration<\/strong> ist unabh\u00e4ngig und <strong>kann separat angebracht werden<\/strong>. So haben Sie maximale Freiheit bei der Anbringung Ihres <strong>Wandstickers<\/strong> \u2013 lassen Sie also Ihrer Seele als <strong>Dekorateur<\/strong> freien Lauf!<\/span><\/p>\n<h3><span style=\"font-size: 14pt;\"><strong>Die T\u00fcrfolie<\/strong><\/span><\/h3>\n<p><span style=\"font-size: 11pt;\">Sie m\u00f6chten Ihren T\u00fcren einen einzigartigen Stil verleihen? Dann ist diese <strong>T\u00fcrfolie Orientalisches Zellige<\/strong> genau das Richtige f\u00fcr Sie! Kein Zweifel: Diese <strong>T\u00fcrfolie Orientalisches Zellige<\/strong> wird Sie begeistern. Sie ist <strong>leicht anzubringen<\/strong> \u2013 kinderleicht!<\/span><\/p>\n<p><span style=\"font-size: 11pt;\">Unsere <strong>T\u00fcrfolien<\/strong> werden in einer einzigen Bahn, also in einem St\u00fcck, geliefert. Ergebnis: Keine N\u00e4hte oder \u00dcberg\u00e4nge n\u00f6tig f\u00fcr eine einfache Anbringung! Mit <a href=\"https:\/\/stickerdeco.fr\/de\/cat\/tursticker\/\"><strong>T\u00fcrfolien<\/strong><\/a> erhalten Sie eine <strong>originelle<\/strong> und individuelle Dekoration in Ihrem Zuhause. Im Sticker-D\u00e9co-Shop finden Sie zahlreiche Stile und Designs. Ob 3D-Effekt, <a href=\"https:\/\/stickerdeco.fr\/de\/tag\/sticker-holzoptik\/\">Holzoptik<\/a> oder Stahlt\u00fcr \u2013 Ihre T\u00fcr bekommt ganz sicher einen beeindruckenden <a href=\"https:\/\/stickerdeco.fr\/de\/tag\/sticker-trompe-loeil\/\"><strong>Trompe-l\u2019\u0153il<\/strong><\/a>-Effekt.<\/span><\/p>\n<h3><span style=\"font-size: 14pt;\"><strong>Ein Sticker in sehr hoher Qualit\u00e4t<\/strong><\/span><\/h3>\n<p><span style=\"font-size: 11pt;\">Wir drucken unsere <strong>Wandsticker<\/strong> in HQ-Vierfarbdruck auf widerstandsf\u00e4hige polymere <strong>Klebefolie<\/strong> mit strukturierter Klebeschicht. Diese <strong>innovative Spitzentechnologie<\/strong> sorgt f\u00fcr eine sehr gute Haltbarkeit des <strong>Vinyls<\/strong> \u00fcber die Zeit (Polymerkleber) sowie f\u00fcr eine <strong>blasenfreie Anbringung<\/strong> (strukturierter Kleber). Die <strong>Klebefolie<\/strong> bleibt dennoch relativ d\u00fcnn, mit <strong>einer St\u00e4rke von unter 0,2 mm<\/strong> (180\u00b5m).<\/span><\/p>\n<h3><span style=\"font-size: 14pt;\"><strong>Wie dekoriert man sein Zuhause?<\/strong><\/span><\/h3>\n<p><span style=\"font-size: 11pt;\">Gef\u00e4llt Ihnen diese <strong>T\u00fcrfolie Orientalisches Zellige <\/strong>? Sie sind Fan von <strong>Wanddeko<\/strong> und m\u00f6chten Ihre R\u00e4ume aufeinander abstimmen? Dann erg\u00e4nzen Sie Ihre Innendekoration mit unseren <a href=\"\/?product_cat=sticker-salle-de-bains\"><strong>Badezimmer-Stickern<\/strong><\/a>, <a href=\"\/?product_cat=sticker-salon\"><strong>Wohnzimmer-Stickern<\/strong><\/a>, <a href=\"https:\/\/stickerdeco.fr\/de\/cat\/wandsticker\/kuchensticker\/\"><strong>K\u00fcchen-Stickern<\/strong><\/a> oder unseren <a href=\"https:\/\/stickerdeco.fr\/de\/cat\/wandsticker\/wandsticker-schlafzimmer-erwachsene\/\"><strong>Schlafzimmer-Stickern<\/strong><\/a>.<\/span><\/p>\n<h3><span style=\"font-size: 14pt;\"><strong><a href=\"https:\/\/www.stickerdeco.fr\/\">StickerDeco.fr<\/a> \u2013 das sind Tausende Produkte!<\/strong><\/span><\/h3>\n<p><span style=\"font-size: 11pt;\">Der Druck unserer Sticker erfolgt in unseren R\u00e4umlichkeiten in der \u00cele-de-France und ist <strong>Made in France<\/strong>. W\u00e4hlen Sie Ihres aus den Kategorien:<\/span><\/p>\n<ul>\n<li><span style=\"font-size: 11pt;\"><a href=\"\/?product_cat=stickers-muraux-animaux\"><strong>Tier-Sticker<\/strong><\/a>, <\/span><\/li>\n<li><span style=\"font-size: 11pt;\"><strong><a href=\"\/?product_cat=stickers-muraux-fleurs\">Blumen-Sticker<\/a><\/strong>, <\/span><\/li>\n<li><span style=\"font-size: 11pt;\"><strong><a href=\"\/?product_cat=stickers-muraux-mangas-et-cartoons\">Manga-Sticker<\/a><\/strong> und vieles mehr!<\/span><\/li>\n<\/ul>\n<p><span style=\"font-size: 14pt; color: #d64444;\"><strong>KLEBEFOLIE IN SEHR HOHER QUALIT\u00c4T = EINFACHE ANBRINGUNG, BLASENFREI GARANTIERT<\/strong><\/span>[\/vc_column_text][\/vc_column][\/vc_row]<\/p>\n<\/div>","protected":false},"excerpt":{"rendered":"<p>M\u00f6chten Sie Ihren T\u00fcren eine originelle Dekoration verleihen? Dann ist diese <strong>T\u00fcrfolie Orientalisches Zellige <\/strong>genau das Richtige f\u00fcr Sie!<\/p>\n<p>Bringen Sie mit dieser <strong>T\u00fcrfolie Orientalisches Zellige. <\/strong>einen orientalischen Akzent in Ihr Zuhause. Gestalten Sie Ihr Interieur mit dieser hochwertigen Wandklebefolie aus Vinyl. Sie ist so leicht anzubringen, dass Sie sich freuen werden, dekorieren zu k\u00f6nnen, ohne basteln zu m\u00fcssen. Entdecken Sie mit unserer gesamten Auswahl an T\u00fcrfolien Ihre kreative Seite wieder.<\/p>\n<p><strong>Produkteigenschaften:<\/strong><\/p>\n<ul class=\"product-short-desc-list\">\n<li>T\u00fcrfolie: einfache, blasenfreie Anbringung<\/li>\n<li>In einem St\u00fcck geliefert: kein m\u00fchsames Zusammenf\u00fcgen oder zus\u00e4tzliches Kleben n\u00f6tig<\/li>\n<li>Laminierte Oberfl\u00e4che mit matter Optik: edles Finish, geringe Reflexion und hohe Haltbarkeit<\/li>\n<li>Geeignet f\u00fcr glatte Oberfl\u00e4chen (lackierte\/laminierte T\u00fcren, Kunststoff, Glas usw.)<\/li>\n<li>Leicht zu reinigen, abwaschbar und spritzwassergesch\u00fctzt<\/li>\n<li>Euroklasse B-s1,d0 (entspr. M1 in Frankreich)<\/li>\n<li>\u00d6kologischer Druck UL ECOLOGO\u00ae und UL GREENGUARD Gold: emissionsarm und geruchsfrei, geeignet f\u00fcr empfindliche Innenr\u00e4ume<\/li>\n<\/ul>\n<p><span style=\"color: #d64444;\"><strong>Mehrere Gr\u00f6\u00dfen verf\u00fcgbar, damit sie zu all Ihren T\u00fcren passen (Ma\u00dfanfertigung auf Anfrage m\u00f6glich).<\/strong><\/span><\/p>\n<hr \/>\n","protected":false},"featured_media":139433,"template":"","meta":[],"product_brand":[],"product_cat":[4671],"product_tag":[6116,5363,6180,6179,5994,5992,6176,5993,6168,5990,5988,5989,5991],"class_list":{"0":"post-139431","1":"product","2":"type-product","3":"status-publish","4":"has-post-thumbnail","6":"product_cat-tursticker","7":"product_tag-sticker-orientalisch","8":"product_tag-sticker-trompe-loeil","9":"product_tag-sticker-tur-badezimmer","10":"product_tag-sticker-tur-bunt","11":"product_tag-sticker-tur-chambre","12":"product_tag-sticker-tur-kuche","13":"product_tag-sticker-tur-orientale","14":"product_tag-sticker-tur-salon","15":"product_tag-sticker-tur-trompe-loeil","16":"product_tag-stickers-tur-83-x-204-cm","17":"product_tag-tursticker-63-x-204-cm","18":"product_tag-tursticker-73-x-204-cm","19":"product_tag-tursticker-93-x-204-cm","21":"first","22":"instock","23":"sale","24":"taxable","25":"shipping-taxable","26":"purchasable","27":"product-type-variable"},"etheme_brands":{"errors":{"invalid_taxonomy":["Die Taxonomie ist ung\u00fcltig."]},"error_data":[]},"yoast_head":"<!-- This site is optimized with the Yoast SEO Premium plugin v27.3 (Yoast SEO v27.3) - https:\/\/yoast.com\/product\/yoast-seo-premium-wordpress\/ -->\n<title>T\u00fcrfolie Orientalisches Zellige | T\u00fcrfolie | StickerDeco.fr<\/title>\n<meta name=\"description\" content=\"Sie w\u00fcnschen sich eine originelle und moderne Dekoration? Diese T\u00fcrfolie Orientalisches Zellige ist genau das Richtige f\u00fcr Sie! Entdecken Sie auf unserer Website das Modell, das Sie begeistern wird!\" \/>\n<meta name=\"robots\" content=\"index, follow, max-snippet:-1, max-image-preview:large, max-video-preview:-1\" \/>\n<link rel=\"canonical\" href=\"https:\/\/stickerdeco.fr\/de\/produit\/tuerfolie-orientalisches-zellige\/\" \/>\n<meta property=\"og:locale\" content=\"de_DE\" \/>\n<meta property=\"og:type\" content=\"article\" \/>\n<meta property=\"og:title\" content=\"T\u00fcrfolie Orientalisches Zellige\" \/>\n<meta property=\"og:description\" content=\"Sie w\u00fcnschen sich eine originelle und moderne Dekoration? Diese T\u00fcrfolie Orientalisches Zellige ist genau das Richtige f\u00fcr Sie! Entdecken Sie auf unserer Website das Modell, das Sie begeistern wird!\" \/>\n<meta property=\"og:url\" content=\"https:\/\/stickerdeco.fr\/de\/produit\/tuerfolie-orientalisches-zellige\/\" \/>\n<meta property=\"og:site_name\" content=\"Sticker Deco\" \/>\n<meta property=\"article:publisher\" content=\"https:\/\/www.facebook.com\/stickerdeco.fr\/\" \/>\n<meta property=\"article:modified_time\" content=\"2026-03-14T09:33:06+00:00\" \/>\n<meta property=\"og:image\" content=\"https:\/\/stickerdeco.fr\/wp-content\/uploads\/2020\/11\/sticker-porte-orientale-zellige-01.jpg\" \/>\n\t<meta property=\"og:image:width\" content=\"1000\" \/>\n\t<meta property=\"og:image:height\" content=\"1000\" \/>\n\t<meta property=\"og:image:type\" content=\"image\/jpeg\" \/>\n<meta name=\"twitter:card\" content=\"summary_large_image\" \/>\n<meta name=\"twitter:label1\" content=\"Verf\u00fcgbarkeit\" \/>\n\t<meta name=\"twitter:data1\" content=\"Auf Lager\" \/>\n<script type=\"application\/ld+json\" class=\"yoast-schema-graph\">{\"@context\":\"https:\\\/\\\/schema.org\",\"@graph\":[{\"@type\":\"WebPage\",\"@id\":\"https:\\\/\\\/stickerdeco.fr\\\/de\\\/produit\\\/tuerfolie-orientalisches-zellige\\\/\",\"url\":\"https:\\\/\\\/stickerdeco.fr\\\/de\\\/produit\\\/tuerfolie-orientalisches-zellige\\\/\",\"name\":\"T\u00fcrfolie Orientalisches Zellige | T\u00fcrfolie | StickerDeco.fr\",\"isPartOf\":{\"@id\":\"https:\\\/\\\/stickerdeco.fr\\\/de\\\/#website\"},\"primaryImageOfPage\":{\"@id\":\"https:\\\/\\\/stickerdeco.fr\\\/de\\\/produit\\\/tuerfolie-orientalisches-zellige\\\/#primaryimage\"},\"image\":{\"@id\":\"https:\\\/\\\/stickerdeco.fr\\\/de\\\/produit\\\/tuerfolie-orientalisches-zellige\\\/#primaryimage\"},\"thumbnailUrl\":\"https:\\\/\\\/stickerdeco.fr\\\/wp-content\\\/uploads\\\/2020\\\/11\\\/sticker-porte-orientale-zellige-01.jpg\",\"datePublished\":\"2020-11-09T11:03:51+00:00\",\"dateModified\":\"2026-03-14T09:33:06+00:00\",\"description\":\"Sie w\u00fcnschen sich eine originelle und moderne Dekoration? Diese T\u00fcrfolie Orientalisches Zellige ist genau das Richtige f\u00fcr Sie! Entdecken Sie auf unserer Website das Modell, das Sie begeistern wird!\",\"breadcrumb\":{\"@id\":\"https:\\\/\\\/stickerdeco.fr\\\/de\\\/produit\\\/tuerfolie-orientalisches-zellige\\\/#breadcrumb\"},\"inLanguage\":\"de\",\"potentialAction\":[{\"@type\":\"ReadAction\",\"target\":[\"https:\\\/\\\/stickerdeco.fr\\\/de\\\/produit\\\/tuerfolie-orientalisches-zellige\\\/\"]}]},{\"@type\":\"ImageObject\",\"inLanguage\":\"de\",\"@id\":\"https:\\\/\\\/stickerdeco.fr\\\/de\\\/produit\\\/tuerfolie-orientalisches-zellige\\\/#primaryimage\",\"url\":\"https:\\\/\\\/stickerdeco.fr\\\/wp-content\\\/uploads\\\/2020\\\/11\\\/sticker-porte-orientale-zellige-01.jpg\",\"contentUrl\":\"https:\\\/\\\/stickerdeco.fr\\\/wp-content\\\/uploads\\\/2020\\\/11\\\/sticker-porte-orientale-zellige-01.jpg\",\"width\":1000,\"height\":1000,\"caption\":\"T\u00fcrfolie Orientalisches Zellige\"},{\"@type\":\"BreadcrumbList\",\"@id\":\"https:\\\/\\\/stickerdeco.fr\\\/de\\\/produit\\\/tuerfolie-orientalisches-zellige\\\/#breadcrumb\",\"itemListElement\":[{\"@type\":\"ListItem\",\"position\":1,\"name\":\"Accueil\",\"item\":\"https:\\\/\\\/stickerdeco.fr\\\/de\\\/\"},{\"@type\":\"ListItem\",\"position\":2,\"name\":\"Boutique\",\"item\":\"https:\\\/\\\/stickerdeco.fr\\\/boutique\\\/\"},{\"@type\":\"ListItem\",\"position\":3,\"name\":\"T\u00fcrfolie Orientalisches Zellige\"}]},{\"@type\":\"WebSite\",\"@id\":\"https:\\\/\\\/stickerdeco.fr\\\/de\\\/#website\",\"url\":\"https:\\\/\\\/stickerdeco.fr\\\/de\\\/\",\"name\":\"Sticker Deco\",\"description\":\"Le Sticker Made In France\",\"publisher\":{\"@id\":\"https:\\\/\\\/stickerdeco.fr\\\/de\\\/#organization\"},\"potentialAction\":[{\"@type\":\"SearchAction\",\"target\":{\"@type\":\"EntryPoint\",\"urlTemplate\":\"https:\\\/\\\/stickerdeco.fr\\\/de\\\/?s={search_term_string}\"},\"query-input\":{\"@type\":\"PropertyValueSpecification\",\"valueRequired\":true,\"valueName\":\"search_term_string\"}}],\"inLanguage\":\"de\"},{\"@type\":\"Organization\",\"@id\":\"https:\\\/\\\/stickerdeco.fr\\\/de\\\/#organization\",\"name\":\"Sticker D\u00e9co\",\"url\":\"https:\\\/\\\/stickerdeco.fr\\\/de\\\/\",\"logo\":{\"@type\":\"ImageObject\",\"inLanguage\":\"de\",\"@id\":\"https:\\\/\\\/stickerdeco.fr\\\/de\\\/#\\\/schema\\\/logo\\\/image\\\/\",\"url\":\"https:\\\/\\\/stickerdeco.fr\\\/wp-content\\\/uploads\\\/1987\\\/05\\\/stickerdeco-logo-v2-carre.png\",\"contentUrl\":\"https:\\\/\\\/stickerdeco.fr\\\/wp-content\\\/uploads\\\/1987\\\/05\\\/stickerdeco-logo-v2-carre.png\",\"width\":1000,\"height\":1000,\"caption\":\"Sticker D\u00e9co\"},\"image\":{\"@id\":\"https:\\\/\\\/stickerdeco.fr\\\/de\\\/#\\\/schema\\\/logo\\\/image\\\/\"},\"sameAs\":[\"https:\\\/\\\/www.facebook.com\\\/stickerdeco.fr\\\/\",\"https:\\\/\\\/www.instagram.com\\\/stickerdecofr\\\/\",\"https:\\\/\\\/www.pinterest.fr\\\/stickerdecofr\\\/\",\"https:\\\/\\\/www.youtube.com\\\/StickerDeco\"],\"email\":\"contact@stickerdeco.fr\",\"telephone\":\"0980809233\",\"legalName\":\"Sticker D\u00e9co\"}]}<\/script>\n<meta property=\"og:availability\" content=\"instock\" \/>\n<meta property=\"product:availability\" content=\"instock\" \/>\n<meta property=\"product:condition\" content=\"new\" \/>\n<!-- \/ Yoast SEO Premium plugin. -->","yoast_head_json":{"title":"T\u00fcrfolie Orientalisches Zellige | T\u00fcrfolie | StickerDeco.fr","description":"Sie w\u00fcnschen sich eine originelle und moderne Dekoration? Diese T\u00fcrfolie Orientalisches Zellige ist genau das Richtige f\u00fcr Sie! Entdecken Sie auf unserer Website das Modell, das Sie begeistern wird!","robots":{"index":"index","follow":"follow","max-snippet":"max-snippet:-1","max-image-preview":"max-image-preview:large","max-video-preview":"max-video-preview:-1"},"canonical":"https:\/\/stickerdeco.fr\/de\/produit\/tuerfolie-orientalisches-zellige\/","og_locale":"de_DE","og_type":"article","og_title":"T\u00fcrfolie Orientalisches Zellige","og_description":"Sie w\u00fcnschen sich eine originelle und moderne Dekoration? Diese T\u00fcrfolie Orientalisches Zellige ist genau das Richtige f\u00fcr Sie! Entdecken Sie auf unserer Website das Modell, das Sie begeistern wird!","og_url":"https:\/\/stickerdeco.fr\/de\/produit\/tuerfolie-orientalisches-zellige\/","og_site_name":"Sticker Deco","article_publisher":"https:\/\/www.facebook.com\/stickerdeco.fr\/","article_modified_time":"2026-03-14T09:33:06+00:00","og_image":[{"width":1000,"height":1000,"url":"https:\/\/stickerdeco.fr\/wp-content\/uploads\/2020\/11\/sticker-porte-orientale-zellige-01.jpg","type":"image\/jpeg"}],"twitter_card":"summary_large_image","twitter_misc":{"Verf\u00fcgbarkeit":"Auf Lager"},"schema":{"@context":"https:\/\/schema.org","@graph":[{"@type":"WebPage","@id":"https:\/\/stickerdeco.fr\/de\/produit\/tuerfolie-orientalisches-zellige\/","url":"https:\/\/stickerdeco.fr\/de\/produit\/tuerfolie-orientalisches-zellige\/","name":"T\u00fcrfolie Orientalisches Zellige | T\u00fcrfolie | StickerDeco.fr","isPartOf":{"@id":"https:\/\/stickerdeco.fr\/de\/#website"},"primaryImageOfPage":{"@id":"https:\/\/stickerdeco.fr\/de\/produit\/tuerfolie-orientalisches-zellige\/#primaryimage"},"image":{"@id":"https:\/\/stickerdeco.fr\/de\/produit\/tuerfolie-orientalisches-zellige\/#primaryimage"},"thumbnailUrl":"https:\/\/stickerdeco.fr\/wp-content\/uploads\/2020\/11\/sticker-porte-orientale-zellige-01.jpg","datePublished":"2020-11-09T11:03:51+00:00","dateModified":"2026-03-14T09:33:06+00:00","description":"Sie w\u00fcnschen sich eine originelle und moderne Dekoration? Diese T\u00fcrfolie Orientalisches Zellige ist genau das Richtige f\u00fcr Sie! Entdecken Sie auf unserer Website das Modell, das Sie begeistern wird!","breadcrumb":{"@id":"https:\/\/stickerdeco.fr\/de\/produit\/tuerfolie-orientalisches-zellige\/#breadcrumb"},"inLanguage":"de","potentialAction":[{"@type":"ReadAction","target":["https:\/\/stickerdeco.fr\/de\/produit\/tuerfolie-orientalisches-zellige\/"]}]},{"@type":"ImageObject","inLanguage":"de","@id":"https:\/\/stickerdeco.fr\/de\/produit\/tuerfolie-orientalisches-zellige\/#primaryimage","url":"https:\/\/stickerdeco.fr\/wp-content\/uploads\/2020\/11\/sticker-porte-orientale-zellige-01.jpg","contentUrl":"https:\/\/stickerdeco.fr\/wp-content\/uploads\/2020\/11\/sticker-porte-orientale-zellige-01.jpg","width":1000,"height":1000,"caption":"T\u00fcrfolie Orientalisches Zellige"},{"@type":"BreadcrumbList","@id":"https:\/\/stickerdeco.fr\/de\/produit\/tuerfolie-orientalisches-zellige\/#breadcrumb","itemListElement":[{"@type":"ListItem","position":1,"name":"Accueil","item":"https:\/\/stickerdeco.fr\/de\/"},{"@type":"ListItem","position":2,"name":"Boutique","item":"https:\/\/stickerdeco.fr\/boutique\/"},{"@type":"ListItem","position":3,"name":"T\u00fcrfolie Orientalisches Zellige"}]},{"@type":"WebSite","@id":"https:\/\/stickerdeco.fr\/de\/#website","url":"https:\/\/stickerdeco.fr\/de\/","name":"Sticker Deco","description":"Le Sticker Made In France","publisher":{"@id":"https:\/\/stickerdeco.fr\/de\/#organization"},"potentialAction":[{"@type":"SearchAction","target":{"@type":"EntryPoint","urlTemplate":"https:\/\/stickerdeco.fr\/de\/?s={search_term_string}"},"query-input":{"@type":"PropertyValueSpecification","valueRequired":true,"valueName":"search_term_string"}}],"inLanguage":"de"},{"@type":"Organization","@id":"https:\/\/stickerdeco.fr\/de\/#organization","name":"Sticker D\u00e9co","url":"https:\/\/stickerdeco.fr\/de\/","logo":{"@type":"ImageObject","inLanguage":"de","@id":"https:\/\/stickerdeco.fr\/de\/#\/schema\/logo\/image\/","url":"https:\/\/stickerdeco.fr\/wp-content\/uploads\/1987\/05\/stickerdeco-logo-v2-carre.png","contentUrl":"https:\/\/stickerdeco.fr\/wp-content\/uploads\/1987\/05\/stickerdeco-logo-v2-carre.png","width":1000,"height":1000,"caption":"Sticker D\u00e9co"},"image":{"@id":"https:\/\/stickerdeco.fr\/de\/#\/schema\/logo\/image\/"},"sameAs":["https:\/\/www.facebook.com\/stickerdeco.fr\/","https:\/\/www.instagram.com\/stickerdecofr\/","https:\/\/www.pinterest.fr\/stickerdecofr\/","https:\/\/www.youtube.com\/StickerDeco"],"email":"contact@stickerdeco.fr","telephone":"0980809233","legalName":"Sticker D\u00e9co"}]},"og_availability":"instock","product_availability":"instock","product_condition":"new"},"_links":{"self":[{"href":"https:\/\/stickerdeco.fr\/de\/wp-json\/wp\/v2\/product\/139431","targetHints":{"allow":["GET"]}}],"collection":[{"href":"https:\/\/stickerdeco.fr\/de\/wp-json\/wp\/v2\/product"}],"about":[{"href":"https:\/\/stickerdeco.fr\/de\/wp-json\/wp\/v2\/types\/product"}],"version-history":[{"count":1,"href":"https:\/\/stickerdeco.fr\/de\/wp-json\/wp\/v2\/product\/139431\/revisions"}],"predecessor-version":[{"id":139452,"href":"https:\/\/stickerdeco.fr\/de\/wp-json\/wp\/v2\/product\/139431\/revisions\/139452"}],"wp:featuredmedia":[{"embeddable":true,"href":"https:\/\/stickerdeco.fr\/de\/wp-json\/wp\/v2\/media\/139433"}],"wp:attachment":[{"href":"https:\/\/stickerdeco.fr\/de\/wp-json\/wp\/v2\/media?parent=139431"}],"wp:term":[{"taxonomy":"product_brand","embeddable":true,"href":"https:\/\/stickerdeco.fr\/de\/wp-json\/wp\/v2\/product_brand?post=139431"},{"taxonomy":"product_cat","embeddable":true,"href":"https:\/\/stickerdeco.fr\/de\/wp-json\/wp\/v2\/product_cat?post=139431"},{"taxonomy":"product_tag","embeddable":true,"href":"https:\/\/stickerdeco.fr\/de\/wp-json\/wp\/v2\/product_tag?post=139431"}],"curies":[{"name":"wp","href":"https:\/\/api.w.org\/{rel}","templated":true}]}}