{"id":142758,"date":"2021-10-19T10:24:42","date_gmt":"2021-10-19T08:24:42","guid":{"rendered":"https:\/\/stickerdeco.fr\/produit\/turfolie-torii\/"},"modified":"2026-03-14T10:41:36","modified_gmt":"2026-03-14T09:41:36","slug":"turfolie-torii","status":"publish","type":"product","link":"https:\/\/stickerdeco.fr\/de\/produit\/turfolie-torii\/","title":{"rendered":"T\u00fcrfolie Torii"},"content":{"rendered":"<div class=\"wpb-content-wrapper\"><p>[vc_row][vc_column][vc_column_text]<\/p>\n<h2><span style=\"font-size: 14pt;\"><strong>Die T\u00fcrfolie Torii<\/strong><\/span><\/h2>\n<p><span style=\"font-size: 11pt;\">Sie m\u00f6chten Ihre <strong>Inneneinrichtung<\/strong> ver\u00e4ndern? Dann ist diese wundersch\u00f6ne <strong>T\u00fcrfolie Torii <\/strong>genau das Richtige f\u00fcr Sie! Diese <strong>T\u00fcrfolie Torii <\/strong>wird Sie dank unserer hochwertigen Vinyl-Wandfolie sicher \u00fcberzeugen. Sie ist <strong>leicht anzubringen.<\/strong> Mit dieser Folie wird <strong>die individuelle Gestaltung Ihres Zuhauses<\/strong> jetzt ganz einfach!<\/span><\/p>\n<p><span style=\"font-size: 11pt;\">Jede <strong>Wanddekoration<\/strong> ist unabh\u00e4ngig und <strong>kann separat angebracht werden<\/strong>. So haben Sie maximale Freiheit bei der Anbringung Ihrer <strong>Wandfolie<\/strong> \u2013 lassen Sie also Ihrer Seele als <strong>Innendekorateur<\/strong> freien Lauf!<\/span><\/p>\n<h3><span style=\"font-size: 14pt;\"><strong>Die T\u00fcrfolie<\/strong><\/span><\/h3>\n<p><span style=\"font-size: 11pt;\">Sie w\u00fcnschen sich einen einzigartigen Stil f\u00fcr Ihre T\u00fcrdekoration? Dann ist diese <strong>T\u00fcrfolie Torii<\/strong> genau das Richtige f\u00fcr Sie! Diese <strong>T\u00fcrfolie Torii<\/strong> wird Sie sicher begeistern. Sie ist <strong>leicht anzubringen<\/strong> \u2013 kinderleicht!<\/span><\/p>\n<p><span style=\"font-size: 11pt;\">Unsere <strong>T\u00fcrfolien<\/strong> werden in einer einzigen Bahn, also in einem St\u00fcck, geliefert. Ergebnis: Kein Ausrichten n\u00f6tig f\u00fcr eine einfache Anbringung! Mit <a href=\"https:\/\/stickerdeco.fr\/de\/cat\/tursticker\/\"><strong>T\u00fcrfolien<\/strong><\/a> erhalten Sie eine <strong>originelle<\/strong> und personalisierte Dekoration f\u00fcr Ihr Zuhause. Im Sticker-D\u00e9co-Shop sind viele Stile und Designs erh\u00e4ltlich. Ob 3D-Effekt, <a href=\"https:\/\/stickerdeco.fr\/de\/tag\/sticker-holzoptik\/\">Holzoptik<\/a> oder Stahlt\u00fcr \u2013 Ihre T\u00fcr bekommt ganz sicher einen beeindruckenden <a href=\"https:\/\/stickerdeco.fr\/de\/tag\/sticker-trompe-loeil\/\"><strong>Trompe-l\u2019\u0153il<\/strong><\/a>-Effekt.<\/span><\/p>\n<h3><span style=\"font-size: 14pt;\"><strong>Eine besonders hochwertige Folie<\/strong><\/span><\/h3>\n<p><span style=\"font-size: 11pt;\">Wir drucken unsere <strong>Wandfolien<\/strong> im HQ-Vierfarbdruck auf <strong>robusten<\/strong> polymeren <strong>Klebefolien<\/strong> mit strukturierter Klebeschicht. Diese <strong>innovative Spitzentechnologie<\/strong> sorgt f\u00fcr eine lange Haltbarkeit des <strong>Vinyls<\/strong> (Polymerkleber) sowie f\u00fcr eine <strong>blasenfreie Anbringung<\/strong> (strukturierter Kleber). Die <strong>Klebefolie<\/strong> bleibt dabei relativ d\u00fcnn mit <strong>einer St\u00e4rke von weniger als 0,2 mm<\/strong> (180\u00b5m).<\/span><\/p>\n<h3><span style=\"font-size: 14pt;\"><strong>Wie dekoriert man sein Zuhause?<\/strong><\/span><br \/>\n<span style=\"font-size: 11pt;\">Gef\u00e4llt Ihnen diese <strong>T\u00fcrfolie Torii <\/strong>? Sind Sie Fan von <strong>Wanddekoration<\/strong> und m\u00f6chten Ihre R\u00e4ume aufeinander abstimmen? Dann erg\u00e4nzen Sie Ihre Inneneinrichtung mit unseren <a href=\"\/?product_cat=sticker-salle-de-bains\"><strong>Badezimmer-Stickern<\/strong><\/a>, <a href=\"\/?product_cat=stickers-cuisine\"><strong>K\u00fcchen-Stickern<\/strong><\/a> und <a href=\"\/?product_cat=sticker-chambre\"><strong>Schlafzimmer-Stickern<\/strong><\/a>.<\/span>[\/vc_column_text][\/vc_column][\/vc_row]<\/p>\n<\/div>","protected":false},"excerpt":{"rendered":"<p>Reisen Sie mit dieser <strong>T\u00fcrfolie Torii<\/strong> in das Land der aufgehenden Sonne. Dieser wundersch\u00f6ne Trompe-l\u2019\u0153il-Effekt, inspiriert von den zinnoberroten traditionellen Toren japanischer Tempel, wird Ihr Zuhause verwandeln!<\/p>\n<p>Holen Sie sich mit dieser <strong>Trompe-l\u2019\u0153il-T\u00fcrfolie<\/strong> eine starke Farbe und einen einzigartigen, sehr eleganten Stil in Ihr Zuhause.<\/p>\n<p><strong>Produkteigenschaften:<\/strong><\/p>\n<ul class=\"product-short-desc-list\">\n<li>T\u00fcrfolie: einfache, blasenfreie Anbringung<\/li>\n<li>In einem St\u00fcck geliefert: kein m\u00fchsames Zusammenf\u00fcgen oder zus\u00e4tzliches Kleben n\u00f6tig<\/li>\n<li>Laminierte Oberfl\u00e4che mit matter Optik: edles Finish, geringe Reflexion und hohe Haltbarkeit<\/li>\n<li>Geeignet f\u00fcr glatte Oberfl\u00e4chen (lackierte\/laminierte T\u00fcren, Kunststoff, Glas usw.)<\/li>\n<li>Leicht zu reinigen, abwaschbar und spritzwassergesch\u00fctzt<\/li>\n<li>Euroklasse B-s1,d0 (entspr. M1 in Frankreich)<\/li>\n<li>\u00d6kologischer Druck UL ECOLOGO\u00ae und UL GREENGUARD Gold: emissionsarm und geruchsfrei, geeignet f\u00fcr empfindliche Innenr\u00e4ume<\/li>\n<\/ul>\n<p><span style=\"color: #d64444;\"><strong>Mehrere Gr\u00f6\u00dfen verf\u00fcgbar, damit sie zu all Ihren T\u00fcren passen (Sonderma\u00df auf Anfrage m\u00f6glich).<\/strong><\/span><\/p>\n<hr \/>\n","protected":false},"featured_media":142763,"template":"","meta":[],"product_brand":[],"product_cat":[4671],"product_tag":[5363,6180,6179,5994,5992,5993,6168,5990,5988,5989,5991],"class_list":{"0":"post-142758","1":"product","2":"type-product","3":"status-publish","4":"has-post-thumbnail","6":"product_cat-tursticker","7":"product_tag-sticker-trompe-loeil","8":"product_tag-sticker-tur-badezimmer","9":"product_tag-sticker-tur-bunt","10":"product_tag-sticker-tur-chambre","11":"product_tag-sticker-tur-kuche","12":"product_tag-sticker-tur-salon","13":"product_tag-sticker-tur-trompe-loeil","14":"product_tag-stickers-tur-83-x-204-cm","15":"product_tag-tursticker-63-x-204-cm","16":"product_tag-tursticker-73-x-204-cm","17":"product_tag-tursticker-93-x-204-cm","19":"first","20":"instock","21":"sale","22":"taxable","23":"shipping-taxable","24":"purchasable","25":"product-type-variable"},"etheme_brands":{"errors":{"invalid_taxonomy":["Die Taxonomie ist ung\u00fcltig."]},"error_data":[]},"yoast_head":"<!-- This site is optimized with the Yoast SEO Premium plugin v27.3 (Yoast SEO v27.3) - https:\/\/yoast.com\/product\/yoast-seo-premium-wordpress\/ -->\n<title>T\u00fcrfolie Torii | T\u00fcrfolien | Stickerdeco.fr<\/title>\n<meta name=\"description\" content=\"M\u00f6chten Sie Ihre T\u00fcr dekorieren? Diese T\u00fcrfolie Torii ist genau das Richtige f\u00fcr Sie! Entdecken Sie unsere T\u00fcrfolien in vielen Gr\u00f6\u00dfen, hergestellt in Frankreich.\" \/>\n<meta name=\"robots\" content=\"index, follow, max-snippet:-1, max-image-preview:large, max-video-preview:-1\" \/>\n<link rel=\"canonical\" href=\"https:\/\/stickerdeco.fr\/de\/produit\/turfolie-torii\/\" \/>\n<meta property=\"og:locale\" content=\"de_DE\" \/>\n<meta property=\"og:type\" content=\"article\" \/>\n<meta property=\"og:title\" content=\"T\u00fcrfolie Torii\" \/>\n<meta property=\"og:description\" content=\"M\u00f6chten Sie Ihre T\u00fcr dekorieren? Diese T\u00fcrfolie Torii ist genau das Richtige f\u00fcr Sie! Entdecken Sie unsere T\u00fcrfolien in vielen Gr\u00f6\u00dfen, hergestellt in Frankreich.\" \/>\n<meta property=\"og:url\" content=\"https:\/\/stickerdeco.fr\/de\/produit\/turfolie-torii\/\" \/>\n<meta property=\"og:site_name\" content=\"Sticker Deco\" \/>\n<meta property=\"article:publisher\" content=\"https:\/\/www.facebook.com\/stickerdeco.fr\/\" \/>\n<meta property=\"article:modified_time\" content=\"2026-03-14T09:41:36+00:00\" \/>\n<meta property=\"og:image\" content=\"https:\/\/stickerdeco.fr\/wp-content\/uploads\/2021\/10\/sticker-porte-torii-01.jpg\" \/>\n\t<meta property=\"og:image:width\" content=\"1000\" \/>\n\t<meta property=\"og:image:height\" content=\"1000\" \/>\n\t<meta property=\"og:image:type\" content=\"image\/jpeg\" \/>\n<meta name=\"twitter:card\" content=\"summary_large_image\" \/>\n<meta name=\"twitter:label1\" content=\"Verf\u00fcgbarkeit\" \/>\n\t<meta name=\"twitter:data1\" content=\"Auf Lager\" \/>\n<script type=\"application\/ld+json\" class=\"yoast-schema-graph\">{\"@context\":\"https:\\\/\\\/schema.org\",\"@graph\":[{\"@type\":\"WebPage\",\"@id\":\"https:\\\/\\\/stickerdeco.fr\\\/de\\\/produit\\\/turfolie-torii\\\/\",\"url\":\"https:\\\/\\\/stickerdeco.fr\\\/de\\\/produit\\\/turfolie-torii\\\/\",\"name\":\"T\u00fcrfolie Torii | T\u00fcrfolien | Stickerdeco.fr\",\"isPartOf\":{\"@id\":\"https:\\\/\\\/stickerdeco.fr\\\/de\\\/#website\"},\"primaryImageOfPage\":{\"@id\":\"https:\\\/\\\/stickerdeco.fr\\\/de\\\/produit\\\/turfolie-torii\\\/#primaryimage\"},\"image\":{\"@id\":\"https:\\\/\\\/stickerdeco.fr\\\/de\\\/produit\\\/turfolie-torii\\\/#primaryimage\"},\"thumbnailUrl\":\"https:\\\/\\\/stickerdeco.fr\\\/wp-content\\\/uploads\\\/2021\\\/10\\\/sticker-porte-torii-01.jpg\",\"datePublished\":\"2021-10-19T08:24:42+00:00\",\"dateModified\":\"2026-03-14T09:41:36+00:00\",\"description\":\"M\u00f6chten Sie Ihre T\u00fcr dekorieren? Diese T\u00fcrfolie Torii ist genau das Richtige f\u00fcr Sie! Entdecken Sie unsere T\u00fcrfolien in vielen Gr\u00f6\u00dfen, hergestellt in Frankreich.\",\"breadcrumb\":{\"@id\":\"https:\\\/\\\/stickerdeco.fr\\\/de\\\/produit\\\/turfolie-torii\\\/#breadcrumb\"},\"inLanguage\":\"de\",\"potentialAction\":[{\"@type\":\"ReadAction\",\"target\":[\"https:\\\/\\\/stickerdeco.fr\\\/de\\\/produit\\\/turfolie-torii\\\/\"]}]},{\"@type\":\"ImageObject\",\"inLanguage\":\"de\",\"@id\":\"https:\\\/\\\/stickerdeco.fr\\\/de\\\/produit\\\/turfolie-torii\\\/#primaryimage\",\"url\":\"https:\\\/\\\/stickerdeco.fr\\\/wp-content\\\/uploads\\\/2021\\\/10\\\/sticker-porte-torii-01.jpg\",\"contentUrl\":\"https:\\\/\\\/stickerdeco.fr\\\/wp-content\\\/uploads\\\/2021\\\/10\\\/sticker-porte-torii-01.jpg\",\"width\":1000,\"height\":1000,\"caption\":\"T\u00fcrfolie Torii\"},{\"@type\":\"BreadcrumbList\",\"@id\":\"https:\\\/\\\/stickerdeco.fr\\\/de\\\/produit\\\/turfolie-torii\\\/#breadcrumb\",\"itemListElement\":[{\"@type\":\"ListItem\",\"position\":1,\"name\":\"Accueil\",\"item\":\"https:\\\/\\\/stickerdeco.fr\\\/de\\\/\"},{\"@type\":\"ListItem\",\"position\":2,\"name\":\"Boutique\",\"item\":\"https:\\\/\\\/stickerdeco.fr\\\/boutique\\\/\"},{\"@type\":\"ListItem\",\"position\":3,\"name\":\"T\u00fcrfolie Torii\"}]},{\"@type\":\"WebSite\",\"@id\":\"https:\\\/\\\/stickerdeco.fr\\\/de\\\/#website\",\"url\":\"https:\\\/\\\/stickerdeco.fr\\\/de\\\/\",\"name\":\"Sticker Deco\",\"description\":\"Le Sticker Made In France\",\"publisher\":{\"@id\":\"https:\\\/\\\/stickerdeco.fr\\\/de\\\/#organization\"},\"potentialAction\":[{\"@type\":\"SearchAction\",\"target\":{\"@type\":\"EntryPoint\",\"urlTemplate\":\"https:\\\/\\\/stickerdeco.fr\\\/de\\\/?s={search_term_string}\"},\"query-input\":{\"@type\":\"PropertyValueSpecification\",\"valueRequired\":true,\"valueName\":\"search_term_string\"}}],\"inLanguage\":\"de\"},{\"@type\":\"Organization\",\"@id\":\"https:\\\/\\\/stickerdeco.fr\\\/de\\\/#organization\",\"name\":\"Sticker D\u00e9co\",\"url\":\"https:\\\/\\\/stickerdeco.fr\\\/de\\\/\",\"logo\":{\"@type\":\"ImageObject\",\"inLanguage\":\"de\",\"@id\":\"https:\\\/\\\/stickerdeco.fr\\\/de\\\/#\\\/schema\\\/logo\\\/image\\\/\",\"url\":\"https:\\\/\\\/stickerdeco.fr\\\/wp-content\\\/uploads\\\/1987\\\/05\\\/stickerdeco-logo-v2-carre.png\",\"contentUrl\":\"https:\\\/\\\/stickerdeco.fr\\\/wp-content\\\/uploads\\\/1987\\\/05\\\/stickerdeco-logo-v2-carre.png\",\"width\":1000,\"height\":1000,\"caption\":\"Sticker D\u00e9co\"},\"image\":{\"@id\":\"https:\\\/\\\/stickerdeco.fr\\\/de\\\/#\\\/schema\\\/logo\\\/image\\\/\"},\"sameAs\":[\"https:\\\/\\\/www.facebook.com\\\/stickerdeco.fr\\\/\",\"https:\\\/\\\/www.instagram.com\\\/stickerdecofr\\\/\",\"https:\\\/\\\/www.pinterest.fr\\\/stickerdecofr\\\/\",\"https:\\\/\\\/www.youtube.com\\\/StickerDeco\"],\"email\":\"contact@stickerdeco.fr\",\"telephone\":\"0980809233\",\"legalName\":\"Sticker D\u00e9co\"}]}<\/script>\n<meta property=\"og:availability\" content=\"instock\" \/>\n<meta property=\"product:availability\" content=\"instock\" \/>\n<meta property=\"product:condition\" content=\"new\" \/>\n<!-- \/ Yoast SEO Premium plugin. -->","yoast_head_json":{"title":"T\u00fcrfolie Torii | T\u00fcrfolien | Stickerdeco.fr","description":"M\u00f6chten Sie Ihre T\u00fcr dekorieren? Diese T\u00fcrfolie Torii ist genau das Richtige f\u00fcr Sie! Entdecken Sie unsere T\u00fcrfolien in vielen Gr\u00f6\u00dfen, hergestellt in Frankreich.","robots":{"index":"index","follow":"follow","max-snippet":"max-snippet:-1","max-image-preview":"max-image-preview:large","max-video-preview":"max-video-preview:-1"},"canonical":"https:\/\/stickerdeco.fr\/de\/produit\/turfolie-torii\/","og_locale":"de_DE","og_type":"article","og_title":"T\u00fcrfolie Torii","og_description":"M\u00f6chten Sie Ihre T\u00fcr dekorieren? Diese T\u00fcrfolie Torii ist genau das Richtige f\u00fcr Sie! Entdecken Sie unsere T\u00fcrfolien in vielen Gr\u00f6\u00dfen, hergestellt in Frankreich.","og_url":"https:\/\/stickerdeco.fr\/de\/produit\/turfolie-torii\/","og_site_name":"Sticker Deco","article_publisher":"https:\/\/www.facebook.com\/stickerdeco.fr\/","article_modified_time":"2026-03-14T09:41:36+00:00","og_image":[{"width":1000,"height":1000,"url":"https:\/\/stickerdeco.fr\/wp-content\/uploads\/2021\/10\/sticker-porte-torii-01.jpg","type":"image\/jpeg"}],"twitter_card":"summary_large_image","twitter_misc":{"Verf\u00fcgbarkeit":"Auf Lager"},"schema":{"@context":"https:\/\/schema.org","@graph":[{"@type":"WebPage","@id":"https:\/\/stickerdeco.fr\/de\/produit\/turfolie-torii\/","url":"https:\/\/stickerdeco.fr\/de\/produit\/turfolie-torii\/","name":"T\u00fcrfolie Torii | T\u00fcrfolien | Stickerdeco.fr","isPartOf":{"@id":"https:\/\/stickerdeco.fr\/de\/#website"},"primaryImageOfPage":{"@id":"https:\/\/stickerdeco.fr\/de\/produit\/turfolie-torii\/#primaryimage"},"image":{"@id":"https:\/\/stickerdeco.fr\/de\/produit\/turfolie-torii\/#primaryimage"},"thumbnailUrl":"https:\/\/stickerdeco.fr\/wp-content\/uploads\/2021\/10\/sticker-porte-torii-01.jpg","datePublished":"2021-10-19T08:24:42+00:00","dateModified":"2026-03-14T09:41:36+00:00","description":"M\u00f6chten Sie Ihre T\u00fcr dekorieren? Diese T\u00fcrfolie Torii ist genau das Richtige f\u00fcr Sie! Entdecken Sie unsere T\u00fcrfolien in vielen Gr\u00f6\u00dfen, hergestellt in Frankreich.","breadcrumb":{"@id":"https:\/\/stickerdeco.fr\/de\/produit\/turfolie-torii\/#breadcrumb"},"inLanguage":"de","potentialAction":[{"@type":"ReadAction","target":["https:\/\/stickerdeco.fr\/de\/produit\/turfolie-torii\/"]}]},{"@type":"ImageObject","inLanguage":"de","@id":"https:\/\/stickerdeco.fr\/de\/produit\/turfolie-torii\/#primaryimage","url":"https:\/\/stickerdeco.fr\/wp-content\/uploads\/2021\/10\/sticker-porte-torii-01.jpg","contentUrl":"https:\/\/stickerdeco.fr\/wp-content\/uploads\/2021\/10\/sticker-porte-torii-01.jpg","width":1000,"height":1000,"caption":"T\u00fcrfolie Torii"},{"@type":"BreadcrumbList","@id":"https:\/\/stickerdeco.fr\/de\/produit\/turfolie-torii\/#breadcrumb","itemListElement":[{"@type":"ListItem","position":1,"name":"Accueil","item":"https:\/\/stickerdeco.fr\/de\/"},{"@type":"ListItem","position":2,"name":"Boutique","item":"https:\/\/stickerdeco.fr\/boutique\/"},{"@type":"ListItem","position":3,"name":"T\u00fcrfolie Torii"}]},{"@type":"WebSite","@id":"https:\/\/stickerdeco.fr\/de\/#website","url":"https:\/\/stickerdeco.fr\/de\/","name":"Sticker Deco","description":"Le Sticker Made In France","publisher":{"@id":"https:\/\/stickerdeco.fr\/de\/#organization"},"potentialAction":[{"@type":"SearchAction","target":{"@type":"EntryPoint","urlTemplate":"https:\/\/stickerdeco.fr\/de\/?s={search_term_string}"},"query-input":{"@type":"PropertyValueSpecification","valueRequired":true,"valueName":"search_term_string"}}],"inLanguage":"de"},{"@type":"Organization","@id":"https:\/\/stickerdeco.fr\/de\/#organization","name":"Sticker D\u00e9co","url":"https:\/\/stickerdeco.fr\/de\/","logo":{"@type":"ImageObject","inLanguage":"de","@id":"https:\/\/stickerdeco.fr\/de\/#\/schema\/logo\/image\/","url":"https:\/\/stickerdeco.fr\/wp-content\/uploads\/1987\/05\/stickerdeco-logo-v2-carre.png","contentUrl":"https:\/\/stickerdeco.fr\/wp-content\/uploads\/1987\/05\/stickerdeco-logo-v2-carre.png","width":1000,"height":1000,"caption":"Sticker D\u00e9co"},"image":{"@id":"https:\/\/stickerdeco.fr\/de\/#\/schema\/logo\/image\/"},"sameAs":["https:\/\/www.facebook.com\/stickerdeco.fr\/","https:\/\/www.instagram.com\/stickerdecofr\/","https:\/\/www.pinterest.fr\/stickerdecofr\/","https:\/\/www.youtube.com\/StickerDeco"],"email":"contact@stickerdeco.fr","telephone":"0980809233","legalName":"Sticker D\u00e9co"}]},"og_availability":"instock","product_availability":"instock","product_condition":"new"},"_links":{"self":[{"href":"https:\/\/stickerdeco.fr\/de\/wp-json\/wp\/v2\/product\/142758","targetHints":{"allow":["GET"]}}],"collection":[{"href":"https:\/\/stickerdeco.fr\/de\/wp-json\/wp\/v2\/product"}],"about":[{"href":"https:\/\/stickerdeco.fr\/de\/wp-json\/wp\/v2\/types\/product"}],"version-history":[{"count":1,"href":"https:\/\/stickerdeco.fr\/de\/wp-json\/wp\/v2\/product\/142758\/revisions"}],"predecessor-version":[{"id":142783,"href":"https:\/\/stickerdeco.fr\/de\/wp-json\/wp\/v2\/product\/142758\/revisions\/142783"}],"wp:featuredmedia":[{"embeddable":true,"href":"https:\/\/stickerdeco.fr\/de\/wp-json\/wp\/v2\/media\/142763"}],"wp:attachment":[{"href":"https:\/\/stickerdeco.fr\/de\/wp-json\/wp\/v2\/media?parent=142758"}],"wp:term":[{"taxonomy":"product_brand","embeddable":true,"href":"https:\/\/stickerdeco.fr\/de\/wp-json\/wp\/v2\/product_brand?post=142758"},{"taxonomy":"product_cat","embeddable":true,"href":"https:\/\/stickerdeco.fr\/de\/wp-json\/wp\/v2\/product_cat?post=142758"},{"taxonomy":"product_tag","embeddable":true,"href":"https:\/\/stickerdeco.fr\/de\/wp-json\/wp\/v2\/product_tag?post=142758"}],"curies":[{"name":"wp","href":"https:\/\/api.w.org\/{rel}","templated":true}]}}