{"id":143158,"date":"2021-04-01T10:01:57","date_gmt":"2021-04-01T08:01:57","guid":{"rendered":"https:\/\/stickerdeco.fr\/produit\/turfolie-glaswand-2-scheiben\/"},"modified":"2026-03-14T10:43:31","modified_gmt":"2026-03-14T09:43:31","slug":"turfolie-glaswand-2-scheiben","status":"publish","type":"product","link":"https:\/\/stickerdeco.fr\/de\/produit\/turfolie-glaswand-2-scheiben\/","title":{"rendered":"T\u00fcrfolie Glaswand 2 Scheiben"},"content":{"rendered":"<div class=\"wpb-content-wrapper\"><p>[vc_row][vc_column][vc_column_text]<\/p>\n<h2><span style=\"font-size: 14pt;\"><strong>Die T\u00fcrfolie Glaswand 2 Scheiben<\/strong><\/span><\/h2>\n<p><span style=\"font-size: 11pt;\">Sie m\u00f6chten Ihre <strong>Inneneinrichtung<\/strong> auffrischen? Dann ist diese sch\u00f6ne <strong>T\u00fcrfolie Glaswand 2 Scheiben <\/strong>genau das Richtige f\u00fcr Sie. Diese hochwertige Vinyl-T\u00fcrfolie l\u00e4sst sich leicht anbringen und verwandelt Ihren Raum im Handumdrehen.<\/span><\/p>\n<p><span style=\"font-size: 11pt;\">Unsere <strong>T\u00fcrfolien<\/strong> werden in einem St\u00fcck geliefert, damit die Anbringung einfacher und das Ergebnis makellos ist. Mit einer <strong>T\u00fcrfolie<\/strong> erhalten Sie in wenigen Minuten eine originelle und pers\u00f6nliche Dekoration.<\/span><\/p>\n<h3><span style=\"font-size: 14pt;\"><strong>Die T\u00fcrfolie<\/strong><\/span><\/h3>\n<p><span style=\"font-size: 11pt;\">Sie w\u00fcnschen sich einen einzigartigen Stil f\u00fcr Ihre T\u00fcren? Dann ist diese <strong>T\u00fcrfolie Glaswand 2 Scheiben<\/strong> genau das Richtige f\u00fcr Sie. Sie ist <strong>leicht anzubringen<\/strong> und verleiht Ihrem Zuhause einen starken dekorativen Akzent.<\/span><\/p>\n<p><span style=\"font-size: 11pt;\">Mit unseren <a href=\"https:\/\/stickerdeco.fr\/de\/cat\/tursticker\/\"><strong>T\u00fcrfolien<\/strong><\/a> schaffen Sie eine originelle Atmosph\u00e4re in Ihrem Zuhause. Holzoptik, Industriestil, Trompe-l\u2019\u0153il oder Landschaftsmotiv: F\u00fcr jede Einrichtung gibt es das passende Design.<\/span><\/p>\n<h3><span style=\"font-size: 14pt;\"><strong>Sehr hochwertige Folie<\/strong><\/span><\/h3>\n<p><span style=\"font-size: 11pt;\">Wir drucken unsere Wandsticker in hoher Aufl\u00f6sung auf robustes selbstklebendes Vinyl mit strukturierter Klebeschicht f\u00fcr eine einfachere blasenfreie Anbringung. Das Material bleibt d\u00fcnn und elegant und bietet gleichzeitig eine hervorragende Haltbarkeit.<\/span><\/p>\n<h3><span style=\"font-size: 14pt;\"><strong>Wie dekoriert man sein Zuhause?<\/strong><\/span><\/h3>\n<p><span style=\"font-size: 11pt;\">Gef\u00e4llt Ihnen diese <strong>T\u00fcrfolie Glaswand 2 Scheiben <\/strong>? Erg\u00e4nzen Sie Ihre Einrichtung mit unseren <a href=\"\/?product_cat=sticker-salle-de-bains\"><strong>Badezimmer-Stickern<\/strong><\/a>, <a href=\"\/?product_cat=sticker-salon\"><strong>Wohnzimmer-Stickern<\/strong><\/a>, <a href=\"https:\/\/stickerdeco.fr\/de\/cat\/wandsticker\/kuchensticker\/\"><strong>K\u00fcchen-Stickern<\/strong><\/a> oder <a href=\"https:\/\/stickerdeco.fr\/de\/cat\/wandsticker\/wandsticker-schlafzimmer-erwachsene\/\"><strong>Schlafzimmer-Stickern<\/strong><\/a>.<\/span><\/p>\n<h3><span style=\"font-size: 14pt;\"><strong><a href=\"https:\/\/www.stickerdeco.fr\/\">StickerDeco.fr<\/a> bedeutet Tausende Produkte!<\/strong><\/span><\/h3>\n<p><span style=\"font-size: 11pt;\">Gedruckt in unserer Werkstatt in der \u00cele-de-France sind unsere Sticker <strong>Made in France<\/strong>. W\u00e4hlen Sie Ihr Modell aus unseren vielen Kategorien.<\/span><\/p>\n<ul>\n<li><span style=\"font-size: 11pt;\"><a href=\"\/?product_cat=stickers-muraux-animaux\"><strong>Tiersticker<\/strong><\/a>, <\/span><\/li>\n<li><span style=\"font-size: 11pt;\"><strong><a href=\"\/?product_cat=stickers-muraux-fleurs\">Blumensticker<\/a><\/strong>, <\/span><\/li>\n<li><span style=\"font-size: 11pt;\"><strong><a href=\"\/?product_cat=stickers-muraux-mangas-et-cartoons\">Manga-Sticker<\/a><\/strong> und vieles mehr.<\/span><\/li>\n<\/ul>\n<p><span style=\"font-size: 14pt; color: #d64444;\"><strong>SEHR HOCHWERTIGE FOLIE = EINFACHE ANBRINGUNG, BLASENFREI GARANTIERT<\/strong><\/span>[\/vc_column_text][\/vc_column][\/vc_row]<\/p>\n<\/div>","protected":false},"excerpt":{"rendered":"<p>Sie m\u00f6chten Ihren T\u00fcren einen originellen Look verleihen? Dann ist diese <strong>T\u00fcrfolie Glaswand 2 Scheiben<\/strong> genau das Richtige f\u00fcr Sie!<\/p>\n<p>Die moderne Industrie-Optik dieser T\u00fcrfolie Glaswand 2 Scheiben wird Sie garantiert begeistern.<\/p>\n<p><span style=\"color: #d64444;\"><strong>(Ma\u00dfanfertigung auf Anfrage m\u00f6glich).<\/strong><\/span><\/p>\n","protected":false},"featured_media":143167,"template":"","meta":[],"product_brand":[],"product_cat":[4671],"product_tag":[5363,6172,6180,5994,6173,5992,5993,6168,5990,5988,5989,5991],"class_list":{"0":"post-143158","1":"product","2":"type-product","3":"status-publish","4":"has-post-thumbnail","6":"product_cat-tursticker","7":"product_tag-sticker-trompe-loeil","8":"product_tag-sticker-tur-atelier","9":"product_tag-sticker-tur-badezimmer","10":"product_tag-sticker-tur-chambre","11":"product_tag-sticker-tur-industrielle","12":"product_tag-sticker-tur-kuche","13":"product_tag-sticker-tur-salon","14":"product_tag-sticker-tur-trompe-loeil","15":"product_tag-stickers-tur-83-x-204-cm","16":"product_tag-tursticker-63-x-204-cm","17":"product_tag-tursticker-73-x-204-cm","18":"product_tag-tursticker-93-x-204-cm","20":"first","21":"instock","22":"sale","23":"taxable","24":"shipping-taxable","25":"purchasable","26":"product-type-variable"},"etheme_brands":{"errors":{"invalid_taxonomy":["Die Taxonomie ist ung\u00fcltig."]},"error_data":[]},"yoast_head":"<!-- This site is optimized with the Yoast SEO Premium plugin v27.6 (Yoast SEO v27.6) - https:\/\/yoast.com\/product\/yoast-seo-premium-wordpress\/ -->\n<title>T\u00fcrfolie Glaswand 2 Scheiben | T\u00fcrfolien | Stickerdeco.fr<\/title>\n<meta name=\"description\" content=\"Verleihen Sie Ihrem Zuhause mit dieser T\u00fcrfolie Glaswand 2 Scheiben einen besonderen Look. Hergestellt in Frankreich und in mehreren Gr\u00f6\u00dfen erh\u00e4ltlich.\" \/>\n<meta name=\"robots\" content=\"index, follow, max-snippet:-1, max-image-preview:large, max-video-preview:-1\" \/>\n<link rel=\"canonical\" href=\"https:\/\/stickerdeco.fr\/de\/produit\/turfolie-glaswand-2-scheiben\/\" \/>\n<meta property=\"og:locale\" content=\"de_DE\" \/>\n<meta property=\"og:type\" content=\"article\" \/>\n<meta property=\"og:title\" content=\"T\u00fcrfolie Glaswand 2 Scheiben\" \/>\n<meta property=\"og:description\" content=\"Verleihen Sie Ihrem Zuhause mit dieser T\u00fcrfolie Glaswand 2 Scheiben einen besonderen Look. Hergestellt in Frankreich und in mehreren Gr\u00f6\u00dfen erh\u00e4ltlich.\" \/>\n<meta property=\"og:url\" content=\"https:\/\/stickerdeco.fr\/de\/produit\/turfolie-glaswand-2-scheiben\/\" \/>\n<meta property=\"og:site_name\" content=\"Sticker Deco\" \/>\n<meta property=\"article:publisher\" content=\"https:\/\/www.facebook.com\/stickerdeco.fr\/\" \/>\n<meta property=\"article:modified_time\" content=\"2026-03-14T09:43:31+00:00\" \/>\n<meta property=\"og:image\" content=\"https:\/\/stickerdeco.fr\/wp-content\/uploads\/2021\/04\/sticker-porte-verriere-2-vitres-00000-e1732704947528.jpg\" \/>\n\t<meta property=\"og:image:width\" content=\"1000\" \/>\n\t<meta property=\"og:image:height\" content=\"1000\" \/>\n\t<meta property=\"og:image:type\" content=\"image\/jpeg\" \/>\n<meta name=\"twitter:card\" content=\"summary_large_image\" \/>\n<meta name=\"twitter:label1\" content=\"Verf\u00fcgbarkeit\" \/>\n\t<meta name=\"twitter:data1\" content=\"Auf Lager\" \/>\n<script type=\"application\/ld+json\" class=\"yoast-schema-graph\">{\"@context\":\"https:\\\/\\\/schema.org\",\"@graph\":[{\"@type\":\"WebPage\",\"@id\":\"https:\\\/\\\/stickerdeco.fr\\\/de\\\/produit\\\/turfolie-glaswand-2-scheiben\\\/\",\"url\":\"https:\\\/\\\/stickerdeco.fr\\\/de\\\/produit\\\/turfolie-glaswand-2-scheiben\\\/\",\"name\":\"T\u00fcrfolie Glaswand 2 Scheiben | T\u00fcrfolien | Stickerdeco.fr\",\"isPartOf\":{\"@id\":\"https:\\\/\\\/stickerdeco.fr\\\/de\\\/#website\"},\"primaryImageOfPage\":{\"@id\":\"https:\\\/\\\/stickerdeco.fr\\\/de\\\/produit\\\/turfolie-glaswand-2-scheiben\\\/#primaryimage\"},\"image\":{\"@id\":\"https:\\\/\\\/stickerdeco.fr\\\/de\\\/produit\\\/turfolie-glaswand-2-scheiben\\\/#primaryimage\"},\"thumbnailUrl\":\"https:\\\/\\\/stickerdeco.fr\\\/wp-content\\\/uploads\\\/2021\\\/04\\\/sticker-porte-verriere-2-vitres-00000-e1732704947528.jpg\",\"datePublished\":\"2021-04-01T08:01:57+00:00\",\"dateModified\":\"2026-03-14T09:43:31+00:00\",\"description\":\"Verleihen Sie Ihrem Zuhause mit dieser T\u00fcrfolie Glaswand 2 Scheiben einen besonderen Look. Hergestellt in Frankreich und in mehreren Gr\u00f6\u00dfen erh\u00e4ltlich.\",\"breadcrumb\":{\"@id\":\"https:\\\/\\\/stickerdeco.fr\\\/de\\\/produit\\\/turfolie-glaswand-2-scheiben\\\/#breadcrumb\"},\"inLanguage\":\"de\",\"potentialAction\":[{\"@type\":\"ReadAction\",\"target\":[\"https:\\\/\\\/stickerdeco.fr\\\/de\\\/produit\\\/turfolie-glaswand-2-scheiben\\\/\"]}]},{\"@type\":\"ImageObject\",\"inLanguage\":\"de\",\"@id\":\"https:\\\/\\\/stickerdeco.fr\\\/de\\\/produit\\\/turfolie-glaswand-2-scheiben\\\/#primaryimage\",\"url\":\"https:\\\/\\\/stickerdeco.fr\\\/wp-content\\\/uploads\\\/2021\\\/04\\\/sticker-porte-verriere-2-vitres-00000-e1732704947528.jpg\",\"contentUrl\":\"https:\\\/\\\/stickerdeco.fr\\\/wp-content\\\/uploads\\\/2021\\\/04\\\/sticker-porte-verriere-2-vitres-00000-e1732704947528.jpg\",\"width\":1000,\"height\":1000,\"caption\":\"sticker-porte-verriere-2-vitres-0000\"},{\"@type\":\"BreadcrumbList\",\"@id\":\"https:\\\/\\\/stickerdeco.fr\\\/de\\\/produit\\\/turfolie-glaswand-2-scheiben\\\/#breadcrumb\",\"itemListElement\":[{\"@type\":\"ListItem\",\"position\":1,\"name\":\"Accueil\",\"item\":\"https:\\\/\\\/stickerdeco.fr\\\/de\\\/\"},{\"@type\":\"ListItem\",\"position\":2,\"name\":\"Boutique\",\"item\":\"https:\\\/\\\/stickerdeco.fr\\\/boutique\\\/\"},{\"@type\":\"ListItem\",\"position\":3,\"name\":\"T\u00fcrfolie Glaswand 2 Scheiben\"}]},{\"@type\":\"WebSite\",\"@id\":\"https:\\\/\\\/stickerdeco.fr\\\/de\\\/#website\",\"url\":\"https:\\\/\\\/stickerdeco.fr\\\/de\\\/\",\"name\":\"Sticker Deco\",\"description\":\"Le Sticker Made In France\",\"publisher\":{\"@id\":\"https:\\\/\\\/stickerdeco.fr\\\/de\\\/#organization\"},\"potentialAction\":[{\"@type\":\"SearchAction\",\"target\":{\"@type\":\"EntryPoint\",\"urlTemplate\":\"https:\\\/\\\/stickerdeco.fr\\\/de\\\/?s={search_term_string}\"},\"query-input\":{\"@type\":\"PropertyValueSpecification\",\"valueRequired\":true,\"valueName\":\"search_term_string\"}}],\"inLanguage\":\"de\"},{\"@type\":\"Organization\",\"@id\":\"https:\\\/\\\/stickerdeco.fr\\\/de\\\/#organization\",\"name\":\"Sticker D\u00e9co\",\"url\":\"https:\\\/\\\/stickerdeco.fr\\\/de\\\/\",\"logo\":{\"@type\":\"ImageObject\",\"inLanguage\":\"de\",\"@id\":\"https:\\\/\\\/stickerdeco.fr\\\/de\\\/#\\\/schema\\\/logo\\\/image\\\/\",\"url\":\"https:\\\/\\\/stickerdeco.fr\\\/wp-content\\\/uploads\\\/1987\\\/05\\\/stickerdeco-logo-v2-carre.png\",\"contentUrl\":\"https:\\\/\\\/stickerdeco.fr\\\/wp-content\\\/uploads\\\/1987\\\/05\\\/stickerdeco-logo-v2-carre.png\",\"width\":1000,\"height\":1000,\"caption\":\"Sticker D\u00e9co\"},\"image\":{\"@id\":\"https:\\\/\\\/stickerdeco.fr\\\/de\\\/#\\\/schema\\\/logo\\\/image\\\/\"},\"sameAs\":[\"https:\\\/\\\/www.facebook.com\\\/stickerdeco.fr\\\/\",\"https:\\\/\\\/www.instagram.com\\\/stickerdecofr\\\/\",\"https:\\\/\\\/www.pinterest.fr\\\/stickerdecofr\\\/\",\"https:\\\/\\\/www.youtube.com\\\/StickerDeco\"],\"email\":\"contact@stickerdeco.fr\",\"telephone\":\"0980809233\",\"legalName\":\"Sticker D\u00e9co\"}]}<\/script>\n<meta property=\"og:availability\" content=\"instock\" \/>\n<meta property=\"product:availability\" content=\"instock\" \/>\n<meta property=\"product:condition\" content=\"new\" \/>\n<!-- \/ Yoast SEO Premium plugin. -->","yoast_head_json":{"title":"T\u00fcrfolie Glaswand 2 Scheiben | T\u00fcrfolien | Stickerdeco.fr","description":"Verleihen Sie Ihrem Zuhause mit dieser T\u00fcrfolie Glaswand 2 Scheiben einen besonderen Look. Hergestellt in Frankreich und in mehreren Gr\u00f6\u00dfen erh\u00e4ltlich.","robots":{"index":"index","follow":"follow","max-snippet":"max-snippet:-1","max-image-preview":"max-image-preview:large","max-video-preview":"max-video-preview:-1"},"canonical":"https:\/\/stickerdeco.fr\/de\/produit\/turfolie-glaswand-2-scheiben\/","og_locale":"de_DE","og_type":"article","og_title":"T\u00fcrfolie Glaswand 2 Scheiben","og_description":"Verleihen Sie Ihrem Zuhause mit dieser T\u00fcrfolie Glaswand 2 Scheiben einen besonderen Look. Hergestellt in Frankreich und in mehreren Gr\u00f6\u00dfen erh\u00e4ltlich.","og_url":"https:\/\/stickerdeco.fr\/de\/produit\/turfolie-glaswand-2-scheiben\/","og_site_name":"Sticker Deco","article_publisher":"https:\/\/www.facebook.com\/stickerdeco.fr\/","article_modified_time":"2026-03-14T09:43:31+00:00","og_image":[{"width":1000,"height":1000,"url":"https:\/\/stickerdeco.fr\/wp-content\/uploads\/2021\/04\/sticker-porte-verriere-2-vitres-00000-e1732704947528.jpg","type":"image\/jpeg"}],"twitter_card":"summary_large_image","twitter_misc":{"Verf\u00fcgbarkeit":"Auf Lager"},"schema":{"@context":"https:\/\/schema.org","@graph":[{"@type":"WebPage","@id":"https:\/\/stickerdeco.fr\/de\/produit\/turfolie-glaswand-2-scheiben\/","url":"https:\/\/stickerdeco.fr\/de\/produit\/turfolie-glaswand-2-scheiben\/","name":"T\u00fcrfolie Glaswand 2 Scheiben | T\u00fcrfolien | Stickerdeco.fr","isPartOf":{"@id":"https:\/\/stickerdeco.fr\/de\/#website"},"primaryImageOfPage":{"@id":"https:\/\/stickerdeco.fr\/de\/produit\/turfolie-glaswand-2-scheiben\/#primaryimage"},"image":{"@id":"https:\/\/stickerdeco.fr\/de\/produit\/turfolie-glaswand-2-scheiben\/#primaryimage"},"thumbnailUrl":"https:\/\/stickerdeco.fr\/wp-content\/uploads\/2021\/04\/sticker-porte-verriere-2-vitres-00000-e1732704947528.jpg","datePublished":"2021-04-01T08:01:57+00:00","dateModified":"2026-03-14T09:43:31+00:00","description":"Verleihen Sie Ihrem Zuhause mit dieser T\u00fcrfolie Glaswand 2 Scheiben einen besonderen Look. Hergestellt in Frankreich und in mehreren Gr\u00f6\u00dfen erh\u00e4ltlich.","breadcrumb":{"@id":"https:\/\/stickerdeco.fr\/de\/produit\/turfolie-glaswand-2-scheiben\/#breadcrumb"},"inLanguage":"de","potentialAction":[{"@type":"ReadAction","target":["https:\/\/stickerdeco.fr\/de\/produit\/turfolie-glaswand-2-scheiben\/"]}]},{"@type":"ImageObject","inLanguage":"de","@id":"https:\/\/stickerdeco.fr\/de\/produit\/turfolie-glaswand-2-scheiben\/#primaryimage","url":"https:\/\/stickerdeco.fr\/wp-content\/uploads\/2021\/04\/sticker-porte-verriere-2-vitres-00000-e1732704947528.jpg","contentUrl":"https:\/\/stickerdeco.fr\/wp-content\/uploads\/2021\/04\/sticker-porte-verriere-2-vitres-00000-e1732704947528.jpg","width":1000,"height":1000,"caption":"sticker-porte-verriere-2-vitres-0000"},{"@type":"BreadcrumbList","@id":"https:\/\/stickerdeco.fr\/de\/produit\/turfolie-glaswand-2-scheiben\/#breadcrumb","itemListElement":[{"@type":"ListItem","position":1,"name":"Accueil","item":"https:\/\/stickerdeco.fr\/de\/"},{"@type":"ListItem","position":2,"name":"Boutique","item":"https:\/\/stickerdeco.fr\/boutique\/"},{"@type":"ListItem","position":3,"name":"T\u00fcrfolie Glaswand 2 Scheiben"}]},{"@type":"WebSite","@id":"https:\/\/stickerdeco.fr\/de\/#website","url":"https:\/\/stickerdeco.fr\/de\/","name":"Sticker Deco","description":"Le Sticker Made In France","publisher":{"@id":"https:\/\/stickerdeco.fr\/de\/#organization"},"potentialAction":[{"@type":"SearchAction","target":{"@type":"EntryPoint","urlTemplate":"https:\/\/stickerdeco.fr\/de\/?s={search_term_string}"},"query-input":{"@type":"PropertyValueSpecification","valueRequired":true,"valueName":"search_term_string"}}],"inLanguage":"de"},{"@type":"Organization","@id":"https:\/\/stickerdeco.fr\/de\/#organization","name":"Sticker D\u00e9co","url":"https:\/\/stickerdeco.fr\/de\/","logo":{"@type":"ImageObject","inLanguage":"de","@id":"https:\/\/stickerdeco.fr\/de\/#\/schema\/logo\/image\/","url":"https:\/\/stickerdeco.fr\/wp-content\/uploads\/1987\/05\/stickerdeco-logo-v2-carre.png","contentUrl":"https:\/\/stickerdeco.fr\/wp-content\/uploads\/1987\/05\/stickerdeco-logo-v2-carre.png","width":1000,"height":1000,"caption":"Sticker D\u00e9co"},"image":{"@id":"https:\/\/stickerdeco.fr\/de\/#\/schema\/logo\/image\/"},"sameAs":["https:\/\/www.facebook.com\/stickerdeco.fr\/","https:\/\/www.instagram.com\/stickerdecofr\/","https:\/\/www.pinterest.fr\/stickerdecofr\/","https:\/\/www.youtube.com\/StickerDeco"],"email":"contact@stickerdeco.fr","telephone":"0980809233","legalName":"Sticker D\u00e9co"}]},"og_availability":"instock","product_availability":"instock","product_condition":"new"},"_links":{"self":[{"href":"https:\/\/stickerdeco.fr\/de\/wp-json\/wp\/v2\/product\/143158","targetHints":{"allow":["GET"]}}],"collection":[{"href":"https:\/\/stickerdeco.fr\/de\/wp-json\/wp\/v2\/product"}],"about":[{"href":"https:\/\/stickerdeco.fr\/de\/wp-json\/wp\/v2\/types\/product"}],"version-history":[{"count":1,"href":"https:\/\/stickerdeco.fr\/de\/wp-json\/wp\/v2\/product\/143158\/revisions"}],"predecessor-version":[{"id":143187,"href":"https:\/\/stickerdeco.fr\/de\/wp-json\/wp\/v2\/product\/143158\/revisions\/143187"}],"wp:featuredmedia":[{"embeddable":true,"href":"https:\/\/stickerdeco.fr\/de\/wp-json\/wp\/v2\/media\/143167"}],"wp:attachment":[{"href":"https:\/\/stickerdeco.fr\/de\/wp-json\/wp\/v2\/media?parent=143158"}],"wp:term":[{"taxonomy":"product_brand","embeddable":true,"href":"https:\/\/stickerdeco.fr\/de\/wp-json\/wp\/v2\/product_brand?post=143158"},{"taxonomy":"product_cat","embeddable":true,"href":"https:\/\/stickerdeco.fr\/de\/wp-json\/wp\/v2\/product_cat?post=143158"},{"taxonomy":"product_tag","embeddable":true,"href":"https:\/\/stickerdeco.fr\/de\/wp-json\/wp\/v2\/product_tag?post=143158"}],"curies":[{"name":"wp","href":"https:\/\/api.w.org\/{rel}","templated":true}]}}