{"id":143758,"date":"2022-10-25T15:37:12","date_gmt":"2022-10-25T13:37:12","guid":{"rendered":"https:\/\/stickerdeco.fr\/produit\/turfolie-bordeaux-wein\/"},"modified":"2026-03-14T10:44:07","modified_gmt":"2026-03-14T09:44:07","slug":"turfolie-bordeaux-wein","status":"publish","type":"product","link":"https:\/\/stickerdeco.fr\/de\/produit\/turfolie-bordeaux-wein\/","title":{"rendered":"T\u00fcrfolie Bordeaux-Wein"},"content":{"rendered":"<div class=\"wpb-content-wrapper\"><p>[vc_row][vc_column][vc_column_text]<\/p>\n<h2><span style=\"font-size: 14pt;\"><strong>T\u00fcrfolie Bordeaux-Wein<\/strong><\/span><\/h2>\n<p><span style=\"font-size: 11pt;\">M\u00f6chten Sie Ihre <strong>Inneneinrichtung<\/strong> ver\u00e4ndern? Dann ist diese wundersch\u00f6ne <strong>T\u00fcrfolie Bordeaux-Wein<\/strong> genau das Richtige f\u00fcr Sie! Kein Zweifel: Diese <strong>T\u00fcrfolie Bordeaux-Wein<\/strong> wird Sie dank unserer hochwertigen Vinyl-Wandfolie begeistern. Sie ist <strong>einfach anzubringen.<\/strong> Mit diesem Sticker wird das <strong>Personalisieren Ihres Zuhauses<\/strong> jetzt ganz leicht!<\/span><\/p>\n<p><span style=\"font-size: 11pt;\">Jedes <strong>Wanddekor<\/strong>-Element ist unabh\u00e4ngig und <strong>kann separat angebracht werden<\/strong>. So haben Sie maximale Freiheit beim Anbringen Ihres <strong>Wandaufklebers<\/strong> \u2013 lassen Sie Ihrer Seele als <strong>Innendekorateur<\/strong> freien Lauf!<\/span><\/p>\n<h3><span style=\"font-size: 14pt;\"><strong>T\u00fcrfolie<\/strong><\/span><\/h3>\n<p><span style=\"font-size: 11pt;\">Sie w\u00fcnschen sich einen einzigartigen Look f\u00fcr Ihre T\u00fcren? Dann ist diese <strong>T\u00fcrfolie Bordeaux-Wein<\/strong> genau richtig f\u00fcr Sie! Kein Zweifel: Diese <strong>T\u00fcrfolie Bordeaux-Wein<\/strong> wird Sie begeistern. Sie ist <strong>leicht anzubringen<\/strong> \u2013 kinderleicht!<\/span><\/p>\n<p><span style=\"font-size: 11pt;\">Unsere <strong>T\u00fcrfolien<\/strong> werden in einer einzigen Bahn geliefert, also in einem St\u00fcck. Ergebnis: Keine \u00dcberg\u00e4nge, f\u00fcr eine einfache Anbringung! Mit <a href=\"https:\/\/stickerdeco.fr\/de\/cat\/tursticker\/\"><strong>T\u00fcrfolien<\/strong><\/a> schaffen Sie eine <strong>originelle<\/strong> und individuelle Dekoration in Ihrem Zuhause. Viele Stilrichtungen und Designs sind im Shop von Sticker D\u00e9co erh\u00e4ltlich. Ob 3D-Effekt, <a href=\"https:\/\/stickerdeco.fr\/de\/tag\/sticker-holzoptik\/\">Holzoptik<\/a> oder Stahloptik \u2013 Ihre T\u00fcr erh\u00e4lt garantiert einen beeindruckenden <a href=\"https:\/\/stickerdeco.fr\/de\/tag\/sticker-trompe-loeil\/\"><strong>Trompe-l\u2019\u0153il<\/strong><\/a>-Effekt.<\/span><\/p>\n<h3><span style=\"font-size: 14pt;\"><strong>Ein Sticker in sehr hoher Qualit\u00e4t<\/strong><\/span><\/h3>\n<p><span style=\"font-size: 11pt;\">Wir drucken unsere <strong>Wandaufkleber<\/strong> in HQ-Vierfarbdruck auf widerstandsf\u00e4hige Polymer-<strong>Klebefolie<\/strong> mit strukturierter Klebeschicht. Diese <strong>innovative Technologie<\/strong> sorgt f\u00fcr eine gute Haltbarkeit des <strong>Vinylen<\/strong> \u00fcber lange Zeit (Polymerkleber) sowie f\u00fcr eine <strong>blasenfreie Anbringung<\/strong> (strukturierter Kleber). Die <strong>Klebefolie<\/strong> bleibt dennoch relativ d\u00fcnn, mit <strong>einer St\u00e4rke von weniger als 0,2 mm<\/strong> (180\u00b5m).<\/span><\/p>\n<h3><span style=\"font-size: 14pt;\"><strong>Wie dekoriert man sein Zuhause?<\/strong><\/span><\/h3>\n<p><span style=\"font-size: 11pt;\">Gef\u00e4llt Ihnen diese <strong>T\u00fcrfolie Bordeaux-Wein<\/strong>? Sie lieben <strong>Wanddekor<\/strong> und m\u00f6chten Ihre R\u00e4ume harmonisch gestalten? Dann erg\u00e4nzen Sie Ihre Inneneinrichtung mit unseren <a href=\"\/?product_cat=sticker-salle-de-bains\"><strong>Badezimmer-Stickern<\/strong><\/a>, <a href=\"\/?product_cat=sticker-salon\"><strong>Wohnzimmer-Stickern<\/strong><\/a>, <a href=\"https:\/\/stickerdeco.fr\/de\/cat\/wandsticker\/kuchensticker\/\"><strong>K\u00fcchen-Stickern<\/strong><\/a> oder unseren <a href=\"https:\/\/stickerdeco.fr\/de\/cat\/wandsticker\/wandsticker-schlafzimmer-erwachsene\/\"><strong>Schlafzimmer-Stickern<\/strong><\/a>.<\/span><\/p>\n<h3><span style=\"font-size: 14pt;\"><strong><a href=\"https:\/\/www.stickerdeco.fr\/\">StickerDeco.fr<\/a> \u2013 Tausende Produkte!<\/strong><\/span><\/h3>\n<p>Die Sticker werden in unseren R\u00e4umen in der \u00cele-de-France gedruckt und sind <strong>Made in France<\/strong>. W\u00e4hlen Sie Ihr Modell aus Kategorien wie:<\/p>\n<ul>\n<li class=\"active\"><a href=\"\/?product_cat=stickers-muraux-animaux\"><strong>Tier-Sticker<\/strong><\/a><\/li>\n<li><strong><a href=\"\/?product_cat=stickers-muraux-fleurs\">Blumen-Sticker<\/a><\/strong><\/li>\n<li><strong><a href=\"\/?product_cat=stickers-muraux-mangas-et-cartoons\">Manga-Sticker<\/a><\/strong> und vieles mehr!<\/li>\n<\/ul>\n<p><span style=\"font-size: 14pt; color: #d64444;\"><strong>SEHR HOCHWERTIGE KLEBEFOLIE = EINFACHE ANBRINGUNG, BLASENFREI GARANTIERT<\/strong><\/span>[\/vc_column_text][\/vc_column][\/vc_row]<\/p>\n<\/div>","protected":false},"excerpt":{"rendered":"<p>Man muss kein \u00d6nologe sein, um dieses Trompe-l\u2019\u0153il zu sch\u00e4tzen, das den roten Bordeaux-Wein in den Mittelpunkt stellt. Verleihen Sie Ihrem Zuhause neuen Stil mit einer <strong>T\u00fcrfolie Bordeaux-Wein.<\/strong><\/p>\n<p>Entdecken Sie auf unserer Website das Modell <strong>T\u00fcrfolie<\/strong>, das Sie begeistern wird!<\/p>\n<p>Hergestellt in Frankreich.<\/p>\n","protected":false},"featured_media":143761,"template":"","meta":[],"product_brand":[],"product_cat":[4671,4643,4647],"product_tag":[5428,5426,5427,6194,6180,5994,5992,5993,6168,5425,5990,5988,5989,5991],"class_list":{"0":"post-143758","1":"product","2":"type-product","3":"status-publish","4":"has-post-thumbnail","6":"product_cat-tursticker","7":"product_cat-wandsticker-schlafzimmer-erwachsene","8":"product_cat-wohnzimmersticker","9":"product_tag-promos","10":"product_tag-sticker-frankreich","11":"product_tag-sticker-nos-regions","12":"product_tag-sticker-regionen","13":"product_tag-sticker-tur-badezimmer","14":"product_tag-sticker-tur-chambre","15":"product_tag-sticker-tur-kuche","16":"product_tag-sticker-tur-salon","17":"product_tag-sticker-tur-trompe-loeil","18":"product_tag-sticker-vin","19":"product_tag-stickers-tur-83-x-204-cm","20":"product_tag-tursticker-63-x-204-cm","21":"product_tag-tursticker-73-x-204-cm","22":"product_tag-tursticker-93-x-204-cm","24":"first","25":"instock","26":"sale","27":"taxable","28":"shipping-taxable","29":"purchasable","30":"product-type-variable"},"etheme_brands":{"errors":{"invalid_taxonomy":["Die Taxonomie ist ung\u00fcltig."]},"error_data":[]},"yoast_head":"<!-- This site is optimized with the Yoast SEO Premium plugin v27.3 (Yoast SEO v27.3) - https:\/\/yoast.com\/product\/yoast-seo-premium-wordpress\/ -->\n<title>T\u00fcrfolie Bordeaux-Wein | T\u00fcrfolien | StickerDeco.fr<\/title>\n<meta name=\"description\" content=\"Diese T\u00fcrfolie Bordeaux-Wein ist wie f\u00fcr Sie gemacht. Ob Kenner oder Einsteiger: R\u00fccken Sie Bordeaux-Wein in Ihrer Dekoration in den Mittelpunkt.\" \/>\n<meta name=\"robots\" content=\"index, follow, max-snippet:-1, max-image-preview:large, max-video-preview:-1\" \/>\n<link rel=\"canonical\" href=\"https:\/\/stickerdeco.fr\/de\/produit\/turfolie-bordeaux-wein\/\" \/>\n<meta property=\"og:locale\" content=\"de_DE\" \/>\n<meta property=\"og:type\" content=\"article\" \/>\n<meta property=\"og:title\" content=\"T\u00fcrfolie Bordeaux-Wein\" \/>\n<meta property=\"og:description\" content=\"Diese T\u00fcrfolie Bordeaux-Wein ist wie f\u00fcr Sie gemacht. Ob Kenner oder Einsteiger: R\u00fccken Sie Bordeaux-Wein in Ihrer Dekoration in den Mittelpunkt.\" \/>\n<meta property=\"og:url\" content=\"https:\/\/stickerdeco.fr\/de\/produit\/turfolie-bordeaux-wein\/\" \/>\n<meta property=\"og:site_name\" content=\"Sticker Deco\" \/>\n<meta property=\"article:publisher\" content=\"https:\/\/www.facebook.com\/stickerdeco.fr\/\" \/>\n<meta property=\"article:modified_time\" content=\"2026-03-14T09:44:07+00:00\" \/>\n<meta property=\"og:image\" content=\"https:\/\/stickerdeco.fr\/wp-content\/uploads\/2022\/10\/sticker-porte-vin-de-bordeaux-04.jpg\" \/>\n\t<meta property=\"og:image:width\" content=\"1000\" \/>\n\t<meta property=\"og:image:height\" content=\"1000\" \/>\n\t<meta property=\"og:image:type\" content=\"image\/jpeg\" \/>\n<meta name=\"twitter:card\" content=\"summary_large_image\" \/>\n<meta name=\"twitter:label1\" content=\"Verf\u00fcgbarkeit\" \/>\n\t<meta name=\"twitter:data1\" content=\"Auf Lager\" \/>\n<script type=\"application\/ld+json\" class=\"yoast-schema-graph\">{\"@context\":\"https:\\\/\\\/schema.org\",\"@graph\":[{\"@type\":\"WebPage\",\"@id\":\"https:\\\/\\\/stickerdeco.fr\\\/de\\\/produit\\\/turfolie-bordeaux-wein\\\/\",\"url\":\"https:\\\/\\\/stickerdeco.fr\\\/de\\\/produit\\\/turfolie-bordeaux-wein\\\/\",\"name\":\"T\u00fcrfolie Bordeaux-Wein | T\u00fcrfolien | StickerDeco.fr\",\"isPartOf\":{\"@id\":\"https:\\\/\\\/stickerdeco.fr\\\/de\\\/#website\"},\"primaryImageOfPage\":{\"@id\":\"https:\\\/\\\/stickerdeco.fr\\\/de\\\/produit\\\/turfolie-bordeaux-wein\\\/#primaryimage\"},\"image\":{\"@id\":\"https:\\\/\\\/stickerdeco.fr\\\/de\\\/produit\\\/turfolie-bordeaux-wein\\\/#primaryimage\"},\"thumbnailUrl\":\"https:\\\/\\\/stickerdeco.fr\\\/wp-content\\\/uploads\\\/2022\\\/10\\\/sticker-porte-vin-de-bordeaux-04.jpg\",\"datePublished\":\"2022-10-25T13:37:12+00:00\",\"dateModified\":\"2026-03-14T09:44:07+00:00\",\"description\":\"Diese T\u00fcrfolie Bordeaux-Wein ist wie f\u00fcr Sie gemacht. Ob Kenner oder Einsteiger: R\u00fccken Sie Bordeaux-Wein in Ihrer Dekoration in den Mittelpunkt.\",\"breadcrumb\":{\"@id\":\"https:\\\/\\\/stickerdeco.fr\\\/de\\\/produit\\\/turfolie-bordeaux-wein\\\/#breadcrumb\"},\"inLanguage\":\"de\",\"potentialAction\":[{\"@type\":\"ReadAction\",\"target\":[\"https:\\\/\\\/stickerdeco.fr\\\/de\\\/produit\\\/turfolie-bordeaux-wein\\\/\"]}]},{\"@type\":\"ImageObject\",\"inLanguage\":\"de\",\"@id\":\"https:\\\/\\\/stickerdeco.fr\\\/de\\\/produit\\\/turfolie-bordeaux-wein\\\/#primaryimage\",\"url\":\"https:\\\/\\\/stickerdeco.fr\\\/wp-content\\\/uploads\\\/2022\\\/10\\\/sticker-porte-vin-de-bordeaux-04.jpg\",\"contentUrl\":\"https:\\\/\\\/stickerdeco.fr\\\/wp-content\\\/uploads\\\/2022\\\/10\\\/sticker-porte-vin-de-bordeaux-04.jpg\",\"width\":1000,\"height\":1000,\"caption\":\"T\u00fcrfolie Bordeaux-Wein\"},{\"@type\":\"BreadcrumbList\",\"@id\":\"https:\\\/\\\/stickerdeco.fr\\\/de\\\/produit\\\/turfolie-bordeaux-wein\\\/#breadcrumb\",\"itemListElement\":[{\"@type\":\"ListItem\",\"position\":1,\"name\":\"Accueil\",\"item\":\"https:\\\/\\\/stickerdeco.fr\\\/de\\\/\"},{\"@type\":\"ListItem\",\"position\":2,\"name\":\"Boutique\",\"item\":\"https:\\\/\\\/stickerdeco.fr\\\/boutique\\\/\"},{\"@type\":\"ListItem\",\"position\":3,\"name\":\"T\u00fcrfolie Bordeaux-Wein\"}]},{\"@type\":\"WebSite\",\"@id\":\"https:\\\/\\\/stickerdeco.fr\\\/de\\\/#website\",\"url\":\"https:\\\/\\\/stickerdeco.fr\\\/de\\\/\",\"name\":\"Sticker Deco\",\"description\":\"Le Sticker Made In France\",\"publisher\":{\"@id\":\"https:\\\/\\\/stickerdeco.fr\\\/de\\\/#organization\"},\"potentialAction\":[{\"@type\":\"SearchAction\",\"target\":{\"@type\":\"EntryPoint\",\"urlTemplate\":\"https:\\\/\\\/stickerdeco.fr\\\/de\\\/?s={search_term_string}\"},\"query-input\":{\"@type\":\"PropertyValueSpecification\",\"valueRequired\":true,\"valueName\":\"search_term_string\"}}],\"inLanguage\":\"de\"},{\"@type\":\"Organization\",\"@id\":\"https:\\\/\\\/stickerdeco.fr\\\/de\\\/#organization\",\"name\":\"Sticker D\u00e9co\",\"url\":\"https:\\\/\\\/stickerdeco.fr\\\/de\\\/\",\"logo\":{\"@type\":\"ImageObject\",\"inLanguage\":\"de\",\"@id\":\"https:\\\/\\\/stickerdeco.fr\\\/de\\\/#\\\/schema\\\/logo\\\/image\\\/\",\"url\":\"https:\\\/\\\/stickerdeco.fr\\\/wp-content\\\/uploads\\\/1987\\\/05\\\/stickerdeco-logo-v2-carre.png\",\"contentUrl\":\"https:\\\/\\\/stickerdeco.fr\\\/wp-content\\\/uploads\\\/1987\\\/05\\\/stickerdeco-logo-v2-carre.png\",\"width\":1000,\"height\":1000,\"caption\":\"Sticker D\u00e9co\"},\"image\":{\"@id\":\"https:\\\/\\\/stickerdeco.fr\\\/de\\\/#\\\/schema\\\/logo\\\/image\\\/\"},\"sameAs\":[\"https:\\\/\\\/www.facebook.com\\\/stickerdeco.fr\\\/\",\"https:\\\/\\\/www.instagram.com\\\/stickerdecofr\\\/\",\"https:\\\/\\\/www.pinterest.fr\\\/stickerdecofr\\\/\",\"https:\\\/\\\/www.youtube.com\\\/StickerDeco\"],\"email\":\"contact@stickerdeco.fr\",\"telephone\":\"0980809233\",\"legalName\":\"Sticker D\u00e9co\"}]}<\/script>\n<meta property=\"og:availability\" content=\"instock\" \/>\n<meta property=\"product:availability\" content=\"instock\" \/>\n<meta property=\"product:condition\" content=\"new\" \/>\n<!-- \/ Yoast SEO Premium plugin. -->","yoast_head_json":{"title":"T\u00fcrfolie Bordeaux-Wein | T\u00fcrfolien | StickerDeco.fr","description":"Diese T\u00fcrfolie Bordeaux-Wein ist wie f\u00fcr Sie gemacht. Ob Kenner oder Einsteiger: R\u00fccken Sie Bordeaux-Wein in Ihrer Dekoration in den Mittelpunkt.","robots":{"index":"index","follow":"follow","max-snippet":"max-snippet:-1","max-image-preview":"max-image-preview:large","max-video-preview":"max-video-preview:-1"},"canonical":"https:\/\/stickerdeco.fr\/de\/produit\/turfolie-bordeaux-wein\/","og_locale":"de_DE","og_type":"article","og_title":"T\u00fcrfolie Bordeaux-Wein","og_description":"Diese T\u00fcrfolie Bordeaux-Wein ist wie f\u00fcr Sie gemacht. Ob Kenner oder Einsteiger: R\u00fccken Sie Bordeaux-Wein in Ihrer Dekoration in den Mittelpunkt.","og_url":"https:\/\/stickerdeco.fr\/de\/produit\/turfolie-bordeaux-wein\/","og_site_name":"Sticker Deco","article_publisher":"https:\/\/www.facebook.com\/stickerdeco.fr\/","article_modified_time":"2026-03-14T09:44:07+00:00","og_image":[{"width":1000,"height":1000,"url":"https:\/\/stickerdeco.fr\/wp-content\/uploads\/2022\/10\/sticker-porte-vin-de-bordeaux-04.jpg","type":"image\/jpeg"}],"twitter_card":"summary_large_image","twitter_misc":{"Verf\u00fcgbarkeit":"Auf Lager"},"schema":{"@context":"https:\/\/schema.org","@graph":[{"@type":"WebPage","@id":"https:\/\/stickerdeco.fr\/de\/produit\/turfolie-bordeaux-wein\/","url":"https:\/\/stickerdeco.fr\/de\/produit\/turfolie-bordeaux-wein\/","name":"T\u00fcrfolie Bordeaux-Wein | T\u00fcrfolien | StickerDeco.fr","isPartOf":{"@id":"https:\/\/stickerdeco.fr\/de\/#website"},"primaryImageOfPage":{"@id":"https:\/\/stickerdeco.fr\/de\/produit\/turfolie-bordeaux-wein\/#primaryimage"},"image":{"@id":"https:\/\/stickerdeco.fr\/de\/produit\/turfolie-bordeaux-wein\/#primaryimage"},"thumbnailUrl":"https:\/\/stickerdeco.fr\/wp-content\/uploads\/2022\/10\/sticker-porte-vin-de-bordeaux-04.jpg","datePublished":"2022-10-25T13:37:12+00:00","dateModified":"2026-03-14T09:44:07+00:00","description":"Diese T\u00fcrfolie Bordeaux-Wein ist wie f\u00fcr Sie gemacht. Ob Kenner oder Einsteiger: R\u00fccken Sie Bordeaux-Wein in Ihrer Dekoration in den Mittelpunkt.","breadcrumb":{"@id":"https:\/\/stickerdeco.fr\/de\/produit\/turfolie-bordeaux-wein\/#breadcrumb"},"inLanguage":"de","potentialAction":[{"@type":"ReadAction","target":["https:\/\/stickerdeco.fr\/de\/produit\/turfolie-bordeaux-wein\/"]}]},{"@type":"ImageObject","inLanguage":"de","@id":"https:\/\/stickerdeco.fr\/de\/produit\/turfolie-bordeaux-wein\/#primaryimage","url":"https:\/\/stickerdeco.fr\/wp-content\/uploads\/2022\/10\/sticker-porte-vin-de-bordeaux-04.jpg","contentUrl":"https:\/\/stickerdeco.fr\/wp-content\/uploads\/2022\/10\/sticker-porte-vin-de-bordeaux-04.jpg","width":1000,"height":1000,"caption":"T\u00fcrfolie Bordeaux-Wein"},{"@type":"BreadcrumbList","@id":"https:\/\/stickerdeco.fr\/de\/produit\/turfolie-bordeaux-wein\/#breadcrumb","itemListElement":[{"@type":"ListItem","position":1,"name":"Accueil","item":"https:\/\/stickerdeco.fr\/de\/"},{"@type":"ListItem","position":2,"name":"Boutique","item":"https:\/\/stickerdeco.fr\/boutique\/"},{"@type":"ListItem","position":3,"name":"T\u00fcrfolie Bordeaux-Wein"}]},{"@type":"WebSite","@id":"https:\/\/stickerdeco.fr\/de\/#website","url":"https:\/\/stickerdeco.fr\/de\/","name":"Sticker Deco","description":"Le Sticker Made In France","publisher":{"@id":"https:\/\/stickerdeco.fr\/de\/#organization"},"potentialAction":[{"@type":"SearchAction","target":{"@type":"EntryPoint","urlTemplate":"https:\/\/stickerdeco.fr\/de\/?s={search_term_string}"},"query-input":{"@type":"PropertyValueSpecification","valueRequired":true,"valueName":"search_term_string"}}],"inLanguage":"de"},{"@type":"Organization","@id":"https:\/\/stickerdeco.fr\/de\/#organization","name":"Sticker D\u00e9co","url":"https:\/\/stickerdeco.fr\/de\/","logo":{"@type":"ImageObject","inLanguage":"de","@id":"https:\/\/stickerdeco.fr\/de\/#\/schema\/logo\/image\/","url":"https:\/\/stickerdeco.fr\/wp-content\/uploads\/1987\/05\/stickerdeco-logo-v2-carre.png","contentUrl":"https:\/\/stickerdeco.fr\/wp-content\/uploads\/1987\/05\/stickerdeco-logo-v2-carre.png","width":1000,"height":1000,"caption":"Sticker D\u00e9co"},"image":{"@id":"https:\/\/stickerdeco.fr\/de\/#\/schema\/logo\/image\/"},"sameAs":["https:\/\/www.facebook.com\/stickerdeco.fr\/","https:\/\/www.instagram.com\/stickerdecofr\/","https:\/\/www.pinterest.fr\/stickerdecofr\/","https:\/\/www.youtube.com\/StickerDeco"],"email":"contact@stickerdeco.fr","telephone":"0980809233","legalName":"Sticker D\u00e9co"}]},"og_availability":"instock","product_availability":"instock","product_condition":"new"},"_links":{"self":[{"href":"https:\/\/stickerdeco.fr\/de\/wp-json\/wp\/v2\/product\/143758","targetHints":{"allow":["GET"]}}],"collection":[{"href":"https:\/\/stickerdeco.fr\/de\/wp-json\/wp\/v2\/product"}],"about":[{"href":"https:\/\/stickerdeco.fr\/de\/wp-json\/wp\/v2\/types\/product"}],"version-history":[{"count":24,"href":"https:\/\/stickerdeco.fr\/de\/wp-json\/wp\/v2\/product\/143758\/revisions"}],"predecessor-version":[{"id":144053,"href":"https:\/\/stickerdeco.fr\/de\/wp-json\/wp\/v2\/product\/143758\/revisions\/144053"}],"wp:featuredmedia":[{"embeddable":true,"href":"https:\/\/stickerdeco.fr\/de\/wp-json\/wp\/v2\/media\/143761"}],"wp:attachment":[{"href":"https:\/\/stickerdeco.fr\/de\/wp-json\/wp\/v2\/media?parent=143758"}],"wp:term":[{"taxonomy":"product_brand","embeddable":true,"href":"https:\/\/stickerdeco.fr\/de\/wp-json\/wp\/v2\/product_brand?post=143758"},{"taxonomy":"product_cat","embeddable":true,"href":"https:\/\/stickerdeco.fr\/de\/wp-json\/wp\/v2\/product_cat?post=143758"},{"taxonomy":"product_tag","embeddable":true,"href":"https:\/\/stickerdeco.fr\/de\/wp-json\/wp\/v2\/product_tag?post=143758"}],"curies":[{"name":"wp","href":"https:\/\/api.w.org\/{rel}","templated":true}]}}