{"id":144642,"date":"2020-02-12T10:14:54","date_gmt":"2020-02-12T09:14:54","guid":{"rendered":"https:\/\/stickerdeco.fr\/produit\/tuerfolie-strandsilhouette\/"},"modified":"2026-03-14T11:13:13","modified_gmt":"2026-03-14T10:13:13","slug":"tuerfolie-strandsilhouette","status":"publish","type":"product","link":"https:\/\/stickerdeco.fr\/de\/produit\/tuerfolie-strandsilhouette\/","title":{"rendered":"T\u00fcrfolie Strandsilhouette"},"content":{"rendered":"<div class=\"wpb-content-wrapper\"><p>[vc_row][vc_column][vc_column_text]<\/p>\n<h2><span style=\"font-size: 14pt;\"><strong>T\u00fcrfolie Strandsilhouette<\/strong><\/span><\/h2>\n<p><span style=\"font-size: 11pt;\">M\u00f6chten Sie Ihre <strong>Inneneinrichtung<\/strong> ver\u00e4ndern? Dann ist diese wundersch\u00f6ne <strong>T\u00fcrfolie Strandsilhouette<\/strong> genau das Richtige f\u00fcr Sie! Kein Zweifel: Diese <strong>T\u00fcrfolie Strandsilhouette<\/strong> wird Sie dank unserer hochwertigen Vinyl-Wandfolie begeistern. Sie ist <strong>leicht anzubringen.<\/strong> Mit diesem Sticker ist es jetzt ganz einfach, <strong>Ihren Innenraum individuell zu gestalten<\/strong>!<\/span><\/p>\n<p><span style=\"font-size: 11pt;\">Jede <strong>Wanddekoration<\/strong> ist unabh\u00e4ngig und <strong>kann separat angebracht werden<\/strong>. So haben Sie maximale Freiheit bei der Anbringung Ihres <strong>Wandstickers<\/strong> \u2013 lassen Sie Ihrer Kreativit\u00e4t freien Lauf!<\/span><\/p>\n<h3><span style=\"font-size: 14pt;\"><strong>Die T\u00fcrfolie<\/strong><\/span><\/h3>\n<p><span style=\"font-size: 11pt;\">Sie m\u00f6chten Ihren T\u00fcren einen einzigartigen Stil verleihen? Dann ist diese <strong>T\u00fcrfolie Strandsilhouette<\/strong> genau das Richtige f\u00fcr Sie! Kein Zweifel: Diese <strong>T\u00fcrfolie Strandsilhouette<\/strong> wird Sie \u00fcberzeugen. Sie ist <strong>leicht anzubringen<\/strong> \u2013 kinderleicht!<\/span><\/p>\n<p><span style=\"font-size: 11pt;\">Unsere <strong>T\u00fcrfolien<\/strong> werden in einem einzigen Bogen geliefert, also aus einem St\u00fcck. Das Ergebnis: keine \u00dcberg\u00e4nge, f\u00fcr eine besonders einfache Anbringung! Mit <a href=\"https:\/\/stickerdeco.fr\/de\/cat\/tursticker\/\"><strong>T\u00fcrfolien<\/strong><\/a> erzielen Sie eine <strong>originelle Dekoration<\/strong> und eine individuelle Gestaltung in Ihrem Zuhause. Im Shop von Sticker D\u00e9co finden Sie viele Stile und Designs. Ob 3D-Effekt, <a href=\"https:\/\/stickerdeco.fr\/de\/tag\/sticker-holzoptik\/\">Holzoptik<\/a> oder Stahlt\u00fcr-Look \u2013 Ihre T\u00fcr erh\u00e4lt garantiert einen beeindruckenden <a href=\"https:\/\/stickerdeco.fr\/de\/tag\/sticker-trompe-loeil\/\"><strong>Trompe-l\u2019\u0153il-Effekt<\/strong><\/a>.<\/span><\/p>\n<h3><span style=\"font-size: 14pt;\"><strong>Ein Sticker in sehr hoher Qualit\u00e4t<\/strong><\/span><\/h3>\n<p><span style=\"font-size: 11pt;\">Wir drucken unsere <strong>Wandsticker<\/strong> in HQ-Vierfarbdruck auf widerstandsf\u00e4hige polymere <strong>Folie<\/strong> mit strukturierter Klebeschicht. Diese <strong>innovative Technologie<\/strong> sorgt f\u00fcr eine lange Haltbarkeit des <strong>Vinylen<\/strong> im Laufe der Zeit sowie f\u00fcr eine <strong>blasenfreie Anbringung<\/strong>. Die <strong>Folie<\/strong> bleibt dennoch relativ d\u00fcnn, mit <strong>einer St\u00e4rke von weniger als 0,2 mm<\/strong> (180 \u00b5m).<\/span><\/p>\n<h3><span style=\"font-size: 14pt;\"><strong>Wie dekoriert man sein Zuhause?<\/strong><\/span><\/h3>\n<p><span style=\"font-size: 11pt;\">Gef\u00e4llt Ihnen diese <strong>T\u00fcrfolie Strandsilhouette<\/strong>? Sind Sie Fan von <strong>Wanddekoration<\/strong> und m\u00f6chten Ihre R\u00e4ume aufeinander abstimmen? Dann erg\u00e4nzen Sie Ihre Inneneinrichtung mit unseren <a href=\"\/?product_cat=sticker-salle-de-bains\"><strong>Badezimmer-Stickern<\/strong><\/a>, <a href=\"\/?product_cat=sticker-salon\"><strong>Wohnzimmer-Stickern<\/strong><\/a>, <a href=\"https:\/\/stickerdeco.fr\/de\/cat\/wandsticker\/kuchensticker\/\"><strong>K\u00fcchen-Stickern<\/strong><\/a> oder unseren <a href=\"https:\/\/stickerdeco.fr\/de\/cat\/wandsticker\/wandsticker-schlafzimmer-erwachsene\/\"><strong>Schlafzimmer-Stickern<\/strong><\/a>.<\/span><\/p>\n<h3><span style=\"font-size: 14pt;\"><strong><a href=\"https:\/\/www.stickerdeco.fr\/\">StickerDeco.fr<\/a> \u2013 tausende Produkte!<\/strong><\/span><\/h3>\n<p><span style=\"font-size: 11pt;\">Der Druck der Sticker erfolgt in unseren R\u00e4umlichkeiten in der \u00cele-de-France und ist <strong>Made in France<\/strong>. W\u00e4hlen Sie Ihren Favoriten aus den folgenden Kategorien:<\/span><\/p>\n<ul>\n<li><span style=\"font-size: 11pt;\"><a href=\"\/?product_cat=stickers-muraux-animaux\"><strong>Tiersticker<\/strong><\/a>, <\/span><\/li>\n<li><span style=\"font-size: 11pt;\"><strong><a href=\"\/?product_cat=stickers-muraux-fleurs\">Blumensticker<\/a><\/strong>, <\/span><\/li>\n<li><span style=\"font-size: 11pt;\"><strong><a href=\"\/?product_cat=stickers-muraux-mangas-et-cartoons\">Manga-Sticker<\/a><\/strong> und vieles mehr!<\/span><\/li>\n<\/ul>\n<p><span style=\"font-size: 14pt; color: #d64444;\"><strong>SEHR HOCHWERTIGE FOLIE = EINFACHE ANBRINGUNG, BLASENFREIE GARANTIE<\/strong><\/span>[\/vc_column_text][\/vc_column][\/vc_row]<\/p>\n<\/div>","protected":false},"excerpt":{"rendered":"<p>M\u00f6chten Sie Ihren T\u00fcren eine sommerliche und romantische Dekoration verleihen? Dann ist diese <strong>T\u00fcrfolie Strandsilhouette<\/strong> genau das Richtige f\u00fcr Sie! Holen Sie mit dieser <strong>Trompe-l\u2019\u0153il-T\u00fcrfolie<\/strong> die W\u00e4rme und Sanftheit des Sommers in Ihr Zuhause. Diese T\u00fcrfolie zeigt einen Strand am Abend mit einer Frau, die dem Meer zugewandt steht. Sie verleiht Tiefe und l\u00e4sst Ihre R\u00e4ume gr\u00f6\u00dfer wirken.<\/p>\n<p><strong>Produkteigenschaften:<\/strong><\/p>\n<ul class=\"product-short-desc-list\">\n<li>T\u00fcrfolie: einfache, blasenfreie Anbringung<\/li>\n<li>In einem St\u00fcck geliefert: kein m\u00fchsames Zusammenf\u00fcgen oder zus\u00e4tzliches Kleben n\u00f6tig<\/li>\n<li>Laminierte Oberfl\u00e4che mit matter Optik: edles Finish, geringe Reflexion und hohe Haltbarkeit<\/li>\n<li>Geeignet f\u00fcr glatte Oberfl\u00e4chen (lackierte\/laminierte T\u00fcren, Kunststoff, Glas usw.)<\/li>\n<li>Leicht zu reinigen, abwaschbar und spritzwassergesch\u00fctzt<\/li>\n<li>Euroklasse B-s1,d0 (entspr. M1 in Frankreich)<\/li>\n<li>\u00d6kologischer Druck UL ECOLOGO\u00ae und UL GREENGUARD Gold: emissionsarm und geruchsfrei, geeignet f\u00fcr empfindliche Innenr\u00e4ume<\/li>\n<\/ul>\n","protected":false},"featured_media":144643,"template":"","meta":[],"product_brand":[],"product_cat":[4671],"product_tag":[5430,5396,5375,5363,6180,5994,6169,6170,5993,6168,6057,5990,5988,5989,5991],"class_list":{"0":"post-144642","1":"product","2":"type-product","3":"status-publish","4":"has-post-thumbnail","6":"product_cat-tursticker","7":"product_tag-sticker-meer","8":"product_tag-sticker-plage","9":"product_tag-sticker-sommer","10":"product_tag-sticker-trompe-loeil","11":"product_tag-sticker-tur-badezimmer","12":"product_tag-sticker-tur-chambre","13":"product_tag-sticker-tur-paysage","14":"product_tag-sticker-tur-plage","15":"product_tag-sticker-tur-salon","16":"product_tag-sticker-tur-trompe-loeil","17":"product_tag-sticker-welle","18":"product_tag-stickers-tur-83-x-204-cm","19":"product_tag-tursticker-63-x-204-cm","20":"product_tag-tursticker-73-x-204-cm","21":"product_tag-tursticker-93-x-204-cm","23":"first","24":"instock","25":"sale","26":"taxable","27":"shipping-taxable","28":"purchasable","29":"product-type-variable"},"etheme_brands":{"errors":{"invalid_taxonomy":["Die Taxonomie ist ung\u00fcltig."]},"error_data":[]},"yoast_head":"<!-- This site is optimized with the Yoast SEO Premium plugin v27.3 (Yoast SEO v27.3) - https:\/\/yoast.com\/product\/yoast-seo-premium-wordpress\/ -->\n<title>T\u00fcrfolie Strandsilhouette | T\u00fcrfolien | StickerDeco.fr<\/title>\n<meta name=\"description\" content=\"Setzen Sie auf eine preiswerte Trompe-l\u2019\u0153il-Dekoration mit dieser T\u00fcrfolie Strandsilhouette! Unsere Folien werden in Frankreich hergestellt.\" \/>\n<meta name=\"robots\" content=\"index, follow, max-snippet:-1, max-image-preview:large, max-video-preview:-1\" \/>\n<link rel=\"canonical\" href=\"https:\/\/stickerdeco.fr\/de\/produit\/tuerfolie-strandsilhouette\/\" \/>\n<meta property=\"og:locale\" content=\"de_DE\" \/>\n<meta property=\"og:type\" content=\"article\" \/>\n<meta property=\"og:title\" content=\"T\u00fcrfolie Strandsilhouette\" \/>\n<meta property=\"og:description\" content=\"Setzen Sie auf eine preiswerte Trompe-l\u2019\u0153il-Dekoration mit dieser T\u00fcrfolie Strandsilhouette! Unsere Folien werden in Frankreich hergestellt.\" \/>\n<meta property=\"og:url\" content=\"https:\/\/stickerdeco.fr\/de\/produit\/tuerfolie-strandsilhouette\/\" \/>\n<meta property=\"og:site_name\" content=\"Sticker Deco\" \/>\n<meta property=\"article:publisher\" content=\"https:\/\/www.facebook.com\/stickerdeco.fr\/\" \/>\n<meta property=\"article:modified_time\" content=\"2026-03-14T10:13:13+00:00\" \/>\n<meta property=\"og:image\" content=\"https:\/\/stickerdeco.fr\/wp-content\/uploads\/2020\/02\/sticker-porte-silhouette-plage-000.jpg\" \/>\n\t<meta property=\"og:image:width\" content=\"1000\" \/>\n\t<meta property=\"og:image:height\" content=\"1000\" \/>\n\t<meta property=\"og:image:type\" content=\"image\/jpeg\" \/>\n<meta name=\"twitter:card\" content=\"summary_large_image\" \/>\n<meta name=\"twitter:label1\" content=\"Verf\u00fcgbarkeit\" \/>\n\t<meta name=\"twitter:data1\" content=\"Auf Lager\" \/>\n<script type=\"application\/ld+json\" class=\"yoast-schema-graph\">{\"@context\":\"https:\\\/\\\/schema.org\",\"@graph\":[{\"@type\":\"WebPage\",\"@id\":\"https:\\\/\\\/stickerdeco.fr\\\/de\\\/produit\\\/tuerfolie-strandsilhouette\\\/\",\"url\":\"https:\\\/\\\/stickerdeco.fr\\\/de\\\/produit\\\/tuerfolie-strandsilhouette\\\/\",\"name\":\"T\u00fcrfolie Strandsilhouette | T\u00fcrfolien | StickerDeco.fr\",\"isPartOf\":{\"@id\":\"https:\\\/\\\/stickerdeco.fr\\\/de\\\/#website\"},\"primaryImageOfPage\":{\"@id\":\"https:\\\/\\\/stickerdeco.fr\\\/de\\\/produit\\\/tuerfolie-strandsilhouette\\\/#primaryimage\"},\"image\":{\"@id\":\"https:\\\/\\\/stickerdeco.fr\\\/de\\\/produit\\\/tuerfolie-strandsilhouette\\\/#primaryimage\"},\"thumbnailUrl\":\"https:\\\/\\\/stickerdeco.fr\\\/wp-content\\\/uploads\\\/2020\\\/02\\\/sticker-porte-silhouette-plage-000.jpg\",\"datePublished\":\"2020-02-12T09:14:54+00:00\",\"dateModified\":\"2026-03-14T10:13:13+00:00\",\"description\":\"Setzen Sie auf eine preiswerte Trompe-l\u2019\u0153il-Dekoration mit dieser T\u00fcrfolie Strandsilhouette! Unsere Folien werden in Frankreich hergestellt.\",\"breadcrumb\":{\"@id\":\"https:\\\/\\\/stickerdeco.fr\\\/de\\\/produit\\\/tuerfolie-strandsilhouette\\\/#breadcrumb\"},\"inLanguage\":\"de\",\"potentialAction\":[{\"@type\":\"ReadAction\",\"target\":[\"https:\\\/\\\/stickerdeco.fr\\\/de\\\/produit\\\/tuerfolie-strandsilhouette\\\/\"]}]},{\"@type\":\"ImageObject\",\"inLanguage\":\"de\",\"@id\":\"https:\\\/\\\/stickerdeco.fr\\\/de\\\/produit\\\/tuerfolie-strandsilhouette\\\/#primaryimage\",\"url\":\"https:\\\/\\\/stickerdeco.fr\\\/wp-content\\\/uploads\\\/2020\\\/02\\\/sticker-porte-silhouette-plage-000.jpg\",\"contentUrl\":\"https:\\\/\\\/stickerdeco.fr\\\/wp-content\\\/uploads\\\/2020\\\/02\\\/sticker-porte-silhouette-plage-000.jpg\",\"width\":1000,\"height\":1000,\"caption\":\"T\u00fcrfolie Strandsilhouette\"},{\"@type\":\"BreadcrumbList\",\"@id\":\"https:\\\/\\\/stickerdeco.fr\\\/de\\\/produit\\\/tuerfolie-strandsilhouette\\\/#breadcrumb\",\"itemListElement\":[{\"@type\":\"ListItem\",\"position\":1,\"name\":\"Accueil\",\"item\":\"https:\\\/\\\/stickerdeco.fr\\\/de\\\/\"},{\"@type\":\"ListItem\",\"position\":2,\"name\":\"Boutique\",\"item\":\"https:\\\/\\\/stickerdeco.fr\\\/boutique\\\/\"},{\"@type\":\"ListItem\",\"position\":3,\"name\":\"T\u00fcrfolie Strandsilhouette\"}]},{\"@type\":\"WebSite\",\"@id\":\"https:\\\/\\\/stickerdeco.fr\\\/de\\\/#website\",\"url\":\"https:\\\/\\\/stickerdeco.fr\\\/de\\\/\",\"name\":\"Sticker Deco\",\"description\":\"Le Sticker Made In France\",\"publisher\":{\"@id\":\"https:\\\/\\\/stickerdeco.fr\\\/de\\\/#organization\"},\"potentialAction\":[{\"@type\":\"SearchAction\",\"target\":{\"@type\":\"EntryPoint\",\"urlTemplate\":\"https:\\\/\\\/stickerdeco.fr\\\/de\\\/?s={search_term_string}\"},\"query-input\":{\"@type\":\"PropertyValueSpecification\",\"valueRequired\":true,\"valueName\":\"search_term_string\"}}],\"inLanguage\":\"de\"},{\"@type\":\"Organization\",\"@id\":\"https:\\\/\\\/stickerdeco.fr\\\/de\\\/#organization\",\"name\":\"Sticker D\u00e9co\",\"url\":\"https:\\\/\\\/stickerdeco.fr\\\/de\\\/\",\"logo\":{\"@type\":\"ImageObject\",\"inLanguage\":\"de\",\"@id\":\"https:\\\/\\\/stickerdeco.fr\\\/de\\\/#\\\/schema\\\/logo\\\/image\\\/\",\"url\":\"https:\\\/\\\/stickerdeco.fr\\\/wp-content\\\/uploads\\\/1987\\\/05\\\/stickerdeco-logo-v2-carre.png\",\"contentUrl\":\"https:\\\/\\\/stickerdeco.fr\\\/wp-content\\\/uploads\\\/1987\\\/05\\\/stickerdeco-logo-v2-carre.png\",\"width\":1000,\"height\":1000,\"caption\":\"Sticker D\u00e9co\"},\"image\":{\"@id\":\"https:\\\/\\\/stickerdeco.fr\\\/de\\\/#\\\/schema\\\/logo\\\/image\\\/\"},\"sameAs\":[\"https:\\\/\\\/www.facebook.com\\\/stickerdeco.fr\\\/\",\"https:\\\/\\\/www.instagram.com\\\/stickerdecofr\\\/\",\"https:\\\/\\\/www.pinterest.fr\\\/stickerdecofr\\\/\",\"https:\\\/\\\/www.youtube.com\\\/StickerDeco\"],\"email\":\"contact@stickerdeco.fr\",\"telephone\":\"0980809233\",\"legalName\":\"Sticker D\u00e9co\"}]}<\/script>\n<meta property=\"og:availability\" content=\"instock\" \/>\n<meta property=\"product:availability\" content=\"instock\" \/>\n<meta property=\"product:condition\" content=\"new\" \/>\n<!-- \/ Yoast SEO Premium plugin. -->","yoast_head_json":{"title":"T\u00fcrfolie Strandsilhouette | T\u00fcrfolien | StickerDeco.fr","description":"Setzen Sie auf eine preiswerte Trompe-l\u2019\u0153il-Dekoration mit dieser T\u00fcrfolie Strandsilhouette! Unsere Folien werden in Frankreich hergestellt.","robots":{"index":"index","follow":"follow","max-snippet":"max-snippet:-1","max-image-preview":"max-image-preview:large","max-video-preview":"max-video-preview:-1"},"canonical":"https:\/\/stickerdeco.fr\/de\/produit\/tuerfolie-strandsilhouette\/","og_locale":"de_DE","og_type":"article","og_title":"T\u00fcrfolie Strandsilhouette","og_description":"Setzen Sie auf eine preiswerte Trompe-l\u2019\u0153il-Dekoration mit dieser T\u00fcrfolie Strandsilhouette! Unsere Folien werden in Frankreich hergestellt.","og_url":"https:\/\/stickerdeco.fr\/de\/produit\/tuerfolie-strandsilhouette\/","og_site_name":"Sticker Deco","article_publisher":"https:\/\/www.facebook.com\/stickerdeco.fr\/","article_modified_time":"2026-03-14T10:13:13+00:00","og_image":[{"width":1000,"height":1000,"url":"https:\/\/stickerdeco.fr\/wp-content\/uploads\/2020\/02\/sticker-porte-silhouette-plage-000.jpg","type":"image\/jpeg"}],"twitter_card":"summary_large_image","twitter_misc":{"Verf\u00fcgbarkeit":"Auf Lager"},"schema":{"@context":"https:\/\/schema.org","@graph":[{"@type":"WebPage","@id":"https:\/\/stickerdeco.fr\/de\/produit\/tuerfolie-strandsilhouette\/","url":"https:\/\/stickerdeco.fr\/de\/produit\/tuerfolie-strandsilhouette\/","name":"T\u00fcrfolie Strandsilhouette | T\u00fcrfolien | StickerDeco.fr","isPartOf":{"@id":"https:\/\/stickerdeco.fr\/de\/#website"},"primaryImageOfPage":{"@id":"https:\/\/stickerdeco.fr\/de\/produit\/tuerfolie-strandsilhouette\/#primaryimage"},"image":{"@id":"https:\/\/stickerdeco.fr\/de\/produit\/tuerfolie-strandsilhouette\/#primaryimage"},"thumbnailUrl":"https:\/\/stickerdeco.fr\/wp-content\/uploads\/2020\/02\/sticker-porte-silhouette-plage-000.jpg","datePublished":"2020-02-12T09:14:54+00:00","dateModified":"2026-03-14T10:13:13+00:00","description":"Setzen Sie auf eine preiswerte Trompe-l\u2019\u0153il-Dekoration mit dieser T\u00fcrfolie Strandsilhouette! Unsere Folien werden in Frankreich hergestellt.","breadcrumb":{"@id":"https:\/\/stickerdeco.fr\/de\/produit\/tuerfolie-strandsilhouette\/#breadcrumb"},"inLanguage":"de","potentialAction":[{"@type":"ReadAction","target":["https:\/\/stickerdeco.fr\/de\/produit\/tuerfolie-strandsilhouette\/"]}]},{"@type":"ImageObject","inLanguage":"de","@id":"https:\/\/stickerdeco.fr\/de\/produit\/tuerfolie-strandsilhouette\/#primaryimage","url":"https:\/\/stickerdeco.fr\/wp-content\/uploads\/2020\/02\/sticker-porte-silhouette-plage-000.jpg","contentUrl":"https:\/\/stickerdeco.fr\/wp-content\/uploads\/2020\/02\/sticker-porte-silhouette-plage-000.jpg","width":1000,"height":1000,"caption":"T\u00fcrfolie Strandsilhouette"},{"@type":"BreadcrumbList","@id":"https:\/\/stickerdeco.fr\/de\/produit\/tuerfolie-strandsilhouette\/#breadcrumb","itemListElement":[{"@type":"ListItem","position":1,"name":"Accueil","item":"https:\/\/stickerdeco.fr\/de\/"},{"@type":"ListItem","position":2,"name":"Boutique","item":"https:\/\/stickerdeco.fr\/boutique\/"},{"@type":"ListItem","position":3,"name":"T\u00fcrfolie Strandsilhouette"}]},{"@type":"WebSite","@id":"https:\/\/stickerdeco.fr\/de\/#website","url":"https:\/\/stickerdeco.fr\/de\/","name":"Sticker Deco","description":"Le Sticker Made In France","publisher":{"@id":"https:\/\/stickerdeco.fr\/de\/#organization"},"potentialAction":[{"@type":"SearchAction","target":{"@type":"EntryPoint","urlTemplate":"https:\/\/stickerdeco.fr\/de\/?s={search_term_string}"},"query-input":{"@type":"PropertyValueSpecification","valueRequired":true,"valueName":"search_term_string"}}],"inLanguage":"de"},{"@type":"Organization","@id":"https:\/\/stickerdeco.fr\/de\/#organization","name":"Sticker D\u00e9co","url":"https:\/\/stickerdeco.fr\/de\/","logo":{"@type":"ImageObject","inLanguage":"de","@id":"https:\/\/stickerdeco.fr\/de\/#\/schema\/logo\/image\/","url":"https:\/\/stickerdeco.fr\/wp-content\/uploads\/1987\/05\/stickerdeco-logo-v2-carre.png","contentUrl":"https:\/\/stickerdeco.fr\/wp-content\/uploads\/1987\/05\/stickerdeco-logo-v2-carre.png","width":1000,"height":1000,"caption":"Sticker D\u00e9co"},"image":{"@id":"https:\/\/stickerdeco.fr\/de\/#\/schema\/logo\/image\/"},"sameAs":["https:\/\/www.facebook.com\/stickerdeco.fr\/","https:\/\/www.instagram.com\/stickerdecofr\/","https:\/\/www.pinterest.fr\/stickerdecofr\/","https:\/\/www.youtube.com\/StickerDeco"],"email":"contact@stickerdeco.fr","telephone":"0980809233","legalName":"Sticker D\u00e9co"}]},"og_availability":"instock","product_availability":"instock","product_condition":"new"},"_links":{"self":[{"href":"https:\/\/stickerdeco.fr\/de\/wp-json\/wp\/v2\/product\/144642","targetHints":{"allow":["GET"]}}],"collection":[{"href":"https:\/\/stickerdeco.fr\/de\/wp-json\/wp\/v2\/product"}],"about":[{"href":"https:\/\/stickerdeco.fr\/de\/wp-json\/wp\/v2\/types\/product"}],"version-history":[{"count":1,"href":"https:\/\/stickerdeco.fr\/de\/wp-json\/wp\/v2\/product\/144642\/revisions"}],"predecessor-version":[{"id":144663,"href":"https:\/\/stickerdeco.fr\/de\/wp-json\/wp\/v2\/product\/144642\/revisions\/144663"}],"wp:featuredmedia":[{"embeddable":true,"href":"https:\/\/stickerdeco.fr\/de\/wp-json\/wp\/v2\/media\/144643"}],"wp:attachment":[{"href":"https:\/\/stickerdeco.fr\/de\/wp-json\/wp\/v2\/media?parent=144642"}],"wp:term":[{"taxonomy":"product_brand","embeddable":true,"href":"https:\/\/stickerdeco.fr\/de\/wp-json\/wp\/v2\/product_brand?post=144642"},{"taxonomy":"product_cat","embeddable":true,"href":"https:\/\/stickerdeco.fr\/de\/wp-json\/wp\/v2\/product_cat?post=144642"},{"taxonomy":"product_tag","embeddable":true,"href":"https:\/\/stickerdeco.fr\/de\/wp-json\/wp\/v2\/product_tag?post=144642"}],"curies":[{"name":"wp","href":"https:\/\/api.w.org\/{rel}","templated":true}]}}