{"id":145082,"date":"2023-01-13T10:36:51","date_gmt":"2023-01-13T09:36:51","guid":{"rendered":"https:\/\/stickerdeco.fr\/produit\/turfolie-abtei-mont-saint-michel\/"},"modified":"2026-03-15T07:56:19","modified_gmt":"2026-03-15T06:56:19","slug":"turfolie-abtei-mont-saint-michel","status":"publish","type":"product","link":"https:\/\/stickerdeco.fr\/de\/produit\/turfolie-abtei-mont-saint-michel\/","title":{"rendered":"T\u00fcrfolie Abtei Mont-Saint-Michel"},"content":{"rendered":"<div class=\"wpb-content-wrapper\"><p>[vc_row][vc_column][vc_column_text]<br \/>\nGedruckt in unseren R\u00e4umlichkeiten in der Region Paris sind unsere Sticker . W\u00e4hlen Sie Ihren Favoriten aus Kategorien wie:[\/vc_column_text][\/vc_column][\/vc_row]<\/p>\n<\/div>","protected":false},"excerpt":{"rendered":"<p>Sie m\u00fcssen nicht verreisen: Der Mont-Saint-Michel kommt zu Ihnen nach Hause. Versch\u00f6nern Sie Ihr Zuhause mit dieser <\/p>\n<p>Entdecken Sie auf unserer Website das -Modell, das perfekt zu Ihnen passt.<\/p>\n<p>Made in France.<\/p>\n","protected":false},"featured_media":145083,"template":"","meta":[],"product_brand":[],"product_cat":[4671,4643,4647],"product_tag":[5426,5427,6194,6180,5994,5992,5993,6168,5990,5988,5989,5991],"class_list":{"0":"post-145082","1":"product","2":"type-product","3":"status-publish","4":"has-post-thumbnail","6":"product_cat-tursticker","7":"product_cat-wandsticker-schlafzimmer-erwachsene","8":"product_cat-wohnzimmersticker","9":"product_tag-sticker-frankreich","10":"product_tag-sticker-nos-regions","11":"product_tag-sticker-regionen","12":"product_tag-sticker-tur-badezimmer","13":"product_tag-sticker-tur-chambre","14":"product_tag-sticker-tur-kuche","15":"product_tag-sticker-tur-salon","16":"product_tag-sticker-tur-trompe-loeil","17":"product_tag-stickers-tur-83-x-204-cm","18":"product_tag-tursticker-63-x-204-cm","19":"product_tag-tursticker-73-x-204-cm","20":"product_tag-tursticker-93-x-204-cm","22":"first","23":"instock","24":"sale","25":"taxable","26":"shipping-taxable","27":"purchasable","28":"product-type-variable"},"etheme_brands":{"errors":{"invalid_taxonomy":["Die Taxonomie ist ung\u00fcltig."]},"error_data":[]},"yoast_head":"<!-- This site is optimized with the Yoast SEO Premium plugin v27.3 (Yoast SEO v27.3) - https:\/\/yoast.com\/product\/yoast-seo-premium-wordpress\/ -->\n<title>T\u00fcrfolie Abtei Mont-Saint-Michel | T\u00fcrfolien | StickerDeco.fr<\/title>\n<meta name=\"description\" content=\"Diese T\u00fcrfolie Abtei Mont-Saint-Michel ist wie f\u00fcr Sie gemacht. Holen Sie sich die ikonische Architektur des Mont-Saint-Michel mit einer hochwertigen T\u00fcrfolie Made in France nach Hause.\" \/>\n<meta name=\"robots\" content=\"index, follow, max-snippet:-1, max-image-preview:large, max-video-preview:-1\" \/>\n<link rel=\"canonical\" href=\"https:\/\/stickerdeco.fr\/de\/produit\/turfolie-abtei-mont-saint-michel\/\" \/>\n<meta property=\"og:locale\" content=\"de_DE\" \/>\n<meta property=\"og:type\" content=\"article\" \/>\n<meta property=\"og:title\" content=\"T\u00fcrfolie Abtei Mont-Saint-Michel\" \/>\n<meta property=\"og:description\" content=\"Diese T\u00fcrfolie Abtei Mont-Saint-Michel ist wie f\u00fcr Sie gemacht. Holen Sie sich die ikonische Architektur des Mont-Saint-Michel mit einer hochwertigen T\u00fcrfolie Made in France nach Hause.\" \/>\n<meta property=\"og:url\" content=\"https:\/\/stickerdeco.fr\/de\/produit\/turfolie-abtei-mont-saint-michel\/\" \/>\n<meta property=\"og:site_name\" content=\"Sticker Deco\" \/>\n<meta property=\"article:publisher\" content=\"https:\/\/www.facebook.com\/stickerdeco.fr\/\" \/>\n<meta property=\"article:modified_time\" content=\"2026-03-15T06:56:19+00:00\" \/>\n<meta property=\"og:image\" content=\"https:\/\/stickerdeco.fr\/wp-content\/uploads\/2023\/01\/sticker-porte-abbaye-du-mont-saint-michel-00.jpg\" \/>\n\t<meta property=\"og:image:width\" content=\"1000\" \/>\n\t<meta property=\"og:image:height\" content=\"1000\" \/>\n\t<meta property=\"og:image:type\" content=\"image\/jpeg\" \/>\n<meta name=\"twitter:card\" content=\"summary_large_image\" \/>\n<meta name=\"twitter:label1\" content=\"Verf\u00fcgbarkeit\" \/>\n\t<meta name=\"twitter:data1\" content=\"Auf Lager\" \/>\n<script type=\"application\/ld+json\" class=\"yoast-schema-graph\">{\"@context\":\"https:\\\/\\\/schema.org\",\"@graph\":[{\"@type\":\"WebPage\",\"@id\":\"https:\\\/\\\/stickerdeco.fr\\\/de\\\/produit\\\/turfolie-abtei-mont-saint-michel\\\/\",\"url\":\"https:\\\/\\\/stickerdeco.fr\\\/de\\\/produit\\\/turfolie-abtei-mont-saint-michel\\\/\",\"name\":\"T\u00fcrfolie Abtei Mont-Saint-Michel | T\u00fcrfolien | StickerDeco.fr\",\"isPartOf\":{\"@id\":\"https:\\\/\\\/stickerdeco.fr\\\/de\\\/#website\"},\"primaryImageOfPage\":{\"@id\":\"https:\\\/\\\/stickerdeco.fr\\\/de\\\/produit\\\/turfolie-abtei-mont-saint-michel\\\/#primaryimage\"},\"image\":{\"@id\":\"https:\\\/\\\/stickerdeco.fr\\\/de\\\/produit\\\/turfolie-abtei-mont-saint-michel\\\/#primaryimage\"},\"thumbnailUrl\":\"https:\\\/\\\/stickerdeco.fr\\\/wp-content\\\/uploads\\\/2023\\\/01\\\/sticker-porte-abbaye-du-mont-saint-michel-00.jpg\",\"datePublished\":\"2023-01-13T09:36:51+00:00\",\"dateModified\":\"2026-03-15T06:56:19+00:00\",\"description\":\"Diese T\u00fcrfolie Abtei Mont-Saint-Michel ist wie f\u00fcr Sie gemacht. Holen Sie sich die ikonische Architektur des Mont-Saint-Michel mit einer hochwertigen T\u00fcrfolie Made in France nach Hause.\",\"breadcrumb\":{\"@id\":\"https:\\\/\\\/stickerdeco.fr\\\/de\\\/produit\\\/turfolie-abtei-mont-saint-michel\\\/#breadcrumb\"},\"inLanguage\":\"de\",\"potentialAction\":[{\"@type\":\"ReadAction\",\"target\":[\"https:\\\/\\\/stickerdeco.fr\\\/de\\\/produit\\\/turfolie-abtei-mont-saint-michel\\\/\"]}]},{\"@type\":\"ImageObject\",\"inLanguage\":\"de\",\"@id\":\"https:\\\/\\\/stickerdeco.fr\\\/de\\\/produit\\\/turfolie-abtei-mont-saint-michel\\\/#primaryimage\",\"url\":\"https:\\\/\\\/stickerdeco.fr\\\/wp-content\\\/uploads\\\/2023\\\/01\\\/sticker-porte-abbaye-du-mont-saint-michel-00.jpg\",\"contentUrl\":\"https:\\\/\\\/stickerdeco.fr\\\/wp-content\\\/uploads\\\/2023\\\/01\\\/sticker-porte-abbaye-du-mont-saint-michel-00.jpg\",\"width\":1000,\"height\":1000,\"caption\":\"T\u00fcrfolie Abtei Mont-Saint-Michel\"},{\"@type\":\"BreadcrumbList\",\"@id\":\"https:\\\/\\\/stickerdeco.fr\\\/de\\\/produit\\\/turfolie-abtei-mont-saint-michel\\\/#breadcrumb\",\"itemListElement\":[{\"@type\":\"ListItem\",\"position\":1,\"name\":\"Accueil\",\"item\":\"https:\\\/\\\/stickerdeco.fr\\\/de\\\/\"},{\"@type\":\"ListItem\",\"position\":2,\"name\":\"Boutique\",\"item\":\"https:\\\/\\\/stickerdeco.fr\\\/boutique\\\/\"},{\"@type\":\"ListItem\",\"position\":3,\"name\":\"T\u00fcrfolie Abtei Mont-Saint-Michel\"}]},{\"@type\":\"WebSite\",\"@id\":\"https:\\\/\\\/stickerdeco.fr\\\/de\\\/#website\",\"url\":\"https:\\\/\\\/stickerdeco.fr\\\/de\\\/\",\"name\":\"Sticker Deco\",\"description\":\"Le Sticker Made In France\",\"publisher\":{\"@id\":\"https:\\\/\\\/stickerdeco.fr\\\/de\\\/#organization\"},\"potentialAction\":[{\"@type\":\"SearchAction\",\"target\":{\"@type\":\"EntryPoint\",\"urlTemplate\":\"https:\\\/\\\/stickerdeco.fr\\\/de\\\/?s={search_term_string}\"},\"query-input\":{\"@type\":\"PropertyValueSpecification\",\"valueRequired\":true,\"valueName\":\"search_term_string\"}}],\"inLanguage\":\"de\"},{\"@type\":\"Organization\",\"@id\":\"https:\\\/\\\/stickerdeco.fr\\\/de\\\/#organization\",\"name\":\"Sticker D\u00e9co\",\"url\":\"https:\\\/\\\/stickerdeco.fr\\\/de\\\/\",\"logo\":{\"@type\":\"ImageObject\",\"inLanguage\":\"de\",\"@id\":\"https:\\\/\\\/stickerdeco.fr\\\/de\\\/#\\\/schema\\\/logo\\\/image\\\/\",\"url\":\"https:\\\/\\\/stickerdeco.fr\\\/wp-content\\\/uploads\\\/1987\\\/05\\\/stickerdeco-logo-v2-carre.png\",\"contentUrl\":\"https:\\\/\\\/stickerdeco.fr\\\/wp-content\\\/uploads\\\/1987\\\/05\\\/stickerdeco-logo-v2-carre.png\",\"width\":1000,\"height\":1000,\"caption\":\"Sticker D\u00e9co\"},\"image\":{\"@id\":\"https:\\\/\\\/stickerdeco.fr\\\/de\\\/#\\\/schema\\\/logo\\\/image\\\/\"},\"sameAs\":[\"https:\\\/\\\/www.facebook.com\\\/stickerdeco.fr\\\/\",\"https:\\\/\\\/www.instagram.com\\\/stickerdecofr\\\/\",\"https:\\\/\\\/www.pinterest.fr\\\/stickerdecofr\\\/\",\"https:\\\/\\\/www.youtube.com\\\/StickerDeco\"],\"email\":\"contact@stickerdeco.fr\",\"telephone\":\"0980809233\",\"legalName\":\"Sticker D\u00e9co\"}]}<\/script>\n<meta property=\"og:availability\" content=\"instock\" \/>\n<meta property=\"product:availability\" content=\"instock\" \/>\n<meta property=\"product:condition\" content=\"new\" \/>\n<!-- \/ Yoast SEO Premium plugin. -->","yoast_head_json":{"title":"T\u00fcrfolie Abtei Mont-Saint-Michel | T\u00fcrfolien | StickerDeco.fr","description":"Diese T\u00fcrfolie Abtei Mont-Saint-Michel ist wie f\u00fcr Sie gemacht. Holen Sie sich die ikonische Architektur des Mont-Saint-Michel mit einer hochwertigen T\u00fcrfolie Made in France nach Hause.","robots":{"index":"index","follow":"follow","max-snippet":"max-snippet:-1","max-image-preview":"max-image-preview:large","max-video-preview":"max-video-preview:-1"},"canonical":"https:\/\/stickerdeco.fr\/de\/produit\/turfolie-abtei-mont-saint-michel\/","og_locale":"de_DE","og_type":"article","og_title":"T\u00fcrfolie Abtei Mont-Saint-Michel","og_description":"Diese T\u00fcrfolie Abtei Mont-Saint-Michel ist wie f\u00fcr Sie gemacht. Holen Sie sich die ikonische Architektur des Mont-Saint-Michel mit einer hochwertigen T\u00fcrfolie Made in France nach Hause.","og_url":"https:\/\/stickerdeco.fr\/de\/produit\/turfolie-abtei-mont-saint-michel\/","og_site_name":"Sticker Deco","article_publisher":"https:\/\/www.facebook.com\/stickerdeco.fr\/","article_modified_time":"2026-03-15T06:56:19+00:00","og_image":[{"width":1000,"height":1000,"url":"https:\/\/stickerdeco.fr\/wp-content\/uploads\/2023\/01\/sticker-porte-abbaye-du-mont-saint-michel-00.jpg","type":"image\/jpeg"}],"twitter_card":"summary_large_image","twitter_misc":{"Verf\u00fcgbarkeit":"Auf Lager"},"schema":{"@context":"https:\/\/schema.org","@graph":[{"@type":"WebPage","@id":"https:\/\/stickerdeco.fr\/de\/produit\/turfolie-abtei-mont-saint-michel\/","url":"https:\/\/stickerdeco.fr\/de\/produit\/turfolie-abtei-mont-saint-michel\/","name":"T\u00fcrfolie Abtei Mont-Saint-Michel | T\u00fcrfolien | StickerDeco.fr","isPartOf":{"@id":"https:\/\/stickerdeco.fr\/de\/#website"},"primaryImageOfPage":{"@id":"https:\/\/stickerdeco.fr\/de\/produit\/turfolie-abtei-mont-saint-michel\/#primaryimage"},"image":{"@id":"https:\/\/stickerdeco.fr\/de\/produit\/turfolie-abtei-mont-saint-michel\/#primaryimage"},"thumbnailUrl":"https:\/\/stickerdeco.fr\/wp-content\/uploads\/2023\/01\/sticker-porte-abbaye-du-mont-saint-michel-00.jpg","datePublished":"2023-01-13T09:36:51+00:00","dateModified":"2026-03-15T06:56:19+00:00","description":"Diese T\u00fcrfolie Abtei Mont-Saint-Michel ist wie f\u00fcr Sie gemacht. Holen Sie sich die ikonische Architektur des Mont-Saint-Michel mit einer hochwertigen T\u00fcrfolie Made in France nach Hause.","breadcrumb":{"@id":"https:\/\/stickerdeco.fr\/de\/produit\/turfolie-abtei-mont-saint-michel\/#breadcrumb"},"inLanguage":"de","potentialAction":[{"@type":"ReadAction","target":["https:\/\/stickerdeco.fr\/de\/produit\/turfolie-abtei-mont-saint-michel\/"]}]},{"@type":"ImageObject","inLanguage":"de","@id":"https:\/\/stickerdeco.fr\/de\/produit\/turfolie-abtei-mont-saint-michel\/#primaryimage","url":"https:\/\/stickerdeco.fr\/wp-content\/uploads\/2023\/01\/sticker-porte-abbaye-du-mont-saint-michel-00.jpg","contentUrl":"https:\/\/stickerdeco.fr\/wp-content\/uploads\/2023\/01\/sticker-porte-abbaye-du-mont-saint-michel-00.jpg","width":1000,"height":1000,"caption":"T\u00fcrfolie Abtei Mont-Saint-Michel"},{"@type":"BreadcrumbList","@id":"https:\/\/stickerdeco.fr\/de\/produit\/turfolie-abtei-mont-saint-michel\/#breadcrumb","itemListElement":[{"@type":"ListItem","position":1,"name":"Accueil","item":"https:\/\/stickerdeco.fr\/de\/"},{"@type":"ListItem","position":2,"name":"Boutique","item":"https:\/\/stickerdeco.fr\/boutique\/"},{"@type":"ListItem","position":3,"name":"T\u00fcrfolie Abtei Mont-Saint-Michel"}]},{"@type":"WebSite","@id":"https:\/\/stickerdeco.fr\/de\/#website","url":"https:\/\/stickerdeco.fr\/de\/","name":"Sticker Deco","description":"Le Sticker Made In France","publisher":{"@id":"https:\/\/stickerdeco.fr\/de\/#organization"},"potentialAction":[{"@type":"SearchAction","target":{"@type":"EntryPoint","urlTemplate":"https:\/\/stickerdeco.fr\/de\/?s={search_term_string}"},"query-input":{"@type":"PropertyValueSpecification","valueRequired":true,"valueName":"search_term_string"}}],"inLanguage":"de"},{"@type":"Organization","@id":"https:\/\/stickerdeco.fr\/de\/#organization","name":"Sticker D\u00e9co","url":"https:\/\/stickerdeco.fr\/de\/","logo":{"@type":"ImageObject","inLanguage":"de","@id":"https:\/\/stickerdeco.fr\/de\/#\/schema\/logo\/image\/","url":"https:\/\/stickerdeco.fr\/wp-content\/uploads\/1987\/05\/stickerdeco-logo-v2-carre.png","contentUrl":"https:\/\/stickerdeco.fr\/wp-content\/uploads\/1987\/05\/stickerdeco-logo-v2-carre.png","width":1000,"height":1000,"caption":"Sticker D\u00e9co"},"image":{"@id":"https:\/\/stickerdeco.fr\/de\/#\/schema\/logo\/image\/"},"sameAs":["https:\/\/www.facebook.com\/stickerdeco.fr\/","https:\/\/www.instagram.com\/stickerdecofr\/","https:\/\/www.pinterest.fr\/stickerdecofr\/","https:\/\/www.youtube.com\/StickerDeco"],"email":"contact@stickerdeco.fr","telephone":"0980809233","legalName":"Sticker D\u00e9co"}]},"og_availability":"instock","product_availability":"instock","product_condition":"new"},"_links":{"self":[{"href":"https:\/\/stickerdeco.fr\/de\/wp-json\/wp\/v2\/product\/145082","targetHints":{"allow":["GET"]}}],"collection":[{"href":"https:\/\/stickerdeco.fr\/de\/wp-json\/wp\/v2\/product"}],"about":[{"href":"https:\/\/stickerdeco.fr\/de\/wp-json\/wp\/v2\/types\/product"}],"version-history":[{"count":62,"href":"https:\/\/stickerdeco.fr\/de\/wp-json\/wp\/v2\/product\/145082\/revisions"}],"predecessor-version":[{"id":145860,"href":"https:\/\/stickerdeco.fr\/de\/wp-json\/wp\/v2\/product\/145082\/revisions\/145860"}],"wp:featuredmedia":[{"embeddable":true,"href":"https:\/\/stickerdeco.fr\/de\/wp-json\/wp\/v2\/media\/145083"}],"wp:attachment":[{"href":"https:\/\/stickerdeco.fr\/de\/wp-json\/wp\/v2\/media?parent=145082"}],"wp:term":[{"taxonomy":"product_brand","embeddable":true,"href":"https:\/\/stickerdeco.fr\/de\/wp-json\/wp\/v2\/product_brand?post=145082"},{"taxonomy":"product_cat","embeddable":true,"href":"https:\/\/stickerdeco.fr\/de\/wp-json\/wp\/v2\/product_cat?post=145082"},{"taxonomy":"product_tag","embeddable":true,"href":"https:\/\/stickerdeco.fr\/de\/wp-json\/wp\/v2\/product_tag?post=145082"}],"curies":[{"name":"wp","href":"https:\/\/api.w.org\/{rel}","templated":true}]}}