{"id":123718,"date":"2023-11-27T10:57:58","date_gmt":"2023-11-27T09:57:58","guid":{"rendered":"https:\/\/stickerdeco.fr\/produit\/sticker-porte-manga-one-piece\/"},"modified":"2026-03-06T15:40:16","modified_gmt":"2026-03-06T14:40:16","slug":"sticker-porte-manga-one-piece","status":"publish","type":"product","link":"https:\/\/stickerdeco.fr\/en\/produit\/sticker-porte-manga-one-piece\/","title":{"rendered":"Door stickers Manga One Piece"},"content":{"rendered":"<div class=\"wpb-content-wrapper\"><p>[vc_row][vc_column][vc_column_text]<\/p>\n<h2><strong>Le Door stickers Manga One Piece<\/strong><\/h2>\n<p>Envie de <strong>redonner vie \u00e0 vos portes<\/strong> avec une touche <strong>unique et artistique<\/strong> ? Alors ne cherchez pas plus loin que notre <strong>Door stickers Manga One Piece<\/strong> ! Con\u00e7u pour <strong>transformer votre espace<\/strong> en un univers manga captivant, cet autocollant mural en vinyle de haute qualit\u00e9 promet de <strong>satisfaire vos envies<\/strong> de personnalisation.<\/p>\n<p>Chaque d\u00e9tail de ce <strong>Door stickers Manga One Piece<\/strong> est une \u0153uvre d&#8217;art et ces planches de dessin manga en noir et blanc cr\u00e9ent une d\u00e9coration murale dynamique et personnalis\u00e9e.<\/p>\n<h3><strong>Le Sticker Porte<\/strong><\/h3>\n<p>Vous souhaitez un style unique \u00e0 la d\u00e9co vos portes ? Alors cet autocollant <strong>Door stickers Manga One Piece<\/strong> est pour vous ! Vous avez la garantie que ce <strong>Door stickers Manga One Piece<\/strong> vous satisfera. Il est <strong>facile \u00e0 coller <\/strong>c&#8217;est un jeu d&#8217;enfant !<\/p>\n<p>Nos <strong>stickers portes<\/strong> sont livr\u00e9s en <strong>un seul l\u00e9<\/strong>, c&#8217;est \u00e0 dire en un seul morceau. R\u00e9sultat : Aucun raccord n\u00e9cessaire pour une pose facile ! En utilisant les <a href=\"https:\/\/stickerdeco.fr\/en\/cat\/door-stickers\/\"><strong>stickers pour porte<\/strong><\/a>, vous obtiendrez une <strong>d\u00e9coration originale<\/strong> et personnalis\u00e9e dans votre int\u00e9rieur.<br \/>\nPlusieurs style et design de disponible sur la boutique Sticker D\u00e9co. Que ce soit un effet 3d, une <a href=\"https:\/\/stickerdeco.fr\/en\/tag\/stickers-wood-effect\/\">imitation bois<\/a>, un paysage ou encore une porte en acier, votre porte aura \u00e0 coup sure un effet <a href=\"https:\/\/stickerdeco.fr\/en\/tag\/stickers-trompe-loeil\/\"><strong>trompe l\u2019\u0153il<\/strong><\/a> \u00e9patant.<\/p>\n<h3><strong>Un sticker de tr\u00e8s haute qualit\u00e9<\/strong><\/h3>\n<p>En effet, nous imprimons nos <strong>autocollants muraux<\/strong> en quadri HQ sur <strong>adh\u00e9sif<\/strong> polym\u00e8re <strong>r\u00e9sistant<\/strong> avec colle structur\u00e9e. Cette technologie <strong>\u00e0 la pointe de l&#8217;innovation<\/strong> permet une bonne tenue du <strong>vinyle<\/strong> dans le temps (colle polym\u00e8re) ainsi qu&#8217;une<strong> pose sans bulle<\/strong> (colle structur\u00e9e). <strong>L&#8217;adh\u00e9sif <\/strong>reste malgr\u00e9 tout relativement fin avec <strong>une \u00e9paisseur de moins de 0.2mm<\/strong> (180\u00b5m).<\/p>\n<h3><strong>Comment d\u00e9corer sa maison ?<\/strong><\/h3>\n<p>Vous aimez ce <strong>Door stickers Manga One Piece <\/strong>? Vous \u00eates fan de <strong>D\u00e9co Murale<\/strong> et vous souhaitez accorder vos pi\u00e8ces ? Alors, il faut compl\u00e9ter votre d\u00e9coration d\u2019int\u00e9rieur avec nos :<\/p>\n<ul>\n<li><a href=\"\/?product_cat=sticker-salle-de-bains\"><strong>Stickers Salle de bain<\/strong><\/a><\/li>\n<li><a href=\"\/?product_cat=sticker-salon\"><strong>Stickers Salon<\/strong><\/a><\/li>\n<li><a href=\"https:\/\/stickerdeco.fr\/en\/cat\/wall-stickers\/kitchen-stickers\/\"><strong>Stickers Cuisine<\/strong><\/a><\/li>\n<li>ou encore nos <a href=\"https:\/\/stickerdeco.fr\/en\/cat\/wall-stickers\/adult-bedroom-stickers\/\"><strong>Stickers Chambre<\/strong><\/a>.<\/li>\n<\/ul>\n<h3><strong><a href=\"https:\/\/www.stickerdeco.fr\/\">StickerDeco.fr<\/a> c\u2019est des milliers de produits !<\/strong><\/h3>\n<p>R\u00e9alis\u00e9e dans nos locaux en \u00cele-de-France, l\u2019impression des stickers est\u00a0<strong>Made In France<\/strong>. Choisissez le v\u00f4tre parmi les cat\u00e9gories :<\/p>\n<ul>\n<li class=\"active\"><a href=\"\/?product_cat=stickers-muraux-animaux\"><strong>Stickers Animaux<\/strong><\/a>,<\/li>\n<li><strong><a href=\"\/?product_cat=stickers-muraux-fleurs\">Stickers Fleurs<\/a><\/strong>,<\/li>\n<li><strong><a href=\"\/?product_cat=stickers-muraux-mangas-et-cartoons\">Stickers Mangas<\/a><\/strong>\u00a0et bien plus encore !<\/li>\n<\/ul>\n<p><strong>ADH\u00c9SIF TR\u00c8S HAUTE QUALIT\u00c9 = POSE FACILE, GARANTIE SANS BULLE<\/strong>[\/vc_column_text][\/vc_column][\/vc_row]<\/p>\n<\/div>","protected":false},"excerpt":{"rendered":"<p>Open the door to adventure with our <strong>Door stickers Manga One Piece<\/strong>.<\/p>\n<p>This masterpiece captures the epic spirit of the One Piece universe, turning every doorway into a seafaring escape.<\/p>\n<p>Easy to apply, this sticker instantly immerses you in the captivating world of <strong>Luffy and his crew<\/strong>.<\/p>\n<p>Add a touch of escapism to your everyday life with the <strong>Door stickers Manga One Piece<\/strong>.<\/p>\n","protected":false},"featured_media":123719,"template":"","meta":[],"product_brand":[],"product_cat":[4727,4700,4709],"product_tag":[6259,6260,6262,5732,6261,6445,6265,6467,6317],"class_list":{"0":"post-123718","1":"product","2":"type-product","3":"status-publish","4":"has-post-thumbnail","6":"product_cat-door-stickers","7":"product_cat-kids-room-stickers","8":"product_cat-manga-cartoon-stickers","9":"product_tag-door-stickers-63-x-204-cm","10":"product_tag-door-stickers-73-x-204-cm","11":"product_tag-door-stickers-93-x-204-cm","12":"product_tag-promos","13":"product_tag-stickers-door-83-x-204-cm","14":"product_tag-stickers-door-art","15":"product_tag-stickers-door-chambre","16":"product_tag-stickers-door-enfant","17":"product_tag-stickers-manga","19":"first","20":"instock","21":"sale","22":"taxable","23":"shipping-taxable","24":"purchasable","25":"product-type-variable"},"etheme_brands":{"errors":{"invalid_taxonomy":["Invalid taxonomy."]},"error_data":[]},"yoast_head":"<!-- This site is optimized with the Yoast SEO Premium plugin v27.3 (Yoast SEO v27.3) - https:\/\/yoast.com\/product\/yoast-seo-premium-wordpress\/ -->\n<title>Door stickers Manga One Piece | Door stickers | StickerDeco.fr<\/title>\n<meta name=\"description\" content=\"These Door stickers Manga One Piece decorate your doors with style and originality. Open the door to adventure with One Piece.\" \/>\n<meta name=\"robots\" content=\"index, follow, max-snippet:-1, max-image-preview:large, max-video-preview:-1\" \/>\n<link rel=\"canonical\" href=\"https:\/\/stickerdeco.fr\/en\/produit\/sticker-porte-manga-one-piece\/\" \/>\n<meta property=\"og:locale\" content=\"en_US\" \/>\n<meta property=\"og:type\" content=\"article\" \/>\n<meta property=\"og:title\" content=\"Door stickers Manga One Piece\" \/>\n<meta property=\"og:description\" content=\"These Door stickers Manga One Piece decorate your doors with style and originality. Open the door to adventure with One Piece.\" \/>\n<meta property=\"og:url\" content=\"https:\/\/stickerdeco.fr\/en\/produit\/sticker-porte-manga-one-piece\/\" \/>\n<meta property=\"og:site_name\" content=\"Sticker Deco\" \/>\n<meta property=\"article:publisher\" content=\"https:\/\/www.facebook.com\/stickerdeco.fr\/\" \/>\n<meta property=\"article:modified_time\" content=\"2026-03-06T14:40:16+00:00\" \/>\n<meta property=\"og:image\" content=\"https:\/\/stickerdeco.fr\/wp-content\/uploads\/2023\/11\/sticker-porte-one-piece-00-e1732704896593.jpg\" \/>\n\t<meta property=\"og:image:width\" content=\"1000\" \/>\n\t<meta property=\"og:image:height\" content=\"1000\" \/>\n\t<meta property=\"og:image:type\" content=\"image\/jpeg\" \/>\n<meta name=\"twitter:card\" content=\"summary_large_image\" \/>\n<meta name=\"twitter:label1\" content=\"Availability\" \/>\n\t<meta name=\"twitter:data1\" content=\"In stock\" \/>\n<script type=\"application\/ld+json\" class=\"yoast-schema-graph\">{\"@context\":\"https:\\\/\\\/schema.org\",\"@graph\":[{\"@type\":\"WebPage\",\"@id\":\"https:\\\/\\\/stickerdeco.fr\\\/en\\\/produit\\\/sticker-porte-manga-one-piece\\\/\",\"url\":\"https:\\\/\\\/stickerdeco.fr\\\/en\\\/produit\\\/sticker-porte-manga-one-piece\\\/\",\"name\":\"Door stickers Manga One Piece | Door stickers | StickerDeco.fr\",\"isPartOf\":{\"@id\":\"https:\\\/\\\/stickerdeco.fr\\\/en\\\/#website\"},\"primaryImageOfPage\":{\"@id\":\"https:\\\/\\\/stickerdeco.fr\\\/en\\\/produit\\\/sticker-porte-manga-one-piece\\\/#primaryimage\"},\"image\":{\"@id\":\"https:\\\/\\\/stickerdeco.fr\\\/en\\\/produit\\\/sticker-porte-manga-one-piece\\\/#primaryimage\"},\"thumbnailUrl\":\"https:\\\/\\\/stickerdeco.fr\\\/wp-content\\\/uploads\\\/2023\\\/11\\\/sticker-porte-one-piece-00-e1732704896593.jpg\",\"datePublished\":\"2023-11-27T09:57:58+00:00\",\"dateModified\":\"2026-03-06T14:40:16+00:00\",\"description\":\"These Door stickers Manga One Piece decorate your doors with style and originality. Open the door to adventure with One Piece.\",\"breadcrumb\":{\"@id\":\"https:\\\/\\\/stickerdeco.fr\\\/en\\\/produit\\\/sticker-porte-manga-one-piece\\\/#breadcrumb\"},\"inLanguage\":\"en-US\",\"potentialAction\":[{\"@type\":\"ReadAction\",\"target\":[\"https:\\\/\\\/stickerdeco.fr\\\/en\\\/produit\\\/sticker-porte-manga-one-piece\\\/\"]}]},{\"@type\":\"ImageObject\",\"inLanguage\":\"en-US\",\"@id\":\"https:\\\/\\\/stickerdeco.fr\\\/en\\\/produit\\\/sticker-porte-manga-one-piece\\\/#primaryimage\",\"url\":\"https:\\\/\\\/stickerdeco.fr\\\/wp-content\\\/uploads\\\/2023\\\/11\\\/sticker-porte-one-piece-00-e1732704896593.jpg\",\"contentUrl\":\"https:\\\/\\\/stickerdeco.fr\\\/wp-content\\\/uploads\\\/2023\\\/11\\\/sticker-porte-one-piece-00-e1732704896593.jpg\",\"width\":1000,\"height\":1000,\"caption\":\"Door stickers Manga One Piece\"},{\"@type\":\"BreadcrumbList\",\"@id\":\"https:\\\/\\\/stickerdeco.fr\\\/en\\\/produit\\\/sticker-porte-manga-one-piece\\\/#breadcrumb\",\"itemListElement\":[{\"@type\":\"ListItem\",\"position\":1,\"name\":\"Accueil\",\"item\":\"https:\\\/\\\/stickerdeco.fr\\\/en\\\/\"},{\"@type\":\"ListItem\",\"position\":2,\"name\":\"Shop\",\"item\":\"https:\\\/\\\/stickerdeco.fr\\\/boutique\\\/\"},{\"@type\":\"ListItem\",\"position\":3,\"name\":\"Door stickers Manga One Piece\"}]},{\"@type\":\"WebSite\",\"@id\":\"https:\\\/\\\/stickerdeco.fr\\\/en\\\/#website\",\"url\":\"https:\\\/\\\/stickerdeco.fr\\\/en\\\/\",\"name\":\"Sticker Deco\",\"description\":\"Le Sticker Made In France\",\"publisher\":{\"@id\":\"https:\\\/\\\/stickerdeco.fr\\\/en\\\/#organization\"},\"potentialAction\":[{\"@type\":\"SearchAction\",\"target\":{\"@type\":\"EntryPoint\",\"urlTemplate\":\"https:\\\/\\\/stickerdeco.fr\\\/en\\\/?s={search_term_string}\"},\"query-input\":{\"@type\":\"PropertyValueSpecification\",\"valueRequired\":true,\"valueName\":\"search_term_string\"}}],\"inLanguage\":\"en-US\"},{\"@type\":\"Organization\",\"@id\":\"https:\\\/\\\/stickerdeco.fr\\\/en\\\/#organization\",\"name\":\"Sticker D\u00e9co\",\"url\":\"https:\\\/\\\/stickerdeco.fr\\\/en\\\/\",\"logo\":{\"@type\":\"ImageObject\",\"inLanguage\":\"en-US\",\"@id\":\"https:\\\/\\\/stickerdeco.fr\\\/en\\\/#\\\/schema\\\/logo\\\/image\\\/\",\"url\":\"https:\\\/\\\/stickerdeco.fr\\\/wp-content\\\/uploads\\\/1987\\\/05\\\/stickerdeco-logo-v2-carre.png\",\"contentUrl\":\"https:\\\/\\\/stickerdeco.fr\\\/wp-content\\\/uploads\\\/1987\\\/05\\\/stickerdeco-logo-v2-carre.png\",\"width\":1000,\"height\":1000,\"caption\":\"Sticker D\u00e9co\"},\"image\":{\"@id\":\"https:\\\/\\\/stickerdeco.fr\\\/en\\\/#\\\/schema\\\/logo\\\/image\\\/\"},\"sameAs\":[\"https:\\\/\\\/www.facebook.com\\\/stickerdeco.fr\\\/\",\"https:\\\/\\\/www.instagram.com\\\/stickerdecofr\\\/\",\"https:\\\/\\\/www.pinterest.fr\\\/stickerdecofr\\\/\",\"https:\\\/\\\/www.youtube.com\\\/StickerDeco\"],\"email\":\"contact@stickerdeco.fr\",\"telephone\":\"0980809233\",\"legalName\":\"Sticker D\u00e9co\"}]}<\/script>\n<meta property=\"og:availability\" content=\"instock\" \/>\n<meta property=\"product:availability\" content=\"instock\" \/>\n<meta property=\"product:condition\" content=\"new\" \/>\n<!-- \/ Yoast SEO Premium plugin. -->","yoast_head_json":{"title":"Door stickers Manga One Piece | Door stickers | StickerDeco.fr","description":"These Door stickers Manga One Piece decorate your doors with style and originality. Open the door to adventure with One Piece.","robots":{"index":"index","follow":"follow","max-snippet":"max-snippet:-1","max-image-preview":"max-image-preview:large","max-video-preview":"max-video-preview:-1"},"canonical":"https:\/\/stickerdeco.fr\/en\/produit\/sticker-porte-manga-one-piece\/","og_locale":"en_US","og_type":"article","og_title":"Door stickers Manga One Piece","og_description":"These Door stickers Manga One Piece decorate your doors with style and originality. Open the door to adventure with One Piece.","og_url":"https:\/\/stickerdeco.fr\/en\/produit\/sticker-porte-manga-one-piece\/","og_site_name":"Sticker Deco","article_publisher":"https:\/\/www.facebook.com\/stickerdeco.fr\/","article_modified_time":"2026-03-06T14:40:16+00:00","og_image":[{"width":1000,"height":1000,"url":"https:\/\/stickerdeco.fr\/wp-content\/uploads\/2023\/11\/sticker-porte-one-piece-00-e1732704896593.jpg","type":"image\/jpeg"}],"twitter_card":"summary_large_image","twitter_misc":{"Availability":"In stock"},"schema":{"@context":"https:\/\/schema.org","@graph":[{"@type":"WebPage","@id":"https:\/\/stickerdeco.fr\/en\/produit\/sticker-porte-manga-one-piece\/","url":"https:\/\/stickerdeco.fr\/en\/produit\/sticker-porte-manga-one-piece\/","name":"Door stickers Manga One Piece | Door stickers | StickerDeco.fr","isPartOf":{"@id":"https:\/\/stickerdeco.fr\/en\/#website"},"primaryImageOfPage":{"@id":"https:\/\/stickerdeco.fr\/en\/produit\/sticker-porte-manga-one-piece\/#primaryimage"},"image":{"@id":"https:\/\/stickerdeco.fr\/en\/produit\/sticker-porte-manga-one-piece\/#primaryimage"},"thumbnailUrl":"https:\/\/stickerdeco.fr\/wp-content\/uploads\/2023\/11\/sticker-porte-one-piece-00-e1732704896593.jpg","datePublished":"2023-11-27T09:57:58+00:00","dateModified":"2026-03-06T14:40:16+00:00","description":"These Door stickers Manga One Piece decorate your doors with style and originality. Open the door to adventure with One Piece.","breadcrumb":{"@id":"https:\/\/stickerdeco.fr\/en\/produit\/sticker-porte-manga-one-piece\/#breadcrumb"},"inLanguage":"en-US","potentialAction":[{"@type":"ReadAction","target":["https:\/\/stickerdeco.fr\/en\/produit\/sticker-porte-manga-one-piece\/"]}]},{"@type":"ImageObject","inLanguage":"en-US","@id":"https:\/\/stickerdeco.fr\/en\/produit\/sticker-porte-manga-one-piece\/#primaryimage","url":"https:\/\/stickerdeco.fr\/wp-content\/uploads\/2023\/11\/sticker-porte-one-piece-00-e1732704896593.jpg","contentUrl":"https:\/\/stickerdeco.fr\/wp-content\/uploads\/2023\/11\/sticker-porte-one-piece-00-e1732704896593.jpg","width":1000,"height":1000,"caption":"Door stickers Manga One Piece"},{"@type":"BreadcrumbList","@id":"https:\/\/stickerdeco.fr\/en\/produit\/sticker-porte-manga-one-piece\/#breadcrumb","itemListElement":[{"@type":"ListItem","position":1,"name":"Accueil","item":"https:\/\/stickerdeco.fr\/en\/"},{"@type":"ListItem","position":2,"name":"Shop","item":"https:\/\/stickerdeco.fr\/boutique\/"},{"@type":"ListItem","position":3,"name":"Door stickers Manga One Piece"}]},{"@type":"WebSite","@id":"https:\/\/stickerdeco.fr\/en\/#website","url":"https:\/\/stickerdeco.fr\/en\/","name":"Sticker Deco","description":"Le Sticker Made In France","publisher":{"@id":"https:\/\/stickerdeco.fr\/en\/#organization"},"potentialAction":[{"@type":"SearchAction","target":{"@type":"EntryPoint","urlTemplate":"https:\/\/stickerdeco.fr\/en\/?s={search_term_string}"},"query-input":{"@type":"PropertyValueSpecification","valueRequired":true,"valueName":"search_term_string"}}],"inLanguage":"en-US"},{"@type":"Organization","@id":"https:\/\/stickerdeco.fr\/en\/#organization","name":"Sticker D\u00e9co","url":"https:\/\/stickerdeco.fr\/en\/","logo":{"@type":"ImageObject","inLanguage":"en-US","@id":"https:\/\/stickerdeco.fr\/en\/#\/schema\/logo\/image\/","url":"https:\/\/stickerdeco.fr\/wp-content\/uploads\/1987\/05\/stickerdeco-logo-v2-carre.png","contentUrl":"https:\/\/stickerdeco.fr\/wp-content\/uploads\/1987\/05\/stickerdeco-logo-v2-carre.png","width":1000,"height":1000,"caption":"Sticker D\u00e9co"},"image":{"@id":"https:\/\/stickerdeco.fr\/en\/#\/schema\/logo\/image\/"},"sameAs":["https:\/\/www.facebook.com\/stickerdeco.fr\/","https:\/\/www.instagram.com\/stickerdecofr\/","https:\/\/www.pinterest.fr\/stickerdecofr\/","https:\/\/www.youtube.com\/StickerDeco"],"email":"contact@stickerdeco.fr","telephone":"0980809233","legalName":"Sticker D\u00e9co"}]},"og_availability":"instock","product_availability":"instock","product_condition":"new"},"_links":{"self":[{"href":"https:\/\/stickerdeco.fr\/en\/wp-json\/wp\/v2\/product\/123718","targetHints":{"allow":["GET"]}}],"collection":[{"href":"https:\/\/stickerdeco.fr\/en\/wp-json\/wp\/v2\/product"}],"about":[{"href":"https:\/\/stickerdeco.fr\/en\/wp-json\/wp\/v2\/types\/product"}],"version-history":[{"count":5,"href":"https:\/\/stickerdeco.fr\/en\/wp-json\/wp\/v2\/product\/123718\/revisions"}],"predecessor-version":[{"id":132852,"href":"https:\/\/stickerdeco.fr\/en\/wp-json\/wp\/v2\/product\/123718\/revisions\/132852"}],"wp:featuredmedia":[{"embeddable":true,"href":"https:\/\/stickerdeco.fr\/en\/wp-json\/wp\/v2\/media\/123719"}],"wp:attachment":[{"href":"https:\/\/stickerdeco.fr\/en\/wp-json\/wp\/v2\/media?parent=123718"}],"wp:term":[{"taxonomy":"product_brand","embeddable":true,"href":"https:\/\/stickerdeco.fr\/en\/wp-json\/wp\/v2\/product_brand?post=123718"},{"taxonomy":"product_cat","embeddable":true,"href":"https:\/\/stickerdeco.fr\/en\/wp-json\/wp\/v2\/product_cat?post=123718"},{"taxonomy":"product_tag","embeddable":true,"href":"https:\/\/stickerdeco.fr\/en\/wp-json\/wp\/v2\/product_tag?post=123718"}],"curies":[{"name":"wp","href":"https:\/\/api.w.org\/{rel}","templated":true}]}}