{"id":126798,"date":"2023-04-19T11:28:34","date_gmt":"2023-04-19T09:28:34","guid":{"rendered":"https:\/\/stickerdeco.fr\/produit\/door-stickers-japanese-uroko-pattern-white\/"},"modified":"2026-03-06T13:11:16","modified_gmt":"2026-03-06T12:11:16","slug":"door-stickers-japanese-uroko-pattern-white","status":"publish","type":"product","link":"https:\/\/stickerdeco.fr\/en\/produit\/door-stickers-japanese-uroko-pattern-white\/","title":{"rendered":"Door stickers Japanese Uroko Pattern White"},"content":{"rendered":"<div class=\"wpb-content-wrapper\"><p>[vc_row][vc_column][vc_column_text]<\/p>\n<h2><span style=\"font-size: 14pt;\"><strong>The Door stickers Japanese Uroko Pattern White<\/strong><\/span><\/h2>\n<p><span style=\"font-size: 11pt;\">Want to change your interior <strong>decor<\/strong>? Then this beautiful <strong>Door stickers Japanese Uroko Pattern White<\/strong> is made for you! No doubt this <strong>Door stickers Japanese Uroko Pattern White<\/strong> will delight you thanks to our high-quality vinyl wall adhesive. It is <strong>easy to apply.<\/strong>With this sticker, <strong>personalizing your interior<\/strong> is now within reach!<\/span><\/p>\n<h3><span style=\"font-size: 14pt;\"><strong>Door stickers<\/strong><\/span><\/h3>\n<p><span style=\"font-size: 11pt;\">Looking for a unique style for your door decor? Then this <strong>Door stickers Japanese Uroko Pattern White<\/strong> is made for you! Nul doute que ce <strong>Door stickers Japanese Uroko Pattern White<\/strong> vous satisferaIt is <strong>easy to apply<\/strong>\u2014child\u2019s play!<\/span><\/p>\n<p><span style=\"font-size: 11pt;\">Our <strong>door stickers<\/strong> are delivered in one single piece. Result: no joins needed for easy application! By choosing <a href=\"https:\/\/stickerdeco.fr\/en\/cat\/door-stickers\/\"><strong>door stickers<\/strong><\/a>, you\u2019ll get an <strong>original<\/strong>, personalized decor at home. Many styles and designs are available in the Sticker D\u00e9co store. Whether it\u2019s a 3D effect, a <a href=\"https:\/\/stickerdeco.fr\/en\/tag\/stickers-wood-effect\/\">wood look<\/a> or a steel door, your door will definitely have a stunning <a href=\"https:\/\/stickerdeco.fr\/en\/tag\/stickers-trompe-loeil\/\"><strong>trompe-l\u2019\u0153il<\/strong><\/a> effect.<\/span><\/p>\n<h3><span style=\"font-size: 14pt;\"><strong>A very high-quality sticker<\/strong><\/span><\/h3>\n<p><span style=\"font-size: 11pt;\">Indeed, we print our <strong>wall stickers<\/strong> in high-quality full color on a <strong>durable<\/strong> adhesive with structured glue. This <strong>state-of-the-art<\/strong> technology ensures long-lasting <strong>vinyl<\/strong> hold (polymer glue) and a <strong>bubble-free application<\/strong> (structured glue). <strong>The adhesive<\/strong> remains relatively thin, with a <strong>thickness under 0.2mm<\/strong> (180\u00b5m).<\/span><\/p>\n<h3><span style=\"font-size: 14pt;\"><strong>How to decorate your home?<\/strong><\/span><\/h3>\n<p><span style=\"font-size: 11pt;\">Do you like this <strong>Door stickers Japanese Uroko Pattern White<\/strong>? Vous \u00eates fan de <strong>D\u00e9co Murale<\/strong> et vous souhaitez accorder vos pi\u00e8ces ? Alors, il faut compl\u00e9ter votre d\u00e9coration d\u2019int\u00e9rieur avec nos <a href=\"\/?product_cat=sticker-salle-de-bains\"><strong>Stickers Salle de bain<\/strong><\/a>, <a href=\"\/?product_cat=sticker-salon\"><strong>Stickers Salon<\/strong><\/a>, <a href=\"https:\/\/stickerdeco.fr\/en\/cat\/wall-stickers\/kitchen-stickers\/\"><strong>Stickers Cuisine<\/strong><\/a> ou encore nos <a href=\"https:\/\/stickerdeco.fr\/en\/cat\/wall-stickers\/adult-bedroom-stickers\/\"><strong>Stickers Chambre<\/strong><\/a>.<\/span><\/p>\n<h3><span style=\"font-size: 14pt;\"><strong><a href=\"https:\/\/www.stickerdeco.fr\/\">StickerDeco.fr<\/a> c\u2019est des milliers de produits !<\/strong><\/span><\/h3>\n<p><span style=\"font-size: 11pt;\">R\u00e9alis\u00e9e dans nos locaux en \u00cele-de-France, l\u2019impression des stickers est <strong>Made In France<\/strong>. Choisissez le v\u00f4tre parmi les cat\u00e9gories :<\/span><\/p>\n<ul>\n<li><span style=\"font-size: 11pt;\"><a href=\"\/?product_cat=stickers-muraux-animaux\"><strong>Stickers Animaux<\/strong><\/a>, <\/span><\/li>\n<li><span style=\"font-size: 11pt;\"><strong><a href=\"\/?product_cat=stickers-muraux-fleurs\">Stickers Fleurs<\/a><\/strong>, <\/span><\/li>\n<li><span style=\"font-size: 11pt;\"><strong><a href=\"\/?product_cat=stickers-muraux-mangas-et-cartoons\">Stickers Mangas<\/a><\/strong> et bien plus encore !<\/span><\/li>\n<\/ul>\n<p><span style=\"font-size: 14pt; color: #d64444;\"><strong>ADH\u00c9SIF TR\u00c8S HAUTE QUALIT\u00c9 = POSE FACILE, GARANTIE SANS BULLE<\/strong><\/span>[\/vc_column_text][\/vc_column][\/vc_row]<\/p>\n<\/div>","protected":false},"excerpt":{"rendered":"<p>Want a trendy, minimalist look for your doors? Then this <strong>Door stickers Japanese Uroko Pattern White<\/strong> is made for you!<\/p>\n<p><strong>Product features:<\/strong><\/p>\n<ul class=\"product-short-desc-list\">\n<li>Door sticker: easy to apply, bubble-free<\/li>\n<li>Delivered in one piece: no tedious assembly or gluing required<\/li>\n<li>Laminated surface with a matte finish: elegant look, low glare and long-lasting durability<\/li>\n<li>Suitable for smooth surfaces (painted\/laminated doors, plastic, glass, etc.)<\/li>\n<li>Easy to clean, washable and splash-resistant<\/li>\n<li>Euroclass B-s1,d0 (equiv. M1 in France)<\/li>\n<li>Eco-friendly printing UL ECOLOGO\u00ae and UL GREENGUARD Gold: low emissions and odor-free, suitable for sensitive indoor environments<\/li>\n<\/ul>\n","protected":false},"featured_media":126805,"template":"","meta":[],"product_brand":[],"product_cat":[4727],"product_tag":[6259,6260,6262,6261,6441,6450,6265,6263,6264,5666],"class_list":{"0":"post-126798","1":"product","2":"type-product","3":"status-publish","4":"has-post-thumbnail","6":"product_cat-door-stickers","7":"product_tag-door-stickers-63-x-204-cm","8":"product_tag-door-stickers-73-x-204-cm","9":"product_tag-door-stickers-93-x-204-cm","10":"product_tag-stickers-door-83-x-204-cm","11":"product_tag-stickers-door-abstracte","12":"product_tag-stickers-door-bathroom","13":"product_tag-stickers-door-chambre","14":"product_tag-stickers-door-kitchen","15":"product_tag-stickers-door-salon","16":"product_tag-stickers-trompe-loeil","18":"first","19":"instock","20":"sale","21":"taxable","22":"shipping-taxable","23":"purchasable","24":"product-type-variable"},"etheme_brands":{"errors":{"invalid_taxonomy":["Invalid taxonomy."]},"error_data":[]},"yoast_head":"<!-- This site is optimized with the Yoast SEO Premium plugin v27.3 (Yoast SEO v27.3) - https:\/\/yoast.com\/product\/yoast-seo-premium-wordpress\/ -->\n<title>Door stickers Japanese Uroko Pattern White | Doors | Stickerdeco.fr<\/title>\n<meta name=\"description\" content=\"The modern vibe of these Door stickers Japanese Uroko Pattern White will win you over! Made in France, available here.\" \/>\n<meta name=\"robots\" content=\"index, follow, max-snippet:-1, max-image-preview:large, max-video-preview:-1\" \/>\n<link rel=\"canonical\" href=\"https:\/\/stickerdeco.fr\/en\/produit\/door-stickers-japanese-uroko-pattern-white\/\" \/>\n<meta property=\"og:locale\" content=\"en_US\" \/>\n<meta property=\"og:type\" content=\"article\" \/>\n<meta property=\"og:title\" content=\"Door stickers Japanese Uroko Pattern White\" \/>\n<meta property=\"og:description\" content=\"The modern vibe of these Door stickers Japanese Uroko Pattern White will win you over! Made in France, available here.\" \/>\n<meta property=\"og:url\" content=\"https:\/\/stickerdeco.fr\/en\/produit\/door-stickers-japanese-uroko-pattern-white\/\" \/>\n<meta property=\"og:site_name\" content=\"Sticker Deco\" \/>\n<meta property=\"article:publisher\" content=\"https:\/\/www.facebook.com\/stickerdeco.fr\/\" \/>\n<meta property=\"article:modified_time\" content=\"2026-03-06T12:11:16+00:00\" \/>\n<meta property=\"og:image\" content=\"https:\/\/stickerdeco.fr\/wp-content\/uploads\/2023\/04\/sticker-porte-motif-japonais-uroko-blanc-00.jpg\" \/>\n\t<meta property=\"og:image:width\" content=\"1000\" \/>\n\t<meta property=\"og:image:height\" content=\"1000\" \/>\n\t<meta property=\"og:image:type\" content=\"image\/jpeg\" \/>\n<meta name=\"twitter:card\" content=\"summary_large_image\" \/>\n<meta name=\"twitter:label1\" content=\"Availability\" \/>\n\t<meta name=\"twitter:data1\" content=\"In stock\" \/>\n<script type=\"application\/ld+json\" class=\"yoast-schema-graph\">{\"@context\":\"https:\\\/\\\/schema.org\",\"@graph\":[{\"@type\":\"WebPage\",\"@id\":\"https:\\\/\\\/stickerdeco.fr\\\/en\\\/produit\\\/door-stickers-japanese-uroko-pattern-white\\\/\",\"url\":\"https:\\\/\\\/stickerdeco.fr\\\/en\\\/produit\\\/door-stickers-japanese-uroko-pattern-white\\\/\",\"name\":\"Door stickers Japanese Uroko Pattern White | Doors | Stickerdeco.fr\",\"isPartOf\":{\"@id\":\"https:\\\/\\\/stickerdeco.fr\\\/en\\\/#website\"},\"primaryImageOfPage\":{\"@id\":\"https:\\\/\\\/stickerdeco.fr\\\/en\\\/produit\\\/door-stickers-japanese-uroko-pattern-white\\\/#primaryimage\"},\"image\":{\"@id\":\"https:\\\/\\\/stickerdeco.fr\\\/en\\\/produit\\\/door-stickers-japanese-uroko-pattern-white\\\/#primaryimage\"},\"thumbnailUrl\":\"https:\\\/\\\/stickerdeco.fr\\\/wp-content\\\/uploads\\\/2023\\\/04\\\/sticker-porte-motif-japonais-uroko-blanc-00.jpg\",\"datePublished\":\"2023-04-19T09:28:34+00:00\",\"dateModified\":\"2026-03-06T12:11:16+00:00\",\"description\":\"The modern vibe of these Door stickers Japanese Uroko Pattern White will win you over! Made in France, available here.\",\"breadcrumb\":{\"@id\":\"https:\\\/\\\/stickerdeco.fr\\\/en\\\/produit\\\/door-stickers-japanese-uroko-pattern-white\\\/#breadcrumb\"},\"inLanguage\":\"en-US\",\"potentialAction\":[{\"@type\":\"ReadAction\",\"target\":[\"https:\\\/\\\/stickerdeco.fr\\\/en\\\/produit\\\/door-stickers-japanese-uroko-pattern-white\\\/\"]}]},{\"@type\":\"ImageObject\",\"inLanguage\":\"en-US\",\"@id\":\"https:\\\/\\\/stickerdeco.fr\\\/en\\\/produit\\\/door-stickers-japanese-uroko-pattern-white\\\/#primaryimage\",\"url\":\"https:\\\/\\\/stickerdeco.fr\\\/wp-content\\\/uploads\\\/2023\\\/04\\\/sticker-porte-motif-japonais-uroko-blanc-00.jpg\",\"contentUrl\":\"https:\\\/\\\/stickerdeco.fr\\\/wp-content\\\/uploads\\\/2023\\\/04\\\/sticker-porte-motif-japonais-uroko-blanc-00.jpg\",\"width\":1000,\"height\":1000,\"caption\":\"Door stickers Motif Japonais Uroko Blanc\"},{\"@type\":\"BreadcrumbList\",\"@id\":\"https:\\\/\\\/stickerdeco.fr\\\/en\\\/produit\\\/door-stickers-japanese-uroko-pattern-white\\\/#breadcrumb\",\"itemListElement\":[{\"@type\":\"ListItem\",\"position\":1,\"name\":\"Accueil\",\"item\":\"https:\\\/\\\/stickerdeco.fr\\\/en\\\/\"},{\"@type\":\"ListItem\",\"position\":2,\"name\":\"Shop\",\"item\":\"https:\\\/\\\/stickerdeco.fr\\\/boutique\\\/\"},{\"@type\":\"ListItem\",\"position\":3,\"name\":\"Door stickers Japanese Uroko Pattern White\"}]},{\"@type\":\"WebSite\",\"@id\":\"https:\\\/\\\/stickerdeco.fr\\\/en\\\/#website\",\"url\":\"https:\\\/\\\/stickerdeco.fr\\\/en\\\/\",\"name\":\"Sticker Deco\",\"description\":\"Le Sticker Made In France\",\"publisher\":{\"@id\":\"https:\\\/\\\/stickerdeco.fr\\\/en\\\/#organization\"},\"potentialAction\":[{\"@type\":\"SearchAction\",\"target\":{\"@type\":\"EntryPoint\",\"urlTemplate\":\"https:\\\/\\\/stickerdeco.fr\\\/en\\\/?s={search_term_string}\"},\"query-input\":{\"@type\":\"PropertyValueSpecification\",\"valueRequired\":true,\"valueName\":\"search_term_string\"}}],\"inLanguage\":\"en-US\"},{\"@type\":\"Organization\",\"@id\":\"https:\\\/\\\/stickerdeco.fr\\\/en\\\/#organization\",\"name\":\"Sticker D\u00e9co\",\"url\":\"https:\\\/\\\/stickerdeco.fr\\\/en\\\/\",\"logo\":{\"@type\":\"ImageObject\",\"inLanguage\":\"en-US\",\"@id\":\"https:\\\/\\\/stickerdeco.fr\\\/en\\\/#\\\/schema\\\/logo\\\/image\\\/\",\"url\":\"https:\\\/\\\/stickerdeco.fr\\\/wp-content\\\/uploads\\\/1987\\\/05\\\/stickerdeco-logo-v2-carre.png\",\"contentUrl\":\"https:\\\/\\\/stickerdeco.fr\\\/wp-content\\\/uploads\\\/1987\\\/05\\\/stickerdeco-logo-v2-carre.png\",\"width\":1000,\"height\":1000,\"caption\":\"Sticker D\u00e9co\"},\"image\":{\"@id\":\"https:\\\/\\\/stickerdeco.fr\\\/en\\\/#\\\/schema\\\/logo\\\/image\\\/\"},\"sameAs\":[\"https:\\\/\\\/www.facebook.com\\\/stickerdeco.fr\\\/\",\"https:\\\/\\\/www.instagram.com\\\/stickerdecofr\\\/\",\"https:\\\/\\\/www.pinterest.fr\\\/stickerdecofr\\\/\",\"https:\\\/\\\/www.youtube.com\\\/StickerDeco\"],\"email\":\"contact@stickerdeco.fr\",\"telephone\":\"0980809233\",\"legalName\":\"Sticker D\u00e9co\"}]}<\/script>\n<meta property=\"og:availability\" content=\"instock\" \/>\n<meta property=\"product:availability\" content=\"instock\" \/>\n<meta property=\"product:condition\" content=\"new\" \/>\n<!-- \/ Yoast SEO Premium plugin. -->","yoast_head_json":{"title":"Door stickers Japanese Uroko Pattern White | Doors | Stickerdeco.fr","description":"The modern vibe of these Door stickers Japanese Uroko Pattern White will win you over! Made in France, available here.","robots":{"index":"index","follow":"follow","max-snippet":"max-snippet:-1","max-image-preview":"max-image-preview:large","max-video-preview":"max-video-preview:-1"},"canonical":"https:\/\/stickerdeco.fr\/en\/produit\/door-stickers-japanese-uroko-pattern-white\/","og_locale":"en_US","og_type":"article","og_title":"Door stickers Japanese Uroko Pattern White","og_description":"The modern vibe of these Door stickers Japanese Uroko Pattern White will win you over! Made in France, available here.","og_url":"https:\/\/stickerdeco.fr\/en\/produit\/door-stickers-japanese-uroko-pattern-white\/","og_site_name":"Sticker Deco","article_publisher":"https:\/\/www.facebook.com\/stickerdeco.fr\/","article_modified_time":"2026-03-06T12:11:16+00:00","og_image":[{"width":1000,"height":1000,"url":"https:\/\/stickerdeco.fr\/wp-content\/uploads\/2023\/04\/sticker-porte-motif-japonais-uroko-blanc-00.jpg","type":"image\/jpeg"}],"twitter_card":"summary_large_image","twitter_misc":{"Availability":"In stock"},"schema":{"@context":"https:\/\/schema.org","@graph":[{"@type":"WebPage","@id":"https:\/\/stickerdeco.fr\/en\/produit\/door-stickers-japanese-uroko-pattern-white\/","url":"https:\/\/stickerdeco.fr\/en\/produit\/door-stickers-japanese-uroko-pattern-white\/","name":"Door stickers Japanese Uroko Pattern White | Doors | Stickerdeco.fr","isPartOf":{"@id":"https:\/\/stickerdeco.fr\/en\/#website"},"primaryImageOfPage":{"@id":"https:\/\/stickerdeco.fr\/en\/produit\/door-stickers-japanese-uroko-pattern-white\/#primaryimage"},"image":{"@id":"https:\/\/stickerdeco.fr\/en\/produit\/door-stickers-japanese-uroko-pattern-white\/#primaryimage"},"thumbnailUrl":"https:\/\/stickerdeco.fr\/wp-content\/uploads\/2023\/04\/sticker-porte-motif-japonais-uroko-blanc-00.jpg","datePublished":"2023-04-19T09:28:34+00:00","dateModified":"2026-03-06T12:11:16+00:00","description":"The modern vibe of these Door stickers Japanese Uroko Pattern White will win you over! Made in France, available here.","breadcrumb":{"@id":"https:\/\/stickerdeco.fr\/en\/produit\/door-stickers-japanese-uroko-pattern-white\/#breadcrumb"},"inLanguage":"en-US","potentialAction":[{"@type":"ReadAction","target":["https:\/\/stickerdeco.fr\/en\/produit\/door-stickers-japanese-uroko-pattern-white\/"]}]},{"@type":"ImageObject","inLanguage":"en-US","@id":"https:\/\/stickerdeco.fr\/en\/produit\/door-stickers-japanese-uroko-pattern-white\/#primaryimage","url":"https:\/\/stickerdeco.fr\/wp-content\/uploads\/2023\/04\/sticker-porte-motif-japonais-uroko-blanc-00.jpg","contentUrl":"https:\/\/stickerdeco.fr\/wp-content\/uploads\/2023\/04\/sticker-porte-motif-japonais-uroko-blanc-00.jpg","width":1000,"height":1000,"caption":"Door stickers Motif Japonais Uroko Blanc"},{"@type":"BreadcrumbList","@id":"https:\/\/stickerdeco.fr\/en\/produit\/door-stickers-japanese-uroko-pattern-white\/#breadcrumb","itemListElement":[{"@type":"ListItem","position":1,"name":"Accueil","item":"https:\/\/stickerdeco.fr\/en\/"},{"@type":"ListItem","position":2,"name":"Shop","item":"https:\/\/stickerdeco.fr\/boutique\/"},{"@type":"ListItem","position":3,"name":"Door stickers Japanese Uroko Pattern White"}]},{"@type":"WebSite","@id":"https:\/\/stickerdeco.fr\/en\/#website","url":"https:\/\/stickerdeco.fr\/en\/","name":"Sticker Deco","description":"Le Sticker Made In France","publisher":{"@id":"https:\/\/stickerdeco.fr\/en\/#organization"},"potentialAction":[{"@type":"SearchAction","target":{"@type":"EntryPoint","urlTemplate":"https:\/\/stickerdeco.fr\/en\/?s={search_term_string}"},"query-input":{"@type":"PropertyValueSpecification","valueRequired":true,"valueName":"search_term_string"}}],"inLanguage":"en-US"},{"@type":"Organization","@id":"https:\/\/stickerdeco.fr\/en\/#organization","name":"Sticker D\u00e9co","url":"https:\/\/stickerdeco.fr\/en\/","logo":{"@type":"ImageObject","inLanguage":"en-US","@id":"https:\/\/stickerdeco.fr\/en\/#\/schema\/logo\/image\/","url":"https:\/\/stickerdeco.fr\/wp-content\/uploads\/1987\/05\/stickerdeco-logo-v2-carre.png","contentUrl":"https:\/\/stickerdeco.fr\/wp-content\/uploads\/1987\/05\/stickerdeco-logo-v2-carre.png","width":1000,"height":1000,"caption":"Sticker D\u00e9co"},"image":{"@id":"https:\/\/stickerdeco.fr\/en\/#\/schema\/logo\/image\/"},"sameAs":["https:\/\/www.facebook.com\/stickerdeco.fr\/","https:\/\/www.instagram.com\/stickerdecofr\/","https:\/\/www.pinterest.fr\/stickerdecofr\/","https:\/\/www.youtube.com\/StickerDeco"],"email":"contact@stickerdeco.fr","telephone":"0980809233","legalName":"Sticker D\u00e9co"}]},"og_availability":"instock","product_availability":"instock","product_condition":"new"},"_links":{"self":[{"href":"https:\/\/stickerdeco.fr\/en\/wp-json\/wp\/v2\/product\/126798","targetHints":{"allow":["GET"]}}],"collection":[{"href":"https:\/\/stickerdeco.fr\/en\/wp-json\/wp\/v2\/product"}],"about":[{"href":"https:\/\/stickerdeco.fr\/en\/wp-json\/wp\/v2\/types\/product"}],"version-history":[{"count":42,"href":"https:\/\/stickerdeco.fr\/en\/wp-json\/wp\/v2\/product\/126798\/revisions"}],"predecessor-version":[{"id":127384,"href":"https:\/\/stickerdeco.fr\/en\/wp-json\/wp\/v2\/product\/126798\/revisions\/127384"}],"wp:featuredmedia":[{"embeddable":true,"href":"https:\/\/stickerdeco.fr\/en\/wp-json\/wp\/v2\/media\/126805"}],"wp:attachment":[{"href":"https:\/\/stickerdeco.fr\/en\/wp-json\/wp\/v2\/media?parent=126798"}],"wp:term":[{"taxonomy":"product_brand","embeddable":true,"href":"https:\/\/stickerdeco.fr\/en\/wp-json\/wp\/v2\/product_brand?post=126798"},{"taxonomy":"product_cat","embeddable":true,"href":"https:\/\/stickerdeco.fr\/en\/wp-json\/wp\/v2\/product_cat?post=126798"},{"taxonomy":"product_tag","embeddable":true,"href":"https:\/\/stickerdeco.fr\/en\/wp-json\/wp\/v2\/product_tag?post=126798"}],"curies":[{"name":"wp","href":"https:\/\/api.w.org\/{rel}","templated":true}]}}