{"id":129696,"date":"2022-09-08T11:40:18","date_gmt":"2022-09-08T09:40:18","guid":{"rendered":"https:\/\/stickerdeco.fr\/produit\/door-stickers-bibliotheque-white\/"},"modified":"2026-03-06T14:43:04","modified_gmt":"2026-03-06T13:43:04","slug":"door-stickers-bibliotheque-white","status":"publish","type":"product","link":"https:\/\/stickerdeco.fr\/en\/produit\/door-stickers-bibliotheque-white\/","title":{"rendered":"Door stickers Library White"},"content":{"rendered":"<div class=\"wpb-content-wrapper\"><p>[vc_row][vc_column][vc_column_text]<\/p>\n<h2><span style=\"font-size: 14pt;\"><strong>Le Door stickers Library White<\/strong><\/span><\/h2>\n<p><span style=\"font-size: 11pt;\">Envie de changer votre <strong>d\u00e9coration<\/strong> d\u2019int\u00e9rieur ? Then this magnifique <strong>Door stickers Library White <\/strong>is made for you ! Nul doute que ce <strong>Door stickers Library White <\/strong>vous satisfera gr\u00e2ce \u00e0 notre adh\u00e9sif mural en vinyle haute qualit\u00e9. Il est <strong>facile \u00e0 coller. <\/strong>Avec ce sticker,<strong> personnaliser votre int\u00e9rieur <\/strong>est maintenant accessible !<\/span><\/p>\n<p><span style=\"font-size: 11pt;\">Chaque <strong>d\u00e9co murale<\/strong> est ind\u00e9pendante et <strong>peut \u00eatre coll\u00e9e s\u00e9par\u00e9ment<\/strong>. Vous avez donc un maximum de possibilit\u00e9s pour la pose de votre <strong>autocollant murale<\/strong> alors faites parler votre \u00e2me de <strong>d\u00e9corateur !<\/strong><\/span><\/p>\n<h3><span style=\"font-size: 14pt;\"><strong>Le Door stickers<\/strong><\/span><\/h3>\n<p><span style=\"font-size: 11pt;\">Vous souhaitez un style unique \u00e0 la d\u00e9co vos portes ? Alors cet autocollant <strong>Door stickers Library White<\/strong> est pour vous ! Nul doute que ce <strong>Door stickers Library White<\/strong> vous satisfera. Il est <strong>facile \u00e0 coller <\/strong>c&#8217;est un jeu d&#8217;enfant !<\/span><\/p>\n<p><span style=\"font-size: 11pt;\">Nos <strong>door stickerss<\/strong> sont livr\u00e9s en un seul l\u00e9, c&#8217;est \u00e0 dire en un seul morceau. R\u00e9sultat : Aucun raccord n\u00e9cessaire pour une pose facile ! En utilisant les <a href=\"https:\/\/stickerdeco.fr\/en\/cat\/door-stickers\/\"><strong>Stickers pour porte<\/strong><\/a>, vous obtiendrez une <strong>d\u00e9coration originale<\/strong> et personnalis\u00e9e dans votre int\u00e9rieur. Plusieurs style et design de disponible sur la boutique Sticker D\u00e9co. Que ce soit un effet 3d, une <a href=\"https:\/\/stickerdeco.fr\/en\/tag\/stickers-wood-effect\/\">imitation bois<\/a> ou une porte en acier, votre porte aura \u00e0 coup sure un effet <a href=\"https:\/\/stickerdeco.fr\/en\/tag\/stickers-trompe-loeil\/\"><strong>trompe l\u2019\u0153il<\/strong><\/a> \u00e9patant.<\/span><\/p>\n<h3><span style=\"font-size: 14pt;\"><strong>Un sticker de tr\u00e8s haute qualit\u00e9<\/strong><\/span><\/h3>\n<p><span style=\"font-size: 11pt;\">En effet, nous imprimons nos <strong>autocollants muraux<\/strong> en quadri HQ sur <strong>adh\u00e9sif<\/strong> polym\u00e8re <strong>r\u00e9sistant<\/strong> avec colle structur\u00e9e. Cette technologie <strong>\u00e0 la pointe de l&#8217;innovation<\/strong> permet une bonne tenue du <strong>vinyle<\/strong> dans le temps (colle polym\u00e8re) ainsi qu&#8217;une<strong> pose sans bulle<\/strong> (colle structur\u00e9e). <strong>L&#8217;adh\u00e9sif <\/strong>reste malgr\u00e9 tout relativement fin avec <strong>une \u00e9paisseur de moins de 0.2mm<\/strong> (180\u00b5m).<\/span><\/p>\n<h3><span style=\"font-size: 14pt;\"><strong>Comment d\u00e9corer sa maison ?<\/strong><\/span><\/h3>\n<p><span style=\"font-size: 11pt;\">Vous aimez ce <strong>Door stickers Library White <\/strong>? Vous \u00eates fan de <strong>D\u00e9co Murale<\/strong> et vous souhaitez accorder vos pi\u00e8ces ? Alors, il faut compl\u00e9ter votre d\u00e9coration d\u2019int\u00e9rieur avec nos <a href=\"\/?product_cat=sticker-salle-de-bains\"><strong>Stickers Salle de bain<\/strong><\/a>, <a href=\"\/?product_cat=sticker-salon\"><strong>Stickers Salon<\/strong><\/a>, <a href=\"https:\/\/stickerdeco.fr\/en\/cat\/wall-stickers\/kitchen-stickers\/\"><strong>Stickers Cuisine<\/strong><\/a> ou encore nos <a href=\"https:\/\/stickerdeco.fr\/en\/cat\/wall-stickers\/adult-bedroom-stickers\/\"><strong>Stickers Chambre<\/strong><\/a>.<\/span><\/p>\n<h3><span style=\"font-size: 14pt;\"><strong><a href=\"https:\/\/www.stickerdeco.fr\/\">StickerDeco.fr<\/a> c\u2019est des milliers de produits !<\/strong><\/span><\/h3>\n<p><span style=\"font-size: 11pt;\">R\u00e9alis\u00e9e dans nos locaux en \u00cele-de-France, l\u2019impression des stickers est <strong>Made In France<\/strong>. Choisissez le v\u00f4tre parmi les cat\u00e9gories :<\/span><\/p>\n<ul>\n<li><span style=\"font-size: 11pt;\"><a href=\"\/?product_cat=stickers-muraux-animaux\"><strong>Stickers Animaux<\/strong><\/a>, <\/span><\/li>\n<li><span style=\"font-size: 11pt;\"><strong><a href=\"\/?product_cat=stickers-muraux-fleurs\">Stickers Fleurs<\/a><\/strong>, <\/span><\/li>\n<li><span style=\"font-size: 11pt;\"><strong><a href=\"\/?product_cat=stickers-muraux-mangas-et-cartoons\">Stickers Mangas<\/a><\/strong> et bien plus encore !<\/span><\/li>\n<\/ul>\n<p><span style=\"font-size: 14pt; color: #d64444;\"><strong>ADH\u00c9SIF TR\u00c8S HAUTE QUALIT\u00c9 = POSE FACILE, GARANTIE SANS BULLE<\/strong><\/span>[\/vc_column_text][\/vc_column][\/vc_row]<\/p>\n<\/div>","protected":false},"excerpt":{"rendered":"<p>Apportez une touche chic et originale \u00e0 votre int\u00e9rieur gr\u00e2ce \u00e0 ce <strong>Sticker Porte Biblioth\u00e8que Blanche<\/strong> !<\/p>\n<p>La couleur blanche de cet autocollant pour porte donne du style \u00e0 votre d\u00e9co avec subtilit\u00e9.<\/p>\n<p><strong>Product features:<\/strong><\/p>\n<ul class=\"product-short-desc-list\">\n<li>Door sticker: easy to apply, bubble-free<\/li>\n<li>Delivered in one piece: no tedious assembly or gluing required<\/li>\n<li>Laminated surface with a matte finish: elegant look, low glare and long-lasting durability<\/li>\n<li>Suitable for smooth surfaces (painted\/laminated doors, plastic, glass, etc.)<\/li>\n<li>Easy to clean, washable and splash-resistant<\/li>\n<li>Euroclass B-s1,d0 (equiv. M1 in France)<\/li>\n<li>Eco-friendly printing UL ECOLOGO\u00ae and UL GREENGUARD Gold: low emissions and odor-free, suitable for sensitive indoor environments<\/li>\n<\/ul>\n<p><span style=\"color: #d64444;\"><strong>Plusieurs tailles disponibles afin de matcher avec toutes vos portes (sur-mesure possible sur demande).<\/strong><\/span><\/p>\n<hr \/>\n","protected":false},"featured_media":129700,"template":"","meta":[],"product_brand":[],"product_cat":[4699,4727,4703],"product_tag":[6259,6260,6262,6261,6450,6444,6265,6263,6264],"class_list":{"0":"post-129696","1":"product","2":"type-product","3":"status-publish","4":"has-post-thumbnail","6":"product_cat-adult-bedroom-stickers","7":"product_cat-door-stickers","8":"product_cat-living-room-stickers","9":"product_tag-door-stickers-63-x-204-cm","10":"product_tag-door-stickers-73-x-204-cm","11":"product_tag-door-stickers-93-x-204-cm","12":"product_tag-stickers-door-83-x-204-cm","13":"product_tag-stickers-door-bathroom","14":"product_tag-stickers-door-bookshelf","15":"product_tag-stickers-door-chambre","16":"product_tag-stickers-door-kitchen","17":"product_tag-stickers-door-salon","19":"first","20":"instock","21":"sale","22":"taxable","23":"shipping-taxable","24":"purchasable","25":"product-type-variable"},"etheme_brands":{"errors":{"invalid_taxonomy":["Invalid taxonomy."]},"error_data":[]},"yoast_head":"<!-- This site is optimized with the Yoast SEO Premium plugin v27.3 (Yoast SEO v27.3) - https:\/\/yoast.com\/product\/yoast-seo-premium-wordpress\/ -->\n<title>Door stickers Library White | Portes | StickerDeco.fr<\/title>\n<meta name=\"description\" content=\"Apportez une touche chic et originale \u00e0 votre int\u00e9rieur gr\u00e2ce \u00e0 ce Door stickers Library White ! Adh\u00e9sif de haute Qualit\u00e9, fabrication Fran\u00e7aise.\" \/>\n<meta name=\"robots\" content=\"index, follow, max-snippet:-1, max-image-preview:large, max-video-preview:-1\" \/>\n<link rel=\"canonical\" href=\"https:\/\/stickerdeco.fr\/en\/produit\/door-stickers-bibliotheque-white\/\" \/>\n<meta property=\"og:locale\" content=\"en_US\" \/>\n<meta property=\"og:type\" content=\"article\" \/>\n<meta property=\"og:title\" content=\"Door stickers Library White\" \/>\n<meta property=\"og:description\" content=\"Apportez une touche chic et originale \u00e0 votre int\u00e9rieur gr\u00e2ce \u00e0 ce Door stickers Library White ! Adh\u00e9sif de haute Qualit\u00e9, fabrication Fran\u00e7aise.\" \/>\n<meta property=\"og:url\" content=\"https:\/\/stickerdeco.fr\/en\/produit\/door-stickers-bibliotheque-white\/\" \/>\n<meta property=\"og:site_name\" content=\"Sticker Deco\" \/>\n<meta property=\"article:publisher\" content=\"https:\/\/www.facebook.com\/stickerdeco.fr\/\" \/>\n<meta property=\"article:modified_time\" content=\"2026-03-06T13:43:04+00:00\" \/>\n<meta property=\"og:image\" content=\"https:\/\/stickerdeco.fr\/wp-content\/uploads\/2022\/09\/sticker-porte-bibliotheque-blanche-00.jpg\" \/>\n\t<meta property=\"og:image:width\" content=\"1000\" \/>\n\t<meta property=\"og:image:height\" content=\"1000\" \/>\n\t<meta property=\"og:image:type\" content=\"image\/jpeg\" \/>\n<meta name=\"twitter:card\" content=\"summary_large_image\" \/>\n<meta name=\"twitter:label1\" content=\"Availability\" \/>\n\t<meta name=\"twitter:data1\" content=\"In stock\" \/>\n<script type=\"application\/ld+json\" class=\"yoast-schema-graph\">{\"@context\":\"https:\\\/\\\/schema.org\",\"@graph\":[{\"@type\":\"WebPage\",\"@id\":\"https:\\\/\\\/stickerdeco.fr\\\/en\\\/produit\\\/door-stickers-bibliotheque-white\\\/\",\"url\":\"https:\\\/\\\/stickerdeco.fr\\\/en\\\/produit\\\/door-stickers-bibliotheque-white\\\/\",\"name\":\"Door stickers Library White | Portes | StickerDeco.fr\",\"isPartOf\":{\"@id\":\"https:\\\/\\\/stickerdeco.fr\\\/en\\\/#website\"},\"primaryImageOfPage\":{\"@id\":\"https:\\\/\\\/stickerdeco.fr\\\/en\\\/produit\\\/door-stickers-bibliotheque-white\\\/#primaryimage\"},\"image\":{\"@id\":\"https:\\\/\\\/stickerdeco.fr\\\/en\\\/produit\\\/door-stickers-bibliotheque-white\\\/#primaryimage\"},\"thumbnailUrl\":\"https:\\\/\\\/stickerdeco.fr\\\/wp-content\\\/uploads\\\/2022\\\/09\\\/sticker-porte-bibliotheque-blanche-00.jpg\",\"datePublished\":\"2022-09-08T09:40:18+00:00\",\"dateModified\":\"2026-03-06T13:43:04+00:00\",\"description\":\"Apportez une touche chic et originale \u00e0 votre int\u00e9rieur gr\u00e2ce \u00e0 ce Door stickers Library White ! Adh\u00e9sif de haute Qualit\u00e9, fabrication Fran\u00e7aise.\",\"breadcrumb\":{\"@id\":\"https:\\\/\\\/stickerdeco.fr\\\/en\\\/produit\\\/door-stickers-bibliotheque-white\\\/#breadcrumb\"},\"inLanguage\":\"en-US\",\"potentialAction\":[{\"@type\":\"ReadAction\",\"target\":[\"https:\\\/\\\/stickerdeco.fr\\\/en\\\/produit\\\/door-stickers-bibliotheque-white\\\/\"]}]},{\"@type\":\"ImageObject\",\"inLanguage\":\"en-US\",\"@id\":\"https:\\\/\\\/stickerdeco.fr\\\/en\\\/produit\\\/door-stickers-bibliotheque-white\\\/#primaryimage\",\"url\":\"https:\\\/\\\/stickerdeco.fr\\\/wp-content\\\/uploads\\\/2022\\\/09\\\/sticker-porte-bibliotheque-blanche-00.jpg\",\"contentUrl\":\"https:\\\/\\\/stickerdeco.fr\\\/wp-content\\\/uploads\\\/2022\\\/09\\\/sticker-porte-bibliotheque-blanche-00.jpg\",\"width\":1000,\"height\":1000,\"caption\":\"Door stickers Library White\"},{\"@type\":\"BreadcrumbList\",\"@id\":\"https:\\\/\\\/stickerdeco.fr\\\/en\\\/produit\\\/door-stickers-bibliotheque-white\\\/#breadcrumb\",\"itemListElement\":[{\"@type\":\"ListItem\",\"position\":1,\"name\":\"Accueil\",\"item\":\"https:\\\/\\\/stickerdeco.fr\\\/en\\\/\"},{\"@type\":\"ListItem\",\"position\":2,\"name\":\"Shop\",\"item\":\"https:\\\/\\\/stickerdeco.fr\\\/boutique\\\/\"},{\"@type\":\"ListItem\",\"position\":3,\"name\":\"Door stickers Library White\"}]},{\"@type\":\"WebSite\",\"@id\":\"https:\\\/\\\/stickerdeco.fr\\\/en\\\/#website\",\"url\":\"https:\\\/\\\/stickerdeco.fr\\\/en\\\/\",\"name\":\"Sticker Deco\",\"description\":\"Le Sticker Made In France\",\"publisher\":{\"@id\":\"https:\\\/\\\/stickerdeco.fr\\\/en\\\/#organization\"},\"potentialAction\":[{\"@type\":\"SearchAction\",\"target\":{\"@type\":\"EntryPoint\",\"urlTemplate\":\"https:\\\/\\\/stickerdeco.fr\\\/en\\\/?s={search_term_string}\"},\"query-input\":{\"@type\":\"PropertyValueSpecification\",\"valueRequired\":true,\"valueName\":\"search_term_string\"}}],\"inLanguage\":\"en-US\"},{\"@type\":\"Organization\",\"@id\":\"https:\\\/\\\/stickerdeco.fr\\\/en\\\/#organization\",\"name\":\"Sticker D\u00e9co\",\"url\":\"https:\\\/\\\/stickerdeco.fr\\\/en\\\/\",\"logo\":{\"@type\":\"ImageObject\",\"inLanguage\":\"en-US\",\"@id\":\"https:\\\/\\\/stickerdeco.fr\\\/en\\\/#\\\/schema\\\/logo\\\/image\\\/\",\"url\":\"https:\\\/\\\/stickerdeco.fr\\\/wp-content\\\/uploads\\\/1987\\\/05\\\/stickerdeco-logo-v2-carre.png\",\"contentUrl\":\"https:\\\/\\\/stickerdeco.fr\\\/wp-content\\\/uploads\\\/1987\\\/05\\\/stickerdeco-logo-v2-carre.png\",\"width\":1000,\"height\":1000,\"caption\":\"Sticker D\u00e9co\"},\"image\":{\"@id\":\"https:\\\/\\\/stickerdeco.fr\\\/en\\\/#\\\/schema\\\/logo\\\/image\\\/\"},\"sameAs\":[\"https:\\\/\\\/www.facebook.com\\\/stickerdeco.fr\\\/\",\"https:\\\/\\\/www.instagram.com\\\/stickerdecofr\\\/\",\"https:\\\/\\\/www.pinterest.fr\\\/stickerdecofr\\\/\",\"https:\\\/\\\/www.youtube.com\\\/StickerDeco\"],\"email\":\"contact@stickerdeco.fr\",\"telephone\":\"0980809233\",\"legalName\":\"Sticker D\u00e9co\"}]}<\/script>\n<meta property=\"og:availability\" content=\"instock\" \/>\n<meta property=\"product:availability\" content=\"instock\" \/>\n<meta property=\"product:condition\" content=\"new\" \/>\n<!-- \/ Yoast SEO Premium plugin. -->","yoast_head_json":{"title":"Door stickers Library White | Portes | StickerDeco.fr","description":"Apportez une touche chic et originale \u00e0 votre int\u00e9rieur gr\u00e2ce \u00e0 ce Door stickers Library White ! Adh\u00e9sif de haute Qualit\u00e9, fabrication Fran\u00e7aise.","robots":{"index":"index","follow":"follow","max-snippet":"max-snippet:-1","max-image-preview":"max-image-preview:large","max-video-preview":"max-video-preview:-1"},"canonical":"https:\/\/stickerdeco.fr\/en\/produit\/door-stickers-bibliotheque-white\/","og_locale":"en_US","og_type":"article","og_title":"Door stickers Library White","og_description":"Apportez une touche chic et originale \u00e0 votre int\u00e9rieur gr\u00e2ce \u00e0 ce Door stickers Library White ! Adh\u00e9sif de haute Qualit\u00e9, fabrication Fran\u00e7aise.","og_url":"https:\/\/stickerdeco.fr\/en\/produit\/door-stickers-bibliotheque-white\/","og_site_name":"Sticker Deco","article_publisher":"https:\/\/www.facebook.com\/stickerdeco.fr\/","article_modified_time":"2026-03-06T13:43:04+00:00","og_image":[{"width":1000,"height":1000,"url":"https:\/\/stickerdeco.fr\/wp-content\/uploads\/2022\/09\/sticker-porte-bibliotheque-blanche-00.jpg","type":"image\/jpeg"}],"twitter_card":"summary_large_image","twitter_misc":{"Availability":"In stock"},"schema":{"@context":"https:\/\/schema.org","@graph":[{"@type":"WebPage","@id":"https:\/\/stickerdeco.fr\/en\/produit\/door-stickers-bibliotheque-white\/","url":"https:\/\/stickerdeco.fr\/en\/produit\/door-stickers-bibliotheque-white\/","name":"Door stickers Library White | Portes | StickerDeco.fr","isPartOf":{"@id":"https:\/\/stickerdeco.fr\/en\/#website"},"primaryImageOfPage":{"@id":"https:\/\/stickerdeco.fr\/en\/produit\/door-stickers-bibliotheque-white\/#primaryimage"},"image":{"@id":"https:\/\/stickerdeco.fr\/en\/produit\/door-stickers-bibliotheque-white\/#primaryimage"},"thumbnailUrl":"https:\/\/stickerdeco.fr\/wp-content\/uploads\/2022\/09\/sticker-porte-bibliotheque-blanche-00.jpg","datePublished":"2022-09-08T09:40:18+00:00","dateModified":"2026-03-06T13:43:04+00:00","description":"Apportez une touche chic et originale \u00e0 votre int\u00e9rieur gr\u00e2ce \u00e0 ce Door stickers Library White ! Adh\u00e9sif de haute Qualit\u00e9, fabrication Fran\u00e7aise.","breadcrumb":{"@id":"https:\/\/stickerdeco.fr\/en\/produit\/door-stickers-bibliotheque-white\/#breadcrumb"},"inLanguage":"en-US","potentialAction":[{"@type":"ReadAction","target":["https:\/\/stickerdeco.fr\/en\/produit\/door-stickers-bibliotheque-white\/"]}]},{"@type":"ImageObject","inLanguage":"en-US","@id":"https:\/\/stickerdeco.fr\/en\/produit\/door-stickers-bibliotheque-white\/#primaryimage","url":"https:\/\/stickerdeco.fr\/wp-content\/uploads\/2022\/09\/sticker-porte-bibliotheque-blanche-00.jpg","contentUrl":"https:\/\/stickerdeco.fr\/wp-content\/uploads\/2022\/09\/sticker-porte-bibliotheque-blanche-00.jpg","width":1000,"height":1000,"caption":"Door stickers Library White"},{"@type":"BreadcrumbList","@id":"https:\/\/stickerdeco.fr\/en\/produit\/door-stickers-bibliotheque-white\/#breadcrumb","itemListElement":[{"@type":"ListItem","position":1,"name":"Accueil","item":"https:\/\/stickerdeco.fr\/en\/"},{"@type":"ListItem","position":2,"name":"Shop","item":"https:\/\/stickerdeco.fr\/boutique\/"},{"@type":"ListItem","position":3,"name":"Door stickers Library White"}]},{"@type":"WebSite","@id":"https:\/\/stickerdeco.fr\/en\/#website","url":"https:\/\/stickerdeco.fr\/en\/","name":"Sticker Deco","description":"Le Sticker Made In France","publisher":{"@id":"https:\/\/stickerdeco.fr\/en\/#organization"},"potentialAction":[{"@type":"SearchAction","target":{"@type":"EntryPoint","urlTemplate":"https:\/\/stickerdeco.fr\/en\/?s={search_term_string}"},"query-input":{"@type":"PropertyValueSpecification","valueRequired":true,"valueName":"search_term_string"}}],"inLanguage":"en-US"},{"@type":"Organization","@id":"https:\/\/stickerdeco.fr\/en\/#organization","name":"Sticker D\u00e9co","url":"https:\/\/stickerdeco.fr\/en\/","logo":{"@type":"ImageObject","inLanguage":"en-US","@id":"https:\/\/stickerdeco.fr\/en\/#\/schema\/logo\/image\/","url":"https:\/\/stickerdeco.fr\/wp-content\/uploads\/1987\/05\/stickerdeco-logo-v2-carre.png","contentUrl":"https:\/\/stickerdeco.fr\/wp-content\/uploads\/1987\/05\/stickerdeco-logo-v2-carre.png","width":1000,"height":1000,"caption":"Sticker D\u00e9co"},"image":{"@id":"https:\/\/stickerdeco.fr\/en\/#\/schema\/logo\/image\/"},"sameAs":["https:\/\/www.facebook.com\/stickerdeco.fr\/","https:\/\/www.instagram.com\/stickerdecofr\/","https:\/\/www.pinterest.fr\/stickerdecofr\/","https:\/\/www.youtube.com\/StickerDeco"],"email":"contact@stickerdeco.fr","telephone":"0980809233","legalName":"Sticker D\u00e9co"}]},"og_availability":"instock","product_availability":"instock","product_condition":"new"},"_links":{"self":[{"href":"https:\/\/stickerdeco.fr\/en\/wp-json\/wp\/v2\/product\/129696","targetHints":{"allow":["GET"]}}],"collection":[{"href":"https:\/\/stickerdeco.fr\/en\/wp-json\/wp\/v2\/product"}],"about":[{"href":"https:\/\/stickerdeco.fr\/en\/wp-json\/wp\/v2\/types\/product"}],"version-history":[{"count":1,"href":"https:\/\/stickerdeco.fr\/en\/wp-json\/wp\/v2\/product\/129696\/revisions"}],"predecessor-version":[{"id":129712,"href":"https:\/\/stickerdeco.fr\/en\/wp-json\/wp\/v2\/product\/129696\/revisions\/129712"}],"wp:featuredmedia":[{"embeddable":true,"href":"https:\/\/stickerdeco.fr\/en\/wp-json\/wp\/v2\/media\/129700"}],"wp:attachment":[{"href":"https:\/\/stickerdeco.fr\/en\/wp-json\/wp\/v2\/media?parent=129696"}],"wp:term":[{"taxonomy":"product_brand","embeddable":true,"href":"https:\/\/stickerdeco.fr\/en\/wp-json\/wp\/v2\/product_brand?post=129696"},{"taxonomy":"product_cat","embeddable":true,"href":"https:\/\/stickerdeco.fr\/en\/wp-json\/wp\/v2\/product_cat?post=129696"},{"taxonomy":"product_tag","embeddable":true,"href":"https:\/\/stickerdeco.fr\/en\/wp-json\/wp\/v2\/product_tag?post=129696"}],"curies":[{"name":"wp","href":"https:\/\/api.w.org\/{rel}","templated":true}]}}