{"id":132404,"date":"2020-02-12T09:12:31","date_gmt":"2020-02-12T08:12:31","guid":{"rendered":"https:\/\/stickerdeco.fr\/produit\/sticker-porte-escalier-ruelle\/"},"modified":"2026-03-06T15:36:01","modified_gmt":"2026-03-06T14:36:01","slug":"sticker-porte-escalier-ruelle","status":"publish","type":"product","link":"https:\/\/stickerdeco.fr\/en\/produit\/sticker-porte-escalier-ruelle\/","title":{"rendered":"Door stickers Escalier Ruelle"},"content":{"rendered":"<div class=\"wpb-content-wrapper\"><p>[vc_row][vc_column][vc_column_text]<\/p>\n<h2><span style=\"font-size: 14pt;\"><strong>The Door stickers Escalier Ruelle<\/strong><\/span><\/h2>\n<p><span style=\"font-size: 11pt;\">Want to change your interior <strong>decor<\/strong>? Then this beautiful <strong>Door stickers Escalier Ruelle<\/strong> is made for you! No doubt this <strong>Door stickers Escalier Ruelle<\/strong> will delight you thanks to our high-quality vinyl adhesive. It is <strong>easy to apply.<\/strong>With this sticker, <strong>personalizing your interior<\/strong> is now within reach!<\/span><\/p>\n<p><span style=\"font-size: 11pt;\">Chaque <strong>d\u00e9co murale<\/strong> est ind\u00e9pendante et <strong>peut \u00eatre coll\u00e9e s\u00e9par\u00e9ment<\/strong>. Vous avez donc un maximum de possibilit\u00e9s pour la pose de votre <strong>autocollant murale<\/strong> alors faites parler votre \u00e2me de <strong>d\u00e9corateur !<\/strong><\/span><\/p>\n<h3><span style=\"font-size: 14pt;\"><strong>Door stickers<\/strong><\/span><\/h3>\n<p><span style=\"font-size: 11pt;\">Want a unique style for your doors? Then this <strong>Door stickers Escalier Ruelle<\/strong> door sticker is made for you! No doubt this <strong>Door stickers Escalier Ruelle<\/strong> will satisfy you. It is <strong>easy to apply<\/strong> \u2014 child\u2019s play!<\/span><\/p>\n<p><span style=\"font-size: 11pt;\">Our <strong>door stickers<\/strong> are delivered in one piece. Result: no joins needed for easy application! By using our <a href=\"https:\/\/stickerdeco.fr\/en\/cat\/door-stickers\/\"><strong>door stickers<\/strong><\/a>, you\u2019ll get an <strong>original<\/strong>, personalized interior decor. Plusieurs style et design de disponible sur la boutique Sticker D\u00e9co. Whether it\u2019s a 3D effect, a <a href=\"https:\/\/stickerdeco.fr\/en\/tag\/stickers-wood-effect\/\">wood effect<\/a> or a steel door, your door will have an impressive <a href=\"https:\/\/stickerdeco.fr\/en\/tag\/stickers-trompe-loeil\/\"><strong>trompe-l\u2019\u0153il<\/strong><\/a> effect.<\/span><\/p>\n<h3><span style=\"font-size: 14pt;\"><strong>A very high-quality sticker<\/strong><\/span><\/h3>\n<p><span style=\"font-size: 11pt;\">En effet, nous imprimons nos <strong>autocollants muraux<\/strong> en quadri HQ sur <strong>adh\u00e9sif<\/strong> polym\u00e8re <strong>r\u00e9sistant<\/strong> avec colle structur\u00e9e. This <strong>state-of-the-art<\/strong> technology ensures long-lasting <strong>vinyl<\/strong> hold (polymer glue) and <strong>bubble-free application<\/strong> (structured glue). The <strong>adhesive<\/strong> remains relatively thin, with a <strong>thickness under 0.2mm<\/strong> (180\u00b5m).<\/span><\/p>\n<h3><span style=\"font-size: 14pt;\"><strong>How to decorate your home?<\/strong><\/span><\/h3>\n<p><span style=\"font-size: 11pt;\">Do you like this <strong>Door stickers Escalier Ruelle<\/strong>? Are you a fan of <strong>wall decor<\/strong> and want to match your rooms? Then complete your interior decor with our <a href=\"\/?product_cat=sticker-salle-de-bains\"><strong>Bathroom stickers<\/strong><\/a>, <a href=\"\/?product_cat=sticker-salon\"><strong>Living room stickers<\/strong><\/a>, <a href=\"https:\/\/stickerdeco.fr\/en\/cat\/wall-stickers\/kitchen-stickers\/\"><strong>Kitchen stickers<\/strong><\/a> ou encore nos <a href=\"https:\/\/stickerdeco.fr\/en\/cat\/wall-stickers\/adult-bedroom-stickers\/\"><strong>Bedroom stickers<\/strong><\/a>.<\/span><\/p>\n<h3><span style=\"font-size: 14pt;\"><strong><a href=\"https:\/\/www.stickerdeco.fr\/\">StickerDeco.fr<\/a> has thousands of products!<\/strong><\/span><\/h3>\n<p><span style=\"font-size: 11pt;\">Printed in our \u00cele-de-France workshop, our stickers are <strong>Made in France<\/strong>. Choose yours from these categories:<\/span><\/p>\n<ul>\n<li><span style=\"font-size: 11pt;\"><a href=\"\/?product_cat=stickers-muraux-animaux\"><strong>Animal stickers<\/strong><\/a>, <\/span><\/li>\n<li><span style=\"font-size: 11pt;\"><strong><a href=\"\/?product_cat=stickers-muraux-fleurs\">Stickers Fleurs<\/a><\/strong>, <\/span><\/li>\n<li><span style=\"font-size: 11pt;\"><strong><a href=\"\/?product_cat=stickers-muraux-mangas-et-cartoons\">Stickers Mangas<\/a><\/strong> et bien plus encore !<\/span><\/li>\n<\/ul>\n<p><span style=\"font-size: 14pt; color: #d64444;\"><strong>VERY HIGH-QUALITY ADHESIVE = EASY TO APPLY, GUARANTEED BUBBLE-FREE<\/strong><\/span>[\/vc_column_text][\/vc_column][\/vc_row]<\/p>\n<\/div>","protected":false},"excerpt":{"rendered":"<p>Vous souhaitez donner une d\u00e9co urbaine, chic et moderne \u00e0 vos portes ? Alors cet autocollant <strong>Door stickers Porte Escalier Ruelle<\/strong>\u00a0est fait pour vous !<\/p>\n<p>Invitez l&#8217;univers urbain ensoleill\u00e9 dans votre foyer gr\u00e2ce \u00e0 ce <strong>sticker trompe l\u2019\u0153il pour porte<\/strong>. Cet adh\u00e9sif pour porte repr\u00e9sente une mont\u00e9e d&#8217;escaliers dans une ruelle. Il apporte de la profondeur et agrandira vos pi\u00e8ces \u00e0 coup s\u00fbr.<\/p>\n<p><strong>Product features:<\/strong><\/p>\n<ul class=\"product-short-desc-list\">\n<li>Door sticker: easy to apply, bubble-free<\/li>\n<li>Delivered in one piece: no tedious assembly or gluing required<\/li>\n<li>Laminated surface with a matte finish: elegant look, low glare and long-lasting durability<\/li>\n<li>Suitable for smooth surfaces (painted\/laminated doors, plastic, glass, etc.)<\/li>\n<li>Easy to clean, washable and splash-resistant<\/li>\n<li>Euroclass B-s1,d0 (equiv. M1 in France)<\/li>\n<li>Eco-friendly printing UL ECOLOGO\u00ae and UL GREENGUARD Gold: low emissions and odor-free, suitable for sensitive indoor environments<\/li>\n<\/ul>\n<p><span style=\"color: #d64444;\"><strong>Plusieurs tailles disponibles afin de matcher avec toutes vos portes (sur-mesure possible sur demande).<\/strong><\/span><\/p>\n<hr \/>\n","protected":false},"featured_media":132413,"template":"","meta":[],"product_brand":[],"product_cat":[4727],"product_tag":[6259,6260,6262,6261,6450,6265,6448,6263,6439,6264,6438,5666],"class_list":{"0":"post-132404","1":"product","2":"type-product","3":"status-publish","4":"has-post-thumbnail","6":"product_cat-door-stickers","7":"product_tag-door-stickers-63-x-204-cm","8":"product_tag-door-stickers-73-x-204-cm","9":"product_tag-door-stickers-93-x-204-cm","10":"product_tag-stickers-door-83-x-204-cm","11":"product_tag-stickers-door-bathroom","12":"product_tag-stickers-door-chambre","13":"product_tag-stickers-door-escalier","14":"product_tag-stickers-door-kitchen","15":"product_tag-stickers-door-paysage","16":"product_tag-stickers-door-salon","17":"product_tag-stickers-door-trompe-loeil","18":"product_tag-stickers-trompe-loeil","20":"first","21":"instock","22":"sale","23":"taxable","24":"shipping-taxable","25":"purchasable","26":"product-type-variable","27":"has-default-attributes"},"etheme_brands":{"errors":{"invalid_taxonomy":["Invalid taxonomy."]},"error_data":[]},"yoast_head":"<!-- This site is optimized with the Yoast SEO Premium plugin v27.3 (Yoast SEO v27.3) - https:\/\/yoast.com\/product\/yoast-seo-premium-wordpress\/ -->\n<title>door stickers Escalier Ruelle | Stickers Portes | StickerDeco.fr<\/title>\n<meta name=\"description\" content=\"Optez pour une d\u00e9coration trompe l\u2019\u0153il et pas cher gr\u00e2ce \u00e0 ce Sticker Escalier Ruelle ! Nos Adh\u00e9sifs sont de Fabrication Fran\u00e7aise.\" \/>\n<meta name=\"robots\" content=\"index, follow, max-snippet:-1, max-image-preview:large, max-video-preview:-1\" \/>\n<link rel=\"canonical\" href=\"https:\/\/stickerdeco.fr\/en\/produit\/sticker-porte-escalier-ruelle\/\" \/>\n<meta property=\"og:locale\" content=\"en_US\" \/>\n<meta property=\"og:type\" content=\"article\" \/>\n<meta property=\"og:title\" content=\"Door stickers Escalier Ruelle\" \/>\n<meta property=\"og:description\" content=\"Optez pour une d\u00e9coration trompe l\u2019\u0153il et pas cher gr\u00e2ce \u00e0 ce Sticker Escalier Ruelle ! Nos Adh\u00e9sifs sont de Fabrication Fran\u00e7aise.\" \/>\n<meta property=\"og:url\" content=\"https:\/\/stickerdeco.fr\/en\/produit\/sticker-porte-escalier-ruelle\/\" \/>\n<meta property=\"og:site_name\" content=\"Sticker Deco\" \/>\n<meta property=\"article:publisher\" content=\"https:\/\/www.facebook.com\/stickerdeco.fr\/\" \/>\n<meta property=\"article:modified_time\" content=\"2026-03-06T14:36:01+00:00\" \/>\n<meta property=\"og:image\" content=\"https:\/\/stickerdeco.fr\/wp-content\/uploads\/2020\/02\/sticker-porte-escalier-qui-monte-04-e1732702529304.jpg\" \/>\n\t<meta property=\"og:image:width\" content=\"1500\" \/>\n\t<meta property=\"og:image:height\" content=\"1500\" \/>\n\t<meta property=\"og:image:type\" content=\"image\/jpeg\" \/>\n<meta name=\"twitter:card\" content=\"summary_large_image\" \/>\n<meta name=\"twitter:label1\" content=\"Availability\" \/>\n\t<meta name=\"twitter:data1\" content=\"In stock\" \/>\n<script type=\"application\/ld+json\" class=\"yoast-schema-graph\">{\"@context\":\"https:\\\/\\\/schema.org\",\"@graph\":[{\"@type\":\"WebPage\",\"@id\":\"https:\\\/\\\/stickerdeco.fr\\\/en\\\/produit\\\/sticker-porte-escalier-ruelle\\\/\",\"url\":\"https:\\\/\\\/stickerdeco.fr\\\/en\\\/produit\\\/sticker-porte-escalier-ruelle\\\/\",\"name\":\"door stickers Escalier Ruelle | Stickers Portes | StickerDeco.fr\",\"isPartOf\":{\"@id\":\"https:\\\/\\\/stickerdeco.fr\\\/en\\\/#website\"},\"primaryImageOfPage\":{\"@id\":\"https:\\\/\\\/stickerdeco.fr\\\/en\\\/produit\\\/sticker-porte-escalier-ruelle\\\/#primaryimage\"},\"image\":{\"@id\":\"https:\\\/\\\/stickerdeco.fr\\\/en\\\/produit\\\/sticker-porte-escalier-ruelle\\\/#primaryimage\"},\"thumbnailUrl\":\"https:\\\/\\\/stickerdeco.fr\\\/wp-content\\\/uploads\\\/2020\\\/02\\\/sticker-porte-escalier-qui-monte-04-e1732702529304.jpg\",\"datePublished\":\"2020-02-12T08:12:31+00:00\",\"dateModified\":\"2026-03-06T14:36:01+00:00\",\"description\":\"Optez pour une d\u00e9coration trompe l\u2019\u0153il et pas cher gr\u00e2ce \u00e0 ce Sticker Escalier Ruelle ! Nos Adh\u00e9sifs sont de Fabrication Fran\u00e7aise.\",\"breadcrumb\":{\"@id\":\"https:\\\/\\\/stickerdeco.fr\\\/en\\\/produit\\\/sticker-porte-escalier-ruelle\\\/#breadcrumb\"},\"inLanguage\":\"en-US\",\"potentialAction\":[{\"@type\":\"ReadAction\",\"target\":[\"https:\\\/\\\/stickerdeco.fr\\\/en\\\/produit\\\/sticker-porte-escalier-ruelle\\\/\"]}]},{\"@type\":\"ImageObject\",\"inLanguage\":\"en-US\",\"@id\":\"https:\\\/\\\/stickerdeco.fr\\\/en\\\/produit\\\/sticker-porte-escalier-ruelle\\\/#primaryimage\",\"url\":\"https:\\\/\\\/stickerdeco.fr\\\/wp-content\\\/uploads\\\/2020\\\/02\\\/sticker-porte-escalier-qui-monte-04-e1732702529304.jpg\",\"contentUrl\":\"https:\\\/\\\/stickerdeco.fr\\\/wp-content\\\/uploads\\\/2020\\\/02\\\/sticker-porte-escalier-qui-monte-04-e1732702529304.jpg\",\"width\":1500,\"height\":1500,\"caption\":\"Door stickers Escalier Ruelle\"},{\"@type\":\"BreadcrumbList\",\"@id\":\"https:\\\/\\\/stickerdeco.fr\\\/en\\\/produit\\\/sticker-porte-escalier-ruelle\\\/#breadcrumb\",\"itemListElement\":[{\"@type\":\"ListItem\",\"position\":1,\"name\":\"Accueil\",\"item\":\"https:\\\/\\\/stickerdeco.fr\\\/en\\\/\"},{\"@type\":\"ListItem\",\"position\":2,\"name\":\"Shop\",\"item\":\"https:\\\/\\\/stickerdeco.fr\\\/boutique\\\/\"},{\"@type\":\"ListItem\",\"position\":3,\"name\":\"Door stickers Escalier Ruelle\"}]},{\"@type\":\"WebSite\",\"@id\":\"https:\\\/\\\/stickerdeco.fr\\\/en\\\/#website\",\"url\":\"https:\\\/\\\/stickerdeco.fr\\\/en\\\/\",\"name\":\"Sticker Deco\",\"description\":\"Le Sticker Made In France\",\"publisher\":{\"@id\":\"https:\\\/\\\/stickerdeco.fr\\\/en\\\/#organization\"},\"potentialAction\":[{\"@type\":\"SearchAction\",\"target\":{\"@type\":\"EntryPoint\",\"urlTemplate\":\"https:\\\/\\\/stickerdeco.fr\\\/en\\\/?s={search_term_string}\"},\"query-input\":{\"@type\":\"PropertyValueSpecification\",\"valueRequired\":true,\"valueName\":\"search_term_string\"}}],\"inLanguage\":\"en-US\"},{\"@type\":\"Organization\",\"@id\":\"https:\\\/\\\/stickerdeco.fr\\\/en\\\/#organization\",\"name\":\"Sticker D\u00e9co\",\"url\":\"https:\\\/\\\/stickerdeco.fr\\\/en\\\/\",\"logo\":{\"@type\":\"ImageObject\",\"inLanguage\":\"en-US\",\"@id\":\"https:\\\/\\\/stickerdeco.fr\\\/en\\\/#\\\/schema\\\/logo\\\/image\\\/\",\"url\":\"https:\\\/\\\/stickerdeco.fr\\\/wp-content\\\/uploads\\\/1987\\\/05\\\/stickerdeco-logo-v2-carre.png\",\"contentUrl\":\"https:\\\/\\\/stickerdeco.fr\\\/wp-content\\\/uploads\\\/1987\\\/05\\\/stickerdeco-logo-v2-carre.png\",\"width\":1000,\"height\":1000,\"caption\":\"Sticker D\u00e9co\"},\"image\":{\"@id\":\"https:\\\/\\\/stickerdeco.fr\\\/en\\\/#\\\/schema\\\/logo\\\/image\\\/\"},\"sameAs\":[\"https:\\\/\\\/www.facebook.com\\\/stickerdeco.fr\\\/\",\"https:\\\/\\\/www.instagram.com\\\/stickerdecofr\\\/\",\"https:\\\/\\\/www.pinterest.fr\\\/stickerdecofr\\\/\",\"https:\\\/\\\/www.youtube.com\\\/StickerDeco\"],\"email\":\"contact@stickerdeco.fr\",\"telephone\":\"0980809233\",\"legalName\":\"Sticker D\u00e9co\"}]}<\/script>\n<meta property=\"og:availability\" content=\"instock\" \/>\n<meta property=\"product:availability\" content=\"instock\" \/>\n<meta property=\"product:condition\" content=\"new\" \/>\n<!-- \/ Yoast SEO Premium plugin. -->","yoast_head_json":{"title":"door stickers Escalier Ruelle | Stickers Portes | StickerDeco.fr","description":"Optez pour une d\u00e9coration trompe l\u2019\u0153il et pas cher gr\u00e2ce \u00e0 ce Sticker Escalier Ruelle ! Nos Adh\u00e9sifs sont de Fabrication Fran\u00e7aise.","robots":{"index":"index","follow":"follow","max-snippet":"max-snippet:-1","max-image-preview":"max-image-preview:large","max-video-preview":"max-video-preview:-1"},"canonical":"https:\/\/stickerdeco.fr\/en\/produit\/sticker-porte-escalier-ruelle\/","og_locale":"en_US","og_type":"article","og_title":"Door stickers Escalier Ruelle","og_description":"Optez pour une d\u00e9coration trompe l\u2019\u0153il et pas cher gr\u00e2ce \u00e0 ce Sticker Escalier Ruelle ! Nos Adh\u00e9sifs sont de Fabrication Fran\u00e7aise.","og_url":"https:\/\/stickerdeco.fr\/en\/produit\/sticker-porte-escalier-ruelle\/","og_site_name":"Sticker Deco","article_publisher":"https:\/\/www.facebook.com\/stickerdeco.fr\/","article_modified_time":"2026-03-06T14:36:01+00:00","og_image":[{"width":1500,"height":1500,"url":"https:\/\/stickerdeco.fr\/wp-content\/uploads\/2020\/02\/sticker-porte-escalier-qui-monte-04-e1732702529304.jpg","type":"image\/jpeg"}],"twitter_card":"summary_large_image","twitter_misc":{"Availability":"In stock"},"schema":{"@context":"https:\/\/schema.org","@graph":[{"@type":"WebPage","@id":"https:\/\/stickerdeco.fr\/en\/produit\/sticker-porte-escalier-ruelle\/","url":"https:\/\/stickerdeco.fr\/en\/produit\/sticker-porte-escalier-ruelle\/","name":"door stickers Escalier Ruelle | Stickers Portes | StickerDeco.fr","isPartOf":{"@id":"https:\/\/stickerdeco.fr\/en\/#website"},"primaryImageOfPage":{"@id":"https:\/\/stickerdeco.fr\/en\/produit\/sticker-porte-escalier-ruelle\/#primaryimage"},"image":{"@id":"https:\/\/stickerdeco.fr\/en\/produit\/sticker-porte-escalier-ruelle\/#primaryimage"},"thumbnailUrl":"https:\/\/stickerdeco.fr\/wp-content\/uploads\/2020\/02\/sticker-porte-escalier-qui-monte-04-e1732702529304.jpg","datePublished":"2020-02-12T08:12:31+00:00","dateModified":"2026-03-06T14:36:01+00:00","description":"Optez pour une d\u00e9coration trompe l\u2019\u0153il et pas cher gr\u00e2ce \u00e0 ce Sticker Escalier Ruelle ! Nos Adh\u00e9sifs sont de Fabrication Fran\u00e7aise.","breadcrumb":{"@id":"https:\/\/stickerdeco.fr\/en\/produit\/sticker-porte-escalier-ruelle\/#breadcrumb"},"inLanguage":"en-US","potentialAction":[{"@type":"ReadAction","target":["https:\/\/stickerdeco.fr\/en\/produit\/sticker-porte-escalier-ruelle\/"]}]},{"@type":"ImageObject","inLanguage":"en-US","@id":"https:\/\/stickerdeco.fr\/en\/produit\/sticker-porte-escalier-ruelle\/#primaryimage","url":"https:\/\/stickerdeco.fr\/wp-content\/uploads\/2020\/02\/sticker-porte-escalier-qui-monte-04-e1732702529304.jpg","contentUrl":"https:\/\/stickerdeco.fr\/wp-content\/uploads\/2020\/02\/sticker-porte-escalier-qui-monte-04-e1732702529304.jpg","width":1500,"height":1500,"caption":"Door stickers Escalier Ruelle"},{"@type":"BreadcrumbList","@id":"https:\/\/stickerdeco.fr\/en\/produit\/sticker-porte-escalier-ruelle\/#breadcrumb","itemListElement":[{"@type":"ListItem","position":1,"name":"Accueil","item":"https:\/\/stickerdeco.fr\/en\/"},{"@type":"ListItem","position":2,"name":"Shop","item":"https:\/\/stickerdeco.fr\/boutique\/"},{"@type":"ListItem","position":3,"name":"Door stickers Escalier Ruelle"}]},{"@type":"WebSite","@id":"https:\/\/stickerdeco.fr\/en\/#website","url":"https:\/\/stickerdeco.fr\/en\/","name":"Sticker Deco","description":"Le Sticker Made In France","publisher":{"@id":"https:\/\/stickerdeco.fr\/en\/#organization"},"potentialAction":[{"@type":"SearchAction","target":{"@type":"EntryPoint","urlTemplate":"https:\/\/stickerdeco.fr\/en\/?s={search_term_string}"},"query-input":{"@type":"PropertyValueSpecification","valueRequired":true,"valueName":"search_term_string"}}],"inLanguage":"en-US"},{"@type":"Organization","@id":"https:\/\/stickerdeco.fr\/en\/#organization","name":"Sticker D\u00e9co","url":"https:\/\/stickerdeco.fr\/en\/","logo":{"@type":"ImageObject","inLanguage":"en-US","@id":"https:\/\/stickerdeco.fr\/en\/#\/schema\/logo\/image\/","url":"https:\/\/stickerdeco.fr\/wp-content\/uploads\/1987\/05\/stickerdeco-logo-v2-carre.png","contentUrl":"https:\/\/stickerdeco.fr\/wp-content\/uploads\/1987\/05\/stickerdeco-logo-v2-carre.png","width":1000,"height":1000,"caption":"Sticker D\u00e9co"},"image":{"@id":"https:\/\/stickerdeco.fr\/en\/#\/schema\/logo\/image\/"},"sameAs":["https:\/\/www.facebook.com\/stickerdeco.fr\/","https:\/\/www.instagram.com\/stickerdecofr\/","https:\/\/www.pinterest.fr\/stickerdecofr\/","https:\/\/www.youtube.com\/StickerDeco"],"email":"contact@stickerdeco.fr","telephone":"0980809233","legalName":"Sticker D\u00e9co"}]},"og_availability":"instock","product_availability":"instock","product_condition":"new"},"_links":{"self":[{"href":"https:\/\/stickerdeco.fr\/en\/wp-json\/wp\/v2\/product\/132404","targetHints":{"allow":["GET"]}}],"collection":[{"href":"https:\/\/stickerdeco.fr\/en\/wp-json\/wp\/v2\/product"}],"about":[{"href":"https:\/\/stickerdeco.fr\/en\/wp-json\/wp\/v2\/types\/product"}],"version-history":[{"count":2,"href":"https:\/\/stickerdeco.fr\/en\/wp-json\/wp\/v2\/product\/132404\/revisions"}],"predecessor-version":[{"id":132432,"href":"https:\/\/stickerdeco.fr\/en\/wp-json\/wp\/v2\/product\/132404\/revisions\/132432"}],"wp:featuredmedia":[{"embeddable":true,"href":"https:\/\/stickerdeco.fr\/en\/wp-json\/wp\/v2\/media\/132413"}],"wp:attachment":[{"href":"https:\/\/stickerdeco.fr\/en\/wp-json\/wp\/v2\/media?parent=132404"}],"wp:term":[{"taxonomy":"product_brand","embeddable":true,"href":"https:\/\/stickerdeco.fr\/en\/wp-json\/wp\/v2\/product_brand?post=132404"},{"taxonomy":"product_cat","embeddable":true,"href":"https:\/\/stickerdeco.fr\/en\/wp-json\/wp\/v2\/product_cat?post=132404"},{"taxonomy":"product_tag","embeddable":true,"href":"https:\/\/stickerdeco.fr\/en\/wp-json\/wp\/v2\/product_tag?post=132404"}],"curies":[{"name":"wp","href":"https:\/\/api.w.org\/{rel}","templated":true}]}}