{"id":117653,"date":"2016-05-23T12:03:26","date_gmt":"2016-05-23T10:03:26","guid":{"rendered":"https:\/\/stickerdeco.fr\/sobre-nosotros-stickers-made-in-france\/"},"modified":"2026-02-28T13:24:27","modified_gmt":"2026-02-28T12:24:27","slug":"sobre-nosotros-stickers-made-in-france","status":"publish","type":"page","link":"https:\/\/stickerdeco.fr\/es\/sobre-nosotros-stickers-made-in-france\/","title":{"rendered":"Sobre nosotros | Stickers made in France"},"content":{"rendered":"<div class=\"wpb-content-wrapper\"><p>[vc_row full_width=\u00bbstretch_row\u00bb equal_height=\u00bbyes\u00bb content_placement=\u00bbmiddle\u00bb css=\u00bb.vc_custom_1464337803007{margin-top: -2em !important;padding-top: 5vw !important;padding-bottom: 5vw !important;}\u00bb][vc_column width=\u00bb1\/2&#8243; css=\u00bb.vc_custom_1451920811151{padding-right: 7em !important;}\u00bb][vc_column_text el_class=\u00bbabout-us-text\u00bb css=\u00bb.vc_custom_1569487225434{margin-bottom: 0px !important;}\u00bb]<\/p>\n<h2 style=\"text-align: left;\"><b>STICKER<\/b>DECO.FR<\/h2>\n<p style=\"text-align: left;\">la f\u00e1brica de stickers made in France<\/p>\n<p>[\/vc_column_text][\/vc_column][vc_column width=\u00bb1\/2&#8243;][vc_custom_heading text=\u00bbEL RESULTADO DE UN TRABAJO EN EQUIPO\u00bb font_container=\u00bbtag:h3|font_size:24px|text_align:left|color:%231c1a19|line_height:30px\u00bb google_fonts=\u00bbfont_family:Lato%3A100%2C100italic%2C300%2C300italic%2Cregular%2Citalic%2C700%2C700italic%2C900%2C900italic|font_style:900%20bold%20regular%3A900%3Anormal\u00bb css=\u00bb.vc_custom_1569487210829{margin-bottom: 0px !important;}\u00bb][vc_column_text css=\u00bb.vc_custom_1513029745543{margin-bottom: 0px !important;}\u00bb]<\/p>\n<p style=\"text-align: left;\">Esta tienda es el fruto de un trabajo en equipo entre una peque\u00f1a empresa creada en 2011, especializada en la fabricaci\u00f3n de stickers para profesionales (veh\u00edculos, se\u00f1al\u00e9tica, decoraci\u00f3n de puntos de venta, \u2026), y dos emprendedores freelance. Esta colaboraci\u00f3n ha permitido unir universos totalmente distintos y combinar distintos centros de inter\u00e9s.<\/p>\n<p>[\/vc_column_text][\/vc_column][\/vc_row][vc_row css=\u00bb.vc_custom_1464337871215{border-top-width: 1px !important;padding-top: 5vw !important;border-top-color: #e6e6e6 !important;border-top-style: solid !important;}\u00bb][vc_column width=\u00bb1\/4&#8243;][\/vc_column][vc_column width=\u00bb1\/2&#8243; css=\u00bb.vc_custom_1464337876029{padding-top: 0px !important;}\u00bb][vc_custom_heading text=\u00bbEN STICKERDECO\u00bb font_container=\u00bbtag:h3|font_size:40|text_align:center|color:%231c1a19&#8243; google_fonts=\u00bbfont_family:Lato%3A100%2C100italic%2C300%2C300italic%2Cregular%2Citalic%2C700%2C700italic%2C900%2C900italic|font_style:900%20bold%20regular%3A900%3Anormal\u00bb][vc_column_text]<\/p>\n<p style=\"text-align: center;\">Nuestro objetivo es ofrecerte un servicio de calidad, as\u00ed como productos de muy buena calidad que te gusten y que no se encuentran f\u00e1cilmente.<\/p>\n<p>[\/vc_column_text][\/vc_column][vc_column width=\u00bb1\/4&#8243;][\/vc_column][\/vc_row][vc_row css=\u00bb.vc_custom_1473927134956{padding-bottom: 3em !important;}\u00bb][vc_column width=\u00bb1\/3&#8243;]        <link rel=\"stylesheet\" href=\"https:\/\/stickerdeco.fr\/wp-content\/themes\/xstore\/css\/modules\/builders\/icon-boxes.css?ver=0.0.1\" type=\"text\/css\" media=\"all\" \/> \t\t\n\t\t<div\n                class=\"ibox-block  box-3976 icon-left align-left design-3 table\"\n                        >\n\t\t\t\t\t\t\t<div class=\"ibox-symbol\">\n\t\t\t\t\t<i class=\"fa fa-cart-arrow-down\"><\/i>\t\t\t\t<\/div>\n\t\t\t\n\t\t\t<div class=\"ibox-content\">\n\t\t\t\t<h3 class=\"text-uppercase\">Sencillez<\/h3>\n\t\t\t\t\t\t\t\t\t<div class=\"ibox-text\">\n\t\t\t\t\t\tUn adhesivo de muy alta calidad significa para ti una instalaci\u00f3n f\u00e1cil y sin burbujas.\t\t\t\t\t<\/div>\n\t\t\t\t\n\t\t\t\t\t\t\t<\/div>\n\n\t\t\t\n\t\t<\/div>\n\n\t\t[\/vc_column][vc_column width=\u00bb1\/3&#8243;]        <link rel=\"stylesheet\" href=\"https:\/\/stickerdeco.fr\/wp-content\/themes\/xstore\/css\/modules\/builders\/icon-boxes.css?ver=0.0.1\" type=\"text\/css\" media=\"all\" \/> \t\t\n\t\t<div\n                class=\"ibox-block  box-4966 icon-left align-left design-3 table\"\n                        >\n\t\t\t\t\t\t\t<div class=\"ibox-symbol\">\n\t\t\t\t\t<i class=\"fa fa-fighter-jet\"><\/i>\t\t\t\t<\/div>\n\t\t\t\n\t\t\t<div class=\"ibox-content\">\n\t\t\t\t<h3 class=\"text-uppercase\">Rapidez<\/h3>\n\t\t\t\t\t\t\t\t\t<div class=\"ibox-text\">\n\t\t\t\t\t\tLos pedidos realizados en <a href=\"https:\/\/stickerdeco.fr\/es\/\">StickerDeco.fr<\/a> se procesan en un plazo de 24 h de lunes a viernes (excepto festivos).\t\t\t\t\t<\/div>\n\t\t\t\t\n\t\t\t\t\t\t\t<\/div>\n\n\t\t\t\n\t\t<\/div>\n\n\t\t[\/vc_column][vc_column width=\u00bb1\/3&#8243;]        <link rel=\"stylesheet\" href=\"https:\/\/stickerdeco.fr\/wp-content\/themes\/xstore\/css\/modules\/builders\/icon-boxes.css?ver=0.0.1\" type=\"text\/css\" media=\"all\" \/> \t\t\n\t\t<div\n                class=\"ibox-block  box-6941 icon-left align-left design-3 table\"\n                        >\n\t\t\t\t\t\t\t<div class=\"ibox-symbol\">\n\t\t\t\t\t<i class=\"fa fa-industry\"><\/i>\t\t\t\t<\/div>\n\t\t\t\n\t\t\t<div class=\"ibox-content\">\n\t\t\t\t<h3 class=\"text-uppercase\">Made in France<\/h3>\n\t\t\t\t\t\t\t\t\t<div class=\"ibox-text\">\n\t\t\t\t\t\tFabricamos nosotros mismos, con nuestras m\u00e1quinas y en nuestras instalaciones en Francia, todos los productos vendidos en nuestro sitio.\t\t\t\t\t<\/div>\n\t\t\t\t\n\t\t\t\t\t\t\t<\/div>\n\n\t\t\t\n\t\t<\/div>\n\n\t\t[\/vc_column][\/vc_row][vc_row css=\u00bb.vc_custom_1451980442637{padding-bottom: 6em !important;}\u00bb][vc_column width=\u00bb1\/3&#8243; css=\u00bb.vc_custom_1473927097567{padding-top: 35px !important;}\u00bb]        <link rel=\"stylesheet\" href=\"https:\/\/stickerdeco.fr\/wp-content\/themes\/xstore\/css\/modules\/builders\/icon-boxes.css?ver=0.0.1\" type=\"text\/css\" media=\"all\" \/> \t\t\n\t\t<div\n                class=\"ibox-block  box-1183 icon-left align-left design-3 table\"\n                        >\n\t\t\t\t\t\t\t<div class=\"ibox-symbol\">\n\t\t\t\t\t<i class=\"fa fa-truck\"><\/i>\t\t\t\t<\/div>\n\t\t\t\n\t\t\t<div class=\"ibox-content\">\n\t\t\t\t<h3 class=\"text-uppercase\">Env\u00edo gratuito*<\/h3>\n\t\t\t\t\t\t\t\t\t<div class=\"ibox-text\">\n\t\t\t\t\t\tEnv\u00edo gratuito a partir de 69 \u20ac con Chronopost, Colissimo o Mondial Relay.\t\t\t\t\t<\/div>\n\t\t\t\t\n\t\t\t\t\t\t\t<\/div>\n\n\t\t\t\n\t\t<\/div>\n\n\t\t[\/vc_column][vc_column width=\u00bb1\/3&#8243; css=\u00bb.vc_custom_1473927104519{padding-top: 35px !important;}\u00bb]        <link rel=\"stylesheet\" href=\"https:\/\/stickerdeco.fr\/wp-content\/themes\/xstore\/css\/modules\/builders\/icon-boxes.css?ver=0.0.1\" type=\"text\/css\" media=\"all\" \/> \t\t\n\t\t<div\n                class=\"ibox-block  box-1814 icon-left align-left table\"\n                        >\n\t\t\t\t\t\t\t<div class=\"ibox-symbol\">\n\t\t\t\t\t<i class=\"fa fa-shield\"><\/i>\t\t\t\t<\/div>\n\t\t\t\n\t\t\t<div class=\"ibox-content\">\n\t\t\t\t<h3 class=\"text-uppercase\">Pago seguro<\/h3>\n\t\t\t\t\t\t\t\t\t<div class=\"ibox-text\">\n\t\t\t\t\t\t<a href=\"https:\/\/www.paypal.fr\">PayPal<\/a> te ofrece m\u00e1s de 10 a\u00f1os de experiencia en pagos seguros en l\u00ednea.\t\t\t\t\t<\/div>\n\t\t\t\t\n\t\t\t\t\t\t\t<\/div>\n\n\t\t\t\n\t\t<\/div>\n\n\t\t[\/vc_column][vc_column width=\u00bb1\/3&#8243; css=\u00bb.vc_custom_1473927109358{padding-top: 35px !important;}\u00bb]        <link rel=\"stylesheet\" href=\"https:\/\/stickerdeco.fr\/wp-content\/themes\/xstore\/css\/modules\/builders\/icon-boxes.css?ver=0.0.1\" type=\"text\/css\" media=\"all\" \/> \t\t\n\t\t<div\n                class=\"ibox-block  box-2404 icon-left align-left table\"\n                        >\n\t\t\t\t\t\t\t<div class=\"ibox-symbol\">\n\t\t\t\t\t<i class=\"fa fa-users\"><\/i>\t\t\t\t<\/div>\n\t\t\t\n\t\t\t<div class=\"ibox-content\">\n\t\t\t\t<h3 class=\"text-uppercase\">A escala humana<\/h3>\n\t\t\t\t\t\t\t\t\t<div class=\"ibox-text\">\n\t\t\t\t\t\tTe recordamos que somos una peque\u00f1a empresa francesa, a escala humana.\t\t\t\t\t<\/div>\n\t\t\t\t\n\t\t\t\t\t\t\t<\/div>\n\n\t\t\t\n\t\t<\/div>\n\n\t\t[\/vc_column][\/vc_row][vc_row css=\u00bb.vc_custom_1464337892459{margin-bottom: 35px !important;border-top-width: 1px !important;padding-top: 5vw !important;border-top-color: #e6e6e6 !important;border-top-style: solid !important;}\u00bb][vc_column width=\u00bb1\/4&#8243;][\/vc_column][vc_column width=\u00bb1\/2&#8243; css=\u00bb.vc_custom_1464337880758{padding-top: 0px !important;}\u00bb][vc_custom_heading text=\u00bbNuestros socios\u00bb font_container=\u00bbtag:h3|font_size:40|text_align:center|color:%231c1a19&#8243; google_fonts=\u00bbfont_family:Lato%3A100%2C100italic%2C300%2C300italic%2Cregular%2Citalic%2C700%2C700italic%2C900%2C900italic|font_style:900%20bold%20regular%3A900%3Anormal\u00bb][vc_column_text]<\/p>\n<p style=\"text-align: center;\">Descubre todos los socios de StickerDeco.fr. Nos acompa\u00f1an en nuestras acciones.<\/p>\n<p>[\/vc_column_text][\/vc_column][vc_column width=\u00bb1\/4&#8243;][\/vc_column][\/vc_row][vc_row][vc_column css=\u00bb.vc_custom_1461856103851{padding-top: 20px !important;}\u00bb][vc_images_carousel images=\u00bb117656,117657,117658,117654,117655&#8243; img_size=\u00bb350&#215;200&#8243; onclick=\u00bblink_no\u00bb speed=\u00bb4000&#8243; slides_per_view=\u00bb3&#8243; autoplay=\u00bbyes\u00bb wrap=\u00bbyes\u00bb][\/vc_column][\/vc_row]<\/p>\n<\/div>","protected":false},"excerpt":{"rendered":"<p>[vc_row full_width=\u00bbstretch_row\u00bb equal_height=\u00bbyes\u00bb content_placement=\u00bbmiddle\u00bb css=\u00bb.vc_custom_1464337803007{margin-top: -2em !important;padding-top: 5vw !important;padding-bottom: 5vw !important;}\u00bb][vc_column width=\u00bb1\/2&#8243; css=\u00bb.vc_custom_1451920811151{padding-right: 7em !important;}\u00bb][vc_column_text&#8230;<\/p>\n","protected":false},"author":1,"featured_media":117519,"parent":0,"menu_order":0,"comment_status":"closed","ping_status":"closed","template":"","meta":{"footnotes":""},"class_list":["post-117653","page","type-page","status-publish","has-post-thumbnail","hentry"],"yoast_head":"<!-- This site is optimized with the Yoast SEO Premium plugin v27.3 (Yoast SEO v27.3) - https:\/\/yoast.com\/product\/yoast-seo-premium-wordpress\/ -->\n<title>Stickers made in France - Qui\u00e9nes somos | StickerDeco.fr<\/title>\n<meta name=\"description\" content=\"STICKER DECO.FR, la f\u00e1brica de stickers made in France. Esta tienda es el fruto de un trabajo en equipo entre una pyme creada en 2011, especializada en la fabricaci\u00f3n de stickers para profesionales (veh\u00edculos, se\u00f1al\u00e9tica, decoraci\u00f3n de puntos de venta, \u2026), y dos emprendedores freelance. Esta colaboraci\u00f3n...\" \/>\n<meta name=\"robots\" content=\"index, follow, max-snippet:-1, max-image-preview:large, max-video-preview:-1\" \/>\n<link rel=\"canonical\" href=\"https:\/\/stickerdeco.fr\/es\/sobre-nosotros-stickers-made-in-france\/\" \/>\n<meta property=\"og:locale\" content=\"es_ES\" \/>\n<meta property=\"og:type\" content=\"article\" \/>\n<meta property=\"og:title\" content=\"Sobre nosotros | Stickers made in France\" \/>\n<meta property=\"og:description\" content=\"STICKER DECO.FR, la f\u00e1brica de stickers made in France. Esta tienda es el fruto de un trabajo en equipo entre una pyme creada en 2011, especializada en la fabricaci\u00f3n de stickers para profesionales (veh\u00edculos, se\u00f1al\u00e9tica, decoraci\u00f3n de puntos de venta, \u2026), y dos emprendedores freelance. Esta colaboraci\u00f3n...\" \/>\n<meta property=\"og:url\" content=\"https:\/\/stickerdeco.fr\/es\/sobre-nosotros-stickers-made-in-france\/\" \/>\n<meta property=\"og:site_name\" content=\"Sticker Deco\" \/>\n<meta property=\"article:publisher\" content=\"https:\/\/www.facebook.com\/stickerdeco.fr\/\" \/>\n<meta property=\"article:modified_time\" content=\"2026-02-28T12:24:27+00:00\" \/>\n<meta property=\"og:image\" content=\"https:\/\/stickerdeco.fr\/wp-content\/uploads\/2016\/05\/slim-header-stickerdeco.jpg\" \/>\n\t<meta property=\"og:image:width\" content=\"1903\" \/>\n\t<meta property=\"og:image:height\" content=\"136\" \/>\n\t<meta property=\"og:image:type\" content=\"image\/jpeg\" \/>\n<meta name=\"twitter:card\" content=\"summary_large_image\" \/>\n<meta name=\"twitter:label1\" content=\"Tiempo de lectura\" \/>\n\t<meta name=\"twitter:data1\" content=\"3 minuto\" \/>\n<script type=\"application\/ld+json\" class=\"yoast-schema-graph\">{\"@context\":\"https:\\\/\\\/schema.org\",\"@graph\":[{\"@type\":\"WebPage\",\"@id\":\"https:\\\/\\\/stickerdeco.fr\\\/es\\\/sobre-nosotros-stickers-made-in-france\\\/\",\"url\":\"https:\\\/\\\/stickerdeco.fr\\\/es\\\/sobre-nosotros-stickers-made-in-france\\\/\",\"name\":\"Stickers made in France - Qui\u00e9nes somos | StickerDeco.fr\",\"isPartOf\":{\"@id\":\"https:\\\/\\\/stickerdeco.fr\\\/es\\\/#website\"},\"primaryImageOfPage\":{\"@id\":\"https:\\\/\\\/stickerdeco.fr\\\/es\\\/sobre-nosotros-stickers-made-in-france\\\/#primaryimage\"},\"image\":{\"@id\":\"https:\\\/\\\/stickerdeco.fr\\\/es\\\/sobre-nosotros-stickers-made-in-france\\\/#primaryimage\"},\"thumbnailUrl\":\"https:\\\/\\\/stickerdeco.fr\\\/wp-content\\\/uploads\\\/2016\\\/05\\\/slim-header-stickerdeco.jpg\",\"datePublished\":\"2016-05-23T10:03:26+00:00\",\"dateModified\":\"2026-02-28T12:24:27+00:00\",\"description\":\"STICKER DECO.FR, la f\u00e1brica de stickers made in France. Esta tienda es el fruto de un trabajo en equipo entre una pyme creada en 2011, especializada en la fabricaci\u00f3n de stickers para profesionales (veh\u00edculos, se\u00f1al\u00e9tica, decoraci\u00f3n de puntos de venta, \u2026), y dos emprendedores freelance. Esta colaboraci\u00f3n...\",\"breadcrumb\":{\"@id\":\"https:\\\/\\\/stickerdeco.fr\\\/es\\\/sobre-nosotros-stickers-made-in-france\\\/#breadcrumb\"},\"inLanguage\":\"es\",\"potentialAction\":[{\"@type\":\"ReadAction\",\"target\":[\"https:\\\/\\\/stickerdeco.fr\\\/es\\\/sobre-nosotros-stickers-made-in-france\\\/\"]}]},{\"@type\":\"ImageObject\",\"inLanguage\":\"es\",\"@id\":\"https:\\\/\\\/stickerdeco.fr\\\/es\\\/sobre-nosotros-stickers-made-in-france\\\/#primaryimage\",\"url\":\"https:\\\/\\\/stickerdeco.fr\\\/wp-content\\\/uploads\\\/2016\\\/05\\\/slim-header-stickerdeco.jpg\",\"contentUrl\":\"https:\\\/\\\/stickerdeco.fr\\\/wp-content\\\/uploads\\\/2016\\\/05\\\/slim-header-stickerdeco.jpg\",\"width\":1903,\"height\":136,\"caption\":\"Stickers fabricados en Francia | Stickerdeco.fr\"},{\"@type\":\"BreadcrumbList\",\"@id\":\"https:\\\/\\\/stickerdeco.fr\\\/es\\\/sobre-nosotros-stickers-made-in-france\\\/#breadcrumb\",\"itemListElement\":[{\"@type\":\"ListItem\",\"position\":1,\"name\":\"Accueil\",\"item\":\"https:\\\/\\\/stickerdeco.fr\\\/es\\\/\"},{\"@type\":\"ListItem\",\"position\":2,\"name\":\"Sobre nosotros | Stickers made in France\"}]},{\"@type\":\"WebSite\",\"@id\":\"https:\\\/\\\/stickerdeco.fr\\\/es\\\/#website\",\"url\":\"https:\\\/\\\/stickerdeco.fr\\\/es\\\/\",\"name\":\"Sticker Deco\",\"description\":\"Le Sticker Made In France\",\"publisher\":{\"@id\":\"https:\\\/\\\/stickerdeco.fr\\\/es\\\/#organization\"},\"potentialAction\":[{\"@type\":\"SearchAction\",\"target\":{\"@type\":\"EntryPoint\",\"urlTemplate\":\"https:\\\/\\\/stickerdeco.fr\\\/es\\\/?s={search_term_string}\"},\"query-input\":{\"@type\":\"PropertyValueSpecification\",\"valueRequired\":true,\"valueName\":\"search_term_string\"}}],\"inLanguage\":\"es\"},{\"@type\":\"Organization\",\"@id\":\"https:\\\/\\\/stickerdeco.fr\\\/es\\\/#organization\",\"name\":\"Sticker D\u00e9co\",\"url\":\"https:\\\/\\\/stickerdeco.fr\\\/es\\\/\",\"logo\":{\"@type\":\"ImageObject\",\"inLanguage\":\"es\",\"@id\":\"https:\\\/\\\/stickerdeco.fr\\\/es\\\/#\\\/schema\\\/logo\\\/image\\\/\",\"url\":\"https:\\\/\\\/stickerdeco.fr\\\/wp-content\\\/uploads\\\/1987\\\/05\\\/stickerdeco-logo-v2-carre.png\",\"contentUrl\":\"https:\\\/\\\/stickerdeco.fr\\\/wp-content\\\/uploads\\\/1987\\\/05\\\/stickerdeco-logo-v2-carre.png\",\"width\":1000,\"height\":1000,\"caption\":\"Sticker D\u00e9co\"},\"image\":{\"@id\":\"https:\\\/\\\/stickerdeco.fr\\\/es\\\/#\\\/schema\\\/logo\\\/image\\\/\"},\"sameAs\":[\"https:\\\/\\\/www.facebook.com\\\/stickerdeco.fr\\\/\",\"https:\\\/\\\/www.instagram.com\\\/stickerdecofr\\\/\",\"https:\\\/\\\/www.pinterest.fr\\\/stickerdecofr\\\/\",\"https:\\\/\\\/www.youtube.com\\\/StickerDeco\"],\"email\":\"contact@stickerdeco.fr\",\"telephone\":\"0980809233\",\"legalName\":\"Sticker D\u00e9co\"}]}<\/script>\n<!-- \/ Yoast SEO Premium plugin. -->","yoast_head_json":{"title":"Stickers made in France - Qui\u00e9nes somos | StickerDeco.fr","description":"STICKER DECO.FR, la f\u00e1brica de stickers made in France. Esta tienda es el fruto de un trabajo en equipo entre una pyme creada en 2011, especializada en la fabricaci\u00f3n de stickers para profesionales (veh\u00edculos, se\u00f1al\u00e9tica, decoraci\u00f3n de puntos de venta, \u2026), y dos emprendedores freelance. Esta colaboraci\u00f3n...","robots":{"index":"index","follow":"follow","max-snippet":"max-snippet:-1","max-image-preview":"max-image-preview:large","max-video-preview":"max-video-preview:-1"},"canonical":"https:\/\/stickerdeco.fr\/es\/sobre-nosotros-stickers-made-in-france\/","og_locale":"es_ES","og_type":"article","og_title":"Sobre nosotros | Stickers made in France","og_description":"STICKER DECO.FR, la f\u00e1brica de stickers made in France. Esta tienda es el fruto de un trabajo en equipo entre una pyme creada en 2011, especializada en la fabricaci\u00f3n de stickers para profesionales (veh\u00edculos, se\u00f1al\u00e9tica, decoraci\u00f3n de puntos de venta, \u2026), y dos emprendedores freelance. Esta colaboraci\u00f3n...","og_url":"https:\/\/stickerdeco.fr\/es\/sobre-nosotros-stickers-made-in-france\/","og_site_name":"Sticker Deco","article_publisher":"https:\/\/www.facebook.com\/stickerdeco.fr\/","article_modified_time":"2026-02-28T12:24:27+00:00","og_image":[{"width":1903,"height":136,"url":"https:\/\/stickerdeco.fr\/wp-content\/uploads\/2016\/05\/slim-header-stickerdeco.jpg","type":"image\/jpeg"}],"twitter_card":"summary_large_image","twitter_misc":{"Tiempo de lectura":"3 minuto"},"schema":{"@context":"https:\/\/schema.org","@graph":[{"@type":"WebPage","@id":"https:\/\/stickerdeco.fr\/es\/sobre-nosotros-stickers-made-in-france\/","url":"https:\/\/stickerdeco.fr\/es\/sobre-nosotros-stickers-made-in-france\/","name":"Stickers made in France - Qui\u00e9nes somos | StickerDeco.fr","isPartOf":{"@id":"https:\/\/stickerdeco.fr\/es\/#website"},"primaryImageOfPage":{"@id":"https:\/\/stickerdeco.fr\/es\/sobre-nosotros-stickers-made-in-france\/#primaryimage"},"image":{"@id":"https:\/\/stickerdeco.fr\/es\/sobre-nosotros-stickers-made-in-france\/#primaryimage"},"thumbnailUrl":"https:\/\/stickerdeco.fr\/wp-content\/uploads\/2016\/05\/slim-header-stickerdeco.jpg","datePublished":"2016-05-23T10:03:26+00:00","dateModified":"2026-02-28T12:24:27+00:00","description":"STICKER DECO.FR, la f\u00e1brica de stickers made in France. Esta tienda es el fruto de un trabajo en equipo entre una pyme creada en 2011, especializada en la fabricaci\u00f3n de stickers para profesionales (veh\u00edculos, se\u00f1al\u00e9tica, decoraci\u00f3n de puntos de venta, \u2026), y dos emprendedores freelance. Esta colaboraci\u00f3n...","breadcrumb":{"@id":"https:\/\/stickerdeco.fr\/es\/sobre-nosotros-stickers-made-in-france\/#breadcrumb"},"inLanguage":"es","potentialAction":[{"@type":"ReadAction","target":["https:\/\/stickerdeco.fr\/es\/sobre-nosotros-stickers-made-in-france\/"]}]},{"@type":"ImageObject","inLanguage":"es","@id":"https:\/\/stickerdeco.fr\/es\/sobre-nosotros-stickers-made-in-france\/#primaryimage","url":"https:\/\/stickerdeco.fr\/wp-content\/uploads\/2016\/05\/slim-header-stickerdeco.jpg","contentUrl":"https:\/\/stickerdeco.fr\/wp-content\/uploads\/2016\/05\/slim-header-stickerdeco.jpg","width":1903,"height":136,"caption":"Stickers fabricados en Francia | Stickerdeco.fr"},{"@type":"BreadcrumbList","@id":"https:\/\/stickerdeco.fr\/es\/sobre-nosotros-stickers-made-in-france\/#breadcrumb","itemListElement":[{"@type":"ListItem","position":1,"name":"Accueil","item":"https:\/\/stickerdeco.fr\/es\/"},{"@type":"ListItem","position":2,"name":"Sobre nosotros | Stickers made in France"}]},{"@type":"WebSite","@id":"https:\/\/stickerdeco.fr\/es\/#website","url":"https:\/\/stickerdeco.fr\/es\/","name":"Sticker Deco","description":"Le Sticker Made In France","publisher":{"@id":"https:\/\/stickerdeco.fr\/es\/#organization"},"potentialAction":[{"@type":"SearchAction","target":{"@type":"EntryPoint","urlTemplate":"https:\/\/stickerdeco.fr\/es\/?s={search_term_string}"},"query-input":{"@type":"PropertyValueSpecification","valueRequired":true,"valueName":"search_term_string"}}],"inLanguage":"es"},{"@type":"Organization","@id":"https:\/\/stickerdeco.fr\/es\/#organization","name":"Sticker D\u00e9co","url":"https:\/\/stickerdeco.fr\/es\/","logo":{"@type":"ImageObject","inLanguage":"es","@id":"https:\/\/stickerdeco.fr\/es\/#\/schema\/logo\/image\/","url":"https:\/\/stickerdeco.fr\/wp-content\/uploads\/1987\/05\/stickerdeco-logo-v2-carre.png","contentUrl":"https:\/\/stickerdeco.fr\/wp-content\/uploads\/1987\/05\/stickerdeco-logo-v2-carre.png","width":1000,"height":1000,"caption":"Sticker D\u00e9co"},"image":{"@id":"https:\/\/stickerdeco.fr\/es\/#\/schema\/logo\/image\/"},"sameAs":["https:\/\/www.facebook.com\/stickerdeco.fr\/","https:\/\/www.instagram.com\/stickerdecofr\/","https:\/\/www.pinterest.fr\/stickerdecofr\/","https:\/\/www.youtube.com\/StickerDeco"],"email":"contact@stickerdeco.fr","telephone":"0980809233","legalName":"Sticker D\u00e9co"}]}},"_links":{"self":[{"href":"https:\/\/stickerdeco.fr\/es\/wp-json\/wp\/v2\/pages\/117653","targetHints":{"allow":["GET"]}}],"collection":[{"href":"https:\/\/stickerdeco.fr\/es\/wp-json\/wp\/v2\/pages"}],"about":[{"href":"https:\/\/stickerdeco.fr\/es\/wp-json\/wp\/v2\/types\/page"}],"author":[{"embeddable":true,"href":"https:\/\/stickerdeco.fr\/es\/wp-json\/wp\/v2\/users\/1"}],"replies":[{"embeddable":true,"href":"https:\/\/stickerdeco.fr\/es\/wp-json\/wp\/v2\/comments?post=117653"}],"version-history":[{"count":340,"href":"https:\/\/stickerdeco.fr\/es\/wp-json\/wp\/v2\/pages\/117653\/revisions"}],"predecessor-version":[{"id":120955,"href":"https:\/\/stickerdeco.fr\/es\/wp-json\/wp\/v2\/pages\/117653\/revisions\/120955"}],"wp:featuredmedia":[{"embeddable":true,"href":"https:\/\/stickerdeco.fr\/es\/wp-json\/wp\/v2\/media\/117519"}],"wp:attachment":[{"href":"https:\/\/stickerdeco.fr\/es\/wp-json\/wp\/v2\/media?parent=117653"}],"curies":[{"name":"wp","href":"https:\/\/api.w.org\/{rel}","templated":true}]}}