{"id":117825,"date":"2023-10-18T16:34:19","date_gmt":"2023-10-18T14:34:19","guid":{"rendered":"https:\/\/stickerdeco.fr\/politica-de-privacidad\/"},"modified":"2026-02-28T10:40:45","modified_gmt":"2026-02-28T09:40:45","slug":"politica-de-privacidad","status":"publish","type":"page","link":"https:\/\/stickerdeco.fr\/es\/politica-de-privacidad\/","title":{"rendered":"Pol\u00edtica de privacidad"},"content":{"rendered":"&#13;\n<h2 class=\"wp-block-heading\">\u00bfQui\u00e9nes somos?<\/h2>&#13;\n&#13;\n<p>La direcci\u00f3n de nuestro sitio web es: https:\/\/stickerdeco.fr.<\/p>&#13;\n&#13;\n<h2 class=\"wp-block-heading\">Comentarios<\/h2>&#13;\n&#13;\n<p>Cuando dejas un comentario en nuestro sitio, los datos introducidos en el formulario de comentarios, as\u00ed como tu direcci\u00f3n IP y el agente de usuario de tu navegador, se recopilan para ayudarnos a detectar comentarios no deseados.<\/p>&#13;\n&#13;\n<h2 class=\"wp-block-heading\">Medios<\/h2>&#13;\n&#13;\n<p>Si subes im\u00e1genes al sitio web, te aconsejamos evitar subir im\u00e1genes que contengan datos EXIF de coordenadas GPS. Las personas que visiten el sitio pueden descargar y extraer datos de ubicaci\u00f3n de esas im\u00e1genes.<\/p>&#13;\n&#13;\n<h2 class=\"wp-block-heading\">Cookies<\/h2>&#13;\n&#13;\n<p>Si dejas un comentario en nuestro sitio, se te ofrecer\u00e1 guardar tu nombre, correo electr\u00f3nico y sitio web en cookies. Esto es solo para tu comodidad, para que no tengas que volver a introducir estos datos si dejas otro comentario m\u00e1s adelante. Estas cookies caducan al cabo de un a\u00f1o.<\/p>&#13;\n&#13;\n<p>Si visitas la p\u00e1gina de acceso, se crear\u00e1 una cookie temporal para determinar si tu navegador acepta cookies. No contiene datos personales y se eliminar\u00e1 autom\u00e1ticamente al cerrar el navegador.<\/p>&#13;\n&#13;\n<p>Cuando inicies sesi\u00f3n, instalaremos varias cookies para guardar tu informaci\u00f3n de acceso y tus preferencias de pantalla. La vida \u00fatil de una cookie de acceso es de dos d\u00edas; la de una cookie de opciones de pantalla es de un a\u00f1o. Si seleccionas \u00abRecordarme\u00bb, tu cookie de acceso se conservar\u00e1 durante dos semanas. Si cierras sesi\u00f3n en tu cuenta, la cookie de acceso se eliminar\u00e1.<\/p>&#13;\n&#13;\n<p>Al editar o publicar una entrada, se guardar\u00e1 una cookie adicional en tu navegador. Esta cookie no incluye datos personales. Simplemente indica el ID de la entrada que acabas de editar. Caduca al cabo de un d\u00eda.<\/p>&#13;\n&#13;\n<h2 class=\"wp-block-heading\">Contenido incrustado de otros sitios web<\/h2>&#13;\n&#13;\n<p>Los art\u00edculos de este sitio pueden incluir contenido incrustado (por ejemplo, v\u00eddeos, im\u00e1genes, art\u00edculos\u2026). El contenido incrustado de otros sitios se comporta exactamente igual que si el visitante hubiera visitado ese otro sitio.<\/p>&#13;\n&#13;\n<p>Estos sitios web podr\u00edan recopilar datos sobre ti, usar cookies, incrustar herramientas de seguimiento de terceros y rastrear tus interacciones con ese contenido incrustado si tienes una cuenta y has iniciado sesi\u00f3n en su sitio web.<\/p>&#13;\n&#13;\n<h2 class=\"wp-block-heading\">Uso y transmisi\u00f3n de tus datos personales<\/h2>&#13;\n&#13;\n<p>Si solicitas un restablecimiento de contrase\u00f1a, tu direcci\u00f3n IP se incluir\u00e1 en el correo electr\u00f3nico de restablecimiento.<\/p>&#13;\n&#13;\n<h2 class=\"wp-block-heading\">Durante cu\u00e1nto tiempo conservamos tus datos<\/h2>&#13;\n&#13;\n<p>Si dejas un comentario, el comentario y sus metadatos se conservan indefinidamente. Esto nos permite reconocer y aprobar autom\u00e1ticamente los comentarios posteriores, en lugar de mantenerlos en una cola de moderaci\u00f3n.<\/p>&#13;\n&#13;\n<p>Para las cuentas que se registran en nuestro sitio (si corresponde), tambi\u00e9n almacenamos la informaci\u00f3n personal indicada en su perfil. Todas las cuentas pueden ver, editar o eliminar su informaci\u00f3n personal en cualquier momento (excepto que no pueden cambiar su nombre de usuario). Los administradores del sitio tambi\u00e9n pueden ver y editar esa informaci\u00f3n.<\/p>&#13;\n&#13;\n<h2 class=\"wp-block-heading\">Los derechos que tienes sobre tus datos<\/h2>&#13;\n&#13;\n<p>Si tienes una cuenta o has dejado comentarios en el sitio, puedes solicitar recibir un archivo exportado con los datos personales que tenemos sobre ti, incluidos los que nos hayas proporcionado. Tambi\u00e9n puedes solicitar la eliminaci\u00f3n de los datos personales que tengamos sobre ti. Esto no incluye los datos que estamos obligados a conservar con fines administrativos, legales o de seguridad.<\/p>&#13;\n&#13;\n<h2 class=\"wp-block-heading\">A d\u00f3nde se env\u00edan tus datos<\/h2>&#13;\n&#13;\n<p>Los comentarios de los visitantes pueden revisarse mediante un servicio automatizado de detecci\u00f3n de spam.<\/p>&#13;\n","protected":false},"excerpt":{"rendered":"<p>&#13; \u00bfQui\u00e9nes somos? &#13; &#13; La direcci\u00f3n de nuestro sitio web es: https:\/\/stickerdeco.fr. &#13; &#13;&#8230;<\/p>\n","protected":false},"author":1,"featured_media":0,"parent":0,"menu_order":0,"comment_status":"closed","ping_status":"closed","template":"","meta":{"footnotes":""},"class_list":["post-117825","page","type-page","status-publish","hentry"],"yoast_head":"<!-- This site is optimized with the Yoast SEO Premium plugin v27.3 (Yoast SEO v27.3) - https:\/\/yoast.com\/product\/yoast-seo-premium-wordpress\/ -->\n<title>Pol\u00edtica de privacidad - Sticker Deco<\/title>\n<meta name=\"description\" content=\"Esta p\u00e1gina describe la Pol\u00edtica de privacidad en el sitio web de Sticker D\u00e9co.\" \/>\n<meta name=\"robots\" content=\"index, follow, max-snippet:-1, max-image-preview:large, max-video-preview:-1\" \/>\n<link rel=\"canonical\" href=\"https:\/\/stickerdeco.fr\/es\/politica-de-privacidad\/\" \/>\n<meta property=\"og:locale\" content=\"es_ES\" \/>\n<meta property=\"og:type\" content=\"article\" \/>\n<meta property=\"og:title\" content=\"Pol\u00edtica de privacidad\" \/>\n<meta property=\"og:description\" content=\"Esta p\u00e1gina describe la Pol\u00edtica de privacidad en el sitio web de Sticker D\u00e9co.\" \/>\n<meta property=\"og:url\" content=\"https:\/\/stickerdeco.fr\/es\/politica-de-privacidad\/\" \/>\n<meta property=\"og:site_name\" content=\"Sticker Deco\" \/>\n<meta property=\"article:publisher\" content=\"https:\/\/www.facebook.com\/stickerdeco.fr\/\" \/>\n<meta property=\"article:modified_time\" content=\"2026-02-28T09:40:45+00:00\" \/>\n<meta property=\"og:image\" content=\"https:\/\/stickerdeco.fr\/wp-content\/uploads\/2020\/02\/facebook-stickerdeco-madeinfrance-2020.jpg\" \/>\n\t<meta property=\"og:image:width\" content=\"820\" \/>\n\t<meta property=\"og:image:height\" content=\"312\" \/>\n\t<meta property=\"og:image:type\" content=\"image\/png\" \/>\n<meta name=\"twitter:card\" content=\"summary_large_image\" \/>\n<meta name=\"twitter:label1\" content=\"Tiempo de lectura\" \/>\n\t<meta name=\"twitter:data1\" content=\"3 minuto\" \/>\n<script type=\"application\/ld+json\" class=\"yoast-schema-graph\">{\"@context\":\"https:\\\/\\\/schema.org\",\"@graph\":[{\"@type\":\"WebPage\",\"@id\":\"https:\\\/\\\/stickerdeco.fr\\\/es\\\/politica-de-privacidad\\\/\",\"url\":\"https:\\\/\\\/stickerdeco.fr\\\/es\\\/politica-de-privacidad\\\/\",\"name\":\"Pol\u00edtica de privacidad - Sticker Deco\",\"isPartOf\":{\"@id\":\"https:\\\/\\\/stickerdeco.fr\\\/es\\\/#website\"},\"datePublished\":\"2023-10-18T14:34:19+00:00\",\"dateModified\":\"2026-02-28T09:40:45+00:00\",\"description\":\"Esta p\u00e1gina describe la Pol\u00edtica de privacidad en el sitio web de Sticker D\u00e9co.\",\"breadcrumb\":{\"@id\":\"https:\\\/\\\/stickerdeco.fr\\\/es\\\/politica-de-privacidad\\\/#breadcrumb\"},\"inLanguage\":\"es\",\"potentialAction\":[{\"@type\":\"ReadAction\",\"target\":[\"https:\\\/\\\/stickerdeco.fr\\\/es\\\/politica-de-privacidad\\\/\"]}]},{\"@type\":\"BreadcrumbList\",\"@id\":\"https:\\\/\\\/stickerdeco.fr\\\/es\\\/politica-de-privacidad\\\/#breadcrumb\",\"itemListElement\":[{\"@type\":\"ListItem\",\"position\":1,\"name\":\"Accueil\",\"item\":\"https:\\\/\\\/stickerdeco.fr\\\/es\\\/\"},{\"@type\":\"ListItem\",\"position\":2,\"name\":\"Pol\u00edtica de privacidad\"}]},{\"@type\":\"WebSite\",\"@id\":\"https:\\\/\\\/stickerdeco.fr\\\/es\\\/#website\",\"url\":\"https:\\\/\\\/stickerdeco.fr\\\/es\\\/\",\"name\":\"Sticker Deco\",\"description\":\"Le Sticker Made In France\",\"publisher\":{\"@id\":\"https:\\\/\\\/stickerdeco.fr\\\/es\\\/#organization\"},\"potentialAction\":[{\"@type\":\"SearchAction\",\"target\":{\"@type\":\"EntryPoint\",\"urlTemplate\":\"https:\\\/\\\/stickerdeco.fr\\\/es\\\/?s={search_term_string}\"},\"query-input\":{\"@type\":\"PropertyValueSpecification\",\"valueRequired\":true,\"valueName\":\"search_term_string\"}}],\"inLanguage\":\"es\"},{\"@type\":\"Organization\",\"@id\":\"https:\\\/\\\/stickerdeco.fr\\\/es\\\/#organization\",\"name\":\"Sticker D\u00e9co\",\"url\":\"https:\\\/\\\/stickerdeco.fr\\\/es\\\/\",\"logo\":{\"@type\":\"ImageObject\",\"inLanguage\":\"es\",\"@id\":\"https:\\\/\\\/stickerdeco.fr\\\/es\\\/#\\\/schema\\\/logo\\\/image\\\/\",\"url\":\"https:\\\/\\\/stickerdeco.fr\\\/wp-content\\\/uploads\\\/1987\\\/05\\\/stickerdeco-logo-v2-carre.png\",\"contentUrl\":\"https:\\\/\\\/stickerdeco.fr\\\/wp-content\\\/uploads\\\/1987\\\/05\\\/stickerdeco-logo-v2-carre.png\",\"width\":1000,\"height\":1000,\"caption\":\"Sticker D\u00e9co\"},\"image\":{\"@id\":\"https:\\\/\\\/stickerdeco.fr\\\/es\\\/#\\\/schema\\\/logo\\\/image\\\/\"},\"sameAs\":[\"https:\\\/\\\/www.facebook.com\\\/stickerdeco.fr\\\/\",\"https:\\\/\\\/www.instagram.com\\\/stickerdecofr\\\/\",\"https:\\\/\\\/www.pinterest.fr\\\/stickerdecofr\\\/\",\"https:\\\/\\\/www.youtube.com\\\/StickerDeco\"],\"email\":\"contact@stickerdeco.fr\",\"telephone\":\"0980809233\",\"legalName\":\"Sticker D\u00e9co\"}]}<\/script>\n<!-- \/ Yoast SEO Premium plugin. -->","yoast_head_json":{"title":"Pol\u00edtica de privacidad - Sticker Deco","description":"Esta p\u00e1gina describe la Pol\u00edtica de privacidad en el sitio web de Sticker D\u00e9co.","robots":{"index":"index","follow":"follow","max-snippet":"max-snippet:-1","max-image-preview":"max-image-preview:large","max-video-preview":"max-video-preview:-1"},"canonical":"https:\/\/stickerdeco.fr\/es\/politica-de-privacidad\/","og_locale":"es_ES","og_type":"article","og_title":"Pol\u00edtica de privacidad","og_description":"Esta p\u00e1gina describe la Pol\u00edtica de privacidad en el sitio web de Sticker D\u00e9co.","og_url":"https:\/\/stickerdeco.fr\/es\/politica-de-privacidad\/","og_site_name":"Sticker Deco","article_publisher":"https:\/\/www.facebook.com\/stickerdeco.fr\/","article_modified_time":"2026-02-28T09:40:45+00:00","og_image":[{"width":820,"height":312,"url":"https:\/\/stickerdeco.fr\/wp-content\/uploads\/2020\/02\/facebook-stickerdeco-madeinfrance-2020.jpg","type":"image\/png"}],"twitter_card":"summary_large_image","twitter_misc":{"Tiempo de lectura":"3 minuto"},"schema":{"@context":"https:\/\/schema.org","@graph":[{"@type":"WebPage","@id":"https:\/\/stickerdeco.fr\/es\/politica-de-privacidad\/","url":"https:\/\/stickerdeco.fr\/es\/politica-de-privacidad\/","name":"Pol\u00edtica de privacidad - Sticker Deco","isPartOf":{"@id":"https:\/\/stickerdeco.fr\/es\/#website"},"datePublished":"2023-10-18T14:34:19+00:00","dateModified":"2026-02-28T09:40:45+00:00","description":"Esta p\u00e1gina describe la Pol\u00edtica de privacidad en el sitio web de Sticker D\u00e9co.","breadcrumb":{"@id":"https:\/\/stickerdeco.fr\/es\/politica-de-privacidad\/#breadcrumb"},"inLanguage":"es","potentialAction":[{"@type":"ReadAction","target":["https:\/\/stickerdeco.fr\/es\/politica-de-privacidad\/"]}]},{"@type":"BreadcrumbList","@id":"https:\/\/stickerdeco.fr\/es\/politica-de-privacidad\/#breadcrumb","itemListElement":[{"@type":"ListItem","position":1,"name":"Accueil","item":"https:\/\/stickerdeco.fr\/es\/"},{"@type":"ListItem","position":2,"name":"Pol\u00edtica de privacidad"}]},{"@type":"WebSite","@id":"https:\/\/stickerdeco.fr\/es\/#website","url":"https:\/\/stickerdeco.fr\/es\/","name":"Sticker Deco","description":"Le Sticker Made In France","publisher":{"@id":"https:\/\/stickerdeco.fr\/es\/#organization"},"potentialAction":[{"@type":"SearchAction","target":{"@type":"EntryPoint","urlTemplate":"https:\/\/stickerdeco.fr\/es\/?s={search_term_string}"},"query-input":{"@type":"PropertyValueSpecification","valueRequired":true,"valueName":"search_term_string"}}],"inLanguage":"es"},{"@type":"Organization","@id":"https:\/\/stickerdeco.fr\/es\/#organization","name":"Sticker D\u00e9co","url":"https:\/\/stickerdeco.fr\/es\/","logo":{"@type":"ImageObject","inLanguage":"es","@id":"https:\/\/stickerdeco.fr\/es\/#\/schema\/logo\/image\/","url":"https:\/\/stickerdeco.fr\/wp-content\/uploads\/1987\/05\/stickerdeco-logo-v2-carre.png","contentUrl":"https:\/\/stickerdeco.fr\/wp-content\/uploads\/1987\/05\/stickerdeco-logo-v2-carre.png","width":1000,"height":1000,"caption":"Sticker D\u00e9co"},"image":{"@id":"https:\/\/stickerdeco.fr\/es\/#\/schema\/logo\/image\/"},"sameAs":["https:\/\/www.facebook.com\/stickerdeco.fr\/","https:\/\/www.instagram.com\/stickerdecofr\/","https:\/\/www.pinterest.fr\/stickerdecofr\/","https:\/\/www.youtube.com\/StickerDeco"],"email":"contact@stickerdeco.fr","telephone":"0980809233","legalName":"Sticker D\u00e9co"}]}},"_links":{"self":[{"href":"https:\/\/stickerdeco.fr\/es\/wp-json\/wp\/v2\/pages\/117825","targetHints":{"allow":["GET"]}}],"collection":[{"href":"https:\/\/stickerdeco.fr\/es\/wp-json\/wp\/v2\/pages"}],"about":[{"href":"https:\/\/stickerdeco.fr\/es\/wp-json\/wp\/v2\/types\/page"}],"author":[{"embeddable":true,"href":"https:\/\/stickerdeco.fr\/es\/wp-json\/wp\/v2\/users\/1"}],"replies":[{"embeddable":true,"href":"https:\/\/stickerdeco.fr\/es\/wp-json\/wp\/v2\/comments?post=117825"}],"version-history":[{"count":1,"href":"https:\/\/stickerdeco.fr\/es\/wp-json\/wp\/v2\/pages\/117825\/revisions"}],"predecessor-version":[{"id":117826,"href":"https:\/\/stickerdeco.fr\/es\/wp-json\/wp\/v2\/pages\/117825\/revisions\/117826"}],"wp:attachment":[{"href":"https:\/\/stickerdeco.fr\/es\/wp-json\/wp\/v2\/media?parent=117825"}],"curies":[{"name":"wp","href":"https:\/\/api.w.org\/{rel}","templated":true}]}}