{"id":122845,"date":"2026-01-21T11:20:43","date_gmt":"2026-01-21T10:20:43","guid":{"rendered":"https:\/\/stickerdeco.fr\/produit\/vinilo-para-puertas-roble-con-ranuras\/"},"modified":"2026-03-05T22:49:19","modified_gmt":"2026-03-05T21:49:19","slug":"vinilo-para-puertas-roble-con-ranuras","status":"publish","type":"product","link":"https:\/\/stickerdeco.fr\/es\/produit\/vinilo-para-puertas-roble-con-ranuras\/","title":{"rendered":"Vinilo para puertas de roble con ranuras"},"content":{"rendered":"<div class=\"wpb-content-wrapper\"><p>[vc_row][vc_column][vc_column_text]<\/p>\n<h2><span style=\"font-size: 14pt;\"><strong>El Vinilo para puertas de roble con ranuras<\/strong><\/span><\/h2>\n<p><span style=\"font-size: 11pt;\">\u00bfQuieres cambiar la <strong>decoraci\u00f3n<\/strong> de tu hogar? Entonces este precioso <strong>Vinilo para puertas de roble con ranuras<\/strong> est\u00e1 hecho para ti. No hay duda de que este <strong>Vinilo para puertas de roble con ranuras<\/strong> te encantar\u00e1 gracias a nuestro vinilo adhesivo de alta calidad. Es <strong>f\u00e1cil de colocar<\/strong>. Con este sticker, <strong>personalizar tu interior<\/strong> \u00a1est\u00e1 al alcance de todos!<\/span><\/p>\n<h3><span style=\"font-size: 12pt;\"><strong>Vinilo de alta calidad, colocaci\u00f3n sin burbujas<\/strong><\/span><\/h3>\n<p><span style=\"font-size: 11pt;\">Nuestros vinilos se imprimen en material premium y se laminan para una gran durabilidad. El acabado mate reduce los reflejos y aporta un aspecto elegante. Son f\u00e1ciles de limpiar, lavables y resistentes a las salpicaduras, perfectos para el d\u00eda a d\u00eda.<\/span><\/p>\n<h3><span style=\"font-size: 12pt;\"><strong>Un sticker que se adapta a tu hogar<\/strong><\/span><\/h3>\n<p><span style=\"font-size: 11pt;\">Disponibles en varias medidas, nuestros vinilos para puertas se adaptan a la mayor\u00eda de puertas est\u00e1ndar. Tambi\u00e9n puedes solicitar un tama\u00f1o a medida para que encaje perfectamente con tu proyecto.<\/span><\/p>\n<h3><span style=\"font-size: 12pt;\"><strong>\u00bfNecesitas inspiraci\u00f3n?<\/strong><\/span><\/h3>\n<p><span style=\"font-size: 11pt;\">Descubre nuestras otras colecciones en Stickerdeco.fr:<\/span><\/p>\n<ul>\n<li><span style=\"font-size: 11pt;\"><strong><a href=\"https:\/\/stickerdeco.fr\/es\/cat\/vinilos-de-pared\/\">Vinilos de pared<\/a><\/strong><\/span><\/li>\n<li><span style=\"font-size: 11pt;\"><strong><a href=\"\/?product_cat=stickers-portes\">Vinilo para puertas<\/a><\/strong><\/span><\/li>\n<li><span style=\"font-size: 11pt;\"><strong><a href=\"\/?product_cat=stickers-meubles\">Vinilos para muebles<\/a><\/strong><\/span><\/li>\n<li><span style=\"font-size: 11pt;\"><strong><a href=\"https:\/\/stickerdeco.fr\/es\/cat\/vinilos-para-azulejos\/\">Vinilos para azulejos<\/a><\/strong><\/span><\/li>\n<li><span style=\"font-size: 11pt;\"><strong><a href=\"https:\/\/stickerdeco.fr\/es\/cat\/vinilos-para-techo\/\">Vinilos para techo<\/a><\/strong><\/span><\/li>\n<li><span style=\"font-size: 11pt;\"><strong><a href=\"https:\/\/stickerdeco.fr\/es\/cat\/salpicaderos-adhesivos\/\">Salpicaderos adhesivos<\/a><\/strong><\/span><\/li>\n<li><span style=\"font-size: 11pt;\"><strong><a href=\"\/?product_cat=stickers-muraux-fleurs\">Vinilos de flores<\/a><\/strong>, <\/span><\/li>\n<li><span style=\"font-size: 11pt;\"><strong><a href=\"\/?product_cat=stickers-muraux-mangas-et-cartoons\">Vinilos de manga<\/a><\/strong> \u00a1y mucho m\u00e1s!<\/span><\/li>\n<\/ul>\n<p><span style=\"font-size: 14pt; color: #d64444;\"><strong>ADHESIVO DE MUY ALTA CALIDAD = COLOCACI\u00d3N F\u00c1CIL, GARANT\u00cdA SIN BURBUJAS<\/strong><\/span>[\/vc_column_text][\/vc_column][\/vc_row]<\/p>\n<\/div>","protected":false},"excerpt":{"rendered":"<p>Transforma tu hogar con el <strong data-start=\"80\" data-end=\"117\">Vinilo para puertas de roble con ranuras<\/strong>, una soluci\u00f3n elegante para dar car\u00e1cter a tus puertas. Su motivo de madera clara con finas ranuras horizontales imita a la perfecci\u00f3n el aspecto natural del roble, creando un ambiente c\u00e1lido y aut\u00e9ntico.<\/p>\n<p>El <strong data-start=\"333\" data-end=\"370\">Vinilo para puertas de roble con ranuras<\/strong> se integra armoniosamente en interiores de estilo escandinavo, r\u00fastico o contempor\u00e1neo, aportando un toque de relieve y textura refinada a tu decoraci\u00f3n.<\/p>\n<p><strong>Caracter\u00edsticas del producto:<\/strong><\/p>\n<ul class=\"product-short-desc-list\">\n<li>Vinilo para puertas: colocaci\u00f3n f\u00e1cil y sin burbujas<\/li>\n<li>Se entrega en una sola pieza: sin montajes tediosos ni pegado adicional<\/li>\n<li>Superficie laminada con acabado mate: aspecto elegante, poca reflexi\u00f3n y gran durabilidad<\/li>\n<li>Apto para superficies lisas (puertas pintadas\/laminadas, pl\u00e1stico, vidrio, etc.)<\/li>\n<li>F\u00e1cil de limpiar, lavable y resistente a las salpicaduras<\/li>\n<li>Euroclase B-s1,d0 (equiv. M1 en Francia)<\/li>\n<li>Impresi\u00f3n ecol\u00f3gica UL ECOLOGO\u00ae y UL GREENGUARD Gold: bajas emisiones y sin olor, apta para interiores sensibles<\/li>\n<\/ul>\n<p><span style=\"color: #d64444;\"><strong>Varias medidas disponibles para adaptarse a todas tus puertas (posible a medida bajo pedido).<\/strong><\/span><\/p>\n<hr \/>\n","protected":false},"featured_media":122846,"template":"","meta":[],"product_brand":[],"product_cat":[4559],"product_tag":[6528,6529,6530,6532,6721,6535,6533,6708,6534,6709,4755,6531],"class_list":{"0":"post-122845","1":"product","2":"type-product","3":"status-publish","4":"has-post-thumbnail","6":"product_cat-vinilos-para-puertas","7":"product_tag-pegatinas-efecto-madera","8":"product_tag-pegatinas-para-puerta-63-x-204-cm","9":"product_tag-pegatinas-para-puerta-73-x-204-cm","10":"product_tag-pegatinas-para-puerta-93-x-204-cm","11":"product_tag-pegatinas-puerta-bano","12":"product_tag-pegatinas-puerta-chambre","13":"product_tag-pegatinas-puerta-cocina","14":"product_tag-pegatinas-puerta-madera","15":"product_tag-pegatinas-puerta-salon","16":"product_tag-pegatinas-puerta-trompe-loeil","17":"product_tag-pegatinas-trompe-loeil","18":"product_tag-stickers-puerta-83-x-204-cm","20":"first","21":"instock","22":"sale","23":"featured","24":"taxable","25":"shipping-taxable","26":"purchasable","27":"product-type-variable"},"etheme_brands":{"errors":{"invalid_taxonomy":["Taxonom\u00eda no v\u00e1lida."]},"error_data":[]},"yoast_head":"<!-- This site is optimized with the Yoast SEO Premium plugin v27.3 (Yoast SEO v27.3) - https:\/\/yoast.com\/product\/yoast-seo-premium-wordpress\/ -->\n<title>Vinilo para puertas de roble con ranuras | Vinilo para puertas | Stickerdeco.fr<\/title>\n<meta name=\"description\" content=\"Aporta encanto y naturalidad a tus puertas con el vinilo para puertas de roble con ranuras, con un efecto madera clara realista y elegante para una decoraci\u00f3n c\u00e1lida.\" \/>\n<meta name=\"robots\" content=\"index, follow, max-snippet:-1, max-image-preview:large, max-video-preview:-1\" \/>\n<link rel=\"canonical\" href=\"https:\/\/stickerdeco.fr\/es\/produit\/vinilo-para-puertas-roble-con-ranuras\/\" \/>\n<meta property=\"og:locale\" content=\"es_ES\" \/>\n<meta property=\"og:type\" content=\"article\" \/>\n<meta property=\"og:title\" content=\"Vinilo para puertas de roble con ranuras\" \/>\n<meta property=\"og:description\" content=\"Aporta encanto y naturalidad a tus puertas con el vinilo para puertas de roble con ranuras, con un efecto madera clara realista y elegante para una decoraci\u00f3n c\u00e1lida.\" \/>\n<meta property=\"og:url\" content=\"https:\/\/stickerdeco.fr\/es\/produit\/vinilo-para-puertas-roble-con-ranuras\/\" \/>\n<meta property=\"og:site_name\" content=\"Sticker Deco\" \/>\n<meta property=\"article:publisher\" content=\"https:\/\/www.facebook.com\/stickerdeco.fr\/\" \/>\n<meta property=\"article:modified_time\" content=\"2026-03-05T21:49:19+00:00\" \/>\n<meta property=\"og:image\" content=\"https:\/\/stickerdeco.fr\/wp-content\/uploads\/2026\/01\/sticker-porte-rainuree-bois-chene-001.jpg\" \/>\n\t<meta property=\"og:image:width\" content=\"1080\" \/>\n\t<meta property=\"og:image:height\" content=\"1080\" \/>\n\t<meta property=\"og:image:type\" content=\"image\/jpeg\" \/>\n<meta name=\"twitter:card\" content=\"summary_large_image\" \/>\n<meta name=\"twitter:label1\" content=\"Disponibilidad\" \/>\n\t<meta name=\"twitter:data1\" content=\"Disponible\" \/>\n<script type=\"application\/ld+json\" class=\"yoast-schema-graph\">{\"@context\":\"https:\\\/\\\/schema.org\",\"@graph\":[{\"@type\":\"WebPage\",\"@id\":\"https:\\\/\\\/stickerdeco.fr\\\/es\\\/produit\\\/vinilo-para-puertas-roble-con-ranuras\\\/\",\"url\":\"https:\\\/\\\/stickerdeco.fr\\\/es\\\/produit\\\/vinilo-para-puertas-roble-con-ranuras\\\/\",\"name\":\"Vinilo para puertas de roble con ranuras | Vinilo para puertas | Stickerdeco.fr\",\"isPartOf\":{\"@id\":\"https:\\\/\\\/stickerdeco.fr\\\/es\\\/#website\"},\"primaryImageOfPage\":{\"@id\":\"https:\\\/\\\/stickerdeco.fr\\\/es\\\/produit\\\/vinilo-para-puertas-roble-con-ranuras\\\/#primaryimage\"},\"image\":{\"@id\":\"https:\\\/\\\/stickerdeco.fr\\\/es\\\/produit\\\/vinilo-para-puertas-roble-con-ranuras\\\/#primaryimage\"},\"thumbnailUrl\":\"https:\\\/\\\/stickerdeco.fr\\\/wp-content\\\/uploads\\\/2026\\\/01\\\/sticker-porte-rainuree-bois-chene-001.jpg\",\"datePublished\":\"2026-01-21T10:20:43+00:00\",\"dateModified\":\"2026-03-05T21:49:19+00:00\",\"description\":\"Aporta encanto y naturalidad a tus puertas con el vinilo para puertas de roble con ranuras, con un efecto madera clara realista y elegante para una decoraci\u00f3n c\u00e1lida.\",\"breadcrumb\":{\"@id\":\"https:\\\/\\\/stickerdeco.fr\\\/es\\\/produit\\\/vinilo-para-puertas-roble-con-ranuras\\\/#breadcrumb\"},\"inLanguage\":\"es\",\"potentialAction\":[{\"@type\":\"ReadAction\",\"target\":[\"https:\\\/\\\/stickerdeco.fr\\\/es\\\/produit\\\/vinilo-para-puertas-roble-con-ranuras\\\/\"]}]},{\"@type\":\"ImageObject\",\"inLanguage\":\"es\",\"@id\":\"https:\\\/\\\/stickerdeco.fr\\\/es\\\/produit\\\/vinilo-para-puertas-roble-con-ranuras\\\/#primaryimage\",\"url\":\"https:\\\/\\\/stickerdeco.fr\\\/wp-content\\\/uploads\\\/2026\\\/01\\\/sticker-porte-rainuree-bois-chene-001.jpg\",\"contentUrl\":\"https:\\\/\\\/stickerdeco.fr\\\/wp-content\\\/uploads\\\/2026\\\/01\\\/sticker-porte-rainuree-bois-chene-001.jpg\",\"width\":1080,\"height\":1080,\"caption\":\"Vinilo para puertas de roble con ranuras\"},{\"@type\":\"BreadcrumbList\",\"@id\":\"https:\\\/\\\/stickerdeco.fr\\\/es\\\/produit\\\/vinilo-para-puertas-roble-con-ranuras\\\/#breadcrumb\",\"itemListElement\":[{\"@type\":\"ListItem\",\"position\":1,\"name\":\"Accueil\",\"item\":\"https:\\\/\\\/stickerdeco.fr\\\/es\\\/\"},{\"@type\":\"ListItem\",\"position\":2,\"name\":\"Tienda\",\"item\":\"https:\\\/\\\/stickerdeco.fr\\\/boutique\\\/\"},{\"@type\":\"ListItem\",\"position\":3,\"name\":\"Vinilo para puertas de roble con ranuras\"}]},{\"@type\":\"WebSite\",\"@id\":\"https:\\\/\\\/stickerdeco.fr\\\/es\\\/#website\",\"url\":\"https:\\\/\\\/stickerdeco.fr\\\/es\\\/\",\"name\":\"Sticker Deco\",\"description\":\"Le Sticker Made In France\",\"publisher\":{\"@id\":\"https:\\\/\\\/stickerdeco.fr\\\/es\\\/#organization\"},\"potentialAction\":[{\"@type\":\"SearchAction\",\"target\":{\"@type\":\"EntryPoint\",\"urlTemplate\":\"https:\\\/\\\/stickerdeco.fr\\\/es\\\/?s={search_term_string}\"},\"query-input\":{\"@type\":\"PropertyValueSpecification\",\"valueRequired\":true,\"valueName\":\"search_term_string\"}}],\"inLanguage\":\"es\"},{\"@type\":\"Organization\",\"@id\":\"https:\\\/\\\/stickerdeco.fr\\\/es\\\/#organization\",\"name\":\"Sticker D\u00e9co\",\"url\":\"https:\\\/\\\/stickerdeco.fr\\\/es\\\/\",\"logo\":{\"@type\":\"ImageObject\",\"inLanguage\":\"es\",\"@id\":\"https:\\\/\\\/stickerdeco.fr\\\/es\\\/#\\\/schema\\\/logo\\\/image\\\/\",\"url\":\"https:\\\/\\\/stickerdeco.fr\\\/wp-content\\\/uploads\\\/1987\\\/05\\\/stickerdeco-logo-v2-carre.png\",\"contentUrl\":\"https:\\\/\\\/stickerdeco.fr\\\/wp-content\\\/uploads\\\/1987\\\/05\\\/stickerdeco-logo-v2-carre.png\",\"width\":1000,\"height\":1000,\"caption\":\"Sticker D\u00e9co\"},\"image\":{\"@id\":\"https:\\\/\\\/stickerdeco.fr\\\/es\\\/#\\\/schema\\\/logo\\\/image\\\/\"},\"sameAs\":[\"https:\\\/\\\/www.facebook.com\\\/stickerdeco.fr\\\/\",\"https:\\\/\\\/www.instagram.com\\\/stickerdecofr\\\/\",\"https:\\\/\\\/www.pinterest.fr\\\/stickerdecofr\\\/\",\"https:\\\/\\\/www.youtube.com\\\/StickerDeco\"],\"email\":\"contact@stickerdeco.fr\",\"telephone\":\"0980809233\",\"legalName\":\"Sticker D\u00e9co\"}]}<\/script>\n<meta property=\"og:availability\" content=\"instock\" \/>\n<meta property=\"product:availability\" content=\"instock\" \/>\n<meta property=\"product:condition\" content=\"new\" \/>\n<!-- \/ Yoast SEO Premium plugin. -->","yoast_head_json":{"title":"Vinilo para puertas de roble con ranuras | Vinilo para puertas | Stickerdeco.fr","description":"Aporta encanto y naturalidad a tus puertas con el vinilo para puertas de roble con ranuras, con un efecto madera clara realista y elegante para una decoraci\u00f3n c\u00e1lida.","robots":{"index":"index","follow":"follow","max-snippet":"max-snippet:-1","max-image-preview":"max-image-preview:large","max-video-preview":"max-video-preview:-1"},"canonical":"https:\/\/stickerdeco.fr\/es\/produit\/vinilo-para-puertas-roble-con-ranuras\/","og_locale":"es_ES","og_type":"article","og_title":"Vinilo para puertas de roble con ranuras","og_description":"Aporta encanto y naturalidad a tus puertas con el vinilo para puertas de roble con ranuras, con un efecto madera clara realista y elegante para una decoraci\u00f3n c\u00e1lida.","og_url":"https:\/\/stickerdeco.fr\/es\/produit\/vinilo-para-puertas-roble-con-ranuras\/","og_site_name":"Sticker Deco","article_publisher":"https:\/\/www.facebook.com\/stickerdeco.fr\/","article_modified_time":"2026-03-05T21:49:19+00:00","og_image":[{"width":1080,"height":1080,"url":"https:\/\/stickerdeco.fr\/wp-content\/uploads\/2026\/01\/sticker-porte-rainuree-bois-chene-001.jpg","type":"image\/jpeg"}],"twitter_card":"summary_large_image","twitter_misc":{"Disponibilidad":"Disponible"},"schema":{"@context":"https:\/\/schema.org","@graph":[{"@type":"WebPage","@id":"https:\/\/stickerdeco.fr\/es\/produit\/vinilo-para-puertas-roble-con-ranuras\/","url":"https:\/\/stickerdeco.fr\/es\/produit\/vinilo-para-puertas-roble-con-ranuras\/","name":"Vinilo para puertas de roble con ranuras | Vinilo para puertas | Stickerdeco.fr","isPartOf":{"@id":"https:\/\/stickerdeco.fr\/es\/#website"},"primaryImageOfPage":{"@id":"https:\/\/stickerdeco.fr\/es\/produit\/vinilo-para-puertas-roble-con-ranuras\/#primaryimage"},"image":{"@id":"https:\/\/stickerdeco.fr\/es\/produit\/vinilo-para-puertas-roble-con-ranuras\/#primaryimage"},"thumbnailUrl":"https:\/\/stickerdeco.fr\/wp-content\/uploads\/2026\/01\/sticker-porte-rainuree-bois-chene-001.jpg","datePublished":"2026-01-21T10:20:43+00:00","dateModified":"2026-03-05T21:49:19+00:00","description":"Aporta encanto y naturalidad a tus puertas con el vinilo para puertas de roble con ranuras, con un efecto madera clara realista y elegante para una decoraci\u00f3n c\u00e1lida.","breadcrumb":{"@id":"https:\/\/stickerdeco.fr\/es\/produit\/vinilo-para-puertas-roble-con-ranuras\/#breadcrumb"},"inLanguage":"es","potentialAction":[{"@type":"ReadAction","target":["https:\/\/stickerdeco.fr\/es\/produit\/vinilo-para-puertas-roble-con-ranuras\/"]}]},{"@type":"ImageObject","inLanguage":"es","@id":"https:\/\/stickerdeco.fr\/es\/produit\/vinilo-para-puertas-roble-con-ranuras\/#primaryimage","url":"https:\/\/stickerdeco.fr\/wp-content\/uploads\/2026\/01\/sticker-porte-rainuree-bois-chene-001.jpg","contentUrl":"https:\/\/stickerdeco.fr\/wp-content\/uploads\/2026\/01\/sticker-porte-rainuree-bois-chene-001.jpg","width":1080,"height":1080,"caption":"Vinilo para puertas de roble con ranuras"},{"@type":"BreadcrumbList","@id":"https:\/\/stickerdeco.fr\/es\/produit\/vinilo-para-puertas-roble-con-ranuras\/#breadcrumb","itemListElement":[{"@type":"ListItem","position":1,"name":"Accueil","item":"https:\/\/stickerdeco.fr\/es\/"},{"@type":"ListItem","position":2,"name":"Tienda","item":"https:\/\/stickerdeco.fr\/boutique\/"},{"@type":"ListItem","position":3,"name":"Vinilo para puertas de roble con ranuras"}]},{"@type":"WebSite","@id":"https:\/\/stickerdeco.fr\/es\/#website","url":"https:\/\/stickerdeco.fr\/es\/","name":"Sticker Deco","description":"Le Sticker Made In France","publisher":{"@id":"https:\/\/stickerdeco.fr\/es\/#organization"},"potentialAction":[{"@type":"SearchAction","target":{"@type":"EntryPoint","urlTemplate":"https:\/\/stickerdeco.fr\/es\/?s={search_term_string}"},"query-input":{"@type":"PropertyValueSpecification","valueRequired":true,"valueName":"search_term_string"}}],"inLanguage":"es"},{"@type":"Organization","@id":"https:\/\/stickerdeco.fr\/es\/#organization","name":"Sticker D\u00e9co","url":"https:\/\/stickerdeco.fr\/es\/","logo":{"@type":"ImageObject","inLanguage":"es","@id":"https:\/\/stickerdeco.fr\/es\/#\/schema\/logo\/image\/","url":"https:\/\/stickerdeco.fr\/wp-content\/uploads\/1987\/05\/stickerdeco-logo-v2-carre.png","contentUrl":"https:\/\/stickerdeco.fr\/wp-content\/uploads\/1987\/05\/stickerdeco-logo-v2-carre.png","width":1000,"height":1000,"caption":"Sticker D\u00e9co"},"image":{"@id":"https:\/\/stickerdeco.fr\/es\/#\/schema\/logo\/image\/"},"sameAs":["https:\/\/www.facebook.com\/stickerdeco.fr\/","https:\/\/www.instagram.com\/stickerdecofr\/","https:\/\/www.pinterest.fr\/stickerdecofr\/","https:\/\/www.youtube.com\/StickerDeco"],"email":"contact@stickerdeco.fr","telephone":"0980809233","legalName":"Sticker D\u00e9co"}]},"og_availability":"instock","product_availability":"instock","product_condition":"new"},"_links":{"self":[{"href":"https:\/\/stickerdeco.fr\/es\/wp-json\/wp\/v2\/product\/122845","targetHints":{"allow":["GET"]}}],"collection":[{"href":"https:\/\/stickerdeco.fr\/es\/wp-json\/wp\/v2\/product"}],"about":[{"href":"https:\/\/stickerdeco.fr\/es\/wp-json\/wp\/v2\/types\/product"}],"version-history":[{"count":8,"href":"https:\/\/stickerdeco.fr\/es\/wp-json\/wp\/v2\/product\/122845\/revisions"}],"predecessor-version":[{"id":122913,"href":"https:\/\/stickerdeco.fr\/es\/wp-json\/wp\/v2\/product\/122845\/revisions\/122913"}],"wp:featuredmedia":[{"embeddable":true,"href":"https:\/\/stickerdeco.fr\/es\/wp-json\/wp\/v2\/media\/122846"}],"wp:attachment":[{"href":"https:\/\/stickerdeco.fr\/es\/wp-json\/wp\/v2\/media?parent=122845"}],"wp:term":[{"taxonomy":"product_brand","embeddable":true,"href":"https:\/\/stickerdeco.fr\/es\/wp-json\/wp\/v2\/product_brand?post=122845"},{"taxonomy":"product_cat","embeddable":true,"href":"https:\/\/stickerdeco.fr\/es\/wp-json\/wp\/v2\/product_cat?post=122845"},{"taxonomy":"product_tag","embeddable":true,"href":"https:\/\/stickerdeco.fr\/es\/wp-json\/wp\/v2\/product_tag?post=122845"}],"curies":[{"name":"wp","href":"https:\/\/api.w.org\/{rel}","templated":true}]}}