{"id":124335,"date":"2023-12-12T10:30:18","date_gmt":"2023-12-12T09:30:18","guid":{"rendered":"https:\/\/stickerdeco.fr\/produit\/vinilo-para-puertas-bay-bridge-al-amanecer\/"},"modified":"2026-03-06T00:57:56","modified_gmt":"2026-03-05T23:57:56","slug":"vinilo-para-puertas-bay-bridge-al-amanecer","status":"publish","type":"product","link":"https:\/\/stickerdeco.fr\/es\/produit\/vinilo-para-puertas-bay-bridge-al-amanecer\/","title":{"rendered":"Vinilo para puertas Bay Bridge al Amanecer"},"content":{"rendered":"<div class=\"wpb-content-wrapper\"><p>[vc_row][vc_column][vc_column_text]<\/p>\n<h2><span style=\"font-size: 14pt;\"><strong>El Vinilo para puertas Bay Bridge al Amanecer<\/strong><\/span><\/h2>\n<p><span style=\"font-size: 11pt;\">\u00bfTe apetece cambiar la <strong>decoraci\u00f3n<\/strong> de tu hogar? Entonces este magn\u00edfico <strong>Vinilo para puertas Bay Bridge al Amanecer <\/strong>es para ti. No cabe duda de que este <strong>Vinilo para puertas Bay Bridge al Amanecer <\/strong>te encantar\u00e1 gracias a nuestro vinilo adhesivo de alta calidad. Es <strong>f\u00e1cil de colocar.<\/strong> \u00a1Con este vinilo, <strong>personalizar tu interior<\/strong> est\u00e1 al alcance de todos!<\/span><\/p>\n<h3><span style=\"font-size: 14pt;\"><strong>Vinilos para puertas<\/strong><\/span><\/h3>\n<p><span style=\"font-size: 11pt;\">\u00bfQuieres un estilo \u00fanico para decorar tus puertas? Entonces este <strong>Vinilo para puertas Bay Bridge al Amanecer<\/strong> es para ti. No hay duda de que este <strong>Vinilo para puertas Bay Bridge al Amanecer<\/strong> te satisfar\u00e1. Es <strong>f\u00e1cil de pegar<\/strong>: \u00a1un juego de ni\u00f1os!<\/span><\/p>\n<p><span style=\"font-size: 11pt;\">Nuestros <strong>vinilos para puertas<\/strong> se entregan en una sola l\u00e1mina, es decir, en una sola pieza. Resultado: \u00a1no se necesitan uniones para una colocaci\u00f3n f\u00e1cil! Al usar los <a href=\"https:\/\/stickerdeco.fr\/es\/cat\/vinilos-para-puertas\/\"><strong>vinilos para puerta<\/strong><\/a>, conseguir\u00e1s una <strong>decoraci\u00f3n original<\/strong> y personalizada en tu hogar. Hay muchos estilos y dise\u00f1os disponibles en Sticker D\u00e9co. Ya sea efecto 3D, <a href=\"https:\/\/stickerdeco.fr\/es\/tag\/pegatinas-efecto-madera\/\">imitaci\u00f3n madera<\/a> o una puerta de acero, tu puerta tendr\u00e1 sin duda un impresionante efecto <a href=\"https:\/\/stickerdeco.fr\/es\/tag\/pegatinas-trompe-loeil\/\"><strong>trampantojo<\/strong><\/a>.<\/span><\/p>\n<h3><span style=\"font-size: 14pt;\"><strong>Un vinilo de muy alta calidad<\/strong><\/span><\/h3>\n<p><span style=\"font-size: 11pt;\">Imprimimos nuestros <strong>vinilos decorativos<\/strong> en cuatricrom\u00eda HQ sobre un <strong>adhesivo<\/strong> <strong>resistente<\/strong> con cola estructurada. Esta tecnolog\u00eda <strong>de vanguardia<\/strong> garantiza una excelente durabilidad del <strong>vinilo<\/strong> con el paso del tiempo (cola polim\u00e9rica), as\u00ed como una <strong>colocaci\u00f3n sin burbujas<\/strong> (cola estructurada). Aun as\u00ed, el <strong>adhesivo<\/strong> es relativamente fino, con <strong>un grosor inferior a 0,2 mm<\/strong> (180 \u00b5m).<\/span><\/p>\n<h3><span style=\"font-size: 14pt;\"><strong>\u00bfC\u00f3mo decorar tu casa?<\/strong><\/span><\/h3>\n<p><span style=\"font-size: 11pt;\">\u00bfTe gusta este <strong>Vinilo para puertas Bay Bridge al Amanecer <\/strong>? \u00bfEres fan de la <strong>decoraci\u00f3n mural<\/strong> y quieres combinar tus estancias? Entonces completa tu decoraci\u00f3n interior con nuestros <a href=\"\/?product_cat=sticker-salle-de-bains\"><strong>Vinilos para ba\u00f1o<\/strong><\/a>, <a href=\"\/?product_cat=sticker-salon\"><strong>Vinilos para sal\u00f3n<\/strong><\/a>, <a href=\"https:\/\/stickerdeco.fr\/es\/cat\/vinilos-de-pared\/vinilos-de-cocina\/\"><strong>Vinilos para cocina<\/strong><\/a> o nuestros <a href=\"https:\/\/stickerdeco.fr\/es\/cat\/vinilos-de-pared\/vinilos-para-dormitorio-adulto\/\"><strong>Vinilos para dormitorio<\/strong><\/a>.<\/span><\/p>\n<h3><span style=\"font-size: 14pt;\"><strong><a href=\"https:\/\/www.stickerdeco.fr\/\">StickerDeco.fr<\/a> \u00a1son miles de productos!<\/strong><\/span><\/h3>\n<p><span style=\"font-size: 11pt;\">Realizada en nuestros talleres en \u00cele-de-France, la impresi\u00f3n de los vinilos es <strong>Made In France<\/strong>. Elige el tuyo entre las categor\u00edas:<\/span><\/p>\n<ul>\n<li><span style=\"font-size: 11pt;\"><a href=\"\/?product_cat=stickers-muraux-animaux\"><strong>Vinilos de animales<\/strong><\/a>, <\/span><\/li>\n<li><span style=\"font-size: 11pt;\"><strong><a href=\"\/?product_cat=stickers-muraux-fleurs\">Vinilos de flores<\/a><\/strong>, <\/span><\/li>\n<li><span style=\"font-size: 11pt;\"><strong><a href=\"\/?product_cat=stickers-muraux-mangas-et-cartoons\">Vinilos de manga<\/a><\/strong> \u00a1y mucho m\u00e1s!<\/span><\/li>\n<\/ul>\n<p><span style=\"font-size: 14pt; color: #d64444;\"><strong>ADHESIVO DE MUY ALTA CALIDAD = COLOCACI\u00d3N F\u00c1CIL, GARANT\u00cdA SIN BURBUJAS<\/strong><\/span>[\/vc_column_text][\/vc_column][\/vc_row]<\/p>\n<\/div>","protected":false},"excerpt":{"rendered":"<p>Dale a tu hogar una perspectiva in\u00e9dita con el <strong>Vinilo para puertas Bay Bridge al Amanecer<\/strong>, una invitaci\u00f3n a viajar sin salir de casa.<\/p>\n<p>Este vinilo elegante y moderno, de alta calidad, captura la esencia del amanecer sobre el famoso Bay Bridge y aporta un toque urbano a tu decoraci\u00f3n. La silueta impactante del puente y la carretera que se pierde en el horizonte transforman cualquier puerta en una obra de arte cautivadora. Perfecto para quienes buscan a\u00f1adir estilo y evasi\u00f3n a su espacio. Convierte tu puerta en el centro de todas las miradas con el <strong>Vinilo para puertas Bay Bridge al Amanecer<\/strong>.<\/p>\n<p><strong>Caracter\u00edsticas del producto:<\/strong><\/p>\n<ul class=\"product-short-desc-list\">\n<li>Vinilo para puertas: colocaci\u00f3n f\u00e1cil y sin burbujas<\/li>\n<li>Se entrega en una sola pieza: sin montaje laborioso ni pegado necesario<\/li>\n<li>Superficie laminada con acabado mate: aspecto elegante, baja reflexi\u00f3n y gran durabilidad<\/li>\n<li>Apto para superficies lisas (puertas pintadas\/laminadas, pl\u00e1stico, vidrio, etc.)<\/li>\n<li>F\u00e1cil de limpiar, lavable y resistente a las salpicaduras<\/li>\n<li>Euroclase B-s1,d0 (equiv. M1 en Francia)<\/li>\n<li>Impresi\u00f3n ecol\u00f3gica UL ECOLOGO\u00ae y UL GREENGUARD Gold: bajas emisiones y sin olor, adecuada para interiores sensibles<\/li>\n<\/ul>\n<p><span style=\"color: #d64444;\"><strong>Varios tama\u00f1os disponibles para adaptarse a todas tus puertas (a medida bajo pedido).<\/strong><\/span><\/p>\n<hr \/>\n","protected":false},"featured_media":124337,"template":"","meta":[],"product_brand":[],"product_cat":[4531,4559,4535],"product_tag":[6529,6530,6532,6721,6535,6533,6710,6534,6709,4755,6531],"class_list":{"0":"post-124335","1":"product","2":"type-product","3":"status-publish","4":"has-post-thumbnail","6":"product_cat-vinilos-para-dormitorio-adulto","7":"product_cat-vinilos-para-puertas","8":"product_cat-vinilos-para-salon","9":"product_tag-pegatinas-para-puerta-63-x-204-cm","10":"product_tag-pegatinas-para-puerta-73-x-204-cm","11":"product_tag-pegatinas-para-puerta-93-x-204-cm","12":"product_tag-pegatinas-puerta-bano","13":"product_tag-pegatinas-puerta-chambre","14":"product_tag-pegatinas-puerta-cocina","15":"product_tag-pegatinas-puerta-paysage","16":"product_tag-pegatinas-puerta-salon","17":"product_tag-pegatinas-puerta-trompe-loeil","18":"product_tag-pegatinas-trompe-loeil","19":"product_tag-stickers-puerta-83-x-204-cm","21":"first","22":"instock","23":"sale","24":"taxable","25":"shipping-taxable","26":"purchasable","27":"product-type-variable"},"etheme_brands":{"errors":{"invalid_taxonomy":["Taxonom\u00eda no v\u00e1lida."]},"error_data":[]},"yoast_head":"<!-- This site is optimized with the Yoast SEO Premium plugin v27.3 (Yoast SEO v27.3) - https:\/\/yoast.com\/product\/yoast-seo-premium-wordpress\/ -->\n<title>Vinilo para puertas Bay Bridge al Amanecer | Vinilos para puertas | Stickerdeco.fr<\/title>\n<meta name=\"description\" content=\"Transforma una simple puerta en una vista panor\u00e1mica con el Vinilo para puertas Bay Bridge al Amanecer, un elemento decorativo urbano y cautivador.\" \/>\n<meta name=\"robots\" content=\"index, follow, max-snippet:-1, max-image-preview:large, max-video-preview:-1\" \/>\n<link rel=\"canonical\" href=\"https:\/\/stickerdeco.fr\/es\/produit\/vinilo-para-puertas-bay-bridge-al-amanecer\/\" \/>\n<meta property=\"og:locale\" content=\"es_ES\" \/>\n<meta property=\"og:type\" content=\"article\" \/>\n<meta property=\"og:title\" content=\"Vinilo para puertas Bay Bridge al Amanecer\" \/>\n<meta property=\"og:description\" content=\"Transforma una simple puerta en una vista panor\u00e1mica con el Vinilo para puertas Bay Bridge al Amanecer, un elemento decorativo urbano y cautivador.\" \/>\n<meta property=\"og:url\" content=\"https:\/\/stickerdeco.fr\/es\/produit\/vinilo-para-puertas-bay-bridge-al-amanecer\/\" \/>\n<meta property=\"og:site_name\" content=\"Sticker Deco\" \/>\n<meta property=\"article:publisher\" content=\"https:\/\/www.facebook.com\/stickerdeco.fr\/\" \/>\n<meta property=\"article:modified_time\" content=\"2026-03-05T23:57:56+00:00\" \/>\n<meta property=\"og:image\" content=\"https:\/\/stickerdeco.fr\/wp-content\/uploads\/2023\/12\/sticker-porte-bay-bridge-a-l-aube-00.jpg\" \/>\n\t<meta property=\"og:image:width\" content=\"1000\" \/>\n\t<meta property=\"og:image:height\" content=\"1000\" \/>\n\t<meta property=\"og:image:type\" content=\"image\/jpeg\" \/>\n<meta name=\"twitter:card\" content=\"summary_large_image\" \/>\n<meta name=\"twitter:label1\" content=\"Disponibilidad\" \/>\n\t<meta name=\"twitter:data1\" content=\"Disponible\" \/>\n<script type=\"application\/ld+json\" class=\"yoast-schema-graph\">{\"@context\":\"https:\\\/\\\/schema.org\",\"@graph\":[{\"@type\":\"WebPage\",\"@id\":\"https:\\\/\\\/stickerdeco.fr\\\/es\\\/produit\\\/vinilo-para-puertas-bay-bridge-al-amanecer\\\/\",\"url\":\"https:\\\/\\\/stickerdeco.fr\\\/es\\\/produit\\\/vinilo-para-puertas-bay-bridge-al-amanecer\\\/\",\"name\":\"Vinilo para puertas Bay Bridge al Amanecer | Vinilos para puertas | Stickerdeco.fr\",\"isPartOf\":{\"@id\":\"https:\\\/\\\/stickerdeco.fr\\\/es\\\/#website\"},\"primaryImageOfPage\":{\"@id\":\"https:\\\/\\\/stickerdeco.fr\\\/es\\\/produit\\\/vinilo-para-puertas-bay-bridge-al-amanecer\\\/#primaryimage\"},\"image\":{\"@id\":\"https:\\\/\\\/stickerdeco.fr\\\/es\\\/produit\\\/vinilo-para-puertas-bay-bridge-al-amanecer\\\/#primaryimage\"},\"thumbnailUrl\":\"https:\\\/\\\/stickerdeco.fr\\\/wp-content\\\/uploads\\\/2023\\\/12\\\/sticker-porte-bay-bridge-a-l-aube-00.jpg\",\"datePublished\":\"2023-12-12T09:30:18+00:00\",\"dateModified\":\"2026-03-05T23:57:56+00:00\",\"description\":\"Transforma una simple puerta en una vista panor\u00e1mica con el Vinilo para puertas Bay Bridge al Amanecer, un elemento decorativo urbano y cautivador.\",\"breadcrumb\":{\"@id\":\"https:\\\/\\\/stickerdeco.fr\\\/es\\\/produit\\\/vinilo-para-puertas-bay-bridge-al-amanecer\\\/#breadcrumb\"},\"inLanguage\":\"es\",\"potentialAction\":[{\"@type\":\"ReadAction\",\"target\":[\"https:\\\/\\\/stickerdeco.fr\\\/es\\\/produit\\\/vinilo-para-puertas-bay-bridge-al-amanecer\\\/\"]}]},{\"@type\":\"ImageObject\",\"inLanguage\":\"es\",\"@id\":\"https:\\\/\\\/stickerdeco.fr\\\/es\\\/produit\\\/vinilo-para-puertas-bay-bridge-al-amanecer\\\/#primaryimage\",\"url\":\"https:\\\/\\\/stickerdeco.fr\\\/wp-content\\\/uploads\\\/2023\\\/12\\\/sticker-porte-bay-bridge-a-l-aube-00.jpg\",\"contentUrl\":\"https:\\\/\\\/stickerdeco.fr\\\/wp-content\\\/uploads\\\/2023\\\/12\\\/sticker-porte-bay-bridge-a-l-aube-00.jpg\",\"width\":1000,\"height\":1000,\"caption\":\"Vinilo para puertas Bay Bridge al Amanecer\"},{\"@type\":\"BreadcrumbList\",\"@id\":\"https:\\\/\\\/stickerdeco.fr\\\/es\\\/produit\\\/vinilo-para-puertas-bay-bridge-al-amanecer\\\/#breadcrumb\",\"itemListElement\":[{\"@type\":\"ListItem\",\"position\":1,\"name\":\"Accueil\",\"item\":\"https:\\\/\\\/stickerdeco.fr\\\/es\\\/\"},{\"@type\":\"ListItem\",\"position\":2,\"name\":\"Tienda\",\"item\":\"https:\\\/\\\/stickerdeco.fr\\\/boutique\\\/\"},{\"@type\":\"ListItem\",\"position\":3,\"name\":\"Vinilo para puertas Bay Bridge al Amanecer\"}]},{\"@type\":\"WebSite\",\"@id\":\"https:\\\/\\\/stickerdeco.fr\\\/es\\\/#website\",\"url\":\"https:\\\/\\\/stickerdeco.fr\\\/es\\\/\",\"name\":\"Sticker Deco\",\"description\":\"Le Sticker Made In France\",\"publisher\":{\"@id\":\"https:\\\/\\\/stickerdeco.fr\\\/es\\\/#organization\"},\"potentialAction\":[{\"@type\":\"SearchAction\",\"target\":{\"@type\":\"EntryPoint\",\"urlTemplate\":\"https:\\\/\\\/stickerdeco.fr\\\/es\\\/?s={search_term_string}\"},\"query-input\":{\"@type\":\"PropertyValueSpecification\",\"valueRequired\":true,\"valueName\":\"search_term_string\"}}],\"inLanguage\":\"es\"},{\"@type\":\"Organization\",\"@id\":\"https:\\\/\\\/stickerdeco.fr\\\/es\\\/#organization\",\"name\":\"Sticker D\u00e9co\",\"url\":\"https:\\\/\\\/stickerdeco.fr\\\/es\\\/\",\"logo\":{\"@type\":\"ImageObject\",\"inLanguage\":\"es\",\"@id\":\"https:\\\/\\\/stickerdeco.fr\\\/es\\\/#\\\/schema\\\/logo\\\/image\\\/\",\"url\":\"https:\\\/\\\/stickerdeco.fr\\\/wp-content\\\/uploads\\\/1987\\\/05\\\/stickerdeco-logo-v2-carre.png\",\"contentUrl\":\"https:\\\/\\\/stickerdeco.fr\\\/wp-content\\\/uploads\\\/1987\\\/05\\\/stickerdeco-logo-v2-carre.png\",\"width\":1000,\"height\":1000,\"caption\":\"Sticker D\u00e9co\"},\"image\":{\"@id\":\"https:\\\/\\\/stickerdeco.fr\\\/es\\\/#\\\/schema\\\/logo\\\/image\\\/\"},\"sameAs\":[\"https:\\\/\\\/www.facebook.com\\\/stickerdeco.fr\\\/\",\"https:\\\/\\\/www.instagram.com\\\/stickerdecofr\\\/\",\"https:\\\/\\\/www.pinterest.fr\\\/stickerdecofr\\\/\",\"https:\\\/\\\/www.youtube.com\\\/StickerDeco\"],\"email\":\"contact@stickerdeco.fr\",\"telephone\":\"0980809233\",\"legalName\":\"Sticker D\u00e9co\"}]}<\/script>\n<meta property=\"og:availability\" content=\"instock\" \/>\n<meta property=\"product:availability\" content=\"instock\" \/>\n<meta property=\"product:condition\" content=\"new\" \/>\n<!-- \/ Yoast SEO Premium plugin. -->","yoast_head_json":{"title":"Vinilo para puertas Bay Bridge al Amanecer | Vinilos para puertas | Stickerdeco.fr","description":"Transforma una simple puerta en una vista panor\u00e1mica con el Vinilo para puertas Bay Bridge al Amanecer, un elemento decorativo urbano y cautivador.","robots":{"index":"index","follow":"follow","max-snippet":"max-snippet:-1","max-image-preview":"max-image-preview:large","max-video-preview":"max-video-preview:-1"},"canonical":"https:\/\/stickerdeco.fr\/es\/produit\/vinilo-para-puertas-bay-bridge-al-amanecer\/","og_locale":"es_ES","og_type":"article","og_title":"Vinilo para puertas Bay Bridge al Amanecer","og_description":"Transforma una simple puerta en una vista panor\u00e1mica con el Vinilo para puertas Bay Bridge al Amanecer, un elemento decorativo urbano y cautivador.","og_url":"https:\/\/stickerdeco.fr\/es\/produit\/vinilo-para-puertas-bay-bridge-al-amanecer\/","og_site_name":"Sticker Deco","article_publisher":"https:\/\/www.facebook.com\/stickerdeco.fr\/","article_modified_time":"2026-03-05T23:57:56+00:00","og_image":[{"width":1000,"height":1000,"url":"https:\/\/stickerdeco.fr\/wp-content\/uploads\/2023\/12\/sticker-porte-bay-bridge-a-l-aube-00.jpg","type":"image\/jpeg"}],"twitter_card":"summary_large_image","twitter_misc":{"Disponibilidad":"Disponible"},"schema":{"@context":"https:\/\/schema.org","@graph":[{"@type":"WebPage","@id":"https:\/\/stickerdeco.fr\/es\/produit\/vinilo-para-puertas-bay-bridge-al-amanecer\/","url":"https:\/\/stickerdeco.fr\/es\/produit\/vinilo-para-puertas-bay-bridge-al-amanecer\/","name":"Vinilo para puertas Bay Bridge al Amanecer | Vinilos para puertas | Stickerdeco.fr","isPartOf":{"@id":"https:\/\/stickerdeco.fr\/es\/#website"},"primaryImageOfPage":{"@id":"https:\/\/stickerdeco.fr\/es\/produit\/vinilo-para-puertas-bay-bridge-al-amanecer\/#primaryimage"},"image":{"@id":"https:\/\/stickerdeco.fr\/es\/produit\/vinilo-para-puertas-bay-bridge-al-amanecer\/#primaryimage"},"thumbnailUrl":"https:\/\/stickerdeco.fr\/wp-content\/uploads\/2023\/12\/sticker-porte-bay-bridge-a-l-aube-00.jpg","datePublished":"2023-12-12T09:30:18+00:00","dateModified":"2026-03-05T23:57:56+00:00","description":"Transforma una simple puerta en una vista panor\u00e1mica con el Vinilo para puertas Bay Bridge al Amanecer, un elemento decorativo urbano y cautivador.","breadcrumb":{"@id":"https:\/\/stickerdeco.fr\/es\/produit\/vinilo-para-puertas-bay-bridge-al-amanecer\/#breadcrumb"},"inLanguage":"es","potentialAction":[{"@type":"ReadAction","target":["https:\/\/stickerdeco.fr\/es\/produit\/vinilo-para-puertas-bay-bridge-al-amanecer\/"]}]},{"@type":"ImageObject","inLanguage":"es","@id":"https:\/\/stickerdeco.fr\/es\/produit\/vinilo-para-puertas-bay-bridge-al-amanecer\/#primaryimage","url":"https:\/\/stickerdeco.fr\/wp-content\/uploads\/2023\/12\/sticker-porte-bay-bridge-a-l-aube-00.jpg","contentUrl":"https:\/\/stickerdeco.fr\/wp-content\/uploads\/2023\/12\/sticker-porte-bay-bridge-a-l-aube-00.jpg","width":1000,"height":1000,"caption":"Vinilo para puertas Bay Bridge al Amanecer"},{"@type":"BreadcrumbList","@id":"https:\/\/stickerdeco.fr\/es\/produit\/vinilo-para-puertas-bay-bridge-al-amanecer\/#breadcrumb","itemListElement":[{"@type":"ListItem","position":1,"name":"Accueil","item":"https:\/\/stickerdeco.fr\/es\/"},{"@type":"ListItem","position":2,"name":"Tienda","item":"https:\/\/stickerdeco.fr\/boutique\/"},{"@type":"ListItem","position":3,"name":"Vinilo para puertas Bay Bridge al Amanecer"}]},{"@type":"WebSite","@id":"https:\/\/stickerdeco.fr\/es\/#website","url":"https:\/\/stickerdeco.fr\/es\/","name":"Sticker Deco","description":"Le Sticker Made In France","publisher":{"@id":"https:\/\/stickerdeco.fr\/es\/#organization"},"potentialAction":[{"@type":"SearchAction","target":{"@type":"EntryPoint","urlTemplate":"https:\/\/stickerdeco.fr\/es\/?s={search_term_string}"},"query-input":{"@type":"PropertyValueSpecification","valueRequired":true,"valueName":"search_term_string"}}],"inLanguage":"es"},{"@type":"Organization","@id":"https:\/\/stickerdeco.fr\/es\/#organization","name":"Sticker D\u00e9co","url":"https:\/\/stickerdeco.fr\/es\/","logo":{"@type":"ImageObject","inLanguage":"es","@id":"https:\/\/stickerdeco.fr\/es\/#\/schema\/logo\/image\/","url":"https:\/\/stickerdeco.fr\/wp-content\/uploads\/1987\/05\/stickerdeco-logo-v2-carre.png","contentUrl":"https:\/\/stickerdeco.fr\/wp-content\/uploads\/1987\/05\/stickerdeco-logo-v2-carre.png","width":1000,"height":1000,"caption":"Sticker D\u00e9co"},"image":{"@id":"https:\/\/stickerdeco.fr\/es\/#\/schema\/logo\/image\/"},"sameAs":["https:\/\/www.facebook.com\/stickerdeco.fr\/","https:\/\/www.instagram.com\/stickerdecofr\/","https:\/\/www.pinterest.fr\/stickerdecofr\/","https:\/\/www.youtube.com\/StickerDeco"],"email":"contact@stickerdeco.fr","telephone":"0980809233","legalName":"Sticker D\u00e9co"}]},"og_availability":"instock","product_availability":"instock","product_condition":"new"},"_links":{"self":[{"href":"https:\/\/stickerdeco.fr\/es\/wp-json\/wp\/v2\/product\/124335","targetHints":{"allow":["GET"]}}],"collection":[{"href":"https:\/\/stickerdeco.fr\/es\/wp-json\/wp\/v2\/product"}],"about":[{"href":"https:\/\/stickerdeco.fr\/es\/wp-json\/wp\/v2\/types\/product"}],"version-history":[{"count":8,"href":"https:\/\/stickerdeco.fr\/es\/wp-json\/wp\/v2\/product\/124335\/revisions"}],"predecessor-version":[{"id":124419,"href":"https:\/\/stickerdeco.fr\/es\/wp-json\/wp\/v2\/product\/124335\/revisions\/124419"}],"wp:featuredmedia":[{"embeddable":true,"href":"https:\/\/stickerdeco.fr\/es\/wp-json\/wp\/v2\/media\/124337"}],"wp:attachment":[{"href":"https:\/\/stickerdeco.fr\/es\/wp-json\/wp\/v2\/media?parent=124335"}],"wp:term":[{"taxonomy":"product_brand","embeddable":true,"href":"https:\/\/stickerdeco.fr\/es\/wp-json\/wp\/v2\/product_brand?post=124335"},{"taxonomy":"product_cat","embeddable":true,"href":"https:\/\/stickerdeco.fr\/es\/wp-json\/wp\/v2\/product_cat?post=124335"},{"taxonomy":"product_tag","embeddable":true,"href":"https:\/\/stickerdeco.fr\/es\/wp-json\/wp\/v2\/product_tag?post=124335"}],"curies":[{"name":"wp","href":"https:\/\/api.w.org\/{rel}","templated":true}]}}