{"id":132329,"date":"2020-02-12T09:12:31","date_gmt":"2020-02-12T08:12:31","guid":{"rendered":"https:\/\/stickerdeco.fr\/produit\/sticker-porte-escalier-ruelle\/"},"modified":"2026-03-06T15:36:01","modified_gmt":"2026-03-06T14:36:01","slug":"sticker-porte-escalier-ruelle","status":"publish","type":"product","link":"https:\/\/stickerdeco.fr\/es\/produit\/sticker-porte-escalier-ruelle\/","title":{"rendered":"vinilo para puertas Escalier Ruelle"},"content":{"rendered":"<div class=\"wpb-content-wrapper\"><p>[vc_row][vc_column][vc_column_text]<\/p>\n<h2><span style=\"font-size: 14pt;\"><strong>El vinilo para puertas Escalier Ruelle<\/strong><\/span><\/h2>\n<p><span style=\"font-size: 11pt;\">\u00bfQuieres cambiar la <strong>decoraci\u00f3n<\/strong> de tu hogar? Entonces este magn\u00edfico <strong>vinilo para puertas Escalier Ruelle<\/strong> es para ti. Seguro que este <strong>vinilo para puertas Escalier Ruelle<\/strong> te encantar\u00e1 gracias a nuestro vinilo adhesivo de alta calidad. Es <strong>f\u00e1cil de colocar.<\/strong>Con este sticker, <strong>personalizar tu interior<\/strong> est\u00e1 al alcance de todos.<\/span><\/p>\n<p><span style=\"font-size: 11pt;\">Chaque <strong>d\u00e9co murale<\/strong> est ind\u00e9pendante et <strong>peut \u00eatre coll\u00e9e s\u00e9par\u00e9ment<\/strong>. Vous avez donc un maximum de possibilit\u00e9s pour la pose de votre <strong>autocollant murale<\/strong> alors faites parler votre \u00e2me de <strong>d\u00e9corateur !<\/strong><\/span><\/p>\n<h3><span style=\"font-size: 14pt;\"><strong>vinilo para puertas<\/strong><\/span><\/h3>\n<p><span style=\"font-size: 11pt;\">\u00bfQuieres un estilo \u00fanico para decorar tus puertas? Entonces este <strong>vinilo para puertas Escalier Ruelle<\/strong> es para ti. Seguro que te satisfar\u00e1. Es <strong>f\u00e1cil de colocar<\/strong>, \u00a1pan comido!<\/span><\/p>\n<p><span style=\"font-size: 11pt;\">Nuestros <strong>vinilos para puertas<\/strong> se entregan en una sola pieza. Resultado: sin uniones para una colocaci\u00f3n f\u00e1cil. Con nuestros <a href=\"https:\/\/stickerdeco.fr\/es\/cat\/vinilos-para-puertas\/\"><strong>vinilos para puertas<\/strong><\/a>, conseguir\u00e1s una <strong>decoraci\u00f3n original<\/strong> y personalizada en tu hogar. Plusieurs style et design de disponible sur la boutique Sticker D\u00e9co. Ya sea un efecto 3D, una <a href=\"https:\/\/stickerdeco.fr\/es\/tag\/pegatinas-efecto-madera\/\">imitaci\u00f3n madera<\/a> o una puerta de acero, tu puerta tendr\u00e1 un efecto <a href=\"https:\/\/stickerdeco.fr\/es\/tag\/pegatinas-trompe-loeil\/\"><strong>trampantojo<\/strong><\/a> impresionante.<\/span><\/p>\n<h3><span style=\"font-size: 14pt;\"><strong>Un sticker de muy alta calidad<\/strong><\/span><\/h3>\n<p><span style=\"font-size: 11pt;\">En effet, nous imprimons nos <strong>autocollants muraux<\/strong> en quadri HQ sur <strong>adh\u00e9sif<\/strong> polym\u00e8re <strong>r\u00e9sistant<\/strong> avec colle structur\u00e9e. Esta tecnolog\u00eda <strong>puntera<\/strong> garantiza una buena adherencia del <strong>vinilo<\/strong> en el tiempo (cola pol\u00edmera) y una <strong>colocaci\u00f3n sin burbujas<\/strong> (cola estructurada). Aun as\u00ed, el <strong>adhesivo<\/strong> es relativamente fino, con un <strong>grosor inferior a 0,2 mm<\/strong> (180 \u00b5m).<\/span><\/p>\n<h3><span style=\"font-size: 14pt;\"><strong>\u00bfC\u00f3mo decorar tu casa?<\/strong><\/span><\/h3>\n<p><span style=\"font-size: 11pt;\">\u00bfTe gusta este <strong>vinilo para puertas Escalier Ruelle<\/strong>? \u00bfTe apasiona la <strong>decoraci\u00f3n mural<\/strong> y quieres combinar tus estancias? Entonces completa tu decoraci\u00f3n con nuestros <a href=\"\/?product_cat=sticker-salle-de-bains\"><strong>stickers de ba\u00f1o<\/strong><\/a>, <a href=\"\/?product_cat=sticker-salon\"><strong>stickers de sal\u00f3n<\/strong><\/a>, <a href=\"https:\/\/stickerdeco.fr\/es\/cat\/vinilos-de-pared\/vinilos-de-cocina\/\"><strong>stickers de cocina<\/strong><\/a> ou encore nos <a href=\"https:\/\/stickerdeco.fr\/es\/cat\/vinilos-de-pared\/vinilos-para-dormitorio-adulto\/\"><strong>stickers de dormitorio<\/strong><\/a>.<\/span><\/p>\n<h3><span style=\"font-size: 14pt;\"><strong>\u00a1<a href=\"https:\/\/www.stickerdeco.fr\/\">StickerDeco.fr<\/a> tiene miles de productos!<\/strong><\/span><\/h3>\n<p><span style=\"font-size: 11pt;\">Impresos en nuestras instalaciones en \u00cele-de-France, nuestros stickers son <strong>Made in France<\/strong>. Elige el tuyo entre las categor\u00edas:<\/span><\/p>\n<ul>\n<li><span style=\"font-size: 11pt;\"><a href=\"\/?product_cat=stickers-muraux-animaux\"><strong>stickers de animales<\/strong><\/a>, <\/span><\/li>\n<li><span style=\"font-size: 11pt;\"><strong><a href=\"\/?product_cat=stickers-muraux-fleurs\">Stickers Fleurs<\/a><\/strong>, <\/span><\/li>\n<li><span style=\"font-size: 11pt;\"><strong><a href=\"\/?product_cat=stickers-muraux-mangas-et-cartoons\">Stickers Mangas<\/a><\/strong> et bien plus encore !<\/span><\/li>\n<\/ul>\n<p><span style=\"font-size: 14pt; color: #d64444;\"><strong>ADHESIVO DE MUY ALTA CALIDAD = F\u00c1CIL DE COLOCAR, GARANT\u00cdA SIN BURBUJAS<\/strong><\/span>[\/vc_column_text][\/vc_column][\/vc_row]<\/p>\n<\/div>","protected":false},"excerpt":{"rendered":"<p>Vous souhaitez donner une d\u00e9co urbaine, chic et moderne \u00e0 vos portes ? Alors cet autocollant <strong>vinilo para puertas Porte Escalier Ruelle<\/strong>\u00a0est fait pour vous !<\/p>\n<p>Invitez l&#8217;univers urbain ensoleill\u00e9 dans votre foyer gr\u00e2ce \u00e0 ce <strong>sticker trompe l\u2019\u0153il pour porte<\/strong>. Cet adh\u00e9sif pour porte repr\u00e9sente une mont\u00e9e d&#8217;escaliers dans une ruelle. Il apporte de la profondeur et agrandira vos pi\u00e8ces \u00e0 coup s\u00fbr.<\/p>\n<p><strong>Caracter\u00edsticas del producto:<\/strong><\/p>\n<ul class=\"product-short-desc-list\">\n<li>Vinilo para puertas: f\u00e1cil de colocar y sin burbujas<\/li>\n<li>Se entrega en una sola pieza: sin montajes tediosos ni pegado adicional<\/li>\n<li>Superficie laminada con acabado mate: aspecto elegante, baja reflexi\u00f3n y gran durabilidad<\/li>\n<li>Apto para superficies lisas (puertas pintadas\/laminadas, pl\u00e1stico, vidrio, etc.)<\/li>\n<li>F\u00e1cil de limpiar, lavable y resistente a las salpicaduras<\/li>\n<li>Euroclase B-s1,d0 (equiv. M1 en Francia)<\/li>\n<li>Impresi\u00f3n ecol\u00f3gica UL ECOLOGO\u00ae y UL GREENGUARD Gold: bajas emisiones y sin olor, apta para interiores sensibles<\/li>\n<\/ul>\n<p><span style=\"color: #d64444;\"><strong>Plusieurs tailles disponibles afin de matcher avec toutes vos portes (sur-mesure possible sur demande).<\/strong><\/span><\/p>\n<hr \/>\n","protected":false},"featured_media":132338,"template":"","meta":[],"product_brand":[],"product_cat":[4559],"product_tag":[6529,6530,6532,6721,6535,6533,6719,6710,6534,6709,4755,6531],"class_list":{"0":"post-132329","1":"product","2":"type-product","3":"status-publish","4":"has-post-thumbnail","6":"product_cat-vinilos-para-puertas","7":"product_tag-pegatinas-para-puerta-63-x-204-cm","8":"product_tag-pegatinas-para-puerta-73-x-204-cm","9":"product_tag-pegatinas-para-puerta-93-x-204-cm","10":"product_tag-pegatinas-puerta-bano","11":"product_tag-pegatinas-puerta-chambre","12":"product_tag-pegatinas-puerta-cocina","13":"product_tag-pegatinas-puerta-escalier","14":"product_tag-pegatinas-puerta-paysage","15":"product_tag-pegatinas-puerta-salon","16":"product_tag-pegatinas-puerta-trompe-loeil","17":"product_tag-pegatinas-trompe-loeil","18":"product_tag-stickers-puerta-83-x-204-cm","20":"first","21":"instock","22":"sale","23":"taxable","24":"shipping-taxable","25":"purchasable","26":"product-type-variable","27":"has-default-attributes"},"etheme_brands":{"errors":{"invalid_taxonomy":["Taxonom\u00eda no v\u00e1lida."]},"error_data":[]},"yoast_head":"<!-- This site is optimized with the Yoast SEO Premium plugin v27.3 (Yoast SEO v27.3) - https:\/\/yoast.com\/product\/yoast-seo-premium-wordpress\/ -->\n<title>vinilo para puertas Escalier Ruelle | Stickers Portes | StickerDeco.fr<\/title>\n<meta name=\"description\" content=\"Optez pour une d\u00e9coration trompe l\u2019\u0153il et pas cher gr\u00e2ce \u00e0 ce Sticker Escalier Ruelle ! Nos Adh\u00e9sifs sont de Fabrication Fran\u00e7aise.\" \/>\n<meta name=\"robots\" content=\"index, follow, max-snippet:-1, max-image-preview:large, max-video-preview:-1\" \/>\n<link rel=\"canonical\" href=\"https:\/\/stickerdeco.fr\/es\/produit\/sticker-porte-escalier-ruelle\/\" \/>\n<meta property=\"og:locale\" content=\"es_ES\" \/>\n<meta property=\"og:type\" content=\"article\" \/>\n<meta property=\"og:title\" content=\"vinilo para puertas Escalier Ruelle\" \/>\n<meta property=\"og:description\" content=\"Optez pour une d\u00e9coration trompe l\u2019\u0153il et pas cher gr\u00e2ce \u00e0 ce Sticker Escalier Ruelle ! Nos Adh\u00e9sifs sont de Fabrication Fran\u00e7aise.\" \/>\n<meta property=\"og:url\" content=\"https:\/\/stickerdeco.fr\/es\/produit\/sticker-porte-escalier-ruelle\/\" \/>\n<meta property=\"og:site_name\" content=\"Sticker Deco\" \/>\n<meta property=\"article:publisher\" content=\"https:\/\/www.facebook.com\/stickerdeco.fr\/\" \/>\n<meta property=\"article:modified_time\" content=\"2026-03-06T14:36:01+00:00\" \/>\n<meta property=\"og:image\" content=\"https:\/\/stickerdeco.fr\/wp-content\/uploads\/2020\/02\/sticker-porte-escalier-qui-monte-04-e1732702529304.jpg\" \/>\n\t<meta property=\"og:image:width\" content=\"1500\" \/>\n\t<meta property=\"og:image:height\" content=\"1500\" \/>\n\t<meta property=\"og:image:type\" content=\"image\/jpeg\" \/>\n<meta name=\"twitter:card\" content=\"summary_large_image\" \/>\n<meta name=\"twitter:label1\" content=\"Disponibilidad\" \/>\n\t<meta name=\"twitter:data1\" content=\"Disponible\" \/>\n<script type=\"application\/ld+json\" class=\"yoast-schema-graph\">{\"@context\":\"https:\\\/\\\/schema.org\",\"@graph\":[{\"@type\":\"WebPage\",\"@id\":\"https:\\\/\\\/stickerdeco.fr\\\/es\\\/produit\\\/sticker-porte-escalier-ruelle\\\/\",\"url\":\"https:\\\/\\\/stickerdeco.fr\\\/es\\\/produit\\\/sticker-porte-escalier-ruelle\\\/\",\"name\":\"vinilo para puertas Escalier Ruelle | Stickers Portes | StickerDeco.fr\",\"isPartOf\":{\"@id\":\"https:\\\/\\\/stickerdeco.fr\\\/es\\\/#website\"},\"primaryImageOfPage\":{\"@id\":\"https:\\\/\\\/stickerdeco.fr\\\/es\\\/produit\\\/sticker-porte-escalier-ruelle\\\/#primaryimage\"},\"image\":{\"@id\":\"https:\\\/\\\/stickerdeco.fr\\\/es\\\/produit\\\/sticker-porte-escalier-ruelle\\\/#primaryimage\"},\"thumbnailUrl\":\"https:\\\/\\\/stickerdeco.fr\\\/wp-content\\\/uploads\\\/2020\\\/02\\\/sticker-porte-escalier-qui-monte-04-e1732702529304.jpg\",\"datePublished\":\"2020-02-12T08:12:31+00:00\",\"dateModified\":\"2026-03-06T14:36:01+00:00\",\"description\":\"Optez pour une d\u00e9coration trompe l\u2019\u0153il et pas cher gr\u00e2ce \u00e0 ce Sticker Escalier Ruelle ! Nos Adh\u00e9sifs sont de Fabrication Fran\u00e7aise.\",\"breadcrumb\":{\"@id\":\"https:\\\/\\\/stickerdeco.fr\\\/es\\\/produit\\\/sticker-porte-escalier-ruelle\\\/#breadcrumb\"},\"inLanguage\":\"es\",\"potentialAction\":[{\"@type\":\"ReadAction\",\"target\":[\"https:\\\/\\\/stickerdeco.fr\\\/es\\\/produit\\\/sticker-porte-escalier-ruelle\\\/\"]}]},{\"@type\":\"ImageObject\",\"inLanguage\":\"es\",\"@id\":\"https:\\\/\\\/stickerdeco.fr\\\/es\\\/produit\\\/sticker-porte-escalier-ruelle\\\/#primaryimage\",\"url\":\"https:\\\/\\\/stickerdeco.fr\\\/wp-content\\\/uploads\\\/2020\\\/02\\\/sticker-porte-escalier-qui-monte-04-e1732702529304.jpg\",\"contentUrl\":\"https:\\\/\\\/stickerdeco.fr\\\/wp-content\\\/uploads\\\/2020\\\/02\\\/sticker-porte-escalier-qui-monte-04-e1732702529304.jpg\",\"width\":1500,\"height\":1500,\"caption\":\"vinilo para puertas Escalier Ruelle\"},{\"@type\":\"BreadcrumbList\",\"@id\":\"https:\\\/\\\/stickerdeco.fr\\\/es\\\/produit\\\/sticker-porte-escalier-ruelle\\\/#breadcrumb\",\"itemListElement\":[{\"@type\":\"ListItem\",\"position\":1,\"name\":\"Accueil\",\"item\":\"https:\\\/\\\/stickerdeco.fr\\\/es\\\/\"},{\"@type\":\"ListItem\",\"position\":2,\"name\":\"Tienda\",\"item\":\"https:\\\/\\\/stickerdeco.fr\\\/boutique\\\/\"},{\"@type\":\"ListItem\",\"position\":3,\"name\":\"vinilo para puertas Escalier Ruelle\"}]},{\"@type\":\"WebSite\",\"@id\":\"https:\\\/\\\/stickerdeco.fr\\\/es\\\/#website\",\"url\":\"https:\\\/\\\/stickerdeco.fr\\\/es\\\/\",\"name\":\"Sticker Deco\",\"description\":\"Le Sticker Made In France\",\"publisher\":{\"@id\":\"https:\\\/\\\/stickerdeco.fr\\\/es\\\/#organization\"},\"potentialAction\":[{\"@type\":\"SearchAction\",\"target\":{\"@type\":\"EntryPoint\",\"urlTemplate\":\"https:\\\/\\\/stickerdeco.fr\\\/es\\\/?s={search_term_string}\"},\"query-input\":{\"@type\":\"PropertyValueSpecification\",\"valueRequired\":true,\"valueName\":\"search_term_string\"}}],\"inLanguage\":\"es\"},{\"@type\":\"Organization\",\"@id\":\"https:\\\/\\\/stickerdeco.fr\\\/es\\\/#organization\",\"name\":\"Sticker D\u00e9co\",\"url\":\"https:\\\/\\\/stickerdeco.fr\\\/es\\\/\",\"logo\":{\"@type\":\"ImageObject\",\"inLanguage\":\"es\",\"@id\":\"https:\\\/\\\/stickerdeco.fr\\\/es\\\/#\\\/schema\\\/logo\\\/image\\\/\",\"url\":\"https:\\\/\\\/stickerdeco.fr\\\/wp-content\\\/uploads\\\/1987\\\/05\\\/stickerdeco-logo-v2-carre.png\",\"contentUrl\":\"https:\\\/\\\/stickerdeco.fr\\\/wp-content\\\/uploads\\\/1987\\\/05\\\/stickerdeco-logo-v2-carre.png\",\"width\":1000,\"height\":1000,\"caption\":\"Sticker D\u00e9co\"},\"image\":{\"@id\":\"https:\\\/\\\/stickerdeco.fr\\\/es\\\/#\\\/schema\\\/logo\\\/image\\\/\"},\"sameAs\":[\"https:\\\/\\\/www.facebook.com\\\/stickerdeco.fr\\\/\",\"https:\\\/\\\/www.instagram.com\\\/stickerdecofr\\\/\",\"https:\\\/\\\/www.pinterest.fr\\\/stickerdecofr\\\/\",\"https:\\\/\\\/www.youtube.com\\\/StickerDeco\"],\"email\":\"contact@stickerdeco.fr\",\"telephone\":\"0980809233\",\"legalName\":\"Sticker D\u00e9co\"}]}<\/script>\n<meta property=\"og:availability\" content=\"instock\" \/>\n<meta property=\"product:availability\" content=\"instock\" \/>\n<meta property=\"product:condition\" content=\"new\" \/>\n<!-- \/ Yoast SEO Premium plugin. -->","yoast_head_json":{"title":"vinilo para puertas Escalier Ruelle | Stickers Portes | StickerDeco.fr","description":"Optez pour une d\u00e9coration trompe l\u2019\u0153il et pas cher gr\u00e2ce \u00e0 ce Sticker Escalier Ruelle ! Nos Adh\u00e9sifs sont de Fabrication Fran\u00e7aise.","robots":{"index":"index","follow":"follow","max-snippet":"max-snippet:-1","max-image-preview":"max-image-preview:large","max-video-preview":"max-video-preview:-1"},"canonical":"https:\/\/stickerdeco.fr\/es\/produit\/sticker-porte-escalier-ruelle\/","og_locale":"es_ES","og_type":"article","og_title":"vinilo para puertas Escalier Ruelle","og_description":"Optez pour une d\u00e9coration trompe l\u2019\u0153il et pas cher gr\u00e2ce \u00e0 ce Sticker Escalier Ruelle ! Nos Adh\u00e9sifs sont de Fabrication Fran\u00e7aise.","og_url":"https:\/\/stickerdeco.fr\/es\/produit\/sticker-porte-escalier-ruelle\/","og_site_name":"Sticker Deco","article_publisher":"https:\/\/www.facebook.com\/stickerdeco.fr\/","article_modified_time":"2026-03-06T14:36:01+00:00","og_image":[{"width":1500,"height":1500,"url":"https:\/\/stickerdeco.fr\/wp-content\/uploads\/2020\/02\/sticker-porte-escalier-qui-monte-04-e1732702529304.jpg","type":"image\/jpeg"}],"twitter_card":"summary_large_image","twitter_misc":{"Disponibilidad":"Disponible"},"schema":{"@context":"https:\/\/schema.org","@graph":[{"@type":"WebPage","@id":"https:\/\/stickerdeco.fr\/es\/produit\/sticker-porte-escalier-ruelle\/","url":"https:\/\/stickerdeco.fr\/es\/produit\/sticker-porte-escalier-ruelle\/","name":"vinilo para puertas Escalier Ruelle | Stickers Portes | StickerDeco.fr","isPartOf":{"@id":"https:\/\/stickerdeco.fr\/es\/#website"},"primaryImageOfPage":{"@id":"https:\/\/stickerdeco.fr\/es\/produit\/sticker-porte-escalier-ruelle\/#primaryimage"},"image":{"@id":"https:\/\/stickerdeco.fr\/es\/produit\/sticker-porte-escalier-ruelle\/#primaryimage"},"thumbnailUrl":"https:\/\/stickerdeco.fr\/wp-content\/uploads\/2020\/02\/sticker-porte-escalier-qui-monte-04-e1732702529304.jpg","datePublished":"2020-02-12T08:12:31+00:00","dateModified":"2026-03-06T14:36:01+00:00","description":"Optez pour une d\u00e9coration trompe l\u2019\u0153il et pas cher gr\u00e2ce \u00e0 ce Sticker Escalier Ruelle ! Nos Adh\u00e9sifs sont de Fabrication Fran\u00e7aise.","breadcrumb":{"@id":"https:\/\/stickerdeco.fr\/es\/produit\/sticker-porte-escalier-ruelle\/#breadcrumb"},"inLanguage":"es","potentialAction":[{"@type":"ReadAction","target":["https:\/\/stickerdeco.fr\/es\/produit\/sticker-porte-escalier-ruelle\/"]}]},{"@type":"ImageObject","inLanguage":"es","@id":"https:\/\/stickerdeco.fr\/es\/produit\/sticker-porte-escalier-ruelle\/#primaryimage","url":"https:\/\/stickerdeco.fr\/wp-content\/uploads\/2020\/02\/sticker-porte-escalier-qui-monte-04-e1732702529304.jpg","contentUrl":"https:\/\/stickerdeco.fr\/wp-content\/uploads\/2020\/02\/sticker-porte-escalier-qui-monte-04-e1732702529304.jpg","width":1500,"height":1500,"caption":"vinilo para puertas Escalier Ruelle"},{"@type":"BreadcrumbList","@id":"https:\/\/stickerdeco.fr\/es\/produit\/sticker-porte-escalier-ruelle\/#breadcrumb","itemListElement":[{"@type":"ListItem","position":1,"name":"Accueil","item":"https:\/\/stickerdeco.fr\/es\/"},{"@type":"ListItem","position":2,"name":"Tienda","item":"https:\/\/stickerdeco.fr\/boutique\/"},{"@type":"ListItem","position":3,"name":"vinilo para puertas Escalier Ruelle"}]},{"@type":"WebSite","@id":"https:\/\/stickerdeco.fr\/es\/#website","url":"https:\/\/stickerdeco.fr\/es\/","name":"Sticker Deco","description":"Le Sticker Made In France","publisher":{"@id":"https:\/\/stickerdeco.fr\/es\/#organization"},"potentialAction":[{"@type":"SearchAction","target":{"@type":"EntryPoint","urlTemplate":"https:\/\/stickerdeco.fr\/es\/?s={search_term_string}"},"query-input":{"@type":"PropertyValueSpecification","valueRequired":true,"valueName":"search_term_string"}}],"inLanguage":"es"},{"@type":"Organization","@id":"https:\/\/stickerdeco.fr\/es\/#organization","name":"Sticker D\u00e9co","url":"https:\/\/stickerdeco.fr\/es\/","logo":{"@type":"ImageObject","inLanguage":"es","@id":"https:\/\/stickerdeco.fr\/es\/#\/schema\/logo\/image\/","url":"https:\/\/stickerdeco.fr\/wp-content\/uploads\/1987\/05\/stickerdeco-logo-v2-carre.png","contentUrl":"https:\/\/stickerdeco.fr\/wp-content\/uploads\/1987\/05\/stickerdeco-logo-v2-carre.png","width":1000,"height":1000,"caption":"Sticker D\u00e9co"},"image":{"@id":"https:\/\/stickerdeco.fr\/es\/#\/schema\/logo\/image\/"},"sameAs":["https:\/\/www.facebook.com\/stickerdeco.fr\/","https:\/\/www.instagram.com\/stickerdecofr\/","https:\/\/www.pinterest.fr\/stickerdecofr\/","https:\/\/www.youtube.com\/StickerDeco"],"email":"contact@stickerdeco.fr","telephone":"0980809233","legalName":"Sticker D\u00e9co"}]},"og_availability":"instock","product_availability":"instock","product_condition":"new"},"_links":{"self":[{"href":"https:\/\/stickerdeco.fr\/es\/wp-json\/wp\/v2\/product\/132329","targetHints":{"allow":["GET"]}}],"collection":[{"href":"https:\/\/stickerdeco.fr\/es\/wp-json\/wp\/v2\/product"}],"about":[{"href":"https:\/\/stickerdeco.fr\/es\/wp-json\/wp\/v2\/types\/product"}],"version-history":[{"count":8,"href":"https:\/\/stickerdeco.fr\/es\/wp-json\/wp\/v2\/product\/132329\/revisions"}],"predecessor-version":[{"id":132429,"href":"https:\/\/stickerdeco.fr\/es\/wp-json\/wp\/v2\/product\/132329\/revisions\/132429"}],"wp:featuredmedia":[{"embeddable":true,"href":"https:\/\/stickerdeco.fr\/es\/wp-json\/wp\/v2\/media\/132338"}],"wp:attachment":[{"href":"https:\/\/stickerdeco.fr\/es\/wp-json\/wp\/v2\/media?parent=132329"}],"wp:term":[{"taxonomy":"product_brand","embeddable":true,"href":"https:\/\/stickerdeco.fr\/es\/wp-json\/wp\/v2\/product_brand?post=132329"},{"taxonomy":"product_cat","embeddable":true,"href":"https:\/\/stickerdeco.fr\/es\/wp-json\/wp\/v2\/product_cat?post=132329"},{"taxonomy":"product_tag","embeddable":true,"href":"https:\/\/stickerdeco.fr\/es\/wp-json\/wp\/v2\/product_tag?post=132329"}],"curies":[{"name":"wp","href":"https:\/\/api.w.org\/{rel}","templated":true}]}}