{"id":134288,"date":"2022-09-08T10:32:34","date_gmt":"2022-09-08T08:32:34","guid":{"rendered":"https:\/\/stickerdeco.fr\/produit\/vinilos-para-puertas-barco\/"},"modified":"2026-03-07T09:45:57","modified_gmt":"2026-03-07T08:45:57","slug":"vinilos-para-puertas-barco","status":"publish","type":"product","link":"https:\/\/stickerdeco.fr\/es\/produit\/vinilos-para-puertas-barco\/","title":{"rendered":"Vinilos para puertas Barco"},"content":{"rendered":"<div class=\"wpb-content-wrapper\"><p>[vc_row][vc_column][vc_column_text]<\/p>\n<h2><span style=\"font-size: 14pt;\"><strong>El Vinilos para puertas Barco<\/strong><\/span><\/h2>\n<p><span style=\"font-size: 11pt;\">\u00bfTe apetece cambiar la <strong>decoraci\u00f3n<\/strong> de tu hogar? Entonces este magn\u00edfico <strong>Vinilos para puertas Barco <\/strong>es para ti. Sin duda, este <strong>Vinilos para puertas Barco <\/strong>te encantar\u00e1 gracias a nuestro vinilo adhesivo de alta calidad. Es <strong>f\u00e1cil de colocar. <\/strong>Con este vinilo, <strong>personalizar tu interior <\/strong>\u00a1ahora est\u00e1 al alcance de todos!<\/span><\/p>\n<h3><span style=\"font-size: 14pt;\"><strong>Los vinilos para puertas<\/strong><\/span><\/h3>\n<p><span style=\"font-size: 11pt;\">\u00bfQuieres un estilo \u00fanico para decorar tus puertas? Entonces este <strong>Vinilos para puertas Barco<\/strong> es para ti. Sin duda, este <strong>Vinilos para puertas Barco<\/strong> te encantar\u00e1. Es <strong>f\u00e1cil de colocar <\/strong>\u00a1como un juego de ni\u00f1os!<\/span><\/p>\n<p><span style=\"font-size: 11pt;\">Nuestros <strong>vinilos para puertas<\/strong> se entregan en una sola pieza. Resultado: \u00a1sin uniones para una colocaci\u00f3n f\u00e1cil! Con los <a href=\"https:\/\/stickerdeco.fr\/es\/cat\/vinilos-para-puertas\/\"><strong>vinilos para puertas<\/strong><\/a>, conseguir\u00e1s una <strong>decoraci\u00f3n<\/strong> <strong>original<\/strong> y personalizada en tu hogar. Hay muchos estilos y dise\u00f1os disponibles en la tienda Sticker D\u00e9co. Ya sea un efecto 3D, una <a href=\"https:\/\/stickerdeco.fr\/es\/tag\/pegatinas-efecto-madera\/\">imitaci\u00f3n madera<\/a> o una puerta de acero, tu puerta tendr\u00e1 seguro un efecto <a href=\"https:\/\/stickerdeco.fr\/es\/tag\/pegatinas-trompe-loeil\/\"><strong>trampantojo<\/strong><\/a> impresionante.<\/span><\/p>\n<h3><span style=\"font-size: 14pt;\"><strong>Un vinilo de muy alta calidad<\/strong><\/span><\/h3>\n<p><span style=\"font-size: 11pt;\">Imprimimos nuestros <strong>vinilos de pared<\/strong> en cuatricrom\u00eda HQ sobre un <strong>adhesivo<\/strong> <strong>resistente<\/strong> con cola estructurada. Esta tecnolog\u00eda <strong>de vanguardia<\/strong> garantiza una buena durabilidad del <strong>vinilo<\/strong> (cola pol\u00edmera) y una <strong>colocaci\u00f3n sin burbujas<\/strong> (cola estructurada). El <strong>adhesivo<\/strong> sigue siendo relativamente fino, con <strong>un grosor de menos de 0,2 mm<\/strong> (180\u00b5m).<\/span><\/p>\n<h3><span style=\"font-size: 14pt;\"><strong>\u00bfC\u00f3mo decorar tu casa?<\/strong><\/span><\/h3>\n<p><span style=\"font-size: 11pt;\">\u00bfTe gusta este <strong>Vinilos para puertas Barco <\/strong>? \u00bfTe encanta la <strong>decoraci\u00f3n de pared<\/strong> y quieres combinar tus estancias? Entonces completa tu decoraci\u00f3n de interior con nuestros <a href=\"\/?product_cat=sticker-salle-de-bains\"><strong>Vinilos Ba\u00f1o<\/strong><\/a>, <a href=\"\/?product_cat=sticker-salon\"><strong>Vinilos Sal\u00f3n<\/strong><\/a>, <a href=\"https:\/\/stickerdeco.fr\/es\/cat\/vinilos-de-pared\/vinilos-de-cocina\/\"><strong>Vinilos Cocina<\/strong><\/a> o nuestros <a href=\"https:\/\/stickerdeco.fr\/es\/cat\/vinilos-de-pared\/vinilos-para-dormitorio-adulto\/\"><strong>Vinilos Dormitorio<\/strong><\/a>.<\/span><\/p>\n<h3><span style=\"font-size: 14pt;\"><strong><a href=\"https:\/\/www.stickerdeco.fr\/\">StickerDeco.fr<\/a> \u00a1tiene miles de productos!<\/strong><\/span><\/h3>\n<p><span style=\"font-size: 11pt;\">Realizados en nuestras instalaciones en \u00cele-de-France, nuestros vinilos son <strong>Made In France<\/strong>. Elige el tuyo entre las categor\u00edas:<\/span><\/p>\n<ul>\n<li><span style=\"font-size: 11pt;\"><a href=\"\/?product_cat=stickers-muraux-animaux\"><strong>Vinilos Animales<\/strong><\/a>, <\/span><\/li>\n<li><span style=\"font-size: 11pt;\"><strong><a href=\"\/?product_cat=stickers-muraux-fleurs\">Vinilos Flores<\/a><\/strong>, <\/span><\/li>\n<li><span style=\"font-size: 11pt;\"><strong><a href=\"\/?product_cat=stickers-muraux-mangas-et-cartoons\">Vinilos Manga<\/a><\/strong> \u00a1y mucho m\u00e1s!<\/span><\/li>\n<\/ul>\n<p><span style=\"font-size: 14pt; color: #d64444;\"><strong>ADHESIVO DE MUY ALTA CALIDAD = COLOCACI\u00d3N F\u00c1CIL, GARANT\u00cdA SIN BURBUJAS<\/strong><\/span>[\/vc_column_text][\/vc_column][\/vc_row]<\/p>\n<\/div>","protected":false},"excerpt":{"rendered":"<p>Descubre nuestros Vinilos para puertas Barco y decora tu hogar en un instante.<\/p>\n<p><strong>Caracter\u00edsticas del producto:<\/strong><\/p>\n<ul class=\"product-short-desc-list\">\n<li>Vinilo para puertas: f\u00e1cil de colocar y sin burbujas<\/li>\n<li>Se entrega en una sola pieza: sin montajes tediosos ni pegado adicional<\/li>\n<li>Superficie laminada con acabado mate: aspecto elegante, baja reflexi\u00f3n y gran durabilidad<\/li>\n<li>Apto para superficies lisas (puertas pintadas\/laminadas, pl\u00e1stico, vidrio, etc.)<\/li>\n<li>F\u00e1cil de limpiar, lavable y resistente a las salpicaduras<\/li>\n<li>Euroclase B-s1,d0 (equiv. M1 en Francia)<\/li>\n<li>Impresi\u00f3n ecol\u00f3gica UL ECOLOGO\u00ae y UL GREENGUARD Gold: bajas emisiones y sin olor, apta para interiores sensibles<\/li>\n<\/ul>\n<p><span style=\"color: #d64444;\"><strong>Varios tama\u00f1os disponibles para adaptarse a todas tus puertas (posible a medida bajo pedido).<\/strong><\/span><\/p>\n<hr \/>\n","protected":false},"featured_media":134293,"template":"","meta":[],"product_brand":[],"product_cat":[4531,4559,4535],"product_tag":[6529,6530,6532,6721,6535,6533,6534,6709,6531],"class_list":{"0":"post-134288","1":"product","2":"type-product","3":"status-publish","4":"has-post-thumbnail","6":"product_cat-vinilos-para-dormitorio-adulto","7":"product_cat-vinilos-para-puertas","8":"product_cat-vinilos-para-salon","9":"product_tag-pegatinas-para-puerta-63-x-204-cm","10":"product_tag-pegatinas-para-puerta-73-x-204-cm","11":"product_tag-pegatinas-para-puerta-93-x-204-cm","12":"product_tag-pegatinas-puerta-bano","13":"product_tag-pegatinas-puerta-chambre","14":"product_tag-pegatinas-puerta-cocina","15":"product_tag-pegatinas-puerta-salon","16":"product_tag-pegatinas-puerta-trompe-loeil","17":"product_tag-stickers-puerta-83-x-204-cm","19":"first","20":"instock","21":"sale","22":"taxable","23":"shipping-taxable","24":"purchasable","25":"product-type-variable","26":"has-default-attributes"},"etheme_brands":{"errors":{"invalid_taxonomy":["Taxonom\u00eda no v\u00e1lida."]},"error_data":[]},"yoast_head":"<!-- This site is optimized with the Yoast SEO Premium plugin v27.3 (Yoast SEO v27.3) - https:\/\/yoast.com\/product\/yoast-seo-premium-wordpress\/ -->\n<title>Vinilos para puertas Barco | Vinilos para puertas | Stickerdeco.fr<\/title>\n<meta name=\"description\" content=\"Envie d&#039;une d\u00e9co originale et surprenante ? Alors ce vinilos para puertas de Bateau est fait pour vous ! Qualit\u00e9 Made In France.\" \/>\n<meta name=\"robots\" content=\"index, follow, max-snippet:-1, max-image-preview:large, max-video-preview:-1\" \/>\n<link rel=\"canonical\" href=\"https:\/\/stickerdeco.fr\/es\/produit\/vinilos-para-puertas-barco\/\" \/>\n<meta property=\"og:locale\" content=\"es_ES\" \/>\n<meta property=\"og:type\" content=\"article\" \/>\n<meta property=\"og:title\" content=\"Vinilos para puertas Barco\" \/>\n<meta property=\"og:description\" content=\"Envie d&#039;une d\u00e9co originale et surprenante ? Alors ce vinilos para puertas de Bateau est fait pour vous ! Qualit\u00e9 Made In France.\" \/>\n<meta property=\"og:url\" content=\"https:\/\/stickerdeco.fr\/es\/produit\/vinilos-para-puertas-barco\/\" \/>\n<meta property=\"og:site_name\" content=\"Sticker Deco\" \/>\n<meta property=\"article:publisher\" content=\"https:\/\/www.facebook.com\/stickerdeco.fr\/\" \/>\n<meta property=\"article:modified_time\" content=\"2026-03-07T08:45:57+00:00\" \/>\n<meta property=\"og:image\" content=\"https:\/\/stickerdeco.fr\/wp-content\/uploads\/2022\/09\/sticker-porte-de-bateau-00-e1732699587163.jpg\" \/>\n\t<meta property=\"og:image:width\" content=\"1000\" \/>\n\t<meta property=\"og:image:height\" content=\"1000\" \/>\n\t<meta property=\"og:image:type\" content=\"image\/jpeg\" \/>\n<meta name=\"twitter:card\" content=\"summary_large_image\" \/>\n<meta name=\"twitter:label1\" content=\"Disponibilidad\" \/>\n\t<meta name=\"twitter:data1\" content=\"Disponible\" \/>\n<script type=\"application\/ld+json\" class=\"yoast-schema-graph\">{\"@context\":\"https:\\\/\\\/schema.org\",\"@graph\":[{\"@type\":\"WebPage\",\"@id\":\"https:\\\/\\\/stickerdeco.fr\\\/es\\\/produit\\\/vinilos-para-puertas-barco\\\/\",\"url\":\"https:\\\/\\\/stickerdeco.fr\\\/es\\\/produit\\\/vinilos-para-puertas-barco\\\/\",\"name\":\"Vinilos para puertas Barco | Vinilos para puertas | Stickerdeco.fr\",\"isPartOf\":{\"@id\":\"https:\\\/\\\/stickerdeco.fr\\\/es\\\/#website\"},\"primaryImageOfPage\":{\"@id\":\"https:\\\/\\\/stickerdeco.fr\\\/es\\\/produit\\\/vinilos-para-puertas-barco\\\/#primaryimage\"},\"image\":{\"@id\":\"https:\\\/\\\/stickerdeco.fr\\\/es\\\/produit\\\/vinilos-para-puertas-barco\\\/#primaryimage\"},\"thumbnailUrl\":\"https:\\\/\\\/stickerdeco.fr\\\/wp-content\\\/uploads\\\/2022\\\/09\\\/sticker-porte-de-bateau-00-e1732699587163.jpg\",\"datePublished\":\"2022-09-08T08:32:34+00:00\",\"dateModified\":\"2026-03-07T08:45:57+00:00\",\"description\":\"Envie d'une d\u00e9co originale et surprenante ? Alors ce vinilos para puertas de Bateau est fait pour vous ! Qualit\u00e9 Made In France.\",\"breadcrumb\":{\"@id\":\"https:\\\/\\\/stickerdeco.fr\\\/es\\\/produit\\\/vinilos-para-puertas-barco\\\/#breadcrumb\"},\"inLanguage\":\"es\",\"potentialAction\":[{\"@type\":\"ReadAction\",\"target\":[\"https:\\\/\\\/stickerdeco.fr\\\/es\\\/produit\\\/vinilos-para-puertas-barco\\\/\"]}]},{\"@type\":\"ImageObject\",\"inLanguage\":\"es\",\"@id\":\"https:\\\/\\\/stickerdeco.fr\\\/es\\\/produit\\\/vinilos-para-puertas-barco\\\/#primaryimage\",\"url\":\"https:\\\/\\\/stickerdeco.fr\\\/wp-content\\\/uploads\\\/2022\\\/09\\\/sticker-porte-de-bateau-00-e1732699587163.jpg\",\"contentUrl\":\"https:\\\/\\\/stickerdeco.fr\\\/wp-content\\\/uploads\\\/2022\\\/09\\\/sticker-porte-de-bateau-00-e1732699587163.jpg\",\"width\":1000,\"height\":1000,\"caption\":\"Vinilos para puertas Barco\"},{\"@type\":\"BreadcrumbList\",\"@id\":\"https:\\\/\\\/stickerdeco.fr\\\/es\\\/produit\\\/vinilos-para-puertas-barco\\\/#breadcrumb\",\"itemListElement\":[{\"@type\":\"ListItem\",\"position\":1,\"name\":\"Accueil\",\"item\":\"https:\\\/\\\/stickerdeco.fr\\\/es\\\/\"},{\"@type\":\"ListItem\",\"position\":2,\"name\":\"Tienda\",\"item\":\"https:\\\/\\\/stickerdeco.fr\\\/boutique\\\/\"},{\"@type\":\"ListItem\",\"position\":3,\"name\":\"Vinilos para puertas Barco\"}]},{\"@type\":\"WebSite\",\"@id\":\"https:\\\/\\\/stickerdeco.fr\\\/es\\\/#website\",\"url\":\"https:\\\/\\\/stickerdeco.fr\\\/es\\\/\",\"name\":\"Sticker Deco\",\"description\":\"Le Sticker Made In France\",\"publisher\":{\"@id\":\"https:\\\/\\\/stickerdeco.fr\\\/es\\\/#organization\"},\"potentialAction\":[{\"@type\":\"SearchAction\",\"target\":{\"@type\":\"EntryPoint\",\"urlTemplate\":\"https:\\\/\\\/stickerdeco.fr\\\/es\\\/?s={search_term_string}\"},\"query-input\":{\"@type\":\"PropertyValueSpecification\",\"valueRequired\":true,\"valueName\":\"search_term_string\"}}],\"inLanguage\":\"es\"},{\"@type\":\"Organization\",\"@id\":\"https:\\\/\\\/stickerdeco.fr\\\/es\\\/#organization\",\"name\":\"Sticker D\u00e9co\",\"url\":\"https:\\\/\\\/stickerdeco.fr\\\/es\\\/\",\"logo\":{\"@type\":\"ImageObject\",\"inLanguage\":\"es\",\"@id\":\"https:\\\/\\\/stickerdeco.fr\\\/es\\\/#\\\/schema\\\/logo\\\/image\\\/\",\"url\":\"https:\\\/\\\/stickerdeco.fr\\\/wp-content\\\/uploads\\\/1987\\\/05\\\/stickerdeco-logo-v2-carre.png\",\"contentUrl\":\"https:\\\/\\\/stickerdeco.fr\\\/wp-content\\\/uploads\\\/1987\\\/05\\\/stickerdeco-logo-v2-carre.png\",\"width\":1000,\"height\":1000,\"caption\":\"Sticker D\u00e9co\"},\"image\":{\"@id\":\"https:\\\/\\\/stickerdeco.fr\\\/es\\\/#\\\/schema\\\/logo\\\/image\\\/\"},\"sameAs\":[\"https:\\\/\\\/www.facebook.com\\\/stickerdeco.fr\\\/\",\"https:\\\/\\\/www.instagram.com\\\/stickerdecofr\\\/\",\"https:\\\/\\\/www.pinterest.fr\\\/stickerdecofr\\\/\",\"https:\\\/\\\/www.youtube.com\\\/StickerDeco\"],\"email\":\"contact@stickerdeco.fr\",\"telephone\":\"0980809233\",\"legalName\":\"Sticker D\u00e9co\"}]}<\/script>\n<meta property=\"og:availability\" content=\"instock\" \/>\n<meta property=\"product:availability\" content=\"instock\" \/>\n<meta property=\"product:condition\" content=\"new\" \/>\n<!-- \/ Yoast SEO Premium plugin. -->","yoast_head_json":{"title":"Vinilos para puertas Barco | Vinilos para puertas | Stickerdeco.fr","description":"Envie d'une d\u00e9co originale et surprenante ? Alors ce vinilos para puertas de Bateau est fait pour vous ! Qualit\u00e9 Made In France.","robots":{"index":"index","follow":"follow","max-snippet":"max-snippet:-1","max-image-preview":"max-image-preview:large","max-video-preview":"max-video-preview:-1"},"canonical":"https:\/\/stickerdeco.fr\/es\/produit\/vinilos-para-puertas-barco\/","og_locale":"es_ES","og_type":"article","og_title":"Vinilos para puertas Barco","og_description":"Envie d'une d\u00e9co originale et surprenante ? Alors ce vinilos para puertas de Bateau est fait pour vous ! Qualit\u00e9 Made In France.","og_url":"https:\/\/stickerdeco.fr\/es\/produit\/vinilos-para-puertas-barco\/","og_site_name":"Sticker Deco","article_publisher":"https:\/\/www.facebook.com\/stickerdeco.fr\/","article_modified_time":"2026-03-07T08:45:57+00:00","og_image":[{"width":1000,"height":1000,"url":"https:\/\/stickerdeco.fr\/wp-content\/uploads\/2022\/09\/sticker-porte-de-bateau-00-e1732699587163.jpg","type":"image\/jpeg"}],"twitter_card":"summary_large_image","twitter_misc":{"Disponibilidad":"Disponible"},"schema":{"@context":"https:\/\/schema.org","@graph":[{"@type":"WebPage","@id":"https:\/\/stickerdeco.fr\/es\/produit\/vinilos-para-puertas-barco\/","url":"https:\/\/stickerdeco.fr\/es\/produit\/vinilos-para-puertas-barco\/","name":"Vinilos para puertas Barco | Vinilos para puertas | Stickerdeco.fr","isPartOf":{"@id":"https:\/\/stickerdeco.fr\/es\/#website"},"primaryImageOfPage":{"@id":"https:\/\/stickerdeco.fr\/es\/produit\/vinilos-para-puertas-barco\/#primaryimage"},"image":{"@id":"https:\/\/stickerdeco.fr\/es\/produit\/vinilos-para-puertas-barco\/#primaryimage"},"thumbnailUrl":"https:\/\/stickerdeco.fr\/wp-content\/uploads\/2022\/09\/sticker-porte-de-bateau-00-e1732699587163.jpg","datePublished":"2022-09-08T08:32:34+00:00","dateModified":"2026-03-07T08:45:57+00:00","description":"Envie d'une d\u00e9co originale et surprenante ? Alors ce vinilos para puertas de Bateau est fait pour vous ! Qualit\u00e9 Made In France.","breadcrumb":{"@id":"https:\/\/stickerdeco.fr\/es\/produit\/vinilos-para-puertas-barco\/#breadcrumb"},"inLanguage":"es","potentialAction":[{"@type":"ReadAction","target":["https:\/\/stickerdeco.fr\/es\/produit\/vinilos-para-puertas-barco\/"]}]},{"@type":"ImageObject","inLanguage":"es","@id":"https:\/\/stickerdeco.fr\/es\/produit\/vinilos-para-puertas-barco\/#primaryimage","url":"https:\/\/stickerdeco.fr\/wp-content\/uploads\/2022\/09\/sticker-porte-de-bateau-00-e1732699587163.jpg","contentUrl":"https:\/\/stickerdeco.fr\/wp-content\/uploads\/2022\/09\/sticker-porte-de-bateau-00-e1732699587163.jpg","width":1000,"height":1000,"caption":"Vinilos para puertas Barco"},{"@type":"BreadcrumbList","@id":"https:\/\/stickerdeco.fr\/es\/produit\/vinilos-para-puertas-barco\/#breadcrumb","itemListElement":[{"@type":"ListItem","position":1,"name":"Accueil","item":"https:\/\/stickerdeco.fr\/es\/"},{"@type":"ListItem","position":2,"name":"Tienda","item":"https:\/\/stickerdeco.fr\/boutique\/"},{"@type":"ListItem","position":3,"name":"Vinilos para puertas Barco"}]},{"@type":"WebSite","@id":"https:\/\/stickerdeco.fr\/es\/#website","url":"https:\/\/stickerdeco.fr\/es\/","name":"Sticker Deco","description":"Le Sticker Made In France","publisher":{"@id":"https:\/\/stickerdeco.fr\/es\/#organization"},"potentialAction":[{"@type":"SearchAction","target":{"@type":"EntryPoint","urlTemplate":"https:\/\/stickerdeco.fr\/es\/?s={search_term_string}"},"query-input":{"@type":"PropertyValueSpecification","valueRequired":true,"valueName":"search_term_string"}}],"inLanguage":"es"},{"@type":"Organization","@id":"https:\/\/stickerdeco.fr\/es\/#organization","name":"Sticker D\u00e9co","url":"https:\/\/stickerdeco.fr\/es\/","logo":{"@type":"ImageObject","inLanguage":"es","@id":"https:\/\/stickerdeco.fr\/es\/#\/schema\/logo\/image\/","url":"https:\/\/stickerdeco.fr\/wp-content\/uploads\/1987\/05\/stickerdeco-logo-v2-carre.png","contentUrl":"https:\/\/stickerdeco.fr\/wp-content\/uploads\/1987\/05\/stickerdeco-logo-v2-carre.png","width":1000,"height":1000,"caption":"Sticker D\u00e9co"},"image":{"@id":"https:\/\/stickerdeco.fr\/es\/#\/schema\/logo\/image\/"},"sameAs":["https:\/\/www.facebook.com\/stickerdeco.fr\/","https:\/\/www.instagram.com\/stickerdecofr\/","https:\/\/www.pinterest.fr\/stickerdecofr\/","https:\/\/www.youtube.com\/StickerDeco"],"email":"contact@stickerdeco.fr","telephone":"0980809233","legalName":"Sticker D\u00e9co"}]},"og_availability":"instock","product_availability":"instock","product_condition":"new"},"_links":{"self":[{"href":"https:\/\/stickerdeco.fr\/es\/wp-json\/wp\/v2\/product\/134288","targetHints":{"allow":["GET"]}}],"collection":[{"href":"https:\/\/stickerdeco.fr\/es\/wp-json\/wp\/v2\/product"}],"about":[{"href":"https:\/\/stickerdeco.fr\/es\/wp-json\/wp\/v2\/types\/product"}],"version-history":[{"count":1,"href":"https:\/\/stickerdeco.fr\/es\/wp-json\/wp\/v2\/product\/134288\/revisions"}],"predecessor-version":[{"id":134318,"href":"https:\/\/stickerdeco.fr\/es\/wp-json\/wp\/v2\/product\/134288\/revisions\/134318"}],"wp:featuredmedia":[{"embeddable":true,"href":"https:\/\/stickerdeco.fr\/es\/wp-json\/wp\/v2\/media\/134293"}],"wp:attachment":[{"href":"https:\/\/stickerdeco.fr\/es\/wp-json\/wp\/v2\/media?parent=134288"}],"wp:term":[{"taxonomy":"product_brand","embeddable":true,"href":"https:\/\/stickerdeco.fr\/es\/wp-json\/wp\/v2\/product_brand?post=134288"},{"taxonomy":"product_cat","embeddable":true,"href":"https:\/\/stickerdeco.fr\/es\/wp-json\/wp\/v2\/product_cat?post=134288"},{"taxonomy":"product_tag","embeddable":true,"href":"https:\/\/stickerdeco.fr\/es\/wp-json\/wp\/v2\/product_tag?post=134288"}],"curies":[{"name":"wp","href":"https:\/\/api.w.org\/{rel}","templated":true}]}}