{"id":138824,"date":"2020-11-09T11:59:51","date_gmt":"2020-11-09T10:59:51","guid":{"rendered":"https:\/\/stickerdeco.fr\/produit\/vinilo-para-puerta-metro\/"},"modified":"2026-03-14T10:33:05","modified_gmt":"2026-03-14T09:33:05","slug":"vinilo-para-puerta-metro","status":"publish","type":"product","link":"https:\/\/stickerdeco.fr\/es\/produit\/vinilo-para-puerta-metro\/","title":{"rendered":"Vinilo para Puerta Metro"},"content":{"rendered":"<div class=\"wpb-content-wrapper\"><p>[vc_row][vc_column][vc_column_text]<\/p>\n<h2><span style=\"font-size: 14pt;\"><strong>Vinilo para Puerta Metro<\/strong><\/span><\/h2>\n<p><span style=\"font-size: 11pt;\">\u00bfQuieres cambiar la <strong>decoraci\u00f3n<\/strong> de tu interior? Entonces este magn\u00edfico <strong>Vinilo para Puerta Metro <\/strong>es para ti. No cabe duda de que este <strong>Vinilo para Puerta Metro <\/strong>te convencer\u00e1 gracias a nuestro adhesivo mural de vinilo de alta calidad. Es <strong>f\u00e1cil de colocar. <\/strong>Con este sticker, <strong>personalizar tu interior <\/strong>ahora est\u00e1 al alcance de todos.<\/span><\/p>\n<p><span style=\"font-size: 11pt;\">Cada <strong>decoraci\u00f3n mural<\/strong> es independiente y <strong>puede colocarse por separado<\/strong>. As\u00ed tienes el m\u00e1ximo de posibilidades para colocar tu <strong>adhesivo mural<\/strong>, \u00a1as\u00ed que deja hablar a tu alma de <strong>decorador<\/strong>!<\/span><\/p>\n<h3><span style=\"font-size: 14pt;\"><strong>El vinilo para puerta<\/strong><\/span><\/h3>\n<p><span style=\"font-size: 11pt;\">\u00bfQuieres un estilo \u00fanico para la decoraci\u00f3n de tus puertas? Entonces este <strong>Vinilo para Puerta Metro<\/strong> es para ti. No cabe duda de que este <strong>Vinilo para Puerta Metro<\/strong> te encantar\u00e1. Es <strong>f\u00e1cil de colocar<\/strong>, \u00a1es un juego de ni\u00f1os!<\/span><\/p>\n<p><span style=\"font-size: 11pt;\">Nuestros <strong>vinilos para puertas<\/strong> se entregan en una sola pieza, es decir, en un solo panel. Resultado: no hace falta ning\u00fan empalme para una colocaci\u00f3n sencilla. Al utilizar los <a href=\"https:\/\/stickerdeco.fr\/es\/cat\/vinilos-para-puertas\/\"><strong>vinilos para puertas<\/strong><\/a>, conseguir\u00e1s una <strong>decoraci\u00f3n original<\/strong> y personalizada en tu hogar. En la tienda Sticker D\u00e9co hay varios estilos y dise\u00f1os disponibles. Ya sea un efecto 3D, una <a href=\"https:\/\/stickerdeco.fr\/es\/tag\/pegatinas-efecto-madera\/\">imitaci\u00f3n madera<\/a> o una puerta de acero, tu puerta tendr\u00e1 sin duda un impresionante efecto <a href=\"https:\/\/stickerdeco.fr\/es\/tag\/pegatinas-trompe-loeil\/\"><strong>trampantojo<\/strong><\/a>.<\/span><\/p>\n<h3><span style=\"font-size: 14pt;\"><strong>Un sticker de muy alta calidad<\/strong><\/span><\/h3>\n<p><span style=\"font-size: 11pt;\">De hecho, imprimimos nuestros <strong>adhesivos murales<\/strong> en cuatricrom\u00eda HQ sobre <strong>adhesivo<\/strong> polim\u00e9rico <strong>resistente<\/strong> con cola estructurada. Esta tecnolog\u00eda, <strong>a la vanguardia de la innovaci\u00f3n<\/strong>, permite una gran durabilidad del <strong>vinilo<\/strong> con el paso del tiempo (cola polim\u00e9rica) as\u00ed como una <strong>colocaci\u00f3n sin burbujas<\/strong> (cola estructurada). El <strong>adhesivo<\/strong> sigue siendo relativamente fino, con <strong>un grosor inferior a 0,2 mm<\/strong> (180\u00b5m).<\/span><\/p>\n<h3><span style=\"font-size: 14pt;\"><strong>\u00bfC\u00f3mo decorar tu casa?<\/strong><\/span><\/h3>\n<p><span style=\"font-size: 11pt;\">\u00bfTe gusta este <strong>Vinilo para Puerta Metro <\/strong>? \u00bfEres fan de la <strong>Decoraci\u00f3n Mural<\/strong> y quieres coordinar tus estancias? Entonces completa tu decoraci\u00f3n interior con nuestros <a href=\"\/?product_cat=sticker-salle-de-bains\"><strong>Stickers de ba\u00f1o<\/strong><\/a>, <a href=\"\/?product_cat=sticker-salon\"><strong>Stickers de sal\u00f3n<\/strong><\/a>, <a href=\"https:\/\/stickerdeco.fr\/es\/cat\/vinilos-de-pared\/vinilos-de-cocina\/\"><strong>Stickers de cocina<\/strong><\/a> o nuestros <a href=\"https:\/\/stickerdeco.fr\/es\/cat\/vinilos-de-pared\/vinilos-para-dormitorio-adulto\/\"><strong>Stickers de dormitorio<\/strong><\/a>.<\/span><\/p>\n<h3><span style=\"font-size: 14pt;\"><strong><a href=\"https:\/\/www.stickerdeco.fr\/\">StickerDeco.fr<\/a> \u00a1son miles de productos!<\/strong><\/span><\/h3>\n<p><span style=\"font-size: 11pt;\">Impresos en nuestras instalaciones de \u00cele-de-France, nuestros stickers son <strong>Made in France<\/strong>. Elige el tuyo entre las categor\u00edas:<\/span><\/p>\n<ul>\n<li><span style=\"font-size: 11pt;\"><a href=\"\/?product_cat=stickers-muraux-animaux\"><strong>Stickers de animales<\/strong><\/a>, <\/span><\/li>\n<li><span style=\"font-size: 11pt;\"><strong><a href=\"\/?product_cat=stickers-muraux-fleurs\">Stickers de flores<\/a><\/strong>, <\/span><\/li>\n<li><span style=\"font-size: 11pt;\"><strong><a href=\"\/?product_cat=stickers-muraux-mangas-et-cartoons\">Stickers manga<\/a><\/strong> y mucho m\u00e1s.<\/span><\/li>\n<\/ul>\n<p><span style=\"font-size: 14pt; color: #d64444;\"><strong>ADHESIVO DE MUY ALTA CALIDAD = COLOCACI\u00d3N F\u00c1CIL, GARANT\u00cdA SIN BURBUJAS<\/strong><\/span>[\/vc_column_text][\/vc_column][\/vc_row]<\/p>\n<\/div>","protected":false},"excerpt":{"rendered":"<p>\u00bfQuieres dar a tus puertas una decoraci\u00f3n original? Entonces este <strong>Vinilo para Puerta Metro <\/strong>es para ti.<\/p>\n<p>Si te gusta especialmente la ciudad de Nueva York, nuestro Vinilo para Puerta Metro encajar\u00e1 perfectamente con ese esp\u00edritu. El dise\u00f1o fotorrealista de este vinilo para puerta te har\u00e1 viajar en el metro neoyorquino cada d\u00eda. \u00a1Gracias a este vinilo para puerta metro, tu decoraci\u00f3n adquirir\u00e1 otra dimensi\u00f3n!<\/p>\n<p><strong>Caracter\u00edsticas del producto:<\/strong><\/p>\n<ul class=\"product-short-desc-list\">\n<li>Vinilo para puertas: f\u00e1cil de colocar y sin burbujas<\/li>\n<li>Se entrega en una sola pieza: sin montajes tediosos ni pegado adicional<\/li>\n<li>Superficie laminada con acabado mate: aspecto elegante, baja reflexi\u00f3n y gran durabilidad<\/li>\n<li>Apto para superficies lisas (puertas pintadas\/laminadas, pl\u00e1stico, vidrio, etc.)<\/li>\n<li>F\u00e1cil de limpiar, lavable y resistente a las salpicaduras<\/li>\n<li>Euroclase B-s1,d0 (equiv. M1 en Francia)<\/li>\n<li>Impresi\u00f3n ecol\u00f3gica UL ECOLOGO\u00ae y UL GREENGUARD Gold: bajas emisiones y sin olor, apta para interiores sensibles<\/li>\n<\/ul>\n<p><span style=\"color: #d64444;\"><strong>Varias medidas disponibles para adaptarse a todas tus puertas (posible a medida bajo petici\u00f3n).<\/strong><\/span><\/p>\n<hr \/>\n","protected":false},"featured_media":138831,"template":"","meta":[],"product_brand":[],"product_cat":[4559],"product_tag":[6529,6530,6532,6712,6721,6535,6533,6714,6534,6709,4755,6531],"class_list":{"0":"post-138824","1":"product","2":"type-product","3":"status-publish","4":"has-post-thumbnail","6":"product_cat-vinilos-para-puertas","7":"product_tag-pegatinas-para-puerta-63-x-204-cm","8":"product_tag-pegatinas-para-puerta-73-x-204-cm","9":"product_tag-pegatinas-para-puerta-93-x-204-cm","10":"product_tag-pegatinas-puerta-abstractose","11":"product_tag-pegatinas-puerta-bano","12":"product_tag-pegatinas-puerta-chambre","13":"product_tag-pegatinas-puerta-cocina","14":"product_tag-pegatinas-puerta-industrielle","15":"product_tag-pegatinas-puerta-salon","16":"product_tag-pegatinas-puerta-trompe-loeil","17":"product_tag-pegatinas-trompe-loeil","18":"product_tag-stickers-puerta-83-x-204-cm","20":"first","21":"instock","22":"sale","23":"taxable","24":"shipping-taxable","25":"purchasable","26":"product-type-variable"},"etheme_brands":{"errors":{"invalid_taxonomy":["Taxonom\u00eda no v\u00e1lida."]},"error_data":[]},"yoast_head":"<!-- This site is optimized with the Yoast SEO Premium plugin v27.3 (Yoast SEO v27.3) - https:\/\/yoast.com\/product\/yoast-seo-premium-wordpress\/ -->\n<title>Vinilo para Puerta Metro | Vinilos para puertas | StickerDeco.fr<\/title>\n<meta name=\"description\" content=\"\u00bfQuieres una decoraci\u00f3n original para tus puertas? Este Vinilo para Puerta Metro es para ti. Descubre en nuestra web varios modelos de vinilo para puerta.\" \/>\n<meta name=\"robots\" content=\"index, follow, max-snippet:-1, max-image-preview:large, max-video-preview:-1\" \/>\n<link rel=\"canonical\" href=\"https:\/\/stickerdeco.fr\/es\/produit\/vinilo-para-puerta-metro\/\" \/>\n<meta property=\"og:locale\" content=\"es_ES\" \/>\n<meta property=\"og:type\" content=\"article\" \/>\n<meta property=\"og:title\" content=\"Vinilo para Puerta Metro\" \/>\n<meta property=\"og:description\" content=\"\u00bfQuieres una decoraci\u00f3n original para tus puertas? Este Vinilo para Puerta Metro es para ti. Descubre en nuestra web varios modelos de vinilo para puerta.\" \/>\n<meta property=\"og:url\" content=\"https:\/\/stickerdeco.fr\/es\/produit\/vinilo-para-puerta-metro\/\" \/>\n<meta property=\"og:site_name\" content=\"Sticker Deco\" \/>\n<meta property=\"article:publisher\" content=\"https:\/\/www.facebook.com\/stickerdeco.fr\/\" \/>\n<meta property=\"article:modified_time\" content=\"2026-03-14T09:33:05+00:00\" \/>\n<meta property=\"og:image\" content=\"https:\/\/stickerdeco.fr\/wp-content\/uploads\/2020\/11\/sticker-porte-metro-0000-e1732636874581.jpg\" \/>\n\t<meta property=\"og:image:width\" content=\"1000\" \/>\n\t<meta property=\"og:image:height\" content=\"1000\" \/>\n\t<meta property=\"og:image:type\" content=\"image\/jpeg\" \/>\n<meta name=\"twitter:card\" content=\"summary_large_image\" \/>\n<meta name=\"twitter:label1\" content=\"Disponibilidad\" \/>\n\t<meta name=\"twitter:data1\" content=\"Disponible\" \/>\n<script type=\"application\/ld+json\" class=\"yoast-schema-graph\">{\"@context\":\"https:\\\/\\\/schema.org\",\"@graph\":[{\"@type\":\"WebPage\",\"@id\":\"https:\\\/\\\/stickerdeco.fr\\\/es\\\/produit\\\/vinilo-para-puerta-metro\\\/\",\"url\":\"https:\\\/\\\/stickerdeco.fr\\\/es\\\/produit\\\/vinilo-para-puerta-metro\\\/\",\"name\":\"Vinilo para Puerta Metro | Vinilos para puertas | StickerDeco.fr\",\"isPartOf\":{\"@id\":\"https:\\\/\\\/stickerdeco.fr\\\/es\\\/#website\"},\"primaryImageOfPage\":{\"@id\":\"https:\\\/\\\/stickerdeco.fr\\\/es\\\/produit\\\/vinilo-para-puerta-metro\\\/#primaryimage\"},\"image\":{\"@id\":\"https:\\\/\\\/stickerdeco.fr\\\/es\\\/produit\\\/vinilo-para-puerta-metro\\\/#primaryimage\"},\"thumbnailUrl\":\"https:\\\/\\\/stickerdeco.fr\\\/wp-content\\\/uploads\\\/2020\\\/11\\\/sticker-porte-metro-0000-e1732636874581.jpg\",\"datePublished\":\"2020-11-09T10:59:51+00:00\",\"dateModified\":\"2026-03-14T09:33:05+00:00\",\"description\":\"\u00bfQuieres una decoraci\u00f3n original para tus puertas? Este Vinilo para Puerta Metro es para ti. Descubre en nuestra web varios modelos de vinilo para puerta.\",\"breadcrumb\":{\"@id\":\"https:\\\/\\\/stickerdeco.fr\\\/es\\\/produit\\\/vinilo-para-puerta-metro\\\/#breadcrumb\"},\"inLanguage\":\"es\",\"potentialAction\":[{\"@type\":\"ReadAction\",\"target\":[\"https:\\\/\\\/stickerdeco.fr\\\/es\\\/produit\\\/vinilo-para-puerta-metro\\\/\"]}]},{\"@type\":\"ImageObject\",\"inLanguage\":\"es\",\"@id\":\"https:\\\/\\\/stickerdeco.fr\\\/es\\\/produit\\\/vinilo-para-puerta-metro\\\/#primaryimage\",\"url\":\"https:\\\/\\\/stickerdeco.fr\\\/wp-content\\\/uploads\\\/2020\\\/11\\\/sticker-porte-metro-0000-e1732636874581.jpg\",\"contentUrl\":\"https:\\\/\\\/stickerdeco.fr\\\/wp-content\\\/uploads\\\/2020\\\/11\\\/sticker-porte-metro-0000-e1732636874581.jpg\",\"width\":1000,\"height\":1000,\"caption\":\"Vinilo para Puerta Metro\"},{\"@type\":\"BreadcrumbList\",\"@id\":\"https:\\\/\\\/stickerdeco.fr\\\/es\\\/produit\\\/vinilo-para-puerta-metro\\\/#breadcrumb\",\"itemListElement\":[{\"@type\":\"ListItem\",\"position\":1,\"name\":\"Accueil\",\"item\":\"https:\\\/\\\/stickerdeco.fr\\\/es\\\/\"},{\"@type\":\"ListItem\",\"position\":2,\"name\":\"Tienda\",\"item\":\"https:\\\/\\\/stickerdeco.fr\\\/boutique\\\/\"},{\"@type\":\"ListItem\",\"position\":3,\"name\":\"Vinilo para Puerta Metro\"}]},{\"@type\":\"WebSite\",\"@id\":\"https:\\\/\\\/stickerdeco.fr\\\/es\\\/#website\",\"url\":\"https:\\\/\\\/stickerdeco.fr\\\/es\\\/\",\"name\":\"Sticker Deco\",\"description\":\"Le Sticker Made In France\",\"publisher\":{\"@id\":\"https:\\\/\\\/stickerdeco.fr\\\/es\\\/#organization\"},\"potentialAction\":[{\"@type\":\"SearchAction\",\"target\":{\"@type\":\"EntryPoint\",\"urlTemplate\":\"https:\\\/\\\/stickerdeco.fr\\\/es\\\/?s={search_term_string}\"},\"query-input\":{\"@type\":\"PropertyValueSpecification\",\"valueRequired\":true,\"valueName\":\"search_term_string\"}}],\"inLanguage\":\"es\"},{\"@type\":\"Organization\",\"@id\":\"https:\\\/\\\/stickerdeco.fr\\\/es\\\/#organization\",\"name\":\"Sticker D\u00e9co\",\"url\":\"https:\\\/\\\/stickerdeco.fr\\\/es\\\/\",\"logo\":{\"@type\":\"ImageObject\",\"inLanguage\":\"es\",\"@id\":\"https:\\\/\\\/stickerdeco.fr\\\/es\\\/#\\\/schema\\\/logo\\\/image\\\/\",\"url\":\"https:\\\/\\\/stickerdeco.fr\\\/wp-content\\\/uploads\\\/1987\\\/05\\\/stickerdeco-logo-v2-carre.png\",\"contentUrl\":\"https:\\\/\\\/stickerdeco.fr\\\/wp-content\\\/uploads\\\/1987\\\/05\\\/stickerdeco-logo-v2-carre.png\",\"width\":1000,\"height\":1000,\"caption\":\"Sticker D\u00e9co\"},\"image\":{\"@id\":\"https:\\\/\\\/stickerdeco.fr\\\/es\\\/#\\\/schema\\\/logo\\\/image\\\/\"},\"sameAs\":[\"https:\\\/\\\/www.facebook.com\\\/stickerdeco.fr\\\/\",\"https:\\\/\\\/www.instagram.com\\\/stickerdecofr\\\/\",\"https:\\\/\\\/www.pinterest.fr\\\/stickerdecofr\\\/\",\"https:\\\/\\\/www.youtube.com\\\/StickerDeco\"],\"email\":\"contact@stickerdeco.fr\",\"telephone\":\"0980809233\",\"legalName\":\"Sticker D\u00e9co\"}]}<\/script>\n<meta property=\"og:availability\" content=\"instock\" \/>\n<meta property=\"product:availability\" content=\"instock\" \/>\n<meta property=\"product:condition\" content=\"new\" \/>\n<!-- \/ Yoast SEO Premium plugin. -->","yoast_head_json":{"title":"Vinilo para Puerta Metro | Vinilos para puertas | StickerDeco.fr","description":"\u00bfQuieres una decoraci\u00f3n original para tus puertas? Este Vinilo para Puerta Metro es para ti. Descubre en nuestra web varios modelos de vinilo para puerta.","robots":{"index":"index","follow":"follow","max-snippet":"max-snippet:-1","max-image-preview":"max-image-preview:large","max-video-preview":"max-video-preview:-1"},"canonical":"https:\/\/stickerdeco.fr\/es\/produit\/vinilo-para-puerta-metro\/","og_locale":"es_ES","og_type":"article","og_title":"Vinilo para Puerta Metro","og_description":"\u00bfQuieres una decoraci\u00f3n original para tus puertas? Este Vinilo para Puerta Metro es para ti. Descubre en nuestra web varios modelos de vinilo para puerta.","og_url":"https:\/\/stickerdeco.fr\/es\/produit\/vinilo-para-puerta-metro\/","og_site_name":"Sticker Deco","article_publisher":"https:\/\/www.facebook.com\/stickerdeco.fr\/","article_modified_time":"2026-03-14T09:33:05+00:00","og_image":[{"width":1000,"height":1000,"url":"https:\/\/stickerdeco.fr\/wp-content\/uploads\/2020\/11\/sticker-porte-metro-0000-e1732636874581.jpg","type":"image\/jpeg"}],"twitter_card":"summary_large_image","twitter_misc":{"Disponibilidad":"Disponible"},"schema":{"@context":"https:\/\/schema.org","@graph":[{"@type":"WebPage","@id":"https:\/\/stickerdeco.fr\/es\/produit\/vinilo-para-puerta-metro\/","url":"https:\/\/stickerdeco.fr\/es\/produit\/vinilo-para-puerta-metro\/","name":"Vinilo para Puerta Metro | Vinilos para puertas | StickerDeco.fr","isPartOf":{"@id":"https:\/\/stickerdeco.fr\/es\/#website"},"primaryImageOfPage":{"@id":"https:\/\/stickerdeco.fr\/es\/produit\/vinilo-para-puerta-metro\/#primaryimage"},"image":{"@id":"https:\/\/stickerdeco.fr\/es\/produit\/vinilo-para-puerta-metro\/#primaryimage"},"thumbnailUrl":"https:\/\/stickerdeco.fr\/wp-content\/uploads\/2020\/11\/sticker-porte-metro-0000-e1732636874581.jpg","datePublished":"2020-11-09T10:59:51+00:00","dateModified":"2026-03-14T09:33:05+00:00","description":"\u00bfQuieres una decoraci\u00f3n original para tus puertas? Este Vinilo para Puerta Metro es para ti. Descubre en nuestra web varios modelos de vinilo para puerta.","breadcrumb":{"@id":"https:\/\/stickerdeco.fr\/es\/produit\/vinilo-para-puerta-metro\/#breadcrumb"},"inLanguage":"es","potentialAction":[{"@type":"ReadAction","target":["https:\/\/stickerdeco.fr\/es\/produit\/vinilo-para-puerta-metro\/"]}]},{"@type":"ImageObject","inLanguage":"es","@id":"https:\/\/stickerdeco.fr\/es\/produit\/vinilo-para-puerta-metro\/#primaryimage","url":"https:\/\/stickerdeco.fr\/wp-content\/uploads\/2020\/11\/sticker-porte-metro-0000-e1732636874581.jpg","contentUrl":"https:\/\/stickerdeco.fr\/wp-content\/uploads\/2020\/11\/sticker-porte-metro-0000-e1732636874581.jpg","width":1000,"height":1000,"caption":"Vinilo para Puerta Metro"},{"@type":"BreadcrumbList","@id":"https:\/\/stickerdeco.fr\/es\/produit\/vinilo-para-puerta-metro\/#breadcrumb","itemListElement":[{"@type":"ListItem","position":1,"name":"Accueil","item":"https:\/\/stickerdeco.fr\/es\/"},{"@type":"ListItem","position":2,"name":"Tienda","item":"https:\/\/stickerdeco.fr\/boutique\/"},{"@type":"ListItem","position":3,"name":"Vinilo para Puerta Metro"}]},{"@type":"WebSite","@id":"https:\/\/stickerdeco.fr\/es\/#website","url":"https:\/\/stickerdeco.fr\/es\/","name":"Sticker Deco","description":"Le Sticker Made In France","publisher":{"@id":"https:\/\/stickerdeco.fr\/es\/#organization"},"potentialAction":[{"@type":"SearchAction","target":{"@type":"EntryPoint","urlTemplate":"https:\/\/stickerdeco.fr\/es\/?s={search_term_string}"},"query-input":{"@type":"PropertyValueSpecification","valueRequired":true,"valueName":"search_term_string"}}],"inLanguage":"es"},{"@type":"Organization","@id":"https:\/\/stickerdeco.fr\/es\/#organization","name":"Sticker D\u00e9co","url":"https:\/\/stickerdeco.fr\/es\/","logo":{"@type":"ImageObject","inLanguage":"es","@id":"https:\/\/stickerdeco.fr\/es\/#\/schema\/logo\/image\/","url":"https:\/\/stickerdeco.fr\/wp-content\/uploads\/1987\/05\/stickerdeco-logo-v2-carre.png","contentUrl":"https:\/\/stickerdeco.fr\/wp-content\/uploads\/1987\/05\/stickerdeco-logo-v2-carre.png","width":1000,"height":1000,"caption":"Sticker D\u00e9co"},"image":{"@id":"https:\/\/stickerdeco.fr\/es\/#\/schema\/logo\/image\/"},"sameAs":["https:\/\/www.facebook.com\/stickerdeco.fr\/","https:\/\/www.instagram.com\/stickerdecofr\/","https:\/\/www.pinterest.fr\/stickerdecofr\/","https:\/\/www.youtube.com\/StickerDeco"],"email":"contact@stickerdeco.fr","telephone":"0980809233","legalName":"Sticker D\u00e9co"}]},"og_availability":"instock","product_availability":"instock","product_condition":"new"},"_links":{"self":[{"href":"https:\/\/stickerdeco.fr\/es\/wp-json\/wp\/v2\/product\/138824","targetHints":{"allow":["GET"]}}],"collection":[{"href":"https:\/\/stickerdeco.fr\/es\/wp-json\/wp\/v2\/product"}],"about":[{"href":"https:\/\/stickerdeco.fr\/es\/wp-json\/wp\/v2\/types\/product"}],"version-history":[{"count":60,"href":"https:\/\/stickerdeco.fr\/es\/wp-json\/wp\/v2\/product\/138824\/revisions"}],"predecessor-version":[{"id":139644,"href":"https:\/\/stickerdeco.fr\/es\/wp-json\/wp\/v2\/product\/138824\/revisions\/139644"}],"wp:featuredmedia":[{"embeddable":true,"href":"https:\/\/stickerdeco.fr\/es\/wp-json\/wp\/v2\/media\/138831"}],"wp:attachment":[{"href":"https:\/\/stickerdeco.fr\/es\/wp-json\/wp\/v2\/media?parent=138824"}],"wp:term":[{"taxonomy":"product_brand","embeddable":true,"href":"https:\/\/stickerdeco.fr\/es\/wp-json\/wp\/v2\/product_brand?post=138824"},{"taxonomy":"product_cat","embeddable":true,"href":"https:\/\/stickerdeco.fr\/es\/wp-json\/wp\/v2\/product_cat?post=138824"},{"taxonomy":"product_tag","embeddable":true,"href":"https:\/\/stickerdeco.fr\/es\/wp-json\/wp\/v2\/product_tag?post=138824"}],"curies":[{"name":"wp","href":"https:\/\/api.w.org\/{rel}","templated":true}]}}