{"id":142706,"date":"2021-10-19T10:24:42","date_gmt":"2021-10-19T08:24:42","guid":{"rendered":"https:\/\/stickerdeco.fr\/produit\/pegatina-para-puerta-torii\/"},"modified":"2026-03-14T10:41:36","modified_gmt":"2026-03-14T09:41:36","slug":"pegatina-para-puerta-torii","status":"publish","type":"product","link":"https:\/\/stickerdeco.fr\/es\/produit\/pegatina-para-puerta-torii\/","title":{"rendered":"Pegatina para puerta Torii"},"content":{"rendered":"<div class=\"wpb-content-wrapper\"><p>[vc_row][vc_column][vc_column_text]<\/p>\n<h2><span style=\"font-size: 14pt;\"><strong>La Pegatina para puerta Torii<\/strong><\/span><\/h2>\n<p><span style=\"font-size: 11pt;\">\u00bfQuieres cambiar la <strong>decoraci\u00f3n<\/strong> de tu hogar? Entonces esta magn\u00edfica <strong>Pegatina para puerta Torii <\/strong>es perfecta para ti. No hay duda de que esta <strong>Pegatina para puerta Torii <\/strong>te conquistar\u00e1 gracias a nuestro vinilo decorativo de alta calidad. Es <strong>f\u00e1cil de colocar.<\/strong> Con esta pegatina, <strong>personalizar tu interior<\/strong> ahora est\u00e1 al alcance de todos.<\/span><\/p>\n<p><span style=\"font-size: 11pt;\">Cada <strong>decoraci\u00f3n de pared<\/strong> es independiente y <strong>puede colocarse por separado<\/strong>. As\u00ed tienes el m\u00e1ximo de posibilidades para instalar tu <strong>pegatina de pared<\/strong>, as\u00ed que deja hablar a tu alma de <strong>decorador<\/strong>.<\/span><\/p>\n<h3><span style=\"font-size: 14pt;\"><strong>La pegatina para puerta<\/strong><\/span><\/h3>\n<p><span style=\"font-size: 11pt;\">\u00bfQuieres un estilo \u00fanico para la decoraci\u00f3n de tus puertas? Entonces esta <strong>Pegatina para puerta Torii<\/strong> es para ti. No hay duda de que esta <strong>Pegatina para puerta Torii<\/strong> te encantar\u00e1. Es <strong>f\u00e1cil de colocar<\/strong>, \u00a1un juego de ni\u00f1os!<\/span><\/p>\n<p><span style=\"font-size: 11pt;\">Nuestras <strong>pegatinas para puertas<\/strong> se entregan en una sola pieza, es decir, en un solo panel. Resultado: \u00a1no hace falta hacer uniones para una colocaci\u00f3n f\u00e1cil! Al utilizar <a href=\"https:\/\/stickerdeco.fr\/es\/cat\/vinilos-para-puertas\/\"><strong>pegatinas para puertas<\/strong><\/a>, conseguir\u00e1s una decoraci\u00f3n <strong>original<\/strong> y personalizada en tu hogar. Hay muchos estilos y dise\u00f1os disponibles en la tienda Sticker D\u00e9co. Ya sea un efecto 3D, una <a href=\"https:\/\/stickerdeco.fr\/es\/tag\/pegatinas-efecto-madera\/\">imitaci\u00f3n madera<\/a> o una puerta de acero, tu puerta tendr\u00e1 sin duda un espectacular efecto <a href=\"https:\/\/stickerdeco.fr\/es\/tag\/pegatinas-trompe-loeil\/\"><strong>trampantojo<\/strong><\/a>.<\/span><\/p>\n<h3><span style=\"font-size: 14pt;\"><strong>Una pegatina de muy alta calidad<\/strong><\/span><\/h3>\n<p><span style=\"font-size: 11pt;\">De hecho, imprimimos nuestros <strong>vinilos decorativos<\/strong> en cuatricrom\u00eda HQ sobre <strong>adhesivo<\/strong> polim\u00e9rico <strong>resistente<\/strong> con cola estructurada. Esta <strong>tecnolog\u00eda de vanguardia<\/strong> permite una buena conservaci\u00f3n del <strong>vinilo<\/strong> con el tiempo (cola polim\u00e9rica) y una <strong>colocaci\u00f3n sin burbujas<\/strong> (cola estructurada). El <strong>adhesivo<\/strong> sigue siendo relativamente fino, con <strong>un grosor inferior a 0,2 mm<\/strong> (180\u00b5m).<\/span><\/p>\n<h3><span style=\"font-size: 14pt;\"><strong>\u00bfC\u00f3mo decorar tu casa?<\/strong><\/span><br \/>\n<span style=\"font-size: 11pt;\">\u00bfTe gusta esta <strong>Pegatina para puerta Torii <\/strong>? \u00bfEres fan de la <strong>decoraci\u00f3n de pared<\/strong> y quieres combinar tus estancias? Entonces completa tu decoraci\u00f3n interior con nuestras <a href=\"\/?product_cat=sticker-salle-de-bains\"><strong>pegatinas para ba\u00f1o<\/strong><\/a>, <a href=\"\/?product_cat=stickers-cuisine\"><strong>pegatinas para cocina<\/strong><\/a> y <a href=\"\/?product_cat=sticker-chambre\"><strong>pegatinas para dormitorio<\/strong><\/a>.<\/span>[\/vc_column_text][\/vc_column][\/vc_row]<\/p>\n<\/div>","protected":false},"excerpt":{"rendered":"<p>Viaja al pa\u00eds del sol naciente con esta <strong>Pegatina para puerta Torii<\/strong>. Este magn\u00edfico trampantojo, inspirado en los portales tradicionales rojo bermell\u00f3n de los templos japoneses, transformar\u00e1 tu interior.<\/p>\n<p>Invita a tu hogar un color intenso y un estilo \u00fanico y muy chic con esta <strong>pegatina trampantojo para puerta<\/strong>.<\/p>\n<p><strong>Caracter\u00edsticas del producto:<\/strong><\/p>\n<ul class=\"product-short-desc-list\">\n<li>Vinilo para puertas: f\u00e1cil de colocar y sin burbujas<\/li>\n<li>Se entrega en una sola pieza: sin montajes tediosos ni pegado adicional<\/li>\n<li>Superficie laminada con acabado mate: aspecto elegante, baja reflexi\u00f3n y gran durabilidad<\/li>\n<li>Apto para superficies lisas (puertas pintadas\/laminadas, pl\u00e1stico, vidrio, etc.)<\/li>\n<li>F\u00e1cil de limpiar, lavable y resistente a las salpicaduras<\/li>\n<li>Euroclase B-s1,d0 (equiv. M1 en Francia)<\/li>\n<li>Impresi\u00f3n ecol\u00f3gica UL ECOLOGO\u00ae y UL GREENGUARD Gold: bajas emisiones y sin olor, apta para interiores sensibles<\/li>\n<\/ul>\n<p><span style=\"color: #d64444;\"><strong>Varios tama\u00f1os disponibles para adaptarse a todas tus puertas (a medida bajo petici\u00f3n).<\/strong><\/span><\/p>\n<hr \/>\n","protected":false},"featured_media":142711,"template":"","meta":[],"product_brand":[],"product_cat":[4559],"product_tag":[6529,6530,6532,6721,6535,6533,6720,6534,6709,4755,6531],"class_list":{"0":"post-142706","1":"product","2":"type-product","3":"status-publish","4":"has-post-thumbnail","6":"product_cat-vinilos-para-puertas","7":"product_tag-pegatinas-para-puerta-63-x-204-cm","8":"product_tag-pegatinas-para-puerta-73-x-204-cm","9":"product_tag-pegatinas-para-puerta-93-x-204-cm","10":"product_tag-pegatinas-puerta-bano","11":"product_tag-pegatinas-puerta-chambre","12":"product_tag-pegatinas-puerta-cocina","13":"product_tag-pegatinas-puerta-colorida","14":"product_tag-pegatinas-puerta-salon","15":"product_tag-pegatinas-puerta-trompe-loeil","16":"product_tag-pegatinas-trompe-loeil","17":"product_tag-stickers-puerta-83-x-204-cm","19":"first","20":"instock","21":"sale","22":"taxable","23":"shipping-taxable","24":"purchasable","25":"product-type-variable"},"etheme_brands":{"errors":{"invalid_taxonomy":["Taxonom\u00eda no v\u00e1lida."]},"error_data":[]},"yoast_head":"<!-- This site is optimized with the Yoast SEO Premium plugin v27.3 (Yoast SEO v27.3) - https:\/\/yoast.com\/product\/yoast-seo-premium-wordpress\/ -->\n<title>Pegatina para puerta Torii | Pegatinas para puertas | Stickerdeco.fr<\/title>\n<meta name=\"description\" content=\"\u00bfQuieres decorar tu puerta? Esta Pegatina para puerta Torii es perfecta para ti. Descubre nuestras pegatinas para puertas en muchos tama\u00f1os, fabricadas en Francia.\" \/>\n<meta name=\"robots\" content=\"index, follow, max-snippet:-1, max-image-preview:large, max-video-preview:-1\" \/>\n<link rel=\"canonical\" href=\"https:\/\/stickerdeco.fr\/es\/produit\/pegatina-para-puerta-torii\/\" \/>\n<meta property=\"og:locale\" content=\"es_ES\" \/>\n<meta property=\"og:type\" content=\"article\" \/>\n<meta property=\"og:title\" content=\"Pegatina para puerta Torii\" \/>\n<meta property=\"og:description\" content=\"\u00bfQuieres decorar tu puerta? Esta Pegatina para puerta Torii es perfecta para ti. Descubre nuestras pegatinas para puertas en muchos tama\u00f1os, fabricadas en Francia.\" \/>\n<meta property=\"og:url\" content=\"https:\/\/stickerdeco.fr\/es\/produit\/pegatina-para-puerta-torii\/\" \/>\n<meta property=\"og:site_name\" content=\"Sticker Deco\" \/>\n<meta property=\"article:publisher\" content=\"https:\/\/www.facebook.com\/stickerdeco.fr\/\" \/>\n<meta property=\"article:modified_time\" content=\"2026-03-14T09:41:36+00:00\" \/>\n<meta property=\"og:image\" content=\"https:\/\/stickerdeco.fr\/wp-content\/uploads\/2021\/10\/sticker-porte-torii-01.jpg\" \/>\n\t<meta property=\"og:image:width\" content=\"1000\" \/>\n\t<meta property=\"og:image:height\" content=\"1000\" \/>\n\t<meta property=\"og:image:type\" content=\"image\/jpeg\" \/>\n<meta name=\"twitter:card\" content=\"summary_large_image\" \/>\n<meta name=\"twitter:label1\" content=\"Disponibilidad\" \/>\n\t<meta name=\"twitter:data1\" content=\"Disponible\" \/>\n<script type=\"application\/ld+json\" class=\"yoast-schema-graph\">{\"@context\":\"https:\\\/\\\/schema.org\",\"@graph\":[{\"@type\":\"WebPage\",\"@id\":\"https:\\\/\\\/stickerdeco.fr\\\/es\\\/produit\\\/pegatina-para-puerta-torii\\\/\",\"url\":\"https:\\\/\\\/stickerdeco.fr\\\/es\\\/produit\\\/pegatina-para-puerta-torii\\\/\",\"name\":\"Pegatina para puerta Torii | Pegatinas para puertas | Stickerdeco.fr\",\"isPartOf\":{\"@id\":\"https:\\\/\\\/stickerdeco.fr\\\/es\\\/#website\"},\"primaryImageOfPage\":{\"@id\":\"https:\\\/\\\/stickerdeco.fr\\\/es\\\/produit\\\/pegatina-para-puerta-torii\\\/#primaryimage\"},\"image\":{\"@id\":\"https:\\\/\\\/stickerdeco.fr\\\/es\\\/produit\\\/pegatina-para-puerta-torii\\\/#primaryimage\"},\"thumbnailUrl\":\"https:\\\/\\\/stickerdeco.fr\\\/wp-content\\\/uploads\\\/2021\\\/10\\\/sticker-porte-torii-01.jpg\",\"datePublished\":\"2021-10-19T08:24:42+00:00\",\"dateModified\":\"2026-03-14T09:41:36+00:00\",\"description\":\"\u00bfQuieres decorar tu puerta? Esta Pegatina para puerta Torii es perfecta para ti. Descubre nuestras pegatinas para puertas en muchos tama\u00f1os, fabricadas en Francia.\",\"breadcrumb\":{\"@id\":\"https:\\\/\\\/stickerdeco.fr\\\/es\\\/produit\\\/pegatina-para-puerta-torii\\\/#breadcrumb\"},\"inLanguage\":\"es\",\"potentialAction\":[{\"@type\":\"ReadAction\",\"target\":[\"https:\\\/\\\/stickerdeco.fr\\\/es\\\/produit\\\/pegatina-para-puerta-torii\\\/\"]}]},{\"@type\":\"ImageObject\",\"inLanguage\":\"es\",\"@id\":\"https:\\\/\\\/stickerdeco.fr\\\/es\\\/produit\\\/pegatina-para-puerta-torii\\\/#primaryimage\",\"url\":\"https:\\\/\\\/stickerdeco.fr\\\/wp-content\\\/uploads\\\/2021\\\/10\\\/sticker-porte-torii-01.jpg\",\"contentUrl\":\"https:\\\/\\\/stickerdeco.fr\\\/wp-content\\\/uploads\\\/2021\\\/10\\\/sticker-porte-torii-01.jpg\",\"width\":1000,\"height\":1000,\"caption\":\"Pegatina para puerta Torii\"},{\"@type\":\"BreadcrumbList\",\"@id\":\"https:\\\/\\\/stickerdeco.fr\\\/es\\\/produit\\\/pegatina-para-puerta-torii\\\/#breadcrumb\",\"itemListElement\":[{\"@type\":\"ListItem\",\"position\":1,\"name\":\"Accueil\",\"item\":\"https:\\\/\\\/stickerdeco.fr\\\/es\\\/\"},{\"@type\":\"ListItem\",\"position\":2,\"name\":\"Tienda\",\"item\":\"https:\\\/\\\/stickerdeco.fr\\\/boutique\\\/\"},{\"@type\":\"ListItem\",\"position\":3,\"name\":\"Pegatina para puerta Torii\"}]},{\"@type\":\"WebSite\",\"@id\":\"https:\\\/\\\/stickerdeco.fr\\\/es\\\/#website\",\"url\":\"https:\\\/\\\/stickerdeco.fr\\\/es\\\/\",\"name\":\"Sticker Deco\",\"description\":\"Le Sticker Made In France\",\"publisher\":{\"@id\":\"https:\\\/\\\/stickerdeco.fr\\\/es\\\/#organization\"},\"potentialAction\":[{\"@type\":\"SearchAction\",\"target\":{\"@type\":\"EntryPoint\",\"urlTemplate\":\"https:\\\/\\\/stickerdeco.fr\\\/es\\\/?s={search_term_string}\"},\"query-input\":{\"@type\":\"PropertyValueSpecification\",\"valueRequired\":true,\"valueName\":\"search_term_string\"}}],\"inLanguage\":\"es\"},{\"@type\":\"Organization\",\"@id\":\"https:\\\/\\\/stickerdeco.fr\\\/es\\\/#organization\",\"name\":\"Sticker D\u00e9co\",\"url\":\"https:\\\/\\\/stickerdeco.fr\\\/es\\\/\",\"logo\":{\"@type\":\"ImageObject\",\"inLanguage\":\"es\",\"@id\":\"https:\\\/\\\/stickerdeco.fr\\\/es\\\/#\\\/schema\\\/logo\\\/image\\\/\",\"url\":\"https:\\\/\\\/stickerdeco.fr\\\/wp-content\\\/uploads\\\/1987\\\/05\\\/stickerdeco-logo-v2-carre.png\",\"contentUrl\":\"https:\\\/\\\/stickerdeco.fr\\\/wp-content\\\/uploads\\\/1987\\\/05\\\/stickerdeco-logo-v2-carre.png\",\"width\":1000,\"height\":1000,\"caption\":\"Sticker D\u00e9co\"},\"image\":{\"@id\":\"https:\\\/\\\/stickerdeco.fr\\\/es\\\/#\\\/schema\\\/logo\\\/image\\\/\"},\"sameAs\":[\"https:\\\/\\\/www.facebook.com\\\/stickerdeco.fr\\\/\",\"https:\\\/\\\/www.instagram.com\\\/stickerdecofr\\\/\",\"https:\\\/\\\/www.pinterest.fr\\\/stickerdecofr\\\/\",\"https:\\\/\\\/www.youtube.com\\\/StickerDeco\"],\"email\":\"contact@stickerdeco.fr\",\"telephone\":\"0980809233\",\"legalName\":\"Sticker D\u00e9co\"}]}<\/script>\n<meta property=\"og:availability\" content=\"instock\" \/>\n<meta property=\"product:availability\" content=\"instock\" \/>\n<meta property=\"product:condition\" content=\"new\" \/>\n<!-- \/ Yoast SEO Premium plugin. -->","yoast_head_json":{"title":"Pegatina para puerta Torii | Pegatinas para puertas | Stickerdeco.fr","description":"\u00bfQuieres decorar tu puerta? Esta Pegatina para puerta Torii es perfecta para ti. Descubre nuestras pegatinas para puertas en muchos tama\u00f1os, fabricadas en Francia.","robots":{"index":"index","follow":"follow","max-snippet":"max-snippet:-1","max-image-preview":"max-image-preview:large","max-video-preview":"max-video-preview:-1"},"canonical":"https:\/\/stickerdeco.fr\/es\/produit\/pegatina-para-puerta-torii\/","og_locale":"es_ES","og_type":"article","og_title":"Pegatina para puerta Torii","og_description":"\u00bfQuieres decorar tu puerta? Esta Pegatina para puerta Torii es perfecta para ti. Descubre nuestras pegatinas para puertas en muchos tama\u00f1os, fabricadas en Francia.","og_url":"https:\/\/stickerdeco.fr\/es\/produit\/pegatina-para-puerta-torii\/","og_site_name":"Sticker Deco","article_publisher":"https:\/\/www.facebook.com\/stickerdeco.fr\/","article_modified_time":"2026-03-14T09:41:36+00:00","og_image":[{"width":1000,"height":1000,"url":"https:\/\/stickerdeco.fr\/wp-content\/uploads\/2021\/10\/sticker-porte-torii-01.jpg","type":"image\/jpeg"}],"twitter_card":"summary_large_image","twitter_misc":{"Disponibilidad":"Disponible"},"schema":{"@context":"https:\/\/schema.org","@graph":[{"@type":"WebPage","@id":"https:\/\/stickerdeco.fr\/es\/produit\/pegatina-para-puerta-torii\/","url":"https:\/\/stickerdeco.fr\/es\/produit\/pegatina-para-puerta-torii\/","name":"Pegatina para puerta Torii | Pegatinas para puertas | Stickerdeco.fr","isPartOf":{"@id":"https:\/\/stickerdeco.fr\/es\/#website"},"primaryImageOfPage":{"@id":"https:\/\/stickerdeco.fr\/es\/produit\/pegatina-para-puerta-torii\/#primaryimage"},"image":{"@id":"https:\/\/stickerdeco.fr\/es\/produit\/pegatina-para-puerta-torii\/#primaryimage"},"thumbnailUrl":"https:\/\/stickerdeco.fr\/wp-content\/uploads\/2021\/10\/sticker-porte-torii-01.jpg","datePublished":"2021-10-19T08:24:42+00:00","dateModified":"2026-03-14T09:41:36+00:00","description":"\u00bfQuieres decorar tu puerta? Esta Pegatina para puerta Torii es perfecta para ti. Descubre nuestras pegatinas para puertas en muchos tama\u00f1os, fabricadas en Francia.","breadcrumb":{"@id":"https:\/\/stickerdeco.fr\/es\/produit\/pegatina-para-puerta-torii\/#breadcrumb"},"inLanguage":"es","potentialAction":[{"@type":"ReadAction","target":["https:\/\/stickerdeco.fr\/es\/produit\/pegatina-para-puerta-torii\/"]}]},{"@type":"ImageObject","inLanguage":"es","@id":"https:\/\/stickerdeco.fr\/es\/produit\/pegatina-para-puerta-torii\/#primaryimage","url":"https:\/\/stickerdeco.fr\/wp-content\/uploads\/2021\/10\/sticker-porte-torii-01.jpg","contentUrl":"https:\/\/stickerdeco.fr\/wp-content\/uploads\/2021\/10\/sticker-porte-torii-01.jpg","width":1000,"height":1000,"caption":"Pegatina para puerta Torii"},{"@type":"BreadcrumbList","@id":"https:\/\/stickerdeco.fr\/es\/produit\/pegatina-para-puerta-torii\/#breadcrumb","itemListElement":[{"@type":"ListItem","position":1,"name":"Accueil","item":"https:\/\/stickerdeco.fr\/es\/"},{"@type":"ListItem","position":2,"name":"Tienda","item":"https:\/\/stickerdeco.fr\/boutique\/"},{"@type":"ListItem","position":3,"name":"Pegatina para puerta Torii"}]},{"@type":"WebSite","@id":"https:\/\/stickerdeco.fr\/es\/#website","url":"https:\/\/stickerdeco.fr\/es\/","name":"Sticker Deco","description":"Le Sticker Made In France","publisher":{"@id":"https:\/\/stickerdeco.fr\/es\/#organization"},"potentialAction":[{"@type":"SearchAction","target":{"@type":"EntryPoint","urlTemplate":"https:\/\/stickerdeco.fr\/es\/?s={search_term_string}"},"query-input":{"@type":"PropertyValueSpecification","valueRequired":true,"valueName":"search_term_string"}}],"inLanguage":"es"},{"@type":"Organization","@id":"https:\/\/stickerdeco.fr\/es\/#organization","name":"Sticker D\u00e9co","url":"https:\/\/stickerdeco.fr\/es\/","logo":{"@type":"ImageObject","inLanguage":"es","@id":"https:\/\/stickerdeco.fr\/es\/#\/schema\/logo\/image\/","url":"https:\/\/stickerdeco.fr\/wp-content\/uploads\/1987\/05\/stickerdeco-logo-v2-carre.png","contentUrl":"https:\/\/stickerdeco.fr\/wp-content\/uploads\/1987\/05\/stickerdeco-logo-v2-carre.png","width":1000,"height":1000,"caption":"Sticker D\u00e9co"},"image":{"@id":"https:\/\/stickerdeco.fr\/es\/#\/schema\/logo\/image\/"},"sameAs":["https:\/\/www.facebook.com\/stickerdeco.fr\/","https:\/\/www.instagram.com\/stickerdecofr\/","https:\/\/www.pinterest.fr\/stickerdecofr\/","https:\/\/www.youtube.com\/StickerDeco"],"email":"contact@stickerdeco.fr","telephone":"0980809233","legalName":"Sticker D\u00e9co"}]},"og_availability":"instock","product_availability":"instock","product_condition":"new"},"_links":{"self":[{"href":"https:\/\/stickerdeco.fr\/es\/wp-json\/wp\/v2\/product\/142706","targetHints":{"allow":["GET"]}}],"collection":[{"href":"https:\/\/stickerdeco.fr\/es\/wp-json\/wp\/v2\/product"}],"about":[{"href":"https:\/\/stickerdeco.fr\/es\/wp-json\/wp\/v2\/types\/product"}],"version-history":[{"count":1,"href":"https:\/\/stickerdeco.fr\/es\/wp-json\/wp\/v2\/product\/142706\/revisions"}],"predecessor-version":[{"id":142731,"href":"https:\/\/stickerdeco.fr\/es\/wp-json\/wp\/v2\/product\/142706\/revisions\/142731"}],"wp:featuredmedia":[{"embeddable":true,"href":"https:\/\/stickerdeco.fr\/es\/wp-json\/wp\/v2\/media\/142711"}],"wp:attachment":[{"href":"https:\/\/stickerdeco.fr\/es\/wp-json\/wp\/v2\/media?parent=142706"}],"wp:term":[{"taxonomy":"product_brand","embeddable":true,"href":"https:\/\/stickerdeco.fr\/es\/wp-json\/wp\/v2\/product_brand?post=142706"},{"taxonomy":"product_cat","embeddable":true,"href":"https:\/\/stickerdeco.fr\/es\/wp-json\/wp\/v2\/product_cat?post=142706"},{"taxonomy":"product_tag","embeddable":true,"href":"https:\/\/stickerdeco.fr\/es\/wp-json\/wp\/v2\/product_tag?post=142706"}],"curies":[{"name":"wp","href":"https:\/\/api.w.org\/{rel}","templated":true}]}}