{"id":143792,"date":"2022-10-25T15:37:12","date_gmt":"2022-10-25T13:37:12","guid":{"rendered":"https:\/\/stickerdeco.fr\/produit\/vinilo-para-puertas-vino-de-burdeos\/"},"modified":"2026-03-14T10:44:07","modified_gmt":"2026-03-14T09:44:07","slug":"vinilo-para-puertas-vino-de-burdeos","status":"publish","type":"product","link":"https:\/\/stickerdeco.fr\/es\/produit\/vinilo-para-puertas-vino-de-burdeos\/","title":{"rendered":"Vinilo para puertas Vino de Burdeos"},"content":{"rendered":"<div class=\"wpb-content-wrapper\"><p>[vc_row][vc_column][vc_column_text]<\/p>\n<h2><span style=\"font-size: 14pt;\"><strong>Vinilo para puertas Vino de Burdeos<\/strong><\/span><\/h2>\n<p><span style=\"font-size: 11pt;\">\u00bfQuieres cambiar la <strong>decoraci\u00f3n<\/strong> de tu hogar? Entonces este magn\u00edfico <strong>Vinilo para puertas Vino de Burdeos<\/strong> es para ti. No hay duda de que este <strong>Vinilo para puertas Vino de Burdeos<\/strong> te conquistar\u00e1 gracias a nuestro adhesivo mural de vinilo de alta calidad. Es <strong>f\u00e1cil de colocar.<\/strong> Con este vinilo, <strong>personalizar tu interior<\/strong> ahora est\u00e1 al alcance de todos.<\/span><\/p>\n<p><span style=\"font-size: 11pt;\">Cada elemento de <strong>decoraci\u00f3n mural<\/strong> es independiente y <strong>puede colocarse por separado<\/strong>. As\u00ed tendr\u00e1s el m\u00e1ximo de posibilidades para instalar tu <strong>adhesivo mural<\/strong>. \u00a1Deja hablar a tu alma de <strong>decorador<\/strong>!<\/span><\/p>\n<h3><span style=\"font-size: 14pt;\"><strong>Vinilos para puertas<\/strong><\/span><\/h3>\n<p><span style=\"font-size: 11pt;\">\u00bfQuieres un estilo \u00fanico para la decoraci\u00f3n de tus puertas? Entonces este <strong>Vinilo para puertas Vino de Burdeos<\/strong> es para ti. No hay duda de que este <strong>Vinilo para puertas Vino de Burdeos<\/strong> te encantar\u00e1. Es <strong>f\u00e1cil de colocar<\/strong>, \u00a1un juego de ni\u00f1os!<\/span><\/p>\n<p><span style=\"font-size: 11pt;\">Nuestros <strong>vinilos para puertas<\/strong> se entregan en una sola l\u00e1mina, es decir, en una sola pieza. Resultado: no necesitas empalmes para una colocaci\u00f3n f\u00e1cil. Con <a href=\"https:\/\/stickerdeco.fr\/es\/cat\/vinilos-para-puertas\/\"><strong>vinilos para puertas<\/strong><\/a>, conseguir\u00e1s una <strong>decoraci\u00f3n original<\/strong> y personalizada en tu hogar. En la tienda Sticker D\u00e9co encontrar\u00e1s muchos estilos y dise\u00f1os. Ya sea un efecto 3D, una <a href=\"https:\/\/stickerdeco.fr\/es\/tag\/pegatinas-efecto-madera\/\">imitaci\u00f3n madera<\/a> o una puerta de acero, tu puerta tendr\u00e1 sin duda un sorprendente efecto <a href=\"https:\/\/stickerdeco.fr\/es\/tag\/pegatinas-trompe-loeil\/\"><strong>trampantojo<\/strong><\/a>.<\/span><\/p>\n<h3><span style=\"font-size: 14pt;\"><strong>Un adhesivo de muy alta calidad<\/strong><\/span><\/h3>\n<p><span style=\"font-size: 11pt;\">Imprimimos nuestros <strong>adhesivos murales<\/strong> en cuatricrom\u00eda HQ sobre <strong>vinilo adhesivo<\/strong> de pol\u00edmero resistente con cola estructurada. Esta <strong>tecnolog\u00eda innovadora<\/strong> permite una excelente durabilidad del <strong>vinilo<\/strong> con el paso del tiempo (cola de pol\u00edmero) y tambi\u00e9n una <strong>colocaci\u00f3n sin burbujas<\/strong> (cola estructurada). Aun as\u00ed, el <strong>adhesivo<\/strong> sigue siendo relativamente fino, con <strong>un grosor inferior a 0,2 mm<\/strong> (180\u00b5m).<\/span><\/p>\n<h3><span style=\"font-size: 14pt;\"><strong>\u00bfC\u00f3mo decorar tu casa?<\/strong><\/span><\/h3>\n<p><span style=\"font-size: 11pt;\">\u00bfTe gusta este <strong>Vinilo para puertas Vino de Burdeos<\/strong>? \u00bfTe apasiona la <strong>decoraci\u00f3n mural<\/strong> y quieres coordinar tus estancias? Entonces completa la decoraci\u00f3n de tu hogar con nuestros <a href=\"\/?product_cat=sticker-salle-de-bains\"><strong>Vinilos para ba\u00f1o<\/strong><\/a>, <a href=\"\/?product_cat=sticker-salon\"><strong>Vinilos para sal\u00f3n<\/strong><\/a>, <a href=\"https:\/\/stickerdeco.fr\/es\/cat\/vinilos-de-pared\/vinilos-de-cocina\/\"><strong>Vinilos para cocina<\/strong><\/a> o nuestros <a href=\"https:\/\/stickerdeco.fr\/es\/cat\/vinilos-de-pared\/vinilos-para-dormitorio-adulto\/\"><strong>Vinilos para dormitorio<\/strong><\/a>.<\/span><\/p>\n<h3><span style=\"font-size: 14pt;\"><strong><a href=\"https:\/\/www.stickerdeco.fr\/\">StickerDeco.fr<\/a> tiene miles de productos.<\/strong><\/span><\/h3>\n<p>Impresos en nuestras instalaciones de \u00cele-de-France, nuestros adhesivos son <strong>Made in France<\/strong>. Elige el tuyo entre categor\u00edas como:<\/p>\n<ul>\n<li class=\"active\"><a href=\"\/?product_cat=stickers-muraux-animaux\"><strong>Vinilos de animales<\/strong><\/a><\/li>\n<li><strong><a href=\"\/?product_cat=stickers-muraux-fleurs\">Vinilos de flores<\/a><\/strong><\/li>\n<li><strong><a href=\"\/?product_cat=stickers-muraux-mangas-et-cartoons\">Vinilos manga<\/a><\/strong> y mucho m\u00e1s.<\/li>\n<\/ul>\n<p><span style=\"font-size: 14pt; color: #d64444;\"><strong>ADHESIVO DE MUY ALTA CALIDAD = COLOCACI\u00d3N F\u00c1CIL, GARANT\u00cdA SIN BURBUJAS<\/strong><\/span>[\/vc_column_text][\/vc_column][\/vc_row]<\/p>\n<\/div>","protected":false},"excerpt":{"rendered":"<p>No hace falta ser en\u00f3logo para apreciar este trampantojo que rinde homenaje al vino tinto de Burdeos. Renueva tu interior con un <strong>Vinilo para puertas Vino de Burdeos.<\/strong><\/p>\n<p>Descubre en nuestro sitio el modelo de <strong>vinilos para puertas<\/strong> que te conquistar\u00e1.<\/p>\n<p>Fabricaci\u00f3n francesa.<\/p>\n","protected":false},"featured_media":143795,"template":"","meta":[],"product_brand":[],"product_cat":[4531,4559,4535],"product_tag":[4818,4819,6529,6530,6532,6721,6535,6533,6534,6709,6735,4817,4820,6531],"class_list":{"0":"post-143792","1":"product","2":"type-product","3":"status-publish","4":"has-post-thumbnail","6":"product_cat-vinilos-para-dormitorio-adulto","7":"product_cat-vinilos-para-puertas","8":"product_cat-vinilos-para-salon","9":"product_tag-pegatinas-francia","10":"product_tag-pegatinas-nos-regions","11":"product_tag-pegatinas-para-puerta-63-x-204-cm","12":"product_tag-pegatinas-para-puerta-73-x-204-cm","13":"product_tag-pegatinas-para-puerta-93-x-204-cm","14":"product_tag-pegatinas-puerta-bano","15":"product_tag-pegatinas-puerta-chambre","16":"product_tag-pegatinas-puerta-cocina","17":"product_tag-pegatinas-puerta-salon","18":"product_tag-pegatinas-puerta-trompe-loeil","19":"product_tag-pegatinas-regiones","20":"product_tag-pegatinas-vin","21":"product_tag-promos","22":"product_tag-stickers-puerta-83-x-204-cm","24":"first","25":"instock","26":"sale","27":"taxable","28":"shipping-taxable","29":"purchasable","30":"product-type-variable"},"etheme_brands":{"errors":{"invalid_taxonomy":["Taxonom\u00eda no v\u00e1lida."]},"error_data":[]},"yoast_head":"<!-- This site is optimized with the Yoast SEO Premium plugin v27.3 (Yoast SEO v27.3) - https:\/\/yoast.com\/product\/yoast-seo-premium-wordpress\/ -->\n<title>Vinilo para puertas Vino de Burdeos | Vinilos para puertas | StickerDeco.fr<\/title>\n<meta name=\"description\" content=\"Este vinilo para puertas Vino de Burdeos es para ti. Tanto si eres entendido como principiante, luce el vino de Burdeos en tu decoraci\u00f3n.\" \/>\n<meta name=\"robots\" content=\"index, follow, max-snippet:-1, max-image-preview:large, max-video-preview:-1\" \/>\n<link rel=\"canonical\" href=\"https:\/\/stickerdeco.fr\/es\/produit\/vinilo-para-puertas-vino-de-burdeos\/\" \/>\n<meta property=\"og:locale\" content=\"es_ES\" \/>\n<meta property=\"og:type\" content=\"article\" \/>\n<meta property=\"og:title\" content=\"Vinilo para puertas Vino de Burdeos\" \/>\n<meta property=\"og:description\" content=\"Este vinilo para puertas Vino de Burdeos es para ti. Tanto si eres entendido como principiante, luce el vino de Burdeos en tu decoraci\u00f3n.\" \/>\n<meta property=\"og:url\" content=\"https:\/\/stickerdeco.fr\/es\/produit\/vinilo-para-puertas-vino-de-burdeos\/\" \/>\n<meta property=\"og:site_name\" content=\"Sticker Deco\" \/>\n<meta property=\"article:publisher\" content=\"https:\/\/www.facebook.com\/stickerdeco.fr\/\" \/>\n<meta property=\"article:modified_time\" content=\"2026-03-14T09:44:07+00:00\" \/>\n<meta property=\"og:image\" content=\"https:\/\/stickerdeco.fr\/wp-content\/uploads\/2022\/10\/sticker-porte-vin-de-bordeaux-04.jpg\" \/>\n\t<meta property=\"og:image:width\" content=\"1000\" \/>\n\t<meta property=\"og:image:height\" content=\"1000\" \/>\n\t<meta property=\"og:image:type\" content=\"image\/jpeg\" \/>\n<meta name=\"twitter:card\" content=\"summary_large_image\" \/>\n<meta name=\"twitter:label1\" content=\"Disponibilidad\" \/>\n\t<meta name=\"twitter:data1\" content=\"Disponible\" \/>\n<script type=\"application\/ld+json\" class=\"yoast-schema-graph\">{\"@context\":\"https:\\\/\\\/schema.org\",\"@graph\":[{\"@type\":\"WebPage\",\"@id\":\"https:\\\/\\\/stickerdeco.fr\\\/es\\\/produit\\\/vinilo-para-puertas-vino-de-burdeos\\\/\",\"url\":\"https:\\\/\\\/stickerdeco.fr\\\/es\\\/produit\\\/vinilo-para-puertas-vino-de-burdeos\\\/\",\"name\":\"Vinilo para puertas Vino de Burdeos | Vinilos para puertas | StickerDeco.fr\",\"isPartOf\":{\"@id\":\"https:\\\/\\\/stickerdeco.fr\\\/es\\\/#website\"},\"primaryImageOfPage\":{\"@id\":\"https:\\\/\\\/stickerdeco.fr\\\/es\\\/produit\\\/vinilo-para-puertas-vino-de-burdeos\\\/#primaryimage\"},\"image\":{\"@id\":\"https:\\\/\\\/stickerdeco.fr\\\/es\\\/produit\\\/vinilo-para-puertas-vino-de-burdeos\\\/#primaryimage\"},\"thumbnailUrl\":\"https:\\\/\\\/stickerdeco.fr\\\/wp-content\\\/uploads\\\/2022\\\/10\\\/sticker-porte-vin-de-bordeaux-04.jpg\",\"datePublished\":\"2022-10-25T13:37:12+00:00\",\"dateModified\":\"2026-03-14T09:44:07+00:00\",\"description\":\"Este vinilo para puertas Vino de Burdeos es para ti. Tanto si eres entendido como principiante, luce el vino de Burdeos en tu decoraci\u00f3n.\",\"breadcrumb\":{\"@id\":\"https:\\\/\\\/stickerdeco.fr\\\/es\\\/produit\\\/vinilo-para-puertas-vino-de-burdeos\\\/#breadcrumb\"},\"inLanguage\":\"es\",\"potentialAction\":[{\"@type\":\"ReadAction\",\"target\":[\"https:\\\/\\\/stickerdeco.fr\\\/es\\\/produit\\\/vinilo-para-puertas-vino-de-burdeos\\\/\"]}]},{\"@type\":\"ImageObject\",\"inLanguage\":\"es\",\"@id\":\"https:\\\/\\\/stickerdeco.fr\\\/es\\\/produit\\\/vinilo-para-puertas-vino-de-burdeos\\\/#primaryimage\",\"url\":\"https:\\\/\\\/stickerdeco.fr\\\/wp-content\\\/uploads\\\/2022\\\/10\\\/sticker-porte-vin-de-bordeaux-04.jpg\",\"contentUrl\":\"https:\\\/\\\/stickerdeco.fr\\\/wp-content\\\/uploads\\\/2022\\\/10\\\/sticker-porte-vin-de-bordeaux-04.jpg\",\"width\":1000,\"height\":1000,\"caption\":\"vinilo para puertas vino de Burdeos\"},{\"@type\":\"BreadcrumbList\",\"@id\":\"https:\\\/\\\/stickerdeco.fr\\\/es\\\/produit\\\/vinilo-para-puertas-vino-de-burdeos\\\/#breadcrumb\",\"itemListElement\":[{\"@type\":\"ListItem\",\"position\":1,\"name\":\"Accueil\",\"item\":\"https:\\\/\\\/stickerdeco.fr\\\/es\\\/\"},{\"@type\":\"ListItem\",\"position\":2,\"name\":\"Tienda\",\"item\":\"https:\\\/\\\/stickerdeco.fr\\\/boutique\\\/\"},{\"@type\":\"ListItem\",\"position\":3,\"name\":\"Vinilo para puertas Vino de Burdeos\"}]},{\"@type\":\"WebSite\",\"@id\":\"https:\\\/\\\/stickerdeco.fr\\\/es\\\/#website\",\"url\":\"https:\\\/\\\/stickerdeco.fr\\\/es\\\/\",\"name\":\"Sticker Deco\",\"description\":\"Le Sticker Made In France\",\"publisher\":{\"@id\":\"https:\\\/\\\/stickerdeco.fr\\\/es\\\/#organization\"},\"potentialAction\":[{\"@type\":\"SearchAction\",\"target\":{\"@type\":\"EntryPoint\",\"urlTemplate\":\"https:\\\/\\\/stickerdeco.fr\\\/es\\\/?s={search_term_string}\"},\"query-input\":{\"@type\":\"PropertyValueSpecification\",\"valueRequired\":true,\"valueName\":\"search_term_string\"}}],\"inLanguage\":\"es\"},{\"@type\":\"Organization\",\"@id\":\"https:\\\/\\\/stickerdeco.fr\\\/es\\\/#organization\",\"name\":\"Sticker D\u00e9co\",\"url\":\"https:\\\/\\\/stickerdeco.fr\\\/es\\\/\",\"logo\":{\"@type\":\"ImageObject\",\"inLanguage\":\"es\",\"@id\":\"https:\\\/\\\/stickerdeco.fr\\\/es\\\/#\\\/schema\\\/logo\\\/image\\\/\",\"url\":\"https:\\\/\\\/stickerdeco.fr\\\/wp-content\\\/uploads\\\/1987\\\/05\\\/stickerdeco-logo-v2-carre.png\",\"contentUrl\":\"https:\\\/\\\/stickerdeco.fr\\\/wp-content\\\/uploads\\\/1987\\\/05\\\/stickerdeco-logo-v2-carre.png\",\"width\":1000,\"height\":1000,\"caption\":\"Sticker D\u00e9co\"},\"image\":{\"@id\":\"https:\\\/\\\/stickerdeco.fr\\\/es\\\/#\\\/schema\\\/logo\\\/image\\\/\"},\"sameAs\":[\"https:\\\/\\\/www.facebook.com\\\/stickerdeco.fr\\\/\",\"https:\\\/\\\/www.instagram.com\\\/stickerdecofr\\\/\",\"https:\\\/\\\/www.pinterest.fr\\\/stickerdecofr\\\/\",\"https:\\\/\\\/www.youtube.com\\\/StickerDeco\"],\"email\":\"contact@stickerdeco.fr\",\"telephone\":\"0980809233\",\"legalName\":\"Sticker D\u00e9co\"}]}<\/script>\n<meta property=\"og:availability\" content=\"instock\" \/>\n<meta property=\"product:availability\" content=\"instock\" \/>\n<meta property=\"product:condition\" content=\"new\" \/>\n<!-- \/ Yoast SEO Premium plugin. -->","yoast_head_json":{"title":"Vinilo para puertas Vino de Burdeos | Vinilos para puertas | StickerDeco.fr","description":"Este vinilo para puertas Vino de Burdeos es para ti. Tanto si eres entendido como principiante, luce el vino de Burdeos en tu decoraci\u00f3n.","robots":{"index":"index","follow":"follow","max-snippet":"max-snippet:-1","max-image-preview":"max-image-preview:large","max-video-preview":"max-video-preview:-1"},"canonical":"https:\/\/stickerdeco.fr\/es\/produit\/vinilo-para-puertas-vino-de-burdeos\/","og_locale":"es_ES","og_type":"article","og_title":"Vinilo para puertas Vino de Burdeos","og_description":"Este vinilo para puertas Vino de Burdeos es para ti. Tanto si eres entendido como principiante, luce el vino de Burdeos en tu decoraci\u00f3n.","og_url":"https:\/\/stickerdeco.fr\/es\/produit\/vinilo-para-puertas-vino-de-burdeos\/","og_site_name":"Sticker Deco","article_publisher":"https:\/\/www.facebook.com\/stickerdeco.fr\/","article_modified_time":"2026-03-14T09:44:07+00:00","og_image":[{"width":1000,"height":1000,"url":"https:\/\/stickerdeco.fr\/wp-content\/uploads\/2022\/10\/sticker-porte-vin-de-bordeaux-04.jpg","type":"image\/jpeg"}],"twitter_card":"summary_large_image","twitter_misc":{"Disponibilidad":"Disponible"},"schema":{"@context":"https:\/\/schema.org","@graph":[{"@type":"WebPage","@id":"https:\/\/stickerdeco.fr\/es\/produit\/vinilo-para-puertas-vino-de-burdeos\/","url":"https:\/\/stickerdeco.fr\/es\/produit\/vinilo-para-puertas-vino-de-burdeos\/","name":"Vinilo para puertas Vino de Burdeos | Vinilos para puertas | StickerDeco.fr","isPartOf":{"@id":"https:\/\/stickerdeco.fr\/es\/#website"},"primaryImageOfPage":{"@id":"https:\/\/stickerdeco.fr\/es\/produit\/vinilo-para-puertas-vino-de-burdeos\/#primaryimage"},"image":{"@id":"https:\/\/stickerdeco.fr\/es\/produit\/vinilo-para-puertas-vino-de-burdeos\/#primaryimage"},"thumbnailUrl":"https:\/\/stickerdeco.fr\/wp-content\/uploads\/2022\/10\/sticker-porte-vin-de-bordeaux-04.jpg","datePublished":"2022-10-25T13:37:12+00:00","dateModified":"2026-03-14T09:44:07+00:00","description":"Este vinilo para puertas Vino de Burdeos es para ti. Tanto si eres entendido como principiante, luce el vino de Burdeos en tu decoraci\u00f3n.","breadcrumb":{"@id":"https:\/\/stickerdeco.fr\/es\/produit\/vinilo-para-puertas-vino-de-burdeos\/#breadcrumb"},"inLanguage":"es","potentialAction":[{"@type":"ReadAction","target":["https:\/\/stickerdeco.fr\/es\/produit\/vinilo-para-puertas-vino-de-burdeos\/"]}]},{"@type":"ImageObject","inLanguage":"es","@id":"https:\/\/stickerdeco.fr\/es\/produit\/vinilo-para-puertas-vino-de-burdeos\/#primaryimage","url":"https:\/\/stickerdeco.fr\/wp-content\/uploads\/2022\/10\/sticker-porte-vin-de-bordeaux-04.jpg","contentUrl":"https:\/\/stickerdeco.fr\/wp-content\/uploads\/2022\/10\/sticker-porte-vin-de-bordeaux-04.jpg","width":1000,"height":1000,"caption":"vinilo para puertas vino de Burdeos"},{"@type":"BreadcrumbList","@id":"https:\/\/stickerdeco.fr\/es\/produit\/vinilo-para-puertas-vino-de-burdeos\/#breadcrumb","itemListElement":[{"@type":"ListItem","position":1,"name":"Accueil","item":"https:\/\/stickerdeco.fr\/es\/"},{"@type":"ListItem","position":2,"name":"Tienda","item":"https:\/\/stickerdeco.fr\/boutique\/"},{"@type":"ListItem","position":3,"name":"Vinilo para puertas Vino de Burdeos"}]},{"@type":"WebSite","@id":"https:\/\/stickerdeco.fr\/es\/#website","url":"https:\/\/stickerdeco.fr\/es\/","name":"Sticker Deco","description":"Le Sticker Made In France","publisher":{"@id":"https:\/\/stickerdeco.fr\/es\/#organization"},"potentialAction":[{"@type":"SearchAction","target":{"@type":"EntryPoint","urlTemplate":"https:\/\/stickerdeco.fr\/es\/?s={search_term_string}"},"query-input":{"@type":"PropertyValueSpecification","valueRequired":true,"valueName":"search_term_string"}}],"inLanguage":"es"},{"@type":"Organization","@id":"https:\/\/stickerdeco.fr\/es\/#organization","name":"Sticker D\u00e9co","url":"https:\/\/stickerdeco.fr\/es\/","logo":{"@type":"ImageObject","inLanguage":"es","@id":"https:\/\/stickerdeco.fr\/es\/#\/schema\/logo\/image\/","url":"https:\/\/stickerdeco.fr\/wp-content\/uploads\/1987\/05\/stickerdeco-logo-v2-carre.png","contentUrl":"https:\/\/stickerdeco.fr\/wp-content\/uploads\/1987\/05\/stickerdeco-logo-v2-carre.png","width":1000,"height":1000,"caption":"Sticker D\u00e9co"},"image":{"@id":"https:\/\/stickerdeco.fr\/es\/#\/schema\/logo\/image\/"},"sameAs":["https:\/\/www.facebook.com\/stickerdeco.fr\/","https:\/\/www.instagram.com\/stickerdecofr\/","https:\/\/www.pinterest.fr\/stickerdecofr\/","https:\/\/www.youtube.com\/StickerDeco"],"email":"contact@stickerdeco.fr","telephone":"0980809233","legalName":"Sticker D\u00e9co"}]},"og_availability":"instock","product_availability":"instock","product_condition":"new"},"_links":{"self":[{"href":"https:\/\/stickerdeco.fr\/es\/wp-json\/wp\/v2\/product\/143792","targetHints":{"allow":["GET"]}}],"collection":[{"href":"https:\/\/stickerdeco.fr\/es\/wp-json\/wp\/v2\/product"}],"about":[{"href":"https:\/\/stickerdeco.fr\/es\/wp-json\/wp\/v2\/types\/product"}],"version-history":[{"count":20,"href":"https:\/\/stickerdeco.fr\/es\/wp-json\/wp\/v2\/product\/143792\/revisions"}],"predecessor-version":[{"id":144055,"href":"https:\/\/stickerdeco.fr\/es\/wp-json\/wp\/v2\/product\/143792\/revisions\/144055"}],"wp:featuredmedia":[{"embeddable":true,"href":"https:\/\/stickerdeco.fr\/es\/wp-json\/wp\/v2\/media\/143795"}],"wp:attachment":[{"href":"https:\/\/stickerdeco.fr\/es\/wp-json\/wp\/v2\/media?parent=143792"}],"wp:term":[{"taxonomy":"product_brand","embeddable":true,"href":"https:\/\/stickerdeco.fr\/es\/wp-json\/wp\/v2\/product_brand?post=143792"},{"taxonomy":"product_cat","embeddable":true,"href":"https:\/\/stickerdeco.fr\/es\/wp-json\/wp\/v2\/product_cat?post=143792"},{"taxonomy":"product_tag","embeddable":true,"href":"https:\/\/stickerdeco.fr\/es\/wp-json\/wp\/v2\/product_tag?post=143792"}],"curies":[{"name":"wp","href":"https:\/\/api.w.org\/{rel}","templated":true}]}}