{"id":144446,"date":"2020-02-12T09:45:40","date_gmt":"2020-02-12T08:45:40","guid":{"rendered":"https:\/\/stickerdeco.fr\/produit\/vinilo-puerta-bosque-americano\/"},"modified":"2026-03-14T11:13:13","modified_gmt":"2026-03-14T10:13:13","slug":"vinilo-puerta-bosque-americano","status":"publish","type":"product","link":"https:\/\/stickerdeco.fr\/es\/produit\/vinilo-puerta-bosque-americano\/","title":{"rendered":"Vinilo para puerta Bosque americano"},"content":{"rendered":"<div class=\"wpb-content-wrapper\"><p>[vc_row][vc_column][vc_column_text]<\/p>\n<h2><span style=\"font-size: 14pt;\"><strong>Vinilo para puerta Bosque americano<\/strong><\/span><\/h2>\n<p><span style=\"font-size: 11pt;\">\u00bfQuieres cambiar la <strong>decoraci\u00f3n<\/strong> de tu interior? Entonces este magn\u00edfico <strong>Vinilo para puerta Bosque americano<\/strong> es para ti. No hay duda de que este <strong>Vinilo para puerta Bosque americano<\/strong> te encantar\u00e1 gracias a nuestro adhesivo mural de vinilo de alta calidad. Es <strong>f\u00e1cil de colocar.<\/strong> Con este sticker, <strong>personalizar tu hogar<\/strong> ahora est\u00e1 al alcance de todos.<\/span><span style=\"font-size: 11pt;\">Cada <strong>decoraci\u00f3n de pared<\/strong> es independiente y <strong>puede colocarse por separado<\/strong>. As\u00ed tienes el m\u00e1ximo de posibilidades para instalar tu <strong>adhesivo mural<\/strong>.<\/span><\/p>\n<h3><span style=\"font-size: 14pt;\"><strong>El vinilo para puerta<\/strong><\/span><\/h3>\n<p><span style=\"font-size: 11pt;\">\u00bfQuieres dar un estilo \u00fanico a tus puertas? Entonces este <strong>Vinilo para puerta Bosque americano<\/strong> es para ti. No hay duda de que este <strong>Vinilo para puerta Bosque americano<\/strong> te convencer\u00e1. Es <strong>f\u00e1cil de colocar<\/strong>, \u00a1un juego de ni\u00f1os!<\/span><span style=\"font-size: 11pt;\">Nuestros <strong>vinilos para puertas<\/strong> se entregan en una sola pieza. Resultado: no hace falta ning\u00fan empalme para una colocaci\u00f3n sencilla. Con los <a href=\"https:\/\/stickerdeco.fr\/es\/cat\/vinilos-para-puertas\/\"><strong>vinilos para puertas<\/strong><\/a> conseguir\u00e1s una <strong>decoraci\u00f3n original<\/strong> y personalizada en tu interior. Ya sea un efecto 3D, una <a href=\"https:\/\/stickerdeco.fr\/es\/tag\/pegatinas-efecto-madera\/\">imitaci\u00f3n madera<\/a> o una puerta de acero, tu puerta tendr\u00e1 sin duda un impresionante efecto <a href=\"https:\/\/stickerdeco.fr\/es\/tag\/pegatinas-trompe-loeil\/\"><strong>trampantojo<\/strong><\/a>.<\/span><\/p>\n<h3><span style=\"font-size: 14pt;\"><strong>Un sticker de muy alta calidad<\/strong><\/span><\/h3>\n<p><span style=\"font-size: 11pt;\">Imprimimos nuestros <strong>adhesivos de pared<\/strong> en cuatricrom\u00eda HQ sobre <strong>adhesivo<\/strong> polim\u00e9rico resistente. Esta tecnolog\u00eda garantiza una excelente durabilidad del <strong>vinilo<\/strong> y una <strong>colocaci\u00f3n sin burbujas<\/strong>. El <strong>adhesivo<\/strong> sigue siendo fino, con <strong>un grosor inferior a 0,2 mm<\/strong> (180 \u00b5m).<\/span><\/p>\n<h3><span style=\"font-size: 14pt;\"><strong>\u00bfC\u00f3mo decorar tu casa?<\/strong><\/span><\/h3>\n<p><span style=\"font-size: 11pt;\">\u00bfTe gusta este <strong>Vinilo para puerta Bosque americano<\/strong>? Entonces completa tu decoraci\u00f3n interior con nuestros <a href=\"\/?product_cat=sticker-salle-de-bains\"><strong>Vinilos de ba\u00f1o<\/strong><\/a>, <a href=\"\/?product_cat=sticker-salon\"><strong>Vinilos de sal\u00f3n<\/strong><\/a>, <a href=\"https:\/\/stickerdeco.fr\/es\/cat\/vinilos-de-pared\/vinilos-de-cocina\/\"><strong>Vinilos de cocina<\/strong><\/a> o nuestros <a href=\"https:\/\/stickerdeco.fr\/es\/cat\/vinilos-de-pared\/vinilos-para-dormitorio-adulto\/\"><strong>Vinilos de dormitorio<\/strong><\/a>.<\/span><\/p>\n<h3><span style=\"font-size: 14pt;\"><strong><a href=\"https:\/\/www.stickerdeco.fr\/\">StickerDeco.fr<\/a> \u00a1son miles de productos!<\/strong><\/span><\/h3>\n<p><span style=\"font-size: 11pt;\">Impresos en nuestras instalaciones de \u00cele-de-France, nuestros stickers son <strong>Made in France<\/strong>.<\/span><\/p>\n<ul>\n<li><span style=\"font-size: 11pt;\"><a href=\"\/?product_cat=stickers-muraux-animaux\"><strong>Vinilos de animales<\/strong><\/a>, <\/span><\/li>\n<li><span style=\"font-size: 11pt;\"><strong><a href=\"\/?product_cat=stickers-muraux-fleurs\">Vinilos de flores<\/a><\/strong>, <\/span><\/li>\n<li><span style=\"font-size: 11pt;\"><strong><a href=\"\/?product_cat=stickers-muraux-mangas-et-cartoons\">Vinilos manga<\/a><\/strong> y mucho m\u00e1s.<\/span><\/li>\n<\/ul>\n<p><span style=\"font-size: 14pt; color: #d64444;\"><strong>ADHESIVO DE MUY ALTA CALIDAD = COLOCACI\u00d3N F\u00c1CIL, GARANT\u00cdA SIN BURBUJAS<\/strong><\/span>[\/vc_column_text][\/vc_column][\/vc_row]<\/p>\n<\/div>","protected":false},"excerpt":{"rendered":"<p>\u00bfQuieres dar a tus puertas una decoraci\u00f3n natural y amaderada? Entonces este <strong>Vinilo para puerta Bosque americano<\/strong> es para ti. Invita al universo de los grandes bosques americanos a tu hogar con este <strong>vinilo trampantojo para puerta<\/strong>. Este adhesivo para puerta representa un bosque que se pierde en el horizonte, con una gran monta\u00f1a al fondo. Aporta profundidad y har\u00e1 que tus estancias parezcan m\u00e1s amplias.<\/p>\n<p><strong>Caracter\u00edsticas del producto:<\/strong><\/p>\n<ul class=\"product-short-desc-list\">\n<li>Vinilo para puertas: f\u00e1cil de colocar y sin burbujas<\/li>\n<li>Se entrega en una sola pieza: sin montajes tediosos ni pegado adicional<\/li>\n<li>Superficie laminada con acabado mate: aspecto elegante, baja reflexi\u00f3n y gran durabilidad<\/li>\n<li>Apto para superficies lisas (puertas pintadas\/laminadas, pl\u00e1stico, vidrio, etc.)<\/li>\n<li>F\u00e1cil de limpiar, lavable y resistente a las salpicaduras<\/li>\n<li>Euroclase B-s1,d0 (equiv. M1 en Francia)<\/li>\n<li>Impresi\u00f3n ecol\u00f3gica UL ECOLOGO\u00ae y UL GREENGUARD Gold: bajas emisiones y sin olor, apta para interiores sensibles<\/li>\n<\/ul>\n","protected":false},"featured_media":144447,"template":"","meta":[],"product_brand":[],"product_cat":[4559],"product_tag":[4798,6529,6530,6532,6721,6535,6533,6710,6534,6709,4755,6531],"class_list":{"0":"post-144446","1":"product","2":"type-product","3":"status-publish","4":"has-post-thumbnail","6":"product_cat-vinilos-para-puertas","7":"product_tag-pegatinas-branches","8":"product_tag-pegatinas-para-puerta-63-x-204-cm","9":"product_tag-pegatinas-para-puerta-73-x-204-cm","10":"product_tag-pegatinas-para-puerta-93-x-204-cm","11":"product_tag-pegatinas-puerta-bano","12":"product_tag-pegatinas-puerta-chambre","13":"product_tag-pegatinas-puerta-cocina","14":"product_tag-pegatinas-puerta-paysage","15":"product_tag-pegatinas-puerta-salon","16":"product_tag-pegatinas-puerta-trompe-loeil","17":"product_tag-pegatinas-trompe-loeil","18":"product_tag-stickers-puerta-83-x-204-cm","20":"first","21":"instock","22":"sale","23":"taxable","24":"shipping-taxable","25":"purchasable","26":"product-type-variable","27":"has-default-attributes"},"etheme_brands":{"errors":{"invalid_taxonomy":["Taxonom\u00eda no v\u00e1lida."]},"error_data":[]},"yoast_head":"<!-- This site is optimized with the Yoast SEO Premium plugin v27.3 (Yoast SEO v27.3) - https:\/\/yoast.com\/product\/yoast-seo-premium-wordpress\/ -->\n<title>Vinilo para puerta Bosque americano | Vinilos para puertas | StickerDeco.fr<\/title>\n<meta name=\"description\" content=\"Elige una decoraci\u00f3n trampantojo econ\u00f3mica con este Vinilo para puerta Bosque americano. Nuestros adhesivos se fabrican en Francia.\" \/>\n<meta name=\"robots\" content=\"index, follow, max-snippet:-1, max-image-preview:large, max-video-preview:-1\" \/>\n<link rel=\"canonical\" href=\"https:\/\/stickerdeco.fr\/es\/produit\/vinilo-puerta-bosque-americano\/\" \/>\n<meta property=\"og:locale\" content=\"es_ES\" \/>\n<meta property=\"og:type\" content=\"article\" \/>\n<meta property=\"og:title\" content=\"Vinilo para puerta Bosque americano\" \/>\n<meta property=\"og:description\" content=\"Elige una decoraci\u00f3n trampantojo econ\u00f3mica con este Vinilo para puerta Bosque americano. Nuestros adhesivos se fabrican en Francia.\" \/>\n<meta property=\"og:url\" content=\"https:\/\/stickerdeco.fr\/es\/produit\/vinilo-puerta-bosque-americano\/\" \/>\n<meta property=\"og:site_name\" content=\"Sticker Deco\" \/>\n<meta property=\"article:publisher\" content=\"https:\/\/www.facebook.com\/stickerdeco.fr\/\" \/>\n<meta property=\"article:modified_time\" content=\"2026-03-14T10:13:13+00:00\" \/>\n<meta property=\"og:image\" content=\"https:\/\/stickerdeco.fr\/wp-content\/uploads\/2020\/02\/sticker-porte-foret-americaine-04.jpg\" \/>\n\t<meta property=\"og:image:width\" content=\"1500\" \/>\n\t<meta property=\"og:image:height\" content=\"1500\" \/>\n\t<meta property=\"og:image:type\" content=\"image\/jpeg\" \/>\n<meta name=\"twitter:card\" content=\"summary_large_image\" \/>\n<meta name=\"twitter:label1\" content=\"Disponibilidad\" \/>\n\t<meta name=\"twitter:data1\" content=\"Disponible\" \/>\n<script type=\"application\/ld+json\" class=\"yoast-schema-graph\">{\"@context\":\"https:\\\/\\\/schema.org\",\"@graph\":[{\"@type\":\"WebPage\",\"@id\":\"https:\\\/\\\/stickerdeco.fr\\\/es\\\/produit\\\/vinilo-puerta-bosque-americano\\\/\",\"url\":\"https:\\\/\\\/stickerdeco.fr\\\/es\\\/produit\\\/vinilo-puerta-bosque-americano\\\/\",\"name\":\"Vinilo para puerta Bosque americano | Vinilos para puertas | StickerDeco.fr\",\"isPartOf\":{\"@id\":\"https:\\\/\\\/stickerdeco.fr\\\/es\\\/#website\"},\"primaryImageOfPage\":{\"@id\":\"https:\\\/\\\/stickerdeco.fr\\\/es\\\/produit\\\/vinilo-puerta-bosque-americano\\\/#primaryimage\"},\"image\":{\"@id\":\"https:\\\/\\\/stickerdeco.fr\\\/es\\\/produit\\\/vinilo-puerta-bosque-americano\\\/#primaryimage\"},\"thumbnailUrl\":\"https:\\\/\\\/stickerdeco.fr\\\/wp-content\\\/uploads\\\/2020\\\/02\\\/sticker-porte-foret-americaine-04.jpg\",\"datePublished\":\"2020-02-12T08:45:40+00:00\",\"dateModified\":\"2026-03-14T10:13:13+00:00\",\"description\":\"Elige una decoraci\u00f3n trampantojo econ\u00f3mica con este Vinilo para puerta Bosque americano. Nuestros adhesivos se fabrican en Francia.\",\"breadcrumb\":{\"@id\":\"https:\\\/\\\/stickerdeco.fr\\\/es\\\/produit\\\/vinilo-puerta-bosque-americano\\\/#breadcrumb\"},\"inLanguage\":\"es\",\"potentialAction\":[{\"@type\":\"ReadAction\",\"target\":[\"https:\\\/\\\/stickerdeco.fr\\\/es\\\/produit\\\/vinilo-puerta-bosque-americano\\\/\"]}]},{\"@type\":\"ImageObject\",\"inLanguage\":\"es\",\"@id\":\"https:\\\/\\\/stickerdeco.fr\\\/es\\\/produit\\\/vinilo-puerta-bosque-americano\\\/#primaryimage\",\"url\":\"https:\\\/\\\/stickerdeco.fr\\\/wp-content\\\/uploads\\\/2020\\\/02\\\/sticker-porte-foret-americaine-04.jpg\",\"contentUrl\":\"https:\\\/\\\/stickerdeco.fr\\\/wp-content\\\/uploads\\\/2020\\\/02\\\/sticker-porte-foret-americaine-04.jpg\",\"width\":1500,\"height\":1500,\"caption\":\"Vinilo para puerta Bosque americano\"},{\"@type\":\"BreadcrumbList\",\"@id\":\"https:\\\/\\\/stickerdeco.fr\\\/es\\\/produit\\\/vinilo-puerta-bosque-americano\\\/#breadcrumb\",\"itemListElement\":[{\"@type\":\"ListItem\",\"position\":1,\"name\":\"Accueil\",\"item\":\"https:\\\/\\\/stickerdeco.fr\\\/es\\\/\"},{\"@type\":\"ListItem\",\"position\":2,\"name\":\"Tienda\",\"item\":\"https:\\\/\\\/stickerdeco.fr\\\/boutique\\\/\"},{\"@type\":\"ListItem\",\"position\":3,\"name\":\"Vinilo para puerta Bosque americano\"}]},{\"@type\":\"WebSite\",\"@id\":\"https:\\\/\\\/stickerdeco.fr\\\/es\\\/#website\",\"url\":\"https:\\\/\\\/stickerdeco.fr\\\/es\\\/\",\"name\":\"Sticker Deco\",\"description\":\"Le Sticker Made In France\",\"publisher\":{\"@id\":\"https:\\\/\\\/stickerdeco.fr\\\/es\\\/#organization\"},\"potentialAction\":[{\"@type\":\"SearchAction\",\"target\":{\"@type\":\"EntryPoint\",\"urlTemplate\":\"https:\\\/\\\/stickerdeco.fr\\\/es\\\/?s={search_term_string}\"},\"query-input\":{\"@type\":\"PropertyValueSpecification\",\"valueRequired\":true,\"valueName\":\"search_term_string\"}}],\"inLanguage\":\"es\"},{\"@type\":\"Organization\",\"@id\":\"https:\\\/\\\/stickerdeco.fr\\\/es\\\/#organization\",\"name\":\"Sticker D\u00e9co\",\"url\":\"https:\\\/\\\/stickerdeco.fr\\\/es\\\/\",\"logo\":{\"@type\":\"ImageObject\",\"inLanguage\":\"es\",\"@id\":\"https:\\\/\\\/stickerdeco.fr\\\/es\\\/#\\\/schema\\\/logo\\\/image\\\/\",\"url\":\"https:\\\/\\\/stickerdeco.fr\\\/wp-content\\\/uploads\\\/1987\\\/05\\\/stickerdeco-logo-v2-carre.png\",\"contentUrl\":\"https:\\\/\\\/stickerdeco.fr\\\/wp-content\\\/uploads\\\/1987\\\/05\\\/stickerdeco-logo-v2-carre.png\",\"width\":1000,\"height\":1000,\"caption\":\"Sticker D\u00e9co\"},\"image\":{\"@id\":\"https:\\\/\\\/stickerdeco.fr\\\/es\\\/#\\\/schema\\\/logo\\\/image\\\/\"},\"sameAs\":[\"https:\\\/\\\/www.facebook.com\\\/stickerdeco.fr\\\/\",\"https:\\\/\\\/www.instagram.com\\\/stickerdecofr\\\/\",\"https:\\\/\\\/www.pinterest.fr\\\/stickerdecofr\\\/\",\"https:\\\/\\\/www.youtube.com\\\/StickerDeco\"],\"email\":\"contact@stickerdeco.fr\",\"telephone\":\"0980809233\",\"legalName\":\"Sticker D\u00e9co\"}]}<\/script>\n<meta property=\"og:availability\" content=\"instock\" \/>\n<meta property=\"product:availability\" content=\"instock\" \/>\n<meta property=\"product:condition\" content=\"new\" \/>\n<!-- \/ Yoast SEO Premium plugin. -->","yoast_head_json":{"title":"Vinilo para puerta Bosque americano | Vinilos para puertas | StickerDeco.fr","description":"Elige una decoraci\u00f3n trampantojo econ\u00f3mica con este Vinilo para puerta Bosque americano. Nuestros adhesivos se fabrican en Francia.","robots":{"index":"index","follow":"follow","max-snippet":"max-snippet:-1","max-image-preview":"max-image-preview:large","max-video-preview":"max-video-preview:-1"},"canonical":"https:\/\/stickerdeco.fr\/es\/produit\/vinilo-puerta-bosque-americano\/","og_locale":"es_ES","og_type":"article","og_title":"Vinilo para puerta Bosque americano","og_description":"Elige una decoraci\u00f3n trampantojo econ\u00f3mica con este Vinilo para puerta Bosque americano. Nuestros adhesivos se fabrican en Francia.","og_url":"https:\/\/stickerdeco.fr\/es\/produit\/vinilo-puerta-bosque-americano\/","og_site_name":"Sticker Deco","article_publisher":"https:\/\/www.facebook.com\/stickerdeco.fr\/","article_modified_time":"2026-03-14T10:13:13+00:00","og_image":[{"width":1500,"height":1500,"url":"https:\/\/stickerdeco.fr\/wp-content\/uploads\/2020\/02\/sticker-porte-foret-americaine-04.jpg","type":"image\/jpeg"}],"twitter_card":"summary_large_image","twitter_misc":{"Disponibilidad":"Disponible"},"schema":{"@context":"https:\/\/schema.org","@graph":[{"@type":"WebPage","@id":"https:\/\/stickerdeco.fr\/es\/produit\/vinilo-puerta-bosque-americano\/","url":"https:\/\/stickerdeco.fr\/es\/produit\/vinilo-puerta-bosque-americano\/","name":"Vinilo para puerta Bosque americano | Vinilos para puertas | StickerDeco.fr","isPartOf":{"@id":"https:\/\/stickerdeco.fr\/es\/#website"},"primaryImageOfPage":{"@id":"https:\/\/stickerdeco.fr\/es\/produit\/vinilo-puerta-bosque-americano\/#primaryimage"},"image":{"@id":"https:\/\/stickerdeco.fr\/es\/produit\/vinilo-puerta-bosque-americano\/#primaryimage"},"thumbnailUrl":"https:\/\/stickerdeco.fr\/wp-content\/uploads\/2020\/02\/sticker-porte-foret-americaine-04.jpg","datePublished":"2020-02-12T08:45:40+00:00","dateModified":"2026-03-14T10:13:13+00:00","description":"Elige una decoraci\u00f3n trampantojo econ\u00f3mica con este Vinilo para puerta Bosque americano. Nuestros adhesivos se fabrican en Francia.","breadcrumb":{"@id":"https:\/\/stickerdeco.fr\/es\/produit\/vinilo-puerta-bosque-americano\/#breadcrumb"},"inLanguage":"es","potentialAction":[{"@type":"ReadAction","target":["https:\/\/stickerdeco.fr\/es\/produit\/vinilo-puerta-bosque-americano\/"]}]},{"@type":"ImageObject","inLanguage":"es","@id":"https:\/\/stickerdeco.fr\/es\/produit\/vinilo-puerta-bosque-americano\/#primaryimage","url":"https:\/\/stickerdeco.fr\/wp-content\/uploads\/2020\/02\/sticker-porte-foret-americaine-04.jpg","contentUrl":"https:\/\/stickerdeco.fr\/wp-content\/uploads\/2020\/02\/sticker-porte-foret-americaine-04.jpg","width":1500,"height":1500,"caption":"Vinilo para puerta Bosque americano"},{"@type":"BreadcrumbList","@id":"https:\/\/stickerdeco.fr\/es\/produit\/vinilo-puerta-bosque-americano\/#breadcrumb","itemListElement":[{"@type":"ListItem","position":1,"name":"Accueil","item":"https:\/\/stickerdeco.fr\/es\/"},{"@type":"ListItem","position":2,"name":"Tienda","item":"https:\/\/stickerdeco.fr\/boutique\/"},{"@type":"ListItem","position":3,"name":"Vinilo para puerta Bosque americano"}]},{"@type":"WebSite","@id":"https:\/\/stickerdeco.fr\/es\/#website","url":"https:\/\/stickerdeco.fr\/es\/","name":"Sticker Deco","description":"Le Sticker Made In France","publisher":{"@id":"https:\/\/stickerdeco.fr\/es\/#organization"},"potentialAction":[{"@type":"SearchAction","target":{"@type":"EntryPoint","urlTemplate":"https:\/\/stickerdeco.fr\/es\/?s={search_term_string}"},"query-input":{"@type":"PropertyValueSpecification","valueRequired":true,"valueName":"search_term_string"}}],"inLanguage":"es"},{"@type":"Organization","@id":"https:\/\/stickerdeco.fr\/es\/#organization","name":"Sticker D\u00e9co","url":"https:\/\/stickerdeco.fr\/es\/","logo":{"@type":"ImageObject","inLanguage":"es","@id":"https:\/\/stickerdeco.fr\/es\/#\/schema\/logo\/image\/","url":"https:\/\/stickerdeco.fr\/wp-content\/uploads\/1987\/05\/stickerdeco-logo-v2-carre.png","contentUrl":"https:\/\/stickerdeco.fr\/wp-content\/uploads\/1987\/05\/stickerdeco-logo-v2-carre.png","width":1000,"height":1000,"caption":"Sticker D\u00e9co"},"image":{"@id":"https:\/\/stickerdeco.fr\/es\/#\/schema\/logo\/image\/"},"sameAs":["https:\/\/www.facebook.com\/stickerdeco.fr\/","https:\/\/www.instagram.com\/stickerdecofr\/","https:\/\/www.pinterest.fr\/stickerdecofr\/","https:\/\/www.youtube.com\/StickerDeco"],"email":"contact@stickerdeco.fr","telephone":"0980809233","legalName":"Sticker D\u00e9co"}]},"og_availability":"instock","product_availability":"instock","product_condition":"new"},"_links":{"self":[{"href":"https:\/\/stickerdeco.fr\/es\/wp-json\/wp\/v2\/product\/144446","targetHints":{"allow":["GET"]}}],"collection":[{"href":"https:\/\/stickerdeco.fr\/es\/wp-json\/wp\/v2\/product"}],"about":[{"href":"https:\/\/stickerdeco.fr\/es\/wp-json\/wp\/v2\/types\/product"}],"version-history":[{"count":1,"href":"https:\/\/stickerdeco.fr\/es\/wp-json\/wp\/v2\/product\/144446\/revisions"}],"predecessor-version":[{"id":144463,"href":"https:\/\/stickerdeco.fr\/es\/wp-json\/wp\/v2\/product\/144446\/revisions\/144463"}],"wp:featuredmedia":[{"embeddable":true,"href":"https:\/\/stickerdeco.fr\/es\/wp-json\/wp\/v2\/media\/144447"}],"wp:attachment":[{"href":"https:\/\/stickerdeco.fr\/es\/wp-json\/wp\/v2\/media?parent=144446"}],"wp:term":[{"taxonomy":"product_brand","embeddable":true,"href":"https:\/\/stickerdeco.fr\/es\/wp-json\/wp\/v2\/product_brand?post=144446"},{"taxonomy":"product_cat","embeddable":true,"href":"https:\/\/stickerdeco.fr\/es\/wp-json\/wp\/v2\/product_cat?post=144446"},{"taxonomy":"product_tag","embeddable":true,"href":"https:\/\/stickerdeco.fr\/es\/wp-json\/wp\/v2\/product_tag?post=144446"}],"curies":[{"name":"wp","href":"https:\/\/api.w.org\/{rel}","templated":true}]}}