{"id":146683,"date":"2023-01-13T11:04:07","date_gmt":"2023-01-13T10:04:07","guid":{"rendered":"https:\/\/stickerdeco.fr\/produit\/sticker-puerta-maison-carree\/"},"modified":"2026-03-15T08:33:22","modified_gmt":"2026-03-15T07:33:22","slug":"sticker-puerta-maison-carree","status":"publish","type":"product","link":"https:\/\/stickerdeco.fr\/es\/produit\/sticker-puerta-maison-carree\/","title":{"rendered":"Sticker para Puerta Maison Carr\u00e9e"},"content":{"rendered":"<div class=\"wpb-content-wrapper\"><p>[vc_row][vc_column][vc_column_text]<\/p>\n<h2><span style=\"font-size: 14pt;\"><strong>Sticker para Puerta Maison Carr\u00e9e<\/strong><\/span><\/h2>\n<p><span style=\"font-size: 11pt;\">\u00bfQuieres renovar la <strong>decoraci\u00f3n<\/strong> de tu hogar? Entonces este magn\u00edfico <strong>Sticker para Puerta Maison Carr\u00e9e<\/strong> es para ti. No hay duda de que este <strong>Sticker para Puerta Maison Carr\u00e9e<\/strong> te conquistar\u00e1 gracias a nuestro adhesivo mural de vinilo de alta calidad. Es <strong>f\u00e1cil de colocar<\/strong>. Con este sticker, <strong>personalizar tu interior<\/strong> est\u00e1 ahora al alcance de todos.<\/span><\/p>\n<p><span style=\"font-size: 11pt;\">Cada <strong>decoraci\u00f3n mural<\/strong> es independiente y <strong>puede colocarse por separado<\/strong>. As\u00ed tendr\u00e1s el m\u00e1ximo de posibilidades para colocar tu <strong>adhesivo mural<\/strong>; \u00a1deja hablar a tu alma de <strong>decorador<\/strong>!<\/span><\/p>\n<h3><span style=\"font-size: 14pt;\"><strong>El Sticker para Puerta<\/strong><\/span><\/h3>\n<p><span style=\"font-size: 11pt;\">\u00bfQuieres dar un estilo \u00fanico a la decoraci\u00f3n de tus puertas? Entonces este adhesivo <strong>Sticker para Puerta Maison Carr\u00e9e<\/strong> es para ti. No hay duda de que este <strong>Sticker para Puerta Maison Carr\u00e9e<\/strong> te encantar\u00e1. Es <strong>f\u00e1cil de colocar<\/strong>; \u00a1es un juego de ni\u00f1os!<\/span><\/p>\n<p><span style=\"font-size: 11pt;\">Nuestros <strong>stickers para puerta<\/strong> se entregan en una sola pieza, es decir, en un \u00fanico panel. Resultado: no hace falta ning\u00fan empalme para una colocaci\u00f3n f\u00e1cil. Con los <a href=\"https:\/\/stickerdeco.fr\/es\/cat\/vinilos-para-puertas\/\"><strong>stickers para puerta<\/strong><\/a>, conseguir\u00e1s una <strong>decoraci\u00f3n original<\/strong> y personalizada en tu hogar. En la tienda Sticker D\u00e9co encontrar\u00e1s muchos estilos y dise\u00f1os. Ya sea un efecto 3D, una <a href=\"https:\/\/stickerdeco.fr\/es\/tag\/pegatinas-efecto-madera\/\">imitaci\u00f3n madera<\/a> o una puerta de acero, tu puerta tendr\u00e1 sin duda un impresionante efecto <a href=\"https:\/\/stickerdeco.fr\/es\/tag\/pegatinas-trompe-loeil\/\"><strong>trampantojo<\/strong><\/a>.<\/span><\/p>\n<h3><span style=\"font-size: 14pt;\"><strong>Un sticker de muy alta calidad<\/strong><\/span><\/h3>\n<p><span style=\"font-size: 11pt;\">Imprimimos nuestros <strong>adhesivos murales<\/strong> en cuatricrom\u00eda HQ sobre <strong>adhesivo<\/strong> polim\u00e9rico <strong>resistente<\/strong> con cola estructurada. Esta tecnolog\u00eda <strong>de vanguardia<\/strong> permite una excelente durabilidad del <strong>vinilo<\/strong> con el paso del tiempo (cola polim\u00e9rica), as\u00ed como una <strong>colocaci\u00f3n sin burbujas<\/strong> (cola estructurada). El <strong>adhesivo<\/strong> sigue siendo relativamente fino, con <strong>un grosor inferior a 0,2 mm<\/strong> (180 \u00b5m).<\/span><\/p>\n<h3><span style=\"font-size: 14pt;\"><strong>\u00bfC\u00f3mo decorar tu casa?<\/strong><\/span><\/h3>\n<p><span style=\"font-size: 11pt;\">\u00bfTe gusta este <strong>Sticker para Puerta Maison Carr\u00e9e<\/strong>? \u00bfTe apasiona la <strong>decoraci\u00f3n mural<\/strong> y quieres combinar tus estancias? Entonces completa tu decoraci\u00f3n interior con nuestros <a href=\"\/?product_cat=sticker-salle-de-bains\"><strong>Stickers Ba\u00f1o<\/strong><\/a>, <a href=\"\/?product_cat=sticker-salon\"><strong>Stickers Sal\u00f3n<\/strong><\/a>, <a href=\"https:\/\/stickerdeco.fr\/es\/cat\/vinilos-de-pared\/vinilos-de-cocina\/\"><strong>Stickers Cocina<\/strong><\/a> o nuestros <a href=\"https:\/\/stickerdeco.fr\/es\/cat\/vinilos-de-pared\/vinilos-para-dormitorio-adulto\/\"><strong>Stickers Dormitorio<\/strong><\/a>.<\/span><\/p>\n<h3><span style=\"font-size: 14pt;\"><strong><a href=\"https:\/\/www.stickerdeco.fr\/\">StickerDeco.fr<\/a> son miles de productos!<\/strong><\/span><\/h3>\n<p>Impresos en nuestras instalaciones de \u00cele-de-France, nuestros stickers son <strong>Made in France<\/strong>. Elige el tuyo entre categor\u00edas como:<\/p>\n<ul>\n<li class=\"active\"><a href=\"\/?product_cat=stickers-muraux-animaux\"><strong>Stickers Animales<\/strong><\/a><\/li>\n<li><strong><a href=\"\/?product_cat=stickers-muraux-fleurs\">Stickers Flores<\/a><\/strong><\/li>\n<li><strong><a href=\"\/?product_cat=stickers-muraux-mangas-et-cartoons\">Stickers Manga<\/a><\/strong> \u00a1y mucho m\u00e1s!<\/li>\n<\/ul>\n<p><span style=\"font-size: 14pt; color: #d64444;\"><strong>ADHESIVO DE MUY ALTA CALIDAD = COLOCACI\u00d3N F\u00c1CIL, GARANT\u00cdA SIN BURBUJAS<\/strong><\/span>[\/vc_column_text][\/vc_column][\/vc_row]<\/p>\n<\/div>","protected":false},"excerpt":{"rendered":"<p>No hace falta ir al Gard por vacaciones o trabajo: el Gard viene a ti. Renueva tu interior con un <strong>Sticker para Puerta Maison Carr\u00e9e<\/strong><\/p>\n<p>Encuentra en nuestra web el modelo de <strong>sticker para puerta<\/strong> que te encantar\u00e1.<\/p>\n<p>Fabricado en Francia.<\/p>\n<p><strong>Caracter\u00edsticas del producto:<\/strong><\/p>\n<ul class=\"product-short-desc-list\">\n<li>Vinilo para puertas: f\u00e1cil de colocar y sin burbujas<\/li>\n<li>Se entrega en una sola pieza: sin montajes tediosos ni pegado adicional<\/li>\n<li>Superficie laminada con acabado mate: aspecto elegante, baja reflexi\u00f3n y gran durabilidad<\/li>\n<li>Apto para superficies lisas (puertas pintadas\/laminadas, pl\u00e1stico, vidrio, etc.)<\/li>\n<li>F\u00e1cil de limpiar, lavable y resistente a las salpicaduras<\/li>\n<li>Euroclase B-s1,d0 (equiv. M1 en Francia)<\/li>\n<li>Impresi\u00f3n ecol\u00f3gica UL ECOLOGO\u00ae y UL GREENGUARD Gold: bajas emisiones y sin olor, apta para interiores sensibles<\/li>\n<\/ul>\n<p><span style=\"color: #d64444;\"><strong>Varios tama\u00f1os disponibles para adaptarse a todas tus puertas (a medida disponible bajo pedido).<\/strong><\/span><\/p>\n<hr \/>\n","protected":false},"featured_media":146684,"template":"","meta":[],"product_brand":[],"product_cat":[4531,4559,4535],"product_tag":[4818,4819,6529,6530,6532,6721,6535,6533,6534,6709,6735,6531],"class_list":{"0":"post-146683","1":"product","2":"type-product","3":"status-publish","4":"has-post-thumbnail","6":"product_cat-vinilos-para-dormitorio-adulto","7":"product_cat-vinilos-para-puertas","8":"product_cat-vinilos-para-salon","9":"product_tag-pegatinas-francia","10":"product_tag-pegatinas-nos-regions","11":"product_tag-pegatinas-para-puerta-63-x-204-cm","12":"product_tag-pegatinas-para-puerta-73-x-204-cm","13":"product_tag-pegatinas-para-puerta-93-x-204-cm","14":"product_tag-pegatinas-puerta-bano","15":"product_tag-pegatinas-puerta-chambre","16":"product_tag-pegatinas-puerta-cocina","17":"product_tag-pegatinas-puerta-salon","18":"product_tag-pegatinas-puerta-trompe-loeil","19":"product_tag-pegatinas-regiones","20":"product_tag-stickers-puerta-83-x-204-cm","22":"first","23":"instock","24":"sale","25":"taxable","26":"shipping-taxable","27":"purchasable","28":"product-type-variable"},"etheme_brands":{"errors":{"invalid_taxonomy":["Taxonom\u00eda no v\u00e1lida."]},"error_data":[]},"yoast_head":"<!-- This site is optimized with the Yoast SEO Premium plugin v27.3 (Yoast SEO v27.3) - https:\/\/yoast.com\/product\/yoast-seo-premium-wordpress\/ -->\n<title>Sticker para Puerta Maison Carr\u00e9e | Stickers para Puerta | Stickerdeco.fr<\/title>\n<meta name=\"description\" content=\"\u00a1Este Sticker para Puerta Maison Carr\u00e9e es para ti! Disfruta de la arquitectura de este monumento emblem\u00e1tico del Gard y de su regi\u00f3n.\" \/>\n<meta name=\"robots\" content=\"index, follow, max-snippet:-1, max-image-preview:large, max-video-preview:-1\" \/>\n<link rel=\"canonical\" href=\"https:\/\/stickerdeco.fr\/es\/produit\/sticker-puerta-maison-carree\/\" \/>\n<meta property=\"og:locale\" content=\"es_ES\" \/>\n<meta property=\"og:type\" content=\"article\" \/>\n<meta property=\"og:title\" content=\"Sticker para Puerta Maison Carr\u00e9e\" \/>\n<meta property=\"og:description\" content=\"\u00a1Este Sticker para Puerta Maison Carr\u00e9e es para ti! Disfruta de la arquitectura de este monumento emblem\u00e1tico del Gard y de su regi\u00f3n.\" \/>\n<meta property=\"og:url\" content=\"https:\/\/stickerdeco.fr\/es\/produit\/sticker-puerta-maison-carree\/\" \/>\n<meta property=\"og:site_name\" content=\"Sticker Deco\" \/>\n<meta property=\"article:publisher\" content=\"https:\/\/www.facebook.com\/stickerdeco.fr\/\" \/>\n<meta property=\"article:modified_time\" content=\"2026-03-15T07:33:22+00:00\" \/>\n<meta property=\"og:image\" content=\"https:\/\/stickerdeco.fr\/wp-content\/uploads\/2023\/01\/sticker-porte-maison-carree-00.jpg\" \/>\n\t<meta property=\"og:image:width\" content=\"1000\" \/>\n\t<meta property=\"og:image:height\" content=\"1000\" \/>\n\t<meta property=\"og:image:type\" content=\"image\/jpeg\" \/>\n<meta name=\"twitter:card\" content=\"summary_large_image\" \/>\n<meta name=\"twitter:label1\" content=\"Disponibilidad\" \/>\n\t<meta name=\"twitter:data1\" content=\"Disponible\" \/>\n<script type=\"application\/ld+json\" class=\"yoast-schema-graph\">{\"@context\":\"https:\\\/\\\/schema.org\",\"@graph\":[{\"@type\":\"WebPage\",\"@id\":\"https:\\\/\\\/stickerdeco.fr\\\/es\\\/produit\\\/sticker-puerta-maison-carree\\\/\",\"url\":\"https:\\\/\\\/stickerdeco.fr\\\/es\\\/produit\\\/sticker-puerta-maison-carree\\\/\",\"name\":\"Sticker para Puerta Maison Carr\u00e9e | Stickers para Puerta | Stickerdeco.fr\",\"isPartOf\":{\"@id\":\"https:\\\/\\\/stickerdeco.fr\\\/es\\\/#website\"},\"primaryImageOfPage\":{\"@id\":\"https:\\\/\\\/stickerdeco.fr\\\/es\\\/produit\\\/sticker-puerta-maison-carree\\\/#primaryimage\"},\"image\":{\"@id\":\"https:\\\/\\\/stickerdeco.fr\\\/es\\\/produit\\\/sticker-puerta-maison-carree\\\/#primaryimage\"},\"thumbnailUrl\":\"https:\\\/\\\/stickerdeco.fr\\\/wp-content\\\/uploads\\\/2023\\\/01\\\/sticker-porte-maison-carree-00.jpg\",\"datePublished\":\"2023-01-13T10:04:07+00:00\",\"dateModified\":\"2026-03-15T07:33:22+00:00\",\"description\":\"\u00a1Este Sticker para Puerta Maison Carr\u00e9e es para ti! Disfruta de la arquitectura de este monumento emblem\u00e1tico del Gard y de su regi\u00f3n.\",\"breadcrumb\":{\"@id\":\"https:\\\/\\\/stickerdeco.fr\\\/es\\\/produit\\\/sticker-puerta-maison-carree\\\/#breadcrumb\"},\"inLanguage\":\"es\",\"potentialAction\":[{\"@type\":\"ReadAction\",\"target\":[\"https:\\\/\\\/stickerdeco.fr\\\/es\\\/produit\\\/sticker-puerta-maison-carree\\\/\"]}]},{\"@type\":\"ImageObject\",\"inLanguage\":\"es\",\"@id\":\"https:\\\/\\\/stickerdeco.fr\\\/es\\\/produit\\\/sticker-puerta-maison-carree\\\/#primaryimage\",\"url\":\"https:\\\/\\\/stickerdeco.fr\\\/wp-content\\\/uploads\\\/2023\\\/01\\\/sticker-porte-maison-carree-00.jpg\",\"contentUrl\":\"https:\\\/\\\/stickerdeco.fr\\\/wp-content\\\/uploads\\\/2023\\\/01\\\/sticker-porte-maison-carree-00.jpg\",\"width\":1000,\"height\":1000,\"caption\":\"Sticker para Puerta Maison Carr\u00e9e\"},{\"@type\":\"BreadcrumbList\",\"@id\":\"https:\\\/\\\/stickerdeco.fr\\\/es\\\/produit\\\/sticker-puerta-maison-carree\\\/#breadcrumb\",\"itemListElement\":[{\"@type\":\"ListItem\",\"position\":1,\"name\":\"Accueil\",\"item\":\"https:\\\/\\\/stickerdeco.fr\\\/es\\\/\"},{\"@type\":\"ListItem\",\"position\":2,\"name\":\"Tienda\",\"item\":\"https:\\\/\\\/stickerdeco.fr\\\/boutique\\\/\"},{\"@type\":\"ListItem\",\"position\":3,\"name\":\"Sticker para Puerta Maison Carr\u00e9e\"}]},{\"@type\":\"WebSite\",\"@id\":\"https:\\\/\\\/stickerdeco.fr\\\/es\\\/#website\",\"url\":\"https:\\\/\\\/stickerdeco.fr\\\/es\\\/\",\"name\":\"Sticker Deco\",\"description\":\"Le Sticker Made In France\",\"publisher\":{\"@id\":\"https:\\\/\\\/stickerdeco.fr\\\/es\\\/#organization\"},\"potentialAction\":[{\"@type\":\"SearchAction\",\"target\":{\"@type\":\"EntryPoint\",\"urlTemplate\":\"https:\\\/\\\/stickerdeco.fr\\\/es\\\/?s={search_term_string}\"},\"query-input\":{\"@type\":\"PropertyValueSpecification\",\"valueRequired\":true,\"valueName\":\"search_term_string\"}}],\"inLanguage\":\"es\"},{\"@type\":\"Organization\",\"@id\":\"https:\\\/\\\/stickerdeco.fr\\\/es\\\/#organization\",\"name\":\"Sticker D\u00e9co\",\"url\":\"https:\\\/\\\/stickerdeco.fr\\\/es\\\/\",\"logo\":{\"@type\":\"ImageObject\",\"inLanguage\":\"es\",\"@id\":\"https:\\\/\\\/stickerdeco.fr\\\/es\\\/#\\\/schema\\\/logo\\\/image\\\/\",\"url\":\"https:\\\/\\\/stickerdeco.fr\\\/wp-content\\\/uploads\\\/1987\\\/05\\\/stickerdeco-logo-v2-carre.png\",\"contentUrl\":\"https:\\\/\\\/stickerdeco.fr\\\/wp-content\\\/uploads\\\/1987\\\/05\\\/stickerdeco-logo-v2-carre.png\",\"width\":1000,\"height\":1000,\"caption\":\"Sticker D\u00e9co\"},\"image\":{\"@id\":\"https:\\\/\\\/stickerdeco.fr\\\/es\\\/#\\\/schema\\\/logo\\\/image\\\/\"},\"sameAs\":[\"https:\\\/\\\/www.facebook.com\\\/stickerdeco.fr\\\/\",\"https:\\\/\\\/www.instagram.com\\\/stickerdecofr\\\/\",\"https:\\\/\\\/www.pinterest.fr\\\/stickerdecofr\\\/\",\"https:\\\/\\\/www.youtube.com\\\/StickerDeco\"],\"email\":\"contact@stickerdeco.fr\",\"telephone\":\"0980809233\",\"legalName\":\"Sticker D\u00e9co\"}]}<\/script>\n<meta property=\"og:availability\" content=\"instock\" \/>\n<meta property=\"product:availability\" content=\"instock\" \/>\n<meta property=\"product:condition\" content=\"new\" \/>\n<!-- \/ Yoast SEO Premium plugin. -->","yoast_head_json":{"title":"Sticker para Puerta Maison Carr\u00e9e | Stickers para Puerta | Stickerdeco.fr","description":"\u00a1Este Sticker para Puerta Maison Carr\u00e9e es para ti! Disfruta de la arquitectura de este monumento emblem\u00e1tico del Gard y de su regi\u00f3n.","robots":{"index":"index","follow":"follow","max-snippet":"max-snippet:-1","max-image-preview":"max-image-preview:large","max-video-preview":"max-video-preview:-1"},"canonical":"https:\/\/stickerdeco.fr\/es\/produit\/sticker-puerta-maison-carree\/","og_locale":"es_ES","og_type":"article","og_title":"Sticker para Puerta Maison Carr\u00e9e","og_description":"\u00a1Este Sticker para Puerta Maison Carr\u00e9e es para ti! Disfruta de la arquitectura de este monumento emblem\u00e1tico del Gard y de su regi\u00f3n.","og_url":"https:\/\/stickerdeco.fr\/es\/produit\/sticker-puerta-maison-carree\/","og_site_name":"Sticker Deco","article_publisher":"https:\/\/www.facebook.com\/stickerdeco.fr\/","article_modified_time":"2026-03-15T07:33:22+00:00","og_image":[{"width":1000,"height":1000,"url":"https:\/\/stickerdeco.fr\/wp-content\/uploads\/2023\/01\/sticker-porte-maison-carree-00.jpg","type":"image\/jpeg"}],"twitter_card":"summary_large_image","twitter_misc":{"Disponibilidad":"Disponible"},"schema":{"@context":"https:\/\/schema.org","@graph":[{"@type":"WebPage","@id":"https:\/\/stickerdeco.fr\/es\/produit\/sticker-puerta-maison-carree\/","url":"https:\/\/stickerdeco.fr\/es\/produit\/sticker-puerta-maison-carree\/","name":"Sticker para Puerta Maison Carr\u00e9e | Stickers para Puerta | Stickerdeco.fr","isPartOf":{"@id":"https:\/\/stickerdeco.fr\/es\/#website"},"primaryImageOfPage":{"@id":"https:\/\/stickerdeco.fr\/es\/produit\/sticker-puerta-maison-carree\/#primaryimage"},"image":{"@id":"https:\/\/stickerdeco.fr\/es\/produit\/sticker-puerta-maison-carree\/#primaryimage"},"thumbnailUrl":"https:\/\/stickerdeco.fr\/wp-content\/uploads\/2023\/01\/sticker-porte-maison-carree-00.jpg","datePublished":"2023-01-13T10:04:07+00:00","dateModified":"2026-03-15T07:33:22+00:00","description":"\u00a1Este Sticker para Puerta Maison Carr\u00e9e es para ti! Disfruta de la arquitectura de este monumento emblem\u00e1tico del Gard y de su regi\u00f3n.","breadcrumb":{"@id":"https:\/\/stickerdeco.fr\/es\/produit\/sticker-puerta-maison-carree\/#breadcrumb"},"inLanguage":"es","potentialAction":[{"@type":"ReadAction","target":["https:\/\/stickerdeco.fr\/es\/produit\/sticker-puerta-maison-carree\/"]}]},{"@type":"ImageObject","inLanguage":"es","@id":"https:\/\/stickerdeco.fr\/es\/produit\/sticker-puerta-maison-carree\/#primaryimage","url":"https:\/\/stickerdeco.fr\/wp-content\/uploads\/2023\/01\/sticker-porte-maison-carree-00.jpg","contentUrl":"https:\/\/stickerdeco.fr\/wp-content\/uploads\/2023\/01\/sticker-porte-maison-carree-00.jpg","width":1000,"height":1000,"caption":"Sticker para Puerta Maison Carr\u00e9e"},{"@type":"BreadcrumbList","@id":"https:\/\/stickerdeco.fr\/es\/produit\/sticker-puerta-maison-carree\/#breadcrumb","itemListElement":[{"@type":"ListItem","position":1,"name":"Accueil","item":"https:\/\/stickerdeco.fr\/es\/"},{"@type":"ListItem","position":2,"name":"Tienda","item":"https:\/\/stickerdeco.fr\/boutique\/"},{"@type":"ListItem","position":3,"name":"Sticker para Puerta Maison Carr\u00e9e"}]},{"@type":"WebSite","@id":"https:\/\/stickerdeco.fr\/es\/#website","url":"https:\/\/stickerdeco.fr\/es\/","name":"Sticker Deco","description":"Le Sticker Made In France","publisher":{"@id":"https:\/\/stickerdeco.fr\/es\/#organization"},"potentialAction":[{"@type":"SearchAction","target":{"@type":"EntryPoint","urlTemplate":"https:\/\/stickerdeco.fr\/es\/?s={search_term_string}"},"query-input":{"@type":"PropertyValueSpecification","valueRequired":true,"valueName":"search_term_string"}}],"inLanguage":"es"},{"@type":"Organization","@id":"https:\/\/stickerdeco.fr\/es\/#organization","name":"Sticker D\u00e9co","url":"https:\/\/stickerdeco.fr\/es\/","logo":{"@type":"ImageObject","inLanguage":"es","@id":"https:\/\/stickerdeco.fr\/es\/#\/schema\/logo\/image\/","url":"https:\/\/stickerdeco.fr\/wp-content\/uploads\/1987\/05\/stickerdeco-logo-v2-carre.png","contentUrl":"https:\/\/stickerdeco.fr\/wp-content\/uploads\/1987\/05\/stickerdeco-logo-v2-carre.png","width":1000,"height":1000,"caption":"Sticker D\u00e9co"},"image":{"@id":"https:\/\/stickerdeco.fr\/es\/#\/schema\/logo\/image\/"},"sameAs":["https:\/\/www.facebook.com\/stickerdeco.fr\/","https:\/\/www.instagram.com\/stickerdecofr\/","https:\/\/www.pinterest.fr\/stickerdecofr\/","https:\/\/www.youtube.com\/StickerDeco"],"email":"contact@stickerdeco.fr","telephone":"0980809233","legalName":"Sticker D\u00e9co"}]},"og_availability":"instock","product_availability":"instock","product_condition":"new"},"_links":{"self":[{"href":"https:\/\/stickerdeco.fr\/es\/wp-json\/wp\/v2\/product\/146683","targetHints":{"allow":["GET"]}}],"collection":[{"href":"https:\/\/stickerdeco.fr\/es\/wp-json\/wp\/v2\/product"}],"about":[{"href":"https:\/\/stickerdeco.fr\/es\/wp-json\/wp\/v2\/types\/product"}],"version-history":[{"count":3,"href":"https:\/\/stickerdeco.fr\/es\/wp-json\/wp\/v2\/product\/146683\/revisions"}],"predecessor-version":[{"id":147115,"href":"https:\/\/stickerdeco.fr\/es\/wp-json\/wp\/v2\/product\/146683\/revisions\/147115"}],"wp:featuredmedia":[{"embeddable":true,"href":"https:\/\/stickerdeco.fr\/es\/wp-json\/wp\/v2\/media\/146684"}],"wp:attachment":[{"href":"https:\/\/stickerdeco.fr\/es\/wp-json\/wp\/v2\/media?parent=146683"}],"wp:term":[{"taxonomy":"product_brand","embeddable":true,"href":"https:\/\/stickerdeco.fr\/es\/wp-json\/wp\/v2\/product_brand?post=146683"},{"taxonomy":"product_cat","embeddable":true,"href":"https:\/\/stickerdeco.fr\/es\/wp-json\/wp\/v2\/product_cat?post=146683"},{"taxonomy":"product_tag","embeddable":true,"href":"https:\/\/stickerdeco.fr\/es\/wp-json\/wp\/v2\/product_tag?post=146683"}],"curies":[{"name":"wp","href":"https:\/\/api.w.org\/{rel}","templated":true}]}}