{"id":117661,"date":"2016-05-23T12:03:26","date_gmt":"2016-05-23T10:03:26","guid":{"rendered":"https:\/\/stickerdeco.fr\/chi-siamo-stickers-made-in-france\/"},"modified":"2026-02-28T13:24:27","modified_gmt":"2026-02-28T12:24:27","slug":"chi-siamo-stickers-made-in-france","status":"publish","type":"page","link":"https:\/\/stickerdeco.fr\/it\/chi-siamo-stickers-made-in-france\/","title":{"rendered":"Chi siamo | Stickers made in France"},"content":{"rendered":"<div class=\"wpb-content-wrapper\"><p>[vc_row full_width=&#8221;stretch_row&#8221; equal_height=&#8221;yes&#8221; content_placement=&#8221;middle&#8221; css=&#8221;.vc_custom_1464337803007{margin-top: -2em !important;padding-top: 5vw !important;padding-bottom: 5vw !important;}&#8221;][vc_column width=&#8221;1\/2&#8243; css=&#8221;.vc_custom_1451920811151{padding-right: 7em !important;}&#8221;][vc_column_text el_class=&#8221;about-us-text&#8221; css=&#8221;.vc_custom_1569487225434{margin-bottom: 0px !important;}&#8221;]<\/p>\n<h2 style=\"text-align: left;\"><b>STICKER<\/b>DECO.FR<\/h2>\n<p style=\"text-align: left;\">la fabbrica di stickers made in France<\/p>\n<p>[\/vc_column_text][\/vc_column][vc_column width=&#8221;1\/2&#8243;][vc_custom_heading text=&#8221;IL RISULTATO DI UN LAVORO DI SQUADRA&#8221; font_container=&#8221;tag:h3|font_size:24px|text_align:left|color:%231c1a19|line_height:30px&#8221; google_fonts=&#8221;font_family:Lato%3A100%2C100italic%2C300%2C300italic%2Cregular%2Citalic%2C700%2C700italic%2C900%2C900italic|font_style:900%20bold%20regular%3A900%3Anormal&#8221; css=&#8221;.vc_custom_1569487210829{margin-bottom: 0px !important;}&#8221;][vc_column_text css=&#8221;.vc_custom_1513029745543{margin-bottom: 0px !important;}&#8221;]<\/p>\n<p style=\"text-align: left;\">Questo shop \u00e8 il frutto di un lavoro di squadra tra una piccola impresa creata nel 2011, specializzata nella produzione di stickers per professionisti (veicoli, segnaletica, decorazione dei punti vendita, \u2026), e due imprenditori freelance. Questa collaborazione ha permesso di unire mondi totalmente diversi e di mescolare diversi centri di interesse.<\/p>\n<p>[\/vc_column_text][\/vc_column][\/vc_row][vc_row css=&#8221;.vc_custom_1464337871215{border-top-width: 1px !important;padding-top: 5vw !important;border-top-color: #e6e6e6 !important;border-top-style: solid !important;}&#8221;][vc_column width=&#8221;1\/4&#8243;][\/vc_column][vc_column width=&#8221;1\/2&#8243; css=&#8221;.vc_custom_1464337876029{padding-top: 0px !important;}&#8221;][vc_custom_heading text=&#8221;DA STICKERDECO&#8221; font_container=&#8221;tag:h3|font_size:40|text_align:center|color:%231c1a19&#8243; google_fonts=&#8221;font_family:Lato%3A100%2C100italic%2C300%2C300italic%2Cregular%2Citalic%2C700%2C700italic%2C900%2C900italic|font_style:900%20bold%20regular%3A900%3Anormal&#8221;][vc_column_text]<\/p>\n<p style=\"text-align: center;\">Il nostro obiettivo \u00e8 offrirti un servizio di qualit\u00e0, cos\u00ec come prodotti di ottima fattura che ti piacciono e che non trovi facilmente.<\/p>\n<p>[\/vc_column_text][\/vc_column][vc_column width=&#8221;1\/4&#8243;][\/vc_column][\/vc_row][vc_row css=&#8221;.vc_custom_1473927134956{padding-bottom: 3em !important;}&#8221;][vc_column width=&#8221;1\/3&#8243;]        <link rel=\"stylesheet\" href=\"https:\/\/stickerdeco.fr\/wp-content\/themes\/xstore\/css\/modules\/builders\/icon-boxes.css?ver=0.0.1\" type=\"text\/css\" media=\"all\" \/> \t\t\n\t\t<div\n                class=\"ibox-block  box-7735 icon-left align-left design-3 table\"\n                        >\n\t\t\t\t\t\t\t<div class=\"ibox-symbol\">\n\t\t\t\t\t<i class=\"fa fa-cart-arrow-down\"><\/i>\t\t\t\t<\/div>\n\t\t\t\n\t\t\t<div class=\"ibox-content\">\n\t\t\t\t<h3 class=\"text-uppercase\">Semplicit\u00e0<\/h3>\n\t\t\t\t\t\t\t\t\t<div class=\"ibox-text\">\n\t\t\t\t\t\tUn adesivo di altissima qualit\u00e0 significa per te un&#8217;applicazione facile e senza bolle.\t\t\t\t\t<\/div>\n\t\t\t\t\n\t\t\t\t\t\t\t<\/div>\n\n\t\t\t\n\t\t<\/div>\n\n\t\t[\/vc_column][vc_column width=&#8221;1\/3&#8243;]        <link rel=\"stylesheet\" href=\"https:\/\/stickerdeco.fr\/wp-content\/themes\/xstore\/css\/modules\/builders\/icon-boxes.css?ver=0.0.1\" type=\"text\/css\" media=\"all\" \/> \t\t\n\t\t<div\n                class=\"ibox-block  box-2691 icon-left align-left design-3 table\"\n                        >\n\t\t\t\t\t\t\t<div class=\"ibox-symbol\">\n\t\t\t\t\t<i class=\"fa fa-fighter-jet\"><\/i>\t\t\t\t<\/div>\n\t\t\t\n\t\t\t<div class=\"ibox-content\">\n\t\t\t\t<h3 class=\"text-uppercase\">Rapidit\u00e0<\/h3>\n\t\t\t\t\t\t\t\t\t<div class=\"ibox-text\">\n\t\t\t\t\t\tGli ordini effettuati su <a href=\"https:\/\/stickerdeco.fr\/it\/\">StickerDeco.fr<\/a> vengono elaborati entro 24 ore dal luned\u00ec al venerd\u00ec (esclusi i giorni festivi).\t\t\t\t\t<\/div>\n\t\t\t\t\n\t\t\t\t\t\t\t<\/div>\n\n\t\t\t\n\t\t<\/div>\n\n\t\t[\/vc_column][vc_column width=&#8221;1\/3&#8243;]        <link rel=\"stylesheet\" href=\"https:\/\/stickerdeco.fr\/wp-content\/themes\/xstore\/css\/modules\/builders\/icon-boxes.css?ver=0.0.1\" type=\"text\/css\" media=\"all\" \/> \t\t\n\t\t<div\n                class=\"ibox-block  box-3172 icon-left align-left design-3 table\"\n                        >\n\t\t\t\t\t\t\t<div class=\"ibox-symbol\">\n\t\t\t\t\t<i class=\"fa fa-industry\"><\/i>\t\t\t\t<\/div>\n\t\t\t\n\t\t\t<div class=\"ibox-content\">\n\t\t\t\t<h3 class=\"text-uppercase\">Made in France<\/h3>\n\t\t\t\t\t\t\t\t\t<div class=\"ibox-text\">\n\t\t\t\t\t\tProduciamo noi stessi, con le nostre macchine e nei nostri locali in Francia, tutti i prodotti venduti sul nostro sito.\t\t\t\t\t<\/div>\n\t\t\t\t\n\t\t\t\t\t\t\t<\/div>\n\n\t\t\t\n\t\t<\/div>\n\n\t\t[\/vc_column][\/vc_row][vc_row css=&#8221;.vc_custom_1451980442637{padding-bottom: 6em !important;}&#8221;][vc_column width=&#8221;1\/3&#8243; css=&#8221;.vc_custom_1473927097567{padding-top: 35px !important;}&#8221;]        <link rel=\"stylesheet\" href=\"https:\/\/stickerdeco.fr\/wp-content\/themes\/xstore\/css\/modules\/builders\/icon-boxes.css?ver=0.0.1\" type=\"text\/css\" media=\"all\" \/> \t\t\n\t\t<div\n                class=\"ibox-block  box-3613 icon-left align-left design-3 table\"\n                        >\n\t\t\t\t\t\t\t<div class=\"ibox-symbol\">\n\t\t\t\t\t<i class=\"fa fa-truck\"><\/i>\t\t\t\t<\/div>\n\t\t\t\n\t\t\t<div class=\"ibox-content\">\n\t\t\t\t<h3 class=\"text-uppercase\">Spedizione gratuita*<\/h3>\n\t\t\t\t\t\t\t\t\t<div class=\"ibox-text\">\n\t\t\t\t\t\tSpedizione gratuita a partire da 69 \u20ac con Chronopost, Colissimo o Mondial Relay.\t\t\t\t\t<\/div>\n\t\t\t\t\n\t\t\t\t\t\t\t<\/div>\n\n\t\t\t\n\t\t<\/div>\n\n\t\t[\/vc_column][vc_column width=&#8221;1\/3&#8243; css=&#8221;.vc_custom_1473927104519{padding-top: 35px !important;}&#8221;]        <link rel=\"stylesheet\" href=\"https:\/\/stickerdeco.fr\/wp-content\/themes\/xstore\/css\/modules\/builders\/icon-boxes.css?ver=0.0.1\" type=\"text\/css\" media=\"all\" \/> \t\t\n\t\t<div\n                class=\"ibox-block  box-5859 icon-left align-left table\"\n                        >\n\t\t\t\t\t\t\t<div class=\"ibox-symbol\">\n\t\t\t\t\t<i class=\"fa fa-shield\"><\/i>\t\t\t\t<\/div>\n\t\t\t\n\t\t\t<div class=\"ibox-content\">\n\t\t\t\t<h3 class=\"text-uppercase\">Pagamento sicuro<\/h3>\n\t\t\t\t\t\t\t\t\t<div class=\"ibox-text\">\n\t\t\t\t\t\t<a href=\"https:\/\/www.paypal.fr\">PayPal<\/a> ti offre oltre 10 anni di esperienza nei pagamenti online sicuri.\t\t\t\t\t<\/div>\n\t\t\t\t\n\t\t\t\t\t\t\t<\/div>\n\n\t\t\t\n\t\t<\/div>\n\n\t\t[\/vc_column][vc_column width=&#8221;1\/3&#8243; css=&#8221;.vc_custom_1473927109358{padding-top: 35px !important;}&#8221;]        <link rel=\"stylesheet\" href=\"https:\/\/stickerdeco.fr\/wp-content\/themes\/xstore\/css\/modules\/builders\/icon-boxes.css?ver=0.0.1\" type=\"text\/css\" media=\"all\" \/> \t\t\n\t\t<div\n                class=\"ibox-block  box-4207 icon-left align-left table\"\n                        >\n\t\t\t\t\t\t\t<div class=\"ibox-symbol\">\n\t\t\t\t\t<i class=\"fa fa-users\"><\/i>\t\t\t\t<\/div>\n\t\t\t\n\t\t\t<div class=\"ibox-content\">\n\t\t\t\t<h3 class=\"text-uppercase\">A misura d\u2019uomo<\/h3>\n\t\t\t\t\t\t\t\t\t<div class=\"ibox-text\">\n\t\t\t\t\t\tTi ricordiamo che siamo una piccola azienda francese, a misura d\u2019uomo.\t\t\t\t\t<\/div>\n\t\t\t\t\n\t\t\t\t\t\t\t<\/div>\n\n\t\t\t\n\t\t<\/div>\n\n\t\t[\/vc_column][\/vc_row][vc_row css=&#8221;.vc_custom_1464337892459{margin-bottom: 35px !important;border-top-width: 1px !important;padding-top: 5vw !important;border-top-color: #e6e6e6 !important;border-top-style: solid !important;}&#8221;][vc_column width=&#8221;1\/4&#8243;][\/vc_column][vc_column width=&#8221;1\/2&#8243; css=&#8221;.vc_custom_1464337880758{padding-top: 0px !important;}&#8221;][vc_custom_heading text=&#8221;I nostri partner&#8221; font_container=&#8221;tag:h3|font_size:40|text_align:center|color:%231c1a19&#8243; google_fonts=&#8221;font_family:Lato%3A100%2C100italic%2C300%2C300italic%2Cregular%2Citalic%2C700%2C700italic%2C900%2C900italic|font_style:900%20bold%20regular%3A900%3Anormal&#8221;][vc_column_text]<\/p>\n<p style=\"text-align: center;\">Scopri tutti i partner di StickerDeco.fr. Ci accompagnano nelle nostre iniziative.<\/p>\n<p>[\/vc_column_text][\/vc_column][vc_column width=&#8221;1\/4&#8243;][\/vc_column][\/vc_row][vc_row][vc_column css=&#8221;.vc_custom_1461856103851{padding-top: 20px !important;}&#8221;][vc_images_carousel images=&#8221;117664,117665,117666,117662,117663&#8243; img_size=&#8221;350&#215;200&#8243; onclick=&#8221;link_no&#8221; speed=&#8221;4000&#8243; slides_per_view=&#8221;3&#8243; autoplay=&#8221;yes&#8221; wrap=&#8221;yes&#8221;][\/vc_column][\/vc_row]<\/p>\n<\/div>","protected":false},"excerpt":{"rendered":"<p>[vc_row full_width=&#8221;stretch_row&#8221; equal_height=&#8221;yes&#8221; content_placement=&#8221;middle&#8221; css=&#8221;.vc_custom_1464337803007{margin-top: -2em !important;padding-top: 5vw !important;padding-bottom: 5vw !important;}&#8221;][vc_column width=&#8221;1\/2&#8243; css=&#8221;.vc_custom_1451920811151{padding-right: 7em !important;}&#8221;][vc_column_text&#8230;<\/p>\n","protected":false},"author":1,"featured_media":117526,"parent":0,"menu_order":0,"comment_status":"closed","ping_status":"closed","template":"","meta":{"footnotes":""},"class_list":["post-117661","page","type-page","status-publish","has-post-thumbnail","hentry"],"yoast_head":"<!-- This site is optimized with the Yoast SEO Premium plugin v27.3 (Yoast SEO v27.3) - https:\/\/yoast.com\/product\/yoast-seo-premium-wordpress\/ -->\n<title>Stickers made in France - Chi siamo | StickerDeco.fr<\/title>\n<meta name=\"description\" content=\"STICKER DECO.FR, la fabbrica di stickers made in France. Questo shop \u00e8 il frutto di un lavoro di squadra tra una PMI creata nel 2011, specializzata nella produzione di stickers per professionisti (veicoli, segnaletica, decorazione dei punti vendita, \u2026), e due imprenditori freelance. Questa collaborazione...\" \/>\n<meta name=\"robots\" content=\"index, follow, max-snippet:-1, max-image-preview:large, max-video-preview:-1\" \/>\n<link rel=\"canonical\" href=\"https:\/\/stickerdeco.fr\/it\/chi-siamo-stickers-made-in-france\/\" \/>\n<meta property=\"og:locale\" content=\"it_IT\" \/>\n<meta property=\"og:type\" content=\"article\" \/>\n<meta property=\"og:title\" content=\"Chi siamo | Stickers made in France\" \/>\n<meta property=\"og:description\" content=\"STICKER DECO.FR, la fabbrica di stickers made in France. Questo shop \u00e8 il frutto di un lavoro di squadra tra una PMI creata nel 2011, specializzata nella produzione di stickers per professionisti (veicoli, segnaletica, decorazione dei punti vendita, \u2026), e due imprenditori freelance. Questa collaborazione...\" \/>\n<meta property=\"og:url\" content=\"https:\/\/stickerdeco.fr\/it\/chi-siamo-stickers-made-in-france\/\" \/>\n<meta property=\"og:site_name\" content=\"Sticker Deco\" \/>\n<meta property=\"article:publisher\" content=\"https:\/\/www.facebook.com\/stickerdeco.fr\/\" \/>\n<meta property=\"article:modified_time\" content=\"2026-02-28T12:24:27+00:00\" \/>\n<meta property=\"og:image\" content=\"https:\/\/stickerdeco.fr\/wp-content\/uploads\/2016\/05\/slim-header-stickerdeco.jpg\" \/>\n\t<meta property=\"og:image:width\" content=\"1903\" \/>\n\t<meta property=\"og:image:height\" content=\"136\" \/>\n\t<meta property=\"og:image:type\" content=\"image\/jpeg\" \/>\n<meta name=\"twitter:card\" content=\"summary_large_image\" \/>\n<meta name=\"twitter:label1\" content=\"Tempo di lettura stimato\" \/>\n\t<meta name=\"twitter:data1\" content=\"3 minuto\" \/>\n<script type=\"application\/ld+json\" class=\"yoast-schema-graph\">{\"@context\":\"https:\\\/\\\/schema.org\",\"@graph\":[{\"@type\":\"WebPage\",\"@id\":\"https:\\\/\\\/stickerdeco.fr\\\/it\\\/chi-siamo-stickers-made-in-france\\\/\",\"url\":\"https:\\\/\\\/stickerdeco.fr\\\/it\\\/chi-siamo-stickers-made-in-france\\\/\",\"name\":\"Stickers made in France - Chi siamo | StickerDeco.fr\",\"isPartOf\":{\"@id\":\"https:\\\/\\\/stickerdeco.fr\\\/it\\\/#website\"},\"primaryImageOfPage\":{\"@id\":\"https:\\\/\\\/stickerdeco.fr\\\/it\\\/chi-siamo-stickers-made-in-france\\\/#primaryimage\"},\"image\":{\"@id\":\"https:\\\/\\\/stickerdeco.fr\\\/it\\\/chi-siamo-stickers-made-in-france\\\/#primaryimage\"},\"thumbnailUrl\":\"https:\\\/\\\/stickerdeco.fr\\\/wp-content\\\/uploads\\\/2016\\\/05\\\/slim-header-stickerdeco.jpg\",\"datePublished\":\"2016-05-23T10:03:26+00:00\",\"dateModified\":\"2026-02-28T12:24:27+00:00\",\"description\":\"STICKER DECO.FR, la fabbrica di stickers made in France. Questo shop \u00e8 il frutto di un lavoro di squadra tra una PMI creata nel 2011, specializzata nella produzione di stickers per professionisti (veicoli, segnaletica, decorazione dei punti vendita, \u2026), e due imprenditori freelance. Questa collaborazione...\",\"breadcrumb\":{\"@id\":\"https:\\\/\\\/stickerdeco.fr\\\/it\\\/chi-siamo-stickers-made-in-france\\\/#breadcrumb\"},\"inLanguage\":\"it-IT\",\"potentialAction\":[{\"@type\":\"ReadAction\",\"target\":[\"https:\\\/\\\/stickerdeco.fr\\\/it\\\/chi-siamo-stickers-made-in-france\\\/\"]}]},{\"@type\":\"ImageObject\",\"inLanguage\":\"it-IT\",\"@id\":\"https:\\\/\\\/stickerdeco.fr\\\/it\\\/chi-siamo-stickers-made-in-france\\\/#primaryimage\",\"url\":\"https:\\\/\\\/stickerdeco.fr\\\/wp-content\\\/uploads\\\/2016\\\/05\\\/slim-header-stickerdeco.jpg\",\"contentUrl\":\"https:\\\/\\\/stickerdeco.fr\\\/wp-content\\\/uploads\\\/2016\\\/05\\\/slim-header-stickerdeco.jpg\",\"width\":1903,\"height\":136,\"caption\":\"Sticker made in France | Stickerdeco.fr\"},{\"@type\":\"BreadcrumbList\",\"@id\":\"https:\\\/\\\/stickerdeco.fr\\\/it\\\/chi-siamo-stickers-made-in-france\\\/#breadcrumb\",\"itemListElement\":[{\"@type\":\"ListItem\",\"position\":1,\"name\":\"Accueil\",\"item\":\"https:\\\/\\\/stickerdeco.fr\\\/it\\\/\"},{\"@type\":\"ListItem\",\"position\":2,\"name\":\"Chi siamo | Stickers made in France\"}]},{\"@type\":\"WebSite\",\"@id\":\"https:\\\/\\\/stickerdeco.fr\\\/it\\\/#website\",\"url\":\"https:\\\/\\\/stickerdeco.fr\\\/it\\\/\",\"name\":\"Sticker Deco\",\"description\":\"Le Sticker Made In France\",\"publisher\":{\"@id\":\"https:\\\/\\\/stickerdeco.fr\\\/it\\\/#organization\"},\"potentialAction\":[{\"@type\":\"SearchAction\",\"target\":{\"@type\":\"EntryPoint\",\"urlTemplate\":\"https:\\\/\\\/stickerdeco.fr\\\/it\\\/?s={search_term_string}\"},\"query-input\":{\"@type\":\"PropertyValueSpecification\",\"valueRequired\":true,\"valueName\":\"search_term_string\"}}],\"inLanguage\":\"it-IT\"},{\"@type\":\"Organization\",\"@id\":\"https:\\\/\\\/stickerdeco.fr\\\/it\\\/#organization\",\"name\":\"Sticker D\u00e9co\",\"url\":\"https:\\\/\\\/stickerdeco.fr\\\/it\\\/\",\"logo\":{\"@type\":\"ImageObject\",\"inLanguage\":\"it-IT\",\"@id\":\"https:\\\/\\\/stickerdeco.fr\\\/it\\\/#\\\/schema\\\/logo\\\/image\\\/\",\"url\":\"https:\\\/\\\/stickerdeco.fr\\\/wp-content\\\/uploads\\\/1987\\\/05\\\/stickerdeco-logo-v2-carre.png\",\"contentUrl\":\"https:\\\/\\\/stickerdeco.fr\\\/wp-content\\\/uploads\\\/1987\\\/05\\\/stickerdeco-logo-v2-carre.png\",\"width\":1000,\"height\":1000,\"caption\":\"Sticker D\u00e9co\"},\"image\":{\"@id\":\"https:\\\/\\\/stickerdeco.fr\\\/it\\\/#\\\/schema\\\/logo\\\/image\\\/\"},\"sameAs\":[\"https:\\\/\\\/www.facebook.com\\\/stickerdeco.fr\\\/\",\"https:\\\/\\\/www.instagram.com\\\/stickerdecofr\\\/\",\"https:\\\/\\\/www.pinterest.fr\\\/stickerdecofr\\\/\",\"https:\\\/\\\/www.youtube.com\\\/StickerDeco\"],\"email\":\"contact@stickerdeco.fr\",\"telephone\":\"0980809233\",\"legalName\":\"Sticker D\u00e9co\"}]}<\/script>\n<!-- \/ Yoast SEO Premium plugin. -->","yoast_head_json":{"title":"Stickers made in France - Chi siamo | StickerDeco.fr","description":"STICKER DECO.FR, la fabbrica di stickers made in France. Questo shop \u00e8 il frutto di un lavoro di squadra tra una PMI creata nel 2011, specializzata nella produzione di stickers per professionisti (veicoli, segnaletica, decorazione dei punti vendita, \u2026), e due imprenditori freelance. Questa collaborazione...","robots":{"index":"index","follow":"follow","max-snippet":"max-snippet:-1","max-image-preview":"max-image-preview:large","max-video-preview":"max-video-preview:-1"},"canonical":"https:\/\/stickerdeco.fr\/it\/chi-siamo-stickers-made-in-france\/","og_locale":"it_IT","og_type":"article","og_title":"Chi siamo | Stickers made in France","og_description":"STICKER DECO.FR, la fabbrica di stickers made in France. Questo shop \u00e8 il frutto di un lavoro di squadra tra una PMI creata nel 2011, specializzata nella produzione di stickers per professionisti (veicoli, segnaletica, decorazione dei punti vendita, \u2026), e due imprenditori freelance. Questa collaborazione...","og_url":"https:\/\/stickerdeco.fr\/it\/chi-siamo-stickers-made-in-france\/","og_site_name":"Sticker Deco","article_publisher":"https:\/\/www.facebook.com\/stickerdeco.fr\/","article_modified_time":"2026-02-28T12:24:27+00:00","og_image":[{"width":1903,"height":136,"url":"https:\/\/stickerdeco.fr\/wp-content\/uploads\/2016\/05\/slim-header-stickerdeco.jpg","type":"image\/jpeg"}],"twitter_card":"summary_large_image","twitter_misc":{"Tempo di lettura stimato":"3 minuto"},"schema":{"@context":"https:\/\/schema.org","@graph":[{"@type":"WebPage","@id":"https:\/\/stickerdeco.fr\/it\/chi-siamo-stickers-made-in-france\/","url":"https:\/\/stickerdeco.fr\/it\/chi-siamo-stickers-made-in-france\/","name":"Stickers made in France - Chi siamo | StickerDeco.fr","isPartOf":{"@id":"https:\/\/stickerdeco.fr\/it\/#website"},"primaryImageOfPage":{"@id":"https:\/\/stickerdeco.fr\/it\/chi-siamo-stickers-made-in-france\/#primaryimage"},"image":{"@id":"https:\/\/stickerdeco.fr\/it\/chi-siamo-stickers-made-in-france\/#primaryimage"},"thumbnailUrl":"https:\/\/stickerdeco.fr\/wp-content\/uploads\/2016\/05\/slim-header-stickerdeco.jpg","datePublished":"2016-05-23T10:03:26+00:00","dateModified":"2026-02-28T12:24:27+00:00","description":"STICKER DECO.FR, la fabbrica di stickers made in France. Questo shop \u00e8 il frutto di un lavoro di squadra tra una PMI creata nel 2011, specializzata nella produzione di stickers per professionisti (veicoli, segnaletica, decorazione dei punti vendita, \u2026), e due imprenditori freelance. Questa collaborazione...","breadcrumb":{"@id":"https:\/\/stickerdeco.fr\/it\/chi-siamo-stickers-made-in-france\/#breadcrumb"},"inLanguage":"it-IT","potentialAction":[{"@type":"ReadAction","target":["https:\/\/stickerdeco.fr\/it\/chi-siamo-stickers-made-in-france\/"]}]},{"@type":"ImageObject","inLanguage":"it-IT","@id":"https:\/\/stickerdeco.fr\/it\/chi-siamo-stickers-made-in-france\/#primaryimage","url":"https:\/\/stickerdeco.fr\/wp-content\/uploads\/2016\/05\/slim-header-stickerdeco.jpg","contentUrl":"https:\/\/stickerdeco.fr\/wp-content\/uploads\/2016\/05\/slim-header-stickerdeco.jpg","width":1903,"height":136,"caption":"Sticker made in France | Stickerdeco.fr"},{"@type":"BreadcrumbList","@id":"https:\/\/stickerdeco.fr\/it\/chi-siamo-stickers-made-in-france\/#breadcrumb","itemListElement":[{"@type":"ListItem","position":1,"name":"Accueil","item":"https:\/\/stickerdeco.fr\/it\/"},{"@type":"ListItem","position":2,"name":"Chi siamo | Stickers made in France"}]},{"@type":"WebSite","@id":"https:\/\/stickerdeco.fr\/it\/#website","url":"https:\/\/stickerdeco.fr\/it\/","name":"Sticker Deco","description":"Le Sticker Made In France","publisher":{"@id":"https:\/\/stickerdeco.fr\/it\/#organization"},"potentialAction":[{"@type":"SearchAction","target":{"@type":"EntryPoint","urlTemplate":"https:\/\/stickerdeco.fr\/it\/?s={search_term_string}"},"query-input":{"@type":"PropertyValueSpecification","valueRequired":true,"valueName":"search_term_string"}}],"inLanguage":"it-IT"},{"@type":"Organization","@id":"https:\/\/stickerdeco.fr\/it\/#organization","name":"Sticker D\u00e9co","url":"https:\/\/stickerdeco.fr\/it\/","logo":{"@type":"ImageObject","inLanguage":"it-IT","@id":"https:\/\/stickerdeco.fr\/it\/#\/schema\/logo\/image\/","url":"https:\/\/stickerdeco.fr\/wp-content\/uploads\/1987\/05\/stickerdeco-logo-v2-carre.png","contentUrl":"https:\/\/stickerdeco.fr\/wp-content\/uploads\/1987\/05\/stickerdeco-logo-v2-carre.png","width":1000,"height":1000,"caption":"Sticker D\u00e9co"},"image":{"@id":"https:\/\/stickerdeco.fr\/it\/#\/schema\/logo\/image\/"},"sameAs":["https:\/\/www.facebook.com\/stickerdeco.fr\/","https:\/\/www.instagram.com\/stickerdecofr\/","https:\/\/www.pinterest.fr\/stickerdecofr\/","https:\/\/www.youtube.com\/StickerDeco"],"email":"contact@stickerdeco.fr","telephone":"0980809233","legalName":"Sticker D\u00e9co"}]}},"_links":{"self":[{"href":"https:\/\/stickerdeco.fr\/it\/wp-json\/wp\/v2\/pages\/117661","targetHints":{"allow":["GET"]}}],"collection":[{"href":"https:\/\/stickerdeco.fr\/it\/wp-json\/wp\/v2\/pages"}],"about":[{"href":"https:\/\/stickerdeco.fr\/it\/wp-json\/wp\/v2\/types\/page"}],"author":[{"embeddable":true,"href":"https:\/\/stickerdeco.fr\/it\/wp-json\/wp\/v2\/users\/1"}],"replies":[{"embeddable":true,"href":"https:\/\/stickerdeco.fr\/it\/wp-json\/wp\/v2\/comments?post=117661"}],"version-history":[{"count":334,"href":"https:\/\/stickerdeco.fr\/it\/wp-json\/wp\/v2\/pages\/117661\/revisions"}],"predecessor-version":[{"id":120952,"href":"https:\/\/stickerdeco.fr\/it\/wp-json\/wp\/v2\/pages\/117661\/revisions\/120952"}],"wp:featuredmedia":[{"embeddable":true,"href":"https:\/\/stickerdeco.fr\/it\/wp-json\/wp\/v2\/media\/117526"}],"wp:attachment":[{"href":"https:\/\/stickerdeco.fr\/it\/wp-json\/wp\/v2\/media?parent=117661"}],"curies":[{"name":"wp","href":"https:\/\/api.w.org\/{rel}","templated":true}]}}