{"id":117827,"date":"2023-10-18T16:34:19","date_gmt":"2023-10-18T14:34:19","guid":{"rendered":"https:\/\/stickerdeco.fr\/informativa-sulla-privacy\/"},"modified":"2026-02-28T10:40:45","modified_gmt":"2026-02-28T09:40:45","slug":"informativa-sulla-privacy","status":"publish","type":"page","link":"https:\/\/stickerdeco.fr\/it\/informativa-sulla-privacy\/","title":{"rendered":"Informativa sulla privacy"},"content":{"rendered":"&#13;\n<h2 class=\"wp-block-heading\">Chi siamo<\/h2>&#13;\n&#13;\n<p>L\u2019indirizzo del nostro sito \u00e8: https:\/\/stickerdeco.fr.<\/p>&#13;\n&#13;\n<h2 class=\"wp-block-heading\">Commenti<\/h2>&#13;\n&#13;\n<p>Quando lasci un commento sul nostro sito, i dati inseriti nel modulo dei commenti, cos\u00ec come il tuo indirizzo IP e lo user agent del browser, vengono raccolti per aiutarci a rilevare i commenti indesiderati.<\/p>&#13;\n&#13;\n<h2 class=\"wp-block-heading\">Media<\/h2>&#13;\n&#13;\n<p>Se carichi immagini sul sito, ti consigliamo di evitare di caricare immagini contenenti dati EXIF con coordinate GPS. I visitatori del sito possono scaricare ed estrarre dati sulla posizione da queste immagini.<\/p>&#13;\n&#13;\n<h2 class=\"wp-block-heading\">Cookie<\/h2>&#13;\n&#13;\n<p>Se lasci un commento sul nostro sito, ti verr\u00e0 proposto di salvare nome, indirizzo email e sito web nei cookie. \u00c8 solo per tua comodit\u00e0, cos\u00ec non dovrai reinserire questi dati se in seguito lasci un altro commento. Questi cookie scadono dopo un anno.<\/p>&#13;\n&#13;\n<p>Se visiti la pagina di accesso, verr\u00e0 creato un cookie temporaneo per determinare se il tuo browser accetta i cookie. Non contiene dati personali e verr\u00e0 eliminato automaticamente alla chiusura del browser.<\/p>&#13;\n&#13;\n<p>Quando effettui l\u2019accesso, imposteremo alcuni cookie per salvare le tue informazioni di login e le preferenze di visualizzazione. La durata di un cookie di login \u00e8 di due giorni, quella di un cookie per le opzioni di visualizzazione \u00e8 di un anno. Se selezioni \u00abRicordami\u00bb, il cookie di login verr\u00e0 conservato per due settimane. Se esci dal tuo account, il cookie di login verr\u00e0 rimosso.<\/p>&#13;\n&#13;\n<p>Modificando o pubblicando un articolo, un cookie aggiuntivo verr\u00e0 salvato nel tuo browser. Questo cookie non include dati personali. Indica semplicemente l\u2019ID dell\u2019articolo che hai appena modificato. Scade dopo un giorno.<\/p>&#13;\n&#13;\n<h2 class=\"wp-block-heading\">Contenuti incorporati da altri siti web<\/h2>&#13;\n&#13;\n<p>Gli articoli di questo sito possono includere contenuti incorporati (ad esempio video, immagini, articoli\u2026). I contenuti incorporati da altri siti web si comportano esattamente come se il visitatore avesse visitato l\u2019altro sito.<\/p>&#13;\n&#13;\n<p>Questi siti web potrebbero raccogliere dati su di te, usare cookie, incorporare strumenti di tracciamento di terze parti e monitorare le tue interazioni con quei contenuti incorporati se hai un account e hai effettuato l\u2019accesso al loro sito web.<\/p>&#13;\n&#13;\n<h2 class=\"wp-block-heading\">Utilizzo e trasmissione dei tuoi dati personali<\/h2>&#13;\n&#13;\n<p>Se richiedi la reimpostazione della password, il tuo indirizzo IP sar\u00e0 incluso nell\u2019email di reimpostazione.<\/p>&#13;\n&#13;\n<h2 class=\"wp-block-heading\">Per quanto tempo conserviamo i tuoi dati<\/h2>&#13;\n&#13;\n<p>Se lasci un commento, il commento e i relativi metadati vengono conservati a tempo indeterminato. Questo ci permette di riconoscere e approvare automaticamente i commenti successivi, invece di lasciarli in coda di moderazione.<\/p>&#13;\n&#13;\n<p>Per gli utenti che si registrano sul nostro sito (se presenti), memorizziamo anche le informazioni personali indicate nel loro profilo. Tutti gli utenti possono vedere, modificare o eliminare le proprie informazioni personali in qualsiasi momento (ad eccezione del nome utente). Anche gli amministratori del sito possono vedere e modificare tali informazioni.<\/p>&#13;\n&#13;\n<h2 class=\"wp-block-heading\">Quali diritti hai sui tuoi dati<\/h2>&#13;\n&#13;\n<p>Se hai un account o hai lasciato commenti sul sito, puoi richiedere di ricevere un file esportato con tutti i dati personali che possediamo su di te, inclusi quelli che ci hai fornito. Puoi anche richiedere la cancellazione dei dati personali che ti riguardano. Ci\u00f2 non include i dati che siamo obbligati a conservare per finalit\u00e0 amministrative, legali o di sicurezza.<\/p>&#13;\n&#13;\n<h2 class=\"wp-block-heading\">Dove vengono inviati i tuoi dati<\/h2>&#13;\n&#13;\n<p>I commenti dei visitatori possono essere controllati tramite un servizio automatizzato di rilevamento dello spam.<\/p>&#13;\n","protected":false},"excerpt":{"rendered":"<p>&#13; Chi siamo &#13; &#13; L\u2019indirizzo del nostro sito \u00e8: https:\/\/stickerdeco.fr. &#13; &#13; Commenti &#13;&#8230;<\/p>\n","protected":false},"author":1,"featured_media":0,"parent":0,"menu_order":0,"comment_status":"closed","ping_status":"closed","template":"","meta":{"footnotes":""},"class_list":["post-117827","page","type-page","status-publish","hentry"],"yoast_head":"<!-- This site is optimized with the Yoast SEO Premium plugin v27.3 (Yoast SEO v27.3) - https:\/\/yoast.com\/product\/yoast-seo-premium-wordpress\/ -->\n<title>Informativa sulla privacy - Sticker Deco<\/title>\n<meta name=\"description\" content=\"Questa pagina descrive l\u2019informativa sulla privacy sul sito Sticker D\u00e9co.\" \/>\n<meta name=\"robots\" content=\"index, follow, max-snippet:-1, max-image-preview:large, max-video-preview:-1\" \/>\n<link rel=\"canonical\" href=\"https:\/\/stickerdeco.fr\/it\/informativa-sulla-privacy\/\" \/>\n<meta property=\"og:locale\" content=\"it_IT\" \/>\n<meta property=\"og:type\" content=\"article\" \/>\n<meta property=\"og:title\" content=\"Informativa sulla privacy\" \/>\n<meta property=\"og:description\" content=\"Questa pagina descrive l\u2019informativa sulla privacy sul sito Sticker D\u00e9co.\" \/>\n<meta property=\"og:url\" content=\"https:\/\/stickerdeco.fr\/it\/informativa-sulla-privacy\/\" \/>\n<meta property=\"og:site_name\" content=\"Sticker Deco\" \/>\n<meta property=\"article:publisher\" content=\"https:\/\/www.facebook.com\/stickerdeco.fr\/\" \/>\n<meta property=\"article:modified_time\" content=\"2026-02-28T09:40:45+00:00\" \/>\n<meta property=\"og:image\" content=\"https:\/\/stickerdeco.fr\/wp-content\/uploads\/2020\/02\/facebook-stickerdeco-madeinfrance-2020.jpg\" \/>\n\t<meta property=\"og:image:width\" content=\"820\" \/>\n\t<meta property=\"og:image:height\" content=\"312\" \/>\n\t<meta property=\"og:image:type\" content=\"image\/png\" \/>\n<meta name=\"twitter:card\" content=\"summary_large_image\" \/>\n<meta name=\"twitter:label1\" content=\"Tempo di lettura stimato\" \/>\n\t<meta name=\"twitter:data1\" content=\"3 minuto\" \/>\n<script type=\"application\/ld+json\" class=\"yoast-schema-graph\">{\"@context\":\"https:\\\/\\\/schema.org\",\"@graph\":[{\"@type\":\"WebPage\",\"@id\":\"https:\\\/\\\/stickerdeco.fr\\\/it\\\/informativa-sulla-privacy\\\/\",\"url\":\"https:\\\/\\\/stickerdeco.fr\\\/it\\\/informativa-sulla-privacy\\\/\",\"name\":\"Informativa sulla privacy - Sticker Deco\",\"isPartOf\":{\"@id\":\"https:\\\/\\\/stickerdeco.fr\\\/it\\\/#website\"},\"datePublished\":\"2023-10-18T14:34:19+00:00\",\"dateModified\":\"2026-02-28T09:40:45+00:00\",\"description\":\"Questa pagina descrive l\u2019informativa sulla privacy sul sito Sticker D\u00e9co.\",\"breadcrumb\":{\"@id\":\"https:\\\/\\\/stickerdeco.fr\\\/it\\\/informativa-sulla-privacy\\\/#breadcrumb\"},\"inLanguage\":\"it-IT\",\"potentialAction\":[{\"@type\":\"ReadAction\",\"target\":[\"https:\\\/\\\/stickerdeco.fr\\\/it\\\/informativa-sulla-privacy\\\/\"]}]},{\"@type\":\"BreadcrumbList\",\"@id\":\"https:\\\/\\\/stickerdeco.fr\\\/it\\\/informativa-sulla-privacy\\\/#breadcrumb\",\"itemListElement\":[{\"@type\":\"ListItem\",\"position\":1,\"name\":\"Accueil\",\"item\":\"https:\\\/\\\/stickerdeco.fr\\\/it\\\/\"},{\"@type\":\"ListItem\",\"position\":2,\"name\":\"Informativa sulla privacy\"}]},{\"@type\":\"WebSite\",\"@id\":\"https:\\\/\\\/stickerdeco.fr\\\/it\\\/#website\",\"url\":\"https:\\\/\\\/stickerdeco.fr\\\/it\\\/\",\"name\":\"Sticker Deco\",\"description\":\"Le Sticker Made In France\",\"publisher\":{\"@id\":\"https:\\\/\\\/stickerdeco.fr\\\/it\\\/#organization\"},\"potentialAction\":[{\"@type\":\"SearchAction\",\"target\":{\"@type\":\"EntryPoint\",\"urlTemplate\":\"https:\\\/\\\/stickerdeco.fr\\\/it\\\/?s={search_term_string}\"},\"query-input\":{\"@type\":\"PropertyValueSpecification\",\"valueRequired\":true,\"valueName\":\"search_term_string\"}}],\"inLanguage\":\"it-IT\"},{\"@type\":\"Organization\",\"@id\":\"https:\\\/\\\/stickerdeco.fr\\\/it\\\/#organization\",\"name\":\"Sticker D\u00e9co\",\"url\":\"https:\\\/\\\/stickerdeco.fr\\\/it\\\/\",\"logo\":{\"@type\":\"ImageObject\",\"inLanguage\":\"it-IT\",\"@id\":\"https:\\\/\\\/stickerdeco.fr\\\/it\\\/#\\\/schema\\\/logo\\\/image\\\/\",\"url\":\"https:\\\/\\\/stickerdeco.fr\\\/wp-content\\\/uploads\\\/1987\\\/05\\\/stickerdeco-logo-v2-carre.png\",\"contentUrl\":\"https:\\\/\\\/stickerdeco.fr\\\/wp-content\\\/uploads\\\/1987\\\/05\\\/stickerdeco-logo-v2-carre.png\",\"width\":1000,\"height\":1000,\"caption\":\"Sticker D\u00e9co\"},\"image\":{\"@id\":\"https:\\\/\\\/stickerdeco.fr\\\/it\\\/#\\\/schema\\\/logo\\\/image\\\/\"},\"sameAs\":[\"https:\\\/\\\/www.facebook.com\\\/stickerdeco.fr\\\/\",\"https:\\\/\\\/www.instagram.com\\\/stickerdecofr\\\/\",\"https:\\\/\\\/www.pinterest.fr\\\/stickerdecofr\\\/\",\"https:\\\/\\\/www.youtube.com\\\/StickerDeco\"],\"email\":\"contact@stickerdeco.fr\",\"telephone\":\"0980809233\",\"legalName\":\"Sticker D\u00e9co\"}]}<\/script>\n<!-- \/ Yoast SEO Premium plugin. -->","yoast_head_json":{"title":"Informativa sulla privacy - Sticker Deco","description":"Questa pagina descrive l\u2019informativa sulla privacy sul sito Sticker D\u00e9co.","robots":{"index":"index","follow":"follow","max-snippet":"max-snippet:-1","max-image-preview":"max-image-preview:large","max-video-preview":"max-video-preview:-1"},"canonical":"https:\/\/stickerdeco.fr\/it\/informativa-sulla-privacy\/","og_locale":"it_IT","og_type":"article","og_title":"Informativa sulla privacy","og_description":"Questa pagina descrive l\u2019informativa sulla privacy sul sito Sticker D\u00e9co.","og_url":"https:\/\/stickerdeco.fr\/it\/informativa-sulla-privacy\/","og_site_name":"Sticker Deco","article_publisher":"https:\/\/www.facebook.com\/stickerdeco.fr\/","article_modified_time":"2026-02-28T09:40:45+00:00","og_image":[{"width":820,"height":312,"url":"https:\/\/stickerdeco.fr\/wp-content\/uploads\/2020\/02\/facebook-stickerdeco-madeinfrance-2020.jpg","type":"image\/png"}],"twitter_card":"summary_large_image","twitter_misc":{"Tempo di lettura stimato":"3 minuto"},"schema":{"@context":"https:\/\/schema.org","@graph":[{"@type":"WebPage","@id":"https:\/\/stickerdeco.fr\/it\/informativa-sulla-privacy\/","url":"https:\/\/stickerdeco.fr\/it\/informativa-sulla-privacy\/","name":"Informativa sulla privacy - Sticker Deco","isPartOf":{"@id":"https:\/\/stickerdeco.fr\/it\/#website"},"datePublished":"2023-10-18T14:34:19+00:00","dateModified":"2026-02-28T09:40:45+00:00","description":"Questa pagina descrive l\u2019informativa sulla privacy sul sito Sticker D\u00e9co.","breadcrumb":{"@id":"https:\/\/stickerdeco.fr\/it\/informativa-sulla-privacy\/#breadcrumb"},"inLanguage":"it-IT","potentialAction":[{"@type":"ReadAction","target":["https:\/\/stickerdeco.fr\/it\/informativa-sulla-privacy\/"]}]},{"@type":"BreadcrumbList","@id":"https:\/\/stickerdeco.fr\/it\/informativa-sulla-privacy\/#breadcrumb","itemListElement":[{"@type":"ListItem","position":1,"name":"Accueil","item":"https:\/\/stickerdeco.fr\/it\/"},{"@type":"ListItem","position":2,"name":"Informativa sulla privacy"}]},{"@type":"WebSite","@id":"https:\/\/stickerdeco.fr\/it\/#website","url":"https:\/\/stickerdeco.fr\/it\/","name":"Sticker Deco","description":"Le Sticker Made In France","publisher":{"@id":"https:\/\/stickerdeco.fr\/it\/#organization"},"potentialAction":[{"@type":"SearchAction","target":{"@type":"EntryPoint","urlTemplate":"https:\/\/stickerdeco.fr\/it\/?s={search_term_string}"},"query-input":{"@type":"PropertyValueSpecification","valueRequired":true,"valueName":"search_term_string"}}],"inLanguage":"it-IT"},{"@type":"Organization","@id":"https:\/\/stickerdeco.fr\/it\/#organization","name":"Sticker D\u00e9co","url":"https:\/\/stickerdeco.fr\/it\/","logo":{"@type":"ImageObject","inLanguage":"it-IT","@id":"https:\/\/stickerdeco.fr\/it\/#\/schema\/logo\/image\/","url":"https:\/\/stickerdeco.fr\/wp-content\/uploads\/1987\/05\/stickerdeco-logo-v2-carre.png","contentUrl":"https:\/\/stickerdeco.fr\/wp-content\/uploads\/1987\/05\/stickerdeco-logo-v2-carre.png","width":1000,"height":1000,"caption":"Sticker D\u00e9co"},"image":{"@id":"https:\/\/stickerdeco.fr\/it\/#\/schema\/logo\/image\/"},"sameAs":["https:\/\/www.facebook.com\/stickerdeco.fr\/","https:\/\/www.instagram.com\/stickerdecofr\/","https:\/\/www.pinterest.fr\/stickerdecofr\/","https:\/\/www.youtube.com\/StickerDeco"],"email":"contact@stickerdeco.fr","telephone":"0980809233","legalName":"Sticker D\u00e9co"}]}},"_links":{"self":[{"href":"https:\/\/stickerdeco.fr\/it\/wp-json\/wp\/v2\/pages\/117827","targetHints":{"allow":["GET"]}}],"collection":[{"href":"https:\/\/stickerdeco.fr\/it\/wp-json\/wp\/v2\/pages"}],"about":[{"href":"https:\/\/stickerdeco.fr\/it\/wp-json\/wp\/v2\/types\/page"}],"author":[{"embeddable":true,"href":"https:\/\/stickerdeco.fr\/it\/wp-json\/wp\/v2\/users\/1"}],"replies":[{"embeddable":true,"href":"https:\/\/stickerdeco.fr\/it\/wp-json\/wp\/v2\/comments?post=117827"}],"version-history":[{"count":1,"href":"https:\/\/stickerdeco.fr\/it\/wp-json\/wp\/v2\/pages\/117827\/revisions"}],"predecessor-version":[{"id":117828,"href":"https:\/\/stickerdeco.fr\/it\/wp-json\/wp\/v2\/pages\/117827\/revisions\/117828"}],"wp:attachment":[{"href":"https:\/\/stickerdeco.fr\/it\/wp-json\/wp\/v2\/media?parent=117827"}],"curies":[{"name":"wp","href":"https:\/\/api.w.org\/{rel}","templated":true}]}}