{"id":124659,"date":"2023-12-12T08:48:18","date_gmt":"2023-12-12T07:48:18","guid":{"rendered":"https:\/\/stickerdeco.fr\/produit\/adesivi-per-porte-sassi-astratti\/"},"modified":"2026-03-06T01:41:56","modified_gmt":"2026-03-06T00:41:56","slug":"adesivi-per-porte-sassi-astratti","status":"publish","type":"product","link":"https:\/\/stickerdeco.fr\/it\/produit\/adesivi-per-porte-sassi-astratti\/","title":{"rendered":"Adesivi per porte Sassi astratti"},"content":{"rendered":"<div class=\"wpb-content-wrapper\"><p>[vc_row][vc_column][vc_column_text]<\/p>\n<h2><span style=\"font-size: 14pt;\"><strong>Il Adesivi per porte Sassi astratti<\/strong><\/span><\/h2>\n<p><span style=\"font-size: 11pt;\">Vuoi cambiare la <strong>decorazione<\/strong> della tua casa? Allora questo magnifico <strong>Adesivi per porte Sassi astratti<\/strong> fa per te! Senza dubbio questo <strong>Adesivi per porte Sassi astratti<\/strong> ti soddisfer\u00e0 grazie al nostro adesivo murale in vinile di alta qualit\u00e0. \u00c8 <strong>facile da applicare<\/strong>. Con questo adesivo, <strong>personalizzare i tuoi interni<\/strong> \u00e8 finalmente alla portata di tutti.<\/span><\/p>\n<p><span style=\"font-size: 11pt;\">Ogni elemento di <strong>decorazione murale<\/strong> \u00e8 indipendente e <strong>pu\u00f2 essere applicato separatamente<\/strong>. Hai quindi il massimo delle possibilit\u00e0 per posare il tuo <strong>adesivo murale<\/strong>: lascia parlare il tuo spirito da <strong>decoratore<\/strong>!<\/span><\/p>\n<h3><span style=\"font-size: 14pt;\"><strong>Adesivi per porte<\/strong><\/span><\/h3>\n<p><span style=\"font-size: 11pt;\">Vuoi uno stile unico per la decorazione delle tue porte? Allora questo <strong>Adesivi per porte Sassi astratti<\/strong> fa per te! Non c\u2019\u00e8 dubbio che questo <strong>Adesivi per porte Sassi astratti<\/strong> ti piacer\u00e0. \u00c8 <strong>facile da applicare<\/strong>, un vero gioco da ragazzi!<\/span><\/p>\n<p><span style=\"font-size: 11pt;\">I nostri <strong>adesivi per porte<\/strong> vengono consegnati in un unico pannello, cio\u00e8 in un solo pezzo. Risultato: nessuna giunzione necessaria per una posa facile! Utilizzando gli <a href=\"https:\/\/stickerdeco.fr\/it\/cat\/sticker-porta\/\"><strong>adesivi per porte<\/strong><\/a>, otterrai una <strong>decorazione originale<\/strong> e personalizzata per i tuoi interni.<\/span><\/p>\n<p><span style=\"font-size: 11pt;\">Sono disponibili molti stili e design sullo shop Sticker D\u00e9co. Che si tratti di un effetto 3D, di una <a href=\"https:\/\/stickerdeco.fr\/it\/tag\/adesivi-effetto-legno\/\">imitazione legno<\/a> o di una porta in acciaio, la tua porta avr\u00e0 sicuramente un sorprendente effetto <a href=\"https:\/\/stickerdeco.fr\/it\/tag\/adesivi-trompe-loeil\/\"><strong>trompe\u2011l\u2019\u0153il<\/strong><\/a>.<\/span><\/p>\n<h3><span style=\"font-size: 14pt;\"><strong>Un adesivo di altissima qualit\u00e0<\/strong><\/span><\/h3>\n<p><span style=\"font-size: 11pt;\">Stampiamo i nostri <strong>adesivi murali<\/strong> in quadricromia HQ su vinile adesivo polimerico <strong>resistente<\/strong> con colla strutturata. Questa tecnologia <strong>all\u2019avanguardia<\/strong> garantisce una tenuta eccellente nel tempo (colla polimerica) e una <strong>posa senza bolle<\/strong> (colla strutturata). L\u2019<strong>adesivo<\/strong> resta comunque relativamente sottile, con uno <strong>spessore inferiore a 0,2 mm<\/strong> (180 \u00b5m).<\/span><\/p>\n<h3><span style=\"font-size: 14pt;\"><strong>Come decorare la casa?<\/strong><\/span><\/h3>\n<p><span style=\"font-size: 11pt;\">Ti piace questo <strong>Adesivi per porte Sassi astratti<\/strong>? Sei un fan della <strong>decorazione murale<\/strong> e vuoi coordinare le stanze? Allora completa la tua decorazione con i nostri <a href=\"\/?product_cat=sticker-salle-de-bains\"><strong>adesivi per bagno<\/strong><\/a>, <a href=\"\/?product_cat=sticker-salon\"><strong>adesivi per soggiorno<\/strong><\/a>, <a href=\"https:\/\/stickerdeco.fr\/it\/cat\/sticker-murali\/sticker-cucina\/\"><strong>adesivi per cucina<\/strong><\/a> o i nostri <a href=\"https:\/\/stickerdeco.fr\/it\/cat\/sticker-murali\/sticker-camera-adulti\/\"><strong>adesivi per camera<\/strong><\/a>.<\/span><\/p>\n<h3><span style=\"font-size: 14pt;\"><strong><a href=\"https:\/\/www.stickerdeco.fr\/\">StickerDeco.fr<\/a> \u00e8 migliaia di prodotti!<\/strong><\/span><\/h3>\n<p><span style=\"font-size: 11pt;\">Realizzata nei nostri locali in \u00cele\u2011de\u2011France, la stampa degli adesivi \u00e8 <strong>Made in France<\/strong>. Scegli il tuo tra le categorie <a href=\"\/?product_cat=stickers-muraux-animaux\"><strong>:<\/strong><\/a><\/span><\/p>\n<ul>\n<li><span style=\"font-size: 11pt;\"><a href=\"\/?product_cat=stickers-muraux-animaux\"><strong>Adesivi Animali<\/strong><\/a>, <\/span><\/li>\n<li><span style=\"font-size: 11pt;\"><strong><a href=\"\/?product_cat=stickers-muraux-fleurs\">Adesivi Fiori<\/a><\/strong>, <\/span><\/li>\n<li><span style=\"font-size: 11pt;\"><strong><a href=\"\/?product_cat=stickers-muraux-mangas-et-cartoons\">Adesivi Manga<\/a><\/strong> e molto altro!<\/span><\/li>\n<\/ul>\n<p><span style=\"font-size: 14pt; color: #d64444;\"><strong>ADESIVO DI ALTISSIMA QUALIT\u00c0 = APPLICAZIONE FACILE, GARANZIA SENZA BOLLE<\/strong><\/span>[\/vc_column_text][\/vc_column][\/vc_row]<\/p>\n<\/div>","protected":false},"excerpt":{"rendered":"<p>Trasforma la tua porta in una tela astratta con gli <strong>Adesivi per porte Sassi astratti<\/strong>.<\/p>\n<p>Ispirati a forme organiche, gli <strong>Adesivi per porte Sassi astratti<\/strong> presentano motivi che richiamano ciottoli in delicate tonalit\u00e0 di rosa, blu e nude, valorizzati da sottili linee nere. Ideali per creare un\u2019atmosfera zen e artistica, si abbinano a un arredo essenziale o contemporaneo.<\/p>\n<p><strong>Caratteristiche del prodotto:<\/strong><\/p>\n<ul class=\"product-short-desc-list\">\n<li>Adesivi per porte: applicazione facile e senza bolle<\/li>\n<li>Consegnato in un unico pezzo: nessun assemblaggio laborioso o incollaggio aggiuntivo<\/li>\n<li>Superficie laminata con finitura opaca: aspetto elegante, bassa riflessione e grande durata<\/li>\n<li>Adatto a superfici lisce (porte verniciate\/laminate, plastica, vetro, ecc.)<\/li>\n<li>Facile da pulire, lavabile e resistente agli schizzi<\/li>\n<li>Euroclasse B-s1,d0 (equiv. M1 in Francia)<\/li>\n<li>Stampa ecologica UL ECOLOGO\u00ae e UL GREENGUARD Gold: basse emissioni e senza odori, adatta ad ambienti interni sensibili<\/li>\n<\/ul>\n<p><span style=\"color: #d64444;\"><strong>Diverse misure disponibili per adattarsi a tutte le tue porte (su misura su richiesta).<\/strong><\/span><\/p>\n<hr \/>\n","protected":false},"featured_media":124663,"template":"","meta":[],"product_brand":[],"product_cat":[4587,4588,4613,4615,4591],"product_tag":[6834,6998,6800,6801,6803,6987,6983,6992,6806,6804,6805,6802],"class_list":{"0":"post-124659","1":"product","2":"type-product","3":"status-publish","4":"has-post-thumbnail","6":"product_cat-sticker-camera-adulti","7":"product_cat-sticker-cameretta-bambini","8":"product_cat-sticker-cameretta-neonato","9":"product_cat-sticker-porta","10":"product_cat-sticker-soggiorno","11":"product_tag-adesivi-astratti","12":"product_tag-adesivi-forme","13":"product_tag-adesivi-per-porta-63-x-204-cm","14":"product_tag-adesivi-per-porta-73-x-204-cm","15":"product_tag-adesivi-per-porta-93-x-204-cm","16":"product_tag-adesivi-porta-arte","17":"product_tag-adesivi-porta-astrattie","18":"product_tag-adesivi-porta-bagno","19":"product_tag-adesivi-porta-chambre","20":"product_tag-adesivi-porta-cucina","21":"product_tag-adesivi-porta-salon","22":"product_tag-stickers-porta-83-x-204-cm","24":"first","25":"instock","26":"sale","27":"taxable","28":"shipping-taxable","29":"purchasable","30":"product-type-variable","31":"has-default-attributes"},"etheme_brands":{"errors":{"invalid_taxonomy":["Tassonomia non valida."]},"error_data":[]},"yoast_head":"<!-- This site is optimized with the Yoast SEO Premium plugin v27.3 (Yoast SEO v27.3) - https:\/\/yoast.com\/product\/yoast-seo-premium-wordpress\/ -->\n<title>Adesivi per porte Sassi astratti | Adesivi per porte | StickerDeco.fr<\/title>\n<meta name=\"description\" content=\"Valorizza la tua porta con gli Adesivi per porte Sassi astratti, un motivo zen dai colori rilassanti e dal design essenziale per un\u2019atmosfera moderna.\" \/>\n<meta name=\"robots\" content=\"index, follow, max-snippet:-1, max-image-preview:large, max-video-preview:-1\" \/>\n<link rel=\"canonical\" href=\"https:\/\/stickerdeco.fr\/it\/produit\/adesivi-per-porte-sassi-astratti\/\" \/>\n<meta property=\"og:locale\" content=\"it_IT\" \/>\n<meta property=\"og:type\" content=\"article\" \/>\n<meta property=\"og:title\" content=\"Adesivi per porte Sassi astratti\" \/>\n<meta property=\"og:description\" content=\"Valorizza la tua porta con gli Adesivi per porte Sassi astratti, un motivo zen dai colori rilassanti e dal design essenziale per un\u2019atmosfera moderna.\" \/>\n<meta property=\"og:url\" content=\"https:\/\/stickerdeco.fr\/it\/produit\/adesivi-per-porte-sassi-astratti\/\" \/>\n<meta property=\"og:site_name\" content=\"Sticker Deco\" \/>\n<meta property=\"article:publisher\" content=\"https:\/\/www.facebook.com\/stickerdeco.fr\/\" \/>\n<meta property=\"article:modified_time\" content=\"2026-03-06T00:41:56+00:00\" \/>\n<meta property=\"og:image\" content=\"https:\/\/stickerdeco.fr\/wp-content\/uploads\/2023\/12\/sticker-porte-cailloux-abstraits-04.jpg\" \/>\n\t<meta property=\"og:image:width\" content=\"1000\" \/>\n\t<meta property=\"og:image:height\" content=\"1000\" \/>\n\t<meta property=\"og:image:type\" content=\"image\/jpeg\" \/>\n<meta name=\"twitter:card\" content=\"summary_large_image\" \/>\n<meta name=\"twitter:label1\" content=\"Disponibilit\u00e0\" \/>\n\t<meta name=\"twitter:data1\" content=\"In stock\" \/>\n<script type=\"application\/ld+json\" class=\"yoast-schema-graph\">{\"@context\":\"https:\\\/\\\/schema.org\",\"@graph\":[{\"@type\":\"WebPage\",\"@id\":\"https:\\\/\\\/stickerdeco.fr\\\/it\\\/produit\\\/adesivi-per-porte-sassi-astratti\\\/\",\"url\":\"https:\\\/\\\/stickerdeco.fr\\\/it\\\/produit\\\/adesivi-per-porte-sassi-astratti\\\/\",\"name\":\"Adesivi per porte Sassi astratti | Adesivi per porte | StickerDeco.fr\",\"isPartOf\":{\"@id\":\"https:\\\/\\\/stickerdeco.fr\\\/it\\\/#website\"},\"primaryImageOfPage\":{\"@id\":\"https:\\\/\\\/stickerdeco.fr\\\/it\\\/produit\\\/adesivi-per-porte-sassi-astratti\\\/#primaryimage\"},\"image\":{\"@id\":\"https:\\\/\\\/stickerdeco.fr\\\/it\\\/produit\\\/adesivi-per-porte-sassi-astratti\\\/#primaryimage\"},\"thumbnailUrl\":\"https:\\\/\\\/stickerdeco.fr\\\/wp-content\\\/uploads\\\/2023\\\/12\\\/sticker-porte-cailloux-abstraits-04.jpg\",\"datePublished\":\"2023-12-12T07:48:18+00:00\",\"dateModified\":\"2026-03-06T00:41:56+00:00\",\"description\":\"Valorizza la tua porta con gli Adesivi per porte Sassi astratti, un motivo zen dai colori rilassanti e dal design essenziale per un\u2019atmosfera moderna.\",\"breadcrumb\":{\"@id\":\"https:\\\/\\\/stickerdeco.fr\\\/it\\\/produit\\\/adesivi-per-porte-sassi-astratti\\\/#breadcrumb\"},\"inLanguage\":\"it-IT\",\"potentialAction\":[{\"@type\":\"ReadAction\",\"target\":[\"https:\\\/\\\/stickerdeco.fr\\\/it\\\/produit\\\/adesivi-per-porte-sassi-astratti\\\/\"]}]},{\"@type\":\"ImageObject\",\"inLanguage\":\"it-IT\",\"@id\":\"https:\\\/\\\/stickerdeco.fr\\\/it\\\/produit\\\/adesivi-per-porte-sassi-astratti\\\/#primaryimage\",\"url\":\"https:\\\/\\\/stickerdeco.fr\\\/wp-content\\\/uploads\\\/2023\\\/12\\\/sticker-porte-cailloux-abstraits-04.jpg\",\"contentUrl\":\"https:\\\/\\\/stickerdeco.fr\\\/wp-content\\\/uploads\\\/2023\\\/12\\\/sticker-porte-cailloux-abstraits-04.jpg\",\"width\":1000,\"height\":1000,\"caption\":\"Adesivi per porte Sassi astratti\"},{\"@type\":\"BreadcrumbList\",\"@id\":\"https:\\\/\\\/stickerdeco.fr\\\/it\\\/produit\\\/adesivi-per-porte-sassi-astratti\\\/#breadcrumb\",\"itemListElement\":[{\"@type\":\"ListItem\",\"position\":1,\"name\":\"Accueil\",\"item\":\"https:\\\/\\\/stickerdeco.fr\\\/it\\\/\"},{\"@type\":\"ListItem\",\"position\":2,\"name\":\"Negozio\",\"item\":\"https:\\\/\\\/stickerdeco.fr\\\/boutique\\\/\"},{\"@type\":\"ListItem\",\"position\":3,\"name\":\"Adesivi per porte Sassi astratti\"}]},{\"@type\":\"WebSite\",\"@id\":\"https:\\\/\\\/stickerdeco.fr\\\/it\\\/#website\",\"url\":\"https:\\\/\\\/stickerdeco.fr\\\/it\\\/\",\"name\":\"Sticker Deco\",\"description\":\"Le Sticker Made In France\",\"publisher\":{\"@id\":\"https:\\\/\\\/stickerdeco.fr\\\/it\\\/#organization\"},\"potentialAction\":[{\"@type\":\"SearchAction\",\"target\":{\"@type\":\"EntryPoint\",\"urlTemplate\":\"https:\\\/\\\/stickerdeco.fr\\\/it\\\/?s={search_term_string}\"},\"query-input\":{\"@type\":\"PropertyValueSpecification\",\"valueRequired\":true,\"valueName\":\"search_term_string\"}}],\"inLanguage\":\"it-IT\"},{\"@type\":\"Organization\",\"@id\":\"https:\\\/\\\/stickerdeco.fr\\\/it\\\/#organization\",\"name\":\"Sticker D\u00e9co\",\"url\":\"https:\\\/\\\/stickerdeco.fr\\\/it\\\/\",\"logo\":{\"@type\":\"ImageObject\",\"inLanguage\":\"it-IT\",\"@id\":\"https:\\\/\\\/stickerdeco.fr\\\/it\\\/#\\\/schema\\\/logo\\\/image\\\/\",\"url\":\"https:\\\/\\\/stickerdeco.fr\\\/wp-content\\\/uploads\\\/1987\\\/05\\\/stickerdeco-logo-v2-carre.png\",\"contentUrl\":\"https:\\\/\\\/stickerdeco.fr\\\/wp-content\\\/uploads\\\/1987\\\/05\\\/stickerdeco-logo-v2-carre.png\",\"width\":1000,\"height\":1000,\"caption\":\"Sticker D\u00e9co\"},\"image\":{\"@id\":\"https:\\\/\\\/stickerdeco.fr\\\/it\\\/#\\\/schema\\\/logo\\\/image\\\/\"},\"sameAs\":[\"https:\\\/\\\/www.facebook.com\\\/stickerdeco.fr\\\/\",\"https:\\\/\\\/www.instagram.com\\\/stickerdecofr\\\/\",\"https:\\\/\\\/www.pinterest.fr\\\/stickerdecofr\\\/\",\"https:\\\/\\\/www.youtube.com\\\/StickerDeco\"],\"email\":\"contact@stickerdeco.fr\",\"telephone\":\"0980809233\",\"legalName\":\"Sticker D\u00e9co\"}]}<\/script>\n<meta property=\"og:availability\" content=\"instock\" \/>\n<meta property=\"product:availability\" content=\"instock\" \/>\n<meta property=\"product:condition\" content=\"new\" \/>\n<!-- \/ Yoast SEO Premium plugin. -->","yoast_head_json":{"title":"Adesivi per porte Sassi astratti | Adesivi per porte | StickerDeco.fr","description":"Valorizza la tua porta con gli Adesivi per porte Sassi astratti, un motivo zen dai colori rilassanti e dal design essenziale per un\u2019atmosfera moderna.","robots":{"index":"index","follow":"follow","max-snippet":"max-snippet:-1","max-image-preview":"max-image-preview:large","max-video-preview":"max-video-preview:-1"},"canonical":"https:\/\/stickerdeco.fr\/it\/produit\/adesivi-per-porte-sassi-astratti\/","og_locale":"it_IT","og_type":"article","og_title":"Adesivi per porte Sassi astratti","og_description":"Valorizza la tua porta con gli Adesivi per porte Sassi astratti, un motivo zen dai colori rilassanti e dal design essenziale per un\u2019atmosfera moderna.","og_url":"https:\/\/stickerdeco.fr\/it\/produit\/adesivi-per-porte-sassi-astratti\/","og_site_name":"Sticker Deco","article_publisher":"https:\/\/www.facebook.com\/stickerdeco.fr\/","article_modified_time":"2026-03-06T00:41:56+00:00","og_image":[{"width":1000,"height":1000,"url":"https:\/\/stickerdeco.fr\/wp-content\/uploads\/2023\/12\/sticker-porte-cailloux-abstraits-04.jpg","type":"image\/jpeg"}],"twitter_card":"summary_large_image","twitter_misc":{"Disponibilit\u00e0":"In stock"},"schema":{"@context":"https:\/\/schema.org","@graph":[{"@type":"WebPage","@id":"https:\/\/stickerdeco.fr\/it\/produit\/adesivi-per-porte-sassi-astratti\/","url":"https:\/\/stickerdeco.fr\/it\/produit\/adesivi-per-porte-sassi-astratti\/","name":"Adesivi per porte Sassi astratti | Adesivi per porte | StickerDeco.fr","isPartOf":{"@id":"https:\/\/stickerdeco.fr\/it\/#website"},"primaryImageOfPage":{"@id":"https:\/\/stickerdeco.fr\/it\/produit\/adesivi-per-porte-sassi-astratti\/#primaryimage"},"image":{"@id":"https:\/\/stickerdeco.fr\/it\/produit\/adesivi-per-porte-sassi-astratti\/#primaryimage"},"thumbnailUrl":"https:\/\/stickerdeco.fr\/wp-content\/uploads\/2023\/12\/sticker-porte-cailloux-abstraits-04.jpg","datePublished":"2023-12-12T07:48:18+00:00","dateModified":"2026-03-06T00:41:56+00:00","description":"Valorizza la tua porta con gli Adesivi per porte Sassi astratti, un motivo zen dai colori rilassanti e dal design essenziale per un\u2019atmosfera moderna.","breadcrumb":{"@id":"https:\/\/stickerdeco.fr\/it\/produit\/adesivi-per-porte-sassi-astratti\/#breadcrumb"},"inLanguage":"it-IT","potentialAction":[{"@type":"ReadAction","target":["https:\/\/stickerdeco.fr\/it\/produit\/adesivi-per-porte-sassi-astratti\/"]}]},{"@type":"ImageObject","inLanguage":"it-IT","@id":"https:\/\/stickerdeco.fr\/it\/produit\/adesivi-per-porte-sassi-astratti\/#primaryimage","url":"https:\/\/stickerdeco.fr\/wp-content\/uploads\/2023\/12\/sticker-porte-cailloux-abstraits-04.jpg","contentUrl":"https:\/\/stickerdeco.fr\/wp-content\/uploads\/2023\/12\/sticker-porte-cailloux-abstraits-04.jpg","width":1000,"height":1000,"caption":"Adesivi per porte Sassi astratti"},{"@type":"BreadcrumbList","@id":"https:\/\/stickerdeco.fr\/it\/produit\/adesivi-per-porte-sassi-astratti\/#breadcrumb","itemListElement":[{"@type":"ListItem","position":1,"name":"Accueil","item":"https:\/\/stickerdeco.fr\/it\/"},{"@type":"ListItem","position":2,"name":"Negozio","item":"https:\/\/stickerdeco.fr\/boutique\/"},{"@type":"ListItem","position":3,"name":"Adesivi per porte Sassi astratti"}]},{"@type":"WebSite","@id":"https:\/\/stickerdeco.fr\/it\/#website","url":"https:\/\/stickerdeco.fr\/it\/","name":"Sticker Deco","description":"Le Sticker Made In France","publisher":{"@id":"https:\/\/stickerdeco.fr\/it\/#organization"},"potentialAction":[{"@type":"SearchAction","target":{"@type":"EntryPoint","urlTemplate":"https:\/\/stickerdeco.fr\/it\/?s={search_term_string}"},"query-input":{"@type":"PropertyValueSpecification","valueRequired":true,"valueName":"search_term_string"}}],"inLanguage":"it-IT"},{"@type":"Organization","@id":"https:\/\/stickerdeco.fr\/it\/#organization","name":"Sticker D\u00e9co","url":"https:\/\/stickerdeco.fr\/it\/","logo":{"@type":"ImageObject","inLanguage":"it-IT","@id":"https:\/\/stickerdeco.fr\/it\/#\/schema\/logo\/image\/","url":"https:\/\/stickerdeco.fr\/wp-content\/uploads\/1987\/05\/stickerdeco-logo-v2-carre.png","contentUrl":"https:\/\/stickerdeco.fr\/wp-content\/uploads\/1987\/05\/stickerdeco-logo-v2-carre.png","width":1000,"height":1000,"caption":"Sticker D\u00e9co"},"image":{"@id":"https:\/\/stickerdeco.fr\/it\/#\/schema\/logo\/image\/"},"sameAs":["https:\/\/www.facebook.com\/stickerdeco.fr\/","https:\/\/www.instagram.com\/stickerdecofr\/","https:\/\/www.pinterest.fr\/stickerdecofr\/","https:\/\/www.youtube.com\/StickerDeco"],"email":"contact@stickerdeco.fr","telephone":"0980809233","legalName":"Sticker D\u00e9co"}]},"og_availability":"instock","product_availability":"instock","product_condition":"new"},"_links":{"self":[{"href":"https:\/\/stickerdeco.fr\/it\/wp-json\/wp\/v2\/product\/124659","targetHints":{"allow":["GET"]}}],"collection":[{"href":"https:\/\/stickerdeco.fr\/it\/wp-json\/wp\/v2\/product"}],"about":[{"href":"https:\/\/stickerdeco.fr\/it\/wp-json\/wp\/v2\/types\/product"}],"version-history":[{"count":13,"href":"https:\/\/stickerdeco.fr\/it\/wp-json\/wp\/v2\/product\/124659\/revisions"}],"predecessor-version":[{"id":124861,"href":"https:\/\/stickerdeco.fr\/it\/wp-json\/wp\/v2\/product\/124659\/revisions\/124861"}],"wp:featuredmedia":[{"embeddable":true,"href":"https:\/\/stickerdeco.fr\/it\/wp-json\/wp\/v2\/media\/124663"}],"wp:attachment":[{"href":"https:\/\/stickerdeco.fr\/it\/wp-json\/wp\/v2\/media?parent=124659"}],"wp:term":[{"taxonomy":"product_brand","embeddable":true,"href":"https:\/\/stickerdeco.fr\/it\/wp-json\/wp\/v2\/product_brand?post=124659"},{"taxonomy":"product_cat","embeddable":true,"href":"https:\/\/stickerdeco.fr\/it\/wp-json\/wp\/v2\/product_cat?post=124659"},{"taxonomy":"product_tag","embeddable":true,"href":"https:\/\/stickerdeco.fr\/it\/wp-json\/wp\/v2\/product_tag?post=124659"}],"curies":[{"name":"wp","href":"https:\/\/api.w.org\/{rel}","templated":true}]}}