{"id":128092,"date":"2023-04-26T15:21:05","date_gmt":"2023-04-26T13:21:05","guid":{"rendered":"https:\/\/stickerdeco.fr\/produit\/sticker-porte-tableau-japonais\/"},"modified":"2026-03-06T13:14:30","modified_gmt":"2026-03-06T12:14:30","slug":"sticker-porte-tableau-japonais","status":"publish","type":"product","link":"https:\/\/stickerdeco.fr\/it\/produit\/sticker-porte-tableau-japonais\/","title":{"rendered":"Adesivi per porte Quadro giapponese"},"content":{"rendered":"<div class=\"wpb-content-wrapper\"><p>[vc_row][vc_column][vc_column_text]<\/p>\n<h2><span style=\"font-size: 14pt;\"><strong>Le Adesivi per porte Quadro giapponese<\/strong><\/span><\/h2>\n<p><span style=\"font-size: 11pt;\">Envie de changer votre <strong>d\u00e9coration<\/strong> d\u2019int\u00e9rieur ? Alors ce magnifique <strong>Adesivi per porte Quadro giapponese <\/strong>est fait pour vous ! Nul doute que ce <strong>Adesivi per porte Quadro giapponese <\/strong>vous satisfera gr\u00e2ce \u00e0 notre adh\u00e9sif en vinyle haute qualit\u00e9. Il est <strong>facile \u00e0 coller. <\/strong>Avec ce sticker,<strong> personnaliser votre int\u00e9rieur <\/strong>est maintenant accessible !<\/span><\/p>\n<h3><span style=\"font-size: 14pt;\"><strong>Le Adesivi per porte<\/strong><\/span><\/h3>\n<p><span style=\"font-size: 11pt;\">Vous souhaitez un style unique \u00e0 la d\u00e9co vos portes ? Alors cet autocollant <strong>Adesivi per porte Quadro giapponese<\/strong> est pour vous ! Nul doute que ce <strong>Adesivi per porte Quadro giapponese<\/strong> vous satisfera. Il est <strong>facile \u00e0 coller <\/strong>c&#8217;est un jeu d&#8217;enfant !<\/span><\/p>\n<p><span style=\"font-size: 11pt;\">Nos <strong>adesivi per porte<\/strong> sont livr\u00e9s en un seul l\u00e9, c&#8217;est \u00e0 dire en un seul morceau. R\u00e9sultat : Aucun raccord n\u00e9cessaire pour une pose facile ! En utilisant les <a href=\"https:\/\/stickerdeco.fr\/it\/cat\/sticker-porta\/\"><strong>Stickers pour porte<\/strong><\/a>, vous obtiendrez une <strong>d\u00e9coration originale<\/strong> et personnalis\u00e9e dans votre int\u00e9rieur. Plusieurs style et design de disponible sur la boutique Sticker D\u00e9co. Que ce soit un effet 3d, une <a href=\"https:\/\/stickerdeco.fr\/it\/tag\/adesivi-effetto-legno\/\">imitation bois<\/a> ou une porte en acier, votre porte aura \u00e0 coup sure un effet <a href=\"https:\/\/stickerdeco.fr\/it\/tag\/adesivi-trompe-loeil\/\"><strong>trompe l\u2019\u0153il<\/strong><\/a> \u00e9patant.<\/span><\/p>\n<h3><span style=\"font-size: 14pt;\"><strong>Un sticker de tr\u00e8s haute qualit\u00e9<\/strong><\/span><\/h3>\n<p><span style=\"font-size: 11pt;\">En effet, nous imprimons nos <strong>autocollants muraux<\/strong> en quadri HQ sur <strong>adh\u00e9sif<\/strong> polym\u00e8re <strong>r\u00e9sistant<\/strong> avec colle structur\u00e9e. Cette technologie <strong>\u00e0 la pointe de l&#8217;innovation<\/strong> permet une bonne tenue du <strong>vinyle<\/strong> dans le temps (colle polym\u00e8re) ainsi qu&#8217;une<strong> pose sans bulle<\/strong> (colle structur\u00e9e). <strong>L&#8217;adh\u00e9sif <\/strong>reste malgr\u00e9 tout relativement fin avec <strong>une \u00e9paisseur de moins de 0.2mm<\/strong> (180\u00b5m).<\/span><\/p>\n<h3><span style=\"font-size: 14pt;\"><strong>Comment d\u00e9corer sa maison ?<\/strong><\/span><\/h3>\n<p><span style=\"font-size: 11pt;\">Vous aimez ce <strong>Adesivi per porte Quadro giapponese <\/strong>? Vous \u00eates fan de <strong>D\u00e9co Murale<\/strong> et vous souhaitez accorder vos pi\u00e8ces ? Alors, il faut compl\u00e9ter votre d\u00e9coration d\u2019int\u00e9rieur avec nos <a href=\"\/?product_cat=sticker-salle-de-bains\"><strong>Stickers Salle de bain<\/strong><\/a>, <a href=\"\/?product_cat=sticker-salon\"><strong>Stickers Salon<\/strong><\/a>, <a href=\"https:\/\/stickerdeco.fr\/it\/cat\/sticker-murali\/sticker-cucina\/\"><strong>Stickers Cuisine<\/strong><\/a> ou encore nos <a href=\"https:\/\/stickerdeco.fr\/it\/cat\/sticker-murali\/sticker-camera-adulti\/\"><strong>Stickers Chambre<\/strong><\/a>.<\/span><\/p>\n<h3><span style=\"font-size: 14pt;\"><strong><a href=\"https:\/\/www.stickerdeco.fr\/\">StickerDeco.fr<\/a> c\u2019est des milliers de produits !<\/strong><\/span><\/h3>\n<p><span style=\"font-size: 11pt;\">R\u00e9alis\u00e9e dans nos locaux en \u00cele-de-France, l\u2019impression des stickers est <strong>Made In France<\/strong>. Choisissez le v\u00f4tre parmi les cat\u00e9gories :<\/span><\/p>\n<ul>\n<li><span style=\"font-size: 11pt;\"><a href=\"\/?product_cat=stickers-muraux-animaux\"><strong>Stickers Animaux<\/strong><\/a>, <\/span><\/li>\n<li><span style=\"font-size: 11pt;\"><strong><a href=\"\/?product_cat=stickers-muraux-fleurs\">Stickers Fleurs<\/a><\/strong>, <\/span><\/li>\n<li><span style=\"font-size: 11pt;\"><strong><a href=\"\/?product_cat=stickers-muraux-mangas-et-cartoons\">Stickers Mangas<\/a><\/strong> et bien plus encore !<\/span><\/li>\n<\/ul>\n<p><span style=\"font-size: 14pt; color: #d64444;\"><strong>ADH\u00c9SIF TR\u00c8S HAUTE QUALIT\u00c9 = POSE FACILE, GARANTIE SANS BULLE<\/strong><\/span>[\/vc_column_text][\/vc_column][\/vc_row]<\/p>\n<\/div>","protected":false},"excerpt":{"rendered":"<p>Vuoi una decorazione originale? Allora questo adesivo  fa per te!<\/p>\n<p>Questi  sono realizzati in Francia.<\/p>\n","protected":false},"featured_media":128097,"template":"","meta":[],"product_brand":[],"product_cat":[4587,4615,4591],"product_tag":[6930,6800,6801,6803,6987,6992,6806,6804,6988,6805,5059,6802],"class_list":{"0":"post-128092","1":"product","2":"type-product","3":"status-publish","4":"has-post-thumbnail","6":"product_cat-sticker-camera-adulti","7":"product_cat-sticker-porta","8":"product_cat-sticker-soggiorno","9":"product_tag-adesivi-asia","10":"product_tag-adesivi-per-porta-63-x-204-cm","11":"product_tag-adesivi-per-porta-73-x-204-cm","12":"product_tag-adesivi-per-porta-93-x-204-cm","13":"product_tag-adesivi-porta-arte","14":"product_tag-adesivi-porta-bagno","15":"product_tag-adesivi-porta-chambre","16":"product_tag-adesivi-porta-cucina","17":"product_tag-adesivi-porta-orientale","18":"product_tag-adesivi-porta-salon","19":"product_tag-adesivi-trompe-loeil","20":"product_tag-stickers-porta-83-x-204-cm","22":"first","23":"instock","24":"sale","25":"taxable","26":"shipping-taxable","27":"purchasable","28":"product-type-variable","29":"has-default-attributes"},"etheme_brands":{"errors":{"invalid_taxonomy":["Tassonomia non valida."]},"error_data":[]},"yoast_head":"<!-- This site is optimized with the Yoast SEO Premium plugin v27.3 (Yoast SEO v27.3) - https:\/\/yoast.com\/product\/yoast-seo-premium-wordpress\/ -->\n<title>Adesivi per porte Quadro giapponese | Adesivi per porte | StickerDeco.fr<\/title>\n<meta name=\"description\" content=\"Optez pour une d\u00e9co originale et pas ch\u00e8re gr\u00e2ce \u00e0 ce Adesivi per porte Quadro giapponese ! Nos Stickers sont de Fabrication Fran\u00e7aise.\" \/>\n<meta name=\"robots\" content=\"index, follow, max-snippet:-1, max-image-preview:large, max-video-preview:-1\" \/>\n<link rel=\"canonical\" href=\"https:\/\/stickerdeco.fr\/it\/produit\/sticker-porte-tableau-japonais\/\" \/>\n<meta property=\"og:locale\" content=\"it_IT\" \/>\n<meta property=\"og:type\" content=\"article\" \/>\n<meta property=\"og:title\" content=\"Adesivi per porte Quadro giapponese\" \/>\n<meta property=\"og:description\" content=\"Optez pour une d\u00e9co originale et pas ch\u00e8re gr\u00e2ce \u00e0 ce Adesivi per porte Quadro giapponese ! Nos Stickers sont de Fabrication Fran\u00e7aise.\" \/>\n<meta property=\"og:url\" content=\"https:\/\/stickerdeco.fr\/it\/produit\/sticker-porte-tableau-japonais\/\" \/>\n<meta property=\"og:site_name\" content=\"Sticker Deco\" \/>\n<meta property=\"article:publisher\" content=\"https:\/\/www.facebook.com\/stickerdeco.fr\/\" \/>\n<meta property=\"article:modified_time\" content=\"2026-03-06T12:14:30+00:00\" \/>\n<meta property=\"og:image\" content=\"https:\/\/stickerdeco.fr\/wp-content\/uploads\/2023\/04\/sticker-porte-tableau-japonais-03.jpg\" \/>\n\t<meta property=\"og:image:width\" content=\"1000\" \/>\n\t<meta property=\"og:image:height\" content=\"1000\" \/>\n\t<meta property=\"og:image:type\" content=\"image\/jpeg\" \/>\n<meta name=\"twitter:card\" content=\"summary_large_image\" \/>\n<meta name=\"twitter:label1\" content=\"Disponibilit\u00e0\" \/>\n\t<meta name=\"twitter:data1\" content=\"In stock\" \/>\n<script type=\"application\/ld+json\" class=\"yoast-schema-graph\">{\"@context\":\"https:\\\/\\\/schema.org\",\"@graph\":[{\"@type\":\"WebPage\",\"@id\":\"https:\\\/\\\/stickerdeco.fr\\\/it\\\/produit\\\/sticker-porte-tableau-japonais\\\/\",\"url\":\"https:\\\/\\\/stickerdeco.fr\\\/it\\\/produit\\\/sticker-porte-tableau-japonais\\\/\",\"name\":\"Adesivi per porte Quadro giapponese | Adesivi per porte | StickerDeco.fr\",\"isPartOf\":{\"@id\":\"https:\\\/\\\/stickerdeco.fr\\\/it\\\/#website\"},\"primaryImageOfPage\":{\"@id\":\"https:\\\/\\\/stickerdeco.fr\\\/it\\\/produit\\\/sticker-porte-tableau-japonais\\\/#primaryimage\"},\"image\":{\"@id\":\"https:\\\/\\\/stickerdeco.fr\\\/it\\\/produit\\\/sticker-porte-tableau-japonais\\\/#primaryimage\"},\"thumbnailUrl\":\"https:\\\/\\\/stickerdeco.fr\\\/wp-content\\\/uploads\\\/2023\\\/04\\\/sticker-porte-tableau-japonais-03.jpg\",\"datePublished\":\"2023-04-26T13:21:05+00:00\",\"dateModified\":\"2026-03-06T12:14:30+00:00\",\"description\":\"Optez pour une d\u00e9co originale et pas ch\u00e8re gr\u00e2ce \u00e0 ce Adesivi per porte Quadro giapponese ! Nos Stickers sont de Fabrication Fran\u00e7aise.\",\"breadcrumb\":{\"@id\":\"https:\\\/\\\/stickerdeco.fr\\\/it\\\/produit\\\/sticker-porte-tableau-japonais\\\/#breadcrumb\"},\"inLanguage\":\"it-IT\",\"potentialAction\":[{\"@type\":\"ReadAction\",\"target\":[\"https:\\\/\\\/stickerdeco.fr\\\/it\\\/produit\\\/sticker-porte-tableau-japonais\\\/\"]}]},{\"@type\":\"ImageObject\",\"inLanguage\":\"it-IT\",\"@id\":\"https:\\\/\\\/stickerdeco.fr\\\/it\\\/produit\\\/sticker-porte-tableau-japonais\\\/#primaryimage\",\"url\":\"https:\\\/\\\/stickerdeco.fr\\\/wp-content\\\/uploads\\\/2023\\\/04\\\/sticker-porte-tableau-japonais-03.jpg\",\"contentUrl\":\"https:\\\/\\\/stickerdeco.fr\\\/wp-content\\\/uploads\\\/2023\\\/04\\\/sticker-porte-tableau-japonais-03.jpg\",\"width\":1000,\"height\":1000,\"caption\":\"Adesivi per porte Quadro giapponese\"},{\"@type\":\"BreadcrumbList\",\"@id\":\"https:\\\/\\\/stickerdeco.fr\\\/it\\\/produit\\\/sticker-porte-tableau-japonais\\\/#breadcrumb\",\"itemListElement\":[{\"@type\":\"ListItem\",\"position\":1,\"name\":\"Accueil\",\"item\":\"https:\\\/\\\/stickerdeco.fr\\\/it\\\/\"},{\"@type\":\"ListItem\",\"position\":2,\"name\":\"Negozio\",\"item\":\"https:\\\/\\\/stickerdeco.fr\\\/boutique\\\/\"},{\"@type\":\"ListItem\",\"position\":3,\"name\":\"Adesivi per porte Quadro giapponese\"}]},{\"@type\":\"WebSite\",\"@id\":\"https:\\\/\\\/stickerdeco.fr\\\/it\\\/#website\",\"url\":\"https:\\\/\\\/stickerdeco.fr\\\/it\\\/\",\"name\":\"Sticker Deco\",\"description\":\"Le Sticker Made In France\",\"publisher\":{\"@id\":\"https:\\\/\\\/stickerdeco.fr\\\/it\\\/#organization\"},\"potentialAction\":[{\"@type\":\"SearchAction\",\"target\":{\"@type\":\"EntryPoint\",\"urlTemplate\":\"https:\\\/\\\/stickerdeco.fr\\\/it\\\/?s={search_term_string}\"},\"query-input\":{\"@type\":\"PropertyValueSpecification\",\"valueRequired\":true,\"valueName\":\"search_term_string\"}}],\"inLanguage\":\"it-IT\"},{\"@type\":\"Organization\",\"@id\":\"https:\\\/\\\/stickerdeco.fr\\\/it\\\/#organization\",\"name\":\"Sticker D\u00e9co\",\"url\":\"https:\\\/\\\/stickerdeco.fr\\\/it\\\/\",\"logo\":{\"@type\":\"ImageObject\",\"inLanguage\":\"it-IT\",\"@id\":\"https:\\\/\\\/stickerdeco.fr\\\/it\\\/#\\\/schema\\\/logo\\\/image\\\/\",\"url\":\"https:\\\/\\\/stickerdeco.fr\\\/wp-content\\\/uploads\\\/1987\\\/05\\\/stickerdeco-logo-v2-carre.png\",\"contentUrl\":\"https:\\\/\\\/stickerdeco.fr\\\/wp-content\\\/uploads\\\/1987\\\/05\\\/stickerdeco-logo-v2-carre.png\",\"width\":1000,\"height\":1000,\"caption\":\"Sticker D\u00e9co\"},\"image\":{\"@id\":\"https:\\\/\\\/stickerdeco.fr\\\/it\\\/#\\\/schema\\\/logo\\\/image\\\/\"},\"sameAs\":[\"https:\\\/\\\/www.facebook.com\\\/stickerdeco.fr\\\/\",\"https:\\\/\\\/www.instagram.com\\\/stickerdecofr\\\/\",\"https:\\\/\\\/www.pinterest.fr\\\/stickerdecofr\\\/\",\"https:\\\/\\\/www.youtube.com\\\/StickerDeco\"],\"email\":\"contact@stickerdeco.fr\",\"telephone\":\"0980809233\",\"legalName\":\"Sticker D\u00e9co\"}]}<\/script>\n<meta property=\"og:availability\" content=\"instock\" \/>\n<meta property=\"product:availability\" content=\"instock\" \/>\n<meta property=\"product:condition\" content=\"new\" \/>\n<!-- \/ Yoast SEO Premium plugin. -->","yoast_head_json":{"title":"Adesivi per porte Quadro giapponese | Adesivi per porte | StickerDeco.fr","description":"Optez pour une d\u00e9co originale et pas ch\u00e8re gr\u00e2ce \u00e0 ce Adesivi per porte Quadro giapponese ! Nos Stickers sont de Fabrication Fran\u00e7aise.","robots":{"index":"index","follow":"follow","max-snippet":"max-snippet:-1","max-image-preview":"max-image-preview:large","max-video-preview":"max-video-preview:-1"},"canonical":"https:\/\/stickerdeco.fr\/it\/produit\/sticker-porte-tableau-japonais\/","og_locale":"it_IT","og_type":"article","og_title":"Adesivi per porte Quadro giapponese","og_description":"Optez pour une d\u00e9co originale et pas ch\u00e8re gr\u00e2ce \u00e0 ce Adesivi per porte Quadro giapponese ! Nos Stickers sont de Fabrication Fran\u00e7aise.","og_url":"https:\/\/stickerdeco.fr\/it\/produit\/sticker-porte-tableau-japonais\/","og_site_name":"Sticker Deco","article_publisher":"https:\/\/www.facebook.com\/stickerdeco.fr\/","article_modified_time":"2026-03-06T12:14:30+00:00","og_image":[{"width":1000,"height":1000,"url":"https:\/\/stickerdeco.fr\/wp-content\/uploads\/2023\/04\/sticker-porte-tableau-japonais-03.jpg","type":"image\/jpeg"}],"twitter_card":"summary_large_image","twitter_misc":{"Disponibilit\u00e0":"In stock"},"schema":{"@context":"https:\/\/schema.org","@graph":[{"@type":"WebPage","@id":"https:\/\/stickerdeco.fr\/it\/produit\/sticker-porte-tableau-japonais\/","url":"https:\/\/stickerdeco.fr\/it\/produit\/sticker-porte-tableau-japonais\/","name":"Adesivi per porte Quadro giapponese | Adesivi per porte | StickerDeco.fr","isPartOf":{"@id":"https:\/\/stickerdeco.fr\/it\/#website"},"primaryImageOfPage":{"@id":"https:\/\/stickerdeco.fr\/it\/produit\/sticker-porte-tableau-japonais\/#primaryimage"},"image":{"@id":"https:\/\/stickerdeco.fr\/it\/produit\/sticker-porte-tableau-japonais\/#primaryimage"},"thumbnailUrl":"https:\/\/stickerdeco.fr\/wp-content\/uploads\/2023\/04\/sticker-porte-tableau-japonais-03.jpg","datePublished":"2023-04-26T13:21:05+00:00","dateModified":"2026-03-06T12:14:30+00:00","description":"Optez pour une d\u00e9co originale et pas ch\u00e8re gr\u00e2ce \u00e0 ce Adesivi per porte Quadro giapponese ! Nos Stickers sont de Fabrication Fran\u00e7aise.","breadcrumb":{"@id":"https:\/\/stickerdeco.fr\/it\/produit\/sticker-porte-tableau-japonais\/#breadcrumb"},"inLanguage":"it-IT","potentialAction":[{"@type":"ReadAction","target":["https:\/\/stickerdeco.fr\/it\/produit\/sticker-porte-tableau-japonais\/"]}]},{"@type":"ImageObject","inLanguage":"it-IT","@id":"https:\/\/stickerdeco.fr\/it\/produit\/sticker-porte-tableau-japonais\/#primaryimage","url":"https:\/\/stickerdeco.fr\/wp-content\/uploads\/2023\/04\/sticker-porte-tableau-japonais-03.jpg","contentUrl":"https:\/\/stickerdeco.fr\/wp-content\/uploads\/2023\/04\/sticker-porte-tableau-japonais-03.jpg","width":1000,"height":1000,"caption":"Adesivi per porte Quadro giapponese"},{"@type":"BreadcrumbList","@id":"https:\/\/stickerdeco.fr\/it\/produit\/sticker-porte-tableau-japonais\/#breadcrumb","itemListElement":[{"@type":"ListItem","position":1,"name":"Accueil","item":"https:\/\/stickerdeco.fr\/it\/"},{"@type":"ListItem","position":2,"name":"Negozio","item":"https:\/\/stickerdeco.fr\/boutique\/"},{"@type":"ListItem","position":3,"name":"Adesivi per porte Quadro giapponese"}]},{"@type":"WebSite","@id":"https:\/\/stickerdeco.fr\/it\/#website","url":"https:\/\/stickerdeco.fr\/it\/","name":"Sticker Deco","description":"Le Sticker Made In France","publisher":{"@id":"https:\/\/stickerdeco.fr\/it\/#organization"},"potentialAction":[{"@type":"SearchAction","target":{"@type":"EntryPoint","urlTemplate":"https:\/\/stickerdeco.fr\/it\/?s={search_term_string}"},"query-input":{"@type":"PropertyValueSpecification","valueRequired":true,"valueName":"search_term_string"}}],"inLanguage":"it-IT"},{"@type":"Organization","@id":"https:\/\/stickerdeco.fr\/it\/#organization","name":"Sticker D\u00e9co","url":"https:\/\/stickerdeco.fr\/it\/","logo":{"@type":"ImageObject","inLanguage":"it-IT","@id":"https:\/\/stickerdeco.fr\/it\/#\/schema\/logo\/image\/","url":"https:\/\/stickerdeco.fr\/wp-content\/uploads\/1987\/05\/stickerdeco-logo-v2-carre.png","contentUrl":"https:\/\/stickerdeco.fr\/wp-content\/uploads\/1987\/05\/stickerdeco-logo-v2-carre.png","width":1000,"height":1000,"caption":"Sticker D\u00e9co"},"image":{"@id":"https:\/\/stickerdeco.fr\/it\/#\/schema\/logo\/image\/"},"sameAs":["https:\/\/www.facebook.com\/stickerdeco.fr\/","https:\/\/www.instagram.com\/stickerdecofr\/","https:\/\/www.pinterest.fr\/stickerdecofr\/","https:\/\/www.youtube.com\/StickerDeco"],"email":"contact@stickerdeco.fr","telephone":"0980809233","legalName":"Sticker D\u00e9co"}]},"og_availability":"instock","product_availability":"instock","product_condition":"new"},"_links":{"self":[{"href":"https:\/\/stickerdeco.fr\/it\/wp-json\/wp\/v2\/product\/128092","targetHints":{"allow":["GET"]}}],"collection":[{"href":"https:\/\/stickerdeco.fr\/it\/wp-json\/wp\/v2\/product"}],"about":[{"href":"https:\/\/stickerdeco.fr\/it\/wp-json\/wp\/v2\/types\/product"}],"version-history":[{"count":2,"href":"https:\/\/stickerdeco.fr\/it\/wp-json\/wp\/v2\/product\/128092\/revisions"}],"predecessor-version":[{"id":128125,"href":"https:\/\/stickerdeco.fr\/it\/wp-json\/wp\/v2\/product\/128092\/revisions\/128125"}],"wp:featuredmedia":[{"embeddable":true,"href":"https:\/\/stickerdeco.fr\/it\/wp-json\/wp\/v2\/media\/128097"}],"wp:attachment":[{"href":"https:\/\/stickerdeco.fr\/it\/wp-json\/wp\/v2\/media?parent=128092"}],"wp:term":[{"taxonomy":"product_brand","embeddable":true,"href":"https:\/\/stickerdeco.fr\/it\/wp-json\/wp\/v2\/product_brand?post=128092"},{"taxonomy":"product_cat","embeddable":true,"href":"https:\/\/stickerdeco.fr\/it\/wp-json\/wp\/v2\/product_cat?post=128092"},{"taxonomy":"product_tag","embeddable":true,"href":"https:\/\/stickerdeco.fr\/it\/wp-json\/wp\/v2\/product_tag?post=128092"}],"curies":[{"name":"wp","href":"https:\/\/api.w.org\/{rel}","templated":true}]}}