{"id":129019,"date":"2020-02-12T08:01:00","date_gmt":"2020-02-12T07:01:00","guid":{"rendered":"https:\/\/stickerdeco.fr\/produit\/sticker-porte-allee-colonnes\/"},"modified":"2026-03-06T13:44:36","modified_gmt":"2026-03-06T12:44:36","slug":"sticker-porte-allee-colonnes","status":"publish","type":"product","link":"https:\/\/stickerdeco.fr\/it\/produit\/sticker-porte-allee-colonnes\/","title":{"rendered":"Adesivi per porte Viale Colonne"},"content":{"rendered":"<div class=\"wpb-content-wrapper\"><p>[vc_row][vc_column][vc_column_text]<\/p>\n<h2><span style=\"font-size: 14pt;\"><strong>Le Adesivi per porte Viale Colonne<\/strong><\/span><\/h2>\n<p><span style=\"font-size: 11pt;\">Vuoi cambiare la tua <strong>decorazione<\/strong> d\u2019interni ? Allora ce magnifico <strong>Adesivi per porte Viale Colonne <\/strong>est fait pour vous ! Nul doute que ce <strong>Adesivi per porte Viale Colonne <\/strong>vous satisfera gr\u00e2ce \u00e0 notre adh\u00e9sif mural en vinyle haute qualit\u00e9. Il est <strong>facile \u00e0 coller. <\/strong>Avec ce sticker,<strong> personnaliser votre int\u00e9rieur <\/strong>est maintenant accessible !<\/span><\/p>\n<p><span style=\"font-size: 11pt;\">Chaque <strong>d\u00e9co murale<\/strong> est ind\u00e9pendante et <strong>peut \u00eatre coll\u00e9e s\u00e9par\u00e9ment<\/strong>. Vous avez donc un maximum de possibilit\u00e9s pour la pose de votre <strong>adesivo murale<\/strong> alors faites parler votre \u00e2me de <strong>d\u00e9corateur !<\/strong><\/span><\/p>\n<h3><span style=\"font-size: 14pt;\"><strong>Le Adesivi per porte<\/strong><\/span><\/h3>\n<p><span style=\"font-size: 11pt;\">Vous souhaitez un style unique \u00e0 la d\u00e9co vos portes ? Allora cet adesivo <strong>Adesivi per porte Viale Colonne<\/strong> fa per te! Nul doute que ce <strong>Adesivi per porte Viale Colonne<\/strong> vous satisfera. Il est <strong>facile \u00e0 coller <\/strong>c&#8217;est un jeu d&#8217;enfant !<\/span><\/p>\n<p><span style=\"font-size: 11pt;\">Nos <strong>stickers portes<\/strong> sont livr\u00e9s en un seul l\u00e9, c&#8217;est \u00e0 dire en un seul morceau. R\u00e9sultat : Aucun raccord n\u00e9cessaire pour une pose facile ! En utilisant les <a href=\"https:\/\/stickerdeco.fr\/it\/cat\/sticker-porta\/\"><strong>Stickers pour porte<\/strong><\/a>, vous obtiendrez une <strong>decorazione originale<\/strong> et personnalis\u00e9e dans votre int\u00e9rieur. Plusieurs style et design de disponible sur la boutique Sticker D\u00e9co. Que ce soit un effet 3d, une <a href=\"https:\/\/stickerdeco.fr\/it\/tag\/adesivi-effetto-legno\/\">imitation bois<\/a> ou une porte en acier, votre porte aura \u00e0 coup sure un effet <a href=\"https:\/\/stickerdeco.fr\/it\/tag\/adesivi-trompe-loeil\/\"><strong>trompe l\u2019\u0153il<\/strong><\/a> \u00e9patant.<\/span><\/p>\n<h3><span style=\"font-size: 14pt;\"><strong>Un sticker de tr\u00e8s haute qualit\u00e9<\/strong><\/span><\/h3>\n<p><span style=\"font-size: 11pt;\">En effet, nous imprimons nos <strong>adesivos muraux<\/strong> en quadri HQ sur <strong>adh\u00e9sif<\/strong> polym\u00e8re <strong>r\u00e9sistant<\/strong> avec colle structur\u00e9e. Cette technologie <strong>\u00e0 la pointe de l&#8217;innovation<\/strong> permet une bonne tenue du <strong>vinyle<\/strong> dans le temps (colle polym\u00e8re) ainsi qu&#8217;une<strong> pose sans bulle<\/strong> (colle structur\u00e9e). <strong>L&#8217;adh\u00e9sif <\/strong>reste malgr\u00e9 tout relativement fin avec <strong>une \u00e9paisseur de moins de 0.2mm<\/strong> (180\u00b5m).<\/span><\/p>\n<h3><span style=\"font-size: 14pt;\"><strong>Comment d\u00e9corer sa maison ?<\/strong><\/span><\/h3>\n<p><span style=\"font-size: 11pt;\">Vous aimez ce <strong>Adesivi per porte Viale Colonne <\/strong>? Vous \u00eates fan de <strong>D\u00e9co Murale<\/strong> et vous souhaitez accorder vos pi\u00e8ces ? Allora, il faut compl\u00e9ter votre decorazione d\u2019interni avec nos <a href=\"\/?product_cat=sticker-salle-de-bains\"><strong>Stickers Salle de bain<\/strong><\/a>, <a href=\"\/?product_cat=sticker-salon\"><strong>Stickers Salon<\/strong><\/a>, <a href=\"https:\/\/stickerdeco.fr\/it\/cat\/sticker-murali\/sticker-cucina\/\"><strong>Stickers Cuisine<\/strong><\/a> ou encore nos <a href=\"https:\/\/stickerdeco.fr\/it\/cat\/sticker-murali\/sticker-camera-adulti\/\"><strong>Stickers Chambre<\/strong><\/a>.<\/span><\/p>\n<h3><span style=\"font-size: 14pt;\"><strong><a href=\"https:\/\/www.stickerdeco.fr\/\">StickerDeco.fr<\/a> c\u2019est des milliers de produits !<\/strong><\/span><\/h3>\n<p><span style=\"font-size: 11pt;\">R\u00e9alis\u00e9e dans nos locaux en \u00cele-de-France, l\u2019impression des stickers est <strong>Made In France<\/strong>. Choisissez le v\u00f4tre parmi les cat\u00e9gories :<\/span><\/p>\n<ul>\n<li><span style=\"font-size: 11pt;\"><a href=\"\/?product_cat=stickers-muraux-animaux\"><strong>Stickers Animaux<\/strong><\/a>, <\/span><\/li>\n<li><span style=\"font-size: 11pt;\"><strong><a href=\"\/?product_cat=stickers-muraux-fleurs\">Stickers Fleurs<\/a><\/strong>, <\/span><\/li>\n<li><span style=\"font-size: 11pt;\"><strong><a href=\"\/?product_cat=stickers-muraux-mangas-et-cartoons\">Stickers Mangas<\/a><\/strong> et bien plus encore !<\/span><\/li>\n<\/ul>\n<p><span style=\"font-size: 14pt; color: #d64444;\"><strong>ADH\u00c9SIF TR\u00c8S HAUTE QUALIT\u00c9 = POSE FACILE, GARANTIE SANS BULLE<\/strong><\/span>[\/vc_column_text][\/vc_column][\/vc_row]<\/p>\n<\/div>","protected":false},"excerpt":{"rendered":"<p>Vous souhaitez donner une d\u00e9co orientale, chic et moderne \u00e0 vos portes ? Allora cet adesivo <strong>Adesivi per porte Viale Colonne<\/strong> est fait pour vous !<\/p>\n<p>Invitez la chaleur et le style unique de l\u2019architecture orientale dans votre foyer gr\u00e2ce \u00e0 ce <strong>sticker trompe l\u2019\u0153il pour porte<\/strong>. Cet adh\u00e9sif pour porte repr\u00e9sente une all\u00e9e avec des colonnes dans une vieille ville. Il apporte de la profondeur et agrandira vos pi\u00e8ces \u00e0 coup s\u00fbr.<\/p>\n<p><strong>Caratteristiche del prodotto:<\/strong><\/p>\n<ul class=\"product-short-desc-list\">\n<li>Adesivi per porte: applicazione facile e senza bolle<\/li>\n<li>Consegnato in un unico pezzo: nessun assemblaggio laborioso o incollaggio aggiuntivo<\/li>\n<li>Superficie laminata con finitura opaca: aspetto elegante, bassa riflessione e grande durata<\/li>\n<li>Adatto a superfici lisce (porte verniciate\/laminate, plastica, vetro, ecc.)<\/li>\n<li>Facile da pulire, lavabile e resistente agli schizzi<\/li>\n<li>Euroclasse B-s1,d0 (equiv. M1 in Francia)<\/li>\n<li>Stampa ecologica UL ECOLOGO\u00ae e UL GREENGUARD Gold: basse emissioni e senza odori, adatta ad ambienti interni sensibili<\/li>\n<\/ul>\n<p><span style=\"color: #d64444;\"><strong>Plusieurs tailles disponibles afin de matcher avec toutes vos portes (sur-mesure possible sur demande).<\/strong><\/span><\/p>\n<hr \/>\n","protected":false},"featured_media":129024,"template":"","meta":[],"product_brand":[],"product_cat":[4615],"product_tag":[6800,6801,6803,6987,6992,6806,6804,6981,6805,6980,5059,6802],"class_list":{"0":"post-129019","1":"product","2":"type-product","3":"status-publish","4":"has-post-thumbnail","6":"product_cat-sticker-porta","7":"product_tag-adesivi-per-porta-63-x-204-cm","8":"product_tag-adesivi-per-porta-73-x-204-cm","9":"product_tag-adesivi-per-porta-93-x-204-cm","10":"product_tag-adesivi-porta-arte","11":"product_tag-adesivi-porta-bagno","12":"product_tag-adesivi-porta-chambre","13":"product_tag-adesivi-porta-cucina","14":"product_tag-adesivi-porta-paysage","15":"product_tag-adesivi-porta-salon","16":"product_tag-adesivi-porta-trompe-loeil","17":"product_tag-adesivi-trompe-loeil","18":"product_tag-stickers-porta-83-x-204-cm","20":"first","21":"instock","22":"sale","23":"taxable","24":"shipping-taxable","25":"purchasable","26":"product-type-variable"},"etheme_brands":{"errors":{"invalid_taxonomy":["Tassonomia non valida."]},"error_data":[]},"yoast_head":"<!-- This site is optimized with the Yoast SEO Premium plugin v27.3 (Yoast SEO v27.3) - https:\/\/yoast.com\/product\/yoast-seo-premium-wordpress\/ -->\n<title>Adesivi per porte Viale Colonne | Adesivi per porte | StickerDeco.fr<\/title>\n<meta name=\"description\" content=\"Optez pour une d\u00e9co trompe l\u2019\u0153il et pas cher gr\u00e2ce \u00e0 ce Adesivi per porte Viale Colonne ! Nos Adh\u00e9sifs sont de Fabrication Fran\u00e7aise.\" \/>\n<meta name=\"robots\" content=\"index, follow, max-snippet:-1, max-image-preview:large, max-video-preview:-1\" \/>\n<link rel=\"canonical\" href=\"https:\/\/stickerdeco.fr\/it\/produit\/sticker-porte-allee-colonnes\/\" \/>\n<meta property=\"og:locale\" content=\"it_IT\" \/>\n<meta property=\"og:type\" content=\"article\" \/>\n<meta property=\"og:title\" content=\"Adesivi per porte Viale Colonne\" \/>\n<meta property=\"og:description\" content=\"Optez pour une d\u00e9co trompe l\u2019\u0153il et pas cher gr\u00e2ce \u00e0 ce Adesivi per porte Viale Colonne ! Nos Adh\u00e9sifs sont de Fabrication Fran\u00e7aise.\" \/>\n<meta property=\"og:url\" content=\"https:\/\/stickerdeco.fr\/it\/produit\/sticker-porte-allee-colonnes\/\" \/>\n<meta property=\"og:site_name\" content=\"Sticker Deco\" \/>\n<meta property=\"article:publisher\" content=\"https:\/\/www.facebook.com\/stickerdeco.fr\/\" \/>\n<meta property=\"article:modified_time\" content=\"2026-03-06T12:44:36+00:00\" \/>\n<meta property=\"og:image\" content=\"https:\/\/stickerdeco.fr\/wp-content\/uploads\/2020\/02\/sticker-porte-allee-colonnes-01.jpg\" \/>\n\t<meta property=\"og:image:width\" content=\"1500\" \/>\n\t<meta property=\"og:image:height\" content=\"1500\" \/>\n\t<meta property=\"og:image:type\" content=\"image\/jpeg\" \/>\n<meta name=\"twitter:card\" content=\"summary_large_image\" \/>\n<meta name=\"twitter:label1\" content=\"Disponibilit\u00e0\" \/>\n\t<meta name=\"twitter:data1\" content=\"In stock\" \/>\n<script type=\"application\/ld+json\" class=\"yoast-schema-graph\">{\"@context\":\"https:\\\/\\\/schema.org\",\"@graph\":[{\"@type\":\"WebPage\",\"@id\":\"https:\\\/\\\/stickerdeco.fr\\\/it\\\/produit\\\/sticker-porte-allee-colonnes\\\/\",\"url\":\"https:\\\/\\\/stickerdeco.fr\\\/it\\\/produit\\\/sticker-porte-allee-colonnes\\\/\",\"name\":\"Adesivi per porte Viale Colonne | Adesivi per porte | StickerDeco.fr\",\"isPartOf\":{\"@id\":\"https:\\\/\\\/stickerdeco.fr\\\/it\\\/#website\"},\"primaryImageOfPage\":{\"@id\":\"https:\\\/\\\/stickerdeco.fr\\\/it\\\/produit\\\/sticker-porte-allee-colonnes\\\/#primaryimage\"},\"image\":{\"@id\":\"https:\\\/\\\/stickerdeco.fr\\\/it\\\/produit\\\/sticker-porte-allee-colonnes\\\/#primaryimage\"},\"thumbnailUrl\":\"https:\\\/\\\/stickerdeco.fr\\\/wp-content\\\/uploads\\\/2020\\\/02\\\/sticker-porte-allee-colonnes-01.jpg\",\"datePublished\":\"2020-02-12T07:01:00+00:00\",\"dateModified\":\"2026-03-06T12:44:36+00:00\",\"description\":\"Optez pour une d\u00e9co trompe l\u2019\u0153il et pas cher gr\u00e2ce \u00e0 ce Adesivi per porte Viale Colonne ! Nos Adh\u00e9sifs sont de Fabrication Fran\u00e7aise.\",\"breadcrumb\":{\"@id\":\"https:\\\/\\\/stickerdeco.fr\\\/it\\\/produit\\\/sticker-porte-allee-colonnes\\\/#breadcrumb\"},\"inLanguage\":\"it-IT\",\"potentialAction\":[{\"@type\":\"ReadAction\",\"target\":[\"https:\\\/\\\/stickerdeco.fr\\\/it\\\/produit\\\/sticker-porte-allee-colonnes\\\/\"]}]},{\"@type\":\"ImageObject\",\"inLanguage\":\"it-IT\",\"@id\":\"https:\\\/\\\/stickerdeco.fr\\\/it\\\/produit\\\/sticker-porte-allee-colonnes\\\/#primaryimage\",\"url\":\"https:\\\/\\\/stickerdeco.fr\\\/wp-content\\\/uploads\\\/2020\\\/02\\\/sticker-porte-allee-colonnes-01.jpg\",\"contentUrl\":\"https:\\\/\\\/stickerdeco.fr\\\/wp-content\\\/uploads\\\/2020\\\/02\\\/sticker-porte-allee-colonnes-01.jpg\",\"width\":1500,\"height\":1500,\"caption\":\"Adesivi per porte Viale Colonne\"},{\"@type\":\"BreadcrumbList\",\"@id\":\"https:\\\/\\\/stickerdeco.fr\\\/it\\\/produit\\\/sticker-porte-allee-colonnes\\\/#breadcrumb\",\"itemListElement\":[{\"@type\":\"ListItem\",\"position\":1,\"name\":\"Accueil\",\"item\":\"https:\\\/\\\/stickerdeco.fr\\\/it\\\/\"},{\"@type\":\"ListItem\",\"position\":2,\"name\":\"Negozio\",\"item\":\"https:\\\/\\\/stickerdeco.fr\\\/boutique\\\/\"},{\"@type\":\"ListItem\",\"position\":3,\"name\":\"Adesivi per porte Viale Colonne\"}]},{\"@type\":\"WebSite\",\"@id\":\"https:\\\/\\\/stickerdeco.fr\\\/it\\\/#website\",\"url\":\"https:\\\/\\\/stickerdeco.fr\\\/it\\\/\",\"name\":\"Sticker Deco\",\"description\":\"Le Sticker Made In France\",\"publisher\":{\"@id\":\"https:\\\/\\\/stickerdeco.fr\\\/it\\\/#organization\"},\"potentialAction\":[{\"@type\":\"SearchAction\",\"target\":{\"@type\":\"EntryPoint\",\"urlTemplate\":\"https:\\\/\\\/stickerdeco.fr\\\/it\\\/?s={search_term_string}\"},\"query-input\":{\"@type\":\"PropertyValueSpecification\",\"valueRequired\":true,\"valueName\":\"search_term_string\"}}],\"inLanguage\":\"it-IT\"},{\"@type\":\"Organization\",\"@id\":\"https:\\\/\\\/stickerdeco.fr\\\/it\\\/#organization\",\"name\":\"Sticker D\u00e9co\",\"url\":\"https:\\\/\\\/stickerdeco.fr\\\/it\\\/\",\"logo\":{\"@type\":\"ImageObject\",\"inLanguage\":\"it-IT\",\"@id\":\"https:\\\/\\\/stickerdeco.fr\\\/it\\\/#\\\/schema\\\/logo\\\/image\\\/\",\"url\":\"https:\\\/\\\/stickerdeco.fr\\\/wp-content\\\/uploads\\\/1987\\\/05\\\/stickerdeco-logo-v2-carre.png\",\"contentUrl\":\"https:\\\/\\\/stickerdeco.fr\\\/wp-content\\\/uploads\\\/1987\\\/05\\\/stickerdeco-logo-v2-carre.png\",\"width\":1000,\"height\":1000,\"caption\":\"Sticker D\u00e9co\"},\"image\":{\"@id\":\"https:\\\/\\\/stickerdeco.fr\\\/it\\\/#\\\/schema\\\/logo\\\/image\\\/\"},\"sameAs\":[\"https:\\\/\\\/www.facebook.com\\\/stickerdeco.fr\\\/\",\"https:\\\/\\\/www.instagram.com\\\/stickerdecofr\\\/\",\"https:\\\/\\\/www.pinterest.fr\\\/stickerdecofr\\\/\",\"https:\\\/\\\/www.youtube.com\\\/StickerDeco\"],\"email\":\"contact@stickerdeco.fr\",\"telephone\":\"0980809233\",\"legalName\":\"Sticker D\u00e9co\"}]}<\/script>\n<meta property=\"og:availability\" content=\"instock\" \/>\n<meta property=\"product:availability\" content=\"instock\" \/>\n<meta property=\"product:condition\" content=\"new\" \/>\n<!-- \/ Yoast SEO Premium plugin. -->","yoast_head_json":{"title":"Adesivi per porte Viale Colonne | Adesivi per porte | StickerDeco.fr","description":"Optez pour une d\u00e9co trompe l\u2019\u0153il et pas cher gr\u00e2ce \u00e0 ce Adesivi per porte Viale Colonne ! Nos Adh\u00e9sifs sont de Fabrication Fran\u00e7aise.","robots":{"index":"index","follow":"follow","max-snippet":"max-snippet:-1","max-image-preview":"max-image-preview:large","max-video-preview":"max-video-preview:-1"},"canonical":"https:\/\/stickerdeco.fr\/it\/produit\/sticker-porte-allee-colonnes\/","og_locale":"it_IT","og_type":"article","og_title":"Adesivi per porte Viale Colonne","og_description":"Optez pour une d\u00e9co trompe l\u2019\u0153il et pas cher gr\u00e2ce \u00e0 ce Adesivi per porte Viale Colonne ! Nos Adh\u00e9sifs sont de Fabrication Fran\u00e7aise.","og_url":"https:\/\/stickerdeco.fr\/it\/produit\/sticker-porte-allee-colonnes\/","og_site_name":"Sticker Deco","article_publisher":"https:\/\/www.facebook.com\/stickerdeco.fr\/","article_modified_time":"2026-03-06T12:44:36+00:00","og_image":[{"width":1500,"height":1500,"url":"https:\/\/stickerdeco.fr\/wp-content\/uploads\/2020\/02\/sticker-porte-allee-colonnes-01.jpg","type":"image\/jpeg"}],"twitter_card":"summary_large_image","twitter_misc":{"Disponibilit\u00e0":"In stock"},"schema":{"@context":"https:\/\/schema.org","@graph":[{"@type":"WebPage","@id":"https:\/\/stickerdeco.fr\/it\/produit\/sticker-porte-allee-colonnes\/","url":"https:\/\/stickerdeco.fr\/it\/produit\/sticker-porte-allee-colonnes\/","name":"Adesivi per porte Viale Colonne | Adesivi per porte | StickerDeco.fr","isPartOf":{"@id":"https:\/\/stickerdeco.fr\/it\/#website"},"primaryImageOfPage":{"@id":"https:\/\/stickerdeco.fr\/it\/produit\/sticker-porte-allee-colonnes\/#primaryimage"},"image":{"@id":"https:\/\/stickerdeco.fr\/it\/produit\/sticker-porte-allee-colonnes\/#primaryimage"},"thumbnailUrl":"https:\/\/stickerdeco.fr\/wp-content\/uploads\/2020\/02\/sticker-porte-allee-colonnes-01.jpg","datePublished":"2020-02-12T07:01:00+00:00","dateModified":"2026-03-06T12:44:36+00:00","description":"Optez pour une d\u00e9co trompe l\u2019\u0153il et pas cher gr\u00e2ce \u00e0 ce Adesivi per porte Viale Colonne ! Nos Adh\u00e9sifs sont de Fabrication Fran\u00e7aise.","breadcrumb":{"@id":"https:\/\/stickerdeco.fr\/it\/produit\/sticker-porte-allee-colonnes\/#breadcrumb"},"inLanguage":"it-IT","potentialAction":[{"@type":"ReadAction","target":["https:\/\/stickerdeco.fr\/it\/produit\/sticker-porte-allee-colonnes\/"]}]},{"@type":"ImageObject","inLanguage":"it-IT","@id":"https:\/\/stickerdeco.fr\/it\/produit\/sticker-porte-allee-colonnes\/#primaryimage","url":"https:\/\/stickerdeco.fr\/wp-content\/uploads\/2020\/02\/sticker-porte-allee-colonnes-01.jpg","contentUrl":"https:\/\/stickerdeco.fr\/wp-content\/uploads\/2020\/02\/sticker-porte-allee-colonnes-01.jpg","width":1500,"height":1500,"caption":"Adesivi per porte Viale Colonne"},{"@type":"BreadcrumbList","@id":"https:\/\/stickerdeco.fr\/it\/produit\/sticker-porte-allee-colonnes\/#breadcrumb","itemListElement":[{"@type":"ListItem","position":1,"name":"Accueil","item":"https:\/\/stickerdeco.fr\/it\/"},{"@type":"ListItem","position":2,"name":"Negozio","item":"https:\/\/stickerdeco.fr\/boutique\/"},{"@type":"ListItem","position":3,"name":"Adesivi per porte Viale Colonne"}]},{"@type":"WebSite","@id":"https:\/\/stickerdeco.fr\/it\/#website","url":"https:\/\/stickerdeco.fr\/it\/","name":"Sticker Deco","description":"Le Sticker Made In France","publisher":{"@id":"https:\/\/stickerdeco.fr\/it\/#organization"},"potentialAction":[{"@type":"SearchAction","target":{"@type":"EntryPoint","urlTemplate":"https:\/\/stickerdeco.fr\/it\/?s={search_term_string}"},"query-input":{"@type":"PropertyValueSpecification","valueRequired":true,"valueName":"search_term_string"}}],"inLanguage":"it-IT"},{"@type":"Organization","@id":"https:\/\/stickerdeco.fr\/it\/#organization","name":"Sticker D\u00e9co","url":"https:\/\/stickerdeco.fr\/it\/","logo":{"@type":"ImageObject","inLanguage":"it-IT","@id":"https:\/\/stickerdeco.fr\/it\/#\/schema\/logo\/image\/","url":"https:\/\/stickerdeco.fr\/wp-content\/uploads\/1987\/05\/stickerdeco-logo-v2-carre.png","contentUrl":"https:\/\/stickerdeco.fr\/wp-content\/uploads\/1987\/05\/stickerdeco-logo-v2-carre.png","width":1000,"height":1000,"caption":"Sticker D\u00e9co"},"image":{"@id":"https:\/\/stickerdeco.fr\/it\/#\/schema\/logo\/image\/"},"sameAs":["https:\/\/www.facebook.com\/stickerdeco.fr\/","https:\/\/www.instagram.com\/stickerdecofr\/","https:\/\/www.pinterest.fr\/stickerdecofr\/","https:\/\/www.youtube.com\/StickerDeco"],"email":"contact@stickerdeco.fr","telephone":"0980809233","legalName":"Sticker D\u00e9co"}]},"og_availability":"instock","product_availability":"instock","product_condition":"new"},"_links":{"self":[{"href":"https:\/\/stickerdeco.fr\/it\/wp-json\/wp\/v2\/product\/129019","targetHints":{"allow":["GET"]}}],"collection":[{"href":"https:\/\/stickerdeco.fr\/it\/wp-json\/wp\/v2\/product"}],"about":[{"href":"https:\/\/stickerdeco.fr\/it\/wp-json\/wp\/v2\/types\/product"}],"version-history":[{"count":6,"href":"https:\/\/stickerdeco.fr\/it\/wp-json\/wp\/v2\/product\/129019\/revisions"}],"predecessor-version":[{"id":129073,"href":"https:\/\/stickerdeco.fr\/it\/wp-json\/wp\/v2\/product\/129019\/revisions\/129073"}],"wp:featuredmedia":[{"embeddable":true,"href":"https:\/\/stickerdeco.fr\/it\/wp-json\/wp\/v2\/media\/129024"}],"wp:attachment":[{"href":"https:\/\/stickerdeco.fr\/it\/wp-json\/wp\/v2\/media?parent=129019"}],"wp:term":[{"taxonomy":"product_brand","embeddable":true,"href":"https:\/\/stickerdeco.fr\/it\/wp-json\/wp\/v2\/product_brand?post=129019"},{"taxonomy":"product_cat","embeddable":true,"href":"https:\/\/stickerdeco.fr\/it\/wp-json\/wp\/v2\/product_cat?post=129019"},{"taxonomy":"product_tag","embeddable":true,"href":"https:\/\/stickerdeco.fr\/it\/wp-json\/wp\/v2\/product_tag?post=129019"}],"curies":[{"name":"wp","href":"https:\/\/api.w.org\/{rel}","templated":true}]}}