{"id":133062,"date":"2021-01-04T08:58:45","date_gmt":"2021-01-04T07:58:45","guid":{"rendered":"https:\/\/stickerdeco.fr\/produit\/adesivo-per-porta-cabina-telefonica-di-londra-stile-grunge\/"},"modified":"2026-03-07T09:25:33","modified_gmt":"2026-03-07T08:25:33","slug":"adesivo-per-porta-cabina-telefonica-di-londra-stile-grunge","status":"publish","type":"product","link":"https:\/\/stickerdeco.fr\/it\/produit\/adesivo-per-porta-cabina-telefonica-di-londra-stile-grunge\/","title":{"rendered":"Adesivo per porta Cabina telefonica di Londra stile grunge"},"content":{"rendered":"<div class=\"wpb-content-wrapper\"><p>[vc_row][vc_column][vc_column_text]<\/p>\n<h2><span style=\"font-size: 14pt;\"><strong>Il Adesivo per porta Cabina telefonica di Londra stile grunge<\/strong><\/span><\/h2>\n<p><span style=\"font-size: 11pt;\">Hai voglia di cambiare la <strong>decorazione<\/strong> d\u2019interno? Allora questo magnifico <strong>Adesivo per porta Cabina telefonica di Londra stile grunge<\/strong> fa per te! Senza dubbio questo <strong>Adesivo per porta Cabina telefonica di Londra stile grunge<\/strong> ti soddisfer\u00e0 grazie al nostro vinile adesivo di alta qualit\u00e0. \u00c8 <strong>facile da applicare<\/strong>. Con questo sticker, <strong>personalizzare i tuoi interni<\/strong> \u00e8 finalmente alla portata di tutti!<\/span><\/p>\n<h3><span style=\"font-size: 14pt;\"><strong>L\u2019adesivo per porta<\/strong><\/span><\/h3>\n<p><span style=\"font-size: 11pt;\">Vuoi uno stile unico per decorare le tue porte? Allora questo <strong>Adesivo per porta Cabina telefonica di Londra stile grunge<\/strong> fa per te! Senza dubbio questo <strong>Adesivo per porta Cabina telefonica di Londra stile grunge<\/strong> ti piacer\u00e0. \u00c8 <strong>facile da applicare<\/strong>, un gioco da ragazzi!<\/span><\/p>\n<p><span style=\"font-size: 11pt;\">I nostri <strong>adesivi per porte<\/strong> sono consegnati in un unico pezzo. Risultato: nessun raccordo necessario per una posa facile! Con <a href=\"https:\/\/stickerdeco.fr\/it\/cat\/sticker-porta\/\"><strong>adesivi per porte<\/strong><\/a> otterrai una <strong>decorazione originale<\/strong> e personalizzata. Molti stili e design sono disponibili nello shop Sticker D\u00e9co. Che sia un effetto 3D, un\u2019<a href=\"https:\/\/stickerdeco.fr\/it\/tag\/adesivi-effetto-legno\/\">imitazione legno<\/a> o l\u2019aspetto di una porta in acciaio, la tua porta avr\u00e0 sicuramente un sorprendente effetto <a href=\"https:\/\/stickerdeco.fr\/it\/tag\/adesivi-trompe-loeil\/\"><strong>trompe l\u2019\u0153il<\/strong><\/a>.<\/span><\/p>\n<h3><span style=\"font-size: 14pt;\"><strong>Uno sticker di altissima qualit\u00e0<\/strong><\/span><\/h3>\n<p><span style=\"font-size: 11pt;\">Stampiamo i nostri <strong>adesivi murali<\/strong> in quadricromia HQ su <strong>adesivo<\/strong> polimerico <strong>resistente<\/strong> con colla strutturata. Questa tecnologia <strong>all\u2019avanguardia<\/strong> garantisce un\u2019ottima tenuta del <strong>vinile<\/strong> nel tempo (colla polimerica) e una <strong>posa senza bolle<\/strong> (colla strutturata). L\u2019<strong>adesivo<\/strong> resta comunque piuttosto sottile, con uno <strong>spessore inferiore a 0,2 mm<\/strong> (180 \u00b5m).<\/span><\/p>\n<h3><span style=\"font-size: 14pt;\"><strong>Come decorare la casa?<\/strong><\/span><\/h3>\n<p><span style=\"font-size: 11pt;\">Ti piace questo <strong>Adesivo per porta Cabina telefonica di Londra stile grunge<\/strong>? Sei fan della <strong>decorazione murale<\/strong> e vuoi coordinare le stanze? Allora completa la tua decorazione con i nostri <a href=\"\/?product_cat=sticker-salle-de-bains\"><strong>adesivi bagno<\/strong><\/a>, <a href=\"\/?product_cat=sticker-salon\"><strong>adesivi soggiorno<\/strong><\/a>, <a href=\"https:\/\/stickerdeco.fr\/it\/cat\/sticker-murali\/sticker-cucina\/\"><strong>adesivi cucina<\/strong><\/a> oppure i nostri <a href=\"https:\/\/stickerdeco.fr\/it\/cat\/sticker-murali\/sticker-camera-adulti\/\"><strong>adesivi camera<\/strong><\/a>.<\/span><\/p>\n<h3><span style=\"font-size: 14pt;\"><strong><a href=\"https:\/\/www.stickerdeco.fr\/\">StickerDeco.fr<\/a> significa migliaia di prodotti!<\/strong><\/span><\/h3>\n<p><span style=\"font-size: 11pt;\">Realizzata nei nostri locali in \u00cele-de-France, la stampa degli adesivi \u00e8 <strong>Made in France<\/strong>. Scegli il tuo tra le categorie:<\/span><\/p>\n<ul>\n<li><span style=\"font-size: 11pt;\"><a href=\"\/?product_cat=stickers-muraux-animaux\"><strong>Adesivi animali<\/strong><\/a>, <\/span><\/li>\n<li><span style=\"font-size: 11pt;\"><strong><a href=\"\/?product_cat=stickers-muraux-fleurs\">Adesivi fiori<\/a><\/strong>, <\/span><\/li>\n<li><span style=\"font-size: 11pt;\"><strong><a href=\"\/?product_cat=stickers-muraux-mangas-et-cartoons\">Adesivi manga<\/a><\/strong> e molto altro!<\/span><\/li>\n<\/ul>\n<p><span style=\"font-size: 14pt; color: #d64444;\"><strong>ADESIVO DI ALTISSIMA QUALIT\u00c0 = POSA FACILE, GARANZIA SENZA BOLLE<\/strong><\/span>[\/vc_column_text][\/vc_column][\/vc_row]<\/p>\n<\/div>","protected":false},"excerpt":{"rendered":"<p>Vuoi dare alle tue porte una decorazione originale? Allora questo <strong>Adesivo per porta Cabina telefonica di Londra stile grunge<\/strong> fa per te!<\/p>\n<p>Questo adesivo per porta Cabina telefonica di Londra stile grunge dona un tocco londinese di carattere ai tuoi interni.<\/p>\n<p><strong>Caratteristiche del prodotto:<\/strong><\/p>\n<ul class=\"product-short-desc-list\">\n<li>Adesivi per porte: applicazione facile e senza bolle<\/li>\n<li>Consegnato in un unico pezzo: nessun assemblaggio laborioso o incollaggio aggiuntivo<\/li>\n<li>Superficie laminata con finitura opaca: aspetto elegante, bassa riflessione e grande durata<\/li>\n<li>Adatto a superfici lisce (porte verniciate\/laminate, plastica, vetro, ecc.)<\/li>\n<li>Facile da pulire, lavabile e resistente agli schizzi<\/li>\n<li>Euroclasse B-s1,d0 (equiv. M1 in Francia)<\/li>\n<li>Stampa ecologica UL ECOLOGO\u00ae e UL GREENGUARD Gold: basse emissioni e senza odori, adatta ad ambienti interni sensibili<\/li>\n<\/ul>\n","protected":false},"featured_media":133063,"template":"","meta":[],"product_brand":[],"product_cat":[4615],"product_tag":[6911,6800,6801,6803,6992,6806,6804,6805,6980,5059,6802],"class_list":{"0":"post-133062","1":"product","2":"type-product","3":"status-publish","4":"has-post-thumbnail","6":"product_cat-sticker-porta","7":"product_tag-adesivi-inghilterra","8":"product_tag-adesivi-per-porta-63-x-204-cm","9":"product_tag-adesivi-per-porta-73-x-204-cm","10":"product_tag-adesivi-per-porta-93-x-204-cm","11":"product_tag-adesivi-porta-bagno","12":"product_tag-adesivi-porta-chambre","13":"product_tag-adesivi-porta-cucina","14":"product_tag-adesivi-porta-salon","15":"product_tag-adesivi-porta-trompe-loeil","16":"product_tag-adesivi-trompe-loeil","17":"product_tag-stickers-porta-83-x-204-cm","19":"first","20":"instock","21":"sale","22":"taxable","23":"shipping-taxable","24":"purchasable","25":"product-type-variable"},"etheme_brands":{"errors":{"invalid_taxonomy":["Tassonomia non valida."]},"error_data":[]},"yoast_head":"<!-- This site is optimized with the Yoast SEO Premium plugin v27.3 (Yoast SEO v27.3) - https:\/\/yoast.com\/product\/yoast-seo-premium-wordpress\/ -->\n<title>Adesivo per porta Cabina telefonica di Londra stile grunge | Adesivi per porte | Stickerdeco.fr<\/title>\n<meta name=\"description\" content=\"Adesivo per porta Cabina telefonica di Londra stile grunge \u2014 Questo adesivo per porta Cabina telefonica di Londra stile grunge dona un tocco londinese di carattere ai tuoi interni. Facile da applicare, senza bolle.\" \/>\n<meta name=\"robots\" content=\"index, follow, max-snippet:-1, max-image-preview:large, max-video-preview:-1\" \/>\n<link rel=\"canonical\" href=\"https:\/\/stickerdeco.fr\/it\/produit\/adesivo-per-porta-cabina-telefonica-di-londra-stile-grunge\/\" \/>\n<meta property=\"og:locale\" content=\"it_IT\" \/>\n<meta property=\"og:type\" content=\"article\" \/>\n<meta property=\"og:title\" content=\"Adesivo per porta Cabina telefonica di Londra stile grunge\" \/>\n<meta property=\"og:description\" content=\"Adesivo per porta Cabina telefonica di Londra stile grunge \u2014 Questo adesivo per porta Cabina telefonica di Londra stile grunge dona un tocco londinese di carattere ai tuoi interni. Facile da applicare, senza bolle.\" \/>\n<meta property=\"og:url\" content=\"https:\/\/stickerdeco.fr\/it\/produit\/adesivo-per-porta-cabina-telefonica-di-londra-stile-grunge\/\" \/>\n<meta property=\"og:site_name\" content=\"Sticker Deco\" \/>\n<meta property=\"article:publisher\" content=\"https:\/\/www.facebook.com\/stickerdeco.fr\/\" \/>\n<meta property=\"article:modified_time\" content=\"2026-03-07T08:25:33+00:00\" \/>\n<meta property=\"og:image\" content=\"https:\/\/stickerdeco.fr\/wp-content\/uploads\/2020\/12\/sticker-porte-cabine-londres-grunge-01.jpg\" \/>\n\t<meta property=\"og:image:width\" content=\"1000\" \/>\n\t<meta property=\"og:image:height\" content=\"1000\" \/>\n\t<meta property=\"og:image:type\" content=\"image\/jpeg\" \/>\n<meta name=\"twitter:card\" content=\"summary_large_image\" \/>\n<meta name=\"twitter:label1\" content=\"Disponibilit\u00e0\" \/>\n\t<meta name=\"twitter:data1\" content=\"In stock\" \/>\n<script type=\"application\/ld+json\" class=\"yoast-schema-graph\">{\"@context\":\"https:\\\/\\\/schema.org\",\"@graph\":[{\"@type\":\"WebPage\",\"@id\":\"https:\\\/\\\/stickerdeco.fr\\\/it\\\/produit\\\/adesivo-per-porta-cabina-telefonica-di-londra-stile-grunge\\\/\",\"url\":\"https:\\\/\\\/stickerdeco.fr\\\/it\\\/produit\\\/adesivo-per-porta-cabina-telefonica-di-londra-stile-grunge\\\/\",\"name\":\"Adesivo per porta Cabina telefonica di Londra stile grunge | Adesivi per porte | Stickerdeco.fr\",\"isPartOf\":{\"@id\":\"https:\\\/\\\/stickerdeco.fr\\\/it\\\/#website\"},\"primaryImageOfPage\":{\"@id\":\"https:\\\/\\\/stickerdeco.fr\\\/it\\\/produit\\\/adesivo-per-porta-cabina-telefonica-di-londra-stile-grunge\\\/#primaryimage\"},\"image\":{\"@id\":\"https:\\\/\\\/stickerdeco.fr\\\/it\\\/produit\\\/adesivo-per-porta-cabina-telefonica-di-londra-stile-grunge\\\/#primaryimage\"},\"thumbnailUrl\":\"https:\\\/\\\/stickerdeco.fr\\\/wp-content\\\/uploads\\\/2020\\\/12\\\/sticker-porte-cabine-londres-grunge-01.jpg\",\"datePublished\":\"2021-01-04T07:58:45+00:00\",\"dateModified\":\"2026-03-07T08:25:33+00:00\",\"description\":\"Adesivo per porta Cabina telefonica di Londra stile grunge \u2014 Questo adesivo per porta Cabina telefonica di Londra stile grunge dona un tocco londinese di carattere ai tuoi interni. Facile da applicare, senza bolle.\",\"breadcrumb\":{\"@id\":\"https:\\\/\\\/stickerdeco.fr\\\/it\\\/produit\\\/adesivo-per-porta-cabina-telefonica-di-londra-stile-grunge\\\/#breadcrumb\"},\"inLanguage\":\"it-IT\",\"potentialAction\":[{\"@type\":\"ReadAction\",\"target\":[\"https:\\\/\\\/stickerdeco.fr\\\/it\\\/produit\\\/adesivo-per-porta-cabina-telefonica-di-londra-stile-grunge\\\/\"]}]},{\"@type\":\"ImageObject\",\"inLanguage\":\"it-IT\",\"@id\":\"https:\\\/\\\/stickerdeco.fr\\\/it\\\/produit\\\/adesivo-per-porta-cabina-telefonica-di-londra-stile-grunge\\\/#primaryimage\",\"url\":\"https:\\\/\\\/stickerdeco.fr\\\/wp-content\\\/uploads\\\/2020\\\/12\\\/sticker-porte-cabine-londres-grunge-01.jpg\",\"contentUrl\":\"https:\\\/\\\/stickerdeco.fr\\\/wp-content\\\/uploads\\\/2020\\\/12\\\/sticker-porte-cabine-londres-grunge-01.jpg\",\"width\":1000,\"height\":1000,\"caption\":\"Sticker Porte Cabine Londres Grunge\"},{\"@type\":\"BreadcrumbList\",\"@id\":\"https:\\\/\\\/stickerdeco.fr\\\/it\\\/produit\\\/adesivo-per-porta-cabina-telefonica-di-londra-stile-grunge\\\/#breadcrumb\",\"itemListElement\":[{\"@type\":\"ListItem\",\"position\":1,\"name\":\"Accueil\",\"item\":\"https:\\\/\\\/stickerdeco.fr\\\/it\\\/\"},{\"@type\":\"ListItem\",\"position\":2,\"name\":\"Negozio\",\"item\":\"https:\\\/\\\/stickerdeco.fr\\\/boutique\\\/\"},{\"@type\":\"ListItem\",\"position\":3,\"name\":\"Adesivo per porta Cabina telefonica di Londra stile grunge\"}]},{\"@type\":\"WebSite\",\"@id\":\"https:\\\/\\\/stickerdeco.fr\\\/it\\\/#website\",\"url\":\"https:\\\/\\\/stickerdeco.fr\\\/it\\\/\",\"name\":\"Sticker Deco\",\"description\":\"Le Sticker Made In France\",\"publisher\":{\"@id\":\"https:\\\/\\\/stickerdeco.fr\\\/it\\\/#organization\"},\"potentialAction\":[{\"@type\":\"SearchAction\",\"target\":{\"@type\":\"EntryPoint\",\"urlTemplate\":\"https:\\\/\\\/stickerdeco.fr\\\/it\\\/?s={search_term_string}\"},\"query-input\":{\"@type\":\"PropertyValueSpecification\",\"valueRequired\":true,\"valueName\":\"search_term_string\"}}],\"inLanguage\":\"it-IT\"},{\"@type\":\"Organization\",\"@id\":\"https:\\\/\\\/stickerdeco.fr\\\/it\\\/#organization\",\"name\":\"Sticker D\u00e9co\",\"url\":\"https:\\\/\\\/stickerdeco.fr\\\/it\\\/\",\"logo\":{\"@type\":\"ImageObject\",\"inLanguage\":\"it-IT\",\"@id\":\"https:\\\/\\\/stickerdeco.fr\\\/it\\\/#\\\/schema\\\/logo\\\/image\\\/\",\"url\":\"https:\\\/\\\/stickerdeco.fr\\\/wp-content\\\/uploads\\\/1987\\\/05\\\/stickerdeco-logo-v2-carre.png\",\"contentUrl\":\"https:\\\/\\\/stickerdeco.fr\\\/wp-content\\\/uploads\\\/1987\\\/05\\\/stickerdeco-logo-v2-carre.png\",\"width\":1000,\"height\":1000,\"caption\":\"Sticker D\u00e9co\"},\"image\":{\"@id\":\"https:\\\/\\\/stickerdeco.fr\\\/it\\\/#\\\/schema\\\/logo\\\/image\\\/\"},\"sameAs\":[\"https:\\\/\\\/www.facebook.com\\\/stickerdeco.fr\\\/\",\"https:\\\/\\\/www.instagram.com\\\/stickerdecofr\\\/\",\"https:\\\/\\\/www.pinterest.fr\\\/stickerdecofr\\\/\",\"https:\\\/\\\/www.youtube.com\\\/StickerDeco\"],\"email\":\"contact@stickerdeco.fr\",\"telephone\":\"0980809233\",\"legalName\":\"Sticker D\u00e9co\"}]}<\/script>\n<meta property=\"og:availability\" content=\"instock\" \/>\n<meta property=\"product:availability\" content=\"instock\" \/>\n<meta property=\"product:condition\" content=\"new\" \/>\n<!-- \/ Yoast SEO Premium plugin. -->","yoast_head_json":{"title":"Adesivo per porta Cabina telefonica di Londra stile grunge | Adesivi per porte | Stickerdeco.fr","description":"Adesivo per porta Cabina telefonica di Londra stile grunge \u2014 Questo adesivo per porta Cabina telefonica di Londra stile grunge dona un tocco londinese di carattere ai tuoi interni. Facile da applicare, senza bolle.","robots":{"index":"index","follow":"follow","max-snippet":"max-snippet:-1","max-image-preview":"max-image-preview:large","max-video-preview":"max-video-preview:-1"},"canonical":"https:\/\/stickerdeco.fr\/it\/produit\/adesivo-per-porta-cabina-telefonica-di-londra-stile-grunge\/","og_locale":"it_IT","og_type":"article","og_title":"Adesivo per porta Cabina telefonica di Londra stile grunge","og_description":"Adesivo per porta Cabina telefonica di Londra stile grunge \u2014 Questo adesivo per porta Cabina telefonica di Londra stile grunge dona un tocco londinese di carattere ai tuoi interni. Facile da applicare, senza bolle.","og_url":"https:\/\/stickerdeco.fr\/it\/produit\/adesivo-per-porta-cabina-telefonica-di-londra-stile-grunge\/","og_site_name":"Sticker Deco","article_publisher":"https:\/\/www.facebook.com\/stickerdeco.fr\/","article_modified_time":"2026-03-07T08:25:33+00:00","og_image":[{"width":1000,"height":1000,"url":"https:\/\/stickerdeco.fr\/wp-content\/uploads\/2020\/12\/sticker-porte-cabine-londres-grunge-01.jpg","type":"image\/jpeg"}],"twitter_card":"summary_large_image","twitter_misc":{"Disponibilit\u00e0":"In stock"},"schema":{"@context":"https:\/\/schema.org","@graph":[{"@type":"WebPage","@id":"https:\/\/stickerdeco.fr\/it\/produit\/adesivo-per-porta-cabina-telefonica-di-londra-stile-grunge\/","url":"https:\/\/stickerdeco.fr\/it\/produit\/adesivo-per-porta-cabina-telefonica-di-londra-stile-grunge\/","name":"Adesivo per porta Cabina telefonica di Londra stile grunge | Adesivi per porte | Stickerdeco.fr","isPartOf":{"@id":"https:\/\/stickerdeco.fr\/it\/#website"},"primaryImageOfPage":{"@id":"https:\/\/stickerdeco.fr\/it\/produit\/adesivo-per-porta-cabina-telefonica-di-londra-stile-grunge\/#primaryimage"},"image":{"@id":"https:\/\/stickerdeco.fr\/it\/produit\/adesivo-per-porta-cabina-telefonica-di-londra-stile-grunge\/#primaryimage"},"thumbnailUrl":"https:\/\/stickerdeco.fr\/wp-content\/uploads\/2020\/12\/sticker-porte-cabine-londres-grunge-01.jpg","datePublished":"2021-01-04T07:58:45+00:00","dateModified":"2026-03-07T08:25:33+00:00","description":"Adesivo per porta Cabina telefonica di Londra stile grunge \u2014 Questo adesivo per porta Cabina telefonica di Londra stile grunge dona un tocco londinese di carattere ai tuoi interni. Facile da applicare, senza bolle.","breadcrumb":{"@id":"https:\/\/stickerdeco.fr\/it\/produit\/adesivo-per-porta-cabina-telefonica-di-londra-stile-grunge\/#breadcrumb"},"inLanguage":"it-IT","potentialAction":[{"@type":"ReadAction","target":["https:\/\/stickerdeco.fr\/it\/produit\/adesivo-per-porta-cabina-telefonica-di-londra-stile-grunge\/"]}]},{"@type":"ImageObject","inLanguage":"it-IT","@id":"https:\/\/stickerdeco.fr\/it\/produit\/adesivo-per-porta-cabina-telefonica-di-londra-stile-grunge\/#primaryimage","url":"https:\/\/stickerdeco.fr\/wp-content\/uploads\/2020\/12\/sticker-porte-cabine-londres-grunge-01.jpg","contentUrl":"https:\/\/stickerdeco.fr\/wp-content\/uploads\/2020\/12\/sticker-porte-cabine-londres-grunge-01.jpg","width":1000,"height":1000,"caption":"Sticker Porte Cabine Londres Grunge"},{"@type":"BreadcrumbList","@id":"https:\/\/stickerdeco.fr\/it\/produit\/adesivo-per-porta-cabina-telefonica-di-londra-stile-grunge\/#breadcrumb","itemListElement":[{"@type":"ListItem","position":1,"name":"Accueil","item":"https:\/\/stickerdeco.fr\/it\/"},{"@type":"ListItem","position":2,"name":"Negozio","item":"https:\/\/stickerdeco.fr\/boutique\/"},{"@type":"ListItem","position":3,"name":"Adesivo per porta Cabina telefonica di Londra stile grunge"}]},{"@type":"WebSite","@id":"https:\/\/stickerdeco.fr\/it\/#website","url":"https:\/\/stickerdeco.fr\/it\/","name":"Sticker Deco","description":"Le Sticker Made In France","publisher":{"@id":"https:\/\/stickerdeco.fr\/it\/#organization"},"potentialAction":[{"@type":"SearchAction","target":{"@type":"EntryPoint","urlTemplate":"https:\/\/stickerdeco.fr\/it\/?s={search_term_string}"},"query-input":{"@type":"PropertyValueSpecification","valueRequired":true,"valueName":"search_term_string"}}],"inLanguage":"it-IT"},{"@type":"Organization","@id":"https:\/\/stickerdeco.fr\/it\/#organization","name":"Sticker D\u00e9co","url":"https:\/\/stickerdeco.fr\/it\/","logo":{"@type":"ImageObject","inLanguage":"it-IT","@id":"https:\/\/stickerdeco.fr\/it\/#\/schema\/logo\/image\/","url":"https:\/\/stickerdeco.fr\/wp-content\/uploads\/1987\/05\/stickerdeco-logo-v2-carre.png","contentUrl":"https:\/\/stickerdeco.fr\/wp-content\/uploads\/1987\/05\/stickerdeco-logo-v2-carre.png","width":1000,"height":1000,"caption":"Sticker D\u00e9co"},"image":{"@id":"https:\/\/stickerdeco.fr\/it\/#\/schema\/logo\/image\/"},"sameAs":["https:\/\/www.facebook.com\/stickerdeco.fr\/","https:\/\/www.instagram.com\/stickerdecofr\/","https:\/\/www.pinterest.fr\/stickerdecofr\/","https:\/\/www.youtube.com\/StickerDeco"],"email":"contact@stickerdeco.fr","telephone":"0980809233","legalName":"Sticker D\u00e9co"}]},"og_availability":"instock","product_availability":"instock","product_condition":"new"},"_links":{"self":[{"href":"https:\/\/stickerdeco.fr\/it\/wp-json\/wp\/v2\/product\/133062","targetHints":{"allow":["GET"]}}],"collection":[{"href":"https:\/\/stickerdeco.fr\/it\/wp-json\/wp\/v2\/product"}],"about":[{"href":"https:\/\/stickerdeco.fr\/it\/wp-json\/wp\/v2\/types\/product"}],"version-history":[{"count":1,"href":"https:\/\/stickerdeco.fr\/it\/wp-json\/wp\/v2\/product\/133062\/revisions"}],"predecessor-version":[{"id":133083,"href":"https:\/\/stickerdeco.fr\/it\/wp-json\/wp\/v2\/product\/133062\/revisions\/133083"}],"wp:featuredmedia":[{"embeddable":true,"href":"https:\/\/stickerdeco.fr\/it\/wp-json\/wp\/v2\/media\/133063"}],"wp:attachment":[{"href":"https:\/\/stickerdeco.fr\/it\/wp-json\/wp\/v2\/media?parent=133062"}],"wp:term":[{"taxonomy":"product_brand","embeddable":true,"href":"https:\/\/stickerdeco.fr\/it\/wp-json\/wp\/v2\/product_brand?post=133062"},{"taxonomy":"product_cat","embeddable":true,"href":"https:\/\/stickerdeco.fr\/it\/wp-json\/wp\/v2\/product_cat?post=133062"},{"taxonomy":"product_tag","embeddable":true,"href":"https:\/\/stickerdeco.fr\/it\/wp-json\/wp\/v2\/product_tag?post=133062"}],"curies":[{"name":"wp","href":"https:\/\/api.w.org\/{rel}","templated":true}]}}