{"id":134319,"date":"2022-09-08T10:32:34","date_gmt":"2022-09-08T08:32:34","guid":{"rendered":"https:\/\/stickerdeco.fr\/produit\/adesivo-per-porta-barca\/"},"modified":"2026-03-07T09:45:57","modified_gmt":"2026-03-07T08:45:57","slug":"adesivo-per-porta-barca","status":"publish","type":"product","link":"https:\/\/stickerdeco.fr\/it\/produit\/adesivo-per-porta-barca\/","title":{"rendered":"Adesivo per porta Barca"},"content":{"rendered":"<div class=\"wpb-content-wrapper\"><p>[vc_row][vc_column][vc_column_text]<\/p>\n<h2><span style=\"font-size: 14pt;\"><strong>Il Adesivo per porta Barca<\/strong><\/span><\/h2>\n<p><span style=\"font-size: 11pt;\">Hai voglia di cambiare la <strong>decorazione<\/strong> della tua casa? Allora questo magnifico <strong>Adesivo per porta Barca <\/strong>fa per te! Senza dubbio questo <strong>Adesivo per porta Barca <\/strong>ti soddisfer\u00e0 grazie al nostro adesivo vinilico di alta qualit\u00e0. \u00c8 <strong>facile da applicare. <\/strong>Con questo sticker, <strong>personalizzare i tuoi interni <\/strong>\u00e8 ora alla portata di tutti!<\/span><\/p>\n<h3><span style=\"font-size: 14pt;\"><strong>L\u2019adesivo per porta<\/strong><\/span><\/h3>\n<p><span style=\"font-size: 11pt;\">Vuoi uno stile unico per decorare le tue porte? Allora questo <strong>Adesivo per porta Barca<\/strong> \u00e8 perfetto per te! Senza dubbio questo <strong>Adesivo per porta Barca<\/strong> ti soddisfer\u00e0. \u00c8 <strong>facile da applicare <\/strong>\u2014 un gioco da ragazzi!<\/span><\/p>\n<p><span style=\"font-size: 11pt;\">I nostri <strong>adesivi per porte<\/strong> vengono consegnati in un\u2019unica striscia, cio\u00e8 in un solo pezzo. Risultato: nessuna giunzione necessaria per un\u2019applicazione facile! Utilizzando gli <a href=\"https:\/\/stickerdeco.fr\/it\/cat\/sticker-porta\/\"><strong>adesivi per porte<\/strong><\/a>, otterrai una <strong>decorazione originale<\/strong> e personalizzata nei tuoi interni. Sono disponibili molti stili e design nello shop Sticker D\u00e9co. Che sia un effetto 3D, una <a href=\"https:\/\/stickerdeco.fr\/it\/tag\/adesivi-effetto-legno\/\">finitura effetto legno<\/a> o una porta in acciaio, la tua porta avr\u00e0 sicuramente un sorprendente effetto <a href=\"https:\/\/stickerdeco.fr\/it\/tag\/adesivi-trompe-loeil\/\"><strong>trompe-l\u2019\u0153il<\/strong><\/a>.<\/span><\/p>\n<h3><span style=\"font-size: 14pt;\"><strong>Uno sticker di altissima qualit\u00e0<\/strong><\/span><\/h3>\n<p><span style=\"font-size: 11pt;\">Stampiamo i nostri <strong>adesivi murali<\/strong> in quadricromia HQ su <strong>adesivo<\/strong> <strong>resistente<\/strong> con colla strutturata. Questa tecnologia <strong>all\u2019avanguardia<\/strong> garantisce una buona tenuta del <strong>vinile<\/strong> nel tempo (colla polimerica) e un\u2019<strong>applicazione senza bolle<\/strong> (colla strutturata). L\u2019<strong>adesivo<\/strong> resta comunque relativamente sottile, con <strong>uno spessore inferiore a 0,2 mm<\/strong> (180\u00b5m).<\/span><\/p>\n<h3><span style=\"font-size: 14pt;\"><strong>Come decorare la casa?<\/strong><\/span><\/h3>\n<p><span style=\"font-size: 11pt;\">Ti piace questo <strong>Adesivo per porta Barca <\/strong>? Ami la <strong>decorazione murale<\/strong> e vuoi coordinare le stanze? Allora completa la tua decorazione d\u2019interni con i nostri <a href=\"\/?product_cat=sticker-salle-de-bains\"><strong>Adesivi Bagno<\/strong><\/a>, <a href=\"\/?product_cat=sticker-salon\"><strong>Adesivi Salotto<\/strong><\/a>, <a href=\"https:\/\/stickerdeco.fr\/it\/cat\/sticker-murali\/sticker-cucina\/\"><strong>Adesivi Cucina<\/strong><\/a> oppure i nostri <a href=\"https:\/\/stickerdeco.fr\/it\/cat\/sticker-murali\/sticker-camera-adulti\/\"><strong>Adesivi Camera<\/strong><\/a>.<\/span><\/p>\n<h3><span style=\"font-size: 14pt;\"><strong><a href=\"https:\/\/www.stickerdeco.fr\/\">StickerDeco.fr<\/a> ha migliaia di prodotti!<\/strong><\/span><\/h3>\n<p><span style=\"font-size: 11pt;\">Realizzati nei nostri locali in \u00cele-de-France, gli adesivi sono <strong>Made In France<\/strong>. Scegli il tuo tra le categorie:<\/span><\/p>\n<ul>\n<li><span style=\"font-size: 11pt;\"><a href=\"\/?product_cat=stickers-muraux-animaux\"><strong>Adesivi Animali<\/strong><\/a>, <\/span><\/li>\n<li><span style=\"font-size: 11pt;\"><strong><a href=\"\/?product_cat=stickers-muraux-fleurs\">Adesivi Fiori<\/a><\/strong>, <\/span><\/li>\n<li><span style=\"font-size: 11pt;\"><strong><a href=\"\/?product_cat=stickers-muraux-mangas-et-cartoons\">Adesivi Manga<\/a><\/strong> e molto altro!<\/span><\/li>\n<\/ul>\n<p><span style=\"font-size: 14pt; color: #d64444;\"><strong>ADESIVO DI ALTISSIMA QUALIT\u00c0 = APPLICAZIONE FACILE, GARANZIA SENZA BOLLE<\/strong><\/span>[\/vc_column_text][\/vc_column][\/vc_row]<\/p>\n<\/div>","protected":false},"excerpt":{"rendered":"<p>Scopri il nostro Adesivo per porta Barca e decora la tua casa in pochi istanti.<\/p>\n<p><strong>Caratteristiche del prodotto:<\/strong><\/p>\n<ul class=\"product-short-desc-list\">\n<li>Adesivi per porte: applicazione facile e senza bolle<\/li>\n<li>Consegnato in un unico pezzo: nessun assemblaggio laborioso o incollaggio aggiuntivo<\/li>\n<li>Superficie laminata con finitura opaca: aspetto elegante, bassa riflessione e grande durata<\/li>\n<li>Adatto a superfici lisce (porte verniciate\/laminate, plastica, vetro, ecc.)<\/li>\n<li>Facile da pulire, lavabile e resistente agli schizzi<\/li>\n<li>Euroclasse B-s1,d0 (equiv. M1 in Francia)<\/li>\n<li>Stampa ecologica UL ECOLOGO\u00ae e UL GREENGUARD Gold: basse emissioni e senza odori, adatta ad ambienti interni sensibili<\/li>\n<\/ul>\n<p><span style=\"color: #d64444;\"><strong>Diverse misure disponibili per adattarsi a tutte le porte (su misura possibile su richiesta).<\/strong><\/span><\/p>\n<hr \/>\n","protected":false},"featured_media":134324,"template":"","meta":[],"product_brand":[],"product_cat":[4587,4615,4591],"product_tag":[6800,6801,6803,6992,6806,6804,6805,6980,6802],"class_list":{"0":"post-134319","1":"product","2":"type-product","3":"status-publish","4":"has-post-thumbnail","6":"product_cat-sticker-camera-adulti","7":"product_cat-sticker-porta","8":"product_cat-sticker-soggiorno","9":"product_tag-adesivi-per-porta-63-x-204-cm","10":"product_tag-adesivi-per-porta-73-x-204-cm","11":"product_tag-adesivi-per-porta-93-x-204-cm","12":"product_tag-adesivi-porta-bagno","13":"product_tag-adesivi-porta-chambre","14":"product_tag-adesivi-porta-cucina","15":"product_tag-adesivi-porta-salon","16":"product_tag-adesivi-porta-trompe-loeil","17":"product_tag-stickers-porta-83-x-204-cm","19":"first","20":"instock","21":"sale","22":"taxable","23":"shipping-taxable","24":"purchasable","25":"product-type-variable","26":"has-default-attributes"},"etheme_brands":{"errors":{"invalid_taxonomy":["Tassonomia non valida."]},"error_data":[]},"yoast_head":"<!-- This site is optimized with the Yoast SEO Premium plugin v27.3 (Yoast SEO v27.3) - https:\/\/yoast.com\/product\/yoast-seo-premium-wordpress\/ -->\n<title>Adesivo per porta Barca | Adesivi per porte | Stickerdeco.fr<\/title>\n<meta name=\"description\" content=\"Envie d&#039;une d\u00e9co originale et surprenante ? Alors ce Adesivo per porta de Bateau est fait pour vous ! Qualit\u00e9 Made In France.\" \/>\n<meta name=\"robots\" content=\"index, follow, max-snippet:-1, max-image-preview:large, max-video-preview:-1\" \/>\n<link rel=\"canonical\" href=\"https:\/\/stickerdeco.fr\/it\/produit\/adesivo-per-porta-barca\/\" \/>\n<meta property=\"og:locale\" content=\"it_IT\" \/>\n<meta property=\"og:type\" content=\"article\" \/>\n<meta property=\"og:title\" content=\"Adesivo per porta Barca\" \/>\n<meta property=\"og:description\" content=\"Envie d&#039;une d\u00e9co originale et surprenante ? Alors ce Adesivo per porta de Bateau est fait pour vous ! Qualit\u00e9 Made In France.\" \/>\n<meta property=\"og:url\" content=\"https:\/\/stickerdeco.fr\/it\/produit\/adesivo-per-porta-barca\/\" \/>\n<meta property=\"og:site_name\" content=\"Sticker Deco\" \/>\n<meta property=\"article:publisher\" content=\"https:\/\/www.facebook.com\/stickerdeco.fr\/\" \/>\n<meta property=\"article:modified_time\" content=\"2026-03-07T08:45:57+00:00\" \/>\n<meta property=\"og:image\" content=\"https:\/\/stickerdeco.fr\/wp-content\/uploads\/2022\/09\/sticker-porte-de-bateau-00-e1732699587163.jpg\" \/>\n\t<meta property=\"og:image:width\" content=\"1000\" \/>\n\t<meta property=\"og:image:height\" content=\"1000\" \/>\n\t<meta property=\"og:image:type\" content=\"image\/jpeg\" \/>\n<meta name=\"twitter:card\" content=\"summary_large_image\" \/>\n<meta name=\"twitter:label1\" content=\"Disponibilit\u00e0\" \/>\n\t<meta name=\"twitter:data1\" content=\"In stock\" \/>\n<script type=\"application\/ld+json\" class=\"yoast-schema-graph\">{\"@context\":\"https:\\\/\\\/schema.org\",\"@graph\":[{\"@type\":\"WebPage\",\"@id\":\"https:\\\/\\\/stickerdeco.fr\\\/it\\\/produit\\\/adesivo-per-porta-barca\\\/\",\"url\":\"https:\\\/\\\/stickerdeco.fr\\\/it\\\/produit\\\/adesivo-per-porta-barca\\\/\",\"name\":\"Adesivo per porta Barca | Adesivi per porte | Stickerdeco.fr\",\"isPartOf\":{\"@id\":\"https:\\\/\\\/stickerdeco.fr\\\/it\\\/#website\"},\"primaryImageOfPage\":{\"@id\":\"https:\\\/\\\/stickerdeco.fr\\\/it\\\/produit\\\/adesivo-per-porta-barca\\\/#primaryimage\"},\"image\":{\"@id\":\"https:\\\/\\\/stickerdeco.fr\\\/it\\\/produit\\\/adesivo-per-porta-barca\\\/#primaryimage\"},\"thumbnailUrl\":\"https:\\\/\\\/stickerdeco.fr\\\/wp-content\\\/uploads\\\/2022\\\/09\\\/sticker-porte-de-bateau-00-e1732699587163.jpg\",\"datePublished\":\"2022-09-08T08:32:34+00:00\",\"dateModified\":\"2026-03-07T08:45:57+00:00\",\"description\":\"Envie d'une d\u00e9co originale et surprenante ? Alors ce Adesivo per porta de Bateau est fait pour vous ! Qualit\u00e9 Made In France.\",\"breadcrumb\":{\"@id\":\"https:\\\/\\\/stickerdeco.fr\\\/it\\\/produit\\\/adesivo-per-porta-barca\\\/#breadcrumb\"},\"inLanguage\":\"it-IT\",\"potentialAction\":[{\"@type\":\"ReadAction\",\"target\":[\"https:\\\/\\\/stickerdeco.fr\\\/it\\\/produit\\\/adesivo-per-porta-barca\\\/\"]}]},{\"@type\":\"ImageObject\",\"inLanguage\":\"it-IT\",\"@id\":\"https:\\\/\\\/stickerdeco.fr\\\/it\\\/produit\\\/adesivo-per-porta-barca\\\/#primaryimage\",\"url\":\"https:\\\/\\\/stickerdeco.fr\\\/wp-content\\\/uploads\\\/2022\\\/09\\\/sticker-porte-de-bateau-00-e1732699587163.jpg\",\"contentUrl\":\"https:\\\/\\\/stickerdeco.fr\\\/wp-content\\\/uploads\\\/2022\\\/09\\\/sticker-porte-de-bateau-00-e1732699587163.jpg\",\"width\":1000,\"height\":1000,\"caption\":\"Adesivo per porta Barca\"},{\"@type\":\"BreadcrumbList\",\"@id\":\"https:\\\/\\\/stickerdeco.fr\\\/it\\\/produit\\\/adesivo-per-porta-barca\\\/#breadcrumb\",\"itemListElement\":[{\"@type\":\"ListItem\",\"position\":1,\"name\":\"Accueil\",\"item\":\"https:\\\/\\\/stickerdeco.fr\\\/it\\\/\"},{\"@type\":\"ListItem\",\"position\":2,\"name\":\"Negozio\",\"item\":\"https:\\\/\\\/stickerdeco.fr\\\/boutique\\\/\"},{\"@type\":\"ListItem\",\"position\":3,\"name\":\"Adesivo per porta Barca\"}]},{\"@type\":\"WebSite\",\"@id\":\"https:\\\/\\\/stickerdeco.fr\\\/it\\\/#website\",\"url\":\"https:\\\/\\\/stickerdeco.fr\\\/it\\\/\",\"name\":\"Sticker Deco\",\"description\":\"Le Sticker Made In France\",\"publisher\":{\"@id\":\"https:\\\/\\\/stickerdeco.fr\\\/it\\\/#organization\"},\"potentialAction\":[{\"@type\":\"SearchAction\",\"target\":{\"@type\":\"EntryPoint\",\"urlTemplate\":\"https:\\\/\\\/stickerdeco.fr\\\/it\\\/?s={search_term_string}\"},\"query-input\":{\"@type\":\"PropertyValueSpecification\",\"valueRequired\":true,\"valueName\":\"search_term_string\"}}],\"inLanguage\":\"it-IT\"},{\"@type\":\"Organization\",\"@id\":\"https:\\\/\\\/stickerdeco.fr\\\/it\\\/#organization\",\"name\":\"Sticker D\u00e9co\",\"url\":\"https:\\\/\\\/stickerdeco.fr\\\/it\\\/\",\"logo\":{\"@type\":\"ImageObject\",\"inLanguage\":\"it-IT\",\"@id\":\"https:\\\/\\\/stickerdeco.fr\\\/it\\\/#\\\/schema\\\/logo\\\/image\\\/\",\"url\":\"https:\\\/\\\/stickerdeco.fr\\\/wp-content\\\/uploads\\\/1987\\\/05\\\/stickerdeco-logo-v2-carre.png\",\"contentUrl\":\"https:\\\/\\\/stickerdeco.fr\\\/wp-content\\\/uploads\\\/1987\\\/05\\\/stickerdeco-logo-v2-carre.png\",\"width\":1000,\"height\":1000,\"caption\":\"Sticker D\u00e9co\"},\"image\":{\"@id\":\"https:\\\/\\\/stickerdeco.fr\\\/it\\\/#\\\/schema\\\/logo\\\/image\\\/\"},\"sameAs\":[\"https:\\\/\\\/www.facebook.com\\\/stickerdeco.fr\\\/\",\"https:\\\/\\\/www.instagram.com\\\/stickerdecofr\\\/\",\"https:\\\/\\\/www.pinterest.fr\\\/stickerdecofr\\\/\",\"https:\\\/\\\/www.youtube.com\\\/StickerDeco\"],\"email\":\"contact@stickerdeco.fr\",\"telephone\":\"0980809233\",\"legalName\":\"Sticker D\u00e9co\"}]}<\/script>\n<meta property=\"og:availability\" content=\"instock\" \/>\n<meta property=\"product:availability\" content=\"instock\" \/>\n<meta property=\"product:condition\" content=\"new\" \/>\n<!-- \/ Yoast SEO Premium plugin. -->","yoast_head_json":{"title":"Adesivo per porta Barca | Adesivi per porte | Stickerdeco.fr","description":"Envie d'une d\u00e9co originale et surprenante ? Alors ce Adesivo per porta de Bateau est fait pour vous ! Qualit\u00e9 Made In France.","robots":{"index":"index","follow":"follow","max-snippet":"max-snippet:-1","max-image-preview":"max-image-preview:large","max-video-preview":"max-video-preview:-1"},"canonical":"https:\/\/stickerdeco.fr\/it\/produit\/adesivo-per-porta-barca\/","og_locale":"it_IT","og_type":"article","og_title":"Adesivo per porta Barca","og_description":"Envie d'une d\u00e9co originale et surprenante ? Alors ce Adesivo per porta de Bateau est fait pour vous ! Qualit\u00e9 Made In France.","og_url":"https:\/\/stickerdeco.fr\/it\/produit\/adesivo-per-porta-barca\/","og_site_name":"Sticker Deco","article_publisher":"https:\/\/www.facebook.com\/stickerdeco.fr\/","article_modified_time":"2026-03-07T08:45:57+00:00","og_image":[{"width":1000,"height":1000,"url":"https:\/\/stickerdeco.fr\/wp-content\/uploads\/2022\/09\/sticker-porte-de-bateau-00-e1732699587163.jpg","type":"image\/jpeg"}],"twitter_card":"summary_large_image","twitter_misc":{"Disponibilit\u00e0":"In stock"},"schema":{"@context":"https:\/\/schema.org","@graph":[{"@type":"WebPage","@id":"https:\/\/stickerdeco.fr\/it\/produit\/adesivo-per-porta-barca\/","url":"https:\/\/stickerdeco.fr\/it\/produit\/adesivo-per-porta-barca\/","name":"Adesivo per porta Barca | Adesivi per porte | Stickerdeco.fr","isPartOf":{"@id":"https:\/\/stickerdeco.fr\/it\/#website"},"primaryImageOfPage":{"@id":"https:\/\/stickerdeco.fr\/it\/produit\/adesivo-per-porta-barca\/#primaryimage"},"image":{"@id":"https:\/\/stickerdeco.fr\/it\/produit\/adesivo-per-porta-barca\/#primaryimage"},"thumbnailUrl":"https:\/\/stickerdeco.fr\/wp-content\/uploads\/2022\/09\/sticker-porte-de-bateau-00-e1732699587163.jpg","datePublished":"2022-09-08T08:32:34+00:00","dateModified":"2026-03-07T08:45:57+00:00","description":"Envie d'une d\u00e9co originale et surprenante ? Alors ce Adesivo per porta de Bateau est fait pour vous ! Qualit\u00e9 Made In France.","breadcrumb":{"@id":"https:\/\/stickerdeco.fr\/it\/produit\/adesivo-per-porta-barca\/#breadcrumb"},"inLanguage":"it-IT","potentialAction":[{"@type":"ReadAction","target":["https:\/\/stickerdeco.fr\/it\/produit\/adesivo-per-porta-barca\/"]}]},{"@type":"ImageObject","inLanguage":"it-IT","@id":"https:\/\/stickerdeco.fr\/it\/produit\/adesivo-per-porta-barca\/#primaryimage","url":"https:\/\/stickerdeco.fr\/wp-content\/uploads\/2022\/09\/sticker-porte-de-bateau-00-e1732699587163.jpg","contentUrl":"https:\/\/stickerdeco.fr\/wp-content\/uploads\/2022\/09\/sticker-porte-de-bateau-00-e1732699587163.jpg","width":1000,"height":1000,"caption":"Adesivo per porta Barca"},{"@type":"BreadcrumbList","@id":"https:\/\/stickerdeco.fr\/it\/produit\/adesivo-per-porta-barca\/#breadcrumb","itemListElement":[{"@type":"ListItem","position":1,"name":"Accueil","item":"https:\/\/stickerdeco.fr\/it\/"},{"@type":"ListItem","position":2,"name":"Negozio","item":"https:\/\/stickerdeco.fr\/boutique\/"},{"@type":"ListItem","position":3,"name":"Adesivo per porta Barca"}]},{"@type":"WebSite","@id":"https:\/\/stickerdeco.fr\/it\/#website","url":"https:\/\/stickerdeco.fr\/it\/","name":"Sticker Deco","description":"Le Sticker Made In France","publisher":{"@id":"https:\/\/stickerdeco.fr\/it\/#organization"},"potentialAction":[{"@type":"SearchAction","target":{"@type":"EntryPoint","urlTemplate":"https:\/\/stickerdeco.fr\/it\/?s={search_term_string}"},"query-input":{"@type":"PropertyValueSpecification","valueRequired":true,"valueName":"search_term_string"}}],"inLanguage":"it-IT"},{"@type":"Organization","@id":"https:\/\/stickerdeco.fr\/it\/#organization","name":"Sticker D\u00e9co","url":"https:\/\/stickerdeco.fr\/it\/","logo":{"@type":"ImageObject","inLanguage":"it-IT","@id":"https:\/\/stickerdeco.fr\/it\/#\/schema\/logo\/image\/","url":"https:\/\/stickerdeco.fr\/wp-content\/uploads\/1987\/05\/stickerdeco-logo-v2-carre.png","contentUrl":"https:\/\/stickerdeco.fr\/wp-content\/uploads\/1987\/05\/stickerdeco-logo-v2-carre.png","width":1000,"height":1000,"caption":"Sticker D\u00e9co"},"image":{"@id":"https:\/\/stickerdeco.fr\/it\/#\/schema\/logo\/image\/"},"sameAs":["https:\/\/www.facebook.com\/stickerdeco.fr\/","https:\/\/www.instagram.com\/stickerdecofr\/","https:\/\/www.pinterest.fr\/stickerdecofr\/","https:\/\/www.youtube.com\/StickerDeco"],"email":"contact@stickerdeco.fr","telephone":"0980809233","legalName":"Sticker D\u00e9co"}]},"og_availability":"instock","product_availability":"instock","product_condition":"new"},"_links":{"self":[{"href":"https:\/\/stickerdeco.fr\/it\/wp-json\/wp\/v2\/product\/134319","targetHints":{"allow":["GET"]}}],"collection":[{"href":"https:\/\/stickerdeco.fr\/it\/wp-json\/wp\/v2\/product"}],"about":[{"href":"https:\/\/stickerdeco.fr\/it\/wp-json\/wp\/v2\/types\/product"}],"version-history":[{"count":1,"href":"https:\/\/stickerdeco.fr\/it\/wp-json\/wp\/v2\/product\/134319\/revisions"}],"predecessor-version":[{"id":134349,"href":"https:\/\/stickerdeco.fr\/it\/wp-json\/wp\/v2\/product\/134319\/revisions\/134349"}],"wp:featuredmedia":[{"embeddable":true,"href":"https:\/\/stickerdeco.fr\/it\/wp-json\/wp\/v2\/media\/134324"}],"wp:attachment":[{"href":"https:\/\/stickerdeco.fr\/it\/wp-json\/wp\/v2\/media?parent=134319"}],"wp:term":[{"taxonomy":"product_brand","embeddable":true,"href":"https:\/\/stickerdeco.fr\/it\/wp-json\/wp\/v2\/product_brand?post=134319"},{"taxonomy":"product_cat","embeddable":true,"href":"https:\/\/stickerdeco.fr\/it\/wp-json\/wp\/v2\/product_cat?post=134319"},{"taxonomy":"product_tag","embeddable":true,"href":"https:\/\/stickerdeco.fr\/it\/wp-json\/wp\/v2\/product_tag?post=134319"}],"curies":[{"name":"wp","href":"https:\/\/api.w.org\/{rel}","templated":true}]}}