{"id":135284,"date":"2022-07-21T14:53:06","date_gmt":"2022-07-21T12:53:06","guid":{"rendered":"https:\/\/stickerdeco.fr\/produit\/adesivi-per-porte-scuderia-di-cavalli\/"},"modified":"2026-03-07T09:58:58","modified_gmt":"2026-03-07T08:58:58","slug":"adesivi-per-porte-scuderia-di-cavalli","status":"publish","type":"product","link":"https:\/\/stickerdeco.fr\/it\/produit\/adesivi-per-porte-scuderia-di-cavalli\/","title":{"rendered":"Adesivi per porte Scuderia di cavalli"},"content":{"rendered":"<div class=\"wpb-content-wrapper\"><p>[vc_row][vc_column][vc_column_text]<\/p>\n<h2><span style=\"font-size: 14pt;\"><strong>Il Adesivi per porte Scuderia di cavalli<\/strong><\/span><\/h2>\n<p><span style=\"font-size: 11pt;\">Vuoi cambiare la <strong>decorazione<\/strong> della tua casa? Allora questo splendido <strong>Adesivi per porte Scuderia di cavalli<\/strong> fa per te! Senza dubbio questo <strong>Adesivi per porte Scuderia di cavalli<\/strong> ti conquister\u00e0 grazie al nostro adesivo murale in vinile di alta qualit\u00e0. \u00c8 <strong>facile da applicare.<\/strong> Con questo adesivo, <strong>personalizzare i tuoi ambienti<\/strong> \u00e8 ora alla portata di tutti!<\/span><\/p>\n<h3><span style=\"font-size: 14pt;\"><strong>L\u2019adesivo per porte<\/strong><\/span><\/h3>\n<p><span style=\"font-size: 11pt;\">Desideri uno stile unico per decorare le tue porte? Allora questo adesivo <strong>Adesivi per porte Scuderia di cavalli<\/strong> fa per te! Senza dubbio questo <strong>Adesivi per porte Scuderia di cavalli<\/strong> ti soddisfer\u00e0. \u00c8 <strong>facile da applicare<\/strong>: un gioco da ragazzi!<\/span><\/p>\n<p><span style=\"font-size: 11pt;\">I nostri <strong>adesivi per porte<\/strong> sono consegnati in un\u2019unica fascia, cio\u00e8 in un solo pezzo. Risultato: nessuna giunzione necessaria per un\u2019applicazione facile! Utilizzando gli <a href=\"https:\/\/stickerdeco.fr\/it\/cat\/sticker-porta\/\"><strong>adesivi per porte<\/strong><\/a>, otterrai una <strong>decorazione originale<\/strong> e personalizzata nella tua casa. Sono disponibili molti stili e design sullo shop Sticker D\u00e9co: che sia un effetto 3D, una <a href=\"https:\/\/stickerdeco.fr\/it\/tag\/adesivi-effetto-legno\/\">imitazione legno<\/a> o una porta in acciaio, la tua porta avr\u00e0 sicuramente un sorprendente effetto <a href=\"https:\/\/stickerdeco.fr\/it\/tag\/adesivi-trompe-loeil\/\"><strong>trompe l\u2019\u0153il<\/strong><\/a>.<\/span><\/p>\n<h3><span style=\"font-size: 14pt;\"><strong>Un adesivo di altissima qualit\u00e0<\/strong><\/span><\/h3>\n<p><span style=\"font-size: 11pt;\">Stampiamo i nostri <strong>adesivi murali<\/strong> in quadricromia HD su <strong>adesivo<\/strong> <strong>resistente<\/strong> con colla strutturata. Questa tecnologia all\u2019avanguardia assicura una buona durata del <strong>vinile<\/strong> nel tempo (colla polimerica) e una <strong>posa senza bolle<\/strong> (colla strutturata). L\u2019<strong>adesivo<\/strong> rimane comunque relativamente sottile, con uno <strong>spessore inferiore a 0,2 mm<\/strong> (180\u00b5m).<\/span><\/p>\n<h3><span style=\"font-size: 14pt;\"><strong>Come decorare la casa?<\/strong><\/span><\/h3>\n<p><span style=\"font-size: 11pt;\">Ti piace questo <strong>Adesivi per porte Scuderia di cavalli<\/strong>? Sei un fan della <strong>decorazione da parete<\/strong> e vuoi coordinare le tue stanze? Allora completa la decorazione della tua casa con i nostri <a href=\"\/?product_cat=sticker-salle-de-bains\"><strong>Adesivi per bagno<\/strong><\/a>, <a href=\"\/?product_cat=sticker-salon\"><strong>Adesivi per soggiorno<\/strong><\/a>, <a href=\"https:\/\/stickerdeco.fr\/it\/cat\/sticker-murali\/sticker-cucina\/\"><strong>Adesivi per cucina<\/strong><\/a> o i nostri <a href=\"https:\/\/stickerdeco.fr\/it\/cat\/sticker-murali\/sticker-camera-adulti\/\"><strong>Adesivi per camera<\/strong><\/a>.<\/span><\/p>\n<h3><span style=\"font-size: 14pt;\"><strong><a href=\"https:\/\/www.stickerdeco.fr\/\">StickerDeco.fr<\/a> \u00e8 migliaia di prodotti!<\/strong><\/span><\/h3>\n<p><span style=\"font-size: 11pt;\">Realizzata nei nostri locali in \u00cele-de-France, la stampa degli adesivi \u00e8 <strong>Made In France<\/strong>. Scegli il tuo tra le categorie:<\/span><\/p>\n<ul>\n<li><span style=\"font-size: 11pt;\"><a href=\"\/?product_cat=stickers-muraux-animaux\"><strong>Adesivi animali<\/strong><\/a>, <\/span><\/li>\n<li><span style=\"font-size: 11pt;\"><strong><a href=\"\/?product_cat=stickers-muraux-fleurs\">Adesivi fiori<\/a><\/strong>, <\/span><\/li>\n<li><span style=\"font-size: 11pt;\"><strong><a href=\"\/?product_cat=stickers-muraux-mangas-et-cartoons\">Adesivi manga<\/a><\/strong> e molto altro!<\/span><\/li>\n<\/ul>\n<p><span style=\"font-size: 14pt; color: #d64444;\"><strong>ADESIVO DI ALTISSIMA QUALIT\u00c0 = APPLICAZIONE FACILE, GARANZIA SENZA BOLLE<\/strong><\/span>[\/vc_column_text][\/vc_column][\/vc_row]<\/p>\n<\/div>","protected":false},"excerpt":{"rendered":"<p>Aspiranti cavalieri o amanti dei cavalli? Rinnova i tuoi ambienti con questo <strong>Adesivi per porte Scuderia di cavalli<\/strong>!<\/p>\n<p>Ritrova l\u2019atmosfera di un centro equestre nelle tue stanze grazie a questo adesivo facile da applicare!<\/p>\n<p>Crea un interno unico che ti piace davvero!<\/p>\n<p>Trova sul nostro sito il modello di <strong>adesivo per porte<\/strong> che ti soddisfer\u00e0.<\/p>\n<p>Produzione francese<\/p>\n","protected":false},"featured_media":135287,"template":"","meta":[],"product_brand":[],"product_cat":[4587,4615,4591],"product_tag":[5111,5122,6800,6801,6803,6992,6806,6804,6805,6980,6802],"class_list":{"0":"post-135284","1":"product","2":"type-product","3":"status-publish","4":"has-post-thumbnail","6":"product_cat-sticker-camera-adulti","7":"product_cat-sticker-porta","8":"product_cat-sticker-soggiorno","9":"product_tag-adesivi-chevaux","10":"product_tag-adesivi-francia","11":"product_tag-adesivi-per-porta-63-x-204-cm","12":"product_tag-adesivi-per-porta-73-x-204-cm","13":"product_tag-adesivi-per-porta-93-x-204-cm","14":"product_tag-adesivi-porta-bagno","15":"product_tag-adesivi-porta-chambre","16":"product_tag-adesivi-porta-cucina","17":"product_tag-adesivi-porta-salon","18":"product_tag-adesivi-porta-trompe-loeil","19":"product_tag-stickers-porta-83-x-204-cm","21":"first","22":"instock","23":"sale","24":"taxable","25":"shipping-taxable","26":"purchasable","27":"product-type-variable","28":"has-default-attributes"},"etheme_brands":{"errors":{"invalid_taxonomy":["Tassonomia non valida."]},"error_data":[]},"yoast_head":"<!-- This site is optimized with the Yoast SEO Premium plugin v27.6 (Yoast SEO v27.6) - https:\/\/yoast.com\/product\/yoast-seo-premium-wordpress\/ -->\n<title>Adesivi per porte Scuderia di cavalli | Porte | Stickerdeco.fr<\/title>\n<meta name=\"description\" content=\"Vuoi decorare la tua porta? Questo Adesivi per porte Scuderia di cavalli fa per te! I nostri adesivi sono realizzati e stampati in Francia.\" \/>\n<meta name=\"robots\" content=\"index, follow, max-snippet:-1, max-image-preview:large, max-video-preview:-1\" \/>\n<link rel=\"canonical\" href=\"https:\/\/stickerdeco.fr\/it\/produit\/adesivi-per-porte-scuderia-di-cavalli\/\" \/>\n<meta property=\"og:locale\" content=\"it_IT\" \/>\n<meta property=\"og:type\" content=\"article\" \/>\n<meta property=\"og:title\" content=\"Adesivi per porte Scuderia di cavalli\" \/>\n<meta property=\"og:description\" content=\"Vuoi decorare la tua porta? Questo Adesivi per porte Scuderia di cavalli fa per te! I nostri adesivi sono realizzati e stampati in Francia.\" \/>\n<meta property=\"og:url\" content=\"https:\/\/stickerdeco.fr\/it\/produit\/adesivi-per-porte-scuderia-di-cavalli\/\" \/>\n<meta property=\"og:site_name\" content=\"Sticker Deco\" \/>\n<meta property=\"article:publisher\" content=\"https:\/\/www.facebook.com\/stickerdeco.fr\/\" \/>\n<meta property=\"article:modified_time\" content=\"2026-03-07T08:58:58+00:00\" \/>\n<meta property=\"og:image\" content=\"https:\/\/stickerdeco.fr\/wp-content\/uploads\/2019\/01\/porte-ponton-plage-01.jpg\" \/>\n<meta name=\"twitter:card\" content=\"summary_large_image\" \/>\n<meta name=\"twitter:image\" content=\"https:\/\/stickerdeco.fr\/wp-content\/uploads\/2019\/01\/porte-ponton-plage-01.jpg\" \/>\n<meta name=\"twitter:label1\" content=\"Disponibilit\u00e0\" \/>\n\t<meta name=\"twitter:data1\" content=\"In stock\" \/>\n<script type=\"application\/ld+json\" class=\"yoast-schema-graph\">{\"@context\":\"https:\\\/\\\/schema.org\",\"@graph\":[{\"@type\":\"WebPage\",\"@id\":\"https:\\\/\\\/stickerdeco.fr\\\/it\\\/produit\\\/adesivi-per-porte-scuderia-di-cavalli\\\/\",\"url\":\"https:\\\/\\\/stickerdeco.fr\\\/it\\\/produit\\\/adesivi-per-porte-scuderia-di-cavalli\\\/\",\"name\":\"Adesivi per porte Scuderia di cavalli | Porte | Stickerdeco.fr\",\"isPartOf\":{\"@id\":\"https:\\\/\\\/stickerdeco.fr\\\/it\\\/#website\"},\"primaryImageOfPage\":{\"@id\":\"https:\\\/\\\/stickerdeco.fr\\\/it\\\/produit\\\/adesivi-per-porte-scuderia-di-cavalli\\\/#primaryimage\"},\"image\":{\"@id\":\"https:\\\/\\\/stickerdeco.fr\\\/it\\\/produit\\\/adesivi-per-porte-scuderia-di-cavalli\\\/#primaryimage\"},\"thumbnailUrl\":\"https:\\\/\\\/stickerdeco.fr\\\/wp-content\\\/uploads\\\/2022\\\/07\\\/sticker-porte-ecurie-cheval-00.jpg\",\"datePublished\":\"2022-07-21T12:53:06+00:00\",\"dateModified\":\"2026-03-07T08:58:58+00:00\",\"description\":\"Vuoi decorare la tua porta? Questo Adesivi per porte Scuderia di cavalli fa per te! I nostri adesivi sono realizzati e stampati in Francia.\",\"breadcrumb\":{\"@id\":\"https:\\\/\\\/stickerdeco.fr\\\/it\\\/produit\\\/adesivi-per-porte-scuderia-di-cavalli\\\/#breadcrumb\"},\"inLanguage\":\"it-IT\",\"potentialAction\":[{\"@type\":\"ReadAction\",\"target\":[\"https:\\\/\\\/stickerdeco.fr\\\/it\\\/produit\\\/adesivi-per-porte-scuderia-di-cavalli\\\/\"]}]},{\"@type\":\"ImageObject\",\"inLanguage\":\"it-IT\",\"@id\":\"https:\\\/\\\/stickerdeco.fr\\\/it\\\/produit\\\/adesivi-per-porte-scuderia-di-cavalli\\\/#primaryimage\",\"url\":\"https:\\\/\\\/stickerdeco.fr\\\/wp-content\\\/uploads\\\/2022\\\/07\\\/sticker-porte-ecurie-cheval-00.jpg\",\"contentUrl\":\"https:\\\/\\\/stickerdeco.fr\\\/wp-content\\\/uploads\\\/2022\\\/07\\\/sticker-porte-ecurie-cheval-00.jpg\",\"width\":1000,\"height\":1000,\"caption\":\"Adesivi per porte Scuderia di cavalli\"},{\"@type\":\"BreadcrumbList\",\"@id\":\"https:\\\/\\\/stickerdeco.fr\\\/it\\\/produit\\\/adesivi-per-porte-scuderia-di-cavalli\\\/#breadcrumb\",\"itemListElement\":[{\"@type\":\"ListItem\",\"position\":1,\"name\":\"Accueil\",\"item\":\"https:\\\/\\\/stickerdeco.fr\\\/it\\\/\"},{\"@type\":\"ListItem\",\"position\":2,\"name\":\"Negozio\",\"item\":\"https:\\\/\\\/stickerdeco.fr\\\/boutique\\\/\"},{\"@type\":\"ListItem\",\"position\":3,\"name\":\"Adesivi per porte Scuderia di cavalli\"}]},{\"@type\":\"WebSite\",\"@id\":\"https:\\\/\\\/stickerdeco.fr\\\/it\\\/#website\",\"url\":\"https:\\\/\\\/stickerdeco.fr\\\/it\\\/\",\"name\":\"Sticker Deco\",\"description\":\"Le Sticker Made In France\",\"publisher\":{\"@id\":\"https:\\\/\\\/stickerdeco.fr\\\/it\\\/#organization\"},\"potentialAction\":[{\"@type\":\"SearchAction\",\"target\":{\"@type\":\"EntryPoint\",\"urlTemplate\":\"https:\\\/\\\/stickerdeco.fr\\\/it\\\/?s={search_term_string}\"},\"query-input\":{\"@type\":\"PropertyValueSpecification\",\"valueRequired\":true,\"valueName\":\"search_term_string\"}}],\"inLanguage\":\"it-IT\"},{\"@type\":\"Organization\",\"@id\":\"https:\\\/\\\/stickerdeco.fr\\\/it\\\/#organization\",\"name\":\"Sticker D\u00e9co\",\"url\":\"https:\\\/\\\/stickerdeco.fr\\\/it\\\/\",\"logo\":{\"@type\":\"ImageObject\",\"inLanguage\":\"it-IT\",\"@id\":\"https:\\\/\\\/stickerdeco.fr\\\/it\\\/#\\\/schema\\\/logo\\\/image\\\/\",\"url\":\"https:\\\/\\\/stickerdeco.fr\\\/wp-content\\\/uploads\\\/1987\\\/05\\\/stickerdeco-logo-v2-carre.png\",\"contentUrl\":\"https:\\\/\\\/stickerdeco.fr\\\/wp-content\\\/uploads\\\/1987\\\/05\\\/stickerdeco-logo-v2-carre.png\",\"width\":1000,\"height\":1000,\"caption\":\"Sticker D\u00e9co\"},\"image\":{\"@id\":\"https:\\\/\\\/stickerdeco.fr\\\/it\\\/#\\\/schema\\\/logo\\\/image\\\/\"},\"sameAs\":[\"https:\\\/\\\/www.facebook.com\\\/stickerdeco.fr\\\/\",\"https:\\\/\\\/www.instagram.com\\\/stickerdecofr\\\/\",\"https:\\\/\\\/www.pinterest.fr\\\/stickerdecofr\\\/\",\"https:\\\/\\\/www.youtube.com\\\/StickerDeco\"],\"email\":\"contact@stickerdeco.fr\",\"telephone\":\"0980809233\",\"legalName\":\"Sticker D\u00e9co\"}]}<\/script>\n<meta property=\"og:availability\" content=\"instock\" \/>\n<meta property=\"product:availability\" content=\"instock\" \/>\n<meta property=\"product:condition\" content=\"new\" \/>\n<!-- \/ Yoast SEO Premium plugin. -->","yoast_head_json":{"title":"Adesivi per porte Scuderia di cavalli | Porte | Stickerdeco.fr","description":"Vuoi decorare la tua porta? Questo Adesivi per porte Scuderia di cavalli fa per te! I nostri adesivi sono realizzati e stampati in Francia.","robots":{"index":"index","follow":"follow","max-snippet":"max-snippet:-1","max-image-preview":"max-image-preview:large","max-video-preview":"max-video-preview:-1"},"canonical":"https:\/\/stickerdeco.fr\/it\/produit\/adesivi-per-porte-scuderia-di-cavalli\/","og_locale":"it_IT","og_type":"article","og_title":"Adesivi per porte Scuderia di cavalli","og_description":"Vuoi decorare la tua porta? Questo Adesivi per porte Scuderia di cavalli fa per te! I nostri adesivi sono realizzati e stampati in Francia.","og_url":"https:\/\/stickerdeco.fr\/it\/produit\/adesivi-per-porte-scuderia-di-cavalli\/","og_site_name":"Sticker Deco","article_publisher":"https:\/\/www.facebook.com\/stickerdeco.fr\/","article_modified_time":"2026-03-07T08:58:58+00:00","og_image":[{"url":"https:\/\/stickerdeco.fr\/wp-content\/uploads\/2019\/01\/porte-ponton-plage-01.jpg","type":"","width":"","height":""}],"twitter_card":"summary_large_image","twitter_image":"https:\/\/stickerdeco.fr\/wp-content\/uploads\/2019\/01\/porte-ponton-plage-01.jpg","twitter_misc":{"Disponibilit\u00e0":"In stock"},"schema":{"@context":"https:\/\/schema.org","@graph":[{"@type":"WebPage","@id":"https:\/\/stickerdeco.fr\/it\/produit\/adesivi-per-porte-scuderia-di-cavalli\/","url":"https:\/\/stickerdeco.fr\/it\/produit\/adesivi-per-porte-scuderia-di-cavalli\/","name":"Adesivi per porte Scuderia di cavalli | Porte | Stickerdeco.fr","isPartOf":{"@id":"https:\/\/stickerdeco.fr\/it\/#website"},"primaryImageOfPage":{"@id":"https:\/\/stickerdeco.fr\/it\/produit\/adesivi-per-porte-scuderia-di-cavalli\/#primaryimage"},"image":{"@id":"https:\/\/stickerdeco.fr\/it\/produit\/adesivi-per-porte-scuderia-di-cavalli\/#primaryimage"},"thumbnailUrl":"https:\/\/stickerdeco.fr\/wp-content\/uploads\/2022\/07\/sticker-porte-ecurie-cheval-00.jpg","datePublished":"2022-07-21T12:53:06+00:00","dateModified":"2026-03-07T08:58:58+00:00","description":"Vuoi decorare la tua porta? Questo Adesivi per porte Scuderia di cavalli fa per te! I nostri adesivi sono realizzati e stampati in Francia.","breadcrumb":{"@id":"https:\/\/stickerdeco.fr\/it\/produit\/adesivi-per-porte-scuderia-di-cavalli\/#breadcrumb"},"inLanguage":"it-IT","potentialAction":[{"@type":"ReadAction","target":["https:\/\/stickerdeco.fr\/it\/produit\/adesivi-per-porte-scuderia-di-cavalli\/"]}]},{"@type":"ImageObject","inLanguage":"it-IT","@id":"https:\/\/stickerdeco.fr\/it\/produit\/adesivi-per-porte-scuderia-di-cavalli\/#primaryimage","url":"https:\/\/stickerdeco.fr\/wp-content\/uploads\/2022\/07\/sticker-porte-ecurie-cheval-00.jpg","contentUrl":"https:\/\/stickerdeco.fr\/wp-content\/uploads\/2022\/07\/sticker-porte-ecurie-cheval-00.jpg","width":1000,"height":1000,"caption":"Adesivi per porte Scuderia di cavalli"},{"@type":"BreadcrumbList","@id":"https:\/\/stickerdeco.fr\/it\/produit\/adesivi-per-porte-scuderia-di-cavalli\/#breadcrumb","itemListElement":[{"@type":"ListItem","position":1,"name":"Accueil","item":"https:\/\/stickerdeco.fr\/it\/"},{"@type":"ListItem","position":2,"name":"Negozio","item":"https:\/\/stickerdeco.fr\/boutique\/"},{"@type":"ListItem","position":3,"name":"Adesivi per porte Scuderia di cavalli"}]},{"@type":"WebSite","@id":"https:\/\/stickerdeco.fr\/it\/#website","url":"https:\/\/stickerdeco.fr\/it\/","name":"Sticker Deco","description":"Le Sticker Made In France","publisher":{"@id":"https:\/\/stickerdeco.fr\/it\/#organization"},"potentialAction":[{"@type":"SearchAction","target":{"@type":"EntryPoint","urlTemplate":"https:\/\/stickerdeco.fr\/it\/?s={search_term_string}"},"query-input":{"@type":"PropertyValueSpecification","valueRequired":true,"valueName":"search_term_string"}}],"inLanguage":"it-IT"},{"@type":"Organization","@id":"https:\/\/stickerdeco.fr\/it\/#organization","name":"Sticker D\u00e9co","url":"https:\/\/stickerdeco.fr\/it\/","logo":{"@type":"ImageObject","inLanguage":"it-IT","@id":"https:\/\/stickerdeco.fr\/it\/#\/schema\/logo\/image\/","url":"https:\/\/stickerdeco.fr\/wp-content\/uploads\/1987\/05\/stickerdeco-logo-v2-carre.png","contentUrl":"https:\/\/stickerdeco.fr\/wp-content\/uploads\/1987\/05\/stickerdeco-logo-v2-carre.png","width":1000,"height":1000,"caption":"Sticker D\u00e9co"},"image":{"@id":"https:\/\/stickerdeco.fr\/it\/#\/schema\/logo\/image\/"},"sameAs":["https:\/\/www.facebook.com\/stickerdeco.fr\/","https:\/\/www.instagram.com\/stickerdecofr\/","https:\/\/www.pinterest.fr\/stickerdecofr\/","https:\/\/www.youtube.com\/StickerDeco"],"email":"contact@stickerdeco.fr","telephone":"0980809233","legalName":"Sticker D\u00e9co"}]},"og_availability":"instock","product_availability":"instock","product_condition":"new"},"_links":{"self":[{"href":"https:\/\/stickerdeco.fr\/it\/wp-json\/wp\/v2\/product\/135284","targetHints":{"allow":["GET"]}}],"collection":[{"href":"https:\/\/stickerdeco.fr\/it\/wp-json\/wp\/v2\/product"}],"about":[{"href":"https:\/\/stickerdeco.fr\/it\/wp-json\/wp\/v2\/types\/product"}],"version-history":[{"count":1,"href":"https:\/\/stickerdeco.fr\/it\/wp-json\/wp\/v2\/product\/135284\/revisions"}],"predecessor-version":[{"id":135313,"href":"https:\/\/stickerdeco.fr\/it\/wp-json\/wp\/v2\/product\/135284\/revisions\/135313"}],"wp:featuredmedia":[{"embeddable":true,"href":"https:\/\/stickerdeco.fr\/it\/wp-json\/wp\/v2\/media\/135287"}],"wp:attachment":[{"href":"https:\/\/stickerdeco.fr\/it\/wp-json\/wp\/v2\/media?parent=135284"}],"wp:term":[{"taxonomy":"product_brand","embeddable":true,"href":"https:\/\/stickerdeco.fr\/it\/wp-json\/wp\/v2\/product_brand?post=135284"},{"taxonomy":"product_cat","embeddable":true,"href":"https:\/\/stickerdeco.fr\/it\/wp-json\/wp\/v2\/product_cat?post=135284"},{"taxonomy":"product_tag","embeddable":true,"href":"https:\/\/stickerdeco.fr\/it\/wp-json\/wp\/v2\/product_tag?post=135284"}],"curies":[{"name":"wp","href":"https:\/\/api.w.org\/{rel}","templated":true}]}}