{"id":141988,"date":"2020-11-09T12:15:23","date_gmt":"2020-11-09T11:15:23","guid":{"rendered":"https:\/\/stickerdeco.fr\/produit\/adesivo-porta-serranda-metallica-rock\/"},"modified":"2026-03-14T10:40:00","modified_gmt":"2026-03-14T09:40:00","slug":"adesivo-porta-serranda-metallica-rock","status":"publish","type":"product","link":"https:\/\/stickerdeco.fr\/it\/produit\/adesivo-porta-serranda-metallica-rock\/","title":{"rendered":"Adesivo per porta Serranda Metallica Rock"},"content":{"rendered":"<div class=\"wpb-content-wrapper\"><p>[vc_row][vc_column][vc_column_text]<\/p>\n<h2><span style=\"font-size: 14pt;\"><strong>Il Adesivo per porta Serranda Metallica Rock<\/strong><\/span><\/h2>\n<p><span style=\"font-size: 11pt;\">Vuoi cambiare la <strong>decorazione<\/strong> del tuo interno? Allora questo magnifico <strong>Adesivo per porta Serranda Metallica Rock<\/strong> \u00e8 fatto per te. Non c\u2019\u00e8 dubbio che questo <strong>Adesivo per porta Serranda Metallica Rock<\/strong> ti conquister\u00e0 grazie al nostro adesivo murale in vinile di alta qualit\u00e0. \u00c8 <strong>facile da applicare<\/strong>. Con questo adesivo, <strong>personalizzare il tuo interno<\/strong> \u00e8 ora alla portata di tutti.<\/span><\/p>\n<p><span style=\"font-size: 11pt;\">Ogni <strong>decorazione murale<\/strong> \u00e8 indipendente e <strong>pu\u00f2 essere applicata separatamente<\/strong>. Hai quindi il massimo delle possibilit\u00e0 per posare il tuo <strong>adesivo murale<\/strong>, quindi lascia parlare la tua anima di <strong>decoratore<\/strong>.<\/span><\/p>\n<h3><span style=\"font-size: 14pt;\"><strong>L\u2019adesivo per porta<\/strong><\/span><\/h3>\n<p><span style=\"font-size: 11pt;\">Vuoi uno stile unico per decorare le tue porte? Allora questo <strong>Adesivo per porta Serranda Metallica Rock<\/strong> \u00e8 fatto per te. Non c\u2019\u00e8 dubbio che questo <strong>Adesivo per porta Serranda Metallica Rock<\/strong> ti soddisfer\u00e0. \u00c8 <strong>facile da applicare<\/strong>, un vero gioco da ragazzi.<\/span><\/p>\n<p><span style=\"font-size: 11pt;\">I nostri <strong>adesivi per porte<\/strong> vengono consegnati in un unico telo, cio\u00e8 in un solo pezzo. Risultato: nessun raccordo necessario per una posa facile. Utilizzando gli <a href=\"https:\/\/stickerdeco.fr\/it\/cat\/sticker-porta\/\"><strong>adesivi per porte<\/strong><\/a>, otterrai una <strong>decorazione originale<\/strong> e personalizzata nel tuo interno. Nel negozio Sticker D\u00e9co sono disponibili molti stili e design. Che si tratti di un effetto 3D, di un\u2019<a href=\"https:\/\/stickerdeco.fr\/it\/tag\/adesivi-effetto-legno\/\">imitazione legno<\/a> o di una porta in acciaio, la tua porta avr\u00e0 sicuramente un effetto <a href=\"https:\/\/stickerdeco.fr\/it\/tag\/adesivi-trompe-loeil\/\"><strong>trompe-l\u2019\u0153il<\/strong><\/a> sorprendente.<\/span><\/p>\n<h3><span style=\"font-size: 14pt;\"><strong>Un adesivo di altissima qualit\u00e0<\/strong><\/span><\/h3>\n<p><span style=\"font-size: 11pt;\">Stampiamo i nostri <strong>adesivi murali<\/strong> in quadricromia HQ su <strong>adesivo<\/strong> polimerico resistente con colla strutturata. Questa <strong>tecnologia all\u2019avanguardia<\/strong> garantisce una lunga durata del <strong>vinile<\/strong> nel tempo (colla polimerica) e consente una <strong>posa senza bolle<\/strong> (colla strutturata). L\u2019<strong>adesivo<\/strong> resta comunque relativamente sottile, con <strong>uno spessore inferiore a 0,2 mm<\/strong> (180 \u00b5m).<\/span><\/p>\n<h3><span style=\"font-size: 14pt;\"><strong>Come decorare la casa?<\/strong><\/span><\/h3>\n<p><span style=\"font-size: 11pt;\">Ti piace questo <strong>Adesivo per porta Serranda Metallica Rock<\/strong>? Sei fan della <strong>decorazione murale<\/strong> e vuoi coordinare le tue stanze? Allora completa il tuo arredamento con i nostri <a href=\"\/?product_cat=sticker-salle-de-bains\"><strong>Adesivi Bagno<\/strong><\/a>, <a href=\"\/?product_cat=sticker-salon\"><strong>Adesivi Soggiorno<\/strong><\/a>, <a href=\"https:\/\/stickerdeco.fr\/it\/cat\/sticker-murali\/sticker-cucina\/\"><strong>Adesivi Cucina<\/strong><\/a> o i nostri <a href=\"https:\/\/stickerdeco.fr\/it\/cat\/sticker-murali\/sticker-camera-adulti\/\"><strong>Adesivi Camera<\/strong><\/a>.<\/span><\/p>\n<h3><span style=\"font-size: 14pt;\"><strong><a href=\"https:\/\/www.stickerdeco.fr\/\">StickerDeco.fr<\/a> significa migliaia di prodotti!<\/strong><\/span><\/h3>\n<p><span style=\"font-size: 11pt;\">La stampa degli adesivi viene realizzata nei nostri locali dell\u2019\u00cele-de-France ed \u00e8 <strong>Made in France<\/strong>. Scegli il tuo tra le categorie:<\/span><\/p>\n<ul>\n<li><span style=\"font-size: 11pt;\"><a href=\"\/?product_cat=stickers-muraux-animaux\"><strong>Adesivi Animali<\/strong><\/a>, <\/span><\/li>\n<li><span style=\"font-size: 11pt;\"><strong><a href=\"\/?product_cat=stickers-muraux-fleurs\">Adesivi Fiori<\/a><\/strong>, <\/span><\/li>\n<li><span style=\"font-size: 11pt;\"><strong><a href=\"\/?product_cat=stickers-muraux-mangas-et-cartoons\">Adesivi Manga<\/a><\/strong> e molto altro ancora.<\/span><\/li>\n<\/ul>\n<p><span style=\"font-size: 14pt; color: #d64444;\"><strong>ADESIVO DI ALTISSIMA QUALIT\u00c0 = POSA FACILE, GARANZIA SENZA BOLLE<\/strong><\/span>[\/vc_column_text][\/vc_column][\/vc_row]<\/p>\n<\/div>","protected":false},"excerpt":{"rendered":"<p>Vuoi creare una decorazione originale sulle tue porte? Allora questo <strong>Adesivo per porta Serranda Metallica Rock<\/strong> \u00e8 fatto per te.<\/p>\n<p>Se ami il Rock\u2019n\u2019Roll, questo adesivo per porta fa proprio al caso tuo. Il nostro Adesivo per porta Serranda Metallica Rock dar\u00e0 alla tua stanza un\u2019atmosfera autentica dei migliori anni del rock. Il design fotorealistico di un graffito su una serranda metallica stupir\u00e0 i tuoi visitatori.<\/p>\n<p><strong>Caratteristiche del prodotto:<\/strong><\/p>\n<ul class=\"product-short-desc-list\">\n<li>Adesivi per porte: applicazione facile e senza bolle<\/li>\n<li>Consegnato in un unico pezzo: nessun assemblaggio laborioso o incollaggio aggiuntivo<\/li>\n<li>Superficie laminata con finitura opaca: aspetto elegante, bassa riflessione e grande durata<\/li>\n<li>Adatto a superfici lisce (porte verniciate\/laminate, plastica, vetro, ecc.)<\/li>\n<li>Facile da pulire, lavabile e resistente agli schizzi<\/li>\n<li>Euroclasse B-s1,d0 (equiv. M1 in Francia)<\/li>\n<li>Stampa ecologica UL ECOLOGO\u00ae e UL GREENGUARD Gold: basse emissioni e senza odori, adatta ad ambienti interni sensibili<\/li>\n<\/ul>\n<p><span style=\"color: #d64444;\"><strong>Diverse misure disponibili per adattarsi a tutte le tue porte (su misura disponibile su richiesta).<\/strong><\/span><\/p>\n<hr \/>\n","protected":false},"featured_media":141990,"template":"","meta":[],"product_brand":[],"product_cat":[4636,4615],"product_tag":[6800,6801,6803,6987,6984,6992,6806,6804,6985,6805,6980,6854,5059,5124,6802],"class_list":{"0":"post-141988","1":"product","2":"type-product","3":"status-publish","4":"has-post-thumbnail","6":"product_cat-sticker-musica","7":"product_cat-sticker-porta","8":"product_tag-adesivi-per-porta-63-x-204-cm","9":"product_tag-adesivi-per-porta-73-x-204-cm","10":"product_tag-adesivi-per-porta-93-x-204-cm","11":"product_tag-adesivi-porta-arte","12":"product_tag-adesivi-porta-atelier","13":"product_tag-adesivi-porta-bagno","14":"product_tag-adesivi-porta-chambre","15":"product_tag-adesivi-porta-cucina","16":"product_tag-adesivi-porta-industrielle","17":"product_tag-adesivi-porta-salon","18":"product_tag-adesivi-porta-trompe-loeil","19":"product_tag-adesivi-rock","20":"product_tag-adesivi-trompe-loeil","21":"product_tag-promos","22":"product_tag-stickers-porta-83-x-204-cm","24":"first","25":"instock","26":"sale","27":"taxable","28":"shipping-taxable","29":"purchasable","30":"product-type-variable"},"etheme_brands":{"errors":{"invalid_taxonomy":["Tassonomia non valida."]},"error_data":[]},"yoast_head":"<!-- This site is optimized with the Yoast SEO Premium plugin v27.3 (Yoast SEO v27.3) - https:\/\/yoast.com\/product\/yoast-seo-premium-wordpress\/ -->\n<title>Adesivo per porta Serranda Metallica Rock | Adesivi per porte | Stickerdeco.fr<\/title>\n<meta name=\"description\" content=\"Vuoi decorare la tua porta? Questo Adesivo per porta Serranda Metallica Rock \u00e8 fatto per te. Diversi modelli di adesivi per porte disponibili.\" \/>\n<meta name=\"robots\" content=\"index, follow, max-snippet:-1, max-image-preview:large, max-video-preview:-1\" \/>\n<link rel=\"canonical\" href=\"https:\/\/stickerdeco.fr\/it\/produit\/adesivo-porta-serranda-metallica-rock\/\" \/>\n<meta property=\"og:locale\" content=\"it_IT\" \/>\n<meta property=\"og:type\" content=\"article\" \/>\n<meta property=\"og:title\" content=\"Adesivo per porta Serranda Metallica Rock\" \/>\n<meta property=\"og:description\" content=\"Vuoi decorare la tua porta? Questo Adesivo per porta Serranda Metallica Rock \u00e8 fatto per te. Diversi modelli di adesivi per porte disponibili.\" \/>\n<meta property=\"og:url\" content=\"https:\/\/stickerdeco.fr\/it\/produit\/adesivo-porta-serranda-metallica-rock\/\" \/>\n<meta property=\"og:site_name\" content=\"Sticker Deco\" \/>\n<meta property=\"article:publisher\" content=\"https:\/\/www.facebook.com\/stickerdeco.fr\/\" \/>\n<meta property=\"article:modified_time\" content=\"2026-03-14T09:40:00+00:00\" \/>\n<meta property=\"og:image\" content=\"https:\/\/stickerdeco.fr\/wp-content\/uploads\/2020\/11\/sticker-porte-rock-rideau-metallique-01.jpg\" \/>\n\t<meta property=\"og:image:width\" content=\"1000\" \/>\n\t<meta property=\"og:image:height\" content=\"1000\" \/>\n\t<meta property=\"og:image:type\" content=\"image\/jpeg\" \/>\n<meta name=\"twitter:card\" content=\"summary_large_image\" \/>\n<meta name=\"twitter:label1\" content=\"Disponibilit\u00e0\" \/>\n\t<meta name=\"twitter:data1\" content=\"In stock\" \/>\n<script type=\"application\/ld+json\" class=\"yoast-schema-graph\">{\"@context\":\"https:\\\/\\\/schema.org\",\"@graph\":[{\"@type\":\"WebPage\",\"@id\":\"https:\\\/\\\/stickerdeco.fr\\\/it\\\/produit\\\/adesivo-porta-serranda-metallica-rock\\\/\",\"url\":\"https:\\\/\\\/stickerdeco.fr\\\/it\\\/produit\\\/adesivo-porta-serranda-metallica-rock\\\/\",\"name\":\"Adesivo per porta Serranda Metallica Rock | Adesivi per porte | Stickerdeco.fr\",\"isPartOf\":{\"@id\":\"https:\\\/\\\/stickerdeco.fr\\\/it\\\/#website\"},\"primaryImageOfPage\":{\"@id\":\"https:\\\/\\\/stickerdeco.fr\\\/it\\\/produit\\\/adesivo-porta-serranda-metallica-rock\\\/#primaryimage\"},\"image\":{\"@id\":\"https:\\\/\\\/stickerdeco.fr\\\/it\\\/produit\\\/adesivo-porta-serranda-metallica-rock\\\/#primaryimage\"},\"thumbnailUrl\":\"https:\\\/\\\/stickerdeco.fr\\\/wp-content\\\/uploads\\\/2020\\\/11\\\/sticker-porte-rock-rideau-metallique-01.jpg\",\"datePublished\":\"2020-11-09T11:15:23+00:00\",\"dateModified\":\"2026-03-14T09:40:00+00:00\",\"description\":\"Vuoi decorare la tua porta? Questo Adesivo per porta Serranda Metallica Rock \u00e8 fatto per te. Diversi modelli di adesivi per porte disponibili.\",\"breadcrumb\":{\"@id\":\"https:\\\/\\\/stickerdeco.fr\\\/it\\\/produit\\\/adesivo-porta-serranda-metallica-rock\\\/#breadcrumb\"},\"inLanguage\":\"it-IT\",\"potentialAction\":[{\"@type\":\"ReadAction\",\"target\":[\"https:\\\/\\\/stickerdeco.fr\\\/it\\\/produit\\\/adesivo-porta-serranda-metallica-rock\\\/\"]}]},{\"@type\":\"ImageObject\",\"inLanguage\":\"it-IT\",\"@id\":\"https:\\\/\\\/stickerdeco.fr\\\/it\\\/produit\\\/adesivo-porta-serranda-metallica-rock\\\/#primaryimage\",\"url\":\"https:\\\/\\\/stickerdeco.fr\\\/wp-content\\\/uploads\\\/2020\\\/11\\\/sticker-porte-rock-rideau-metallique-01.jpg\",\"contentUrl\":\"https:\\\/\\\/stickerdeco.fr\\\/wp-content\\\/uploads\\\/2020\\\/11\\\/sticker-porte-rock-rideau-metallique-01.jpg\",\"width\":1000,\"height\":1000,\"caption\":\"Adesivo per porta Serranda Metallica Rock\"},{\"@type\":\"BreadcrumbList\",\"@id\":\"https:\\\/\\\/stickerdeco.fr\\\/it\\\/produit\\\/adesivo-porta-serranda-metallica-rock\\\/#breadcrumb\",\"itemListElement\":[{\"@type\":\"ListItem\",\"position\":1,\"name\":\"Accueil\",\"item\":\"https:\\\/\\\/stickerdeco.fr\\\/it\\\/\"},{\"@type\":\"ListItem\",\"position\":2,\"name\":\"Negozio\",\"item\":\"https:\\\/\\\/stickerdeco.fr\\\/boutique\\\/\"},{\"@type\":\"ListItem\",\"position\":3,\"name\":\"Adesivo per porta Serranda Metallica Rock\"}]},{\"@type\":\"WebSite\",\"@id\":\"https:\\\/\\\/stickerdeco.fr\\\/it\\\/#website\",\"url\":\"https:\\\/\\\/stickerdeco.fr\\\/it\\\/\",\"name\":\"Sticker Deco\",\"description\":\"Le Sticker Made In France\",\"publisher\":{\"@id\":\"https:\\\/\\\/stickerdeco.fr\\\/it\\\/#organization\"},\"potentialAction\":[{\"@type\":\"SearchAction\",\"target\":{\"@type\":\"EntryPoint\",\"urlTemplate\":\"https:\\\/\\\/stickerdeco.fr\\\/it\\\/?s={search_term_string}\"},\"query-input\":{\"@type\":\"PropertyValueSpecification\",\"valueRequired\":true,\"valueName\":\"search_term_string\"}}],\"inLanguage\":\"it-IT\"},{\"@type\":\"Organization\",\"@id\":\"https:\\\/\\\/stickerdeco.fr\\\/it\\\/#organization\",\"name\":\"Sticker D\u00e9co\",\"url\":\"https:\\\/\\\/stickerdeco.fr\\\/it\\\/\",\"logo\":{\"@type\":\"ImageObject\",\"inLanguage\":\"it-IT\",\"@id\":\"https:\\\/\\\/stickerdeco.fr\\\/it\\\/#\\\/schema\\\/logo\\\/image\\\/\",\"url\":\"https:\\\/\\\/stickerdeco.fr\\\/wp-content\\\/uploads\\\/1987\\\/05\\\/stickerdeco-logo-v2-carre.png\",\"contentUrl\":\"https:\\\/\\\/stickerdeco.fr\\\/wp-content\\\/uploads\\\/1987\\\/05\\\/stickerdeco-logo-v2-carre.png\",\"width\":1000,\"height\":1000,\"caption\":\"Sticker D\u00e9co\"},\"image\":{\"@id\":\"https:\\\/\\\/stickerdeco.fr\\\/it\\\/#\\\/schema\\\/logo\\\/image\\\/\"},\"sameAs\":[\"https:\\\/\\\/www.facebook.com\\\/stickerdeco.fr\\\/\",\"https:\\\/\\\/www.instagram.com\\\/stickerdecofr\\\/\",\"https:\\\/\\\/www.pinterest.fr\\\/stickerdecofr\\\/\",\"https:\\\/\\\/www.youtube.com\\\/StickerDeco\"],\"email\":\"contact@stickerdeco.fr\",\"telephone\":\"0980809233\",\"legalName\":\"Sticker D\u00e9co\"}]}<\/script>\n<meta property=\"og:availability\" content=\"instock\" \/>\n<meta property=\"product:availability\" content=\"instock\" \/>\n<meta property=\"product:condition\" content=\"new\" \/>\n<!-- \/ Yoast SEO Premium plugin. -->","yoast_head_json":{"title":"Adesivo per porta Serranda Metallica Rock | Adesivi per porte | Stickerdeco.fr","description":"Vuoi decorare la tua porta? Questo Adesivo per porta Serranda Metallica Rock \u00e8 fatto per te. Diversi modelli di adesivi per porte disponibili.","robots":{"index":"index","follow":"follow","max-snippet":"max-snippet:-1","max-image-preview":"max-image-preview:large","max-video-preview":"max-video-preview:-1"},"canonical":"https:\/\/stickerdeco.fr\/it\/produit\/adesivo-porta-serranda-metallica-rock\/","og_locale":"it_IT","og_type":"article","og_title":"Adesivo per porta Serranda Metallica Rock","og_description":"Vuoi decorare la tua porta? Questo Adesivo per porta Serranda Metallica Rock \u00e8 fatto per te. Diversi modelli di adesivi per porte disponibili.","og_url":"https:\/\/stickerdeco.fr\/it\/produit\/adesivo-porta-serranda-metallica-rock\/","og_site_name":"Sticker Deco","article_publisher":"https:\/\/www.facebook.com\/stickerdeco.fr\/","article_modified_time":"2026-03-14T09:40:00+00:00","og_image":[{"width":1000,"height":1000,"url":"https:\/\/stickerdeco.fr\/wp-content\/uploads\/2020\/11\/sticker-porte-rock-rideau-metallique-01.jpg","type":"image\/jpeg"}],"twitter_card":"summary_large_image","twitter_misc":{"Disponibilit\u00e0":"In stock"},"schema":{"@context":"https:\/\/schema.org","@graph":[{"@type":"WebPage","@id":"https:\/\/stickerdeco.fr\/it\/produit\/adesivo-porta-serranda-metallica-rock\/","url":"https:\/\/stickerdeco.fr\/it\/produit\/adesivo-porta-serranda-metallica-rock\/","name":"Adesivo per porta Serranda Metallica Rock | Adesivi per porte | Stickerdeco.fr","isPartOf":{"@id":"https:\/\/stickerdeco.fr\/it\/#website"},"primaryImageOfPage":{"@id":"https:\/\/stickerdeco.fr\/it\/produit\/adesivo-porta-serranda-metallica-rock\/#primaryimage"},"image":{"@id":"https:\/\/stickerdeco.fr\/it\/produit\/adesivo-porta-serranda-metallica-rock\/#primaryimage"},"thumbnailUrl":"https:\/\/stickerdeco.fr\/wp-content\/uploads\/2020\/11\/sticker-porte-rock-rideau-metallique-01.jpg","datePublished":"2020-11-09T11:15:23+00:00","dateModified":"2026-03-14T09:40:00+00:00","description":"Vuoi decorare la tua porta? Questo Adesivo per porta Serranda Metallica Rock \u00e8 fatto per te. Diversi modelli di adesivi per porte disponibili.","breadcrumb":{"@id":"https:\/\/stickerdeco.fr\/it\/produit\/adesivo-porta-serranda-metallica-rock\/#breadcrumb"},"inLanguage":"it-IT","potentialAction":[{"@type":"ReadAction","target":["https:\/\/stickerdeco.fr\/it\/produit\/adesivo-porta-serranda-metallica-rock\/"]}]},{"@type":"ImageObject","inLanguage":"it-IT","@id":"https:\/\/stickerdeco.fr\/it\/produit\/adesivo-porta-serranda-metallica-rock\/#primaryimage","url":"https:\/\/stickerdeco.fr\/wp-content\/uploads\/2020\/11\/sticker-porte-rock-rideau-metallique-01.jpg","contentUrl":"https:\/\/stickerdeco.fr\/wp-content\/uploads\/2020\/11\/sticker-porte-rock-rideau-metallique-01.jpg","width":1000,"height":1000,"caption":"Adesivo per porta Serranda Metallica Rock"},{"@type":"BreadcrumbList","@id":"https:\/\/stickerdeco.fr\/it\/produit\/adesivo-porta-serranda-metallica-rock\/#breadcrumb","itemListElement":[{"@type":"ListItem","position":1,"name":"Accueil","item":"https:\/\/stickerdeco.fr\/it\/"},{"@type":"ListItem","position":2,"name":"Negozio","item":"https:\/\/stickerdeco.fr\/boutique\/"},{"@type":"ListItem","position":3,"name":"Adesivo per porta Serranda Metallica Rock"}]},{"@type":"WebSite","@id":"https:\/\/stickerdeco.fr\/it\/#website","url":"https:\/\/stickerdeco.fr\/it\/","name":"Sticker Deco","description":"Le Sticker Made In France","publisher":{"@id":"https:\/\/stickerdeco.fr\/it\/#organization"},"potentialAction":[{"@type":"SearchAction","target":{"@type":"EntryPoint","urlTemplate":"https:\/\/stickerdeco.fr\/it\/?s={search_term_string}"},"query-input":{"@type":"PropertyValueSpecification","valueRequired":true,"valueName":"search_term_string"}}],"inLanguage":"it-IT"},{"@type":"Organization","@id":"https:\/\/stickerdeco.fr\/it\/#organization","name":"Sticker D\u00e9co","url":"https:\/\/stickerdeco.fr\/it\/","logo":{"@type":"ImageObject","inLanguage":"it-IT","@id":"https:\/\/stickerdeco.fr\/it\/#\/schema\/logo\/image\/","url":"https:\/\/stickerdeco.fr\/wp-content\/uploads\/1987\/05\/stickerdeco-logo-v2-carre.png","contentUrl":"https:\/\/stickerdeco.fr\/wp-content\/uploads\/1987\/05\/stickerdeco-logo-v2-carre.png","width":1000,"height":1000,"caption":"Sticker D\u00e9co"},"image":{"@id":"https:\/\/stickerdeco.fr\/it\/#\/schema\/logo\/image\/"},"sameAs":["https:\/\/www.facebook.com\/stickerdeco.fr\/","https:\/\/www.instagram.com\/stickerdecofr\/","https:\/\/www.pinterest.fr\/stickerdecofr\/","https:\/\/www.youtube.com\/StickerDeco"],"email":"contact@stickerdeco.fr","telephone":"0980809233","legalName":"Sticker D\u00e9co"}]},"og_availability":"instock","product_availability":"instock","product_condition":"new"},"_links":{"self":[{"href":"https:\/\/stickerdeco.fr\/it\/wp-json\/wp\/v2\/product\/141988","targetHints":{"allow":["GET"]}}],"collection":[{"href":"https:\/\/stickerdeco.fr\/it\/wp-json\/wp\/v2\/product"}],"about":[{"href":"https:\/\/stickerdeco.fr\/it\/wp-json\/wp\/v2\/types\/product"}],"version-history":[{"count":1,"href":"https:\/\/stickerdeco.fr\/it\/wp-json\/wp\/v2\/product\/141988\/revisions"}],"predecessor-version":[{"id":142009,"href":"https:\/\/stickerdeco.fr\/it\/wp-json\/wp\/v2\/product\/141988\/revisions\/142009"}],"wp:featuredmedia":[{"embeddable":true,"href":"https:\/\/stickerdeco.fr\/it\/wp-json\/wp\/v2\/media\/141990"}],"wp:attachment":[{"href":"https:\/\/stickerdeco.fr\/it\/wp-json\/wp\/v2\/media?parent=141988"}],"wp:term":[{"taxonomy":"product_brand","embeddable":true,"href":"https:\/\/stickerdeco.fr\/it\/wp-json\/wp\/v2\/product_brand?post=141988"},{"taxonomy":"product_cat","embeddable":true,"href":"https:\/\/stickerdeco.fr\/it\/wp-json\/wp\/v2\/product_cat?post=141988"},{"taxonomy":"product_tag","embeddable":true,"href":"https:\/\/stickerdeco.fr\/it\/wp-json\/wp\/v2\/product_tag?post=141988"}],"curies":[{"name":"wp","href":"https:\/\/api.w.org\/{rel}","templated":true}]}}