{"id":142732,"date":"2021-10-19T10:24:42","date_gmt":"2021-10-19T08:24:42","guid":{"rendered":"https:\/\/stickerdeco.fr\/produit\/adesivo-per-porta-torii\/"},"modified":"2026-03-14T10:41:36","modified_gmt":"2026-03-14T09:41:36","slug":"adesivo-per-porta-torii","status":"publish","type":"product","link":"https:\/\/stickerdeco.fr\/it\/produit\/adesivo-per-porta-torii\/","title":{"rendered":"Adesivo per porta Torii"},"content":{"rendered":"<div class=\"wpb-content-wrapper\"><p>[vc_row][vc_column][vc_column_text]<\/p>\n<h2><span style=\"font-size: 14pt;\"><strong>Il Adesivo per porta Torii<\/strong><\/span><\/h2>\n<p><span style=\"font-size: 11pt;\">Vuoi cambiare la tua <strong>decorazione<\/strong> d\u2019interni? Allora questo magnifico <strong>Adesivo per porta Torii <\/strong>fa al caso tuo! Non c\u2019\u00e8 dubbio che questo <strong>Adesivo per porta Torii <\/strong>ti conquister\u00e0 grazie al nostro adesivo murale in vinile di alta qualit\u00e0. \u00c8 <strong>facile da applicare.<\/strong> Con questo adesivo, <strong>personalizzare i tuoi interni<\/strong> \u00e8 ora alla portata di tutti!<\/span><\/p>\n<p><span style=\"font-size: 11pt;\">Ogni <strong>decorazione murale<\/strong> \u00e8 indipendente e <strong>pu\u00f2 essere applicata separatamente<\/strong>. Hai quindi il massimo delle possibilit\u00e0 per la posa del tuo <strong>adesivo murale<\/strong>, quindi lascia parlare la tua anima da <strong>decoratore<\/strong>!<\/span><\/p>\n<h3><span style=\"font-size: 14pt;\"><strong>L\u2019adesivo per porta<\/strong><\/span><\/h3>\n<p><span style=\"font-size: 11pt;\">Vuoi uno stile unico per la decorazione delle tue porte? Allora questo <strong>Adesivo per porta Torii<\/strong> \u00e8 quello che fa per te! Non c\u2019\u00e8 dubbio che questo <strong>Adesivo per porta Torii<\/strong> ti soddisfer\u00e0. \u00c8 <strong>facile da applicare<\/strong>, un gioco da ragazzi!<\/span><\/p>\n<p><span style=\"font-size: 11pt;\">I nostri <strong>adesivi per porte<\/strong> vengono consegnati in un unico telo, cio\u00e8 in un unico pezzo. Risultato: nessun raccordo necessario per una posa facile! Utilizzando gli <a href=\"https:\/\/stickerdeco.fr\/it\/cat\/sticker-porta\/\"><strong>adesivi per porte<\/strong><\/a>, otterrai una decorazione <strong>originale<\/strong> e personalizzata nei tuoi interni. Sul negozio Sticker D\u00e9co sono disponibili molti stili e design. Che si tratti di un effetto 3D, di un <a href=\"https:\/\/stickerdeco.fr\/it\/tag\/adesivi-effetto-legno\/\">effetto legno<\/a> o di una porta in acciaio, la tua porta avr\u00e0 sicuramente uno straordinario effetto <a href=\"https:\/\/stickerdeco.fr\/it\/tag\/adesivi-trompe-loeil\/\"><strong>trompe l\u2019\u0153il<\/strong><\/a>.<\/span><\/p>\n<h3><span style=\"font-size: 14pt;\"><strong>Un adesivo di altissima qualit\u00e0<\/strong><\/span><\/h3>\n<p><span style=\"font-size: 11pt;\">Stampiamo infatti i nostri <strong>adesivi murali<\/strong> in quadricromia HQ su <strong>adesivo<\/strong> polimerico <strong>resistente<\/strong> con colla strutturata. Questa <strong>tecnologia all\u2019avanguardia<\/strong> garantisce una buona tenuta del <strong>vinile<\/strong> nel tempo (colla polimerica) e una <strong>posa senza bolle<\/strong> (colla strutturata). L\u2019<strong>adesivo<\/strong> resta comunque relativamente sottile, con <strong>uno spessore inferiore a 0,2 mm<\/strong> (180\u00b5m).<\/span><\/p>\n<h3><span style=\"font-size: 14pt;\"><strong>Come decorare la casa?<\/strong><\/span><br \/>\n<span style=\"font-size: 11pt;\">Ti piace questo <strong>Adesivo per porta Torii <\/strong>? Sei un fan della <strong>decorazione murale<\/strong> e vuoi coordinare i tuoi ambienti? Allora completa la tua decorazione d\u2019interni con i nostri <a href=\"\/?product_cat=sticker-salle-de-bains\"><strong>adesivi bagno<\/strong><\/a>, <a href=\"\/?product_cat=stickers-cuisine\"><strong>adesivi cucina<\/strong><\/a> e <a href=\"\/?product_cat=sticker-chambre\"><strong>adesivi camera da letto<\/strong><\/a>.<\/span>[\/vc_column_text][\/vc_column][\/vc_row]<\/p>\n<\/div>","protected":false},"excerpt":{"rendered":"<p>Viaggia nel Paese del Sol Levante con questo <strong>Adesivo per porta Torii<\/strong>. Questo magnifico trompe l\u2019oeil, ispirato ai portali tradizionali rosso vermiglione dei templi giapponesi, trasformer\u00e0 i tuoi interni!<\/p>\n<p>Invita in casa tua un colore deciso e uno stile unico e molto chic con questo <strong>adesivo trompe l\u2019oeil per porta<\/strong>.<\/p>\n<p><strong>Caratteristiche del prodotto:<\/strong><\/p>\n<ul class=\"product-short-desc-list\">\n<li>Adesivi per porte: applicazione facile e senza bolle<\/li>\n<li>Consegnato in un unico pezzo: nessun assemblaggio laborioso o incollaggio aggiuntivo<\/li>\n<li>Superficie laminata con finitura opaca: aspetto elegante, bassa riflessione e grande durata<\/li>\n<li>Adatto a superfici lisce (porte verniciate\/laminate, plastica, vetro, ecc.)<\/li>\n<li>Facile da pulire, lavabile e resistente agli schizzi<\/li>\n<li>Euroclasse B-s1,d0 (equiv. M1 in Francia)<\/li>\n<li>Stampa ecologica UL ECOLOGO\u00ae e UL GREENGUARD Gold: basse emissioni e senza odori, adatta ad ambienti interni sensibili<\/li>\n<\/ul>\n<p><span style=\"color: #d64444;\"><strong>Diverse misure disponibili per adattarsi a tutte le tue porte (su misura disponibile su richiesta).<\/strong><\/span><\/p>\n<hr \/>\n","protected":false},"featured_media":142737,"template":"","meta":[],"product_brand":[],"product_cat":[4615],"product_tag":[6800,6801,6803,6992,6806,6991,6804,6805,6980,5059,6802],"class_list":{"0":"post-142732","1":"product","2":"type-product","3":"status-publish","4":"has-post-thumbnail","6":"product_cat-sticker-porta","7":"product_tag-adesivi-per-porta-63-x-204-cm","8":"product_tag-adesivi-per-porta-73-x-204-cm","9":"product_tag-adesivi-per-porta-93-x-204-cm","10":"product_tag-adesivi-porta-bagno","11":"product_tag-adesivi-porta-chambre","12":"product_tag-adesivi-porta-colorata","13":"product_tag-adesivi-porta-cucina","14":"product_tag-adesivi-porta-salon","15":"product_tag-adesivi-porta-trompe-loeil","16":"product_tag-adesivi-trompe-loeil","17":"product_tag-stickers-porta-83-x-204-cm","19":"first","20":"instock","21":"sale","22":"taxable","23":"shipping-taxable","24":"purchasable","25":"product-type-variable"},"etheme_brands":{"errors":{"invalid_taxonomy":["Tassonomia non valida."]},"error_data":[]},"yoast_head":"<!-- This site is optimized with the Yoast SEO Premium plugin v27.3 (Yoast SEO v27.3) - https:\/\/yoast.com\/product\/yoast-seo-premium-wordpress\/ -->\n<title>Adesivo per porta Torii | Adesivi per porte | Stickerdeco.fr<\/title>\n<meta name=\"description\" content=\"Vuoi decorare la tua porta? Questo Adesivo per porta Torii fa al caso tuo! Scopri i nostri adesivi per porte in tante misure, realizzati in Francia.\" \/>\n<meta name=\"robots\" content=\"index, follow, max-snippet:-1, max-image-preview:large, max-video-preview:-1\" \/>\n<link rel=\"canonical\" href=\"https:\/\/stickerdeco.fr\/it\/produit\/adesivo-per-porta-torii\/\" \/>\n<meta property=\"og:locale\" content=\"it_IT\" \/>\n<meta property=\"og:type\" content=\"article\" \/>\n<meta property=\"og:title\" content=\"Adesivo per porta Torii\" \/>\n<meta property=\"og:description\" content=\"Vuoi decorare la tua porta? Questo Adesivo per porta Torii fa al caso tuo! Scopri i nostri adesivi per porte in tante misure, realizzati in Francia.\" \/>\n<meta property=\"og:url\" content=\"https:\/\/stickerdeco.fr\/it\/produit\/adesivo-per-porta-torii\/\" \/>\n<meta property=\"og:site_name\" content=\"Sticker Deco\" \/>\n<meta property=\"article:publisher\" content=\"https:\/\/www.facebook.com\/stickerdeco.fr\/\" \/>\n<meta property=\"article:modified_time\" content=\"2026-03-14T09:41:36+00:00\" \/>\n<meta property=\"og:image\" content=\"https:\/\/stickerdeco.fr\/wp-content\/uploads\/2021\/10\/sticker-porte-torii-01.jpg\" \/>\n\t<meta property=\"og:image:width\" content=\"1000\" \/>\n\t<meta property=\"og:image:height\" content=\"1000\" \/>\n\t<meta property=\"og:image:type\" content=\"image\/jpeg\" \/>\n<meta name=\"twitter:card\" content=\"summary_large_image\" \/>\n<meta name=\"twitter:label1\" content=\"Disponibilit\u00e0\" \/>\n\t<meta name=\"twitter:data1\" content=\"In stock\" \/>\n<script type=\"application\/ld+json\" class=\"yoast-schema-graph\">{\"@context\":\"https:\\\/\\\/schema.org\",\"@graph\":[{\"@type\":\"WebPage\",\"@id\":\"https:\\\/\\\/stickerdeco.fr\\\/it\\\/produit\\\/adesivo-per-porta-torii\\\/\",\"url\":\"https:\\\/\\\/stickerdeco.fr\\\/it\\\/produit\\\/adesivo-per-porta-torii\\\/\",\"name\":\"Adesivo per porta Torii | Adesivi per porte | Stickerdeco.fr\",\"isPartOf\":{\"@id\":\"https:\\\/\\\/stickerdeco.fr\\\/it\\\/#website\"},\"primaryImageOfPage\":{\"@id\":\"https:\\\/\\\/stickerdeco.fr\\\/it\\\/produit\\\/adesivo-per-porta-torii\\\/#primaryimage\"},\"image\":{\"@id\":\"https:\\\/\\\/stickerdeco.fr\\\/it\\\/produit\\\/adesivo-per-porta-torii\\\/#primaryimage\"},\"thumbnailUrl\":\"https:\\\/\\\/stickerdeco.fr\\\/wp-content\\\/uploads\\\/2021\\\/10\\\/sticker-porte-torii-01.jpg\",\"datePublished\":\"2021-10-19T08:24:42+00:00\",\"dateModified\":\"2026-03-14T09:41:36+00:00\",\"description\":\"Vuoi decorare la tua porta? Questo Adesivo per porta Torii fa al caso tuo! Scopri i nostri adesivi per porte in tante misure, realizzati in Francia.\",\"breadcrumb\":{\"@id\":\"https:\\\/\\\/stickerdeco.fr\\\/it\\\/produit\\\/adesivo-per-porta-torii\\\/#breadcrumb\"},\"inLanguage\":\"it-IT\",\"potentialAction\":[{\"@type\":\"ReadAction\",\"target\":[\"https:\\\/\\\/stickerdeco.fr\\\/it\\\/produit\\\/adesivo-per-porta-torii\\\/\"]}]},{\"@type\":\"ImageObject\",\"inLanguage\":\"it-IT\",\"@id\":\"https:\\\/\\\/stickerdeco.fr\\\/it\\\/produit\\\/adesivo-per-porta-torii\\\/#primaryimage\",\"url\":\"https:\\\/\\\/stickerdeco.fr\\\/wp-content\\\/uploads\\\/2021\\\/10\\\/sticker-porte-torii-01.jpg\",\"contentUrl\":\"https:\\\/\\\/stickerdeco.fr\\\/wp-content\\\/uploads\\\/2021\\\/10\\\/sticker-porte-torii-01.jpg\",\"width\":1000,\"height\":1000,\"caption\":\"Adesivo per porta Torii\"},{\"@type\":\"BreadcrumbList\",\"@id\":\"https:\\\/\\\/stickerdeco.fr\\\/it\\\/produit\\\/adesivo-per-porta-torii\\\/#breadcrumb\",\"itemListElement\":[{\"@type\":\"ListItem\",\"position\":1,\"name\":\"Accueil\",\"item\":\"https:\\\/\\\/stickerdeco.fr\\\/it\\\/\"},{\"@type\":\"ListItem\",\"position\":2,\"name\":\"Negozio\",\"item\":\"https:\\\/\\\/stickerdeco.fr\\\/boutique\\\/\"},{\"@type\":\"ListItem\",\"position\":3,\"name\":\"Adesivo per porta Torii\"}]},{\"@type\":\"WebSite\",\"@id\":\"https:\\\/\\\/stickerdeco.fr\\\/it\\\/#website\",\"url\":\"https:\\\/\\\/stickerdeco.fr\\\/it\\\/\",\"name\":\"Sticker Deco\",\"description\":\"Le Sticker Made In France\",\"publisher\":{\"@id\":\"https:\\\/\\\/stickerdeco.fr\\\/it\\\/#organization\"},\"potentialAction\":[{\"@type\":\"SearchAction\",\"target\":{\"@type\":\"EntryPoint\",\"urlTemplate\":\"https:\\\/\\\/stickerdeco.fr\\\/it\\\/?s={search_term_string}\"},\"query-input\":{\"@type\":\"PropertyValueSpecification\",\"valueRequired\":true,\"valueName\":\"search_term_string\"}}],\"inLanguage\":\"it-IT\"},{\"@type\":\"Organization\",\"@id\":\"https:\\\/\\\/stickerdeco.fr\\\/it\\\/#organization\",\"name\":\"Sticker D\u00e9co\",\"url\":\"https:\\\/\\\/stickerdeco.fr\\\/it\\\/\",\"logo\":{\"@type\":\"ImageObject\",\"inLanguage\":\"it-IT\",\"@id\":\"https:\\\/\\\/stickerdeco.fr\\\/it\\\/#\\\/schema\\\/logo\\\/image\\\/\",\"url\":\"https:\\\/\\\/stickerdeco.fr\\\/wp-content\\\/uploads\\\/1987\\\/05\\\/stickerdeco-logo-v2-carre.png\",\"contentUrl\":\"https:\\\/\\\/stickerdeco.fr\\\/wp-content\\\/uploads\\\/1987\\\/05\\\/stickerdeco-logo-v2-carre.png\",\"width\":1000,\"height\":1000,\"caption\":\"Sticker D\u00e9co\"},\"image\":{\"@id\":\"https:\\\/\\\/stickerdeco.fr\\\/it\\\/#\\\/schema\\\/logo\\\/image\\\/\"},\"sameAs\":[\"https:\\\/\\\/www.facebook.com\\\/stickerdeco.fr\\\/\",\"https:\\\/\\\/www.instagram.com\\\/stickerdecofr\\\/\",\"https:\\\/\\\/www.pinterest.fr\\\/stickerdecofr\\\/\",\"https:\\\/\\\/www.youtube.com\\\/StickerDeco\"],\"email\":\"contact@stickerdeco.fr\",\"telephone\":\"0980809233\",\"legalName\":\"Sticker D\u00e9co\"}]}<\/script>\n<meta property=\"og:availability\" content=\"instock\" \/>\n<meta property=\"product:availability\" content=\"instock\" \/>\n<meta property=\"product:condition\" content=\"new\" \/>\n<!-- \/ Yoast SEO Premium plugin. -->","yoast_head_json":{"title":"Adesivo per porta Torii | Adesivi per porte | Stickerdeco.fr","description":"Vuoi decorare la tua porta? Questo Adesivo per porta Torii fa al caso tuo! Scopri i nostri adesivi per porte in tante misure, realizzati in Francia.","robots":{"index":"index","follow":"follow","max-snippet":"max-snippet:-1","max-image-preview":"max-image-preview:large","max-video-preview":"max-video-preview:-1"},"canonical":"https:\/\/stickerdeco.fr\/it\/produit\/adesivo-per-porta-torii\/","og_locale":"it_IT","og_type":"article","og_title":"Adesivo per porta Torii","og_description":"Vuoi decorare la tua porta? Questo Adesivo per porta Torii fa al caso tuo! Scopri i nostri adesivi per porte in tante misure, realizzati in Francia.","og_url":"https:\/\/stickerdeco.fr\/it\/produit\/adesivo-per-porta-torii\/","og_site_name":"Sticker Deco","article_publisher":"https:\/\/www.facebook.com\/stickerdeco.fr\/","article_modified_time":"2026-03-14T09:41:36+00:00","og_image":[{"width":1000,"height":1000,"url":"https:\/\/stickerdeco.fr\/wp-content\/uploads\/2021\/10\/sticker-porte-torii-01.jpg","type":"image\/jpeg"}],"twitter_card":"summary_large_image","twitter_misc":{"Disponibilit\u00e0":"In stock"},"schema":{"@context":"https:\/\/schema.org","@graph":[{"@type":"WebPage","@id":"https:\/\/stickerdeco.fr\/it\/produit\/adesivo-per-porta-torii\/","url":"https:\/\/stickerdeco.fr\/it\/produit\/adesivo-per-porta-torii\/","name":"Adesivo per porta Torii | Adesivi per porte | Stickerdeco.fr","isPartOf":{"@id":"https:\/\/stickerdeco.fr\/it\/#website"},"primaryImageOfPage":{"@id":"https:\/\/stickerdeco.fr\/it\/produit\/adesivo-per-porta-torii\/#primaryimage"},"image":{"@id":"https:\/\/stickerdeco.fr\/it\/produit\/adesivo-per-porta-torii\/#primaryimage"},"thumbnailUrl":"https:\/\/stickerdeco.fr\/wp-content\/uploads\/2021\/10\/sticker-porte-torii-01.jpg","datePublished":"2021-10-19T08:24:42+00:00","dateModified":"2026-03-14T09:41:36+00:00","description":"Vuoi decorare la tua porta? Questo Adesivo per porta Torii fa al caso tuo! Scopri i nostri adesivi per porte in tante misure, realizzati in Francia.","breadcrumb":{"@id":"https:\/\/stickerdeco.fr\/it\/produit\/adesivo-per-porta-torii\/#breadcrumb"},"inLanguage":"it-IT","potentialAction":[{"@type":"ReadAction","target":["https:\/\/stickerdeco.fr\/it\/produit\/adesivo-per-porta-torii\/"]}]},{"@type":"ImageObject","inLanguage":"it-IT","@id":"https:\/\/stickerdeco.fr\/it\/produit\/adesivo-per-porta-torii\/#primaryimage","url":"https:\/\/stickerdeco.fr\/wp-content\/uploads\/2021\/10\/sticker-porte-torii-01.jpg","contentUrl":"https:\/\/stickerdeco.fr\/wp-content\/uploads\/2021\/10\/sticker-porte-torii-01.jpg","width":1000,"height":1000,"caption":"Adesivo per porta Torii"},{"@type":"BreadcrumbList","@id":"https:\/\/stickerdeco.fr\/it\/produit\/adesivo-per-porta-torii\/#breadcrumb","itemListElement":[{"@type":"ListItem","position":1,"name":"Accueil","item":"https:\/\/stickerdeco.fr\/it\/"},{"@type":"ListItem","position":2,"name":"Negozio","item":"https:\/\/stickerdeco.fr\/boutique\/"},{"@type":"ListItem","position":3,"name":"Adesivo per porta Torii"}]},{"@type":"WebSite","@id":"https:\/\/stickerdeco.fr\/it\/#website","url":"https:\/\/stickerdeco.fr\/it\/","name":"Sticker Deco","description":"Le Sticker Made In France","publisher":{"@id":"https:\/\/stickerdeco.fr\/it\/#organization"},"potentialAction":[{"@type":"SearchAction","target":{"@type":"EntryPoint","urlTemplate":"https:\/\/stickerdeco.fr\/it\/?s={search_term_string}"},"query-input":{"@type":"PropertyValueSpecification","valueRequired":true,"valueName":"search_term_string"}}],"inLanguage":"it-IT"},{"@type":"Organization","@id":"https:\/\/stickerdeco.fr\/it\/#organization","name":"Sticker D\u00e9co","url":"https:\/\/stickerdeco.fr\/it\/","logo":{"@type":"ImageObject","inLanguage":"it-IT","@id":"https:\/\/stickerdeco.fr\/it\/#\/schema\/logo\/image\/","url":"https:\/\/stickerdeco.fr\/wp-content\/uploads\/1987\/05\/stickerdeco-logo-v2-carre.png","contentUrl":"https:\/\/stickerdeco.fr\/wp-content\/uploads\/1987\/05\/stickerdeco-logo-v2-carre.png","width":1000,"height":1000,"caption":"Sticker D\u00e9co"},"image":{"@id":"https:\/\/stickerdeco.fr\/it\/#\/schema\/logo\/image\/"},"sameAs":["https:\/\/www.facebook.com\/stickerdeco.fr\/","https:\/\/www.instagram.com\/stickerdecofr\/","https:\/\/www.pinterest.fr\/stickerdecofr\/","https:\/\/www.youtube.com\/StickerDeco"],"email":"contact@stickerdeco.fr","telephone":"0980809233","legalName":"Sticker D\u00e9co"}]},"og_availability":"instock","product_availability":"instock","product_condition":"new"},"_links":{"self":[{"href":"https:\/\/stickerdeco.fr\/it\/wp-json\/wp\/v2\/product\/142732","targetHints":{"allow":["GET"]}}],"collection":[{"href":"https:\/\/stickerdeco.fr\/it\/wp-json\/wp\/v2\/product"}],"about":[{"href":"https:\/\/stickerdeco.fr\/it\/wp-json\/wp\/v2\/types\/product"}],"version-history":[{"count":1,"href":"https:\/\/stickerdeco.fr\/it\/wp-json\/wp\/v2\/product\/142732\/revisions"}],"predecessor-version":[{"id":142757,"href":"https:\/\/stickerdeco.fr\/it\/wp-json\/wp\/v2\/product\/142732\/revisions\/142757"}],"wp:featuredmedia":[{"embeddable":true,"href":"https:\/\/stickerdeco.fr\/it\/wp-json\/wp\/v2\/media\/142737"}],"wp:attachment":[{"href":"https:\/\/stickerdeco.fr\/it\/wp-json\/wp\/v2\/media?parent=142732"}],"wp:term":[{"taxonomy":"product_brand","embeddable":true,"href":"https:\/\/stickerdeco.fr\/it\/wp-json\/wp\/v2\/product_brand?post=142732"},{"taxonomy":"product_cat","embeddable":true,"href":"https:\/\/stickerdeco.fr\/it\/wp-json\/wp\/v2\/product_cat?post=142732"},{"taxonomy":"product_tag","embeddable":true,"href":"https:\/\/stickerdeco.fr\/it\/wp-json\/wp\/v2\/product_tag?post=142732"}],"curies":[{"name":"wp","href":"https:\/\/api.w.org\/{rel}","templated":true}]}}