{"id":143812,"date":"2022-10-25T15:37:12","date_gmt":"2022-10-25T13:37:12","guid":{"rendered":"https:\/\/stickerdeco.fr\/produit\/adesivi-per-porte-vino-di-bordeaux\/"},"modified":"2026-03-14T10:44:07","modified_gmt":"2026-03-14T09:44:07","slug":"adesivi-per-porte-vino-di-bordeaux","status":"publish","type":"product","link":"https:\/\/stickerdeco.fr\/it\/produit\/adesivi-per-porte-vino-di-bordeaux\/","title":{"rendered":"Adesivi per porte Vino di Bordeaux"},"content":{"rendered":"<div class=\"wpb-content-wrapper\"><p>[vc_row][vc_column][vc_column_text]<\/p>\n<h2><span style=\"font-size: 14pt;\"><strong>Adesivi per porte Vino di Bordeaux<\/strong><\/span><\/h2>\n<p><span style=\"font-size: 11pt;\">Vuoi cambiare la tua <strong>decorazione<\/strong> d\u2019interni? Allora questo magnifico <strong>Adesivi per porte Vino di Bordeaux<\/strong> fa per te! Non c\u2019\u00e8 dubbio che questo <strong>Adesivi per porte Vino di Bordeaux<\/strong> ti conquister\u00e0 grazie al nostro adesivo murale in vinile di alta qualit\u00e0. \u00c8 <strong>facile da applicare.<\/strong> Con questo adesivo, <strong>personalizzare i tuoi interni<\/strong> \u00e8 ora alla portata di tutti.<\/span><\/p>\n<p><span style=\"font-size: 11pt;\">Ogni elemento di <strong>decorazione murale<\/strong> \u00e8 indipendente e <strong>pu\u00f2 essere applicato separatamente<\/strong>. Hai quindi il massimo della libert\u00e0 per posare il tuo <strong>adesivo murale<\/strong>. Lascia parlare la tua anima da <strong>decoratore<\/strong>!<\/span><\/p>\n<h3><span style=\"font-size: 14pt;\"><strong>Adesivi per porte<\/strong><\/span><\/h3>\n<p><span style=\"font-size: 11pt;\">Vuoi dare uno stile unico alla decorazione delle tue porte? Allora questo <strong>Adesivi per porte Vino di Bordeaux<\/strong> \u00e8 perfetto per te! Non c\u2019\u00e8 dubbio che questo <strong>Adesivi per porte Vino di Bordeaux<\/strong> ti soddisfer\u00e0. \u00c8 <strong>facile da applicare<\/strong>, un vero gioco da ragazzi!<\/span><\/p>\n<p><span style=\"font-size: 11pt;\">I nostri <strong>adesivi per porte<\/strong> vengono consegnati in un unico pannello, cio\u00e8 in un solo pezzo. Risultato: nessun giunto necessario per una posa facile. Con gli <a href=\"https:\/\/stickerdeco.fr\/it\/cat\/sticker-porta\/\"><strong>adesivi per porte<\/strong><\/a>, otterrai una <strong>decorazione originale<\/strong> e personalizzata nella tua casa. Sullo shop Sticker D\u00e9co trovi tanti stili e design. Che si tratti di un effetto 3D, di un <a href=\"https:\/\/stickerdeco.fr\/it\/tag\/adesivi-effetto-legno\/\">effetto legno<\/a> o di una porta in acciaio, la tua porta avr\u00e0 sicuramente uno splendido effetto <a href=\"https:\/\/stickerdeco.fr\/it\/tag\/adesivi-trompe-loeil\/\"><strong>trompe-l\u2019\u0153il<\/strong><\/a>.<\/span><\/p>\n<h3><span style=\"font-size: 14pt;\"><strong>Un adesivo di altissima qualit\u00e0<\/strong><\/span><\/h3>\n<p><span style=\"font-size: 11pt;\">Stampiamo i nostri <strong>adesivi murali<\/strong> in quadricromia HQ su <strong>adesivo<\/strong> polimerico resistente con colla strutturata. Questa <strong>tecnologia all\u2019avanguardia<\/strong> garantisce una buona tenuta del <strong>vinile<\/strong> nel tempo (colla polimerica) e anche una <strong>posa senza bolle<\/strong> (colla strutturata). L\u2019<strong>adesivo<\/strong> rimane comunque relativamente sottile, con <strong>uno spessore inferiore a 0,2 mm<\/strong> (180\u00b5m).<\/span><\/p>\n<h3><span style=\"font-size: 14pt;\"><strong>Come decorare la propria casa?<\/strong><\/span><\/h3>\n<p><span style=\"font-size: 11pt;\">Ti piace questo <strong>Adesivi per porte Vino di Bordeaux<\/strong>? Sei appassionato di <strong>decorazione murale<\/strong> e vuoi abbinare le tue stanze? Allora completa la tua decorazione d\u2019interni con i nostri <a href=\"\/?product_cat=sticker-salle-de-bains\"><strong>Adesivi Bagno<\/strong><\/a>, <a href=\"\/?product_cat=sticker-salon\"><strong>Adesivi Salotto<\/strong><\/a>, <a href=\"https:\/\/stickerdeco.fr\/it\/cat\/sticker-murali\/sticker-cucina\/\"><strong>Adesivi Cucina<\/strong><\/a> o i nostri <a href=\"https:\/\/stickerdeco.fr\/it\/cat\/sticker-murali\/sticker-camera-adulti\/\"><strong>Adesivi Camera<\/strong><\/a>.<\/span><\/p>\n<h3><span style=\"font-size: 14pt;\"><strong><a href=\"https:\/\/www.stickerdeco.fr\/\">StickerDeco.fr<\/a> propone migliaia di prodotti!<\/strong><\/span><\/h3>\n<p>Realizzati nei nostri locali nell\u2019\u00cele-de-France, gli adesivi sono <strong>Made in France<\/strong>. Scegli il tuo tra categorie come:<\/p>\n<ul>\n<li class=\"active\"><a href=\"\/?product_cat=stickers-muraux-animaux\"><strong>Adesivi Animali<\/strong><\/a><\/li>\n<li><strong><a href=\"\/?product_cat=stickers-muraux-fleurs\">Adesivi Fiori<\/a><\/strong><\/li>\n<li><strong><a href=\"\/?product_cat=stickers-muraux-mangas-et-cartoons\">Adesivi Manga<\/a><\/strong> e molto altro ancora!<\/li>\n<\/ul>\n<p><span style=\"font-size: 14pt; color: #d64444;\"><strong>ADESIVO DI ALTISSIMA QUALIT\u00c0 = POSA FACILE, GARANTITA SENZA BOLLE<\/strong><\/span>[\/vc_column_text][\/vc_column][\/vc_row]<\/p>\n<\/div>","protected":false},"excerpt":{"rendered":"<p>Non serve essere enologi per apprezzare questo trompe-l\u2019\u0153il che rende omaggio al vino rosso di Bordeaux. Rinnova i tuoi interni con un <strong>Adesivi per porte Vino di Bordeaux.<\/strong><\/p>\n<p>Scopri sul nostro sito il modello di <strong>adesivi per porte<\/strong> che ti conquister\u00e0.<\/p>\n<p>Produzione francese.<\/p>\n","protected":false},"featured_media":143815,"template":"","meta":[],"product_brand":[],"product_cat":[4587,4615,4591],"product_tag":[5122,5123,6800,6801,6803,6992,6806,6804,6805,6980,7006,5121,5124,6802],"class_list":{"0":"post-143812","1":"product","2":"type-product","3":"status-publish","4":"has-post-thumbnail","6":"product_cat-sticker-camera-adulti","7":"product_cat-sticker-porta","8":"product_cat-sticker-soggiorno","9":"product_tag-adesivi-francia","10":"product_tag-adesivi-nos-regions","11":"product_tag-adesivi-per-porta-63-x-204-cm","12":"product_tag-adesivi-per-porta-73-x-204-cm","13":"product_tag-adesivi-per-porta-93-x-204-cm","14":"product_tag-adesivi-porta-bagno","15":"product_tag-adesivi-porta-chambre","16":"product_tag-adesivi-porta-cucina","17":"product_tag-adesivi-porta-salon","18":"product_tag-adesivi-porta-trompe-loeil","19":"product_tag-adesivi-regioni","20":"product_tag-adesivi-vin","21":"product_tag-promos","22":"product_tag-stickers-porta-83-x-204-cm","24":"first","25":"instock","26":"sale","27":"taxable","28":"shipping-taxable","29":"purchasable","30":"product-type-variable"},"etheme_brands":{"errors":{"invalid_taxonomy":["Tassonomia non valida."]},"error_data":[]},"yoast_head":"<!-- This site is optimized with the Yoast SEO Premium plugin v27.3 (Yoast SEO v27.3) - https:\/\/yoast.com\/product\/yoast-seo-premium-wordpress\/ -->\n<title>Adesivi per porte Vino di Bordeaux | Adesivi per porte | StickerDeco.fr<\/title>\n<meta name=\"description\" content=\"Questo adesivo per porte Vino di Bordeaux fa per te. Che tu sia esperto o alle prime armi, metti in risalto il vino di Bordeaux nella tua decorazione.\" \/>\n<meta name=\"robots\" content=\"index, follow, max-snippet:-1, max-image-preview:large, max-video-preview:-1\" \/>\n<link rel=\"canonical\" href=\"https:\/\/stickerdeco.fr\/it\/produit\/adesivi-per-porte-vino-di-bordeaux\/\" \/>\n<meta property=\"og:locale\" content=\"it_IT\" \/>\n<meta property=\"og:type\" content=\"article\" \/>\n<meta property=\"og:title\" content=\"Adesivi per porte Vino di Bordeaux\" \/>\n<meta property=\"og:description\" content=\"Questo adesivo per porte Vino di Bordeaux fa per te. Che tu sia esperto o alle prime armi, metti in risalto il vino di Bordeaux nella tua decorazione.\" \/>\n<meta property=\"og:url\" content=\"https:\/\/stickerdeco.fr\/it\/produit\/adesivi-per-porte-vino-di-bordeaux\/\" \/>\n<meta property=\"og:site_name\" content=\"Sticker Deco\" \/>\n<meta property=\"article:publisher\" content=\"https:\/\/www.facebook.com\/stickerdeco.fr\/\" \/>\n<meta property=\"article:modified_time\" content=\"2026-03-14T09:44:07+00:00\" \/>\n<meta property=\"og:image\" content=\"https:\/\/stickerdeco.fr\/wp-content\/uploads\/2022\/10\/sticker-porte-vin-de-bordeaux-04.jpg\" \/>\n\t<meta property=\"og:image:width\" content=\"1000\" \/>\n\t<meta property=\"og:image:height\" content=\"1000\" \/>\n\t<meta property=\"og:image:type\" content=\"image\/jpeg\" \/>\n<meta name=\"twitter:card\" content=\"summary_large_image\" \/>\n<meta name=\"twitter:label1\" content=\"Disponibilit\u00e0\" \/>\n\t<meta name=\"twitter:data1\" content=\"In stock\" \/>\n<script type=\"application\/ld+json\" class=\"yoast-schema-graph\">{\"@context\":\"https:\\\/\\\/schema.org\",\"@graph\":[{\"@type\":\"WebPage\",\"@id\":\"https:\\\/\\\/stickerdeco.fr\\\/it\\\/produit\\\/adesivi-per-porte-vino-di-bordeaux\\\/\",\"url\":\"https:\\\/\\\/stickerdeco.fr\\\/it\\\/produit\\\/adesivi-per-porte-vino-di-bordeaux\\\/\",\"name\":\"Adesivi per porte Vino di Bordeaux | Adesivi per porte | StickerDeco.fr\",\"isPartOf\":{\"@id\":\"https:\\\/\\\/stickerdeco.fr\\\/it\\\/#website\"},\"primaryImageOfPage\":{\"@id\":\"https:\\\/\\\/stickerdeco.fr\\\/it\\\/produit\\\/adesivi-per-porte-vino-di-bordeaux\\\/#primaryimage\"},\"image\":{\"@id\":\"https:\\\/\\\/stickerdeco.fr\\\/it\\\/produit\\\/adesivi-per-porte-vino-di-bordeaux\\\/#primaryimage\"},\"thumbnailUrl\":\"https:\\\/\\\/stickerdeco.fr\\\/wp-content\\\/uploads\\\/2022\\\/10\\\/sticker-porte-vin-de-bordeaux-04.jpg\",\"datePublished\":\"2022-10-25T13:37:12+00:00\",\"dateModified\":\"2026-03-14T09:44:07+00:00\",\"description\":\"Questo adesivo per porte Vino di Bordeaux fa per te. Che tu sia esperto o alle prime armi, metti in risalto il vino di Bordeaux nella tua decorazione.\",\"breadcrumb\":{\"@id\":\"https:\\\/\\\/stickerdeco.fr\\\/it\\\/produit\\\/adesivi-per-porte-vino-di-bordeaux\\\/#breadcrumb\"},\"inLanguage\":\"it-IT\",\"potentialAction\":[{\"@type\":\"ReadAction\",\"target\":[\"https:\\\/\\\/stickerdeco.fr\\\/it\\\/produit\\\/adesivi-per-porte-vino-di-bordeaux\\\/\"]}]},{\"@type\":\"ImageObject\",\"inLanguage\":\"it-IT\",\"@id\":\"https:\\\/\\\/stickerdeco.fr\\\/it\\\/produit\\\/adesivi-per-porte-vino-di-bordeaux\\\/#primaryimage\",\"url\":\"https:\\\/\\\/stickerdeco.fr\\\/wp-content\\\/uploads\\\/2022\\\/10\\\/sticker-porte-vin-de-bordeaux-04.jpg\",\"contentUrl\":\"https:\\\/\\\/stickerdeco.fr\\\/wp-content\\\/uploads\\\/2022\\\/10\\\/sticker-porte-vin-de-bordeaux-04.jpg\",\"width\":1000,\"height\":1000,\"caption\":\"adesivi per porte Vino di Bordeaux\"},{\"@type\":\"BreadcrumbList\",\"@id\":\"https:\\\/\\\/stickerdeco.fr\\\/it\\\/produit\\\/adesivi-per-porte-vino-di-bordeaux\\\/#breadcrumb\",\"itemListElement\":[{\"@type\":\"ListItem\",\"position\":1,\"name\":\"Accueil\",\"item\":\"https:\\\/\\\/stickerdeco.fr\\\/it\\\/\"},{\"@type\":\"ListItem\",\"position\":2,\"name\":\"Negozio\",\"item\":\"https:\\\/\\\/stickerdeco.fr\\\/boutique\\\/\"},{\"@type\":\"ListItem\",\"position\":3,\"name\":\"Adesivi per porte Vino di Bordeaux\"}]},{\"@type\":\"WebSite\",\"@id\":\"https:\\\/\\\/stickerdeco.fr\\\/it\\\/#website\",\"url\":\"https:\\\/\\\/stickerdeco.fr\\\/it\\\/\",\"name\":\"Sticker Deco\",\"description\":\"Le Sticker Made In France\",\"publisher\":{\"@id\":\"https:\\\/\\\/stickerdeco.fr\\\/it\\\/#organization\"},\"potentialAction\":[{\"@type\":\"SearchAction\",\"target\":{\"@type\":\"EntryPoint\",\"urlTemplate\":\"https:\\\/\\\/stickerdeco.fr\\\/it\\\/?s={search_term_string}\"},\"query-input\":{\"@type\":\"PropertyValueSpecification\",\"valueRequired\":true,\"valueName\":\"search_term_string\"}}],\"inLanguage\":\"it-IT\"},{\"@type\":\"Organization\",\"@id\":\"https:\\\/\\\/stickerdeco.fr\\\/it\\\/#organization\",\"name\":\"Sticker D\u00e9co\",\"url\":\"https:\\\/\\\/stickerdeco.fr\\\/it\\\/\",\"logo\":{\"@type\":\"ImageObject\",\"inLanguage\":\"it-IT\",\"@id\":\"https:\\\/\\\/stickerdeco.fr\\\/it\\\/#\\\/schema\\\/logo\\\/image\\\/\",\"url\":\"https:\\\/\\\/stickerdeco.fr\\\/wp-content\\\/uploads\\\/1987\\\/05\\\/stickerdeco-logo-v2-carre.png\",\"contentUrl\":\"https:\\\/\\\/stickerdeco.fr\\\/wp-content\\\/uploads\\\/1987\\\/05\\\/stickerdeco-logo-v2-carre.png\",\"width\":1000,\"height\":1000,\"caption\":\"Sticker D\u00e9co\"},\"image\":{\"@id\":\"https:\\\/\\\/stickerdeco.fr\\\/it\\\/#\\\/schema\\\/logo\\\/image\\\/\"},\"sameAs\":[\"https:\\\/\\\/www.facebook.com\\\/stickerdeco.fr\\\/\",\"https:\\\/\\\/www.instagram.com\\\/stickerdecofr\\\/\",\"https:\\\/\\\/www.pinterest.fr\\\/stickerdecofr\\\/\",\"https:\\\/\\\/www.youtube.com\\\/StickerDeco\"],\"email\":\"contact@stickerdeco.fr\",\"telephone\":\"0980809233\",\"legalName\":\"Sticker D\u00e9co\"}]}<\/script>\n<meta property=\"og:availability\" content=\"instock\" \/>\n<meta property=\"product:availability\" content=\"instock\" \/>\n<meta property=\"product:condition\" content=\"new\" \/>\n<!-- \/ Yoast SEO Premium plugin. -->","yoast_head_json":{"title":"Adesivi per porte Vino di Bordeaux | Adesivi per porte | StickerDeco.fr","description":"Questo adesivo per porte Vino di Bordeaux fa per te. Che tu sia esperto o alle prime armi, metti in risalto il vino di Bordeaux nella tua decorazione.","robots":{"index":"index","follow":"follow","max-snippet":"max-snippet:-1","max-image-preview":"max-image-preview:large","max-video-preview":"max-video-preview:-1"},"canonical":"https:\/\/stickerdeco.fr\/it\/produit\/adesivi-per-porte-vino-di-bordeaux\/","og_locale":"it_IT","og_type":"article","og_title":"Adesivi per porte Vino di Bordeaux","og_description":"Questo adesivo per porte Vino di Bordeaux fa per te. Che tu sia esperto o alle prime armi, metti in risalto il vino di Bordeaux nella tua decorazione.","og_url":"https:\/\/stickerdeco.fr\/it\/produit\/adesivi-per-porte-vino-di-bordeaux\/","og_site_name":"Sticker Deco","article_publisher":"https:\/\/www.facebook.com\/stickerdeco.fr\/","article_modified_time":"2026-03-14T09:44:07+00:00","og_image":[{"width":1000,"height":1000,"url":"https:\/\/stickerdeco.fr\/wp-content\/uploads\/2022\/10\/sticker-porte-vin-de-bordeaux-04.jpg","type":"image\/jpeg"}],"twitter_card":"summary_large_image","twitter_misc":{"Disponibilit\u00e0":"In stock"},"schema":{"@context":"https:\/\/schema.org","@graph":[{"@type":"WebPage","@id":"https:\/\/stickerdeco.fr\/it\/produit\/adesivi-per-porte-vino-di-bordeaux\/","url":"https:\/\/stickerdeco.fr\/it\/produit\/adesivi-per-porte-vino-di-bordeaux\/","name":"Adesivi per porte Vino di Bordeaux | Adesivi per porte | StickerDeco.fr","isPartOf":{"@id":"https:\/\/stickerdeco.fr\/it\/#website"},"primaryImageOfPage":{"@id":"https:\/\/stickerdeco.fr\/it\/produit\/adesivi-per-porte-vino-di-bordeaux\/#primaryimage"},"image":{"@id":"https:\/\/stickerdeco.fr\/it\/produit\/adesivi-per-porte-vino-di-bordeaux\/#primaryimage"},"thumbnailUrl":"https:\/\/stickerdeco.fr\/wp-content\/uploads\/2022\/10\/sticker-porte-vin-de-bordeaux-04.jpg","datePublished":"2022-10-25T13:37:12+00:00","dateModified":"2026-03-14T09:44:07+00:00","description":"Questo adesivo per porte Vino di Bordeaux fa per te. Che tu sia esperto o alle prime armi, metti in risalto il vino di Bordeaux nella tua decorazione.","breadcrumb":{"@id":"https:\/\/stickerdeco.fr\/it\/produit\/adesivi-per-porte-vino-di-bordeaux\/#breadcrumb"},"inLanguage":"it-IT","potentialAction":[{"@type":"ReadAction","target":["https:\/\/stickerdeco.fr\/it\/produit\/adesivi-per-porte-vino-di-bordeaux\/"]}]},{"@type":"ImageObject","inLanguage":"it-IT","@id":"https:\/\/stickerdeco.fr\/it\/produit\/adesivi-per-porte-vino-di-bordeaux\/#primaryimage","url":"https:\/\/stickerdeco.fr\/wp-content\/uploads\/2022\/10\/sticker-porte-vin-de-bordeaux-04.jpg","contentUrl":"https:\/\/stickerdeco.fr\/wp-content\/uploads\/2022\/10\/sticker-porte-vin-de-bordeaux-04.jpg","width":1000,"height":1000,"caption":"adesivi per porte Vino di Bordeaux"},{"@type":"BreadcrumbList","@id":"https:\/\/stickerdeco.fr\/it\/produit\/adesivi-per-porte-vino-di-bordeaux\/#breadcrumb","itemListElement":[{"@type":"ListItem","position":1,"name":"Accueil","item":"https:\/\/stickerdeco.fr\/it\/"},{"@type":"ListItem","position":2,"name":"Negozio","item":"https:\/\/stickerdeco.fr\/boutique\/"},{"@type":"ListItem","position":3,"name":"Adesivi per porte Vino di Bordeaux"}]},{"@type":"WebSite","@id":"https:\/\/stickerdeco.fr\/it\/#website","url":"https:\/\/stickerdeco.fr\/it\/","name":"Sticker Deco","description":"Le Sticker Made In France","publisher":{"@id":"https:\/\/stickerdeco.fr\/it\/#organization"},"potentialAction":[{"@type":"SearchAction","target":{"@type":"EntryPoint","urlTemplate":"https:\/\/stickerdeco.fr\/it\/?s={search_term_string}"},"query-input":{"@type":"PropertyValueSpecification","valueRequired":true,"valueName":"search_term_string"}}],"inLanguage":"it-IT"},{"@type":"Organization","@id":"https:\/\/stickerdeco.fr\/it\/#organization","name":"Sticker D\u00e9co","url":"https:\/\/stickerdeco.fr\/it\/","logo":{"@type":"ImageObject","inLanguage":"it-IT","@id":"https:\/\/stickerdeco.fr\/it\/#\/schema\/logo\/image\/","url":"https:\/\/stickerdeco.fr\/wp-content\/uploads\/1987\/05\/stickerdeco-logo-v2-carre.png","contentUrl":"https:\/\/stickerdeco.fr\/wp-content\/uploads\/1987\/05\/stickerdeco-logo-v2-carre.png","width":1000,"height":1000,"caption":"Sticker D\u00e9co"},"image":{"@id":"https:\/\/stickerdeco.fr\/it\/#\/schema\/logo\/image\/"},"sameAs":["https:\/\/www.facebook.com\/stickerdeco.fr\/","https:\/\/www.instagram.com\/stickerdecofr\/","https:\/\/www.pinterest.fr\/stickerdecofr\/","https:\/\/www.youtube.com\/StickerDeco"],"email":"contact@stickerdeco.fr","telephone":"0980809233","legalName":"Sticker D\u00e9co"}]},"og_availability":"instock","product_availability":"instock","product_condition":"new"},"_links":{"self":[{"href":"https:\/\/stickerdeco.fr\/it\/wp-json\/wp\/v2\/product\/143812","targetHints":{"allow":["GET"]}}],"collection":[{"href":"https:\/\/stickerdeco.fr\/it\/wp-json\/wp\/v2\/product"}],"about":[{"href":"https:\/\/stickerdeco.fr\/it\/wp-json\/wp\/v2\/types\/product"}],"version-history":[{"count":18,"href":"https:\/\/stickerdeco.fr\/it\/wp-json\/wp\/v2\/product\/143812\/revisions"}],"predecessor-version":[{"id":144056,"href":"https:\/\/stickerdeco.fr\/it\/wp-json\/wp\/v2\/product\/143812\/revisions\/144056"}],"wp:featuredmedia":[{"embeddable":true,"href":"https:\/\/stickerdeco.fr\/it\/wp-json\/wp\/v2\/media\/143815"}],"wp:attachment":[{"href":"https:\/\/stickerdeco.fr\/it\/wp-json\/wp\/v2\/media?parent=143812"}],"wp:term":[{"taxonomy":"product_brand","embeddable":true,"href":"https:\/\/stickerdeco.fr\/it\/wp-json\/wp\/v2\/product_brand?post=143812"},{"taxonomy":"product_cat","embeddable":true,"href":"https:\/\/stickerdeco.fr\/it\/wp-json\/wp\/v2\/product_cat?post=143812"},{"taxonomy":"product_tag","embeddable":true,"href":"https:\/\/stickerdeco.fr\/it\/wp-json\/wp\/v2\/product_tag?post=143812"}],"curies":[{"name":"wp","href":"https:\/\/api.w.org\/{rel}","templated":true}]}}