{"id":146658,"date":"2023-01-13T11:04:07","date_gmt":"2023-01-13T10:04:07","guid":{"rendered":"https:\/\/stickerdeco.fr\/produit\/sticker-porta-maison-carree\/"},"modified":"2026-03-15T08:33:22","modified_gmt":"2026-03-15T07:33:22","slug":"sticker-porta-maison-carree","status":"publish","type":"product","link":"https:\/\/stickerdeco.fr\/it\/produit\/sticker-porta-maison-carree\/","title":{"rendered":"Sticker Porta Maison Carr\u00e9e"},"content":{"rendered":"<div class=\"wpb-content-wrapper\"><p>[vc_row][vc_column][vc_column_text]<\/p>\n<h2><span style=\"font-size: 14pt;\"><strong>Sticker Porta Maison Carr\u00e9e<\/strong><\/span><\/h2>\n<p><span style=\"font-size: 11pt;\">Vuoi rinnovare la tua <strong>decorazione<\/strong> d\u2019interni? Allora questo magnifico <strong>Sticker Porta Maison Carr\u00e9e<\/strong> \u00e8 perfetto per te! Non c\u2019\u00e8 dubbio che questo <strong>Sticker Porta Maison Carr\u00e9e<\/strong> ti conquister\u00e0 grazie al nostro adesivo murale in vinile di alta qualit\u00e0. \u00c8 <strong>facile da applicare<\/strong>. Con questo sticker, <strong>personalizzare i tuoi interni<\/strong> \u00e8 ora alla portata di tutti!<\/span><\/p>\n<p><span style=\"font-size: 11pt;\">Ogni <strong>decorazione murale<\/strong> \u00e8 indipendente e <strong>pu\u00f2 essere applicata separatamente<\/strong>. Hai quindi il massimo della libert\u00e0 per la posa del tuo <strong>adesivo murale<\/strong>: lascia parlare la tua anima da <strong>decoratore<\/strong>!<\/span><\/p>\n<h3><span style=\"font-size: 14pt;\"><strong>Lo Sticker Porta<\/strong><\/span><\/h3>\n<p><span style=\"font-size: 11pt;\">Vuoi dare uno stile unico alle tue porte? Allora questo adesivo <strong>Sticker Porta Maison Carr\u00e9e<\/strong> \u00e8 fatto per te! Nessun dubbio: questo <strong>Sticker Porta Maison Carr\u00e9e<\/strong> ti soddisfer\u00e0. \u00c8 <strong>facile da applicare<\/strong>, un vero gioco da ragazzi!<\/span><\/p>\n<p><span style=\"font-size: 11pt;\">I nostri <strong>sticker porta<\/strong> vengono consegnati in un unico pannello, cio\u00e8 in un solo pezzo. Risultato: nessun raccordo necessario per un\u2019applicazione facile! Con gli <a href=\"https:\/\/stickerdeco.fr\/it\/cat\/sticker-porta\/\"><strong>sticker per porta<\/strong><\/a> otterrai una <strong>decorazione originale<\/strong> e personalizzata per i tuoi interni. Sul negozio Sticker D\u00e9co sono disponibili molti stili e design. Che si tratti di un effetto 3D, di un <a href=\"https:\/\/stickerdeco.fr\/it\/tag\/adesivi-effetto-legno\/\">effetto legno<\/a> o di una porta in acciaio, la tua porta avr\u00e0 senza dubbio un sorprendente effetto <a href=\"https:\/\/stickerdeco.fr\/it\/tag\/adesivi-trompe-loeil\/\"><strong>trompe-l\u2019\u0153il<\/strong><\/a>.<\/span><\/p>\n<h3><span style=\"font-size: 14pt;\"><strong>Uno sticker di altissima qualit\u00e0<\/strong><\/span><\/h3>\n<p><span style=\"font-size: 11pt;\">Stampiamo i nostri <strong>adesivi murali<\/strong> in quadricromia HQ su <strong>adesivo<\/strong> polimerico <strong>resistente<\/strong> con colla strutturata. Questa tecnologia <strong>all\u2019avanguardia<\/strong> garantisce un\u2019eccellente tenuta del <strong>vinile<\/strong> nel tempo (colla polimerica) e una <strong>posa senza bolle<\/strong> (colla strutturata). L\u2019<strong>adesivo<\/strong> resta comunque relativamente sottile, con <strong>uno spessore inferiore a 0,2 mm<\/strong> (180 \u00b5m).<\/span><\/p>\n<h3><span style=\"font-size: 14pt;\"><strong>Come decorare la propria casa?<\/strong><\/span><\/h3>\n<p><span style=\"font-size: 11pt;\">Ti piace questo <strong>Sticker Porta Maison Carr\u00e9e<\/strong>? Sei appassionato di <strong>decorazione murale<\/strong> e vuoi coordinare i tuoi ambienti? Allora completa la tua decorazione d\u2019interni con i nostri <a href=\"\/?product_cat=sticker-salle-de-bains\"><strong>Sticker Bagno<\/strong><\/a>, <a href=\"\/?product_cat=sticker-salon\"><strong>Sticker Soggiorno<\/strong><\/a>, <a href=\"https:\/\/stickerdeco.fr\/it\/cat\/sticker-murali\/sticker-cucina\/\"><strong>Sticker Cucina<\/strong><\/a> o ancora con i nostri <a href=\"https:\/\/stickerdeco.fr\/it\/cat\/sticker-murali\/sticker-camera-adulti\/\"><strong>Sticker Camera<\/strong><\/a>.<\/span><\/p>\n<h3><span style=\"font-size: 14pt;\"><strong><a href=\"https:\/\/www.stickerdeco.fr\/\">StickerDeco.fr<\/a> significa migliaia di prodotti!<\/strong><\/span><\/h3>\n<p>Realizzati nei nostri locali dell\u2019\u00cele-de-France, i nostri sticker sono stampati <strong>Made in France<\/strong>. Scegli il tuo tra categorie come:<\/p>\n<ul>\n<li class=\"active\"><a href=\"\/?product_cat=stickers-muraux-animaux\"><strong>Sticker Animali<\/strong><\/a><\/li>\n<li><strong><a href=\"\/?product_cat=stickers-muraux-fleurs\">Sticker Fiori<\/a><\/strong><\/li>\n<li><strong><a href=\"\/?product_cat=stickers-muraux-mangas-et-cartoons\">Sticker Manga<\/a><\/strong> e molto altro ancora!<\/li>\n<\/ul>\n<p><span style=\"font-size: 14pt; color: #d64444;\"><strong>ADESIVO DI ALTISSIMA QUALIT\u00c0 = APPLICAZIONE FACILE, GARANZIA SENZA BOLLE<\/strong><\/span>[\/vc_column_text][\/vc_column][\/vc_row]<\/p>\n<\/div>","protected":false},"excerpt":{"rendered":"<p>Non c\u2019\u00e8 bisogno di partire nel Gard per vacanza o per lavoro: il Gard viene da te. Rinnova i tuoi interni con uno <strong>Sticker Porta Maison Carr\u00e9e<\/strong><\/p>\n<p>Scopri sul nostro sito il modello di <strong>sticker per porta<\/strong> che ti conquister\u00e0!<\/p>\n<p>Made in France.<\/p>\n<p><strong>Caratteristiche del prodotto:<\/strong><\/p>\n<ul class=\"product-short-desc-list\">\n<li>Adesivi per porte: applicazione facile e senza bolle<\/li>\n<li>Consegnato in un unico pezzo: nessun assemblaggio laborioso o incollaggio aggiuntivo<\/li>\n<li>Superficie laminata con finitura opaca: aspetto elegante, bassa riflessione e grande durata<\/li>\n<li>Adatto a superfici lisce (porte verniciate\/laminate, plastica, vetro, ecc.)<\/li>\n<li>Facile da pulire, lavabile e resistente agli schizzi<\/li>\n<li>Euroclasse B-s1,d0 (equiv. M1 in Francia)<\/li>\n<li>Stampa ecologica UL ECOLOGO\u00ae e UL GREENGUARD Gold: basse emissioni e senza odori, adatta ad ambienti interni sensibili<\/li>\n<\/ul>\n<p><span style=\"color: #d64444;\"><strong>Diverse dimensioni disponibili per adattarsi a tutte le tue porte (su misura disponibile su richiesta).<\/strong><\/span><\/p>\n<hr \/>\n","protected":false},"featured_media":146659,"template":"","meta":[],"product_brand":[],"product_cat":[4587,4615,4591],"product_tag":[5122,5123,6800,6801,6803,6992,6806,6804,6805,6980,7006,6802],"class_list":{"0":"post-146658","1":"product","2":"type-product","3":"status-publish","4":"has-post-thumbnail","6":"product_cat-sticker-camera-adulti","7":"product_cat-sticker-porta","8":"product_cat-sticker-soggiorno","9":"product_tag-adesivi-francia","10":"product_tag-adesivi-nos-regions","11":"product_tag-adesivi-per-porta-63-x-204-cm","12":"product_tag-adesivi-per-porta-73-x-204-cm","13":"product_tag-adesivi-per-porta-93-x-204-cm","14":"product_tag-adesivi-porta-bagno","15":"product_tag-adesivi-porta-chambre","16":"product_tag-adesivi-porta-cucina","17":"product_tag-adesivi-porta-salon","18":"product_tag-adesivi-porta-trompe-loeil","19":"product_tag-adesivi-regioni","20":"product_tag-stickers-porta-83-x-204-cm","22":"first","23":"instock","24":"sale","25":"taxable","26":"shipping-taxable","27":"purchasable","28":"product-type-variable"},"etheme_brands":{"errors":{"invalid_taxonomy":["Tassonomia non valida."]},"error_data":[]},"yoast_head":"<!-- This site is optimized with the Yoast SEO Premium plugin v27.3 (Yoast SEO v27.3) - https:\/\/yoast.com\/product\/yoast-seo-premium-wordpress\/ -->\n<title>Sticker Porta Maison Carr\u00e9e | Sticker Porta | Stickerdeco.fr<\/title>\n<meta name=\"description\" content=\"Questo Sticker Porta Maison Carr\u00e9e \u00e8 perfetto per te! Goditi l\u2019architettura di questo monumento simbolo del Gard e della sua regione.\" \/>\n<meta name=\"robots\" content=\"index, follow, max-snippet:-1, max-image-preview:large, max-video-preview:-1\" \/>\n<link rel=\"canonical\" href=\"https:\/\/stickerdeco.fr\/it\/produit\/sticker-porta-maison-carree\/\" \/>\n<meta property=\"og:locale\" content=\"it_IT\" \/>\n<meta property=\"og:type\" content=\"article\" \/>\n<meta property=\"og:title\" content=\"Sticker Porta Maison Carr\u00e9e\" \/>\n<meta property=\"og:description\" content=\"Questo Sticker Porta Maison Carr\u00e9e \u00e8 perfetto per te! Goditi l\u2019architettura di questo monumento simbolo del Gard e della sua regione.\" \/>\n<meta property=\"og:url\" content=\"https:\/\/stickerdeco.fr\/it\/produit\/sticker-porta-maison-carree\/\" \/>\n<meta property=\"og:site_name\" content=\"Sticker Deco\" \/>\n<meta property=\"article:publisher\" content=\"https:\/\/www.facebook.com\/stickerdeco.fr\/\" \/>\n<meta property=\"article:modified_time\" content=\"2026-03-15T07:33:22+00:00\" \/>\n<meta property=\"og:image\" content=\"https:\/\/stickerdeco.fr\/wp-content\/uploads\/2023\/01\/sticker-porte-maison-carree-00.jpg\" \/>\n\t<meta property=\"og:image:width\" content=\"1000\" \/>\n\t<meta property=\"og:image:height\" content=\"1000\" \/>\n\t<meta property=\"og:image:type\" content=\"image\/jpeg\" \/>\n<meta name=\"twitter:card\" content=\"summary_large_image\" \/>\n<meta name=\"twitter:label1\" content=\"Disponibilit\u00e0\" \/>\n\t<meta name=\"twitter:data1\" content=\"In stock\" \/>\n<script type=\"application\/ld+json\" class=\"yoast-schema-graph\">{\"@context\":\"https:\\\/\\\/schema.org\",\"@graph\":[{\"@type\":\"WebPage\",\"@id\":\"https:\\\/\\\/stickerdeco.fr\\\/it\\\/produit\\\/sticker-porta-maison-carree\\\/\",\"url\":\"https:\\\/\\\/stickerdeco.fr\\\/it\\\/produit\\\/sticker-porta-maison-carree\\\/\",\"name\":\"Sticker Porta Maison Carr\u00e9e | Sticker Porta | Stickerdeco.fr\",\"isPartOf\":{\"@id\":\"https:\\\/\\\/stickerdeco.fr\\\/it\\\/#website\"},\"primaryImageOfPage\":{\"@id\":\"https:\\\/\\\/stickerdeco.fr\\\/it\\\/produit\\\/sticker-porta-maison-carree\\\/#primaryimage\"},\"image\":{\"@id\":\"https:\\\/\\\/stickerdeco.fr\\\/it\\\/produit\\\/sticker-porta-maison-carree\\\/#primaryimage\"},\"thumbnailUrl\":\"https:\\\/\\\/stickerdeco.fr\\\/wp-content\\\/uploads\\\/2023\\\/01\\\/sticker-porte-maison-carree-00.jpg\",\"datePublished\":\"2023-01-13T10:04:07+00:00\",\"dateModified\":\"2026-03-15T07:33:22+00:00\",\"description\":\"Questo Sticker Porta Maison Carr\u00e9e \u00e8 perfetto per te! Goditi l\u2019architettura di questo monumento simbolo del Gard e della sua regione.\",\"breadcrumb\":{\"@id\":\"https:\\\/\\\/stickerdeco.fr\\\/it\\\/produit\\\/sticker-porta-maison-carree\\\/#breadcrumb\"},\"inLanguage\":\"it-IT\",\"potentialAction\":[{\"@type\":\"ReadAction\",\"target\":[\"https:\\\/\\\/stickerdeco.fr\\\/it\\\/produit\\\/sticker-porta-maison-carree\\\/\"]}]},{\"@type\":\"ImageObject\",\"inLanguage\":\"it-IT\",\"@id\":\"https:\\\/\\\/stickerdeco.fr\\\/it\\\/produit\\\/sticker-porta-maison-carree\\\/#primaryimage\",\"url\":\"https:\\\/\\\/stickerdeco.fr\\\/wp-content\\\/uploads\\\/2023\\\/01\\\/sticker-porte-maison-carree-00.jpg\",\"contentUrl\":\"https:\\\/\\\/stickerdeco.fr\\\/wp-content\\\/uploads\\\/2023\\\/01\\\/sticker-porte-maison-carree-00.jpg\",\"width\":1000,\"height\":1000,\"caption\":\"Sticker Porta Maison Carr\u00e9e\"},{\"@type\":\"BreadcrumbList\",\"@id\":\"https:\\\/\\\/stickerdeco.fr\\\/it\\\/produit\\\/sticker-porta-maison-carree\\\/#breadcrumb\",\"itemListElement\":[{\"@type\":\"ListItem\",\"position\":1,\"name\":\"Accueil\",\"item\":\"https:\\\/\\\/stickerdeco.fr\\\/it\\\/\"},{\"@type\":\"ListItem\",\"position\":2,\"name\":\"Negozio\",\"item\":\"https:\\\/\\\/stickerdeco.fr\\\/boutique\\\/\"},{\"@type\":\"ListItem\",\"position\":3,\"name\":\"Sticker Porta Maison Carr\u00e9e\"}]},{\"@type\":\"WebSite\",\"@id\":\"https:\\\/\\\/stickerdeco.fr\\\/it\\\/#website\",\"url\":\"https:\\\/\\\/stickerdeco.fr\\\/it\\\/\",\"name\":\"Sticker Deco\",\"description\":\"Le Sticker Made In France\",\"publisher\":{\"@id\":\"https:\\\/\\\/stickerdeco.fr\\\/it\\\/#organization\"},\"potentialAction\":[{\"@type\":\"SearchAction\",\"target\":{\"@type\":\"EntryPoint\",\"urlTemplate\":\"https:\\\/\\\/stickerdeco.fr\\\/it\\\/?s={search_term_string}\"},\"query-input\":{\"@type\":\"PropertyValueSpecification\",\"valueRequired\":true,\"valueName\":\"search_term_string\"}}],\"inLanguage\":\"it-IT\"},{\"@type\":\"Organization\",\"@id\":\"https:\\\/\\\/stickerdeco.fr\\\/it\\\/#organization\",\"name\":\"Sticker D\u00e9co\",\"url\":\"https:\\\/\\\/stickerdeco.fr\\\/it\\\/\",\"logo\":{\"@type\":\"ImageObject\",\"inLanguage\":\"it-IT\",\"@id\":\"https:\\\/\\\/stickerdeco.fr\\\/it\\\/#\\\/schema\\\/logo\\\/image\\\/\",\"url\":\"https:\\\/\\\/stickerdeco.fr\\\/wp-content\\\/uploads\\\/1987\\\/05\\\/stickerdeco-logo-v2-carre.png\",\"contentUrl\":\"https:\\\/\\\/stickerdeco.fr\\\/wp-content\\\/uploads\\\/1987\\\/05\\\/stickerdeco-logo-v2-carre.png\",\"width\":1000,\"height\":1000,\"caption\":\"Sticker D\u00e9co\"},\"image\":{\"@id\":\"https:\\\/\\\/stickerdeco.fr\\\/it\\\/#\\\/schema\\\/logo\\\/image\\\/\"},\"sameAs\":[\"https:\\\/\\\/www.facebook.com\\\/stickerdeco.fr\\\/\",\"https:\\\/\\\/www.instagram.com\\\/stickerdecofr\\\/\",\"https:\\\/\\\/www.pinterest.fr\\\/stickerdecofr\\\/\",\"https:\\\/\\\/www.youtube.com\\\/StickerDeco\"],\"email\":\"contact@stickerdeco.fr\",\"telephone\":\"0980809233\",\"legalName\":\"Sticker D\u00e9co\"}]}<\/script>\n<meta property=\"og:availability\" content=\"instock\" \/>\n<meta property=\"product:availability\" content=\"instock\" \/>\n<meta property=\"product:condition\" content=\"new\" \/>\n<!-- \/ Yoast SEO Premium plugin. -->","yoast_head_json":{"title":"Sticker Porta Maison Carr\u00e9e | Sticker Porta | Stickerdeco.fr","description":"Questo Sticker Porta Maison Carr\u00e9e \u00e8 perfetto per te! Goditi l\u2019architettura di questo monumento simbolo del Gard e della sua regione.","robots":{"index":"index","follow":"follow","max-snippet":"max-snippet:-1","max-image-preview":"max-image-preview:large","max-video-preview":"max-video-preview:-1"},"canonical":"https:\/\/stickerdeco.fr\/it\/produit\/sticker-porta-maison-carree\/","og_locale":"it_IT","og_type":"article","og_title":"Sticker Porta Maison Carr\u00e9e","og_description":"Questo Sticker Porta Maison Carr\u00e9e \u00e8 perfetto per te! Goditi l\u2019architettura di questo monumento simbolo del Gard e della sua regione.","og_url":"https:\/\/stickerdeco.fr\/it\/produit\/sticker-porta-maison-carree\/","og_site_name":"Sticker Deco","article_publisher":"https:\/\/www.facebook.com\/stickerdeco.fr\/","article_modified_time":"2026-03-15T07:33:22+00:00","og_image":[{"width":1000,"height":1000,"url":"https:\/\/stickerdeco.fr\/wp-content\/uploads\/2023\/01\/sticker-porte-maison-carree-00.jpg","type":"image\/jpeg"}],"twitter_card":"summary_large_image","twitter_misc":{"Disponibilit\u00e0":"In stock"},"schema":{"@context":"https:\/\/schema.org","@graph":[{"@type":"WebPage","@id":"https:\/\/stickerdeco.fr\/it\/produit\/sticker-porta-maison-carree\/","url":"https:\/\/stickerdeco.fr\/it\/produit\/sticker-porta-maison-carree\/","name":"Sticker Porta Maison Carr\u00e9e | Sticker Porta | Stickerdeco.fr","isPartOf":{"@id":"https:\/\/stickerdeco.fr\/it\/#website"},"primaryImageOfPage":{"@id":"https:\/\/stickerdeco.fr\/it\/produit\/sticker-porta-maison-carree\/#primaryimage"},"image":{"@id":"https:\/\/stickerdeco.fr\/it\/produit\/sticker-porta-maison-carree\/#primaryimage"},"thumbnailUrl":"https:\/\/stickerdeco.fr\/wp-content\/uploads\/2023\/01\/sticker-porte-maison-carree-00.jpg","datePublished":"2023-01-13T10:04:07+00:00","dateModified":"2026-03-15T07:33:22+00:00","description":"Questo Sticker Porta Maison Carr\u00e9e \u00e8 perfetto per te! Goditi l\u2019architettura di questo monumento simbolo del Gard e della sua regione.","breadcrumb":{"@id":"https:\/\/stickerdeco.fr\/it\/produit\/sticker-porta-maison-carree\/#breadcrumb"},"inLanguage":"it-IT","potentialAction":[{"@type":"ReadAction","target":["https:\/\/stickerdeco.fr\/it\/produit\/sticker-porta-maison-carree\/"]}]},{"@type":"ImageObject","inLanguage":"it-IT","@id":"https:\/\/stickerdeco.fr\/it\/produit\/sticker-porta-maison-carree\/#primaryimage","url":"https:\/\/stickerdeco.fr\/wp-content\/uploads\/2023\/01\/sticker-porte-maison-carree-00.jpg","contentUrl":"https:\/\/stickerdeco.fr\/wp-content\/uploads\/2023\/01\/sticker-porte-maison-carree-00.jpg","width":1000,"height":1000,"caption":"Sticker Porta Maison Carr\u00e9e"},{"@type":"BreadcrumbList","@id":"https:\/\/stickerdeco.fr\/it\/produit\/sticker-porta-maison-carree\/#breadcrumb","itemListElement":[{"@type":"ListItem","position":1,"name":"Accueil","item":"https:\/\/stickerdeco.fr\/it\/"},{"@type":"ListItem","position":2,"name":"Negozio","item":"https:\/\/stickerdeco.fr\/boutique\/"},{"@type":"ListItem","position":3,"name":"Sticker Porta Maison Carr\u00e9e"}]},{"@type":"WebSite","@id":"https:\/\/stickerdeco.fr\/it\/#website","url":"https:\/\/stickerdeco.fr\/it\/","name":"Sticker Deco","description":"Le Sticker Made In France","publisher":{"@id":"https:\/\/stickerdeco.fr\/it\/#organization"},"potentialAction":[{"@type":"SearchAction","target":{"@type":"EntryPoint","urlTemplate":"https:\/\/stickerdeco.fr\/it\/?s={search_term_string}"},"query-input":{"@type":"PropertyValueSpecification","valueRequired":true,"valueName":"search_term_string"}}],"inLanguage":"it-IT"},{"@type":"Organization","@id":"https:\/\/stickerdeco.fr\/it\/#organization","name":"Sticker D\u00e9co","url":"https:\/\/stickerdeco.fr\/it\/","logo":{"@type":"ImageObject","inLanguage":"it-IT","@id":"https:\/\/stickerdeco.fr\/it\/#\/schema\/logo\/image\/","url":"https:\/\/stickerdeco.fr\/wp-content\/uploads\/1987\/05\/stickerdeco-logo-v2-carre.png","contentUrl":"https:\/\/stickerdeco.fr\/wp-content\/uploads\/1987\/05\/stickerdeco-logo-v2-carre.png","width":1000,"height":1000,"caption":"Sticker D\u00e9co"},"image":{"@id":"https:\/\/stickerdeco.fr\/it\/#\/schema\/logo\/image\/"},"sameAs":["https:\/\/www.facebook.com\/stickerdeco.fr\/","https:\/\/www.instagram.com\/stickerdecofr\/","https:\/\/www.pinterest.fr\/stickerdecofr\/","https:\/\/www.youtube.com\/StickerDeco"],"email":"contact@stickerdeco.fr","telephone":"0980809233","legalName":"Sticker D\u00e9co"}]},"og_availability":"instock","product_availability":"instock","product_condition":"new"},"_links":{"self":[{"href":"https:\/\/stickerdeco.fr\/it\/wp-json\/wp\/v2\/product\/146658","targetHints":{"allow":["GET"]}}],"collection":[{"href":"https:\/\/stickerdeco.fr\/it\/wp-json\/wp\/v2\/product"}],"about":[{"href":"https:\/\/stickerdeco.fr\/it\/wp-json\/wp\/v2\/types\/product"}],"version-history":[{"count":3,"href":"https:\/\/stickerdeco.fr\/it\/wp-json\/wp\/v2\/product\/146658\/revisions"}],"predecessor-version":[{"id":147105,"href":"https:\/\/stickerdeco.fr\/it\/wp-json\/wp\/v2\/product\/146658\/revisions\/147105"}],"wp:featuredmedia":[{"embeddable":true,"href":"https:\/\/stickerdeco.fr\/it\/wp-json\/wp\/v2\/media\/146659"}],"wp:attachment":[{"href":"https:\/\/stickerdeco.fr\/it\/wp-json\/wp\/v2\/media?parent=146658"}],"wp:term":[{"taxonomy":"product_brand","embeddable":true,"href":"https:\/\/stickerdeco.fr\/it\/wp-json\/wp\/v2\/product_brand?post=146658"},{"taxonomy":"product_cat","embeddable":true,"href":"https:\/\/stickerdeco.fr\/it\/wp-json\/wp\/v2\/product_cat?post=146658"},{"taxonomy":"product_tag","embeddable":true,"href":"https:\/\/stickerdeco.fr\/it\/wp-json\/wp\/v2\/product_tag?post=146658"}],"curies":[{"name":"wp","href":"https:\/\/api.w.org\/{rel}","templated":true}]}}